{"id":8749,"date":"2024-10-22T00:37:06","date_gmt":"2024-10-21T22:37:06","guid":{"rendered":"https:\/\/tmg.hu\/?post_type=product&#038;p=8749"},"modified":"2026-02-02T12:00:37","modified_gmt":"2026-02-02T11:00:37","slug":"%d0%bb%d1%8e%d0%b4%d1%81%d1%8c%d0%ba%d0%b8%d0%b9-%d0%b4%d1%83%d1%85-%d1%86%d0%b5-%d1%88%d0%b0%d0%bd%d1%81-%d0%b4%d0%bb%d1%8f-%d1%82%d0%b5%d1%80%d0%bc%d1%96%d1%82%d1%96%d0%b2-2","status":"publish","type":"product","link":"https:\/\/tmg.hu\/uk\/%d0%ba%d1%96%d0%bc%d0%bd%d0%b0%d1%82%d0%b8\/%d0%bb%d1%8e%d0%b4%d1%81%d1%8c%d0%ba%d0%b8%d0%b9-%d0%b4%d1%83%d1%85-%d1%86%d0%b5-%d1%88%d0%b0%d0%bd%d1%81-%d0%b4%d0%bb%d1%8f-%d1%82%d0%b5%d1%80%d0%bc%d1%96%d1%82%d1%96%d0%b2-2\/","title":{"rendered":"\u041a\u0456\u043d\u0435\u0446\u044c \u043b\u044e\u0434\u0438\u043d\u0438, \u0448\u0430\u043d\u0441 \u043f\u0440\u0438\u0440\u043e\u0434\u0438"},"content":{"rendered":"<h3>\u041d\u0430\u0448\u0435 \u043c\u0456\u0441\u0446\u0435 \u0432 \u0435\u043a\u043e\u0441\u0438\u0441\u0442\u0435\u043c\u0456 \u0417\u0435\u043c\u043b\u0456<\/h3>\n<p>\u041d\u0430 \u043a\u043e\u043d\u0443 \u0432\u0438\u0436\u0438\u0432\u0430\u043d\u043d\u044f \u043b\u044e\u0434\u0441\u0442\u0432\u0430. \u0410\u043b\u0435 \u0449\u043e \u0440\u043e\u0431\u0438\u0442\u0438, \u043a\u043e\u043b\u0438 \u0433\u043b\u043e\u0431\u0430\u043b\u044c\u043d\u0430 \u0441\u0438\u0441\u0442\u0435\u043c\u0430, \u043f\u043e\u0431\u0443\u0434\u043e\u0432\u0430\u043d\u0430 \u043b\u044e\u0434\u0438\u043d\u043e\u044e, \u0437\u0430\u0433\u0440\u043e\u0436\u0443\u0454 \u0457\u0457 \u0432\u043b\u0430\u0441\u043d\u043e\u043c\u0443 \u0432\u0438\u0436\u0438\u0432\u0430\u043d\u043d\u044e \u0456 \u0440\u0456\u0432\u043d\u043e\u0432\u0430\u0437\u0456 \u043f\u0440\u0438\u0440\u043e\u0434\u0438? \u0429\u043e\u0431 \u0437\u043c\u0456\u043d\u0438\u0442\u0438 \u0446\u0435, \u043d\u0435\u043e\u0431\u0445\u0456\u0434\u043d\u043e \u0442\u0435\u0440\u043c\u0456\u043d\u043e\u0432\u043e \u043c\u043e\u0431\u0456\u043b\u0456\u0437\u0443\u0432\u0430\u0442\u0438 \u043a\u0456\u043b\u044c\u043a\u0430 \u043d\u0430\u0443\u043a\u043e\u0432\u0438\u0445 \u0434\u0438\u0441\u0446\u0438\u043f\u043b\u0456\u043d. \u041c\u0438 \u043f\u043e\u0432\u0438\u043d\u043d\u0456 \u0434\u0456\u044f\u0442\u0438, \u0449\u043e\u0431 \u0434\u043e\u0441\u044f\u0433\u0442\u0438 \u0440\u0435\u0430\u043b\u044c\u043d\u0438\u0445 \u0437\u043c\u0456\u043d \u0443 \u0440\u043e\u0437\u043f\u0430\u043b \u0435\u043a\u043e\u043b\u043e\u0433\u0456\u0447\u043d\u043e\u0457 \u043a\u0440\u0438\u0437\u0438.<\/p>\n<p>\u0424\u0435\u0440\u0435\u043d\u0446 \u0419\u043e\u0440\u0434\u0430\u043d, \u0431\u0456\u043e\u043b\u043e\u0433, \u044f\u043a\u0438\u0439 \u0437\u0430\u0439\u043c\u0430\u0454\u0442\u044c\u0441\u044f \u043c\u0435\u0440\u0435\u0436\u0435\u0432\u0438\u043c\u0438 \u0434\u043e\u0441\u043b\u0456\u0434\u0436\u0435\u043d\u043d\u044f\u043c\u0438, \u043e\u0431\u0440\u0430\u0432 \u043d\u0430\u0443\u043a\u043e\u0432\u0443 \u043f\u0440\u043e\u043f\u0430\u0433\u0430\u043d\u0434\u0443 \u044f\u043a \u043f\u0440\u0435\u0434\u043c\u0435\u0442 \u0441\u0432\u043e\u0454\u0457 \u0440\u043e\u0431\u043e\u0442\u0438, \u0456 \u0432\u0456\u043d \u0454 \u043c\u0430\u0439\u0441\u0442\u0440\u043e\u043c \u0443 \u0446\u044c\u043e\u043c\u0443. \u0412\u0456\u043d \u0440\u043e\u0437\u043f\u043e\u0432\u0456\u0434\u0430\u0454 \u0447\u0438\u0442\u0430\u0447\u0435\u0432\u0456 \u043f\u0440\u043e \u0442\u0435, \u0449\u043e \u0439\u043e\u043c\u0443 \u043d\u0435 \u0445\u043e\u0447\u0435\u0442\u044c\u0441\u044f \u0447\u0443\u0442\u0438, \u0437\u0430\u043b\u0438\u0448\u0430\u044e\u0447\u0438\u0441\u044c \u043f\u0440\u0438 \u0446\u044c\u043e\u043c\u0443 \u043f\u0440\u043e\u0444\u0435\u0441\u0456\u0439\u043d\u0438\u043c \u0456 \u0443\u043d\u0438\u043a\u0430\u044e\u0447\u0438 \u043d\u0430\u0443\u043a\u043e\u0432\u043e\u0457 \u043f\u0438\u0445\u0430\u0442\u043e\u0441\u0442\u0456. \u0419\u043e\u0433\u043e \u043a\u043d\u0438\u0433\u0430 \u043f\u0456\u0434\u0441\u0443\u043c\u043e\u0432\u0443\u0454 \u0433\u0440\u0456\u0445\u0438 \u043c\u0438\u043d\u0443\u043b\u043e\u0433\u043e, \u043f\u0440\u043e\u0431\u043b\u0435\u043c\u0438 \u0441\u044c\u043e\u0433\u043e\u0434\u0435\u043d\u043d\u044f \u0456 \u043f\u0435\u0440\u0441\u043f\u0435\u043a\u0442\u0438\u0432\u0438 \u043c\u0430\u0439\u0431\u0443\u0442\u043d\u044c\u043e\u0433\u043e.<\/p>","protected":false},"excerpt":{"rendered":"<p>\u041f\u0456\u0441\u043b\u044f \u0440\u0435\u0430\u043b\u0456\u0441\u0442\u0438\u0447\u043d\u043e\u0457 \u043e\u0446\u0456\u043d\u043a\u0438 \u0441\u0438\u0442\u0443\u0430\u0446\u0456\u0457 \u0441\u043c\u0456\u043b\u0438\u0432\u0456 \u0437\u0430\u044f\u0432\u0438 \u043f\u043e\u0432\u043d\u0456\u0441\u0442\u044e \u0432\u0438\u043f\u0440\u0430\u0432\u0434\u043e\u0432\u0443\u044e\u0442\u044c \u0441\u0435\u0431\u0435: \u043f\u0438\u0442\u0430\u043d\u043d\u044f \u0432\u0436\u0435 \u043d\u0435 \u0432 \u0442\u043e\u043c\u0443, \u0447\u0438 \u0437\u043c\u0435\u043d\u0448\u0443\u044e\u0442\u044c\u0441\u044f \u0442\u0435\u043c\u043f\u0438 \u043f\u0440\u0438\u0440\u043e\u0441\u0442\u0443 \u043d\u0430\u0441\u0435\u043b\u0435\u043d\u043d\u044f, \u0430 \u0432 \u0442\u043e\u043c\u0443, \u044f\u043a \u043c\u0430\u0442\u0438 \u043d\u0430\u0431\u0430\u0433\u0430\u0442\u043e \u043c\u0435\u043d\u0448\u0435; \u0435\u043a\u043e\u043d\u043e\u043c\u0456\u0447\u043d\u0430 \u043c\u043e\u0434\u0435\u043b\u044c \u043d\u0435\u0437\u0440\u043e\u0441\u0442\u0430\u043d\u043d\u044f \u043d\u0435\u043e\u0431\u0445\u0456\u0434\u043d\u0430 \u0456 \u043d\u0430\u0433\u0430\u043b\u044c\u043d\u0430; \u0430\u043d\u0442\u0440\u043e\u043f\u043e\u0446\u0435\u043d\u0442\u0440\u0438\u0447\u043d\u0435 \u043f\u0430\u043d\u0443\u0432\u0430\u043d\u043d\u044f \u043d\u0430\u0434 \u043f\u0440\u0438\u0440\u043e\u0434\u043e\u044e - \u043d\u0430\u0448\u0430 \u043f\u043e\u0433\u0438\u0431\u0435\u043b\u044c.<\/p>\n<p>\u0424\u0435\u0440\u0435\u043d\u0446 \u0419\u043e\u0440\u0434\u0430\u043d \u043d\u0435 \u043f\u0435\u0440\u0435\u0439\u043c\u0430\u0454\u0442\u044c\u0441\u044f \u0430\u043d\u0456 \u043f\u0430\u0442\u0435\u0442\u0438\u043a\u043e\u044e, \u0430\u043d\u0456 \u0437\u0430\u0441\u043f\u043e\u043a\u043e\u0454\u043d\u043d\u044f\u043c \u0447\u0438\u0442\u0430\u0447\u0430. \u0412\u0456\u043d \u043d\u0435 \u043f\u0435\u0440\u0435\u0431\u0456\u043b\u044c\u0448\u0443\u0454 \u0456 \u043d\u0435 \u0440\u0435\u043b\u044f\u0442\u0438\u0432\u0456\u0437\u0443\u0454 \u0437\u043d\u0430\u0447\u0435\u043d\u043d\u044f \u043e\u043f\u0438\u0441\u0430\u043d\u0438\u0445 \u043f\u0440\u043e\u0446\u0435\u0441\u0456\u0432. \u0412\u0456\u043d \u043d\u0435 \u0437\u043d\u0430\u0454 \u0436\u043e\u0434\u043d\u0438\u0445 \u0442\u0430\u0431\u0443 - \u043d\u0456 \u043c\u043e\u0440\u0430\u043b\u044c\u043d\u0438\u0445, \u043d\u0456 \u043f\u043e\u043b\u0456\u0442\u0438\u0447\u043d\u0438\u0445, \u043d\u0456 \u043d\u0430\u0443\u043a\u043e\u0432\u0438\u0445. \u0412\u0456\u043d \u0433\u043e\u0432\u043e\u0440\u0438\u0442\u044c \u0441\u043c\u0456\u043b\u0438\u0432\u043e, \u0430 \u0446\u0435 \u0441\u0430\u043c\u0435 \u0442\u0430 \u0441\u043c\u0456\u043b\u0438\u0432\u0456\u0441\u0442\u044c, \u044f\u043a\u043e\u0457 \u043c\u0438 \u043f\u043e\u0442\u0440\u0435\u0431\u0443\u0454\u043c\u043e.<\/p>","protected":false},"featured_media":8791,"template":"","meta":[],"product_brand":[],"product_cat":[69],"product_tag":[],"class_list":{"0":"post-8749","1":"product","2":"type-product","3":"status-publish","4":"has-post-thumbnail","6":"product_cat-konyvek","8":"first","9":"instock","10":"taxable","11":"shipping-taxable","12":"purchasable","13":"product-type-simple"},"bundled_by":[],"bundle_stock_status":"instock","bundle_stock_quantity":36,"bundle_virtual":false,"bundle_layout":"","bundle_add_to_cart_form_location":"","bundle_editable_in_cart":false,"bundle_sold_individually_context":"","bundle_item_grouping":"","bundle_min_size":"","bundle_max_size":"","bundle_price":[],"bundled_items":[],"bundle_sell_ids":[],"yoast_head":"<!-- This site is optimized with the Yoast SEO plugin v26.6 - https:\/\/yoast.com\/wordpress\/plugins\/seo\/ -->\n<title>Az ember v\u00e9ge, a term\u00e9szet es\u00e9lye - Talajmeg\u00faj\u00edt\u00f3 Gazd\u00e1k Egyes\u00fclete<\/title>\n<meta name=\"robots\" content=\"index, follow, max-snippet:-1, max-image-preview:large, max-video-preview:-1\" \/>\n<link rel=\"canonical\" href=\"https:\/\/tmg.hu\/uk\/\u043a\u0456\u043c\u043d\u0430\u0442\u0438\/\u043b\u044e\u0434\u0441\u044c\u043a\u0438\u0439-\u0434\u0443\u0445-\u0446\u0435-\u0448\u0430\u043d\u0441-\u0434\u043b\u044f-\u0442\u0435\u0440\u043c\u0456\u0442\u0456\u0432-2\/\" \/>\n<meta property=\"og:locale\" content=\"uk_UA\" \/>\n<meta property=\"og:type\" content=\"article\" \/>\n<meta property=\"og:title\" content=\"Az ember v\u00e9ge, a term\u00e9szet es\u00e9lye - Talajmeg\u00faj\u00edt\u00f3 Gazd\u00e1k Egyes\u00fclete\" \/>\n<meta property=\"og:description\" content=\"A helyzet re\u00e1lis \u00e9rt\u00e9kel\u00e9se ut\u00e1n teljes m\u00e9rt\u00e9kben indokoltak a mer\u00e9sznek hangz\u00f3 meg\u00e1llap\u00edt\u00e1sok: ma m\u00e1r nem az a k\u00e9rd\u00e9s, hogy cs\u00f6kken-e a n\u00e9pess\u00e9gn\u00f6veked\u00e9s \u00fcteme, hanem hogy hogyan lehetn\u00e9nk sokkal kevesebben; a nemn\u00f6veked\u00e9s mint gazdas\u00e1gi modell sz\u00fcks\u00e9gszer\u0171 \u00e9s s\u00fcrg\u0151s; a term\u00e9szet antropocentrikus ural\u00e1sa a veszt\u00fcnket okozza.  Jord\u00e1n Ferenc sem patetikus v\u00e9szharangkongat\u00e1ssal, sem az olvas\u00f3 megnyugtat\u00e1s\u00e1val nem foglalkozik. Nem t\u00faloz, \u00e9s nem relativiz\u00e1lja a bemutatott folyamatok jelent\u0151s\u00e9g\u00e9t. Semmif\u00e9le tabut nem ismer, se mor\u00e1lisat, se politikait, se tudom\u00e1nyosat. B\u00e1tran besz\u00e9l, \u00e9s erre a b\u00e1tors\u00e1gra van sz\u00fcks\u00e9g\u00fcnk.\" \/>\n<meta property=\"og:url\" content=\"https:\/\/tmg.hu\/uk\/\u043a\u0456\u043c\u043d\u0430\u0442\u0438\/\u043b\u044e\u0434\u0441\u044c\u043a\u0438\u0439-\u0434\u0443\u0445-\u0446\u0435-\u0448\u0430\u043d\u0441-\u0434\u043b\u044f-\u0442\u0435\u0440\u043c\u0456\u0442\u0456\u0432-2\/\" \/>\n<meta property=\"og:site_name\" content=\"Talajmeg\u00faj\u00edt\u00f3 Gazd\u00e1k Egyes\u00fclete\" \/>\n<meta property=\"article:publisher\" content=\"https:\/\/www.facebook.com\/tmg.egyesulet\/\" \/>\n<meta property=\"article:modified_time\" content=\"2026-02-02T11:00:37+00:00\" \/>\n<meta property=\"og:image\" content=\"https:\/\/tmg.hu\/wp-content\/uploads\/2024\/10\/az-ember-vege.jpg\" \/>\n\t<meta property=\"og:image:width\" content=\"742\" \/>\n\t<meta property=\"og:image:height\" content=\"1042\" \/>\n\t<meta property=\"og:image:type\" content=\"image\/jpeg\" \/>\n<meta name=\"twitter:card\" content=\"summary_large_image\" \/>\n<meta name=\"twitter:label1\" content=\"\u041f\u0440\u0438\u0431\u043b. \u0447\u0430\u0441 \u0447\u0438\u0442\u0430\u043d\u043d\u044f\" \/>\n\t<meta name=\"twitter:data1\" content=\"1 \u0445\u0432\u0438\u043b\u0438\u043d\u0430\" \/>\n<script type=\"application\/ld+json\" class=\"yoast-schema-graph\">{\"@context\":\"https:\/\/schema.org\",\"@graph\":[{\"@type\":\"WebPage\",\"@id\":\"https:\/\/tmg.hu\/termek\/az-ember-vege-a-termeszet-eselye\/\",\"url\":\"https:\/\/tmg.hu\/termek\/az-ember-vege-a-termeszet-eselye\/\",\"name\":\"Az ember v\u00e9ge, a term\u00e9szet es\u00e9lye - Talajmeg\u00faj\u00edt\u00f3 Gazd\u00e1k Egyes\u00fclete\",\"isPartOf\":{\"@id\":\"https:\/\/tmg.hu\/#website\"},\"primaryImageOfPage\":{\"@id\":\"https:\/\/tmg.hu\/termek\/az-ember-vege-a-termeszet-eselye\/#primaryimage\"},\"image\":{\"@id\":\"https:\/\/tmg.hu\/termek\/az-ember-vege-a-termeszet-eselye\/#primaryimage\"},\"thumbnailUrl\":\"https:\/\/tmg.hu\/wp-content\/uploads\/2024\/10\/az-ember-vege.jpg\",\"datePublished\":\"2024-10-21T22:37:06+00:00\",\"dateModified\":\"2026-02-02T11:00:37+00:00\",\"breadcrumb\":{\"@id\":\"https:\/\/tmg.hu\/termek\/az-ember-vege-a-termeszet-eselye\/#breadcrumb\"},\"inLanguage\":\"uk\",\"potentialAction\":[{\"@type\":\"ReadAction\",\"target\":[\"https:\/\/tmg.hu\/termek\/az-ember-vege-a-termeszet-eselye\/\"]}]},{\"@type\":\"ImageObject\",\"inLanguage\":\"uk\",\"@id\":\"https:\/\/tmg.hu\/termek\/az-ember-vege-a-termeszet-eselye\/#primaryimage\",\"url\":\"https:\/\/tmg.hu\/wp-content\/uploads\/2024\/10\/az-ember-vege.jpg\",\"contentUrl\":\"https:\/\/tmg.hu\/wp-content\/uploads\/2024\/10\/az-ember-vege.jpg\",\"width\":742,\"height\":1042},{\"@type\":\"BreadcrumbList\",\"@id\":\"https:\/\/tmg.hu\/termek\/az-ember-vege-a-termeszet-eselye\/#breadcrumb\",\"itemListElement\":[{\"@type\":\"ListItem\",\"position\":1,\"name\":\"Home\",\"item\":\"https:\/\/tmg.hu\/\"},{\"@type\":\"ListItem\",\"position\":2,\"name\":\"Webshop\",\"item\":\"https:\/\/tmg.hu\/webshop\/\"},{\"@type\":\"ListItem\",\"position\":3,\"name\":\"Az ember v\u00e9ge, a term\u00e9szet es\u00e9lye\"}]},{\"@type\":\"WebSite\",\"@id\":\"https:\/\/tmg.hu\/#website\",\"url\":\"https:\/\/tmg.hu\/\",\"name\":\"TMG - Talajmeg\u00faj\u00edt\u00f3 Gazd\u00e1k Egyes\u00fclete\",\"description\":\"Talajmeg\u00faj\u00edt\u00f3 Gazd\u00e1k Egyes\u00fclete\",\"publisher\":{\"@id\":\"https:\/\/tmg.hu\/#organization\"},\"potentialAction\":[{\"@type\":\"SearchAction\",\"target\":{\"@type\":\"EntryPoint\",\"urlTemplate\":\"https:\/\/tmg.hu\/?s={search_term_string}\"},\"query-input\":{\"@type\":\"PropertyValueSpecification\",\"valueRequired\":true,\"valueName\":\"search_term_string\"}}],\"inLanguage\":\"uk\"},{\"@type\":\"Organization\",\"@id\":\"https:\/\/tmg.hu\/#organization\",\"name\":\"Talajmeg\u00faj\u00edt\u00f3 Gazd\u00e1k Egyes\u00fclete\",\"url\":\"https:\/\/tmg.hu\/\",\"logo\":{\"@type\":\"ImageObject\",\"inLanguage\":\"uk\",\"@id\":\"https:\/\/tmg.hu\/#\/schema\/logo\/image\/\",\"url\":\"https:\/\/tmg.hu\/wp-content\/uploads\/2024\/10\/tmg_og_logo.png\",\"contentUrl\":\"https:\/\/tmg.hu\/wp-content\/uploads\/2024\/10\/tmg_og_logo.png\",\"width\":1200,\"height\":630,\"caption\":\"Talajmeg\u00faj\u00edt\u00f3 Gazd\u00e1k Egyes\u00fclete\"},\"image\":{\"@id\":\"https:\/\/tmg.hu\/#\/schema\/logo\/image\/\"},\"sameAs\":[\"https:\/\/www.facebook.com\/tmg.egyesulet\/\",\"https:\/\/www.instagram.com\/tmg.hu\/\",\"https:\/\/www.youtube.com\/@tmg_egyesulet\"]}]}<\/script>\n<!-- \/ Yoast SEO plugin. -->","yoast_head_json":{"title":"\u041a\u0456\u043d\u0435\u0446\u044c \u043b\u044e\u0434\u0438\u043d\u0438, \u0448\u0430\u043d\u0441 \u043f\u0440\u0438\u0440\u043e\u0434\u0438 - \u0410\u0441\u043e\u0446\u0456\u0430\u0446\u0456\u044f \u0444\u0435\u0440\u043c\u0435\u0440\u0456\u0432 \u0437 \u0432\u0456\u0434\u043d\u043e\u0432\u043b\u0435\u043d\u043d\u044f \u0491\u0440\u0443\u043d\u0442\u0456\u0432","robots":{"index":"index","follow":"follow","max-snippet":"max-snippet:-1","max-image-preview":"max-image-preview:large","max-video-preview":"max-video-preview:-1"},"canonical":"https:\/\/tmg.hu\/uk\/\u043a\u0456\u043c\u043d\u0430\u0442\u0438\/\u043b\u044e\u0434\u0441\u044c\u043a\u0438\u0439-\u0434\u0443\u0445-\u0446\u0435-\u0448\u0430\u043d\u0441-\u0434\u043b\u044f-\u0442\u0435\u0440\u043c\u0456\u0442\u0456\u0432-2\/","og_locale":"uk_UA","og_type":"article","og_title":"Az ember v\u00e9ge, a term\u00e9szet es\u00e9lye - Talajmeg\u00faj\u00edt\u00f3 Gazd\u00e1k Egyes\u00fclete","og_description":"A helyzet re\u00e1lis \u00e9rt\u00e9kel\u00e9se ut\u00e1n teljes m\u00e9rt\u00e9kben indokoltak a mer\u00e9sznek hangz\u00f3 meg\u00e1llap\u00edt\u00e1sok: ma m\u00e1r nem az a k\u00e9rd\u00e9s, hogy cs\u00f6kken-e a n\u00e9pess\u00e9gn\u00f6veked\u00e9s \u00fcteme, hanem hogy hogyan lehetn\u00e9nk sokkal kevesebben; a nemn\u00f6veked\u00e9s mint gazdas\u00e1gi modell sz\u00fcks\u00e9gszer\u0171 \u00e9s s\u00fcrg\u0151s; a term\u00e9szet antropocentrikus ural\u00e1sa a veszt\u00fcnket okozza.  Jord\u00e1n Ferenc sem patetikus v\u00e9szharangkongat\u00e1ssal, sem az olvas\u00f3 megnyugtat\u00e1s\u00e1val nem foglalkozik. Nem t\u00faloz, \u00e9s nem relativiz\u00e1lja a bemutatott folyamatok jelent\u0151s\u00e9g\u00e9t. Semmif\u00e9le tabut nem ismer, se mor\u00e1lisat, se politikait, se tudom\u00e1nyosat. B\u00e1tran besz\u00e9l, \u00e9s erre a b\u00e1tors\u00e1gra van sz\u00fcks\u00e9g\u00fcnk.","og_url":"https:\/\/tmg.hu\/uk\/\u043a\u0456\u043c\u043d\u0430\u0442\u0438\/\u043b\u044e\u0434\u0441\u044c\u043a\u0438\u0439-\u0434\u0443\u0445-\u0446\u0435-\u0448\u0430\u043d\u0441-\u0434\u043b\u044f-\u0442\u0435\u0440\u043c\u0456\u0442\u0456\u0432-2\/","og_site_name":"Talajmeg\u00faj\u00edt\u00f3 Gazd\u00e1k Egyes\u00fclete","article_publisher":"https:\/\/www.facebook.com\/tmg.egyesulet\/","article_modified_time":"2026-02-02T11:00:37+00:00","og_image":[{"width":742,"height":1042,"url":"https:\/\/tmg.hu\/wp-content\/uploads\/2024\/10\/az-ember-vege.jpg","type":"image\/jpeg"}],"twitter_card":"summary_large_image","twitter_misc":{"\u041f\u0440\u0438\u0431\u043b. \u0447\u0430\u0441 \u0447\u0438\u0442\u0430\u043d\u043d\u044f":"1 \u0445\u0432\u0438\u043b\u0438\u043d\u0430"},"schema":{"@context":"https:\/\/schema.org","@graph":[{"@type":"WebPage","@id":"https:\/\/tmg.hu\/termek\/az-ember-vege-a-termeszet-eselye\/","url":"https:\/\/tmg.hu\/termek\/az-ember-vege-a-termeszet-eselye\/","name":"\u041a\u0456\u043d\u0435\u0446\u044c \u043b\u044e\u0434\u0438\u043d\u0438, \u0448\u0430\u043d\u0441 \u043f\u0440\u0438\u0440\u043e\u0434\u0438 - \u0410\u0441\u043e\u0446\u0456\u0430\u0446\u0456\u044f \u0444\u0435\u0440\u043c\u0435\u0440\u0456\u0432 \u0437 \u0432\u0456\u0434\u043d\u043e\u0432\u043b\u0435\u043d\u043d\u044f \u0491\u0440\u0443\u043d\u0442\u0456\u0432","isPartOf":{"@id":"https:\/\/tmg.hu\/#website"},"primaryImageOfPage":{"@id":"https:\/\/tmg.hu\/termek\/az-ember-vege-a-termeszet-eselye\/#primaryimage"},"image":{"@id":"https:\/\/tmg.hu\/termek\/az-ember-vege-a-termeszet-eselye\/#primaryimage"},"thumbnailUrl":"https:\/\/tmg.hu\/wp-content\/uploads\/2024\/10\/az-ember-vege.jpg","datePublished":"2024-10-21T22:37:06+00:00","dateModified":"2026-02-02T11:00:37+00:00","breadcrumb":{"@id":"https:\/\/tmg.hu\/termek\/az-ember-vege-a-termeszet-eselye\/#breadcrumb"},"inLanguage":"uk","potentialAction":[{"@type":"ReadAction","target":["https:\/\/tmg.hu\/termek\/az-ember-vege-a-termeszet-eselye\/"]}]},{"@type":"ImageObject","inLanguage":"uk","@id":"https:\/\/tmg.hu\/termek\/az-ember-vege-a-termeszet-eselye\/#primaryimage","url":"https:\/\/tmg.hu\/wp-content\/uploads\/2024\/10\/az-ember-vege.jpg","contentUrl":"https:\/\/tmg.hu\/wp-content\/uploads\/2024\/10\/az-ember-vege.jpg","width":742,"height":1042},{"@type":"BreadcrumbList","@id":"https:\/\/tmg.hu\/termek\/az-ember-vege-a-termeszet-eselye\/#breadcrumb","itemListElement":[{"@type":"ListItem","position":1,"name":"Home","item":"https:\/\/tmg.hu\/"},{"@type":"ListItem","position":2,"name":"Webshop","item":"https:\/\/tmg.hu\/webshop\/"},{"@type":"ListItem","position":3,"name":"Az ember v\u00e9ge, a term\u00e9szet es\u00e9lye"}]},{"@type":"WebSite","@id":"https:\/\/tmg.hu\/#website","url":"https:\/\/tmg.hu\/","name":"TMG - \u0410\u0441\u043e\u0446\u0456\u0430\u0446\u0456\u044f \u0444\u0435\u0440\u043c\u0435\u0440\u0456\u0432 \u0437 \u0432\u0456\u0434\u043d\u043e\u0432\u043b\u0435\u043d\u043d\u044f \u0491\u0440\u0443\u043d\u0442\u0456\u0432","description":"\u0410\u0441\u043e\u0446\u0456\u0430\u0446\u0456\u044f \u0444\u0435\u0440\u043c\u0435\u0440\u0456\u0432 \u0437 \u0432\u0456\u0434\u043d\u043e\u0432\u043b\u0435\u043d\u043d\u044f \u0491\u0440\u0443\u043d\u0442\u0456\u0432","publisher":{"@id":"https:\/\/tmg.hu\/#organization"},"potentialAction":[{"@type":"SearchAction","target":{"@type":"EntryPoint","urlTemplate":"https:\/\/tmg.hu\/?s={search_term_string}"},"query-input":{"@type":"PropertyValueSpecification","valueRequired":true,"valueName":"search_term_string"}}],"inLanguage":"uk"},{"@type":"Organization","@id":"https:\/\/tmg.hu\/#organization","name":"\u0410\u0441\u043e\u0446\u0456\u0430\u0446\u0456\u044f \u0444\u0435\u0440\u043c\u0435\u0440\u0456\u0432 \u0437 \u0432\u0456\u0434\u043d\u043e\u0432\u043b\u0435\u043d\u043d\u044f \u0491\u0440\u0443\u043d\u0442\u0456\u0432","url":"https:\/\/tmg.hu\/","logo":{"@type":"ImageObject","inLanguage":"uk","@id":"https:\/\/tmg.hu\/#\/schema\/logo\/image\/","url":"https:\/\/tmg.hu\/wp-content\/uploads\/2024\/10\/tmg_og_logo.png","contentUrl":"https:\/\/tmg.hu\/wp-content\/uploads\/2024\/10\/tmg_og_logo.png","width":1200,"height":630,"caption":"Talajmeg\u00faj\u00edt\u00f3 Gazd\u00e1k Egyes\u00fclete"},"image":{"@id":"https:\/\/tmg.hu\/#\/schema\/logo\/image\/"},"sameAs":["https:\/\/www.facebook.com\/tmg.egyesulet\/","https:\/\/www.instagram.com\/tmg.hu\/","https:\/\/www.youtube.com\/@tmg_egyesulet"]}]}},"_links":{"self":[{"href":"https:\/\/tmg.hu\/uk\/wp-json\/wp\/v2\/product\/8749","targetHints":{"allow":["GET"]}}],"collection":[{"href":"https:\/\/tmg.hu\/uk\/wp-json\/wp\/v2\/product"}],"about":[{"href":"https:\/\/tmg.hu\/uk\/wp-json\/wp\/v2\/types\/product"}],"wp:featuredmedia":[{"embeddable":true,"href":"https:\/\/tmg.hu\/uk\/wp-json\/wp\/v2\/media\/8791"}],"wp:attachment":[{"href":"https:\/\/tmg.hu\/uk\/wp-json\/wp\/v2\/media?parent=8749"}],"wp:term":[{"taxonomy":"product_brand","embeddable":true,"href":"https:\/\/tmg.hu\/uk\/wp-json\/wp\/v2\/product_brand?post=8749"},{"taxonomy":"product_cat","embeddable":true,"href":"https:\/\/tmg.hu\/uk\/wp-json\/wp\/v2\/product_cat?post=8749"},{"taxonomy":"product_tag","embeddable":true,"href":"https:\/\/tmg.hu\/uk\/wp-json\/wp\/v2\/product_tag?post=8749"}],"curies":[{"name":"wp","href":"https:\/\/api.w.org\/{rel}","templated":true}]}}