{"id":10779,"date":"2025-11-15T03:41:15","date_gmt":"2025-11-15T02:41:15","guid":{"rendered":"https:\/\/tmg.hu\/?post_type=product&#038;p=10779"},"modified":"2026-04-16T17:49:45","modified_gmt":"2026-04-16T15:49:45","slug":"%d0%bf%d0%be%d1%80%d0%be%d1%88%d0%be%d0%ba-%d0%b6%d0%b8%d1%82%d1%82%d1%8f-%d1%88%d0%bb%d1%8f%d1%85-%d0%be%d0%b4%d0%bd%d1%96%d1%94%d1%97-%d1%80%d0%be%d0%b4%d0%b8%d0%bd%d0%b8-%d0%b4%d0%be-%d1%80%d0%b5","status":"publish","type":"product","link":"https:\/\/tmg.hu\/uk\/%d0%ba%d1%96%d0%bc%d0%bd%d0%b0%d1%82%d0%b8\/%d0%bf%d0%be%d1%80%d0%be%d1%88%d0%be%d0%ba-%d0%b6%d0%b8%d1%82%d1%82%d1%8f-%d1%88%d0%bb%d1%8f%d1%85-%d0%be%d0%b4%d0%bd%d1%96%d1%94%d1%97-%d1%80%d0%be%d0%b4%d0%b8%d0%bd%d0%b8-%d0%b4%d0%be-%d1%80%d0%b5\/","title":{"rendered":"\u0416\u0438\u0442\u0442\u044f \u0437 \u043f\u0438\u043b\u0443 \u2013 \u0448\u043b\u044f\u0445 \u043e\u0434\u043d\u0456\u0454\u0457 \u0440\u043e\u0434\u0438\u043d\u0438 \u0434\u043e \u0440\u0435\u0433\u0435\u043d\u0435\u0440\u0430\u0442\u0438\u0432\u043d\u043e\u0433\u043e \u0437\u0435\u043c\u043b\u0435\u0440\u043e\u0431\u0441\u0442\u0432\u0430"},"content":{"rendered":"<p>\u0425\u043e\u0447\u0430 \u0443\u0433\u043e\u0440\u0441\u044c\u043a\u0438\u0439 \u0447\u0438\u0442\u0430\u0447 \u043d\u0435 \u043c\u043e\u0436\u0435 \u0432\u0456\u0434\u0432\u0456\u0434\u0430\u0442\u0438 2000-\u0433\u0435\u043a\u0442\u0430\u0440\u043d\u0443 \u0444\u0435\u0440\u043c\u0443 \u0430\u0432\u0442\u043e\u0440\u0430 \u0432 \u041f\u0456\u0432\u043d\u0456\u0447\u043d\u0456\u0439 \u0414\u0430\u043a\u043e\u0442\u0456, \u0434\u0435 \u0449\u043e\u0440\u043e\u043a\u0443 \u0431\u0435\u0437\u043b\u0456\u0447 \u0437\u0430\u0446\u0456\u043a\u0430\u0432\u043b\u0435\u043d\u0438\u0445 \u043e\u0441\u0456\u0431 \u043c\u043e\u0436\u0443\u0442\u044c \u043e\u0437\u043d\u0430\u0439\u043e\u043c\u0438\u0442\u0438\u0441\u044f \u0437 \u0440\u043e\u0437\u0440\u043e\u0431\u043b\u0435\u043d\u043e\u044e \u043d\u0438\u043c \u043f\u0440\u0430\u043a\u0442\u0438\u043a\u043e\u044e \u0432\u0435\u0434\u0435\u043d\u043d\u044f \u0441\u0456\u043b\u044c\u0441\u044c\u043a\u043e\u0433\u043e \u0433\u043e\u0441\u043f\u043e\u0434\u0430\u0440\u0441\u0442\u0432\u0430, \u0430\u043b\u0435, \u043f\u0440\u043e\u0447\u0438\u0442\u0430\u0432\u0448\u0438 \u043a\u043d\u0438\u0433\u0443, \u0432\u0456\u043d \u043c\u043e\u0436\u0435 \u043b\u0435\u0433\u043a\u043e \u0437\u0430\u0441\u0432\u043e\u0457\u0442\u0438 \u043e\u0441\u043d\u043e\u0432\u043d\u0456 \u043f\u0440\u0438\u043d\u0446\u0438\u043f\u0438, \u0434\u043e \u044f\u043a\u0438\u0445 \u0430\u0432\u0442\u043e\u0440 \u0434\u0456\u0439\u0448\u043e\u0432 \u0448\u043b\u044f\u0445\u043e\u043c \u0447\u0438\u0441\u043b\u0435\u043d\u043d\u0438\u0445 \u0435\u043a\u0441\u043f\u0435\u0440\u0438\u043c\u0435\u043d\u0442\u0456\u0432 \u0456 \u0441\u043f\u043b\u0430\u0442\u0438\u0432\u0448\u0438 \u0432\u0438\u0441\u043e\u043a\u0443 \u0446\u0456\u043d\u0443 \u0437\u0430 \u043d\u0430\u0432\u0447\u0430\u043d\u043d\u044f.<\/p>\n<p>\u042f\u043a\u0449\u043e \u043c\u0438 \u0432\u0456\u0434\u0447\u0443\u0432\u0430\u0454\u043c\u043e, \u0449\u043e \u0446\u0456 \u043c\u0435\u0442\u043e\u0434\u0438 \u043d\u0430\u0434\u0437\u0432\u0438\u0447\u0430\u0439\u043d\u043e \u0441\u0445\u043e\u0436\u0456 \u043d\u0430 \u043f\u0440\u0430\u043a\u0442\u0438\u043a\u0443, \u044f\u043a\u0443 \u043f\u0440\u0438\u0440\u043e\u0434\u0430 \u0437\u0430\u0441\u0442\u043e\u0441\u043e\u0432\u0443\u0454 \u0432\u0436\u0435 \u043c\u0456\u043b\u044c\u0439\u043e\u043d\u0438 \u0440\u043e\u043a\u0456\u0432, \u0442\u043e \u0446\u0435, \u043e\u0447\u0435\u0432\u0438\u0434\u043d\u043e, \u043d\u0435 \u0432\u0438\u043f\u0430\u0434\u043a\u043e\u0432\u0456\u0441\u0442\u044c.<br \/>\n\u0417\u043d\u0430\u043d\u043d\u044f \u0442\u0430 \u0434\u043e\u0442\u0440\u0438\u043c\u0430\u043d\u043d\u044f \u043e\u0441\u043d\u043e\u0432\u043d\u0438\u0445 \u043f\u0440\u0430\u0432\u0438\u043b, \u043e\u043f\u0438\u0441\u0430\u043d\u0438\u0445 \u0413\u0430\u0431\u043e\u043c, \u043a\u0440\u0456\u043c \u0435\u043a\u043e\u043b\u043e\u0433\u0456\u0447\u043d\u0438\u0445 \u0442\u0430 \u0444\u0456\u043d\u0430\u043d\u0441\u043e\u0432\u0438\u0445 \u043f\u0435\u0440\u0435\u0432\u0430\u0433, \u0434\u043e\u043f\u043e\u043c\u0430\u0433\u0430\u044e\u0442\u044c \u0443\u0441\u0456\u043c \u0432\u0435\u043b\u0438\u043a\u0438\u043c \u0444\u0435\u0440\u043c\u0435\u0440\u0430\u043c \u0442\u0430 \u0432\u043b\u0430\u0441\u043d\u0438\u043a\u0430\u043c \u043d\u0435\u0432\u0435\u043b\u0438\u043a\u0438\u0445 \u0441\u0430\u0434\u0456\u0432 \u0449\u0435 \u0431\u0456\u043b\u044c\u0448\u0435 \u043f\u043e\u043b\u044e\u0431\u0438\u0442\u0438 \u0441\u0432\u043e\u044e \u0441\u043f\u0440\u0430\u0432\u0443.<\/p>","protected":false},"excerpt":{"rendered":"<p><span style=\"font-weight: 400;\">\u041f\u0440\u0438\u0431\u0443\u0442\u043a\u043e\u0432\u0435 \u0441\u0456\u043b\u044c\u0441\u044c\u043a\u0435 \u0433\u043e\u0441\u043f\u043e\u0434\u0430\u0440\u0441\u0442\u0432\u043e \u0431\u0435\u0437 \u0456\u043d\u0442\u0435\u043d\u0441\u0438\u0432\u043d\u043e\u0433\u043e \u043e\u0431\u0440\u043e\u0431\u0456\u0442\u043a\u0443 \u0491\u0440\u0443\u043d\u0442\u0443 \u0442\u0430 \u0432\u0438\u043a\u043e\u0440\u0438\u0441\u0442\u0430\u043d\u043d\u044f \u0445\u0456\u043c\u0456\u043a\u0430\u0442\u0456\u0432?<\/span><span style=\"font-weight: 400;\"><br \/>\n<\/span><span style=\"font-weight: 400;\">\u041c\u0440\u0456\u044f \u0447\u0438 \u0440\u0435\u0430\u043b\u044c\u043d\u0456\u0441\u0442\u044c?<\/span><\/p>\n<p><span style=\"font-weight: 400;\">\u0410\u043c\u0435\u0440\u0438\u043a\u0430\u043d\u0441\u044c\u043a\u0438\u0439 \u0444\u0435\u0440\u043c\u0435\u0440 \u0413\u0435\u0439\u0431 \u0411\u0440\u0430\u0443\u043d \u043d\u0430 \u043e\u0441\u043d\u043e\u0432\u0456 \u0441\u0432\u043e\u0433\u043e \u0431\u0430\u0433\u0430\u0442\u043e\u0440\u0456\u0447\u043d\u043e\u0433\u043e \u0434\u043e\u0441\u0432\u0456\u0434\u0443 \u0432 \u0441\u0456\u043b\u044c\u0441\u044c\u043a\u043e\u043c\u0443 \u0433\u043e\u0441\u043f\u043e\u0434\u0430\u0440\u0441\u0442\u0432\u0456 \u0434\u043e\u0432\u043e\u0434\u0438\u0442\u044c, \u0449\u043e \u0442\u0435, \u0449\u043e \u0432 \u0430\u0433\u0440\u0430\u0440\u043d\u043e\u043c\u0443 \u0441\u0435\u043a\u0442\u043e\u0440\u0456 \u0432\u0432\u0430\u0436\u0430\u0454\u0442\u044c\u0441\u044f \u043c\u0430\u0439\u0436\u0435 \u043d\u0435\u043c\u043e\u0436\u043b\u0438\u0432\u0438\u043c, \u043d\u0430\u0441\u043f\u0440\u0430\u0432\u0434\u0456 \u0454 \u0446\u0456\u043b\u043a\u043e\u043c \u0440\u0435\u0430\u043b\u044c\u043d\u0438\u043c.<\/span><\/p>","protected":false},"featured_media":10786,"template":"","meta":[],"product_brand":[],"product_cat":[69],"product_tag":[],"class_list":{"0":"post-10779","1":"product","2":"type-product","3":"status-publish","4":"has-post-thumbnail","6":"product_cat-konyvek","8":"first","9":"instock","10":"taxable","11":"shipping-taxable","12":"purchasable","13":"product-type-simple"},"bundled_by":[],"bundle_stock_status":"instock","bundle_stock_quantity":52,"bundle_virtual":false,"bundle_layout":"","bundle_add_to_cart_form_location":"","bundle_editable_in_cart":false,"bundle_sold_individually_context":"","bundle_item_grouping":"","bundle_min_size":"","bundle_max_size":"","bundle_price":[],"bundled_items":[],"bundle_sell_ids":[],"yoast_head":"<!-- This site is optimized with the Yoast SEO plugin v26.6 - https:\/\/yoast.com\/wordpress\/plugins\/seo\/ -->\n<title>Porb\u00f3l \u00c9let - Egy csal\u00e1d \u00fatja a regenerat\u00edv mez\u0151gazd\u00e1lkod\u00e1s fel\u00e9 - Talajmeg\u00faj\u00edt\u00f3 Gazd\u00e1k Egyes\u00fclete<\/title>\n<meta name=\"robots\" content=\"index, follow, max-snippet:-1, max-image-preview:large, max-video-preview:-1\" \/>\n<link rel=\"canonical\" href=\"https:\/\/tmg.hu\/uk\/\u043a\u0456\u043c\u043d\u0430\u0442\u0438\/\u043f\u043e\u0440\u043e\u0448\u043e\u043a-\u0436\u0438\u0442\u0442\u044f-\u0448\u043b\u044f\u0445-\u043e\u0434\u043d\u0456\u0454\u0457-\u0440\u043e\u0434\u0438\u043d\u0438-\u0434\u043e-\u0440\u0435\/\" \/>\n<meta property=\"og:locale\" content=\"uk_UA\" \/>\n<meta property=\"og:type\" content=\"article\" \/>\n<meta property=\"og:title\" content=\"Porb\u00f3l \u00c9let - Egy csal\u00e1d \u00fatja a regenerat\u00edv mez\u0151gazd\u00e1lkod\u00e1s fel\u00e9 - Talajmeg\u00faj\u00edt\u00f3 Gazd\u00e1k Egyes\u00fclete\" \/>\n<meta property=\"og:description\" content=\"Nyeres\u00e9ges mez\u0151gazdas\u00e1g drasztikus talajbolygat\u00e1s \u00e9s intenz\u00edv vegyszerhaszn\u00e1lat n\u00e9lk\u00fcl? V\u00e1gy\u00e1lom vagy l\u00e9tez\u0151 val\u00f3s\u00e1g?  Gabe Brown amerikai f\u00f6ldm\u0171ves saj\u00e1t, t\u00f6bb \u00e9vtizedes mez\u0151gazdas\u00e1gi gyakorlat\u00e1n kereszt\u00fcl bebizony\u00edtja, hogy igenis lehets\u00e9ges az, amit az agr\u00e1rszektorban uralkod\u00f3 k\u00f6zfelfog\u00e1s szinte lehetetlennek tart.\" \/>\n<meta property=\"og:url\" content=\"https:\/\/tmg.hu\/uk\/\u043a\u0456\u043c\u043d\u0430\u0442\u0438\/\u043f\u043e\u0440\u043e\u0448\u043e\u043a-\u0436\u0438\u0442\u0442\u044f-\u0448\u043b\u044f\u0445-\u043e\u0434\u043d\u0456\u0454\u0457-\u0440\u043e\u0434\u0438\u043d\u0438-\u0434\u043e-\u0440\u0435\/\" \/>\n<meta property=\"og:site_name\" content=\"Talajmeg\u00faj\u00edt\u00f3 Gazd\u00e1k Egyes\u00fclete\" \/>\n<meta property=\"article:publisher\" content=\"https:\/\/www.facebook.com\/tmg.egyesulet\/\" \/>\n<meta property=\"article:modified_time\" content=\"2026-04-16T15:49:45+00:00\" \/>\n<meta property=\"og:image\" content=\"https:\/\/tmg.hu\/wp-content\/uploads\/2025\/11\/Porbol-elet-Borito-scaled.jpg\" \/>\n\t<meta property=\"og:image:width\" content=\"1824\" \/>\n\t<meta property=\"og:image:height\" content=\"2560\" \/>\n\t<meta property=\"og:image:type\" content=\"image\/jpeg\" \/>\n<meta name=\"twitter:card\" content=\"summary_large_image\" \/>\n<meta name=\"twitter:label1\" content=\"\u041f\u0440\u0438\u0431\u043b. \u0447\u0430\u0441 \u0447\u0438\u0442\u0430\u043d\u043d\u044f\" \/>\n\t<meta name=\"twitter:data1\" content=\"1 \u0445\u0432\u0438\u043b\u0438\u043d\u0430\" \/>\n<script type=\"application\/ld+json\" class=\"yoast-schema-graph\">{\"@context\":\"https:\/\/schema.org\",\"@graph\":[{\"@type\":\"WebPage\",\"@id\":\"https:\/\/tmg.hu\/termek\/porbol-elet-egy-csalad-utja-a-regenerativ-mezogazdalkodas-fele\/\",\"url\":\"https:\/\/tmg.hu\/termek\/porbol-elet-egy-csalad-utja-a-regenerativ-mezogazdalkodas-fele\/\",\"name\":\"Porb\u00f3l \u00c9let - Egy csal\u00e1d \u00fatja a regenerat\u00edv mez\u0151gazd\u00e1lkod\u00e1s fel\u00e9 - Talajmeg\u00faj\u00edt\u00f3 Gazd\u00e1k Egyes\u00fclete\",\"isPartOf\":{\"@id\":\"https:\/\/tmg.hu\/#website\"},\"primaryImageOfPage\":{\"@id\":\"https:\/\/tmg.hu\/termek\/porbol-elet-egy-csalad-utja-a-regenerativ-mezogazdalkodas-fele\/#primaryimage\"},\"image\":{\"@id\":\"https:\/\/tmg.hu\/termek\/porbol-elet-egy-csalad-utja-a-regenerativ-mezogazdalkodas-fele\/#primaryimage\"},\"thumbnailUrl\":\"https:\/\/tmg.hu\/wp-content\/uploads\/2025\/11\/Porbol-elet-Borito-scaled.jpg\",\"datePublished\":\"2025-11-15T02:41:15+00:00\",\"dateModified\":\"2026-04-16T15:49:45+00:00\",\"breadcrumb\":{\"@id\":\"https:\/\/tmg.hu\/termek\/porbol-elet-egy-csalad-utja-a-regenerativ-mezogazdalkodas-fele\/#breadcrumb\"},\"inLanguage\":\"uk\",\"potentialAction\":[{\"@type\":\"ReadAction\",\"target\":[\"https:\/\/tmg.hu\/termek\/porbol-elet-egy-csalad-utja-a-regenerativ-mezogazdalkodas-fele\/\"]}]},{\"@type\":\"ImageObject\",\"inLanguage\":\"uk\",\"@id\":\"https:\/\/tmg.hu\/termek\/porbol-elet-egy-csalad-utja-a-regenerativ-mezogazdalkodas-fele\/#primaryimage\",\"url\":\"https:\/\/tmg.hu\/wp-content\/uploads\/2025\/11\/Porbol-elet-Borito-scaled.jpg\",\"contentUrl\":\"https:\/\/tmg.hu\/wp-content\/uploads\/2025\/11\/Porbol-elet-Borito-scaled.jpg\",\"width\":1824,\"height\":2560},{\"@type\":\"BreadcrumbList\",\"@id\":\"https:\/\/tmg.hu\/termek\/porbol-elet-egy-csalad-utja-a-regenerativ-mezogazdalkodas-fele\/#breadcrumb\",\"itemListElement\":[{\"@type\":\"ListItem\",\"position\":1,\"name\":\"Home\",\"item\":\"https:\/\/tmg.hu\/\"},{\"@type\":\"ListItem\",\"position\":2,\"name\":\"Webshop\",\"item\":\"https:\/\/tmg.hu\/webshop\/\"},{\"@type\":\"ListItem\",\"position\":3,\"name\":\"Porb\u00f3l \u00c9let &#8211; Egy csal\u00e1d \u00fatja a regenerat\u00edv mez\u0151gazd\u00e1lkod\u00e1s fel\u00e9\"}]},{\"@type\":\"WebSite\",\"@id\":\"https:\/\/tmg.hu\/#website\",\"url\":\"https:\/\/tmg.hu\/\",\"name\":\"TMG - Talajmeg\u00faj\u00edt\u00f3 Gazd\u00e1k Egyes\u00fclete\",\"description\":\"Talajmeg\u00faj\u00edt\u00f3 Gazd\u00e1k Egyes\u00fclete\",\"publisher\":{\"@id\":\"https:\/\/tmg.hu\/#organization\"},\"potentialAction\":[{\"@type\":\"SearchAction\",\"target\":{\"@type\":\"EntryPoint\",\"urlTemplate\":\"https:\/\/tmg.hu\/?s={search_term_string}\"},\"query-input\":{\"@type\":\"PropertyValueSpecification\",\"valueRequired\":true,\"valueName\":\"search_term_string\"}}],\"inLanguage\":\"uk\"},{\"@type\":\"Organization\",\"@id\":\"https:\/\/tmg.hu\/#organization\",\"name\":\"Talajmeg\u00faj\u00edt\u00f3 Gazd\u00e1k Egyes\u00fclete\",\"url\":\"https:\/\/tmg.hu\/\",\"logo\":{\"@type\":\"ImageObject\",\"inLanguage\":\"uk\",\"@id\":\"https:\/\/tmg.hu\/#\/schema\/logo\/image\/\",\"url\":\"https:\/\/tmg.hu\/wp-content\/uploads\/2024\/10\/tmg_og_logo.png\",\"contentUrl\":\"https:\/\/tmg.hu\/wp-content\/uploads\/2024\/10\/tmg_og_logo.png\",\"width\":1200,\"height\":630,\"caption\":\"Talajmeg\u00faj\u00edt\u00f3 Gazd\u00e1k Egyes\u00fclete\"},\"image\":{\"@id\":\"https:\/\/tmg.hu\/#\/schema\/logo\/image\/\"},\"sameAs\":[\"https:\/\/www.facebook.com\/tmg.egyesulet\/\",\"https:\/\/www.instagram.com\/tmg.hu\/\",\"https:\/\/www.youtube.com\/@tmg_egyesulet\"]}]}<\/script>\n<!-- \/ Yoast SEO plugin. -->","yoast_head_json":{"title":"\u0416\u0438\u0442\u0442\u044f \u0437 \u043f\u0438\u043b\u0443 - \u0428\u043b\u044f\u0445 \u043e\u0434\u043d\u0456\u0454\u0457 \u0440\u043e\u0434\u0438\u043d\u0438 \u0434\u043e \u0440\u0435\u0433\u0435\u043d\u0435\u0440\u0430\u0442\u0438\u0432\u043d\u043e\u0433\u043e \u0437\u0435\u043c\u043b\u0435\u0440\u043e\u0431\u0441\u0442\u0432\u0430 - \u0410\u0441\u043e\u0446\u0456\u0430\u0446\u0456\u044f \u0444\u0435\u0440\u043c\u0435\u0440\u0456\u0432, \u044f\u043a\u0456 \u0432\u0456\u0434\u043d\u043e\u0432\u043b\u044e\u044e\u0442\u044c \u0491\u0440\u0443\u043d\u0442\u0438","robots":{"index":"index","follow":"follow","max-snippet":"max-snippet:-1","max-image-preview":"max-image-preview:large","max-video-preview":"max-video-preview:-1"},"canonical":"https:\/\/tmg.hu\/uk\/\u043a\u0456\u043c\u043d\u0430\u0442\u0438\/\u043f\u043e\u0440\u043e\u0448\u043e\u043a-\u0436\u0438\u0442\u0442\u044f-\u0448\u043b\u044f\u0445-\u043e\u0434\u043d\u0456\u0454\u0457-\u0440\u043e\u0434\u0438\u043d\u0438-\u0434\u043e-\u0440\u0435\/","og_locale":"uk_UA","og_type":"article","og_title":"Porb\u00f3l \u00c9let - Egy csal\u00e1d \u00fatja a regenerat\u00edv mez\u0151gazd\u00e1lkod\u00e1s fel\u00e9 - Talajmeg\u00faj\u00edt\u00f3 Gazd\u00e1k Egyes\u00fclete","og_description":"Nyeres\u00e9ges mez\u0151gazdas\u00e1g drasztikus talajbolygat\u00e1s \u00e9s intenz\u00edv vegyszerhaszn\u00e1lat n\u00e9lk\u00fcl? V\u00e1gy\u00e1lom vagy l\u00e9tez\u0151 val\u00f3s\u00e1g?  Gabe Brown amerikai f\u00f6ldm\u0171ves saj\u00e1t, t\u00f6bb \u00e9vtizedes mez\u0151gazdas\u00e1gi gyakorlat\u00e1n kereszt\u00fcl bebizony\u00edtja, hogy igenis lehets\u00e9ges az, amit az agr\u00e1rszektorban uralkod\u00f3 k\u00f6zfelfog\u00e1s szinte lehetetlennek tart.","og_url":"https:\/\/tmg.hu\/uk\/\u043a\u0456\u043c\u043d\u0430\u0442\u0438\/\u043f\u043e\u0440\u043e\u0448\u043e\u043a-\u0436\u0438\u0442\u0442\u044f-\u0448\u043b\u044f\u0445-\u043e\u0434\u043d\u0456\u0454\u0457-\u0440\u043e\u0434\u0438\u043d\u0438-\u0434\u043e-\u0440\u0435\/","og_site_name":"Talajmeg\u00faj\u00edt\u00f3 Gazd\u00e1k Egyes\u00fclete","article_publisher":"https:\/\/www.facebook.com\/tmg.egyesulet\/","article_modified_time":"2026-04-16T15:49:45+00:00","og_image":[{"width":1824,"height":2560,"url":"https:\/\/tmg.hu\/wp-content\/uploads\/2025\/11\/Porbol-elet-Borito-scaled.jpg","type":"image\/jpeg"}],"twitter_card":"summary_large_image","twitter_misc":{"\u041f\u0440\u0438\u0431\u043b. \u0447\u0430\u0441 \u0447\u0438\u0442\u0430\u043d\u043d\u044f":"1 \u0445\u0432\u0438\u043b\u0438\u043d\u0430"},"schema":{"@context":"https:\/\/schema.org","@graph":[{"@type":"WebPage","@id":"https:\/\/tmg.hu\/termek\/porbol-elet-egy-csalad-utja-a-regenerativ-mezogazdalkodas-fele\/","url":"https:\/\/tmg.hu\/termek\/porbol-elet-egy-csalad-utja-a-regenerativ-mezogazdalkodas-fele\/","name":"\u0416\u0438\u0442\u0442\u044f \u0437 \u043f\u0438\u043b\u0443 - \u0428\u043b\u044f\u0445 \u043e\u0434\u043d\u0456\u0454\u0457 \u0440\u043e\u0434\u0438\u043d\u0438 \u0434\u043e \u0440\u0435\u0433\u0435\u043d\u0435\u0440\u0430\u0442\u0438\u0432\u043d\u043e\u0433\u043e \u0437\u0435\u043c\u043b\u0435\u0440\u043e\u0431\u0441\u0442\u0432\u0430 - \u0410\u0441\u043e\u0446\u0456\u0430\u0446\u0456\u044f \u0444\u0435\u0440\u043c\u0435\u0440\u0456\u0432, \u044f\u043a\u0456 \u0432\u0456\u0434\u043d\u043e\u0432\u043b\u044e\u044e\u0442\u044c \u0491\u0440\u0443\u043d\u0442\u0438","isPartOf":{"@id":"https:\/\/tmg.hu\/#website"},"primaryImageOfPage":{"@id":"https:\/\/tmg.hu\/termek\/porbol-elet-egy-csalad-utja-a-regenerativ-mezogazdalkodas-fele\/#primaryimage"},"image":{"@id":"https:\/\/tmg.hu\/termek\/porbol-elet-egy-csalad-utja-a-regenerativ-mezogazdalkodas-fele\/#primaryimage"},"thumbnailUrl":"https:\/\/tmg.hu\/wp-content\/uploads\/2025\/11\/Porbol-elet-Borito-scaled.jpg","datePublished":"2025-11-15T02:41:15+00:00","dateModified":"2026-04-16T15:49:45+00:00","breadcrumb":{"@id":"https:\/\/tmg.hu\/termek\/porbol-elet-egy-csalad-utja-a-regenerativ-mezogazdalkodas-fele\/#breadcrumb"},"inLanguage":"uk","potentialAction":[{"@type":"ReadAction","target":["https:\/\/tmg.hu\/termek\/porbol-elet-egy-csalad-utja-a-regenerativ-mezogazdalkodas-fele\/"]}]},{"@type":"ImageObject","inLanguage":"uk","@id":"https:\/\/tmg.hu\/termek\/porbol-elet-egy-csalad-utja-a-regenerativ-mezogazdalkodas-fele\/#primaryimage","url":"https:\/\/tmg.hu\/wp-content\/uploads\/2025\/11\/Porbol-elet-Borito-scaled.jpg","contentUrl":"https:\/\/tmg.hu\/wp-content\/uploads\/2025\/11\/Porbol-elet-Borito-scaled.jpg","width":1824,"height":2560},{"@type":"BreadcrumbList","@id":"https:\/\/tmg.hu\/termek\/porbol-elet-egy-csalad-utja-a-regenerativ-mezogazdalkodas-fele\/#breadcrumb","itemListElement":[{"@type":"ListItem","position":1,"name":"Home","item":"https:\/\/tmg.hu\/"},{"@type":"ListItem","position":2,"name":"Webshop","item":"https:\/\/tmg.hu\/webshop\/"},{"@type":"ListItem","position":3,"name":"Porb\u00f3l \u00c9let &#8211; Egy csal\u00e1d \u00fatja a regenerat\u00edv mez\u0151gazd\u00e1lkod\u00e1s fel\u00e9"}]},{"@type":"WebSite","@id":"https:\/\/tmg.hu\/#website","url":"https:\/\/tmg.hu\/","name":"TMG - \u0410\u0441\u043e\u0446\u0456\u0430\u0446\u0456\u044f \u0444\u0435\u0440\u043c\u0435\u0440\u0456\u0432 \u0437 \u0432\u0456\u0434\u043d\u043e\u0432\u043b\u0435\u043d\u043d\u044f \u0491\u0440\u0443\u043d\u0442\u0456\u0432","description":"\u0410\u0441\u043e\u0446\u0456\u0430\u0446\u0456\u044f \u0444\u0435\u0440\u043c\u0435\u0440\u0456\u0432 \u0437 \u0432\u0456\u0434\u043d\u043e\u0432\u043b\u0435\u043d\u043d\u044f \u0491\u0440\u0443\u043d\u0442\u0456\u0432","publisher":{"@id":"https:\/\/tmg.hu\/#organization"},"potentialAction":[{"@type":"SearchAction","target":{"@type":"EntryPoint","urlTemplate":"https:\/\/tmg.hu\/?s={search_term_string}"},"query-input":{"@type":"PropertyValueSpecification","valueRequired":true,"valueName":"search_term_string"}}],"inLanguage":"uk"},{"@type":"Organization","@id":"https:\/\/tmg.hu\/#organization","name":"\u0410\u0441\u043e\u0446\u0456\u0430\u0446\u0456\u044f \u0444\u0435\u0440\u043c\u0435\u0440\u0456\u0432 \u0437 \u0432\u0456\u0434\u043d\u043e\u0432\u043b\u0435\u043d\u043d\u044f \u0491\u0440\u0443\u043d\u0442\u0456\u0432","url":"https:\/\/tmg.hu\/","logo":{"@type":"ImageObject","inLanguage":"uk","@id":"https:\/\/tmg.hu\/#\/schema\/logo\/image\/","url":"https:\/\/tmg.hu\/wp-content\/uploads\/2024\/10\/tmg_og_logo.png","contentUrl":"https:\/\/tmg.hu\/wp-content\/uploads\/2024\/10\/tmg_og_logo.png","width":1200,"height":630,"caption":"Talajmeg\u00faj\u00edt\u00f3 Gazd\u00e1k Egyes\u00fclete"},"image":{"@id":"https:\/\/tmg.hu\/#\/schema\/logo\/image\/"},"sameAs":["https:\/\/www.facebook.com\/tmg.egyesulet\/","https:\/\/www.instagram.com\/tmg.hu\/","https:\/\/www.youtube.com\/@tmg_egyesulet"]}]}},"_links":{"self":[{"href":"https:\/\/tmg.hu\/uk\/wp-json\/wp\/v2\/product\/10779","targetHints":{"allow":["GET"]}}],"collection":[{"href":"https:\/\/tmg.hu\/uk\/wp-json\/wp\/v2\/product"}],"about":[{"href":"https:\/\/tmg.hu\/uk\/wp-json\/wp\/v2\/types\/product"}],"wp:featuredmedia":[{"embeddable":true,"href":"https:\/\/tmg.hu\/uk\/wp-json\/wp\/v2\/media\/10786"}],"wp:attachment":[{"href":"https:\/\/tmg.hu\/uk\/wp-json\/wp\/v2\/media?parent=10779"}],"wp:term":[{"taxonomy":"product_brand","embeddable":true,"href":"https:\/\/tmg.hu\/uk\/wp-json\/wp\/v2\/product_brand?post=10779"},{"taxonomy":"product_cat","embeddable":true,"href":"https:\/\/tmg.hu\/uk\/wp-json\/wp\/v2\/product_cat?post=10779"},{"taxonomy":"product_tag","embeddable":true,"href":"https:\/\/tmg.hu\/uk\/wp-json\/wp\/v2\/product_tag?post=10779"}],"curies":[{"name":"wp","href":"https:\/\/api.w.org\/{rel}","templated":true}]}}