{"id":9669,"date":"2025-02-20T02:20:44","date_gmt":"2025-02-20T01:20:44","guid":{"rendered":"https:\/\/tmg.hu\/?post_type=product&#038;p=9669"},"modified":"2026-04-12T10:21:18","modified_gmt":"2026-04-12T08:21:18","slug":"reagirati-viii-eloadas-felvetelek","status":"publish","type":"product","link":"https:\/\/tmg.hu\/sl\/sobe\/reagirati-viii-eloadas-felvetelek\/","title":{"rendered":"REAG VIII Posnetki predstavitev"},"content":{"rendered":"<p><strong>Tla, ki povezujejo<\/strong><\/p>\n<p>Ste zamudili 8. konferenco in razstavo TMG REAG Soil Life? Zdaj lahko to nadoknadite! Oglejte si celotne tri dni predstavitev in se seznanite z najpomembnej\u0161imi temami na podro\u010dju regenerativnega kmetijstva od prakti\u010dnih kmetov, inovativnih raziskovalcev in strokovnjakov za regeneracijo tal z nacionalnih in mednarodnih podro\u010dij.<\/p>\n<p>Ta dogodek ni le konferenca, temve\u010d najve\u010dji dogodek regenerativnega kmetijstva v Srednji Evropi, kjer so se zbrali kmetje, \u017eivinorejci, raziskovalci, strokovnjaki, peki in kuharji, da bi z obiskovalci delili svoje znanje in izku\u0161nje!<\/p>\n<p>Program konference in govorci so na voljo tukaj:<\/p>\n<blockquote class=\"wp-embedded-content\" data-secret=\"66OG87rGaQ\"><p><a href=\"https:\/\/tmg.hu\/sl\/tmg-reag-viii-ground-elite-konferenca-in-konferenca-2025\/\">Konferenca in razstava TMG REAG VIII Soil Life - 2025.<\/a><\/p><\/blockquote>\n<p><iframe class=\"wp-embedded-content\" sandbox=\"allow-scripts\" security=\"restricted\" style=\"position: absolute; visibility: hidden;\" title=\"&quot;Konferenca in razstava TMG REAG VIII Soil Life - 2025.&quot; - Zdru\u017eenje kmetov za obnovo tal\" src=\"https:\/\/tmg.hu\/tmg-reag-viii-talajelet-konferencia-es-szakkiallitas-2025\/embed\/#?secret=xnVEGT6PFk#?secret=66OG87rGaQ\" data-secret=\"66OG87rGaQ\" width=\"600\" height=\"338\" frameborder=\"0\" marginwidth=\"0\" marginheight=\"0\" scrolling=\"no\"><\/iframe><\/p>\n<p>V nekaj dneh po nakupu vam bomo na elektronski naslov, ki ste ga navedli za dostop do posnetkov REAG 8, poslali podatke za prijavo.<\/p>\n<h2>Vsebina<\/h2>\n<h4><strong>\u010cetrtek - 16. januar 2025.<\/strong><\/h4>\n<h5>Glavni oder<\/h5>\n<p>Velike ideje, vodilni strokovnjaki - odkrijte globoke povezave med naravo, kmetijstvom in zdravjem ljudi!<\/p>\n<p><span style=\"text-decoration: underline;\">Attila Szab\u00f3<\/span><br \/>\nOdpiranje<\/p>\n<p><span style=\"text-decoration: underline;\">Dr. Anik\u00f3 Juh\u00e1sz<\/span><br \/>\nNamestnik dr\u017eavnega sekretarja za kmetijstvo<\/p>\n<p><span style=\"text-decoration: underline;\">Zolt\u00e1n K\u00e9zi<\/span><br \/>\nNapoved za leto 2025: gospodarstvo, \u017eivilsko gospodarstvo, finance<\/p>\n<p><span style=\"text-decoration: underline;\">Prof. Dr. Csaba Gyuricza<\/span><br \/>\nPreprosto o regenerativnem kmetijstvu<\/p>\n<p><span style=\"text-decoration: underline;\">Anne Bikl\u00e9 (ZDA)<\/span><br \/>\nKaj je jedla va\u0161a hrana in zakaj je to pomembno? \/ Kaj je jedla va\u0161a hrana in zakaj je to pomembno<\/p>\n<p><span style=\"text-decoration: underline;\">Jean-Fran\u00e7ois Berthellot (FR)<\/span><br \/>\nKatere rastline bi morali gojiti na \u017eivi zemlji? Potreba po sortah z visoko hranilno vrednostjo - primer p\u0161enice. Druga\u010den pristop k \u017elahtnjenju.<\/p>\n<p><span style=\"text-decoration: underline;\">\u00c1d\u00e1m B\u00f3day<\/span><br \/>\nNaravni viri \u010dlove\u0161kega mikrobioma ali izvor in vloga okoljskih mikrobov v zdravju<\/p>\n<p><span style=\"text-decoration: underline;\">Ferenc Berend<\/span><br \/>\nOb\u010dasna pa\u0161a govedi na travnikih<\/p>\n<p><span style=\"text-decoration: underline;\">Upravljanje voda, upravljanje krajine - temelji kmetijstva prihodnosti<\/span><br \/>\nOkrogla miza<br \/>\nMarietta Szalai, S\u00e1ndor Szil\u00e1gyi, Attila Szeredi, J\u00e1nos Nagy, P\u00e9ter Balogh<br \/>\nDr. Erzs\u00e9bet N\u00e9medi<\/p>\n<h5>Mali oder<\/h5>\n<p>Kraj\u0161e, osredoto\u010dene predstavitve, ki ponujajo takoj uporabno znanje in sve\u017ee poglede.<\/p>\n<p><span style=\"text-decoration: underline;\">G\u00e1bor Sz\u0151ll\u0151si<\/span><br \/>\nVpliv komposta na obnovo zdravja tal<\/p>\n<p><span style=\"text-decoration: underline;\">Mih\u00e1ly Lajos<\/span><br \/>\nTeoreti\u010dni temelji ohranitvene obdelave tal in prakti\u010dne izku\u0161nje z med oto\u0161kega obmo\u010dja<\/p>\n<p><span style=\"text-decoration: underline;\">Fruzsina F\u00e9legyh\u00e1zi<\/span><br \/>\nZakaj je biotska raznovrstnost pomembna pri kmetovanju, ki upo\u0161teva tla?<\/p>\n<p><span style=\"text-decoration: underline;\">No\u00e9mi Pint\u00e9r<\/span><br \/>\nEnotnost in enost v prehrani ljudi<\/p>\n<p><span style=\"text-decoration: underline;\">Dr. Sne\u017eana Jak\u0161i\u0107 (RS)<\/span><br \/>\nPoti sekvestracije ogljika v tleh \/ Pathways of soil carbon sequestration in soil<\/p>\n<p><span style=\"text-decoration: underline;\">Andr\u00e1s M\u00e1t\u00e9<\/span><br \/>\nDvigovanje praproti za obogatitev ekosistemskih storitev pe\u0161\u010denih travnikov<\/p>\n<p><span style=\"text-decoration: underline;\">Dr. Katalin Kokavecz<\/span><br \/>\nEnotno zdravje: prepleteno zdravje tal, ljudi in divjih \u017eivali v celostni perspektivi<\/p>\n<h4>Petek - 17. januar 2025.<\/h4>\n<h5>Glavni oder<\/h5>\n<p>Velike ideje, vodilni strokovnjaki - odkrijte globoke povezave med naravo, kmetijstvom in zdravjem ljudi!<\/p>\n<p><span style=\"text-decoration: underline;\">Dr. M\u00e1rta Tkacsik<\/span><br \/>\nOdpiranje<\/p>\n<p><span style=\"text-decoration: underline;\">Zolt\u00e1n Dezs\u00e9ny<\/span><br \/>\nPridelava zelenjave za krepitev tal s tehnologijo kompostnega mul\u010da brez kolobarjenja - Izku\u0161nje iz prvih 10 let projekta MagosV\u00f6lgy<\/p>\n<p><span style=\"text-decoration: underline;\">Mykhaylo Draganchuk - No-Tiller (UA)<\/span><br \/>\nZadr\u017eevanje vlage v tleh: regenerativne re\u0161itve za podnebne izzive<\/p>\n<p><span style=\"text-decoration: underline;\">Karel Kaln\u00fd (CZ)<\/span><br \/>\nOd regenerativnega pa\u0161nika do mize \/ Od regenerativnega pa\u0161nika do mize<\/p>\n<p><span style=\"text-decoration: underline;\">Dr. Brigitta Szab\u00f3<\/span><br \/>\nPokrovne rastline in brez obdelave tal: kmetovanje prihodnosti, ki var\u010duje z vodo<\/p>\n<p><span style=\"text-decoration: underline;\">V\u00edg Vit\u00e1lia<\/span><br \/>\nMikrobne korenine vsebnosti organske snovi v tleh<\/p>\n<p><span style=\"text-decoration: underline;\">Zdravstveno na\u010delo<\/span><br \/>\nOkrogla miza<br \/>\nDan Kittredge, Vit\u00e1lia V\u00edg, \u00c1d\u00e1m B\u00f3day, Istv\u00e1n Par\u00e1di, L\u00e1szl\u00f3 Szab\u00f3<br \/>\nVodi Dr. M\u00e1rta Tkacsik<\/p>\n<h5>Mali oder<\/h5>\n<p>Kraj\u0161e, osredoto\u010dene predstavitve, ki ponujajo takoj uporabno znanje in sve\u017ee poglede.<\/p>\n<p><span style=\"text-decoration: underline;\">Ionut Dorian Barbulescu (RO)<\/span><br \/>\nSON\u010cNICA - \u017elahtnjenje za prihodnost - genetska odpornost na herbicide, parazite in bolezni<\/p>\n<p><span style=\"text-decoration: underline;\">Fl\u00f3ri\u00e1n Farkas<\/span><br \/>\nPrehrana rastlin v kmetijstvu za obnovo tal (teorija in praksa)<\/p>\n<p><span style=\"text-decoration: underline;\">Dr. Erzs\u00e9bet N\u00e9medi<\/span><br \/>\nKmetijstvo, hrana, zdravje domine<\/p>\n<p><span style=\"text-decoration: underline;\">Dr. Stanko Mili\u0107 (RS)<\/span><br \/>\nFosfor v tleh in njegove frakcije v karbonatnem \u010dernozemu Vojvodine<\/p>\n<p><span style=\"text-decoration: underline;\">Dr. Jordana Ninkov (RS)<\/span><br \/>\nKopi\u010denje bakra v tleh zaradi uporabe pesticidov na osnovi bakra<\/p>\n<p><span style=\"text-decoration: underline;\">Barnab\u00e1s \u0150ry<\/span><br \/>\nBiointenzivna pridelava zelenjave<\/p>\n<p><span style=\"text-decoration: underline;\">L\u0151rinc S\u00e1ndor<\/span><br \/>\nFunkcija in uporaba japonske plemenite gobe Koji<\/p>\n<p><span style=\"text-decoration: underline;\">Tam\u00e1s Bellai<\/span><br \/>\nTehni\u010dne re\u0161itve za kmetovanje z nadzorovano obdelavo tal (CTF)<\/p>\n<h4>Sobota - 18. januar 2025.<\/h4>\n<h5>Glavni oder<\/h5>\n<p>Velike ideje, vodilni strokovnjaki - odkrijte globoke povezave med naravo, kmetijstvom in zdravjem ljudi!<\/p>\n<p><span style=\"text-decoration: underline;\">Attila Szeredi<\/span><br \/>\nOdpiranje<\/p>\n<p><span style=\"text-decoration: underline;\">Dr. Anik\u00f3 Juh\u00e1sz<\/span><br \/>\nNamestnik dr\u017eavnega sekretarja za kmetijstvo<\/p>\n<p><span style=\"text-decoration: underline;\">Dr. M\u00e1rta Tkacsik<\/span><br \/>\nGobelin \u017eivljenja. Imunski sistem sveta, ki ga je ustvaril \u010dlovek - sedanjost in prihodnost<\/p>\n<p><span style=\"text-decoration: underline;\">Lajos Kassai<\/span><\/p>\n<p><span style=\"text-decoration: underline;\">Prof. Marcel van der Heijden (CH)<\/span><br \/>\nMikrobiom tal in zdravje \/ Mikrobiom tal in zdravje<\/p>\n<p><span style=\"text-decoration: underline;\">Dan Kittredge (ZDA)<\/span><br \/>\nGostota hranil: hrana iz \u017eive zemlje, bogata s hranili<\/p>\n<p><span style=\"text-decoration: underline;\">Gabriella Orm\u00f3s<\/span><br \/>\nGluten v svoji mre\u017ei<\/p>\n<p><span style=\"text-decoration: underline;\">Dr. Endre Dobos<\/span><br \/>\nKalcifikacija, \"novi\" proces razgradnje na\u0161ih tal<\/p>\n<p><span style=\"text-decoration: underline;\">Bogdan Garale\u017ei\u010d (RS)<\/span><br \/>\n16 let eksperimentalnih rezultatov v 4 razli\u010dnih sistemih obdelave tal \/ 16 years of experimental results in 4 different tillage systems<\/p>\n<p><span style=\"text-decoration: underline;\">Kako se prilagajamo spreminjajo\u010dim se okoli\u0161\u010dinam<\/span><br \/>\nOkrogla miza<br \/>\nNo-Tiller, Ferenc Berend, Dr. Erzs\u00e9bet N\u00e9medi, Dr. M\u00e1rta Tkacsik<br \/>\nVodi Istv\u00e1n Szab\u00f3<\/p>\n<h5>Mali oder<\/h5>\n<p>Kraj\u0161e, osredoto\u010dene predstavitve, ki ponujajo takoj uporabno znanje in sve\u017ee poglede.<\/p>\n<p><span style=\"text-decoration: underline;\">Gregor Kuffa (SK)<\/span><br \/>\nOd ni\u010d do regenerativnega kmetovanja \/ Od ni\u010d do regenerativnega kmetovanja<\/p>\n<p><span style=\"text-decoration: underline;\">Dr. Istv\u00e1n Par\u00e1di<\/span><br \/>\nMikoriza na kratko<\/p>\n<p><span style=\"text-decoration: underline;\">Ionut Dorian Barbulescu (RO)<\/span><br \/>\nNajbolj\u0161e kolobarjenje s pokrovnimi polj\u0161\u010dinami v romunskih pridelovalnih razmerah<\/p>\n<p><span style=\"text-decoration: underline;\">\u00c1d\u00e1m B\u00f3day<\/span><br \/>\nNaravna \u010drevesna flora prav tako izvira iz zemlje<\/p>\n<p><span style=\"text-decoration: underline;\">Patrick Valmary (RO)<\/span><\/p>\n<p><span style=\"text-decoration: underline;\">Csaba Szab\u00f3<\/span><br \/>\nToplota je \u017eenska, sok je stava in mul\u010d je klju\u010d.<\/p>\n<p><span style=\"text-decoration: underline;\">Dr. Ferenc T\u00f3th<\/span><br \/>\nMul\u010denje z \u017eivimi rastlinami, rastlinskimi ostanki, folijo ali agrokopreno v vrtnarstvu - prednosti, slabosti, mo\u017enosti, omejitve<\/p>","protected":false},"excerpt":{"rendered":"<p>Tla, ki povezujejo Zamudili ste 8. konferenco in razstavo TMG REAG Soil Life? Zdaj lahko to nadoknadite! Pridobite celotne tri dni trajajo\u010de posnetke predavanj in se seznanite z najpomembnej\u0161imi temami regenerativnega kmetijstva od prakti\u010dnih kmetov, inovativnih raziskovalcev in strokovnjakov za regeneracijo tal z doma\u010dega in mednarodnega podro\u010dja. Ta dogodek ni le konferenca, temve\u010d najve\u010dji dogodek regenerativnega kmetijstva v Srednji Evropi, na katerem se sre\u010dujejo kmetje, strokovnjaki, ki se ukvarjajo z regenerativnim kmetijstvom, in [...]<\/p>","protected":false},"featured_media":9689,"template":"","meta":[],"product_brand":[],"product_cat":[70],"product_tag":[],"class_list":{"0":"post-9669","1":"product","2":"type-product","3":"status-publish","4":"has-post-thumbnail","6":"product_cat-videok","8":"first","9":"instock","10":"virtual","11":"taxable","12":"purchasable","13":"product-type-simple"},"bundled_by":[],"bundle_stock_status":"instock","bundle_stock_quantity":null,"bundle_virtual":false,"bundle_layout":"","bundle_add_to_cart_form_location":"","bundle_editable_in_cart":false,"bundle_sold_individually_context":"","bundle_item_grouping":"","bundle_min_size":"","bundle_max_size":"","bundle_price":[],"bundled_items":[],"bundle_sell_ids":[],"yoast_head":"<!-- This site is optimized with the Yoast SEO plugin v26.6 - https:\/\/yoast.com\/wordpress\/plugins\/seo\/ -->\n<title>REAG VIII. El\u0151ad\u00e1s felv\u00e9telek - Talajmeg\u00faj\u00edt\u00f3 Gazd\u00e1k Egyes\u00fclete<\/title>\n<meta name=\"robots\" content=\"index, follow, max-snippet:-1, max-image-preview:large, max-video-preview:-1\" \/>\n<link rel=\"canonical\" href=\"https:\/\/tmg.hu\/sl\/sobe\/reagirati-viii-eloadas-felvetelek\/\" \/>\n<meta property=\"og:locale\" content=\"sl_SI\" \/>\n<meta property=\"og:type\" content=\"article\" \/>\n<meta property=\"og:title\" content=\"REAG VIII. El\u0151ad\u00e1s felv\u00e9telek - Talajmeg\u00faj\u00edt\u00f3 Gazd\u00e1k Egyes\u00fclete\" \/>\n<meta property=\"og:description\" content=\"A talaj, ami \u00f6sszek\u00f6t Lemaradt\u00e1l a TMG REAG 8. Talaj\u00e9let Konferencia \u00e9s Szakki\u00e1ll\u00edt\u00e1sr\u00f3l? Most bep\u00f3tolhatod! Szerezd meg a teljes h\u00e1romnapos el\u0151ad\u00e1sfelv\u00e9telt, \u00e9s ismerd meg a regenerat\u00edv gazd\u00e1lkod\u00e1s legfontosabb t\u00e9m\u00e1it gyakorl\u00f3 gazd\u00e1kt\u00f3l, innovat\u00edv kutat\u00f3kt\u00f3l, valamint a talajmeg\u00faj\u00edt\u00e1s szak\u00e9rt\u0151it\u0151l, hazai \u00e9s nemzetk\u00f6zi ter\u00fcletekr\u0151l. Ez az esem\u00e9ny nem csup\u00e1n egy konferencia; K\u00f6z\u00e9p-Eur\u00f3pa legnagyobb regenerat\u00edv mez\u0151gazdas\u00e1gi rendezv\u00e9nye, ahol gazd\u00e1lkod\u00f3k, [&hellip;]\" \/>\n<meta property=\"og:url\" content=\"https:\/\/tmg.hu\/sl\/sobe\/reagirati-viii-eloadas-felvetelek\/\" \/>\n<meta property=\"og:site_name\" content=\"Talajmeg\u00faj\u00edt\u00f3 Gazd\u00e1k Egyes\u00fclete\" \/>\n<meta property=\"article:publisher\" content=\"https:\/\/www.facebook.com\/tmg.egyesulet\/\" \/>\n<meta property=\"article:modified_time\" content=\"2026-04-12T08:21:18+00:00\" \/>\n<meta property=\"og:image\" content=\"https:\/\/tmg.hu\/wp-content\/uploads\/2025\/02\/28A0472.JPG-masolata-scaled.jpg\" \/>\n\t<meta property=\"og:image:width\" content=\"2560\" \/>\n\t<meta property=\"og:image:height\" content=\"1707\" \/>\n\t<meta property=\"og:image:type\" content=\"image\/jpeg\" \/>\n<meta name=\"twitter:card\" content=\"summary_large_image\" \/>\n<meta name=\"twitter:label1\" content=\"Est. reading time\" \/>\n\t<meta name=\"twitter:data1\" content=\"5 minut\" \/>\n<script type=\"application\/ld+json\" class=\"yoast-schema-graph\">{\"@context\":\"https:\/\/schema.org\",\"@graph\":[{\"@type\":\"WebPage\",\"@id\":\"https:\/\/tmg.hu\/termek\/reag-viii-eloadas-felvetelek\/\",\"url\":\"https:\/\/tmg.hu\/termek\/reag-viii-eloadas-felvetelek\/\",\"name\":\"REAG VIII. El\u0151ad\u00e1s felv\u00e9telek - Talajmeg\u00faj\u00edt\u00f3 Gazd\u00e1k Egyes\u00fclete\",\"isPartOf\":{\"@id\":\"https:\/\/tmg.hu\/#website\"},\"primaryImageOfPage\":{\"@id\":\"https:\/\/tmg.hu\/termek\/reag-viii-eloadas-felvetelek\/#primaryimage\"},\"image\":{\"@id\":\"https:\/\/tmg.hu\/termek\/reag-viii-eloadas-felvetelek\/#primaryimage\"},\"thumbnailUrl\":\"https:\/\/tmg.hu\/wp-content\/uploads\/2025\/02\/28A0472.JPG-masolata-scaled.jpg\",\"datePublished\":\"2025-02-20T01:20:44+00:00\",\"dateModified\":\"2026-04-12T08:21:18+00:00\",\"breadcrumb\":{\"@id\":\"https:\/\/tmg.hu\/termek\/reag-viii-eloadas-felvetelek\/#breadcrumb\"},\"inLanguage\":\"sl-SI\",\"potentialAction\":[{\"@type\":\"ReadAction\",\"target\":[\"https:\/\/tmg.hu\/termek\/reag-viii-eloadas-felvetelek\/\"]}]},{\"@type\":\"ImageObject\",\"inLanguage\":\"sl-SI\",\"@id\":\"https:\/\/tmg.hu\/termek\/reag-viii-eloadas-felvetelek\/#primaryimage\",\"url\":\"https:\/\/tmg.hu\/wp-content\/uploads\/2025\/02\/28A0472.JPG-masolata-scaled.jpg\",\"contentUrl\":\"https:\/\/tmg.hu\/wp-content\/uploads\/2025\/02\/28A0472.JPG-masolata-scaled.jpg\",\"width\":2560,\"height\":1707},{\"@type\":\"BreadcrumbList\",\"@id\":\"https:\/\/tmg.hu\/termek\/reag-viii-eloadas-felvetelek\/#breadcrumb\",\"itemListElement\":[{\"@type\":\"ListItem\",\"position\":1,\"name\":\"Home\",\"item\":\"https:\/\/tmg.hu\/\"},{\"@type\":\"ListItem\",\"position\":2,\"name\":\"Webshop\",\"item\":\"https:\/\/tmg.hu\/webshop\/\"},{\"@type\":\"ListItem\",\"position\":3,\"name\":\"REAG VIII. El\u0151ad\u00e1s felv\u00e9telek\"}]},{\"@type\":\"WebSite\",\"@id\":\"https:\/\/tmg.hu\/#website\",\"url\":\"https:\/\/tmg.hu\/\",\"name\":\"TMG - Talajmeg\u00faj\u00edt\u00f3 Gazd\u00e1k Egyes\u00fclete\",\"description\":\"Talajmeg\u00faj\u00edt\u00f3 Gazd\u00e1k Egyes\u00fclete\",\"publisher\":{\"@id\":\"https:\/\/tmg.hu\/#organization\"},\"potentialAction\":[{\"@type\":\"SearchAction\",\"target\":{\"@type\":\"EntryPoint\",\"urlTemplate\":\"https:\/\/tmg.hu\/?s={search_term_string}\"},\"query-input\":{\"@type\":\"PropertyValueSpecification\",\"valueRequired\":true,\"valueName\":\"search_term_string\"}}],\"inLanguage\":\"sl-SI\"},{\"@type\":\"Organization\",\"@id\":\"https:\/\/tmg.hu\/#organization\",\"name\":\"Talajmeg\u00faj\u00edt\u00f3 Gazd\u00e1k Egyes\u00fclete\",\"url\":\"https:\/\/tmg.hu\/\",\"logo\":{\"@type\":\"ImageObject\",\"inLanguage\":\"sl-SI\",\"@id\":\"https:\/\/tmg.hu\/#\/schema\/logo\/image\/\",\"url\":\"https:\/\/tmg.hu\/wp-content\/uploads\/2024\/10\/tmg_og_logo.png\",\"contentUrl\":\"https:\/\/tmg.hu\/wp-content\/uploads\/2024\/10\/tmg_og_logo.png\",\"width\":1200,\"height\":630,\"caption\":\"Talajmeg\u00faj\u00edt\u00f3 Gazd\u00e1k Egyes\u00fclete\"},\"image\":{\"@id\":\"https:\/\/tmg.hu\/#\/schema\/logo\/image\/\"},\"sameAs\":[\"https:\/\/www.facebook.com\/tmg.egyesulet\/\",\"https:\/\/www.instagram.com\/tmg.hu\/\",\"https:\/\/www.youtube.com\/@tmg_egyesulet\"]}]}<\/script>\n<!-- \/ Yoast SEO plugin. -->","yoast_head_json":{"title":"REAG VIII Predstavitveni zapisi - Zdru\u017eenje kmetov za obnovo tal","robots":{"index":"index","follow":"follow","max-snippet":"max-snippet:-1","max-image-preview":"max-image-preview:large","max-video-preview":"max-video-preview:-1"},"canonical":"https:\/\/tmg.hu\/sl\/sobe\/reagirati-viii-eloadas-felvetelek\/","og_locale":"sl_SI","og_type":"article","og_title":"REAG VIII. El\u0151ad\u00e1s felv\u00e9telek - Talajmeg\u00faj\u00edt\u00f3 Gazd\u00e1k Egyes\u00fclete","og_description":"A talaj, ami \u00f6sszek\u00f6t Lemaradt\u00e1l a TMG REAG 8. Talaj\u00e9let Konferencia \u00e9s Szakki\u00e1ll\u00edt\u00e1sr\u00f3l? Most bep\u00f3tolhatod! Szerezd meg a teljes h\u00e1romnapos el\u0151ad\u00e1sfelv\u00e9telt, \u00e9s ismerd meg a regenerat\u00edv gazd\u00e1lkod\u00e1s legfontosabb t\u00e9m\u00e1it gyakorl\u00f3 gazd\u00e1kt\u00f3l, innovat\u00edv kutat\u00f3kt\u00f3l, valamint a talajmeg\u00faj\u00edt\u00e1s szak\u00e9rt\u0151it\u0151l, hazai \u00e9s nemzetk\u00f6zi ter\u00fcletekr\u0151l. Ez az esem\u00e9ny nem csup\u00e1n egy konferencia; K\u00f6z\u00e9p-Eur\u00f3pa legnagyobb regenerat\u00edv mez\u0151gazdas\u00e1gi rendezv\u00e9nye, ahol gazd\u00e1lkod\u00f3k, [&hellip;]","og_url":"https:\/\/tmg.hu\/sl\/sobe\/reagirati-viii-eloadas-felvetelek\/","og_site_name":"Talajmeg\u00faj\u00edt\u00f3 Gazd\u00e1k Egyes\u00fclete","article_publisher":"https:\/\/www.facebook.com\/tmg.egyesulet\/","article_modified_time":"2026-04-12T08:21:18+00:00","og_image":[{"width":2560,"height":1707,"url":"https:\/\/tmg.hu\/wp-content\/uploads\/2025\/02\/28A0472.JPG-masolata-scaled.jpg","type":"image\/jpeg"}],"twitter_card":"summary_large_image","twitter_misc":{"Est. reading time":"5 minut"},"schema":{"@context":"https:\/\/schema.org","@graph":[{"@type":"WebPage","@id":"https:\/\/tmg.hu\/termek\/reag-viii-eloadas-felvetelek\/","url":"https:\/\/tmg.hu\/termek\/reag-viii-eloadas-felvetelek\/","name":"REAG VIII Predstavitveni zapisi - Zdru\u017eenje kmetov za obnovo tal","isPartOf":{"@id":"https:\/\/tmg.hu\/#website"},"primaryImageOfPage":{"@id":"https:\/\/tmg.hu\/termek\/reag-viii-eloadas-felvetelek\/#primaryimage"},"image":{"@id":"https:\/\/tmg.hu\/termek\/reag-viii-eloadas-felvetelek\/#primaryimage"},"thumbnailUrl":"https:\/\/tmg.hu\/wp-content\/uploads\/2025\/02\/28A0472.JPG-masolata-scaled.jpg","datePublished":"2025-02-20T01:20:44+00:00","dateModified":"2026-04-12T08:21:18+00:00","breadcrumb":{"@id":"https:\/\/tmg.hu\/termek\/reag-viii-eloadas-felvetelek\/#breadcrumb"},"inLanguage":"sl-SI","potentialAction":[{"@type":"ReadAction","target":["https:\/\/tmg.hu\/termek\/reag-viii-eloadas-felvetelek\/"]}]},{"@type":"ImageObject","inLanguage":"sl-SI","@id":"https:\/\/tmg.hu\/termek\/reag-viii-eloadas-felvetelek\/#primaryimage","url":"https:\/\/tmg.hu\/wp-content\/uploads\/2025\/02\/28A0472.JPG-masolata-scaled.jpg","contentUrl":"https:\/\/tmg.hu\/wp-content\/uploads\/2025\/02\/28A0472.JPG-masolata-scaled.jpg","width":2560,"height":1707},{"@type":"BreadcrumbList","@id":"https:\/\/tmg.hu\/termek\/reag-viii-eloadas-felvetelek\/#breadcrumb","itemListElement":[{"@type":"ListItem","position":1,"name":"Home","item":"https:\/\/tmg.hu\/"},{"@type":"ListItem","position":2,"name":"Webshop","item":"https:\/\/tmg.hu\/webshop\/"},{"@type":"ListItem","position":3,"name":"REAG VIII. El\u0151ad\u00e1s felv\u00e9telek"}]},{"@type":"WebSite","@id":"https:\/\/tmg.hu\/#website","url":"https:\/\/tmg.hu\/","name":"TMG - Zdru\u017eenje kmetov za obnovo tal","description":"Zdru\u017eenje kmetov za obnovo tal","publisher":{"@id":"https:\/\/tmg.hu\/#organization"},"potentialAction":[{"@type":"SearchAction","target":{"@type":"EntryPoint","urlTemplate":"https:\/\/tmg.hu\/?s={search_term_string}"},"query-input":{"@type":"PropertyValueSpecification","valueRequired":true,"valueName":"search_term_string"}}],"inLanguage":"sl-SI"},{"@type":"Organization","@id":"https:\/\/tmg.hu\/#organization","name":"Zdru\u017eenje kmetov za obnovo tal","url":"https:\/\/tmg.hu\/","logo":{"@type":"ImageObject","inLanguage":"sl-SI","@id":"https:\/\/tmg.hu\/#\/schema\/logo\/image\/","url":"https:\/\/tmg.hu\/wp-content\/uploads\/2024\/10\/tmg_og_logo.png","contentUrl":"https:\/\/tmg.hu\/wp-content\/uploads\/2024\/10\/tmg_og_logo.png","width":1200,"height":630,"caption":"Talajmeg\u00faj\u00edt\u00f3 Gazd\u00e1k Egyes\u00fclete"},"image":{"@id":"https:\/\/tmg.hu\/#\/schema\/logo\/image\/"},"sameAs":["https:\/\/www.facebook.com\/tmg.egyesulet\/","https:\/\/www.instagram.com\/tmg.hu\/","https:\/\/www.youtube.com\/@tmg_egyesulet"]}]}},"_links":{"self":[{"href":"https:\/\/tmg.hu\/sl\/wp-json\/wp\/v2\/product\/9669","targetHints":{"allow":["GET"]}}],"collection":[{"href":"https:\/\/tmg.hu\/sl\/wp-json\/wp\/v2\/product"}],"about":[{"href":"https:\/\/tmg.hu\/sl\/wp-json\/wp\/v2\/types\/product"}],"wp:featuredmedia":[{"embeddable":true,"href":"https:\/\/tmg.hu\/sl\/wp-json\/wp\/v2\/media\/9689"}],"wp:attachment":[{"href":"https:\/\/tmg.hu\/sl\/wp-json\/wp\/v2\/media?parent=9669"}],"wp:term":[{"taxonomy":"product_brand","embeddable":true,"href":"https:\/\/tmg.hu\/sl\/wp-json\/wp\/v2\/product_brand?post=9669"},{"taxonomy":"product_cat","embeddable":true,"href":"https:\/\/tmg.hu\/sl\/wp-json\/wp\/v2\/product_cat?post=9669"},{"taxonomy":"product_tag","embeddable":true,"href":"https:\/\/tmg.hu\/sl\/wp-json\/wp\/v2\/product_tag?post=9669"}],"curies":[{"name":"wp","href":"https:\/\/api.w.org\/{rel}","templated":true}]}}