{"id":8754,"date":"2024-10-22T00:44:05","date_gmt":"2024-10-21T22:44:05","guid":{"rendered":"https:\/\/tmg.hu\/?post_type=product&#038;p=8754"},"modified":"2025-03-28T13:07:04","modified_gmt":"2025-03-28T12:07:04","slug":"gazdaforum-acid-muveles-kozel-70-es-kotottsegu-soils-videos-oktatasi-occasion","status":"publish","type":"product","link":"https:\/\/tmg.hu\/sl\/sobe\/gazdaforum-acid-muveles-kozel-70-es-kotottsegu-soils-videos-oktatasi-occasion\/","title":{"rendered":"Forum kmetov - Stripno obdelovanje na tleh z blizu 70 vezanimi tlemi Video usposabljanje"},"content":{"rendered":"<p style=\"text-align: center;\">\u010cas snemanja: <strong>2023.04.22.<\/strong><br \/>\nDol\u017eina snemanja: <strong>65 min<\/strong><br \/>\nLokacija: <strong>Obmo\u010dje Gyomaendr\u0151d<\/strong><\/p>\n<hr \/>\n<p>&nbsp;<\/p>\n<h2>Kako varno gojiti na zelo zgo\u0161\u010denih tleh, ne da bi po\u0161kodovali tla?<\/h2>\n<p>To je vpra\u0161anje Ede Kisovega dneva izobra\u017eevanja, na katerem bo delil svoje dosedanje izku\u0161nje. Sam je <strong>na poti k neobdelovanju, cesta je v pasu za gojenje<\/strong>ki v povpre\u010dju zagotavlja re\u0161itev za perc tla s trdoto 68, kar zagotavlja razmeroma enakomeren pridelek z najmanj\u0161imi mo\u017enimi motnjami.<\/p>\n<h2>Tehnologija tra\u010dnega obdelovanja tal na minutnih tleh<\/h2>\n<p>Lahko je kot plastelin. V\u010dasih je lahko kot beton. Ali nasprotno, kot maslo, namazano na kruh. Ko se za\u010dne su\u0161iti, razpade na drobne kocke. \u010ce je mokra, je nemogo\u010de gojiti, \u010de je suha, pa je zato.<\/p>\n<p>Optimalni \u010das za gojenje je zelo omejen in to prilo\u017enost smo izkoristili za dan usposabljanja, ki je zdaj <strong>smo se dogovorili na nenavaden na\u010din<\/strong>. Operacije smo posneli na video, jim dodali razlage in jih zdaj urejamo za vse, ki jih to zanima.<\/p>\n<h2>Iz posesti Little Ede<\/h2>\n<p>Obmo\u010dja s pasovno obdelavo so v povpre\u010dju 68 nekdanjih ri\u017eevih polj, ki so bila vezana na zlato. Po \u017eetvi je Ede strni\u0161\u010da pognojila, nato nekatera zatravila, na drugih pa ni storila ni\u010desar, \u0161ele septembra jih je obdelala s tra\u010dno ornico. Spomladi je bilo 24. marca opravljeno le eno popolno pletje, drugih opravil ni bilo.<\/p>\n<p>Son\u010dnica Ede pred setvijo <strong>Oglejte si, kako se na polju obnese \u0161piralni zobnik Avers Agro.<\/strong>.<\/p>\n<p>Nekaj sto metrov drug od drugega sta dve asfaltirani oznaki. Ena je navadna p\u0161eni\u010dna njiva, druga pa ima med pasovi pokrovne posevke r\u017ei in ostru\u017ekov.<br \/>\n<strong>Na obeh boste lahko spremljali setev.<\/strong><\/p>\n<p><strong>Obstaja tudi mo\u017enost, da se ozimni je\u010dmen poseje neposredno v p\u0161enico. Na voljo je tudi stalni prikaz sejalnice RAD.<\/strong><\/p>\n<h2>Spoznajte na\u0161ega gostitelja<\/h2>\n<p>Ede Kis se ukvarja s poljedelstvom na 259 hektarjih v Gyomaendr\u0151du v okro\u017eju B\u00e9k\u00e9s. Prideluje jesenska \u017eita, son\u010dnice, bukev in oljno redkev. Pribli\u017eno 80% njegove povr\u0161ine predstavljajo globoka tla s 60-70 kA pokritosti tal.<\/p>\n<p><strong>Leta 2007 je za\u010dela preusmerjati na plitvo obdelavo tal, ki temelji na rahljanju in plitvem kultiviranju.<br \/>\nOd leta 2016 eksperimentira z direktno setvijo in pokrivnimi posevki, od jeseni 2022 pa bo komercialno uporabljal tehnologijo strip-till.<\/strong><\/p>\n<p><em>\u010clan zdru\u017eenja TMG je \u017ee od njegove ustanovitve.<\/em><\/p>\n<table style=\"border-collapse: collapse; width: 100%;\" border=\"1\">\n<tbody>\n<tr>\n<td style=\"width: 100%;\">\n<p style=\"text-align: center;\">Video gradivo lahko kupite v na\u0161i spletni trgovini.<br \/>\nV nekaj dneh po pla\u010dilu vam bomo po e-po\u0161ti poslali geslo za dostop do spletnega mesta.<\/p>\n<p style=\"text-align: center;\">\n<\/td>\n<\/tr>\n<\/tbody>\n<\/table>\n<p>&nbsp;<\/p>\n<p style=\"text-align: center;\"><iframe title=\"Predvajalnik videoposnetkov YouTube\" src=\"\/\/www.youtube.com\/embed\/7ntVBo8DTmw?si=kIWmQ1xsgI2glTsR\" width=\"640\" height=\"360\" frameborder=\"0\" allowfullscreen=\"allowfullscreen\" data-mce-fragment=\"1\"><\/iframe><\/p>","protected":false},"excerpt":{"rendered":"<h3>Kako varno gojiti na zelo zgo\u0161\u010denih tleh, ne da bi po\u0161kodovali tla?<\/h3>\n<p>To je vpra\u0161anje Ede Kisovega dneva izobra\u017eevanja, na katerem bo delil svoje dosedanje izku\u0161nje. Tudi sam je na poti k neobdelovanju tal s pasovnim obdelovanjem, ki v povpre\u010dju na perc tleh s trdoto 68 ponuja re\u0161itev, ki zagotavlja razmeroma enakomeren pridelek ob \u010dim manj\u0161ih posegih v tla.<\/p>","protected":false},"featured_media":8766,"template":"","meta":[],"product_brand":[],"product_cat":[70],"product_tag":[],"class_list":{"0":"post-8754","1":"product","2":"type-product","3":"status-publish","4":"has-post-thumbnail","6":"product_cat-videok","8":"first","9":"instock","10":"virtual","11":"taxable","12":"purchasable","13":"product-type-simple"},"bundled_by":[],"bundle_stock_status":"instock","bundle_stock_quantity":null,"bundle_virtual":false,"bundle_layout":"","bundle_add_to_cart_form_location":"","bundle_editable_in_cart":false,"bundle_sold_individually_context":"","bundle_item_grouping":"","bundle_min_size":"","bundle_max_size":"","bundle_price":[],"bundled_items":[],"bundle_sell_ids":[],"yoast_head":"<!-- This site is optimized with the Yoast SEO plugin v26.6 - https:\/\/yoast.com\/wordpress\/plugins\/seo\/ -->\n<title>Gazdaf\u00f3rum - S\u00e1vos m\u0171vel\u00e9s k\u00f6zel 70-es k\u00f6t\u00f6tts\u00e9g\u0171 talajokon Vide\u00f3s oktat\u00e1si alkalom - Talajmeg\u00faj\u00edt\u00f3 Gazd\u00e1k Egyes\u00fclete<\/title>\n<meta name=\"robots\" content=\"index, follow, max-snippet:-1, max-image-preview:large, max-video-preview:-1\" \/>\n<link rel=\"canonical\" href=\"https:\/\/tmg.hu\/sl\/sobe\/gazdaforum-acid-muveles-kozel-70-es-kotottsegu-soils-videos-oktatasi-occasion\/\" \/>\n<meta property=\"og:locale\" content=\"sl_SI\" \/>\n<meta property=\"og:type\" content=\"article\" \/>\n<meta property=\"og:title\" content=\"Gazdaf\u00f3rum - S\u00e1vos m\u0171vel\u00e9s k\u00f6zel 70-es k\u00f6t\u00f6tts\u00e9g\u0171 talajokon Vide\u00f3s oktat\u00e1si alkalom - Talajmeg\u00faj\u00edt\u00f3 Gazd\u00e1k Egyes\u00fclete\" \/>\n<meta property=\"og:description\" content=\"Hogyan lehet talajk\u00edm\u00e9l\u0151 m\u00f3don, de biztons\u00e1ggal termelni extr\u00e9m k\u00f6t\u00f6tt talajokon? Ez Kis Ede oktat\u00e1si napj\u00e1nak k\u00e9rd\u00e9se, ezzel kapcsolatos eddigi tapasztalatait osztja majd meg. \u0150 maga a no-till fel\u00e9 tart\u00f3 \u00faton a s\u00e1vos m\u0171vel\u00e9sn\u00e9l tart, amely az \u00e1tlagosan 68-as kem\u00e9nys\u00e9g\u0171 perc talajokon olyan megold\u00e1st ny\u00fajt, hogy a lehet\u0151 legkisebb bolygat\u00e1ssal viszonylag kiegyenl\u00edtett term\u00e9st biztos\u00edt.\" \/>\n<meta property=\"og:url\" content=\"https:\/\/tmg.hu\/sl\/sobe\/gazdaforum-acid-muveles-kozel-70-es-kotottsegu-soils-videos-oktatasi-occasion\/\" \/>\n<meta property=\"og:site_name\" content=\"Talajmeg\u00faj\u00edt\u00f3 Gazd\u00e1k Egyes\u00fclete\" \/>\n<meta property=\"article:publisher\" content=\"https:\/\/www.facebook.com\/tmg.egyesulet\/\" \/>\n<meta property=\"article:modified_time\" content=\"2025-03-28T12:07:04+00:00\" \/>\n<meta property=\"og:image\" content=\"https:\/\/tmg.hu\/wp-content\/uploads\/2024\/10\/savos_muveles_video_6.jpg\" \/>\n\t<meta property=\"og:image:width\" content=\"1000\" \/>\n\t<meta property=\"og:image:height\" content=\"666\" \/>\n\t<meta property=\"og:image:type\" content=\"image\/jpeg\" \/>\n<meta name=\"twitter:card\" content=\"summary_large_image\" \/>\n<meta name=\"twitter:label1\" content=\"Est. reading time\" \/>\n\t<meta name=\"twitter:data1\" content=\"3 minute\" \/>\n<script type=\"application\/ld+json\" class=\"yoast-schema-graph\">{\"@context\":\"https:\/\/schema.org\",\"@graph\":[{\"@type\":\"WebPage\",\"@id\":\"https:\/\/tmg.hu\/sk\/izby\/gazdaforum-acid-muveles-kozel-70-es-kotottsegu-soils-videos-oktatasi-occasion\/\",\"url\":\"https:\/\/tmg.hu\/sk\/izby\/gazdaforum-acid-muveles-kozel-70-es-kotottsegu-soils-videos-oktatasi-occasion\/\",\"name\":\"Gazdaf\u00f3rum - S\u00e1vos m\u0171vel\u00e9s k\u00f6zel 70-es k\u00f6t\u00f6tts\u00e9g\u0171 talajokon Vide\u00f3s oktat\u00e1si alkalom - Talajmeg\u00faj\u00edt\u00f3 Gazd\u00e1k Egyes\u00fclete\",\"isPartOf\":{\"@id\":\"https:\/\/tmg.hu\/#website\"},\"primaryImageOfPage\":{\"@id\":\"https:\/\/tmg.hu\/sk\/izby\/gazdaforum-acid-muveles-kozel-70-es-kotottsegu-soils-videos-oktatasi-occasion\/#primaryimage\"},\"image\":{\"@id\":\"https:\/\/tmg.hu\/sk\/izby\/gazdaforum-acid-muveles-kozel-70-es-kotottsegu-soils-videos-oktatasi-occasion\/#primaryimage\"},\"thumbnailUrl\":\"https:\/\/tmg.hu\/wp-content\/uploads\/2024\/10\/savos_muveles_video_6.jpg\",\"datePublished\":\"2024-10-21T22:44:05+00:00\",\"dateModified\":\"2025-03-28T12:07:04+00:00\",\"breadcrumb\":{\"@id\":\"https:\/\/tmg.hu\/sk\/izby\/gazdaforum-acid-muveles-kozel-70-es-kotottsegu-soils-videos-oktatasi-occasion\/#breadcrumb\"},\"inLanguage\":\"sl-SI\",\"potentialAction\":[{\"@type\":\"ReadAction\",\"target\":[\"https:\/\/tmg.hu\/sk\/izby\/gazdaforum-acid-muveles-kozel-70-es-kotottsegu-soils-videos-oktatasi-occasion\/\"]}]},{\"@type\":\"ImageObject\",\"inLanguage\":\"sl-SI\",\"@id\":\"https:\/\/tmg.hu\/sk\/izby\/gazdaforum-acid-muveles-kozel-70-es-kotottsegu-soils-videos-oktatasi-occasion\/#primaryimage\",\"url\":\"https:\/\/tmg.hu\/wp-content\/uploads\/2024\/10\/savos_muveles_video_6.jpg\",\"contentUrl\":\"https:\/\/tmg.hu\/wp-content\/uploads\/2024\/10\/savos_muveles_video_6.jpg\",\"width\":1000,\"height\":666},{\"@type\":\"BreadcrumbList\",\"@id\":\"https:\/\/tmg.hu\/sk\/izby\/gazdaforum-acid-muveles-kozel-70-es-kotottsegu-soils-videos-oktatasi-occasion\/#breadcrumb\",\"itemListElement\":[{\"@type\":\"ListItem\",\"position\":1,\"name\":\"Home\",\"item\":\"https:\/\/tmg.hu\/\"},{\"@type\":\"ListItem\",\"position\":2,\"name\":\"Webshop\",\"item\":\"https:\/\/tmg.hu\/webshop\/\"},{\"@type\":\"ListItem\",\"position\":3,\"name\":\"Gazdaf\u00f3rum &#8211; S\u00e1vos m\u0171vel\u00e9s k\u00f6zel 70-es k\u00f6t\u00f6tts\u00e9g\u0171 talajokon Vide\u00f3s oktat\u00e1si alkalom\"}]},{\"@type\":\"WebSite\",\"@id\":\"https:\/\/tmg.hu\/#website\",\"url\":\"https:\/\/tmg.hu\/\",\"name\":\"TMG - Talajmeg\u00faj\u00edt\u00f3 Gazd\u00e1k Egyes\u00fclete\",\"description\":\"Talajmeg\u00faj\u00edt\u00f3 Gazd\u00e1k Egyes\u00fclete\",\"publisher\":{\"@id\":\"https:\/\/tmg.hu\/#organization\"},\"potentialAction\":[{\"@type\":\"SearchAction\",\"target\":{\"@type\":\"EntryPoint\",\"urlTemplate\":\"https:\/\/tmg.hu\/?s={search_term_string}\"},\"query-input\":{\"@type\":\"PropertyValueSpecification\",\"valueRequired\":true,\"valueName\":\"search_term_string\"}}],\"inLanguage\":\"sl-SI\"},{\"@type\":\"Organization\",\"@id\":\"https:\/\/tmg.hu\/#organization\",\"name\":\"Talajmeg\u00faj\u00edt\u00f3 Gazd\u00e1k Egyes\u00fclete\",\"url\":\"https:\/\/tmg.hu\/\",\"logo\":{\"@type\":\"ImageObject\",\"inLanguage\":\"sl-SI\",\"@id\":\"https:\/\/tmg.hu\/#\/schema\/logo\/image\/\",\"url\":\"https:\/\/tmg.hu\/wp-content\/uploads\/2024\/10\/tmg_og_logo.png\",\"contentUrl\":\"https:\/\/tmg.hu\/wp-content\/uploads\/2024\/10\/tmg_og_logo.png\",\"width\":1200,\"height\":630,\"caption\":\"Talajmeg\u00faj\u00edt\u00f3 Gazd\u00e1k Egyes\u00fclete\"},\"image\":{\"@id\":\"https:\/\/tmg.hu\/#\/schema\/logo\/image\/\"},\"sameAs\":[\"https:\/\/www.facebook.com\/tmg.egyesulet\/\",\"https:\/\/www.instagram.com\/tmg.hu\/\",\"https:\/\/www.youtube.com\/@tmg_egyesulet\"]}]}<\/script>\n<!-- \/ Yoast SEO plugin. -->","yoast_head_json":{"title":"Forum kmetov - Strip cropping na tleh z nagibom blizu 70 Video izobra\u017eevalni sestanek - Zdru\u017eenje kmetov za obnovo tal","robots":{"index":"index","follow":"follow","max-snippet":"max-snippet:-1","max-image-preview":"max-image-preview:large","max-video-preview":"max-video-preview:-1"},"canonical":"https:\/\/tmg.hu\/sl\/sobe\/gazdaforum-acid-muveles-kozel-70-es-kotottsegu-soils-videos-oktatasi-occasion\/","og_locale":"sl_SI","og_type":"article","og_title":"Gazdaf\u00f3rum - S\u00e1vos m\u0171vel\u00e9s k\u00f6zel 70-es k\u00f6t\u00f6tts\u00e9g\u0171 talajokon Vide\u00f3s oktat\u00e1si alkalom - Talajmeg\u00faj\u00edt\u00f3 Gazd\u00e1k Egyes\u00fclete","og_description":"Hogyan lehet talajk\u00edm\u00e9l\u0151 m\u00f3don, de biztons\u00e1ggal termelni extr\u00e9m k\u00f6t\u00f6tt talajokon? Ez Kis Ede oktat\u00e1si napj\u00e1nak k\u00e9rd\u00e9se, ezzel kapcsolatos eddigi tapasztalatait osztja majd meg. \u0150 maga a no-till fel\u00e9 tart\u00f3 \u00faton a s\u00e1vos m\u0171vel\u00e9sn\u00e9l tart, amely az \u00e1tlagosan 68-as kem\u00e9nys\u00e9g\u0171 perc talajokon olyan megold\u00e1st ny\u00fajt, hogy a lehet\u0151 legkisebb bolygat\u00e1ssal viszonylag kiegyenl\u00edtett term\u00e9st biztos\u00edt.","og_url":"https:\/\/tmg.hu\/sl\/sobe\/gazdaforum-acid-muveles-kozel-70-es-kotottsegu-soils-videos-oktatasi-occasion\/","og_site_name":"Talajmeg\u00faj\u00edt\u00f3 Gazd\u00e1k Egyes\u00fclete","article_publisher":"https:\/\/www.facebook.com\/tmg.egyesulet\/","article_modified_time":"2025-03-28T12:07:04+00:00","og_image":[{"width":1000,"height":666,"url":"https:\/\/tmg.hu\/wp-content\/uploads\/2024\/10\/savos_muveles_video_6.jpg","type":"image\/jpeg"}],"twitter_card":"summary_large_image","twitter_misc":{"Est. reading time":"3 minute"},"schema":{"@context":"https:\/\/schema.org","@graph":[{"@type":"WebPage","@id":"https:\/\/tmg.hu\/sk\/izby\/gazdaforum-acid-muveles-kozel-70-es-kotottsegu-soils-videos-oktatasi-occasion\/","url":"https:\/\/tmg.hu\/sk\/izby\/gazdaforum-acid-muveles-kozel-70-es-kotottsegu-soils-videos-oktatasi-occasion\/","name":"Forum kmetov - Strip cropping na tleh z nagibom blizu 70 Video izobra\u017eevalni sestanek - Zdru\u017eenje kmetov za obnovo tal","isPartOf":{"@id":"https:\/\/tmg.hu\/#website"},"primaryImageOfPage":{"@id":"https:\/\/tmg.hu\/sk\/izby\/gazdaforum-acid-muveles-kozel-70-es-kotottsegu-soils-videos-oktatasi-occasion\/#primaryimage"},"image":{"@id":"https:\/\/tmg.hu\/sk\/izby\/gazdaforum-acid-muveles-kozel-70-es-kotottsegu-soils-videos-oktatasi-occasion\/#primaryimage"},"thumbnailUrl":"https:\/\/tmg.hu\/wp-content\/uploads\/2024\/10\/savos_muveles_video_6.jpg","datePublished":"2024-10-21T22:44:05+00:00","dateModified":"2025-03-28T12:07:04+00:00","breadcrumb":{"@id":"https:\/\/tmg.hu\/sk\/izby\/gazdaforum-acid-muveles-kozel-70-es-kotottsegu-soils-videos-oktatasi-occasion\/#breadcrumb"},"inLanguage":"sl-SI","potentialAction":[{"@type":"ReadAction","target":["https:\/\/tmg.hu\/sk\/izby\/gazdaforum-acid-muveles-kozel-70-es-kotottsegu-soils-videos-oktatasi-occasion\/"]}]},{"@type":"ImageObject","inLanguage":"sl-SI","@id":"https:\/\/tmg.hu\/sk\/izby\/gazdaforum-acid-muveles-kozel-70-es-kotottsegu-soils-videos-oktatasi-occasion\/#primaryimage","url":"https:\/\/tmg.hu\/wp-content\/uploads\/2024\/10\/savos_muveles_video_6.jpg","contentUrl":"https:\/\/tmg.hu\/wp-content\/uploads\/2024\/10\/savos_muveles_video_6.jpg","width":1000,"height":666},{"@type":"BreadcrumbList","@id":"https:\/\/tmg.hu\/sk\/izby\/gazdaforum-acid-muveles-kozel-70-es-kotottsegu-soils-videos-oktatasi-occasion\/#breadcrumb","itemListElement":[{"@type":"ListItem","position":1,"name":"Home","item":"https:\/\/tmg.hu\/"},{"@type":"ListItem","position":2,"name":"Webshop","item":"https:\/\/tmg.hu\/webshop\/"},{"@type":"ListItem","position":3,"name":"Gazdaf\u00f3rum &#8211; S\u00e1vos m\u0171vel\u00e9s k\u00f6zel 70-es k\u00f6t\u00f6tts\u00e9g\u0171 talajokon Vide\u00f3s oktat\u00e1si alkalom"}]},{"@type":"WebSite","@id":"https:\/\/tmg.hu\/#website","url":"https:\/\/tmg.hu\/","name":"TMG - Zdru\u017eenje kmetov za obnovo tal","description":"Zdru\u017eenje kmetov za obnovo tal","publisher":{"@id":"https:\/\/tmg.hu\/#organization"},"potentialAction":[{"@type":"SearchAction","target":{"@type":"EntryPoint","urlTemplate":"https:\/\/tmg.hu\/?s={search_term_string}"},"query-input":{"@type":"PropertyValueSpecification","valueRequired":true,"valueName":"search_term_string"}}],"inLanguage":"sl-SI"},{"@type":"Organization","@id":"https:\/\/tmg.hu\/#organization","name":"Zdru\u017eenje kmetov za obnovo tal","url":"https:\/\/tmg.hu\/","logo":{"@type":"ImageObject","inLanguage":"sl-SI","@id":"https:\/\/tmg.hu\/#\/schema\/logo\/image\/","url":"https:\/\/tmg.hu\/wp-content\/uploads\/2024\/10\/tmg_og_logo.png","contentUrl":"https:\/\/tmg.hu\/wp-content\/uploads\/2024\/10\/tmg_og_logo.png","width":1200,"height":630,"caption":"Talajmeg\u00faj\u00edt\u00f3 Gazd\u00e1k Egyes\u00fclete"},"image":{"@id":"https:\/\/tmg.hu\/#\/schema\/logo\/image\/"},"sameAs":["https:\/\/www.facebook.com\/tmg.egyesulet\/","https:\/\/www.instagram.com\/tmg.hu\/","https:\/\/www.youtube.com\/@tmg_egyesulet"]}]}},"_links":{"self":[{"href":"https:\/\/tmg.hu\/sl\/wp-json\/wp\/v2\/product\/8754","targetHints":{"allow":["GET"]}}],"collection":[{"href":"https:\/\/tmg.hu\/sl\/wp-json\/wp\/v2\/product"}],"about":[{"href":"https:\/\/tmg.hu\/sl\/wp-json\/wp\/v2\/types\/product"}],"wp:featuredmedia":[{"embeddable":true,"href":"https:\/\/tmg.hu\/sl\/wp-json\/wp\/v2\/media\/8766"}],"wp:attachment":[{"href":"https:\/\/tmg.hu\/sl\/wp-json\/wp\/v2\/media?parent=8754"}],"wp:term":[{"taxonomy":"product_brand","embeddable":true,"href":"https:\/\/tmg.hu\/sl\/wp-json\/wp\/v2\/product_brand?post=8754"},{"taxonomy":"product_cat","embeddable":true,"href":"https:\/\/tmg.hu\/sl\/wp-json\/wp\/v2\/product_cat?post=8754"},{"taxonomy":"product_tag","embeddable":true,"href":"https:\/\/tmg.hu\/sl\/wp-json\/wp\/v2\/product_tag?post=8754"}],"curies":[{"name":"wp","href":"https:\/\/api.w.org\/{rel}","templated":true}]}}