{"id":8751,"date":"2024-10-22T00:42:45","date_gmt":"2024-10-21T22:42:45","guid":{"rendered":"https:\/\/tmg.hu\/?post_type=product&#038;p=8751"},"modified":"2026-04-20T19:36:25","modified_gmt":"2026-04-20T17:36:25","slug":"za-zacetek-ni-do","status":"publish","type":"product","link":"https:\/\/tmg.hu\/sl\/sobe\/za-zacetek-ni-do\/","title":{"rendered":"No-Till za za\u010detnike"},"content":{"rendered":"<p>Spoznajte tlom prijazno tehnologijo, ki z manj truda omogo\u010da pridelavo u\u010dinkovitih in uspe\u0161nih pridelkov...<\/p>\n<p>Knjiga No-till za za\u010detnike je obvezno branje za vse kmete, ki se \u017eelijo izogniti staremu, znanemu na\u010dinu pridelovanja polj\u0161\u010din, ki izkori\u0161\u010da tla.<\/p>","protected":false},"excerpt":{"rendered":"<p>Prva knjiga No-Till v mad\u017ear\u0161\u010dini! Mykhaylo Draganchuk No-Till for Beginners je jedrnata, strokovna knjiga brez slik. Uporabna je za tiste, ki \u017eelijo preiti na obdelavo brez obdelave tal ali pa \u017ee nekaj \u010dasa posku\u0161ajo, vendar imajo veliko vpra\u0161anj. Ukrajinski kmet Draganchuk na 150 straneh deli svoje izku\u0161nje pri prehodu na brezoralno obdelavo tal. Deli znanje \u0161tevilnih kmetov iz razli\u010dnih dr\u017eav, ki so prav tako uspe\u0161no pre\u0161li skozi proces uvajanja te tehnologije.<\/p>","protected":false},"featured_media":8792,"template":"","meta":[],"product_brand":[],"product_cat":[69],"product_tag":[],"class_list":{"0":"post-8751","1":"product","2":"type-product","3":"status-publish","4":"has-post-thumbnail","6":"product_cat-konyvek","8":"first","9":"instock","10":"taxable","11":"shipping-taxable","12":"purchasable","13":"product-type-simple"},"bundled_by":[],"bundle_stock_status":"instock","bundle_stock_quantity":25,"bundle_virtual":false,"bundle_layout":"","bundle_add_to_cart_form_location":"","bundle_editable_in_cart":false,"bundle_sold_individually_context":"","bundle_item_grouping":"","bundle_min_size":"","bundle_max_size":"","bundle_price":[],"bundled_items":[],"bundle_sell_ids":[],"yoast_head":"<!-- This site is optimized with the Yoast SEO plugin v26.6 - https:\/\/yoast.com\/wordpress\/plugins\/seo\/ -->\n<title>No-Till kezd\u0151knek - Talajmeg\u00faj\u00edt\u00f3 Gazd\u00e1k Egyes\u00fclete<\/title>\n<meta name=\"robots\" content=\"index, follow, max-snippet:-1, max-image-preview:large, max-video-preview:-1\" \/>\n<link rel=\"canonical\" href=\"https:\/\/tmg.hu\/sl\/sobe\/za-zacetek-ni-do\/\" \/>\n<meta property=\"og:locale\" content=\"sl_SI\" \/>\n<meta property=\"og:type\" content=\"article\" \/>\n<meta property=\"og:title\" content=\"No-Till kezd\u0151knek - Talajmeg\u00faj\u00edt\u00f3 Gazd\u00e1k Egyes\u00fclete\" \/>\n<meta property=\"og:description\" content=\"Az els\u0151 No-Till k\u00f6nyv magyarul! Mykhaylo Draganchuk No-Till kezd\u0151knek c\u00edm\u0171 k\u00f6nyve egy k\u00e9pek n\u00e9lk\u00fcli t\u00f6m\u00f6r szakmai anyag. Azok vehetik haszn\u00e1t, akik a no-till rendszerre szeretn\u00e9nek \u00e1tt\u00e9rni vagy egy ideje m\u00e1r pr\u00f3b\u00e1lkoznak, de sok k\u00e9rd\u00e9s\u00fck mer\u00fclt fel. Draganchuk, az ukr\u00e1n gazda 150 oldalon \u00e1t osztja meg tapasztalatait a no-till rendszerre val\u00f3 \u00e1tt\u00e9r\u00e9sr\u0151l. Sz\u00e1mos olyan, k\u00fcl\u00f6nb\u00f6z\u0151 orsz\u00e1gokb\u00f3l sz\u00e1rmaz\u00f3 gazd\u00e1lkod\u00f3 tud\u00e1s\u00e1t t\u00e1rja el\u00e9nk, akik szint\u00e9n sikeresen \u00e1tjutottak e technol\u00f3gia elsaj\u00e1t\u00edt\u00e1s\u00e1nak folyamat\u00e1n.\" \/>\n<meta property=\"og:url\" content=\"https:\/\/tmg.hu\/sl\/sobe\/za-zacetek-ni-do\/\" \/>\n<meta property=\"og:site_name\" content=\"Talajmeg\u00faj\u00edt\u00f3 Gazd\u00e1k Egyes\u00fclete\" \/>\n<meta property=\"article:publisher\" content=\"https:\/\/www.facebook.com\/tmg.egyesulet\/\" \/>\n<meta property=\"article:modified_time\" content=\"2026-04-20T17:36:25+00:00\" \/>\n<meta property=\"og:image\" content=\"https:\/\/tmg.hu\/wp-content\/uploads\/2024\/10\/magyar-No-Till-borito.jpg\" \/>\n\t<meta property=\"og:image:width\" content=\"742\" \/>\n\t<meta property=\"og:image:height\" content=\"1042\" \/>\n\t<meta property=\"og:image:type\" content=\"image\/jpeg\" \/>\n<meta name=\"twitter:card\" content=\"summary_large_image\" \/>\n<meta name=\"twitter:label1\" content=\"Est. reading time\" \/>\n\t<meta name=\"twitter:data1\" content=\"1 minuta\" \/>\n<script type=\"application\/ld+json\" class=\"yoast-schema-graph\">{\"@context\":\"https:\/\/schema.org\",\"@graph\":[{\"@type\":\"WebPage\",\"@id\":\"https:\/\/tmg.hu\/de\/zimmer\/keine-kasse-fur-vorspeisen\/\",\"url\":\"https:\/\/tmg.hu\/de\/zimmer\/keine-kasse-fur-vorspeisen\/\",\"name\":\"No-Till kezd\u0151knek - Talajmeg\u00faj\u00edt\u00f3 Gazd\u00e1k Egyes\u00fclete\",\"isPartOf\":{\"@id\":\"https:\/\/tmg.hu\/#website\"},\"primaryImageOfPage\":{\"@id\":\"https:\/\/tmg.hu\/de\/zimmer\/keine-kasse-fur-vorspeisen\/#primaryimage\"},\"image\":{\"@id\":\"https:\/\/tmg.hu\/de\/zimmer\/keine-kasse-fur-vorspeisen\/#primaryimage\"},\"thumbnailUrl\":\"https:\/\/tmg.hu\/wp-content\/uploads\/2024\/10\/magyar-No-Till-borito.jpg\",\"datePublished\":\"2024-10-21T22:42:45+00:00\",\"dateModified\":\"2026-04-20T17:36:25+00:00\",\"breadcrumb\":{\"@id\":\"https:\/\/tmg.hu\/de\/zimmer\/keine-kasse-fur-vorspeisen\/#breadcrumb\"},\"inLanguage\":\"sl-SI\",\"potentialAction\":[{\"@type\":\"ReadAction\",\"target\":[\"https:\/\/tmg.hu\/de\/zimmer\/keine-kasse-fur-vorspeisen\/\"]}]},{\"@type\":\"ImageObject\",\"inLanguage\":\"sl-SI\",\"@id\":\"https:\/\/tmg.hu\/de\/zimmer\/keine-kasse-fur-vorspeisen\/#primaryimage\",\"url\":\"https:\/\/tmg.hu\/wp-content\/uploads\/2024\/10\/magyar-No-Till-borito.jpg\",\"contentUrl\":\"https:\/\/tmg.hu\/wp-content\/uploads\/2024\/10\/magyar-No-Till-borito.jpg\",\"width\":742,\"height\":1042},{\"@type\":\"BreadcrumbList\",\"@id\":\"https:\/\/tmg.hu\/de\/zimmer\/keine-kasse-fur-vorspeisen\/#breadcrumb\",\"itemListElement\":[{\"@type\":\"ListItem\",\"position\":1,\"name\":\"Home\",\"item\":\"https:\/\/tmg.hu\/\"},{\"@type\":\"ListItem\",\"position\":2,\"name\":\"Webshop\",\"item\":\"https:\/\/tmg.hu\/webshop\/\"},{\"@type\":\"ListItem\",\"position\":3,\"name\":\"No-Till kezd\u0151knek\"}]},{\"@type\":\"WebSite\",\"@id\":\"https:\/\/tmg.hu\/#website\",\"url\":\"https:\/\/tmg.hu\/\",\"name\":\"TMG - Talajmeg\u00faj\u00edt\u00f3 Gazd\u00e1k Egyes\u00fclete\",\"description\":\"Talajmeg\u00faj\u00edt\u00f3 Gazd\u00e1k Egyes\u00fclete\",\"publisher\":{\"@id\":\"https:\/\/tmg.hu\/#organization\"},\"potentialAction\":[{\"@type\":\"SearchAction\",\"target\":{\"@type\":\"EntryPoint\",\"urlTemplate\":\"https:\/\/tmg.hu\/?s={search_term_string}\"},\"query-input\":{\"@type\":\"PropertyValueSpecification\",\"valueRequired\":true,\"valueName\":\"search_term_string\"}}],\"inLanguage\":\"sl-SI\"},{\"@type\":\"Organization\",\"@id\":\"https:\/\/tmg.hu\/#organization\",\"name\":\"Talajmeg\u00faj\u00edt\u00f3 Gazd\u00e1k Egyes\u00fclete\",\"url\":\"https:\/\/tmg.hu\/\",\"logo\":{\"@type\":\"ImageObject\",\"inLanguage\":\"sl-SI\",\"@id\":\"https:\/\/tmg.hu\/#\/schema\/logo\/image\/\",\"url\":\"https:\/\/tmg.hu\/wp-content\/uploads\/2024\/10\/tmg_og_logo.png\",\"contentUrl\":\"https:\/\/tmg.hu\/wp-content\/uploads\/2024\/10\/tmg_og_logo.png\",\"width\":1200,\"height\":630,\"caption\":\"Talajmeg\u00faj\u00edt\u00f3 Gazd\u00e1k Egyes\u00fclete\"},\"image\":{\"@id\":\"https:\/\/tmg.hu\/#\/schema\/logo\/image\/\"},\"sameAs\":[\"https:\/\/www.facebook.com\/tmg.egyesulet\/\",\"https:\/\/www.instagram.com\/tmg.hu\/\",\"https:\/\/www.youtube.com\/@tmg_egyesulet\"]}]}<\/script>\n<!-- \/ Yoast SEO plugin. -->","yoast_head_json":{"title":"No-Till za za\u010detnike - Zdru\u017eenje kmetov za obnovo tal","robots":{"index":"index","follow":"follow","max-snippet":"max-snippet:-1","max-image-preview":"max-image-preview:large","max-video-preview":"max-video-preview:-1"},"canonical":"https:\/\/tmg.hu\/sl\/sobe\/za-zacetek-ni-do\/","og_locale":"sl_SI","og_type":"article","og_title":"No-Till kezd\u0151knek - Talajmeg\u00faj\u00edt\u00f3 Gazd\u00e1k Egyes\u00fclete","og_description":"Az els\u0151 No-Till k\u00f6nyv magyarul! Mykhaylo Draganchuk No-Till kezd\u0151knek c\u00edm\u0171 k\u00f6nyve egy k\u00e9pek n\u00e9lk\u00fcli t\u00f6m\u00f6r szakmai anyag. Azok vehetik haszn\u00e1t, akik a no-till rendszerre szeretn\u00e9nek \u00e1tt\u00e9rni vagy egy ideje m\u00e1r pr\u00f3b\u00e1lkoznak, de sok k\u00e9rd\u00e9s\u00fck mer\u00fclt fel. Draganchuk, az ukr\u00e1n gazda 150 oldalon \u00e1t osztja meg tapasztalatait a no-till rendszerre val\u00f3 \u00e1tt\u00e9r\u00e9sr\u0151l. Sz\u00e1mos olyan, k\u00fcl\u00f6nb\u00f6z\u0151 orsz\u00e1gokb\u00f3l sz\u00e1rmaz\u00f3 gazd\u00e1lkod\u00f3 tud\u00e1s\u00e1t t\u00e1rja el\u00e9nk, akik szint\u00e9n sikeresen \u00e1tjutottak e technol\u00f3gia elsaj\u00e1t\u00edt\u00e1s\u00e1nak folyamat\u00e1n.","og_url":"https:\/\/tmg.hu\/sl\/sobe\/za-zacetek-ni-do\/","og_site_name":"Talajmeg\u00faj\u00edt\u00f3 Gazd\u00e1k Egyes\u00fclete","article_publisher":"https:\/\/www.facebook.com\/tmg.egyesulet\/","article_modified_time":"2026-04-20T17:36:25+00:00","og_image":[{"width":742,"height":1042,"url":"https:\/\/tmg.hu\/wp-content\/uploads\/2024\/10\/magyar-No-Till-borito.jpg","type":"image\/jpeg"}],"twitter_card":"summary_large_image","twitter_misc":{"Est. reading time":"1 minuta"},"schema":{"@context":"https:\/\/schema.org","@graph":[{"@type":"WebPage","@id":"https:\/\/tmg.hu\/de\/zimmer\/keine-kasse-fur-vorspeisen\/","url":"https:\/\/tmg.hu\/de\/zimmer\/keine-kasse-fur-vorspeisen\/","name":"No-Till za za\u010detnike - Zdru\u017eenje kmetov za obnovo tal","isPartOf":{"@id":"https:\/\/tmg.hu\/#website"},"primaryImageOfPage":{"@id":"https:\/\/tmg.hu\/de\/zimmer\/keine-kasse-fur-vorspeisen\/#primaryimage"},"image":{"@id":"https:\/\/tmg.hu\/de\/zimmer\/keine-kasse-fur-vorspeisen\/#primaryimage"},"thumbnailUrl":"https:\/\/tmg.hu\/wp-content\/uploads\/2024\/10\/magyar-No-Till-borito.jpg","datePublished":"2024-10-21T22:42:45+00:00","dateModified":"2026-04-20T17:36:25+00:00","breadcrumb":{"@id":"https:\/\/tmg.hu\/de\/zimmer\/keine-kasse-fur-vorspeisen\/#breadcrumb"},"inLanguage":"sl-SI","potentialAction":[{"@type":"ReadAction","target":["https:\/\/tmg.hu\/de\/zimmer\/keine-kasse-fur-vorspeisen\/"]}]},{"@type":"ImageObject","inLanguage":"sl-SI","@id":"https:\/\/tmg.hu\/de\/zimmer\/keine-kasse-fur-vorspeisen\/#primaryimage","url":"https:\/\/tmg.hu\/wp-content\/uploads\/2024\/10\/magyar-No-Till-borito.jpg","contentUrl":"https:\/\/tmg.hu\/wp-content\/uploads\/2024\/10\/magyar-No-Till-borito.jpg","width":742,"height":1042},{"@type":"BreadcrumbList","@id":"https:\/\/tmg.hu\/de\/zimmer\/keine-kasse-fur-vorspeisen\/#breadcrumb","itemListElement":[{"@type":"ListItem","position":1,"name":"Home","item":"https:\/\/tmg.hu\/"},{"@type":"ListItem","position":2,"name":"Webshop","item":"https:\/\/tmg.hu\/webshop\/"},{"@type":"ListItem","position":3,"name":"No-Till kezd\u0151knek"}]},{"@type":"WebSite","@id":"https:\/\/tmg.hu\/#website","url":"https:\/\/tmg.hu\/","name":"TMG - Zdru\u017eenje kmetov za obnovo tal","description":"Zdru\u017eenje kmetov za obnovo tal","publisher":{"@id":"https:\/\/tmg.hu\/#organization"},"potentialAction":[{"@type":"SearchAction","target":{"@type":"EntryPoint","urlTemplate":"https:\/\/tmg.hu\/?s={search_term_string}"},"query-input":{"@type":"PropertyValueSpecification","valueRequired":true,"valueName":"search_term_string"}}],"inLanguage":"sl-SI"},{"@type":"Organization","@id":"https:\/\/tmg.hu\/#organization","name":"Zdru\u017eenje kmetov za obnovo tal","url":"https:\/\/tmg.hu\/","logo":{"@type":"ImageObject","inLanguage":"sl-SI","@id":"https:\/\/tmg.hu\/#\/schema\/logo\/image\/","url":"https:\/\/tmg.hu\/wp-content\/uploads\/2024\/10\/tmg_og_logo.png","contentUrl":"https:\/\/tmg.hu\/wp-content\/uploads\/2024\/10\/tmg_og_logo.png","width":1200,"height":630,"caption":"Talajmeg\u00faj\u00edt\u00f3 Gazd\u00e1k Egyes\u00fclete"},"image":{"@id":"https:\/\/tmg.hu\/#\/schema\/logo\/image\/"},"sameAs":["https:\/\/www.facebook.com\/tmg.egyesulet\/","https:\/\/www.instagram.com\/tmg.hu\/","https:\/\/www.youtube.com\/@tmg_egyesulet"]}]}},"_links":{"self":[{"href":"https:\/\/tmg.hu\/sl\/wp-json\/wp\/v2\/product\/8751","targetHints":{"allow":["GET"]}}],"collection":[{"href":"https:\/\/tmg.hu\/sl\/wp-json\/wp\/v2\/product"}],"about":[{"href":"https:\/\/tmg.hu\/sl\/wp-json\/wp\/v2\/types\/product"}],"wp:featuredmedia":[{"embeddable":true,"href":"https:\/\/tmg.hu\/sl\/wp-json\/wp\/v2\/media\/8792"}],"wp:attachment":[{"href":"https:\/\/tmg.hu\/sl\/wp-json\/wp\/v2\/media?parent=8751"}],"wp:term":[{"taxonomy":"product_brand","embeddable":true,"href":"https:\/\/tmg.hu\/sl\/wp-json\/wp\/v2\/product_brand?post=8751"},{"taxonomy":"product_cat","embeddable":true,"href":"https:\/\/tmg.hu\/sl\/wp-json\/wp\/v2\/product_cat?post=8751"},{"taxonomy":"product_tag","embeddable":true,"href":"https:\/\/tmg.hu\/sl\/wp-json\/wp\/v2\/product_tag?post=8751"}],"curies":[{"name":"wp","href":"https:\/\/api.w.org\/{rel}","templated":true}]}}