{"id":10779,"date":"2025-11-15T03:41:15","date_gmt":"2025-11-15T02:41:15","guid":{"rendered":"https:\/\/tmg.hu\/?post_type=product&#038;p=10779"},"modified":"2026-03-28T05:49:36","modified_gmt":"2026-03-28T04:49:36","slug":"david-r-montgomery-zemlja-erozija-civilizacij-3","status":"publish","type":"product","link":"https:\/\/tmg.hu\/sl\/sobe\/david-r-montgomery-zemlja-erozija-civilizacij-3\/","title":{"rendered":"\u017divljenje iz prahu \u2013 Pot ene dru\u017eine k regenerativnemu kmetijstvu"},"content":{"rendered":"<p>\u010ceprav mad\u017earski bralec ne more obiskati avtorjeve 2.000 hektarjev velike kmetije v Severni Dakoti, kjer vsako leto veliko \u0161tevilo zainteresiranih ljudi lahko izkusi njegove kmetijske prakse, mu bo branje knjige pomagalo spoznati na\u010dela, ki jih je avtor spoznal z veliko eksperimentiranja in pla\u010devanja \u0161tudijskega denarja.<\/p>\n<p>\u010ce se nam zdi, da so te metode neverjetno podobne praksam, ki jih narava uporablja \u017ee milijone let, to o\u010ditno ni naklju\u010dje.<br \/>\nPoleg okoljskih in finan\u010dnih koristi bo poznavanje in upo\u0161tevanje osnovnih pravil, ki jih opisuje Gabe, pomagalo vsakemu velikemu kmetu in lastniku majhnega vrta, da bo \u0161e bolj vzljubil svoje delo.<\/p>","protected":false},"excerpt":{"rendered":"<p><span style=\"font-weight: 400;\">Donosno kmetijstvo brez drasti\u010dnega poseganja v tla in intenzivne uporabe kemikalij?<\/span><span style=\"font-weight: 400;\"><br \/>\n<\/span><span style=\"font-weight: 400;\">Je to \u017eelja ali obstoje\u010da resni\u010dnost?<\/span><\/p>\n<p><span style=\"font-weight: 400;\">Ameri\u0161ki kmet Gabe Brown s svojim ve\u010ddesetletnim kmetovanjem dokazuje, da je tisto, kar je po prevladujo\u010dem prepri\u010danju v kmetijskem sektorju skoraj nemogo\u010de, dejansko mogo\u010de.<\/span><\/p>","protected":false},"featured_media":10786,"template":"","meta":[],"product_brand":[],"product_cat":[69],"product_tag":[],"class_list":{"0":"post-10779","1":"product","2":"type-product","3":"status-publish","4":"has-post-thumbnail","6":"product_cat-konyvek","8":"first","9":"instock","10":"taxable","11":"shipping-taxable","12":"purchasable","13":"product-type-simple"},"bundled_by":[],"bundle_stock_status":"instock","bundle_stock_quantity":53,"bundle_virtual":false,"bundle_layout":"","bundle_add_to_cart_form_location":"","bundle_editable_in_cart":false,"bundle_sold_individually_context":"","bundle_item_grouping":"","bundle_min_size":"","bundle_max_size":"","bundle_price":[],"bundled_items":[],"bundle_sell_ids":[],"yoast_head":"<!-- This site is optimized with the Yoast SEO plugin v26.6 - https:\/\/yoast.com\/wordpress\/plugins\/seo\/ -->\n<title>Porb\u00f3l \u00c9let - Egy csal\u00e1d \u00fatja a regenerat\u00edv mez\u0151gazd\u00e1lkod\u00e1s fel\u00e9 - Talajmeg\u00faj\u00edt\u00f3 Gazd\u00e1k Egyes\u00fclete<\/title>\n<meta name=\"robots\" content=\"index, follow, max-snippet:-1, max-image-preview:large, max-video-preview:-1\" \/>\n<link rel=\"canonical\" href=\"https:\/\/tmg.hu\/sl\/sobe\/david-r-montgomery-zemlja-erozija-civilizacij-3\/\" \/>\n<meta property=\"og:locale\" content=\"sl_SI\" \/>\n<meta property=\"og:type\" content=\"article\" \/>\n<meta property=\"og:title\" content=\"Porb\u00f3l \u00c9let - Egy csal\u00e1d \u00fatja a regenerat\u00edv mez\u0151gazd\u00e1lkod\u00e1s fel\u00e9 - Talajmeg\u00faj\u00edt\u00f3 Gazd\u00e1k Egyes\u00fclete\" \/>\n<meta property=\"og:description\" content=\"Nyeres\u00e9ges mez\u0151gazdas\u00e1g drasztikus talajbolygat\u00e1s \u00e9s intenz\u00edv vegyszerhaszn\u00e1lat n\u00e9lk\u00fcl? V\u00e1gy\u00e1lom vagy l\u00e9tez\u0151 val\u00f3s\u00e1g?  Gabe Brown amerikai f\u00f6ldm\u0171ves saj\u00e1t, t\u00f6bb \u00e9vtizedes mez\u0151gazdas\u00e1gi gyakorlat\u00e1n kereszt\u00fcl bebizony\u00edtja, hogy igenis lehets\u00e9ges az, amit az agr\u00e1rszektorban uralkod\u00f3 k\u00f6zfelfog\u00e1s szinte lehetetlennek tart.\" \/>\n<meta property=\"og:url\" content=\"https:\/\/tmg.hu\/sl\/sobe\/david-r-montgomery-zemlja-erozija-civilizacij-3\/\" \/>\n<meta property=\"og:site_name\" content=\"Talajmeg\u00faj\u00edt\u00f3 Gazd\u00e1k Egyes\u00fclete\" \/>\n<meta property=\"article:publisher\" content=\"https:\/\/www.facebook.com\/tmg.egyesulet\/\" \/>\n<meta property=\"article:modified_time\" content=\"2026-03-28T04:49:36+00:00\" \/>\n<meta property=\"og:image\" content=\"https:\/\/tmg.hu\/wp-content\/uploads\/2025\/11\/Porbol-elet-Borito-scaled.jpg\" \/>\n\t<meta property=\"og:image:width\" content=\"1824\" \/>\n\t<meta property=\"og:image:height\" content=\"2560\" \/>\n\t<meta property=\"og:image:type\" content=\"image\/jpeg\" \/>\n<meta name=\"twitter:card\" content=\"summary_large_image\" \/>\n<meta name=\"twitter:label1\" content=\"Est. reading time\" \/>\n\t<meta name=\"twitter:data1\" content=\"1 minuta\" \/>\n<script type=\"application\/ld+json\" class=\"yoast-schema-graph\">{\"@context\":\"https:\/\/schema.org\",\"@graph\":[{\"@type\":\"WebPage\",\"@id\":\"https:\/\/tmg.hu\/termek\/porbol-elet-egy-csalad-utja-a-regenerativ-mezogazdalkodas-fele\/\",\"url\":\"https:\/\/tmg.hu\/termek\/porbol-elet-egy-csalad-utja-a-regenerativ-mezogazdalkodas-fele\/\",\"name\":\"Porb\u00f3l \u00c9let - Egy csal\u00e1d \u00fatja a regenerat\u00edv mez\u0151gazd\u00e1lkod\u00e1s fel\u00e9 - Talajmeg\u00faj\u00edt\u00f3 Gazd\u00e1k Egyes\u00fclete\",\"isPartOf\":{\"@id\":\"https:\/\/tmg.hu\/#website\"},\"primaryImageOfPage\":{\"@id\":\"https:\/\/tmg.hu\/termek\/porbol-elet-egy-csalad-utja-a-regenerativ-mezogazdalkodas-fele\/#primaryimage\"},\"image\":{\"@id\":\"https:\/\/tmg.hu\/termek\/porbol-elet-egy-csalad-utja-a-regenerativ-mezogazdalkodas-fele\/#primaryimage\"},\"thumbnailUrl\":\"https:\/\/tmg.hu\/wp-content\/uploads\/2025\/11\/Porbol-elet-Borito-scaled.jpg\",\"datePublished\":\"2025-11-15T02:41:15+00:00\",\"dateModified\":\"2026-03-28T04:49:36+00:00\",\"breadcrumb\":{\"@id\":\"https:\/\/tmg.hu\/termek\/porbol-elet-egy-csalad-utja-a-regenerativ-mezogazdalkodas-fele\/#breadcrumb\"},\"inLanguage\":\"sl-SI\",\"potentialAction\":[{\"@type\":\"ReadAction\",\"target\":[\"https:\/\/tmg.hu\/termek\/porbol-elet-egy-csalad-utja-a-regenerativ-mezogazdalkodas-fele\/\"]}]},{\"@type\":\"ImageObject\",\"inLanguage\":\"sl-SI\",\"@id\":\"https:\/\/tmg.hu\/termek\/porbol-elet-egy-csalad-utja-a-regenerativ-mezogazdalkodas-fele\/#primaryimage\",\"url\":\"https:\/\/tmg.hu\/wp-content\/uploads\/2025\/11\/Porbol-elet-Borito-scaled.jpg\",\"contentUrl\":\"https:\/\/tmg.hu\/wp-content\/uploads\/2025\/11\/Porbol-elet-Borito-scaled.jpg\",\"width\":1824,\"height\":2560},{\"@type\":\"BreadcrumbList\",\"@id\":\"https:\/\/tmg.hu\/termek\/porbol-elet-egy-csalad-utja-a-regenerativ-mezogazdalkodas-fele\/#breadcrumb\",\"itemListElement\":[{\"@type\":\"ListItem\",\"position\":1,\"name\":\"Home\",\"item\":\"https:\/\/tmg.hu\/\"},{\"@type\":\"ListItem\",\"position\":2,\"name\":\"Webshop\",\"item\":\"https:\/\/tmg.hu\/webshop\/\"},{\"@type\":\"ListItem\",\"position\":3,\"name\":\"Porb\u00f3l \u00c9let &#8211; Egy csal\u00e1d \u00fatja a regenerat\u00edv mez\u0151gazd\u00e1lkod\u00e1s fel\u00e9\"}]},{\"@type\":\"WebSite\",\"@id\":\"https:\/\/tmg.hu\/#website\",\"url\":\"https:\/\/tmg.hu\/\",\"name\":\"TMG - Talajmeg\u00faj\u00edt\u00f3 Gazd\u00e1k Egyes\u00fclete\",\"description\":\"Talajmeg\u00faj\u00edt\u00f3 Gazd\u00e1k Egyes\u00fclete\",\"publisher\":{\"@id\":\"https:\/\/tmg.hu\/#organization\"},\"potentialAction\":[{\"@type\":\"SearchAction\",\"target\":{\"@type\":\"EntryPoint\",\"urlTemplate\":\"https:\/\/tmg.hu\/?s={search_term_string}\"},\"query-input\":{\"@type\":\"PropertyValueSpecification\",\"valueRequired\":true,\"valueName\":\"search_term_string\"}}],\"inLanguage\":\"sl-SI\"},{\"@type\":\"Organization\",\"@id\":\"https:\/\/tmg.hu\/#organization\",\"name\":\"Talajmeg\u00faj\u00edt\u00f3 Gazd\u00e1k Egyes\u00fclete\",\"url\":\"https:\/\/tmg.hu\/\",\"logo\":{\"@type\":\"ImageObject\",\"inLanguage\":\"sl-SI\",\"@id\":\"https:\/\/tmg.hu\/#\/schema\/logo\/image\/\",\"url\":\"https:\/\/tmg.hu\/wp-content\/uploads\/2024\/10\/tmg_og_logo.png\",\"contentUrl\":\"https:\/\/tmg.hu\/wp-content\/uploads\/2024\/10\/tmg_og_logo.png\",\"width\":1200,\"height\":630,\"caption\":\"Talajmeg\u00faj\u00edt\u00f3 Gazd\u00e1k Egyes\u00fclete\"},\"image\":{\"@id\":\"https:\/\/tmg.hu\/#\/schema\/logo\/image\/\"},\"sameAs\":[\"https:\/\/www.facebook.com\/tmg.egyesulet\/\",\"https:\/\/www.instagram.com\/tmg.hu\/\",\"https:\/\/www.youtube.com\/@tmg_egyesulet\"]}]}<\/script>\n<!-- \/ Yoast SEO plugin. -->","yoast_head_json":{"title":"Od prahu do \u017eivljenja - Pot ene dru\u017eine k regenerativnemu kmetijstvu - Soil Renewal Farmers Association","robots":{"index":"index","follow":"follow","max-snippet":"max-snippet:-1","max-image-preview":"max-image-preview:large","max-video-preview":"max-video-preview:-1"},"canonical":"https:\/\/tmg.hu\/sl\/sobe\/david-r-montgomery-zemlja-erozija-civilizacij-3\/","og_locale":"sl_SI","og_type":"article","og_title":"Porb\u00f3l \u00c9let - Egy csal\u00e1d \u00fatja a regenerat\u00edv mez\u0151gazd\u00e1lkod\u00e1s fel\u00e9 - Talajmeg\u00faj\u00edt\u00f3 Gazd\u00e1k Egyes\u00fclete","og_description":"Nyeres\u00e9ges mez\u0151gazdas\u00e1g drasztikus talajbolygat\u00e1s \u00e9s intenz\u00edv vegyszerhaszn\u00e1lat n\u00e9lk\u00fcl? V\u00e1gy\u00e1lom vagy l\u00e9tez\u0151 val\u00f3s\u00e1g?  Gabe Brown amerikai f\u00f6ldm\u0171ves saj\u00e1t, t\u00f6bb \u00e9vtizedes mez\u0151gazdas\u00e1gi gyakorlat\u00e1n kereszt\u00fcl bebizony\u00edtja, hogy igenis lehets\u00e9ges az, amit az agr\u00e1rszektorban uralkod\u00f3 k\u00f6zfelfog\u00e1s szinte lehetetlennek tart.","og_url":"https:\/\/tmg.hu\/sl\/sobe\/david-r-montgomery-zemlja-erozija-civilizacij-3\/","og_site_name":"Talajmeg\u00faj\u00edt\u00f3 Gazd\u00e1k Egyes\u00fclete","article_publisher":"https:\/\/www.facebook.com\/tmg.egyesulet\/","article_modified_time":"2026-03-28T04:49:36+00:00","og_image":[{"width":1824,"height":2560,"url":"https:\/\/tmg.hu\/wp-content\/uploads\/2025\/11\/Porbol-elet-Borito-scaled.jpg","type":"image\/jpeg"}],"twitter_card":"summary_large_image","twitter_misc":{"Est. reading time":"1 minuta"},"schema":{"@context":"https:\/\/schema.org","@graph":[{"@type":"WebPage","@id":"https:\/\/tmg.hu\/termek\/porbol-elet-egy-csalad-utja-a-regenerativ-mezogazdalkodas-fele\/","url":"https:\/\/tmg.hu\/termek\/porbol-elet-egy-csalad-utja-a-regenerativ-mezogazdalkodas-fele\/","name":"Od prahu do \u017eivljenja - Pot ene dru\u017eine k regenerativnemu kmetijstvu - Soil Renewal Farmers Association","isPartOf":{"@id":"https:\/\/tmg.hu\/#website"},"primaryImageOfPage":{"@id":"https:\/\/tmg.hu\/termek\/porbol-elet-egy-csalad-utja-a-regenerativ-mezogazdalkodas-fele\/#primaryimage"},"image":{"@id":"https:\/\/tmg.hu\/termek\/porbol-elet-egy-csalad-utja-a-regenerativ-mezogazdalkodas-fele\/#primaryimage"},"thumbnailUrl":"https:\/\/tmg.hu\/wp-content\/uploads\/2025\/11\/Porbol-elet-Borito-scaled.jpg","datePublished":"2025-11-15T02:41:15+00:00","dateModified":"2026-03-28T04:49:36+00:00","breadcrumb":{"@id":"https:\/\/tmg.hu\/termek\/porbol-elet-egy-csalad-utja-a-regenerativ-mezogazdalkodas-fele\/#breadcrumb"},"inLanguage":"sl-SI","potentialAction":[{"@type":"ReadAction","target":["https:\/\/tmg.hu\/termek\/porbol-elet-egy-csalad-utja-a-regenerativ-mezogazdalkodas-fele\/"]}]},{"@type":"ImageObject","inLanguage":"sl-SI","@id":"https:\/\/tmg.hu\/termek\/porbol-elet-egy-csalad-utja-a-regenerativ-mezogazdalkodas-fele\/#primaryimage","url":"https:\/\/tmg.hu\/wp-content\/uploads\/2025\/11\/Porbol-elet-Borito-scaled.jpg","contentUrl":"https:\/\/tmg.hu\/wp-content\/uploads\/2025\/11\/Porbol-elet-Borito-scaled.jpg","width":1824,"height":2560},{"@type":"BreadcrumbList","@id":"https:\/\/tmg.hu\/termek\/porbol-elet-egy-csalad-utja-a-regenerativ-mezogazdalkodas-fele\/#breadcrumb","itemListElement":[{"@type":"ListItem","position":1,"name":"Home","item":"https:\/\/tmg.hu\/"},{"@type":"ListItem","position":2,"name":"Webshop","item":"https:\/\/tmg.hu\/webshop\/"},{"@type":"ListItem","position":3,"name":"Porb\u00f3l \u00c9let &#8211; Egy csal\u00e1d \u00fatja a regenerat\u00edv mez\u0151gazd\u00e1lkod\u00e1s fel\u00e9"}]},{"@type":"WebSite","@id":"https:\/\/tmg.hu\/#website","url":"https:\/\/tmg.hu\/","name":"TMG - Zdru\u017eenje kmetov za obnovo tal","description":"Zdru\u017eenje kmetov za obnovo tal","publisher":{"@id":"https:\/\/tmg.hu\/#organization"},"potentialAction":[{"@type":"SearchAction","target":{"@type":"EntryPoint","urlTemplate":"https:\/\/tmg.hu\/?s={search_term_string}"},"query-input":{"@type":"PropertyValueSpecification","valueRequired":true,"valueName":"search_term_string"}}],"inLanguage":"sl-SI"},{"@type":"Organization","@id":"https:\/\/tmg.hu\/#organization","name":"Zdru\u017eenje kmetov za obnovo tal","url":"https:\/\/tmg.hu\/","logo":{"@type":"ImageObject","inLanguage":"sl-SI","@id":"https:\/\/tmg.hu\/#\/schema\/logo\/image\/","url":"https:\/\/tmg.hu\/wp-content\/uploads\/2024\/10\/tmg_og_logo.png","contentUrl":"https:\/\/tmg.hu\/wp-content\/uploads\/2024\/10\/tmg_og_logo.png","width":1200,"height":630,"caption":"Talajmeg\u00faj\u00edt\u00f3 Gazd\u00e1k Egyes\u00fclete"},"image":{"@id":"https:\/\/tmg.hu\/#\/schema\/logo\/image\/"},"sameAs":["https:\/\/www.facebook.com\/tmg.egyesulet\/","https:\/\/www.instagram.com\/tmg.hu\/","https:\/\/www.youtube.com\/@tmg_egyesulet"]}]}},"_links":{"self":[{"href":"https:\/\/tmg.hu\/sl\/wp-json\/wp\/v2\/product\/10779","targetHints":{"allow":["GET"]}}],"collection":[{"href":"https:\/\/tmg.hu\/sl\/wp-json\/wp\/v2\/product"}],"about":[{"href":"https:\/\/tmg.hu\/sl\/wp-json\/wp\/v2\/types\/product"}],"wp:featuredmedia":[{"embeddable":true,"href":"https:\/\/tmg.hu\/sl\/wp-json\/wp\/v2\/media\/10786"}],"wp:attachment":[{"href":"https:\/\/tmg.hu\/sl\/wp-json\/wp\/v2\/media?parent=10779"}],"wp:term":[{"taxonomy":"product_brand","embeddable":true,"href":"https:\/\/tmg.hu\/sl\/wp-json\/wp\/v2\/product_brand?post=10779"},{"taxonomy":"product_cat","embeddable":true,"href":"https:\/\/tmg.hu\/sl\/wp-json\/wp\/v2\/product_cat?post=10779"},{"taxonomy":"product_tag","embeddable":true,"href":"https:\/\/tmg.hu\/sl\/wp-json\/wp\/v2\/product_tag?post=10779"}],"curies":[{"name":"wp","href":"https:\/\/api.w.org\/{rel}","templated":true}]}}