{"id":10410,"date":"2025-10-17T04:51:27","date_gmt":"2025-10-17T02:51:27","guid":{"rendered":"https:\/\/tmg.hu\/?post_type=product&#038;p=10410"},"modified":"2026-04-12T10:26:26","modified_gmt":"2026-04-12T08:26:26","slug":"podprite-nase-zdruzenje","status":"publish","type":"product","link":"https:\/\/tmg.hu\/sl\/sobe\/podprite-nase-zdruzenje\/","title":{"rendered":"Podprite na\u0161e zdru\u017eenje!"},"content":{"rendered":"<p>Tisti, ki podpirajo na\u0161e zdru\u017eenje, podpirajo oblikovanje kompleksnega kmetijskega sistema.<\/p>\n<p>Pomaga \u010dim prej ustvariti zdravo zemljo, zdrave rastline in zdrave ekosisteme.<\/p>\n<p><strong>Dodatne informacije: <a href=\"https:\/\/tmg.hu\/sl\/tamogatas\/\" target=\"_blank\" rel=\"noopener\">tmg.hu\/podpora<\/a><\/strong><\/p>\n<div class=\"faq-container\">\n\n    <div class=\"row\">\n        <div class=\"col\">\n\n            <div class=\"text-center mb-5\">\n                <h2>GY.I.K.<\/h2>\n            <\/div>\n\n        <\/div>\n    <\/div>\n\n    <div class=\"row\">\n\n        <div class=\"col-12 col-lg-8\">\n\n            <div class=\"accordion\" id=\"faqAccordion\">\n\n\t\t\t\t\n                    <div class=\"accordion-item my-2\">\n\n                        <h2 class=\"accordion-header\">\n\n                            <button class=\"accordion-button collapsed fw-bold fs-6\"\n                                    type=\"button\"\n                                    data-bs-toggle=\"collapse\"\n                                    data-bs-target=\"#faq-collapse-7558\"\n                                    aria-expanded=\"false\"\n                                    aria-controls=\"faq-collapse-7558\"\n                            >\n\t\t\t\t\t\t\t\tAli je mogo\u010de mese\u010dno podpirati va\u0161e dejavnosti?                            <\/button>\n\n                        <\/h2>\n\n                        <div id=\"faq-collapse-7558\"\n                             class=\"accordion-collapse collapse\"\n                             data-bs-parent=\"#faqAccordion\"\n                        >\n\n                            <div class=\"accordion-body pt-4 fs-6\">\n\t\t\t\t\t\t\t\t<!-- wp:paragraph -->\n<p>Seveda. Najla\u017eji na\u010din je, da v svoji banki nastavite redno mese\u010dno nakazilo.<\/p>\n<!-- \/wp:paragraph -->\n\n<!-- wp:paragraph -->\n<p>V tem primeru glejte tukaj:<\/p>\n<!-- \/wp:paragraph -->\n\n<!-- wp:paragraph -->\n<p><strong>Zdru\u017eenje kmetov za obnovo tal<br><\/strong>Banka K&amp;H Bank <strong>10402829-50526889-50551001<\/strong><br>V sporo\u010dilo napi\u0161ite <strong>va\u0161e ime<\/strong> in da \"<strong>Podpora TMG<\/strong>\"<\/p>\n<!-- \/wp:paragraph -->                            <\/div>\n\n                        <\/div>\n\n                    <\/div>\n\n\t\t\t\t\n                    <div class=\"accordion-item my-2\">\n\n                        <h2 class=\"accordion-header\">\n\n                            <button class=\"accordion-button collapsed fw-bold fs-6\"\n                                    type=\"button\"\n                                    data-bs-toggle=\"collapse\"\n                                    data-bs-target=\"#faq-collapse-7557\"\n                                    aria-expanded=\"false\"\n                                    aria-controls=\"faq-collapse-7557\"\n                            >\n\t\t\t\t\t\t\t\tAli vas lahko podpiram iz tujine?                            <\/button>\n\n                        <\/h2>\n\n                        <div id=\"faq-collapse-7557\"\n                             class=\"accordion-collapse collapse\"\n                             data-bs-parent=\"#faqAccordion\"\n                        >\n\n                            <div class=\"accordion-body pt-4 fs-6\">\n\t\t\t\t\t\t\t\t<!-- wp:paragraph -->\n<p>Da, lahko sprejemamo sredstva iz tujine.<\/p>\n<!-- \/wp:paragraph -->                            <\/div>\n\n                        <\/div>\n\n                    <\/div>\n\n\t\t\t\t\n                    <div class=\"accordion-item my-2\">\n\n                        <h2 class=\"accordion-header\">\n\n                            <button class=\"accordion-button collapsed fw-bold fs-6\"\n                                    type=\"button\"\n                                    data-bs-toggle=\"collapse\"\n                                    data-bs-target=\"#faq-collapse-7556\"\n                                    aria-expanded=\"false\"\n                                    aria-controls=\"faq-collapse-7556\"\n                            >\n\t\t\t\t\t\t\t\tAli vas lahko podpiram kot podjetje?                            <\/button>\n\n                        <\/h2>\n\n                        <div id=\"faq-collapse-7556\"\n                             class=\"accordion-collapse collapse\"\n                             data-bs-parent=\"#faqAccordion\"\n                        >\n\n                            <div class=\"accordion-body pt-4 fs-6\">\n\t\t\t\t\t\t\t\t<!-- wp:paragraph -->\n<p>Da, kot podjetje lahko prenesete sredstva na na\u0161e zdru\u017eenje. \u010ce \u017eelite, vam lahko o tem po\u0161ljemo potrdilo, ki ga lahko uporabite za zmanj\u0161anje svoje dav\u010dne osnove, \u010de je to mogo\u010de. Subvencija je namre\u010d upravi\u010den stro\u0161ek za namene poslovne dejavnosti.<\/p>\n<!-- \/wp:paragraph -->                            <\/div>\n\n                        <\/div>\n\n                    <\/div>\n\n\t\t\t\t\n                    <div class=\"accordion-item my-2\">\n\n                        <h2 class=\"accordion-header\">\n\n                            <button class=\"accordion-button collapsed fw-bold fs-6\"\n                                    type=\"button\"\n                                    data-bs-toggle=\"collapse\"\n                                    data-bs-target=\"#faq-collapse-7554\"\n                                    aria-expanded=\"false\"\n                                    aria-controls=\"faq-collapse-7554\"\n                            >\n\t\t\t\t\t\t\t\tKoliko lahko podpiram va\u0161e delo?                            <\/button>\n\n                        <\/h2>\n\n                        <div id=\"faq-collapse-7554\"\n                             class=\"accordion-collapse collapse\"\n                             data-bs-parent=\"#faqAccordion\"\n                        >\n\n                            <div class=\"accordion-body pt-4 fs-6\">\n\t\t\t\t\t\t\t\t<!-- wp:paragraph -->\n<p>Dobrodo\u0161li so prispevki vseh velikosti. Za nas je vsaka donacija enako pomembna, saj vemo, da nas boste podprli na na\u010din, ki vam je prijeten in pomemben. To za vsakega od nas pomeni druga\u010den znesek.<\/p>\n<!-- \/wp:paragraph -->\n\n<!-- wp:paragraph -->\n<p>Na dnu te strani je na voljo \u0161est razli\u010dnih zneskov, od 1.000 do 50.000 HUF. Te zneske lahko pla\u010date s klikom na ustrezen gumb z enostavno transakcijo s kreditno kartico, tako kot pri spletnem nakupovanju. \u010ce \u017eelite pla\u010dati druga\u010den znesek, lahko to storite tudi tako, da v polje vpi\u0161ete dolo\u010den znesek.<\/p>\n<!-- \/wp:paragraph -->                            <\/div>\n\n                        <\/div>\n\n                    <\/div>\n\n\t\t\t\t\n                    <div class=\"accordion-item my-2\">\n\n                        <h2 class=\"accordion-header\">\n\n                            <button class=\"accordion-button collapsed fw-bold fs-6\"\n                                    type=\"button\"\n                                    data-bs-toggle=\"collapse\"\n                                    data-bs-target=\"#faq-collapse-7555\"\n                                    aria-expanded=\"false\"\n                                    aria-controls=\"faq-collapse-7555\"\n                            >\n\t\t\t\t\t\t\t\tKako boste porabili moja nepovratna sredstva?                            <\/button>\n\n                        <\/h2>\n\n                        <div id=\"faq-collapse-7555\"\n                             class=\"accordion-collapse collapse\"\n                             data-bs-parent=\"#faqAccordion\"\n                        >\n\n                            <div class=\"accordion-body pt-4 fs-6\">\n\t\t\t\t\t\t\t\t<!-- wp:paragraph -->\n<p>Trenutno se zbrana sredstva porabijo za kritje zalo\u017eni\u0161kih stro\u0161kov ter za nakup, pripravo in izbolj\u0161anje opreme za predstavitev, ki je potrebna za dneve prakti\u010dnega usposabljanja.<\/p>\n<!-- \/wp:paragraph -->                            <\/div>\n\n                        <\/div>\n\n                    <\/div>\n\n\t\t\t\t\n                    <div class=\"accordion-item my-2\">\n\n                        <h2 class=\"accordion-header\">\n\n                            <button class=\"accordion-button collapsed fw-bold fs-6\"\n                                    type=\"button\"\n                                    data-bs-toggle=\"collapse\"\n                                    data-bs-target=\"#faq-collapse-7553\"\n                                    aria-expanded=\"false\"\n                                    aria-controls=\"faq-collapse-7553\"\n                            >\n\t\t\t\t\t\t\t\tZakaj potrebujete mojo podporo?                            <\/button>\n\n                        <\/h2>\n\n                        <div id=\"faq-collapse-7553\"\n                             class=\"accordion-collapse collapse\"\n                             data-bs-parent=\"#faqAccordion\"\n                        >\n\n                            <div class=\"accordion-body pt-4 fs-6\">\n\t\t\t\t\t\t\t\t<!-- wp:paragraph -->\n<p>Dragi bodo\u010di podpornik!<\/p>\n<!-- \/wp:paragraph -->\n\n<!-- wp:paragraph -->\n<p>Vpra\u0161anje obnove tal je za nas izredno pomembno. \u017delimo si, da bi v \u010dim ve\u010djem obsegu naredili nekaj za obnovo zdravja tal. Zato si prizadevamo pomagati \u010dim ve\u010djemu \u0161tevilu kmetov pri prehodu na obnovljivo kmetijstvo. Na\u0161e zdru\u017eenje se v glavnem pre\u017eivlja s \u010dlanarinami. Na\u0161i kolegi kmetje zagotavljajo tudi finan\u010dni in intelektualni kapital za na\u0161e programe ozave\u0161\u010danja in izobra\u017eevanja. To je va\u0161a prilo\u017enost, da s krepitvijo finan\u010dne stabilnosti na\u0161e organizacije prispevate in ste del sprememb.<\/p>\n<!-- \/wp:paragraph -->                            <\/div>\n\n                        <\/div>\n\n                    <\/div>\n\n\t\t\t\t\n            <\/div>\n\n        <\/div>\n\n        <div class=\"col-12 col-lg-4\">\n\n            <div class=\"d-flex flex-column align-items-center text-center\">\n\n                <div>\n                    <span class=\"font-size-huge text-light-green fw-bold\">?<\/span>\n                <\/div>\n\n                <div class=\"mb-4\">\n                    <span class=\"fs-2 fw-bold\">Imate \u0161e kak\u0161no vpra\u0161anje?<\/span>\n                <\/div>\n\n                <div class=\"mb-5\">\n\n                    <span class=\"fw-light fs-6\">\n                        \u010ce ne najdete odgovora, ki ga i\u0161\u010dete, nas kontaktirajte s klikom na spodnji gumb in eden od na\u0161ih sodelavcev bo z veseljem odgovoril na va\u0161e vpra\u0161anje!\n                    <\/span>\n\n                <\/div>\n\n                <div class=\"\">\n                    <a href=\"https:\/\/tmg.hu\/sl\/kapcsolat\"\n                       class=\"btn btn-secondary rounded-0 text-white fw-bold text-uppercase px-5\">Pi\u0161ite na<\/a>\n                <\/div>\n\n            <\/div>\n\n        <\/div>\n\n    <\/div>\n\n<\/div>","protected":false},"excerpt":{"rendered":"<p><strong>Dajte nam prilo\u017enost, da se spremenimo!<\/strong><\/p>\n<p>Podprite nas, \u010de menite, da je pomembno, da na\u0161i otroci in vnuki dobijo kaj na kro\u017enik. Hrana, ki nas hrani in neguje.<\/p>","protected":false},"featured_media":6555,"template":"","meta":[],"product_brand":[],"product_cat":[77],"product_tag":[],"class_list":{"0":"post-10410","1":"product","2":"type-product","3":"status-publish","4":"has-post-thumbnail","6":"product_cat-tamogatas","8":"first","9":"instock","10":"purchasable","11":"product-type-variable"},"bundled_by":[],"bundle_stock_status":"instock","bundle_stock_quantity":null,"bundle_virtual":false,"bundle_layout":"","bundle_add_to_cart_form_location":"","bundle_editable_in_cart":false,"bundle_sold_individually_context":"","bundle_item_grouping":"","bundle_min_size":"","bundle_max_size":"","bundle_price":[],"bundled_items":[],"bundle_sell_ids":[],"yoast_head":"<!-- This site is optimized with the Yoast SEO plugin v26.6 - https:\/\/yoast.com\/wordpress\/plugins\/seo\/ -->\n<title>T\u00e1mogasd Egyes\u00fclet\u00fcnket! - Talajmeg\u00faj\u00edt\u00f3 Gazd\u00e1k Egyes\u00fclete<\/title>\n<meta name=\"robots\" content=\"index, follow, max-snippet:-1, max-image-preview:large, max-video-preview:-1\" \/>\n<link rel=\"canonical\" href=\"https:\/\/tmg.hu\/sl\/sobe\/podprite-nase-zdruzenje\/\" \/>\n<meta property=\"og:locale\" content=\"sl_SI\" \/>\n<meta property=\"og:type\" content=\"article\" \/>\n<meta property=\"og:title\" content=\"T\u00e1mogasd Egyes\u00fclet\u00fcnket! - Talajmeg\u00faj\u00edt\u00f3 Gazd\u00e1k Egyes\u00fclete\" \/>\n<meta property=\"og:description\" content=\"Adj es\u00e9lyt a v\u00e1ltoz\u00e1sra!  K\u00e9rlek, t\u00e1mogass minket, ha Te is fontosnak tartod, hogy a gyermekeink \u00e9s az unok\u00e1ink t\u00e1ny\u00e9rj\u00e1ra is jusson falat. Olyan falat, ami \u00e9ltet \u00e9s t\u00e1pl\u00e1l.\" \/>\n<meta property=\"og:url\" content=\"https:\/\/tmg.hu\/sl\/sobe\/podprite-nase-zdruzenje\/\" \/>\n<meta property=\"og:site_name\" content=\"Talajmeg\u00faj\u00edt\u00f3 Gazd\u00e1k Egyes\u00fclete\" \/>\n<meta property=\"article:publisher\" content=\"https:\/\/www.facebook.com\/tmg.egyesulet\/\" \/>\n<meta property=\"article:modified_time\" content=\"2026-04-12T08:26:26+00:00\" \/>\n<meta property=\"og:image\" content=\"https:\/\/tmg.hu\/wp-content\/uploads\/2024\/08\/TMG-tamogatas-rajz.png\" \/>\n\t<meta property=\"og:image:width\" content=\"790\" \/>\n\t<meta property=\"og:image:height\" content=\"687\" \/>\n\t<meta property=\"og:image:type\" content=\"image\/png\" \/>\n<meta name=\"twitter:card\" content=\"summary_large_image\" \/>\n<meta name=\"twitter:label1\" content=\"Est. reading time\" \/>\n\t<meta name=\"twitter:data1\" content=\"1 minuta\" \/>\n<script type=\"application\/ld+json\" class=\"yoast-schema-graph\">{\"@context\":\"https:\/\/schema.org\",\"@graph\":[{\"@type\":\"WebPage\",\"@id\":\"https:\/\/tmg.hu\/termek\/tamogasd-egyesuletunket\/\",\"url\":\"https:\/\/tmg.hu\/termek\/tamogasd-egyesuletunket\/\",\"name\":\"T\u00e1mogasd Egyes\u00fclet\u00fcnket! - Talajmeg\u00faj\u00edt\u00f3 Gazd\u00e1k Egyes\u00fclete\",\"isPartOf\":{\"@id\":\"https:\/\/tmg.hu\/#website\"},\"primaryImageOfPage\":{\"@id\":\"https:\/\/tmg.hu\/termek\/tamogasd-egyesuletunket\/#primaryimage\"},\"image\":{\"@id\":\"https:\/\/tmg.hu\/termek\/tamogasd-egyesuletunket\/#primaryimage\"},\"thumbnailUrl\":\"https:\/\/tmg.hu\/wp-content\/uploads\/2024\/08\/TMG-tamogatas-rajz.png\",\"datePublished\":\"2025-10-17T02:51:27+00:00\",\"dateModified\":\"2026-04-12T08:26:26+00:00\",\"breadcrumb\":{\"@id\":\"https:\/\/tmg.hu\/termek\/tamogasd-egyesuletunket\/#breadcrumb\"},\"inLanguage\":\"sl-SI\",\"potentialAction\":[{\"@type\":\"ReadAction\",\"target\":[\"https:\/\/tmg.hu\/termek\/tamogasd-egyesuletunket\/\"]}]},{\"@type\":\"ImageObject\",\"inLanguage\":\"sl-SI\",\"@id\":\"https:\/\/tmg.hu\/termek\/tamogasd-egyesuletunket\/#primaryimage\",\"url\":\"https:\/\/tmg.hu\/wp-content\/uploads\/2024\/08\/TMG-tamogatas-rajz.png\",\"contentUrl\":\"https:\/\/tmg.hu\/wp-content\/uploads\/2024\/08\/TMG-tamogatas-rajz.png\",\"width\":790,\"height\":687},{\"@type\":\"BreadcrumbList\",\"@id\":\"https:\/\/tmg.hu\/termek\/tamogasd-egyesuletunket\/#breadcrumb\",\"itemListElement\":[{\"@type\":\"ListItem\",\"position\":1,\"name\":\"Home\",\"item\":\"https:\/\/tmg.hu\/\"},{\"@type\":\"ListItem\",\"position\":2,\"name\":\"Webshop\",\"item\":\"https:\/\/tmg.hu\/webshop\/\"},{\"@type\":\"ListItem\",\"position\":3,\"name\":\"T\u00e1mogasd Egyes\u00fclet\u00fcnket!\"}]},{\"@type\":\"WebSite\",\"@id\":\"https:\/\/tmg.hu\/#website\",\"url\":\"https:\/\/tmg.hu\/\",\"name\":\"TMG - Talajmeg\u00faj\u00edt\u00f3 Gazd\u00e1k Egyes\u00fclete\",\"description\":\"Talajmeg\u00faj\u00edt\u00f3 Gazd\u00e1k Egyes\u00fclete\",\"publisher\":{\"@id\":\"https:\/\/tmg.hu\/#organization\"},\"potentialAction\":[{\"@type\":\"SearchAction\",\"target\":{\"@type\":\"EntryPoint\",\"urlTemplate\":\"https:\/\/tmg.hu\/?s={search_term_string}\"},\"query-input\":{\"@type\":\"PropertyValueSpecification\",\"valueRequired\":true,\"valueName\":\"search_term_string\"}}],\"inLanguage\":\"sl-SI\"},{\"@type\":\"Organization\",\"@id\":\"https:\/\/tmg.hu\/#organization\",\"name\":\"Talajmeg\u00faj\u00edt\u00f3 Gazd\u00e1k Egyes\u00fclete\",\"url\":\"https:\/\/tmg.hu\/\",\"logo\":{\"@type\":\"ImageObject\",\"inLanguage\":\"sl-SI\",\"@id\":\"https:\/\/tmg.hu\/#\/schema\/logo\/image\/\",\"url\":\"https:\/\/tmg.hu\/wp-content\/uploads\/2024\/10\/tmg_og_logo.png\",\"contentUrl\":\"https:\/\/tmg.hu\/wp-content\/uploads\/2024\/10\/tmg_og_logo.png\",\"width\":1200,\"height\":630,\"caption\":\"Talajmeg\u00faj\u00edt\u00f3 Gazd\u00e1k Egyes\u00fclete\"},\"image\":{\"@id\":\"https:\/\/tmg.hu\/#\/schema\/logo\/image\/\"},\"sameAs\":[\"https:\/\/www.facebook.com\/tmg.egyesulet\/\",\"https:\/\/www.instagram.com\/tmg.hu\/\",\"https:\/\/www.youtube.com\/@tmg_egyesulet\"]}]}<\/script>\n<!-- \/ Yoast SEO plugin. -->","yoast_head_json":{"title":"Podprite na\u0161e zdru\u017eenje! - Zdru\u017eenje kmetov za obnovo tal","robots":{"index":"index","follow":"follow","max-snippet":"max-snippet:-1","max-image-preview":"max-image-preview:large","max-video-preview":"max-video-preview:-1"},"canonical":"https:\/\/tmg.hu\/sl\/sobe\/podprite-nase-zdruzenje\/","og_locale":"sl_SI","og_type":"article","og_title":"T\u00e1mogasd Egyes\u00fclet\u00fcnket! - Talajmeg\u00faj\u00edt\u00f3 Gazd\u00e1k Egyes\u00fclete","og_description":"Adj es\u00e9lyt a v\u00e1ltoz\u00e1sra!  K\u00e9rlek, t\u00e1mogass minket, ha Te is fontosnak tartod, hogy a gyermekeink \u00e9s az unok\u00e1ink t\u00e1ny\u00e9rj\u00e1ra is jusson falat. Olyan falat, ami \u00e9ltet \u00e9s t\u00e1pl\u00e1l.","og_url":"https:\/\/tmg.hu\/sl\/sobe\/podprite-nase-zdruzenje\/","og_site_name":"Talajmeg\u00faj\u00edt\u00f3 Gazd\u00e1k Egyes\u00fclete","article_publisher":"https:\/\/www.facebook.com\/tmg.egyesulet\/","article_modified_time":"2026-04-12T08:26:26+00:00","og_image":[{"width":790,"height":687,"url":"https:\/\/tmg.hu\/wp-content\/uploads\/2024\/08\/TMG-tamogatas-rajz.png","type":"image\/png"}],"twitter_card":"summary_large_image","twitter_misc":{"Est. reading time":"1 minuta"},"schema":{"@context":"https:\/\/schema.org","@graph":[{"@type":"WebPage","@id":"https:\/\/tmg.hu\/termek\/tamogasd-egyesuletunket\/","url":"https:\/\/tmg.hu\/termek\/tamogasd-egyesuletunket\/","name":"Podprite na\u0161e zdru\u017eenje! - Zdru\u017eenje kmetov za obnovo tal","isPartOf":{"@id":"https:\/\/tmg.hu\/#website"},"primaryImageOfPage":{"@id":"https:\/\/tmg.hu\/termek\/tamogasd-egyesuletunket\/#primaryimage"},"image":{"@id":"https:\/\/tmg.hu\/termek\/tamogasd-egyesuletunket\/#primaryimage"},"thumbnailUrl":"https:\/\/tmg.hu\/wp-content\/uploads\/2024\/08\/TMG-tamogatas-rajz.png","datePublished":"2025-10-17T02:51:27+00:00","dateModified":"2026-04-12T08:26:26+00:00","breadcrumb":{"@id":"https:\/\/tmg.hu\/termek\/tamogasd-egyesuletunket\/#breadcrumb"},"inLanguage":"sl-SI","potentialAction":[{"@type":"ReadAction","target":["https:\/\/tmg.hu\/termek\/tamogasd-egyesuletunket\/"]}]},{"@type":"ImageObject","inLanguage":"sl-SI","@id":"https:\/\/tmg.hu\/termek\/tamogasd-egyesuletunket\/#primaryimage","url":"https:\/\/tmg.hu\/wp-content\/uploads\/2024\/08\/TMG-tamogatas-rajz.png","contentUrl":"https:\/\/tmg.hu\/wp-content\/uploads\/2024\/08\/TMG-tamogatas-rajz.png","width":790,"height":687},{"@type":"BreadcrumbList","@id":"https:\/\/tmg.hu\/termek\/tamogasd-egyesuletunket\/#breadcrumb","itemListElement":[{"@type":"ListItem","position":1,"name":"Home","item":"https:\/\/tmg.hu\/"},{"@type":"ListItem","position":2,"name":"Webshop","item":"https:\/\/tmg.hu\/webshop\/"},{"@type":"ListItem","position":3,"name":"T\u00e1mogasd Egyes\u00fclet\u00fcnket!"}]},{"@type":"WebSite","@id":"https:\/\/tmg.hu\/#website","url":"https:\/\/tmg.hu\/","name":"TMG - Zdru\u017eenje kmetov za obnovo tal","description":"Zdru\u017eenje kmetov za obnovo tal","publisher":{"@id":"https:\/\/tmg.hu\/#organization"},"potentialAction":[{"@type":"SearchAction","target":{"@type":"EntryPoint","urlTemplate":"https:\/\/tmg.hu\/?s={search_term_string}"},"query-input":{"@type":"PropertyValueSpecification","valueRequired":true,"valueName":"search_term_string"}}],"inLanguage":"sl-SI"},{"@type":"Organization","@id":"https:\/\/tmg.hu\/#organization","name":"Zdru\u017eenje kmetov za obnovo tal","url":"https:\/\/tmg.hu\/","logo":{"@type":"ImageObject","inLanguage":"sl-SI","@id":"https:\/\/tmg.hu\/#\/schema\/logo\/image\/","url":"https:\/\/tmg.hu\/wp-content\/uploads\/2024\/10\/tmg_og_logo.png","contentUrl":"https:\/\/tmg.hu\/wp-content\/uploads\/2024\/10\/tmg_og_logo.png","width":1200,"height":630,"caption":"Talajmeg\u00faj\u00edt\u00f3 Gazd\u00e1k Egyes\u00fclete"},"image":{"@id":"https:\/\/tmg.hu\/#\/schema\/logo\/image\/"},"sameAs":["https:\/\/www.facebook.com\/tmg.egyesulet\/","https:\/\/www.instagram.com\/tmg.hu\/","https:\/\/www.youtube.com\/@tmg_egyesulet"]}]}},"_links":{"self":[{"href":"https:\/\/tmg.hu\/sl\/wp-json\/wp\/v2\/product\/10410","targetHints":{"allow":["GET"]}}],"collection":[{"href":"https:\/\/tmg.hu\/sl\/wp-json\/wp\/v2\/product"}],"about":[{"href":"https:\/\/tmg.hu\/sl\/wp-json\/wp\/v2\/types\/product"}],"wp:featuredmedia":[{"embeddable":true,"href":"https:\/\/tmg.hu\/sl\/wp-json\/wp\/v2\/media\/6555"}],"wp:attachment":[{"href":"https:\/\/tmg.hu\/sl\/wp-json\/wp\/v2\/media?parent=10410"}],"wp:term":[{"taxonomy":"product_brand","embeddable":true,"href":"https:\/\/tmg.hu\/sl\/wp-json\/wp\/v2\/product_brand?post=10410"},{"taxonomy":"product_cat","embeddable":true,"href":"https:\/\/tmg.hu\/sl\/wp-json\/wp\/v2\/product_cat?post=10410"},{"taxonomy":"product_tag","embeddable":true,"href":"https:\/\/tmg.hu\/sl\/wp-json\/wp\/v2\/product_tag?post=10410"}],"curies":[{"name":"wp","href":"https:\/\/api.w.org\/{rel}","templated":true}]}}