{"id":10302,"date":"2025-07-10T02:46:10","date_gmt":"2025-07-10T00:46:10","guid":{"rendered":"https:\/\/tmg.hu\/?post_type=product&#038;p=10302"},"modified":"2025-07-11T13:51:25","modified_gmt":"2025-07-11T11:51:25","slug":"jean-francois-berthellot-dva-dni-konference-react-8-groundelet","status":"publish","type":"product","link":"https:\/\/tmg.hu\/sl\/sobe\/jean-francois-berthellot-dva-dni-konference-react-8-groundelet\/","title":{"rendered":"Dve delavnici Jean-Fran\u00e7oisa Berthellota - 8. konferenca REAG o \u017eivljenju tal"},"content":{"rendered":"<p>Ena izmed najbolj vplivnih delavnic 8. konference TMG REAG Soil Life je zdaj na voljo v videoposnetku! Francoski kmet Jean-Fran\u00e7ois Berthellot je v dveh dneh predstavil poglobljeno prakti\u010dno znanje, ki je na kraju samem naletelo na izjemno zanimanje udele\u017eencev.<\/p>\n<p>To gradivo ni bilo vklju\u010deno v uradne posnetke konference, saj so bile na to platformo nalo\u017eene le predstavitve iz predavalnic. Tako si ga niso mogli ogledati niti tisti, ki so kupili vstopnice ali lo\u010deno kupili paket predavanj.<\/p>\n<p>Vendar je ta dvodnevna, zelo pou\u010dna delavnica zdaj na voljo vsem zainteresiranim!<\/p>\n<p><strong>Vsebina paketa:<\/strong><\/p>\n<p>\ud83d\udcc5 <strong>17.01.2025 - petkova delavnica<\/strong><br \/>\n<em>Stanje raznolikosti p\u0161enice, razpolo\u017eljivost semen, ponovna opredelitev raznolikosti - \u0161tudija primera skupnosti<\/em><\/p>\n<p>\ud83d\udcc5 <strong>18.01.2025 - Sobotna delavnica<\/strong><br \/>\n<em>Razvoj meril za izbor, metodologija izbora za doseganje \u017eelenih rezultatov<\/em><\/p>\n<table style=\"border-collapse: collapse; width: 100%;\" border=\"1\">\n<tbody>\n<tr>\n<td style=\"width: 100%;\">\n<p style=\"text-align: center;\">Video gradivo lahko kupite v na\u0161i spletni trgovini.<br \/>\nV nekaj dneh po pla\u010dilu vam bomo po e-po\u0161ti poslali geslo za dostop do spletnega mesta.<\/p>\n<\/td>\n<\/tr>\n<\/tbody>\n<\/table>\n<p>&nbsp;<\/p>\n<p><strong>Jean-Fran\u00e7ois Berthellot \ud83c\uddeb\ud83c\uddf7<\/strong><\/p>\n<p>Izhaja iz kme\u010dke dru\u017eine in po \u0161tudiju kmetijstva sta z \u017eeno leta 1983 za\u010dela biolo\u0161ko\/biodinami\u010dno kmetovanje. Najprej sta pridelovala zelenjavo, nato sta pre\u0161la na poljedelstvo, kmalu pa sta za\u010dela predelovati lastno \u017eito, najprej v kruh in nato v sve\u017ee testo v pekarni na kmetiji.<\/p>\n<p>Od ustanovitve leta 2003 aktivno sodeluje pri razvoju nacionalne organizacije R\u00e9seaux Semences-Paysannes (Mre\u017ea kme\u010dkih semen), katere \u010dlan upravnega odbora je \u017ee ve\u010d kot 15 let. V teh letih je z ekipo Nacionalnega in\u0161tituta za kmetijske in okoljske raziskave (INRAE) dejavno sodeloval v ve\u010d evropskih programih participativnega \u017elahtnjenja. Cilj teh programov je bil izbrati dinami\u010dne evolucijske populacije, ki so danes na primer osnova me\u0161anic \u017eit, ki jih seje.<\/p>\n<p>Njegov kruh ima visoko hranilno vrednost, je zdrav in narejen iz me\u0161anice semen, ki je dobro prilagojena tako lastnemu kot lokalnemu okolju in na\u010dinu pridelave.<\/p>","protected":false},"excerpt":{"rendered":"<p>Ena izmed najbolj vplivnih delavnic 8. konference TMG REAG Soil Life je zdaj na voljo v videoposnetku! Francoski kmet Jean-Fran\u00e7ois Berthellot je v dveh dneh predstavil poglobljeno prakti\u010dno znanje, ki je na kraju samem naletelo na izjemno zanimanje udele\u017eencev.<\/p>","protected":false},"featured_media":10303,"template":"","meta":[],"product_brand":[],"product_cat":[70],"product_tag":[],"class_list":{"0":"post-10302","1":"product","2":"type-product","3":"status-publish","4":"has-post-thumbnail","6":"product_cat-videok","8":"first","9":"instock","10":"virtual","11":"taxable","12":"purchasable","13":"product-type-simple"},"bundled_by":[],"bundle_stock_status":"instock","bundle_stock_quantity":null,"bundle_virtual":false,"bundle_layout":"","bundle_add_to_cart_form_location":"","bundle_editable_in_cart":false,"bundle_sold_individually_context":"","bundle_item_grouping":"","bundle_min_size":"","bundle_max_size":"","bundle_price":[],"bundled_items":[],"bundle_sell_ids":[],"yoast_head":"<!-- This site is optimized with the Yoast SEO plugin v26.6 - https:\/\/yoast.com\/wordpress\/plugins\/seo\/ -->\n<title>Jean-Fran\u00e7ois Berthellot k\u00e9t m\u0171helynapja \u2013 REAG 8. Talaj\u00e9let Konferencia - Talajmeg\u00faj\u00edt\u00f3 Gazd\u00e1k Egyes\u00fclete<\/title>\n<meta name=\"robots\" content=\"index, follow, max-snippet:-1, max-image-preview:large, max-video-preview:-1\" \/>\n<link rel=\"canonical\" href=\"http:\/\/tmg.hu\/sl\/sobe\/jean-francois-berthellot-dva-dni-konference-react-8-groundelet\/\" \/>\n<meta property=\"og:locale\" content=\"sl_SI\" \/>\n<meta property=\"og:type\" content=\"article\" \/>\n<meta property=\"og:title\" content=\"Jean-Fran\u00e7ois Berthellot k\u00e9t m\u0171helynapja \u2013 REAG 8. Talaj\u00e9let Konferencia - Talajmeg\u00faj\u00edt\u00f3 Gazd\u00e1k Egyes\u00fclete\" \/>\n<meta property=\"og:description\" content=\"A TMG REAG 8. Talaj\u00e9let Konferencia egyik legnagyobb hat\u00e1s\u00fa m\u0171helye most el\u00e9rhet\u0151 vide\u00f3n! Jean-Fran\u00e7ois Berthellot francia gazda k\u00e9t napon \u00e1t tartott m\u00e9lyrehat\u00f3, gyakorlati tud\u00e1st ad\u00f3 foglalkoz\u00e1st, amelyet a helysz\u00edni r\u00e9sztvev\u0151k rendk\u00edv\u00fcli \u00e9rdekl\u0151d\u00e9se \u00f6vezett.\" \/>\n<meta property=\"og:url\" content=\"http:\/\/tmg.hu\/sl\/sobe\/jean-francois-berthellot-dva-dni-konference-react-8-groundelet\/\" \/>\n<meta property=\"og:site_name\" content=\"Talajmeg\u00faj\u00edt\u00f3 Gazd\u00e1k Egyes\u00fclete\" \/>\n<meta property=\"article:publisher\" content=\"https:\/\/www.facebook.com\/tmg.egyesulet\/\" \/>\n<meta property=\"article:modified_time\" content=\"2025-07-11T11:51:25+00:00\" \/>\n<meta property=\"og:image\" content=\"https:\/\/tmg.hu\/wp-content\/uploads\/2025\/07\/fokep-Jean-Francois.png\" \/>\n\t<meta property=\"og:image:width\" content=\"768\" \/>\n\t<meta property=\"og:image:height\" content=\"511\" \/>\n\t<meta property=\"og:image:type\" content=\"image\/png\" \/>\n<meta name=\"twitter:card\" content=\"summary_large_image\" \/>\n<meta name=\"twitter:label1\" content=\"Est. reading time\" \/>\n\t<meta name=\"twitter:data1\" content=\"2 minuti\" \/>\n<script type=\"application\/ld+json\" class=\"yoast-schema-graph\">{\"@context\":\"https:\/\/schema.org\",\"@graph\":[{\"@type\":\"WebPage\",\"@id\":\"http:\/\/tmg.hu\/uk\/%d0%ba%d1%96%d0%bc%d0%bd%d0%b0%d1%82%d0%b8\/%d0%b6%d0%b0%d0%bd-%d1%84%d1%80%d0%b0%d0%bd%d1%81%d1%83%d0%b0-%d0%b1%d0%b5%d1%80%d1%82%d0%b5%d0%bb%d0%be-%d0%b4%d0%b2%d0%b0-%d0%b4%d0%bd%d1%96-%d0%ba%d0%be%d0%bd%d1%84%d0%b5%d1%80%d0%b5%d0%bd%d1%86\/\",\"url\":\"http:\/\/tmg.hu\/uk\/%d0%ba%d1%96%d0%bc%d0%bd%d0%b0%d1%82%d0%b8\/%d0%b6%d0%b0%d0%bd-%d1%84%d1%80%d0%b0%d0%bd%d1%81%d1%83%d0%b0-%d0%b1%d0%b5%d1%80%d1%82%d0%b5%d0%bb%d0%be-%d0%b4%d0%b2%d0%b0-%d0%b4%d0%bd%d1%96-%d0%ba%d0%be%d0%bd%d1%84%d0%b5%d1%80%d0%b5%d0%bd%d1%86\/\",\"name\":\"Jean-Fran\u00e7ois Berthellot k\u00e9t m\u0171helynapja \u2013 REAG 8. Talaj\u00e9let Konferencia - Talajmeg\u00faj\u00edt\u00f3 Gazd\u00e1k Egyes\u00fclete\",\"isPartOf\":{\"@id\":\"https:\/\/tmg.hu\/#website\"},\"primaryImageOfPage\":{\"@id\":\"http:\/\/tmg.hu\/uk\/%d0%ba%d1%96%d0%bc%d0%bd%d0%b0%d1%82%d0%b8\/%d0%b6%d0%b0%d0%bd-%d1%84%d1%80%d0%b0%d0%bd%d1%81%d1%83%d0%b0-%d0%b1%d0%b5%d1%80%d1%82%d0%b5%d0%bb%d0%be-%d0%b4%d0%b2%d0%b0-%d0%b4%d0%bd%d1%96-%d0%ba%d0%be%d0%bd%d1%84%d0%b5%d1%80%d0%b5%d0%bd%d1%86\/#primaryimage\"},\"image\":{\"@id\":\"http:\/\/tmg.hu\/uk\/%d0%ba%d1%96%d0%bc%d0%bd%d0%b0%d1%82%d0%b8\/%d0%b6%d0%b0%d0%bd-%d1%84%d1%80%d0%b0%d0%bd%d1%81%d1%83%d0%b0-%d0%b1%d0%b5%d1%80%d1%82%d0%b5%d0%bb%d0%be-%d0%b4%d0%b2%d0%b0-%d0%b4%d0%bd%d1%96-%d0%ba%d0%be%d0%bd%d1%84%d0%b5%d1%80%d0%b5%d0%bd%d1%86\/#primaryimage\"},\"thumbnailUrl\":\"https:\/\/tmg.hu\/wp-content\/uploads\/2025\/07\/fokep-Jean-Francois.png\",\"datePublished\":\"2025-07-10T00:46:10+00:00\",\"dateModified\":\"2025-07-11T11:51:25+00:00\",\"breadcrumb\":{\"@id\":\"http:\/\/tmg.hu\/uk\/%d0%ba%d1%96%d0%bc%d0%bd%d0%b0%d1%82%d0%b8\/%d0%b6%d0%b0%d0%bd-%d1%84%d1%80%d0%b0%d0%bd%d1%81%d1%83%d0%b0-%d0%b1%d0%b5%d1%80%d1%82%d0%b5%d0%bb%d0%be-%d0%b4%d0%b2%d0%b0-%d0%b4%d0%bd%d1%96-%d0%ba%d0%be%d0%bd%d1%84%d0%b5%d1%80%d0%b5%d0%bd%d1%86\/#breadcrumb\"},\"inLanguage\":\"sl-SI\",\"potentialAction\":[{\"@type\":\"ReadAction\",\"target\":[\"http:\/\/tmg.hu\/uk\/%d0%ba%d1%96%d0%bc%d0%bd%d0%b0%d1%82%d0%b8\/%d0%b6%d0%b0%d0%bd-%d1%84%d1%80%d0%b0%d0%bd%d1%81%d1%83%d0%b0-%d0%b1%d0%b5%d1%80%d1%82%d0%b5%d0%bb%d0%be-%d0%b4%d0%b2%d0%b0-%d0%b4%d0%bd%d1%96-%d0%ba%d0%be%d0%bd%d1%84%d0%b5%d1%80%d0%b5%d0%bd%d1%86\/\"]}]},{\"@type\":\"ImageObject\",\"inLanguage\":\"sl-SI\",\"@id\":\"http:\/\/tmg.hu\/uk\/%d0%ba%d1%96%d0%bc%d0%bd%d0%b0%d1%82%d0%b8\/%d0%b6%d0%b0%d0%bd-%d1%84%d1%80%d0%b0%d0%bd%d1%81%d1%83%d0%b0-%d0%b1%d0%b5%d1%80%d1%82%d0%b5%d0%bb%d0%be-%d0%b4%d0%b2%d0%b0-%d0%b4%d0%bd%d1%96-%d0%ba%d0%be%d0%bd%d1%84%d0%b5%d1%80%d0%b5%d0%bd%d1%86\/#primaryimage\",\"url\":\"https:\/\/tmg.hu\/wp-content\/uploads\/2025\/07\/fokep-Jean-Francois.png\",\"contentUrl\":\"https:\/\/tmg.hu\/wp-content\/uploads\/2025\/07\/fokep-Jean-Francois.png\",\"width\":768,\"height\":511},{\"@type\":\"BreadcrumbList\",\"@id\":\"http:\/\/tmg.hu\/uk\/%d0%ba%d1%96%d0%bc%d0%bd%d0%b0%d1%82%d0%b8\/%d0%b6%d0%b0%d0%bd-%d1%84%d1%80%d0%b0%d0%bd%d1%81%d1%83%d0%b0-%d0%b1%d0%b5%d1%80%d1%82%d0%b5%d0%bb%d0%be-%d0%b4%d0%b2%d0%b0-%d0%b4%d0%bd%d1%96-%d0%ba%d0%be%d0%bd%d1%84%d0%b5%d1%80%d0%b5%d0%bd%d1%86\/#breadcrumb\",\"itemListElement\":[{\"@type\":\"ListItem\",\"position\":1,\"name\":\"Home\",\"item\":\"https:\/\/tmg.hu\/\"},{\"@type\":\"ListItem\",\"position\":2,\"name\":\"Webshop\",\"item\":\"https:\/\/tmg.hu\/webshop\/\"},{\"@type\":\"ListItem\",\"position\":3,\"name\":\"Jean-Fran\u00e7ois Berthellot k\u00e9t m\u0171helynapja \u2013 REAG 8. Talaj\u00e9let Konferencia\"}]},{\"@type\":\"WebSite\",\"@id\":\"https:\/\/tmg.hu\/#website\",\"url\":\"https:\/\/tmg.hu\/\",\"name\":\"TMG - Talajmeg\u00faj\u00edt\u00f3 Gazd\u00e1k Egyes\u00fclete\",\"description\":\"Talajmeg\u00faj\u00edt\u00f3 Gazd\u00e1k Egyes\u00fclete\",\"publisher\":{\"@id\":\"https:\/\/tmg.hu\/#organization\"},\"potentialAction\":[{\"@type\":\"SearchAction\",\"target\":{\"@type\":\"EntryPoint\",\"urlTemplate\":\"https:\/\/tmg.hu\/?s={search_term_string}\"},\"query-input\":{\"@type\":\"PropertyValueSpecification\",\"valueRequired\":true,\"valueName\":\"search_term_string\"}}],\"inLanguage\":\"sl-SI\"},{\"@type\":\"Organization\",\"@id\":\"https:\/\/tmg.hu\/#organization\",\"name\":\"Talajmeg\u00faj\u00edt\u00f3 Gazd\u00e1k Egyes\u00fclete\",\"url\":\"https:\/\/tmg.hu\/\",\"logo\":{\"@type\":\"ImageObject\",\"inLanguage\":\"sl-SI\",\"@id\":\"https:\/\/tmg.hu\/#\/schema\/logo\/image\/\",\"url\":\"https:\/\/tmg.hu\/wp-content\/uploads\/2024\/10\/tmg_og_logo.png\",\"contentUrl\":\"https:\/\/tmg.hu\/wp-content\/uploads\/2024\/10\/tmg_og_logo.png\",\"width\":1200,\"height\":630,\"caption\":\"Talajmeg\u00faj\u00edt\u00f3 Gazd\u00e1k Egyes\u00fclete\"},\"image\":{\"@id\":\"https:\/\/tmg.hu\/#\/schema\/logo\/image\/\"},\"sameAs\":[\"https:\/\/www.facebook.com\/tmg.egyesulet\/\",\"https:\/\/www.instagram.com\/tmg.hu\/\",\"https:\/\/www.youtube.com\/@tmg_egyesulet\"]}]}<\/script>\n<!-- \/ Yoast SEO plugin. -->","yoast_head_json":{"title":"Dve delavnici Jean-Fran\u00e7oisa Berthellota - REAG 8. konferenca o \u017eivljenju tal - Zdru\u017eenje kmetov za obnovo tal","robots":{"index":"index","follow":"follow","max-snippet":"max-snippet:-1","max-image-preview":"max-image-preview:large","max-video-preview":"max-video-preview:-1"},"canonical":"http:\/\/tmg.hu\/sl\/sobe\/jean-francois-berthellot-dva-dni-konference-react-8-groundelet\/","og_locale":"sl_SI","og_type":"article","og_title":"Jean-Fran\u00e7ois Berthellot k\u00e9t m\u0171helynapja \u2013 REAG 8. Talaj\u00e9let Konferencia - Talajmeg\u00faj\u00edt\u00f3 Gazd\u00e1k Egyes\u00fclete","og_description":"A TMG REAG 8. Talaj\u00e9let Konferencia egyik legnagyobb hat\u00e1s\u00fa m\u0171helye most el\u00e9rhet\u0151 vide\u00f3n! Jean-Fran\u00e7ois Berthellot francia gazda k\u00e9t napon \u00e1t tartott m\u00e9lyrehat\u00f3, gyakorlati tud\u00e1st ad\u00f3 foglalkoz\u00e1st, amelyet a helysz\u00edni r\u00e9sztvev\u0151k rendk\u00edv\u00fcli \u00e9rdekl\u0151d\u00e9se \u00f6vezett.","og_url":"http:\/\/tmg.hu\/sl\/sobe\/jean-francois-berthellot-dva-dni-konference-react-8-groundelet\/","og_site_name":"Talajmeg\u00faj\u00edt\u00f3 Gazd\u00e1k Egyes\u00fclete","article_publisher":"https:\/\/www.facebook.com\/tmg.egyesulet\/","article_modified_time":"2025-07-11T11:51:25+00:00","og_image":[{"width":768,"height":511,"url":"https:\/\/tmg.hu\/wp-content\/uploads\/2025\/07\/fokep-Jean-Francois.png","type":"image\/png"}],"twitter_card":"summary_large_image","twitter_misc":{"Est. reading time":"2 minuti"},"schema":{"@context":"https:\/\/schema.org","@graph":[{"@type":"WebPage","@id":"http:\/\/tmg.hu\/uk\/%d0%ba%d1%96%d0%bc%d0%bd%d0%b0%d1%82%d0%b8\/%d0%b6%d0%b0%d0%bd-%d1%84%d1%80%d0%b0%d0%bd%d1%81%d1%83%d0%b0-%d0%b1%d0%b5%d1%80%d1%82%d0%b5%d0%bb%d0%be-%d0%b4%d0%b2%d0%b0-%d0%b4%d0%bd%d1%96-%d0%ba%d0%be%d0%bd%d1%84%d0%b5%d1%80%d0%b5%d0%bd%d1%86\/","url":"http:\/\/tmg.hu\/uk\/%d0%ba%d1%96%d0%bc%d0%bd%d0%b0%d1%82%d0%b8\/%d0%b6%d0%b0%d0%bd-%d1%84%d1%80%d0%b0%d0%bd%d1%81%d1%83%d0%b0-%d0%b1%d0%b5%d1%80%d1%82%d0%b5%d0%bb%d0%be-%d0%b4%d0%b2%d0%b0-%d0%b4%d0%bd%d1%96-%d0%ba%d0%be%d0%bd%d1%84%d0%b5%d1%80%d0%b5%d0%bd%d1%86\/","name":"Dve delavnici Jean-Fran\u00e7oisa Berthellota - REAG 8. konferenca o \u017eivljenju tal - Zdru\u017eenje kmetov za obnovo tal","isPartOf":{"@id":"https:\/\/tmg.hu\/#website"},"primaryImageOfPage":{"@id":"http:\/\/tmg.hu\/uk\/%d0%ba%d1%96%d0%bc%d0%bd%d0%b0%d1%82%d0%b8\/%d0%b6%d0%b0%d0%bd-%d1%84%d1%80%d0%b0%d0%bd%d1%81%d1%83%d0%b0-%d0%b1%d0%b5%d1%80%d1%82%d0%b5%d0%bb%d0%be-%d0%b4%d0%b2%d0%b0-%d0%b4%d0%bd%d1%96-%d0%ba%d0%be%d0%bd%d1%84%d0%b5%d1%80%d0%b5%d0%bd%d1%86\/#primaryimage"},"image":{"@id":"http:\/\/tmg.hu\/uk\/%d0%ba%d1%96%d0%bc%d0%bd%d0%b0%d1%82%d0%b8\/%d0%b6%d0%b0%d0%bd-%d1%84%d1%80%d0%b0%d0%bd%d1%81%d1%83%d0%b0-%d0%b1%d0%b5%d1%80%d1%82%d0%b5%d0%bb%d0%be-%d0%b4%d0%b2%d0%b0-%d0%b4%d0%bd%d1%96-%d0%ba%d0%be%d0%bd%d1%84%d0%b5%d1%80%d0%b5%d0%bd%d1%86\/#primaryimage"},"thumbnailUrl":"https:\/\/tmg.hu\/wp-content\/uploads\/2025\/07\/fokep-Jean-Francois.png","datePublished":"2025-07-10T00:46:10+00:00","dateModified":"2025-07-11T11:51:25+00:00","breadcrumb":{"@id":"http:\/\/tmg.hu\/uk\/%d0%ba%d1%96%d0%bc%d0%bd%d0%b0%d1%82%d0%b8\/%d0%b6%d0%b0%d0%bd-%d1%84%d1%80%d0%b0%d0%bd%d1%81%d1%83%d0%b0-%d0%b1%d0%b5%d1%80%d1%82%d0%b5%d0%bb%d0%be-%d0%b4%d0%b2%d0%b0-%d0%b4%d0%bd%d1%96-%d0%ba%d0%be%d0%bd%d1%84%d0%b5%d1%80%d0%b5%d0%bd%d1%86\/#breadcrumb"},"inLanguage":"sl-SI","potentialAction":[{"@type":"ReadAction","target":["http:\/\/tmg.hu\/uk\/%d0%ba%d1%96%d0%bc%d0%bd%d0%b0%d1%82%d0%b8\/%d0%b6%d0%b0%d0%bd-%d1%84%d1%80%d0%b0%d0%bd%d1%81%d1%83%d0%b0-%d0%b1%d0%b5%d1%80%d1%82%d0%b5%d0%bb%d0%be-%d0%b4%d0%b2%d0%b0-%d0%b4%d0%bd%d1%96-%d0%ba%d0%be%d0%bd%d1%84%d0%b5%d1%80%d0%b5%d0%bd%d1%86\/"]}]},{"@type":"ImageObject","inLanguage":"sl-SI","@id":"http:\/\/tmg.hu\/uk\/%d0%ba%d1%96%d0%bc%d0%bd%d0%b0%d1%82%d0%b8\/%d0%b6%d0%b0%d0%bd-%d1%84%d1%80%d0%b0%d0%bd%d1%81%d1%83%d0%b0-%d0%b1%d0%b5%d1%80%d1%82%d0%b5%d0%bb%d0%be-%d0%b4%d0%b2%d0%b0-%d0%b4%d0%bd%d1%96-%d0%ba%d0%be%d0%bd%d1%84%d0%b5%d1%80%d0%b5%d0%bd%d1%86\/#primaryimage","url":"https:\/\/tmg.hu\/wp-content\/uploads\/2025\/07\/fokep-Jean-Francois.png","contentUrl":"https:\/\/tmg.hu\/wp-content\/uploads\/2025\/07\/fokep-Jean-Francois.png","width":768,"height":511},{"@type":"BreadcrumbList","@id":"http:\/\/tmg.hu\/uk\/%d0%ba%d1%96%d0%bc%d0%bd%d0%b0%d1%82%d0%b8\/%d0%b6%d0%b0%d0%bd-%d1%84%d1%80%d0%b0%d0%bd%d1%81%d1%83%d0%b0-%d0%b1%d0%b5%d1%80%d1%82%d0%b5%d0%bb%d0%be-%d0%b4%d0%b2%d0%b0-%d0%b4%d0%bd%d1%96-%d0%ba%d0%be%d0%bd%d1%84%d0%b5%d1%80%d0%b5%d0%bd%d1%86\/#breadcrumb","itemListElement":[{"@type":"ListItem","position":1,"name":"Home","item":"https:\/\/tmg.hu\/"},{"@type":"ListItem","position":2,"name":"Webshop","item":"https:\/\/tmg.hu\/webshop\/"},{"@type":"ListItem","position":3,"name":"Jean-Fran\u00e7ois Berthellot k\u00e9t m\u0171helynapja \u2013 REAG 8. Talaj\u00e9let Konferencia"}]},{"@type":"WebSite","@id":"https:\/\/tmg.hu\/#website","url":"https:\/\/tmg.hu\/","name":"TMG - Zdru\u017eenje kmetov za obnovo tal","description":"Zdru\u017eenje kmetov za obnovo tal","publisher":{"@id":"https:\/\/tmg.hu\/#organization"},"potentialAction":[{"@type":"SearchAction","target":{"@type":"EntryPoint","urlTemplate":"https:\/\/tmg.hu\/?s={search_term_string}"},"query-input":{"@type":"PropertyValueSpecification","valueRequired":true,"valueName":"search_term_string"}}],"inLanguage":"sl-SI"},{"@type":"Organization","@id":"https:\/\/tmg.hu\/#organization","name":"Zdru\u017eenje kmetov za obnovo tal","url":"https:\/\/tmg.hu\/","logo":{"@type":"ImageObject","inLanguage":"sl-SI","@id":"https:\/\/tmg.hu\/#\/schema\/logo\/image\/","url":"https:\/\/tmg.hu\/wp-content\/uploads\/2024\/10\/tmg_og_logo.png","contentUrl":"https:\/\/tmg.hu\/wp-content\/uploads\/2024\/10\/tmg_og_logo.png","width":1200,"height":630,"caption":"Talajmeg\u00faj\u00edt\u00f3 Gazd\u00e1k Egyes\u00fclete"},"image":{"@id":"https:\/\/tmg.hu\/#\/schema\/logo\/image\/"},"sameAs":["https:\/\/www.facebook.com\/tmg.egyesulet\/","https:\/\/www.instagram.com\/tmg.hu\/","https:\/\/www.youtube.com\/@tmg_egyesulet"]}]}},"_links":{"self":[{"href":"https:\/\/tmg.hu\/sl\/wp-json\/wp\/v2\/product\/10302","targetHints":{"allow":["GET"]}}],"collection":[{"href":"https:\/\/tmg.hu\/sl\/wp-json\/wp\/v2\/product"}],"about":[{"href":"https:\/\/tmg.hu\/sl\/wp-json\/wp\/v2\/types\/product"}],"wp:featuredmedia":[{"embeddable":true,"href":"https:\/\/tmg.hu\/sl\/wp-json\/wp\/v2\/media\/10303"}],"wp:attachment":[{"href":"https:\/\/tmg.hu\/sl\/wp-json\/wp\/v2\/media?parent=10302"}],"wp:term":[{"taxonomy":"product_brand","embeddable":true,"href":"https:\/\/tmg.hu\/sl\/wp-json\/wp\/v2\/product_brand?post=10302"},{"taxonomy":"product_cat","embeddable":true,"href":"https:\/\/tmg.hu\/sl\/wp-json\/wp\/v2\/product_cat?post=10302"},{"taxonomy":"product_tag","embeddable":true,"href":"https:\/\/tmg.hu\/sl\/wp-json\/wp\/v2\/product_tag?post=10302"}],"curies":[{"name":"wp","href":"https:\/\/api.w.org\/{rel}","templated":true}]}}