{"id":6256,"date":"2024-05-26T16:18:35","date_gmt":"2024-05-26T14:18:35","guid":{"rendered":"https:\/\/tmg.hu\/?page_id=6256"},"modified":"2024-05-26T16:19:54","modified_gmt":"2024-05-26T14:19:54","slug":"uspesno-placan","status":"publish","type":"page","link":"https:\/\/tmg.hu\/sl\/uspesno-placan\/","title":{"rendered":"Uspe\u0161no pla\u010dilo!"},"content":{"rendered":"<div data-elementor-type=\"wp-page\" data-elementor-id=\"6256\" class=\"elementor elementor-6256\" data-elementor-post-type=\"page\">\n\t\t\t\t\t\t<section class=\"elementor-section elementor-top-section elementor-element elementor-element-e81bf86 elementor-section-stretched elementor-section-boxed elementor-section-height-default elementor-section-height-default\" data-id=\"e81bf86\" data-element_type=\"section\" data-settings=\"{&quot;stretch_section&quot;:&quot;section-stretched&quot;,&quot;background_background&quot;:&quot;classic&quot;}\">\n\t\t\t\t\t\t\t<div class=\"elementor-background-overlay\"><\/div>\n\t\t\t\t\t\t\t<div class=\"elementor-container elementor-column-gap-default\">\n\t\t\t\t\t<div class=\"elementor-column elementor-col-100 elementor-top-column elementor-element elementor-element-db4e9ca\" data-id=\"db4e9ca\" data-element_type=\"column\" data-settings=\"{&quot;background_background&quot;:&quot;classic&quot;}\">\n\t\t\t<div class=\"elementor-widget-wrap elementor-element-populated\">\n\t\t\t\t\t\t<div class=\"elementor-element elementor-element-3bdbd61 elementor-widget elementor-widget-heading\" data-id=\"3bdbd61\" data-element_type=\"widget\" data-widget_type=\"heading.default\">\n\t\t\t\t<div class=\"elementor-widget-container\">\n\t\t\t\t\t<h2 class=\"elementor-heading-title elementor-size-default\">Uspe\u0161no pla\u010dilo!<\/h2>\t\t\t\t<\/div>\n\t\t\t\t<\/div>\n\t\t\t\t<div class=\"elementor-element elementor-element-31cecb77 elementor-widget elementor-widget-text-editor\" data-id=\"31cecb77\" data-element_type=\"widget\" data-widget_type=\"text-editor.default\">\n\t\t\t\t<div class=\"elementor-widget-container\">\n\t\t\t\t\t\t\t\t\t<p><strong>Dragi udele\u017eenec!<\/strong><\/p><p>Z veseljem vas obve\u0161\u010damo, da je bilo pla\u010dilo uspe\u0161no izvedeno. Zahvaljujemo se vam!<\/p><p>Dobrodo\u0161li na na\u0161em dogodku!<\/p><p>\u010ce imate kakr\u0161na koli vpra\u0161anja, se lahko obrnete na nas na <a href=\"mailto:rendezveny@tmg.hu\">rendezveny@tmg.hu<\/a> na.<\/p><p>Lep pozdrav,<br \/><strong>Zdru\u017eenje TMG<\/strong><\/p>\t\t\t\t\t\t\t\t<\/div>\n\t\t\t\t<\/div>\n\t\t\t\t\t<\/div>\n\t\t<\/div>\n\t\t\t\t\t<\/div>\n\t\t<\/section>\n\t\t\t\t<\/div>","protected":false},"excerpt":{"rendered":"<p>Dragi udele\u017eenec! Z veseljem vas obve\u0161\u010damo, da je bilo pla\u010dilo uspe\u0161no izvedeno. Zahvaljujemo se vam! Veselimo se, da vas bomo lahko pozdravili na na\u0161em dogodku! Za vsa vpra\u0161anja se lahko obrnete na nas na naslov rendezveny@tmg.hu. S spo\u0161tovanjem,Zdru\u017eenje TMG<\/p>","protected":false},"author":141,"featured_media":0,"parent":0,"menu_order":0,"comment_status":"closed","ping_status":"closed","template":"","meta":{"footnotes":""},"class_list":["post-6256","page","type-page","status-publish","hentry"],"yoast_head":"<!-- This site is optimized with the Yoast SEO plugin v26.6 - https:\/\/yoast.com\/wordpress\/plugins\/seo\/ -->\n<title>Sikeres fizet\u00e9s! - Talajmeg\u00faj\u00edt\u00f3 Gazd\u00e1k Egyes\u00fclete<\/title>\n<meta name=\"robots\" content=\"index, follow, max-snippet:-1, max-image-preview:large, max-video-preview:-1\" \/>\n<link rel=\"canonical\" href=\"https:\/\/tmg.hu\/sl\/uspesno-placan\/\" \/>\n<meta property=\"og:locale\" content=\"sl_SI\" \/>\n<meta property=\"og:type\" content=\"article\" \/>\n<meta property=\"og:title\" content=\"Sikeres fizet\u00e9s! - Talajmeg\u00faj\u00edt\u00f3 Gazd\u00e1k Egyes\u00fclete\" \/>\n<meta property=\"og:description\" content=\"Kedves R\u00e9sztvev\u0151! \u00d6r\u00f6mmel \u00e9rtes\u00edt\u00fcnk, hogy a fizet\u00e9s sikeresen megt\u00f6rt\u00e9nt. K\u00f6sz\u00f6nj\u00fck! Szeretettel v\u00e1runk rendezv\u00e9ny\u00fcnk\u00f6n! K\u00e9rd\u00e9seiddel b\u00e1tran fordulj hozz\u00e1nk a rendezveny@tmg.hu c\u00edmen. \u00dcdv\u00f6zlettel,TMG Egyes\u00fclet\" \/>\n<meta property=\"og:url\" content=\"https:\/\/tmg.hu\/sl\/uspesno-placan\/\" \/>\n<meta property=\"og:site_name\" content=\"Talajmeg\u00faj\u00edt\u00f3 Gazd\u00e1k Egyes\u00fclete\" \/>\n<meta property=\"article:publisher\" content=\"https:\/\/www.facebook.com\/tmg.egyesulet\/\" \/>\n<meta property=\"article:modified_time\" content=\"2024-05-26T14:19:54+00:00\" \/>\n<meta property=\"og:image\" content=\"https:\/\/tmg.hu\/wp-content\/uploads\/2024\/10\/tmg_og_logo.png\" \/>\n\t<meta property=\"og:image:width\" content=\"1200\" \/>\n\t<meta property=\"og:image:height\" content=\"630\" \/>\n\t<meta property=\"og:image:type\" content=\"image\/png\" \/>\n<meta name=\"twitter:card\" content=\"summary_large_image\" \/>\n<script type=\"application\/ld+json\" class=\"yoast-schema-graph\">{\"@context\":\"https:\/\/schema.org\",\"@graph\":[{\"@type\":\"WebPage\",\"@id\":\"https:\/\/tmg.hu\/sikeres-fizetes\/\",\"url\":\"https:\/\/tmg.hu\/sikeres-fizetes\/\",\"name\":\"Sikeres fizet\u00e9s! - Talajmeg\u00faj\u00edt\u00f3 Gazd\u00e1k Egyes\u00fclete\",\"isPartOf\":{\"@id\":\"https:\/\/tmg.hu\/#website\"},\"datePublished\":\"2024-05-26T14:18:35+00:00\",\"dateModified\":\"2024-05-26T14:19:54+00:00\",\"breadcrumb\":{\"@id\":\"https:\/\/tmg.hu\/sikeres-fizetes\/#breadcrumb\"},\"inLanguage\":\"sl-SI\",\"potentialAction\":[{\"@type\":\"ReadAction\",\"target\":[\"https:\/\/tmg.hu\/sikeres-fizetes\/\"]}]},{\"@type\":\"BreadcrumbList\",\"@id\":\"https:\/\/tmg.hu\/sikeres-fizetes\/#breadcrumb\",\"itemListElement\":[{\"@type\":\"ListItem\",\"position\":1,\"name\":\"Home\",\"item\":\"https:\/\/tmg.hu\/\"},{\"@type\":\"ListItem\",\"position\":2,\"name\":\"Sikeres fizet\u00e9s!\"}]},{\"@type\":\"WebSite\",\"@id\":\"https:\/\/tmg.hu\/#website\",\"url\":\"https:\/\/tmg.hu\/\",\"name\":\"TMG - Talajmeg\u00faj\u00edt\u00f3 Gazd\u00e1k Egyes\u00fclete\",\"description\":\"Talajmeg\u00faj\u00edt\u00f3 Gazd\u00e1k Egyes\u00fclete\",\"publisher\":{\"@id\":\"https:\/\/tmg.hu\/#organization\"},\"potentialAction\":[{\"@type\":\"SearchAction\",\"target\":{\"@type\":\"EntryPoint\",\"urlTemplate\":\"https:\/\/tmg.hu\/?s={search_term_string}\"},\"query-input\":{\"@type\":\"PropertyValueSpecification\",\"valueRequired\":true,\"valueName\":\"search_term_string\"}}],\"inLanguage\":\"sl-SI\"},{\"@type\":\"Organization\",\"@id\":\"https:\/\/tmg.hu\/#organization\",\"name\":\"Talajmeg\u00faj\u00edt\u00f3 Gazd\u00e1k Egyes\u00fclete\",\"url\":\"https:\/\/tmg.hu\/\",\"logo\":{\"@type\":\"ImageObject\",\"inLanguage\":\"sl-SI\",\"@id\":\"https:\/\/tmg.hu\/#\/schema\/logo\/image\/\",\"url\":\"https:\/\/tmg.hu\/wp-content\/uploads\/2024\/10\/tmg_og_logo.png\",\"contentUrl\":\"https:\/\/tmg.hu\/wp-content\/uploads\/2024\/10\/tmg_og_logo.png\",\"width\":1200,\"height\":630,\"caption\":\"Talajmeg\u00faj\u00edt\u00f3 Gazd\u00e1k Egyes\u00fclete\"},\"image\":{\"@id\":\"https:\/\/tmg.hu\/#\/schema\/logo\/image\/\"},\"sameAs\":[\"https:\/\/www.facebook.com\/tmg.egyesulet\/\",\"https:\/\/www.instagram.com\/tmg.hu\/\",\"https:\/\/www.youtube.com\/@tmg_egyesulet\"]}]}<\/script>\n<!-- \/ Yoast SEO plugin. -->","yoast_head_json":{"title":"Uspe\u0161no pla\u010dilo! - Zdru\u017eenje kmetov za obnovo tal","robots":{"index":"index","follow":"follow","max-snippet":"max-snippet:-1","max-image-preview":"max-image-preview:large","max-video-preview":"max-video-preview:-1"},"canonical":"https:\/\/tmg.hu\/sl\/uspesno-placan\/","og_locale":"sl_SI","og_type":"article","og_title":"Sikeres fizet\u00e9s! - Talajmeg\u00faj\u00edt\u00f3 Gazd\u00e1k Egyes\u00fclete","og_description":"Kedves R\u00e9sztvev\u0151! \u00d6r\u00f6mmel \u00e9rtes\u00edt\u00fcnk, hogy a fizet\u00e9s sikeresen megt\u00f6rt\u00e9nt. K\u00f6sz\u00f6nj\u00fck! Szeretettel v\u00e1runk rendezv\u00e9ny\u00fcnk\u00f6n! K\u00e9rd\u00e9seiddel b\u00e1tran fordulj hozz\u00e1nk a rendezveny@tmg.hu c\u00edmen. \u00dcdv\u00f6zlettel,TMG Egyes\u00fclet","og_url":"https:\/\/tmg.hu\/sl\/uspesno-placan\/","og_site_name":"Talajmeg\u00faj\u00edt\u00f3 Gazd\u00e1k Egyes\u00fclete","article_publisher":"https:\/\/www.facebook.com\/tmg.egyesulet\/","article_modified_time":"2024-05-26T14:19:54+00:00","og_image":[{"width":1200,"height":630,"url":"https:\/\/tmg.hu\/wp-content\/uploads\/2024\/10\/tmg_og_logo.png","type":"image\/png"}],"twitter_card":"summary_large_image","schema":{"@context":"https:\/\/schema.org","@graph":[{"@type":"WebPage","@id":"https:\/\/tmg.hu\/sikeres-fizetes\/","url":"https:\/\/tmg.hu\/sikeres-fizetes\/","name":"Uspe\u0161no pla\u010dilo! - Zdru\u017eenje kmetov za obnovo tal","isPartOf":{"@id":"https:\/\/tmg.hu\/#website"},"datePublished":"2024-05-26T14:18:35+00:00","dateModified":"2024-05-26T14:19:54+00:00","breadcrumb":{"@id":"https:\/\/tmg.hu\/sikeres-fizetes\/#breadcrumb"},"inLanguage":"sl-SI","potentialAction":[{"@type":"ReadAction","target":["https:\/\/tmg.hu\/sikeres-fizetes\/"]}]},{"@type":"BreadcrumbList","@id":"https:\/\/tmg.hu\/sikeres-fizetes\/#breadcrumb","itemListElement":[{"@type":"ListItem","position":1,"name":"Home","item":"https:\/\/tmg.hu\/"},{"@type":"ListItem","position":2,"name":"Sikeres fizet\u00e9s!"}]},{"@type":"WebSite","@id":"https:\/\/tmg.hu\/#website","url":"https:\/\/tmg.hu\/","name":"TMG - Zdru\u017eenje kmetov za obnovo tal","description":"Zdru\u017eenje kmetov za obnovo tal","publisher":{"@id":"https:\/\/tmg.hu\/#organization"},"potentialAction":[{"@type":"SearchAction","target":{"@type":"EntryPoint","urlTemplate":"https:\/\/tmg.hu\/?s={search_term_string}"},"query-input":{"@type":"PropertyValueSpecification","valueRequired":true,"valueName":"search_term_string"}}],"inLanguage":"sl-SI"},{"@type":"Organization","@id":"https:\/\/tmg.hu\/#organization","name":"Zdru\u017eenje kmetov za obnovo tal","url":"https:\/\/tmg.hu\/","logo":{"@type":"ImageObject","inLanguage":"sl-SI","@id":"https:\/\/tmg.hu\/#\/schema\/logo\/image\/","url":"https:\/\/tmg.hu\/wp-content\/uploads\/2024\/10\/tmg_og_logo.png","contentUrl":"https:\/\/tmg.hu\/wp-content\/uploads\/2024\/10\/tmg_og_logo.png","width":1200,"height":630,"caption":"Talajmeg\u00faj\u00edt\u00f3 Gazd\u00e1k Egyes\u00fclete"},"image":{"@id":"https:\/\/tmg.hu\/#\/schema\/logo\/image\/"},"sameAs":["https:\/\/www.facebook.com\/tmg.egyesulet\/","https:\/\/www.instagram.com\/tmg.hu\/","https:\/\/www.youtube.com\/@tmg_egyesulet"]}]}},"_links":{"self":[{"href":"https:\/\/tmg.hu\/sl\/wp-json\/wp\/v2\/pages\/6256","targetHints":{"allow":["GET"]}}],"collection":[{"href":"https:\/\/tmg.hu\/sl\/wp-json\/wp\/v2\/pages"}],"about":[{"href":"https:\/\/tmg.hu\/sl\/wp-json\/wp\/v2\/types\/page"}],"author":[{"embeddable":true,"href":"https:\/\/tmg.hu\/sl\/wp-json\/wp\/v2\/users\/141"}],"replies":[{"embeddable":true,"href":"https:\/\/tmg.hu\/sl\/wp-json\/wp\/v2\/comments?post=6256"}],"version-history":[{"count":4,"href":"https:\/\/tmg.hu\/sl\/wp-json\/wp\/v2\/pages\/6256\/revisions"}],"predecessor-version":[{"id":6260,"href":"https:\/\/tmg.hu\/sl\/wp-json\/wp\/v2\/pages\/6256\/revisions\/6260"}],"wp:attachment":[{"href":"https:\/\/tmg.hu\/sl\/wp-json\/wp\/v2\/media?parent=6256"}],"curies":[{"name":"wp","href":"https:\/\/api.w.org\/{rel}","templated":true}]}}