{"id":9667,"date":"2025-02-20T02:20:57","date_gmt":"2025-02-20T01:20:57","guid":{"rendered":"https:\/\/tmg.hu\/?post_type=product&#038;p=9667"},"modified":"2026-04-06T10:57:27","modified_gmt":"2026-04-06T08:57:27","slug":"reagovat-kiadvany-2025","status":"publish","type":"product","link":"https:\/\/tmg.hu\/sk\/izby\/reagovat-kiadvany-2025\/","title":{"rendered":"Publik\u00e1cia REAG - 2025."},"content":{"rendered":"<p><strong>Znalosti a in\u0161pir\u00e1cia 150 str\u00e1n<\/strong><\/p>\n<p>Ofici\u00e1lna plnofarebn\u00e1 publik\u00e1cia z 8. konferencie a v\u00fdstavy TMG REAG Soil Life je teraz k dispoz\u00edcii pre t\u00fdch, ktor\u00ed sa nemohli z\u00fa\u010dastni\u0165 na podujat\u00ed! T\u00e1to 150-stranov\u00e1, bohato ilustrovan\u00e1 publik\u00e1cia predstavuje nielen program konferencie a predn\u00e1\u0161aj\u00facich, ale poskytuje aj cenn\u00fd odborn\u00fd obsah.<\/p>\n<p><strong>\ud83d\udccc \u010co n\u00e1jdete vo vn\u00fatri?<\/strong><\/p>\n<p>\u2714 Uk\u00e1\u017eka regenera\u010dn\u00fdch po\u013enohospod\u00e1rskych strojov a n\u00e1strojov<br \/>\n\u2714 Odborn\u00e9 \u010dl\u00e1nky o regener\u00e1cii p\u00f4dy a regenera\u010dnom po\u013enohospod\u00e1rstve<br \/>\n\u2714 Zhrnutie princ\u00edpu \"jedno zdravie\" p\u00f4da-rastlina-zviera-\u010dlovek<br \/>\n\u2714 \u0160peci\u00e1lne recepty s regenera\u010dn\u00fdm pr\u00edstupom<br \/>\n\u2714 ... a ove\u013ea viac!<\/p>\n<p>Ak sa zauj\u00edmate o regenerat\u00edvne po\u013enohospod\u00e1rstvo a chcete z\u00edska\u0165 viac u\u017eito\u010dn\u00fdch inform\u00e1ci\u00ed o tejto t\u00e9me, t\u00e1to publik\u00e1cia je ur\u010den\u00e1 pr\u00e1ve v\u00e1m!<\/p>\n<p>Nakupujte spolo\u010dne v <a href=\"https:\/\/tmg.hu\/sk\/izby\/david-r-montgomery-poda-erozia-civilizacii\/\"><strong>Talaj<\/strong><\/a> a A <a href=\"https:\/\/tmg.hu\/sk\/izby\/david-r-montgomery-anne-bikle-skryta-strana-termitista\/\"><strong>skryt\u00e1 str\u00e1nka pr\u00edrody<\/strong><\/a> a publik\u00e1cie REAG <strong>ako dar\u010dek<\/strong>!<\/p>","protected":false},"excerpt":{"rendered":"<p>Tud\u00e1s \u00e9s Inspir\u00e1ci\u00f3 150 oldalon A TMG REAG 8. Talaj\u00e9let Konferencia \u00e9s Szakki\u00e1ll\u00edt\u00e1s hivatalos, sz\u00ednes kiadv\u00e1nya most el\u00e9rhet\u0151 azok sz\u00e1m\u00e1ra is, akik nem tudtak r\u00e9szt venni az esem\u00e9nyen! A 150 oldalas, gazdagon illusztr\u00e1lt kiadv\u00e1ny nemcsak a konferencia programjait \u00e9s el\u0151ad\u00f3it mutatja be, hanem \u00e9rt\u00e9kes szakmai tartalommal is szolg\u00e1l. \ud83d\udccc Mit tal\u00e1lsz benne? \u2714 Regenerat\u00edv mez\u0151gazdas\u00e1gi [&hellip;]<\/p>","protected":false},"featured_media":9675,"template":"","meta":[],"product_brand":[],"product_cat":[69],"product_tag":[],"class_list":{"0":"post-9667","1":"product","2":"type-product","3":"status-publish","4":"has-post-thumbnail","6":"product_cat-konyvek","8":"first","9":"instock","10":"taxable","11":"shipping-taxable","12":"purchasable","13":"product-type-simple"},"bundled_by":["9758"],"bundle_stock_status":"instock","bundle_stock_quantity":52,"bundle_virtual":false,"bundle_layout":"","bundle_add_to_cart_form_location":"","bundle_editable_in_cart":false,"bundle_sold_individually_context":"","bundle_item_grouping":"","bundle_min_size":"","bundle_max_size":"","bundle_price":[],"bundled_items":[],"bundle_sell_ids":[],"yoast_head":"<!-- This site is optimized with the Yoast SEO plugin v26.6 - https:\/\/yoast.com\/wordpress\/plugins\/seo\/ -->\n<title>REAG Kiadv\u00e1ny - 2025. - Talajmeg\u00faj\u00edt\u00f3 Gazd\u00e1k Egyes\u00fclete<\/title>\n<meta name=\"robots\" content=\"index, follow, max-snippet:-1, max-image-preview:large, max-video-preview:-1\" \/>\n<link rel=\"canonical\" href=\"https:\/\/tmg.hu\/sk\/izby\/reagovat-kiadvany-2025\/\" \/>\n<meta property=\"og:locale\" content=\"sk_SK\" \/>\n<meta property=\"og:type\" content=\"article\" \/>\n<meta property=\"og:title\" content=\"REAG Kiadv\u00e1ny - 2025. - Talajmeg\u00faj\u00edt\u00f3 Gazd\u00e1k Egyes\u00fclete\" \/>\n<meta property=\"og:description\" content=\"Tud\u00e1s \u00e9s Inspir\u00e1ci\u00f3 150 oldalon A TMG REAG 8. Talaj\u00e9let Konferencia \u00e9s Szakki\u00e1ll\u00edt\u00e1s hivatalos, sz\u00ednes kiadv\u00e1nya most el\u00e9rhet\u0151 azok sz\u00e1m\u00e1ra is, akik nem tudtak r\u00e9szt venni az esem\u00e9nyen! A 150 oldalas, gazdagon illusztr\u00e1lt kiadv\u00e1ny nemcsak a konferencia programjait \u00e9s el\u0151ad\u00f3it mutatja be, hanem \u00e9rt\u00e9kes szakmai tartalommal is szolg\u00e1l. \ud83d\udccc Mit tal\u00e1lsz benne? \u2714 Regenerat\u00edv mez\u0151gazdas\u00e1gi [&hellip;]\" \/>\n<meta property=\"og:url\" content=\"https:\/\/tmg.hu\/sk\/izby\/reagovat-kiadvany-2025\/\" \/>\n<meta property=\"og:site_name\" content=\"Talajmeg\u00faj\u00edt\u00f3 Gazd\u00e1k Egyes\u00fclete\" \/>\n<meta property=\"article:publisher\" content=\"https:\/\/www.facebook.com\/tmg.egyesulet\/\" \/>\n<meta property=\"article:modified_time\" content=\"2026-04-06T08:57:27+00:00\" \/>\n<meta property=\"og:image\" content=\"https:\/\/tmg.hu\/wp-content\/uploads\/2025\/02\/reag-kiadvany.jpg\" \/>\n\t<meta property=\"og:image:width\" content=\"742\" \/>\n\t<meta property=\"og:image:height\" content=\"1042\" \/>\n\t<meta property=\"og:image:type\" content=\"image\/jpeg\" \/>\n<meta name=\"twitter:card\" content=\"summary_large_image\" \/>\n<meta name=\"twitter:label1\" content=\"Predpokladan\u00fd \u010das \u010d\u00edtania\" \/>\n\t<meta name=\"twitter:data1\" content=\"1 min\u00fata\" \/>\n<script type=\"application\/ld+json\" class=\"yoast-schema-graph\">{\"@context\":\"https:\/\/schema.org\",\"@graph\":[{\"@type\":\"WebPage\",\"@id\":\"https:\/\/tmg.hu\/de\/zimmer\/reag-kiadvany-2025\/\",\"url\":\"https:\/\/tmg.hu\/de\/zimmer\/reag-kiadvany-2025\/\",\"name\":\"REAG Kiadv\u00e1ny - 2025. - Talajmeg\u00faj\u00edt\u00f3 Gazd\u00e1k Egyes\u00fclete\",\"isPartOf\":{\"@id\":\"https:\/\/tmg.hu\/#website\"},\"primaryImageOfPage\":{\"@id\":\"https:\/\/tmg.hu\/de\/zimmer\/reag-kiadvany-2025\/#primaryimage\"},\"image\":{\"@id\":\"https:\/\/tmg.hu\/de\/zimmer\/reag-kiadvany-2025\/#primaryimage\"},\"thumbnailUrl\":\"https:\/\/tmg.hu\/wp-content\/uploads\/2025\/02\/reag-kiadvany.jpg\",\"datePublished\":\"2025-02-20T01:20:57+00:00\",\"dateModified\":\"2026-04-06T08:57:27+00:00\",\"breadcrumb\":{\"@id\":\"https:\/\/tmg.hu\/de\/zimmer\/reag-kiadvany-2025\/#breadcrumb\"},\"inLanguage\":\"sk-SK\",\"potentialAction\":[{\"@type\":\"ReadAction\",\"target\":[\"https:\/\/tmg.hu\/de\/zimmer\/reag-kiadvany-2025\/\"]}]},{\"@type\":\"ImageObject\",\"inLanguage\":\"sk-SK\",\"@id\":\"https:\/\/tmg.hu\/de\/zimmer\/reag-kiadvany-2025\/#primaryimage\",\"url\":\"https:\/\/tmg.hu\/wp-content\/uploads\/2025\/02\/reag-kiadvany.jpg\",\"contentUrl\":\"https:\/\/tmg.hu\/wp-content\/uploads\/2025\/02\/reag-kiadvany.jpg\",\"width\":742,\"height\":1042},{\"@type\":\"BreadcrumbList\",\"@id\":\"https:\/\/tmg.hu\/de\/zimmer\/reag-kiadvany-2025\/#breadcrumb\",\"itemListElement\":[{\"@type\":\"ListItem\",\"position\":1,\"name\":\"Home\",\"item\":\"https:\/\/tmg.hu\/\"},{\"@type\":\"ListItem\",\"position\":2,\"name\":\"Webshop\",\"item\":\"https:\/\/tmg.hu\/webshop\/\"},{\"@type\":\"ListItem\",\"position\":3,\"name\":\"REAG Kiadv\u00e1ny &#8211; 2025.\"}]},{\"@type\":\"WebSite\",\"@id\":\"https:\/\/tmg.hu\/#website\",\"url\":\"https:\/\/tmg.hu\/\",\"name\":\"TMG - Talajmeg\u00faj\u00edt\u00f3 Gazd\u00e1k Egyes\u00fclete\",\"description\":\"Talajmeg\u00faj\u00edt\u00f3 Gazd\u00e1k Egyes\u00fclete\",\"publisher\":{\"@id\":\"https:\/\/tmg.hu\/#organization\"},\"potentialAction\":[{\"@type\":\"SearchAction\",\"target\":{\"@type\":\"EntryPoint\",\"urlTemplate\":\"https:\/\/tmg.hu\/?s={search_term_string}\"},\"query-input\":{\"@type\":\"PropertyValueSpecification\",\"valueRequired\":true,\"valueName\":\"search_term_string\"}}],\"inLanguage\":\"sk-SK\"},{\"@type\":\"Organization\",\"@id\":\"https:\/\/tmg.hu\/#organization\",\"name\":\"Talajmeg\u00faj\u00edt\u00f3 Gazd\u00e1k Egyes\u00fclete\",\"url\":\"https:\/\/tmg.hu\/\",\"logo\":{\"@type\":\"ImageObject\",\"inLanguage\":\"sk-SK\",\"@id\":\"https:\/\/tmg.hu\/#\/schema\/logo\/image\/\",\"url\":\"https:\/\/tmg.hu\/wp-content\/uploads\/2024\/10\/tmg_og_logo.png\",\"contentUrl\":\"https:\/\/tmg.hu\/wp-content\/uploads\/2024\/10\/tmg_og_logo.png\",\"width\":1200,\"height\":630,\"caption\":\"Talajmeg\u00faj\u00edt\u00f3 Gazd\u00e1k Egyes\u00fclete\"},\"image\":{\"@id\":\"https:\/\/tmg.hu\/#\/schema\/logo\/image\/\"},\"sameAs\":[\"https:\/\/www.facebook.com\/tmg.egyesulet\/\",\"https:\/\/www.instagram.com\/tmg.hu\/\",\"https:\/\/www.youtube.com\/@tmg_egyesulet\"]}]}<\/script>\n<!-- \/ Yoast SEO plugin. -->","yoast_head_json":{"title":"Publik\u00e1cia REAG - 2025 - Zdru\u017eenie po\u013enohospod\u00e1rov pre obnovu p\u00f4dy","robots":{"index":"index","follow":"follow","max-snippet":"max-snippet:-1","max-image-preview":"max-image-preview:large","max-video-preview":"max-video-preview:-1"},"canonical":"https:\/\/tmg.hu\/sk\/izby\/reagovat-kiadvany-2025\/","og_locale":"sk_SK","og_type":"article","og_title":"REAG Kiadv\u00e1ny - 2025. - Talajmeg\u00faj\u00edt\u00f3 Gazd\u00e1k Egyes\u00fclete","og_description":"Tud\u00e1s \u00e9s Inspir\u00e1ci\u00f3 150 oldalon A TMG REAG 8. Talaj\u00e9let Konferencia \u00e9s Szakki\u00e1ll\u00edt\u00e1s hivatalos, sz\u00ednes kiadv\u00e1nya most el\u00e9rhet\u0151 azok sz\u00e1m\u00e1ra is, akik nem tudtak r\u00e9szt venni az esem\u00e9nyen! A 150 oldalas, gazdagon illusztr\u00e1lt kiadv\u00e1ny nemcsak a konferencia programjait \u00e9s el\u0151ad\u00f3it mutatja be, hanem \u00e9rt\u00e9kes szakmai tartalommal is szolg\u00e1l. \ud83d\udccc Mit tal\u00e1lsz benne? \u2714 Regenerat\u00edv mez\u0151gazdas\u00e1gi [&hellip;]","og_url":"https:\/\/tmg.hu\/sk\/izby\/reagovat-kiadvany-2025\/","og_site_name":"Talajmeg\u00faj\u00edt\u00f3 Gazd\u00e1k Egyes\u00fclete","article_publisher":"https:\/\/www.facebook.com\/tmg.egyesulet\/","article_modified_time":"2026-04-06T08:57:27+00:00","og_image":[{"width":742,"height":1042,"url":"https:\/\/tmg.hu\/wp-content\/uploads\/2025\/02\/reag-kiadvany.jpg","type":"image\/jpeg"}],"twitter_card":"summary_large_image","twitter_misc":{"Predpokladan\u00fd \u010das \u010d\u00edtania":"1 min\u00fata"},"schema":{"@context":"https:\/\/schema.org","@graph":[{"@type":"WebPage","@id":"https:\/\/tmg.hu\/de\/zimmer\/reag-kiadvany-2025\/","url":"https:\/\/tmg.hu\/de\/zimmer\/reag-kiadvany-2025\/","name":"Publik\u00e1cia REAG - 2025 - Zdru\u017eenie po\u013enohospod\u00e1rov pre obnovu p\u00f4dy","isPartOf":{"@id":"https:\/\/tmg.hu\/#website"},"primaryImageOfPage":{"@id":"https:\/\/tmg.hu\/de\/zimmer\/reag-kiadvany-2025\/#primaryimage"},"image":{"@id":"https:\/\/tmg.hu\/de\/zimmer\/reag-kiadvany-2025\/#primaryimage"},"thumbnailUrl":"https:\/\/tmg.hu\/wp-content\/uploads\/2025\/02\/reag-kiadvany.jpg","datePublished":"2025-02-20T01:20:57+00:00","dateModified":"2026-04-06T08:57:27+00:00","breadcrumb":{"@id":"https:\/\/tmg.hu\/de\/zimmer\/reag-kiadvany-2025\/#breadcrumb"},"inLanguage":"sk-SK","potentialAction":[{"@type":"ReadAction","target":["https:\/\/tmg.hu\/de\/zimmer\/reag-kiadvany-2025\/"]}]},{"@type":"ImageObject","inLanguage":"sk-SK","@id":"https:\/\/tmg.hu\/de\/zimmer\/reag-kiadvany-2025\/#primaryimage","url":"https:\/\/tmg.hu\/wp-content\/uploads\/2025\/02\/reag-kiadvany.jpg","contentUrl":"https:\/\/tmg.hu\/wp-content\/uploads\/2025\/02\/reag-kiadvany.jpg","width":742,"height":1042},{"@type":"BreadcrumbList","@id":"https:\/\/tmg.hu\/de\/zimmer\/reag-kiadvany-2025\/#breadcrumb","itemListElement":[{"@type":"ListItem","position":1,"name":"Home","item":"https:\/\/tmg.hu\/"},{"@type":"ListItem","position":2,"name":"Webshop","item":"https:\/\/tmg.hu\/webshop\/"},{"@type":"ListItem","position":3,"name":"REAG Kiadv\u00e1ny &#8211; 2025."}]},{"@type":"WebSite","@id":"https:\/\/tmg.hu\/#website","url":"https:\/\/tmg.hu\/","name":"TMG - Zdru\u017eenie po\u013enohospod\u00e1rov pre obnovu p\u00f4dy","description":"Zdru\u017eenie po\u013enohospod\u00e1rov pre obnovu p\u00f4dy","publisher":{"@id":"https:\/\/tmg.hu\/#organization"},"potentialAction":[{"@type":"SearchAction","target":{"@type":"EntryPoint","urlTemplate":"https:\/\/tmg.hu\/?s={search_term_string}"},"query-input":{"@type":"PropertyValueSpecification","valueRequired":true,"valueName":"search_term_string"}}],"inLanguage":"sk-SK"},{"@type":"Organization","@id":"https:\/\/tmg.hu\/#organization","name":"Zdru\u017eenie po\u013enohospod\u00e1rov pre obnovu p\u00f4dy","url":"https:\/\/tmg.hu\/","logo":{"@type":"ImageObject","inLanguage":"sk-SK","@id":"https:\/\/tmg.hu\/#\/schema\/logo\/image\/","url":"https:\/\/tmg.hu\/wp-content\/uploads\/2024\/10\/tmg_og_logo.png","contentUrl":"https:\/\/tmg.hu\/wp-content\/uploads\/2024\/10\/tmg_og_logo.png","width":1200,"height":630,"caption":"Talajmeg\u00faj\u00edt\u00f3 Gazd\u00e1k Egyes\u00fclete"},"image":{"@id":"https:\/\/tmg.hu\/#\/schema\/logo\/image\/"},"sameAs":["https:\/\/www.facebook.com\/tmg.egyesulet\/","https:\/\/www.instagram.com\/tmg.hu\/","https:\/\/www.youtube.com\/@tmg_egyesulet"]}]}},"_links":{"self":[{"href":"https:\/\/tmg.hu\/sk\/wp-json\/wp\/v2\/product\/9667","targetHints":{"allow":["GET"]}}],"collection":[{"href":"https:\/\/tmg.hu\/sk\/wp-json\/wp\/v2\/product"}],"about":[{"href":"https:\/\/tmg.hu\/sk\/wp-json\/wp\/v2\/types\/product"}],"wp:featuredmedia":[{"embeddable":true,"href":"https:\/\/tmg.hu\/sk\/wp-json\/wp\/v2\/media\/9675"}],"wp:attachment":[{"href":"https:\/\/tmg.hu\/sk\/wp-json\/wp\/v2\/media?parent=9667"}],"wp:term":[{"taxonomy":"product_brand","embeddable":true,"href":"https:\/\/tmg.hu\/sk\/wp-json\/wp\/v2\/product_brand?post=9667"},{"taxonomy":"product_cat","embeddable":true,"href":"https:\/\/tmg.hu\/sk\/wp-json\/wp\/v2\/product_cat?post=9667"},{"taxonomy":"product_tag","embeddable":true,"href":"https:\/\/tmg.hu\/sk\/wp-json\/wp\/v2\/product_tag?post=9667"}],"curies":[{"name":"wp","href":"https:\/\/api.w.org\/{rel}","templated":true}]}}