{"id":8754,"date":"2024-10-22T00:44:05","date_gmt":"2024-10-21T22:44:05","guid":{"rendered":"https:\/\/tmg.hu\/?post_type=product&#038;p=8754"},"modified":"2025-03-28T13:07:04","modified_gmt":"2025-03-28T12:07:04","slug":"gazdaforum-acid-muveles-kozel-70-es-kotottsegu-soils-videos-oktatasi-occasion","status":"publish","type":"product","link":"https:\/\/tmg.hu\/sk\/izby\/gazdaforum-acid-muveles-kozel-70-es-kotottsegu-soils-videos-oktatasi-occasion\/","title":{"rendered":"F\u00f3rum po\u013enohospod\u00e1rov - P\u00e1sov\u00e9 obr\u00e1banie p\u00f4dy na p\u00f4dach s v\u00e4zbou bl\u00edzkou 70 Video\u0161kolenie"},"content":{"rendered":"<p style=\"text-align: center;\">\u010cas nahr\u00e1vania: <strong>2023.04.22.<\/strong><br \/>\nD\u013a\u017eka nahr\u00e1vania: <strong>65 min.<\/strong><br \/>\nUmiestnenie: <strong>Oblas\u0165 Gyomaendr\u0151d<\/strong><\/p>\n<hr \/>\n<p>&nbsp;<\/p>\n<h2>Ako m\u00f4\u017eete bezpe\u010dne pestova\u0165 na extr\u00e9mne zhutnenej p\u00f4de bez po\u0161kodenia p\u00f4dy?<\/h2>\n<p>Na t\u00fato ot\u00e1zku sa Ede Kis v r\u00e1mci D\u0148a vzdel\u00e1vania podel\u00ed o svoje doteraj\u0161ie sk\u00fasenosti. On s\u00e1m je <strong>na ceste k bezorbov\u00e9mu obr\u00e1baniu, cesta je v p\u00e1sovom obr\u00e1ban\u00ed<\/strong>ktor\u00fd v priemere poskytuje rie\u0161enie pre perc p\u00f4dy s tvrdos\u0165ou 68, \u010do zabezpe\u010duje relat\u00edvne rovnomern\u00fd v\u00fdnos pri \u010do najmen\u0161om naru\u0161en\u00ed.<\/p>\n<h2>Technol\u00f3gia p\u00e1sov\u00e9ho obr\u00e1bania na miniat\u00farnej p\u00f4de<\/h2>\n<p>M\u00f4\u017ee to by\u0165 ako plastel\u00edna. A niekedy m\u00f4\u017ee by\u0165 ako bet\u00f3n. Alebo naopak, ako maslo natret\u00e9 na chlieb. Ke\u010f za\u010dn\u00fa vysycha\u0165, rozpadn\u00fa sa na mal\u00e9 kocky. Ak je mokr\u00e1, ned\u00e1 sa kultivova\u0165, ak je such\u00e1, tak preto.<\/p>\n<p>Optim\u00e1lny \u010das na kultiv\u00e1ciu je ve\u013emi obmedzen\u00fd a my sme vyu\u017eili t\u00fato pr\u00edle\u017eitos\u0165 na \u0161koliaci de\u0148, ktor\u00fd je teraz <strong>sme usporiadali neobvykl\u00fdm sp\u00f4sobom<\/strong>. Oper\u00e1cie sme nahrali na video, pridali vysvetlenia a teraz ich pre z\u00e1ujemcov upravujeme.<\/p>\n<h2>Z pozostalosti Little Ede<\/h2>\n<p>Plochy s p\u00e1sov\u00fdm obr\u00e1ban\u00edm s\u00fa v priemere 68 b\u00fdval\u00fdch ry\u017eov\u00fdch pol\u00ed viazan\u00fdch na zlato. Po zbere \u00farody Ede strnisko nakl\u010doval, potom niektor\u00e9 z nich odpleveloval a na in\u00fdch nerobil ni\u010d, iba ich v septembri p\u00e1sovo obr\u00e1bal. Na jar sa uskuto\u010dnilo len jedno celkov\u00e9 ple\u010dkovanie 24. marca, \u017eiadne in\u00e9 oper\u00e1cie.<\/p>\n<p>Slne\u010dnica Ede pred v\u00fdsevom <strong>pozrite si, ako pracuje radlica Avers Agro na poli<\/strong>.<\/p>\n<p>Nieko\u013eko sto metrov od seba sa nach\u00e1dzaj\u00fa 2 asfaltov\u00e9 zna\u010dky. Jedna je rovinat\u00e9 p\u0161eni\u010dn\u00e9 pole, druh\u00e1 m\u00e1 medzi p\u00e1smi kryciu plodinu ra\u017e a viku chlpat\u00fa.<br \/>\n<strong>Na oboch budete m\u00f4c\u0165 sledova\u0165 v\u00fdsev.<\/strong><\/p>\n<p><strong>Existuje aj mo\u017enos\u0165, \u017ee ozimn\u00fd ja\u010dme\u0148 bude zasiaty priamo do p\u0161enice. K dispoz\u00edcii je aj st\u00e1la uk\u00e1\u017eka seja\u010dky RAD.<\/strong><\/p>\n<h2>Zozn\u00e1mte sa s na\u0161\u00edm hostite\u013eom<\/h2>\n<p>Ede Kis sa zaober\u00e1 po\u013enohospod\u00e1rstvom na 259 hekt\u00e1roch v obci Gyomaendr\u0151d v \u017eupe B\u00e9k\u00e9s. Pestuje jesenn\u00e9 obilniny, slne\u010dnicu, bukvice a re\u010fkovku olejn\u00fa. Pribli\u017ene 80% jeho plochy tvor\u00ed hlbok\u00e1 p\u00f4da so 60-70 kA p\u00f4dneho krytu.<\/p>\n<p><strong>V roku 2007 sa za\u010dalo prech\u00e1dza\u0165 na plytk\u00e9 obr\u00e1banie p\u00f4dy zalo\u017een\u00e9 na kypren\u00ed a plytkej kultiv\u00e1cii.<br \/>\nOd roku 2016 experimentuje s priamym v\u00fdsevom a kryc\u00edmi plodinami a od jesene 2022 bude vyu\u017e\u00edva\u0165 technol\u00f3giu p\u00e1sov\u00e9ho obr\u00e1bania p\u00f4dy v komer\u010dnom meradle.<\/strong><\/p>\n<p><em>Od zalo\u017eenia TMG je jej \u010dlenom.<\/em><\/p>\n<table style=\"border-collapse: collapse; width: 100%;\" border=\"1\">\n<tbody>\n<tr>\n<td style=\"width: 100%;\">\n<p style=\"text-align: center;\">K\u00fapte si videomateri\u00e1l prostredn\u00edctvom n\u00e1\u0161ho internetov\u00e9ho obchodu.<br \/>\nDo nieko\u013ek\u00fdch dn\u00ed po zaplaten\u00ed v\u00e1m za\u0161leme e-mail s heslom na pr\u00edstup na str\u00e1nku.<\/p>\n<p style=\"text-align: center;\">\n<\/td>\n<\/tr>\n<\/tbody>\n<\/table>\n<p>&nbsp;<\/p>\n<p style=\"text-align: center;\"><iframe title=\"Prehr\u00e1va\u010d vide\u00ed YouTube\" src=\"\/\/www.youtube.com\/embed\/7ntVBo8DTmw?si=kIWmQ1xsgI2glTsR\" width=\"640\" height=\"360\" frameborder=\"0\" allowfullscreen=\"allowfullscreen\" data-mce-fragment=\"1\"><\/iframe><\/p>","protected":false},"excerpt":{"rendered":"<h3>Ako m\u00f4\u017eete bezpe\u010dne pestova\u0165 na extr\u00e9mne zhutnenej p\u00f4de bez po\u0161kodenia p\u00f4dy?<\/h3>\n<p>Na t\u00fato ot\u00e1zku sa Ede Kis v r\u00e1mci D\u0148a vzdel\u00e1vania podel\u00ed o svoje doteraj\u0161ie sk\u00fasenosti. On s\u00e1m je na ceste k bezorbov\u00e9mu obr\u00e1baniu p\u00f4dy, pri\u010dom p\u00e1sov\u00e9 obr\u00e1banie p\u00f4dy, ktor\u00e9 v priemere na percov\u00fdch p\u00f4dach s tvrdos\u0165ou 68 pon\u00faka rie\u0161enie, ktor\u00e9 zabezpe\u010duje relat\u00edvne rovnomern\u00fa \u00farodu pri \u010do najmen\u0161om naru\u0161en\u00ed.<\/p>","protected":false},"featured_media":8766,"template":"","meta":[],"product_brand":[],"product_cat":[70],"product_tag":[],"class_list":{"0":"post-8754","1":"product","2":"type-product","3":"status-publish","4":"has-post-thumbnail","6":"product_cat-videok","8":"first","9":"instock","10":"virtual","11":"taxable","12":"purchasable","13":"product-type-simple"},"bundled_by":[],"bundle_stock_status":"instock","bundle_stock_quantity":null,"bundle_virtual":false,"bundle_layout":"","bundle_add_to_cart_form_location":"","bundle_editable_in_cart":false,"bundle_sold_individually_context":"","bundle_item_grouping":"","bundle_min_size":"","bundle_max_size":"","bundle_price":[],"bundled_items":[],"bundle_sell_ids":[],"yoast_head":"<!-- This site is optimized with the Yoast SEO plugin v26.6 - https:\/\/yoast.com\/wordpress\/plugins\/seo\/ -->\n<title>Gazdaf\u00f3rum - S\u00e1vos m\u0171vel\u00e9s k\u00f6zel 70-es k\u00f6t\u00f6tts\u00e9g\u0171 talajokon Vide\u00f3s oktat\u00e1si alkalom - Talajmeg\u00faj\u00edt\u00f3 Gazd\u00e1k Egyes\u00fclete<\/title>\n<meta name=\"robots\" content=\"index, follow, max-snippet:-1, max-image-preview:large, max-video-preview:-1\" \/>\n<link rel=\"canonical\" href=\"https:\/\/tmg.hu\/sk\/izby\/gazdaforum-acid-muveles-kozel-70-es-kotottsegu-soils-videos-oktatasi-occasion\/\" \/>\n<meta property=\"og:locale\" content=\"sk_SK\" \/>\n<meta property=\"og:type\" content=\"article\" \/>\n<meta property=\"og:title\" content=\"Gazdaf\u00f3rum - S\u00e1vos m\u0171vel\u00e9s k\u00f6zel 70-es k\u00f6t\u00f6tts\u00e9g\u0171 talajokon Vide\u00f3s oktat\u00e1si alkalom - Talajmeg\u00faj\u00edt\u00f3 Gazd\u00e1k Egyes\u00fclete\" \/>\n<meta property=\"og:description\" content=\"Hogyan lehet talajk\u00edm\u00e9l\u0151 m\u00f3don, de biztons\u00e1ggal termelni extr\u00e9m k\u00f6t\u00f6tt talajokon? Ez Kis Ede oktat\u00e1si napj\u00e1nak k\u00e9rd\u00e9se, ezzel kapcsolatos eddigi tapasztalatait osztja majd meg. \u0150 maga a no-till fel\u00e9 tart\u00f3 \u00faton a s\u00e1vos m\u0171vel\u00e9sn\u00e9l tart, amely az \u00e1tlagosan 68-as kem\u00e9nys\u00e9g\u0171 perc talajokon olyan megold\u00e1st ny\u00fajt, hogy a lehet\u0151 legkisebb bolygat\u00e1ssal viszonylag kiegyenl\u00edtett term\u00e9st biztos\u00edt.\" \/>\n<meta property=\"og:url\" content=\"https:\/\/tmg.hu\/sk\/izby\/gazdaforum-acid-muveles-kozel-70-es-kotottsegu-soils-videos-oktatasi-occasion\/\" \/>\n<meta property=\"og:site_name\" content=\"Talajmeg\u00faj\u00edt\u00f3 Gazd\u00e1k Egyes\u00fclete\" \/>\n<meta property=\"article:publisher\" content=\"https:\/\/www.facebook.com\/tmg.egyesulet\/\" \/>\n<meta property=\"article:modified_time\" content=\"2025-03-28T12:07:04+00:00\" \/>\n<meta property=\"og:image\" content=\"https:\/\/tmg.hu\/wp-content\/uploads\/2024\/10\/savos_muveles_video_6.jpg\" \/>\n\t<meta property=\"og:image:width\" content=\"1000\" \/>\n\t<meta property=\"og:image:height\" content=\"666\" \/>\n\t<meta property=\"og:image:type\" content=\"image\/jpeg\" \/>\n<meta name=\"twitter:card\" content=\"summary_large_image\" \/>\n<meta name=\"twitter:label1\" content=\"Predpokladan\u00fd \u010das \u010d\u00edtania\" \/>\n\t<meta name=\"twitter:data1\" content=\"3 min\u00faty\" \/>\n<script type=\"application\/ld+json\" class=\"yoast-schema-graph\">{\"@context\":\"https:\/\/schema.org\",\"@graph\":[{\"@type\":\"WebPage\",\"@id\":\"https:\/\/tmg.hu\/sk\/izby\/gazdaforum-acid-muveles-kozel-70-es-kotottsegu-soils-videos-oktatasi-occasion\/\",\"url\":\"https:\/\/tmg.hu\/sk\/izby\/gazdaforum-acid-muveles-kozel-70-es-kotottsegu-soils-videos-oktatasi-occasion\/\",\"name\":\"Gazdaf\u00f3rum - S\u00e1vos m\u0171vel\u00e9s k\u00f6zel 70-es k\u00f6t\u00f6tts\u00e9g\u0171 talajokon Vide\u00f3s oktat\u00e1si alkalom - Talajmeg\u00faj\u00edt\u00f3 Gazd\u00e1k Egyes\u00fclete\",\"isPartOf\":{\"@id\":\"https:\/\/tmg.hu\/#website\"},\"primaryImageOfPage\":{\"@id\":\"https:\/\/tmg.hu\/sk\/izby\/gazdaforum-acid-muveles-kozel-70-es-kotottsegu-soils-videos-oktatasi-occasion\/#primaryimage\"},\"image\":{\"@id\":\"https:\/\/tmg.hu\/sk\/izby\/gazdaforum-acid-muveles-kozel-70-es-kotottsegu-soils-videos-oktatasi-occasion\/#primaryimage\"},\"thumbnailUrl\":\"https:\/\/tmg.hu\/wp-content\/uploads\/2024\/10\/savos_muveles_video_6.jpg\",\"datePublished\":\"2024-10-21T22:44:05+00:00\",\"dateModified\":\"2025-03-28T12:07:04+00:00\",\"breadcrumb\":{\"@id\":\"https:\/\/tmg.hu\/sk\/izby\/gazdaforum-acid-muveles-kozel-70-es-kotottsegu-soils-videos-oktatasi-occasion\/#breadcrumb\"},\"inLanguage\":\"sk-SK\",\"potentialAction\":[{\"@type\":\"ReadAction\",\"target\":[\"https:\/\/tmg.hu\/sk\/izby\/gazdaforum-acid-muveles-kozel-70-es-kotottsegu-soils-videos-oktatasi-occasion\/\"]}]},{\"@type\":\"ImageObject\",\"inLanguage\":\"sk-SK\",\"@id\":\"https:\/\/tmg.hu\/sk\/izby\/gazdaforum-acid-muveles-kozel-70-es-kotottsegu-soils-videos-oktatasi-occasion\/#primaryimage\",\"url\":\"https:\/\/tmg.hu\/wp-content\/uploads\/2024\/10\/savos_muveles_video_6.jpg\",\"contentUrl\":\"https:\/\/tmg.hu\/wp-content\/uploads\/2024\/10\/savos_muveles_video_6.jpg\",\"width\":1000,\"height\":666},{\"@type\":\"BreadcrumbList\",\"@id\":\"https:\/\/tmg.hu\/sk\/izby\/gazdaforum-acid-muveles-kozel-70-es-kotottsegu-soils-videos-oktatasi-occasion\/#breadcrumb\",\"itemListElement\":[{\"@type\":\"ListItem\",\"position\":1,\"name\":\"Home\",\"item\":\"https:\/\/tmg.hu\/\"},{\"@type\":\"ListItem\",\"position\":2,\"name\":\"Webshop\",\"item\":\"https:\/\/tmg.hu\/webshop\/\"},{\"@type\":\"ListItem\",\"position\":3,\"name\":\"Gazdaf\u00f3rum &#8211; S\u00e1vos m\u0171vel\u00e9s k\u00f6zel 70-es k\u00f6t\u00f6tts\u00e9g\u0171 talajokon Vide\u00f3s oktat\u00e1si alkalom\"}]},{\"@type\":\"WebSite\",\"@id\":\"https:\/\/tmg.hu\/#website\",\"url\":\"https:\/\/tmg.hu\/\",\"name\":\"TMG - Talajmeg\u00faj\u00edt\u00f3 Gazd\u00e1k Egyes\u00fclete\",\"description\":\"Talajmeg\u00faj\u00edt\u00f3 Gazd\u00e1k Egyes\u00fclete\",\"publisher\":{\"@id\":\"https:\/\/tmg.hu\/#organization\"},\"potentialAction\":[{\"@type\":\"SearchAction\",\"target\":{\"@type\":\"EntryPoint\",\"urlTemplate\":\"https:\/\/tmg.hu\/?s={search_term_string}\"},\"query-input\":{\"@type\":\"PropertyValueSpecification\",\"valueRequired\":true,\"valueName\":\"search_term_string\"}}],\"inLanguage\":\"sk-SK\"},{\"@type\":\"Organization\",\"@id\":\"https:\/\/tmg.hu\/#organization\",\"name\":\"Talajmeg\u00faj\u00edt\u00f3 Gazd\u00e1k Egyes\u00fclete\",\"url\":\"https:\/\/tmg.hu\/\",\"logo\":{\"@type\":\"ImageObject\",\"inLanguage\":\"sk-SK\",\"@id\":\"https:\/\/tmg.hu\/#\/schema\/logo\/image\/\",\"url\":\"https:\/\/tmg.hu\/wp-content\/uploads\/2024\/10\/tmg_og_logo.png\",\"contentUrl\":\"https:\/\/tmg.hu\/wp-content\/uploads\/2024\/10\/tmg_og_logo.png\",\"width\":1200,\"height\":630,\"caption\":\"Talajmeg\u00faj\u00edt\u00f3 Gazd\u00e1k Egyes\u00fclete\"},\"image\":{\"@id\":\"https:\/\/tmg.hu\/#\/schema\/logo\/image\/\"},\"sameAs\":[\"https:\/\/www.facebook.com\/tmg.egyesulet\/\",\"https:\/\/www.instagram.com\/tmg.hu\/\",\"https:\/\/www.youtube.com\/@tmg_egyesulet\"]}]}<\/script>\n<!-- \/ Yoast SEO plugin. -->","yoast_head_json":{"title":"F\u00f3rum po\u013enohospod\u00e1rov - Pestovanie plod\u00edn v p\u00e1soch na p\u00f4dach s p\u00f4dnou vrstvou bl\u00edzkou 70 Video\u0161kolenie - Zdru\u017eenie po\u013enohospod\u00e1rov pre obnovu p\u00f4dy","robots":{"index":"index","follow":"follow","max-snippet":"max-snippet:-1","max-image-preview":"max-image-preview:large","max-video-preview":"max-video-preview:-1"},"canonical":"https:\/\/tmg.hu\/sk\/izby\/gazdaforum-acid-muveles-kozel-70-es-kotottsegu-soils-videos-oktatasi-occasion\/","og_locale":"sk_SK","og_type":"article","og_title":"Gazdaf\u00f3rum - S\u00e1vos m\u0171vel\u00e9s k\u00f6zel 70-es k\u00f6t\u00f6tts\u00e9g\u0171 talajokon Vide\u00f3s oktat\u00e1si alkalom - Talajmeg\u00faj\u00edt\u00f3 Gazd\u00e1k Egyes\u00fclete","og_description":"Hogyan lehet talajk\u00edm\u00e9l\u0151 m\u00f3don, de biztons\u00e1ggal termelni extr\u00e9m k\u00f6t\u00f6tt talajokon? Ez Kis Ede oktat\u00e1si napj\u00e1nak k\u00e9rd\u00e9se, ezzel kapcsolatos eddigi tapasztalatait osztja majd meg. \u0150 maga a no-till fel\u00e9 tart\u00f3 \u00faton a s\u00e1vos m\u0171vel\u00e9sn\u00e9l tart, amely az \u00e1tlagosan 68-as kem\u00e9nys\u00e9g\u0171 perc talajokon olyan megold\u00e1st ny\u00fajt, hogy a lehet\u0151 legkisebb bolygat\u00e1ssal viszonylag kiegyenl\u00edtett term\u00e9st biztos\u00edt.","og_url":"https:\/\/tmg.hu\/sk\/izby\/gazdaforum-acid-muveles-kozel-70-es-kotottsegu-soils-videos-oktatasi-occasion\/","og_site_name":"Talajmeg\u00faj\u00edt\u00f3 Gazd\u00e1k Egyes\u00fclete","article_publisher":"https:\/\/www.facebook.com\/tmg.egyesulet\/","article_modified_time":"2025-03-28T12:07:04+00:00","og_image":[{"width":1000,"height":666,"url":"https:\/\/tmg.hu\/wp-content\/uploads\/2024\/10\/savos_muveles_video_6.jpg","type":"image\/jpeg"}],"twitter_card":"summary_large_image","twitter_misc":{"Predpokladan\u00fd \u010das \u010d\u00edtania":"3 min\u00faty"},"schema":{"@context":"https:\/\/schema.org","@graph":[{"@type":"WebPage","@id":"https:\/\/tmg.hu\/sk\/izby\/gazdaforum-acid-muveles-kozel-70-es-kotottsegu-soils-videos-oktatasi-occasion\/","url":"https:\/\/tmg.hu\/sk\/izby\/gazdaforum-acid-muveles-kozel-70-es-kotottsegu-soils-videos-oktatasi-occasion\/","name":"F\u00f3rum po\u013enohospod\u00e1rov - Pestovanie plod\u00edn v p\u00e1soch na p\u00f4dach s p\u00f4dnou vrstvou bl\u00edzkou 70 Video\u0161kolenie - Zdru\u017eenie po\u013enohospod\u00e1rov pre obnovu p\u00f4dy","isPartOf":{"@id":"https:\/\/tmg.hu\/#website"},"primaryImageOfPage":{"@id":"https:\/\/tmg.hu\/sk\/izby\/gazdaforum-acid-muveles-kozel-70-es-kotottsegu-soils-videos-oktatasi-occasion\/#primaryimage"},"image":{"@id":"https:\/\/tmg.hu\/sk\/izby\/gazdaforum-acid-muveles-kozel-70-es-kotottsegu-soils-videos-oktatasi-occasion\/#primaryimage"},"thumbnailUrl":"https:\/\/tmg.hu\/wp-content\/uploads\/2024\/10\/savos_muveles_video_6.jpg","datePublished":"2024-10-21T22:44:05+00:00","dateModified":"2025-03-28T12:07:04+00:00","breadcrumb":{"@id":"https:\/\/tmg.hu\/sk\/izby\/gazdaforum-acid-muveles-kozel-70-es-kotottsegu-soils-videos-oktatasi-occasion\/#breadcrumb"},"inLanguage":"sk-SK","potentialAction":[{"@type":"ReadAction","target":["https:\/\/tmg.hu\/sk\/izby\/gazdaforum-acid-muveles-kozel-70-es-kotottsegu-soils-videos-oktatasi-occasion\/"]}]},{"@type":"ImageObject","inLanguage":"sk-SK","@id":"https:\/\/tmg.hu\/sk\/izby\/gazdaforum-acid-muveles-kozel-70-es-kotottsegu-soils-videos-oktatasi-occasion\/#primaryimage","url":"https:\/\/tmg.hu\/wp-content\/uploads\/2024\/10\/savos_muveles_video_6.jpg","contentUrl":"https:\/\/tmg.hu\/wp-content\/uploads\/2024\/10\/savos_muveles_video_6.jpg","width":1000,"height":666},{"@type":"BreadcrumbList","@id":"https:\/\/tmg.hu\/sk\/izby\/gazdaforum-acid-muveles-kozel-70-es-kotottsegu-soils-videos-oktatasi-occasion\/#breadcrumb","itemListElement":[{"@type":"ListItem","position":1,"name":"Home","item":"https:\/\/tmg.hu\/"},{"@type":"ListItem","position":2,"name":"Webshop","item":"https:\/\/tmg.hu\/webshop\/"},{"@type":"ListItem","position":3,"name":"Gazdaf\u00f3rum &#8211; S\u00e1vos m\u0171vel\u00e9s k\u00f6zel 70-es k\u00f6t\u00f6tts\u00e9g\u0171 talajokon Vide\u00f3s oktat\u00e1si alkalom"}]},{"@type":"WebSite","@id":"https:\/\/tmg.hu\/#website","url":"https:\/\/tmg.hu\/","name":"TMG - Zdru\u017eenie po\u013enohospod\u00e1rov pre obnovu p\u00f4dy","description":"Zdru\u017eenie po\u013enohospod\u00e1rov pre obnovu p\u00f4dy","publisher":{"@id":"https:\/\/tmg.hu\/#organization"},"potentialAction":[{"@type":"SearchAction","target":{"@type":"EntryPoint","urlTemplate":"https:\/\/tmg.hu\/?s={search_term_string}"},"query-input":{"@type":"PropertyValueSpecification","valueRequired":true,"valueName":"search_term_string"}}],"inLanguage":"sk-SK"},{"@type":"Organization","@id":"https:\/\/tmg.hu\/#organization","name":"Zdru\u017eenie po\u013enohospod\u00e1rov pre obnovu p\u00f4dy","url":"https:\/\/tmg.hu\/","logo":{"@type":"ImageObject","inLanguage":"sk-SK","@id":"https:\/\/tmg.hu\/#\/schema\/logo\/image\/","url":"https:\/\/tmg.hu\/wp-content\/uploads\/2024\/10\/tmg_og_logo.png","contentUrl":"https:\/\/tmg.hu\/wp-content\/uploads\/2024\/10\/tmg_og_logo.png","width":1200,"height":630,"caption":"Talajmeg\u00faj\u00edt\u00f3 Gazd\u00e1k Egyes\u00fclete"},"image":{"@id":"https:\/\/tmg.hu\/#\/schema\/logo\/image\/"},"sameAs":["https:\/\/www.facebook.com\/tmg.egyesulet\/","https:\/\/www.instagram.com\/tmg.hu\/","https:\/\/www.youtube.com\/@tmg_egyesulet"]}]}},"_links":{"self":[{"href":"https:\/\/tmg.hu\/sk\/wp-json\/wp\/v2\/product\/8754","targetHints":{"allow":["GET"]}}],"collection":[{"href":"https:\/\/tmg.hu\/sk\/wp-json\/wp\/v2\/product"}],"about":[{"href":"https:\/\/tmg.hu\/sk\/wp-json\/wp\/v2\/types\/product"}],"wp:featuredmedia":[{"embeddable":true,"href":"https:\/\/tmg.hu\/sk\/wp-json\/wp\/v2\/media\/8766"}],"wp:attachment":[{"href":"https:\/\/tmg.hu\/sk\/wp-json\/wp\/v2\/media?parent=8754"}],"wp:term":[{"taxonomy":"product_brand","embeddable":true,"href":"https:\/\/tmg.hu\/sk\/wp-json\/wp\/v2\/product_brand?post=8754"},{"taxonomy":"product_cat","embeddable":true,"href":"https:\/\/tmg.hu\/sk\/wp-json\/wp\/v2\/product_cat?post=8754"},{"taxonomy":"product_tag","embeddable":true,"href":"https:\/\/tmg.hu\/sk\/wp-json\/wp\/v2\/product_tag?post=8754"}],"curies":[{"name":"wp","href":"https:\/\/api.w.org\/{rel}","templated":true}]}}