{"id":8749,"date":"2024-10-22T00:37:06","date_gmt":"2024-10-21T22:37:06","guid":{"rendered":"https:\/\/tmg.hu\/?post_type=product&#038;p=8749"},"modified":"2026-02-02T12:00:37","modified_gmt":"2026-02-02T11:00:37","slug":"ludsky-duch-je-sancou-termita","status":"publish","type":"product","link":"https:\/\/tmg.hu\/sk\/izby\/ludsky-duch-je-sancou-termita\/","title":{"rendered":"Koniec \u010dloveka, \u0161anca pr\u00edrody"},"content":{"rendered":"<h3>Na\u0161e miesto v ekosyst\u00e9me Zeme<\/h3>\n<p>V st\u00e1vke je pre\u017eitie \u013eudstva. \u010co v\u0161ak robi\u0165, ke\u010f glob\u00e1lny syst\u00e9m vybudovan\u00fd \u010dlovekom ohrozuje jeho vlastn\u00e9 pre\u017eitie a rovnov\u00e1hu pr\u00edrody? Aby sa to zmenilo, je potrebn\u00e9 zmobilizova\u0165 viacer\u00e9 vedn\u00e9 discipl\u00edny, a to naliehavo. Mus\u00edme kona\u0165, aby sme uprostred ekologickej kr\u00edzy dosiahli skuto\u010dn\u00fa zmenu.<\/p>\n<p>Ferenc Jord\u00e1n, sie\u0165ov\u00fd v\u00fdskumn\u00fd biol\u00f3g, si za predmet svojej pr\u00e1ce zvolil vedeck\u00fa osvetu a je v nej majstrom. Pou\u010d\u00ed \u010ditate\u013ea o tom, \u010do ner\u00e1d po\u010duje, pri\u010dom zost\u00e1va profesion\u00e1lny a vyh\u00fdba sa vedeckej pomp\u00e9znosti. Jeho kniha sumarizuje hriechy minulosti, probl\u00e9my s\u00fa\u010dasnosti a vyhliadky do bud\u00facnosti.<\/p>","protected":false},"excerpt":{"rendered":"<p>Po realistickom zhodnoten\u00ed situ\u00e1cie s\u00fa odv\u00e1\u017ene tvrdenia plne opr\u00e1vnen\u00e9: ot\u00e1zka u\u017e nestoj\u00ed tak, \u010di sa tempo rastu popul\u00e1cie zni\u017euje, ale ako ma\u0165 ove\u013ea menej; ekonomick\u00fd model nerastu je nevyhnutn\u00fd a naliehav\u00fd; antropocentrick\u00e1 nadvl\u00e1da nad pr\u00edrodou je na\u0161ou z\u00e1hubou.<\/p>\n<p>Ferenc Jord\u00e1n sa nezaober\u00e1 patetick\u00fdmi popla\u0161n\u00fdmi spr\u00e1vami ani upokojovan\u00edm \u010ditate\u013ea. Nepreh\u00e1\u0148a ani nerelativizuje v\u00fdznam opisovan\u00fdch procesov. Nepozn\u00e1 \u017eiadne tabu, mor\u00e1lne, politick\u00e9 ani vedeck\u00e9. Hovor\u00ed s odvahou, a to je odvaha, ktor\u00fa potrebujeme.<\/p>","protected":false},"featured_media":8791,"template":"","meta":[],"product_brand":[],"product_cat":[69],"product_tag":[],"class_list":{"0":"post-8749","1":"product","2":"type-product","3":"status-publish","4":"has-post-thumbnail","6":"product_cat-konyvek","8":"first","9":"instock","10":"taxable","11":"shipping-taxable","12":"purchasable","13":"product-type-simple"},"bundled_by":[],"bundle_stock_status":"instock","bundle_stock_quantity":36,"bundle_virtual":false,"bundle_layout":"","bundle_add_to_cart_form_location":"","bundle_editable_in_cart":false,"bundle_sold_individually_context":"","bundle_item_grouping":"","bundle_min_size":"","bundle_max_size":"","bundle_price":[],"bundled_items":[],"bundle_sell_ids":[],"yoast_head":"<!-- This site is optimized with the Yoast SEO plugin v26.6 - https:\/\/yoast.com\/wordpress\/plugins\/seo\/ -->\n<title>Az ember v\u00e9ge, a term\u00e9szet es\u00e9lye - Talajmeg\u00faj\u00edt\u00f3 Gazd\u00e1k Egyes\u00fclete<\/title>\n<meta name=\"robots\" content=\"index, follow, max-snippet:-1, max-image-preview:large, max-video-preview:-1\" \/>\n<link rel=\"canonical\" href=\"https:\/\/tmg.hu\/sk\/izby\/ludsky-duch-je-sancou-termita\/\" \/>\n<meta property=\"og:locale\" content=\"sk_SK\" \/>\n<meta property=\"og:type\" content=\"article\" \/>\n<meta property=\"og:title\" content=\"Az ember v\u00e9ge, a term\u00e9szet es\u00e9lye - Talajmeg\u00faj\u00edt\u00f3 Gazd\u00e1k Egyes\u00fclete\" \/>\n<meta property=\"og:description\" content=\"A helyzet re\u00e1lis \u00e9rt\u00e9kel\u00e9se ut\u00e1n teljes m\u00e9rt\u00e9kben indokoltak a mer\u00e9sznek hangz\u00f3 meg\u00e1llap\u00edt\u00e1sok: ma m\u00e1r nem az a k\u00e9rd\u00e9s, hogy cs\u00f6kken-e a n\u00e9pess\u00e9gn\u00f6veked\u00e9s \u00fcteme, hanem hogy hogyan lehetn\u00e9nk sokkal kevesebben; a nemn\u00f6veked\u00e9s mint gazdas\u00e1gi modell sz\u00fcks\u00e9gszer\u0171 \u00e9s s\u00fcrg\u0151s; a term\u00e9szet antropocentrikus ural\u00e1sa a veszt\u00fcnket okozza.  Jord\u00e1n Ferenc sem patetikus v\u00e9szharangkongat\u00e1ssal, sem az olvas\u00f3 megnyugtat\u00e1s\u00e1val nem foglalkozik. Nem t\u00faloz, \u00e9s nem relativiz\u00e1lja a bemutatott folyamatok jelent\u0151s\u00e9g\u00e9t. Semmif\u00e9le tabut nem ismer, se mor\u00e1lisat, se politikait, se tudom\u00e1nyosat. B\u00e1tran besz\u00e9l, \u00e9s erre a b\u00e1tors\u00e1gra van sz\u00fcks\u00e9g\u00fcnk.\" \/>\n<meta property=\"og:url\" content=\"https:\/\/tmg.hu\/sk\/izby\/ludsky-duch-je-sancou-termita\/\" \/>\n<meta property=\"og:site_name\" content=\"Talajmeg\u00faj\u00edt\u00f3 Gazd\u00e1k Egyes\u00fclete\" \/>\n<meta property=\"article:publisher\" content=\"https:\/\/www.facebook.com\/tmg.egyesulet\/\" \/>\n<meta property=\"article:modified_time\" content=\"2026-02-02T11:00:37+00:00\" \/>\n<meta property=\"og:image\" content=\"https:\/\/tmg.hu\/wp-content\/uploads\/2024\/10\/az-ember-vege.jpg\" \/>\n\t<meta property=\"og:image:width\" content=\"742\" \/>\n\t<meta property=\"og:image:height\" content=\"1042\" \/>\n\t<meta property=\"og:image:type\" content=\"image\/jpeg\" \/>\n<meta name=\"twitter:card\" content=\"summary_large_image\" \/>\n<meta name=\"twitter:label1\" content=\"Predpokladan\u00fd \u010das \u010d\u00edtania\" \/>\n\t<meta name=\"twitter:data1\" content=\"1 min\u00fata\" \/>\n<script type=\"application\/ld+json\" class=\"yoast-schema-graph\">{\"@context\":\"https:\/\/schema.org\",\"@graph\":[{\"@type\":\"WebPage\",\"@id\":\"https:\/\/tmg.hu\/termek\/az-ember-vege-a-termeszet-eselye\/\",\"url\":\"https:\/\/tmg.hu\/termek\/az-ember-vege-a-termeszet-eselye\/\",\"name\":\"Az ember v\u00e9ge, a term\u00e9szet es\u00e9lye - Talajmeg\u00faj\u00edt\u00f3 Gazd\u00e1k Egyes\u00fclete\",\"isPartOf\":{\"@id\":\"https:\/\/tmg.hu\/#website\"},\"primaryImageOfPage\":{\"@id\":\"https:\/\/tmg.hu\/termek\/az-ember-vege-a-termeszet-eselye\/#primaryimage\"},\"image\":{\"@id\":\"https:\/\/tmg.hu\/termek\/az-ember-vege-a-termeszet-eselye\/#primaryimage\"},\"thumbnailUrl\":\"https:\/\/tmg.hu\/wp-content\/uploads\/2024\/10\/az-ember-vege.jpg\",\"datePublished\":\"2024-10-21T22:37:06+00:00\",\"dateModified\":\"2026-02-02T11:00:37+00:00\",\"breadcrumb\":{\"@id\":\"https:\/\/tmg.hu\/termek\/az-ember-vege-a-termeszet-eselye\/#breadcrumb\"},\"inLanguage\":\"sk-SK\",\"potentialAction\":[{\"@type\":\"ReadAction\",\"target\":[\"https:\/\/tmg.hu\/termek\/az-ember-vege-a-termeszet-eselye\/\"]}]},{\"@type\":\"ImageObject\",\"inLanguage\":\"sk-SK\",\"@id\":\"https:\/\/tmg.hu\/termek\/az-ember-vege-a-termeszet-eselye\/#primaryimage\",\"url\":\"https:\/\/tmg.hu\/wp-content\/uploads\/2024\/10\/az-ember-vege.jpg\",\"contentUrl\":\"https:\/\/tmg.hu\/wp-content\/uploads\/2024\/10\/az-ember-vege.jpg\",\"width\":742,\"height\":1042},{\"@type\":\"BreadcrumbList\",\"@id\":\"https:\/\/tmg.hu\/termek\/az-ember-vege-a-termeszet-eselye\/#breadcrumb\",\"itemListElement\":[{\"@type\":\"ListItem\",\"position\":1,\"name\":\"Home\",\"item\":\"https:\/\/tmg.hu\/\"},{\"@type\":\"ListItem\",\"position\":2,\"name\":\"Webshop\",\"item\":\"https:\/\/tmg.hu\/webshop\/\"},{\"@type\":\"ListItem\",\"position\":3,\"name\":\"Az ember v\u00e9ge, a term\u00e9szet es\u00e9lye\"}]},{\"@type\":\"WebSite\",\"@id\":\"https:\/\/tmg.hu\/#website\",\"url\":\"https:\/\/tmg.hu\/\",\"name\":\"TMG - Talajmeg\u00faj\u00edt\u00f3 Gazd\u00e1k Egyes\u00fclete\",\"description\":\"Talajmeg\u00faj\u00edt\u00f3 Gazd\u00e1k Egyes\u00fclete\",\"publisher\":{\"@id\":\"https:\/\/tmg.hu\/#organization\"},\"potentialAction\":[{\"@type\":\"SearchAction\",\"target\":{\"@type\":\"EntryPoint\",\"urlTemplate\":\"https:\/\/tmg.hu\/?s={search_term_string}\"},\"query-input\":{\"@type\":\"PropertyValueSpecification\",\"valueRequired\":true,\"valueName\":\"search_term_string\"}}],\"inLanguage\":\"sk-SK\"},{\"@type\":\"Organization\",\"@id\":\"https:\/\/tmg.hu\/#organization\",\"name\":\"Talajmeg\u00faj\u00edt\u00f3 Gazd\u00e1k Egyes\u00fclete\",\"url\":\"https:\/\/tmg.hu\/\",\"logo\":{\"@type\":\"ImageObject\",\"inLanguage\":\"sk-SK\",\"@id\":\"https:\/\/tmg.hu\/#\/schema\/logo\/image\/\",\"url\":\"https:\/\/tmg.hu\/wp-content\/uploads\/2024\/10\/tmg_og_logo.png\",\"contentUrl\":\"https:\/\/tmg.hu\/wp-content\/uploads\/2024\/10\/tmg_og_logo.png\",\"width\":1200,\"height\":630,\"caption\":\"Talajmeg\u00faj\u00edt\u00f3 Gazd\u00e1k Egyes\u00fclete\"},\"image\":{\"@id\":\"https:\/\/tmg.hu\/#\/schema\/logo\/image\/\"},\"sameAs\":[\"https:\/\/www.facebook.com\/tmg.egyesulet\/\",\"https:\/\/www.instagram.com\/tmg.hu\/\",\"https:\/\/www.youtube.com\/@tmg_egyesulet\"]}]}<\/script>\n<!-- \/ Yoast SEO plugin. -->","yoast_head_json":{"title":"Koniec \u010dloveka, \u0161anca pr\u00edrody - Zdru\u017eenie po\u013enohospod\u00e1rov pre obnovu p\u00f4dy","robots":{"index":"index","follow":"follow","max-snippet":"max-snippet:-1","max-image-preview":"max-image-preview:large","max-video-preview":"max-video-preview:-1"},"canonical":"https:\/\/tmg.hu\/sk\/izby\/ludsky-duch-je-sancou-termita\/","og_locale":"sk_SK","og_type":"article","og_title":"Az ember v\u00e9ge, a term\u00e9szet es\u00e9lye - Talajmeg\u00faj\u00edt\u00f3 Gazd\u00e1k Egyes\u00fclete","og_description":"A helyzet re\u00e1lis \u00e9rt\u00e9kel\u00e9se ut\u00e1n teljes m\u00e9rt\u00e9kben indokoltak a mer\u00e9sznek hangz\u00f3 meg\u00e1llap\u00edt\u00e1sok: ma m\u00e1r nem az a k\u00e9rd\u00e9s, hogy cs\u00f6kken-e a n\u00e9pess\u00e9gn\u00f6veked\u00e9s \u00fcteme, hanem hogy hogyan lehetn\u00e9nk sokkal kevesebben; a nemn\u00f6veked\u00e9s mint gazdas\u00e1gi modell sz\u00fcks\u00e9gszer\u0171 \u00e9s s\u00fcrg\u0151s; a term\u00e9szet antropocentrikus ural\u00e1sa a veszt\u00fcnket okozza.  Jord\u00e1n Ferenc sem patetikus v\u00e9szharangkongat\u00e1ssal, sem az olvas\u00f3 megnyugtat\u00e1s\u00e1val nem foglalkozik. Nem t\u00faloz, \u00e9s nem relativiz\u00e1lja a bemutatott folyamatok jelent\u0151s\u00e9g\u00e9t. Semmif\u00e9le tabut nem ismer, se mor\u00e1lisat, se politikait, se tudom\u00e1nyosat. B\u00e1tran besz\u00e9l, \u00e9s erre a b\u00e1tors\u00e1gra van sz\u00fcks\u00e9g\u00fcnk.","og_url":"https:\/\/tmg.hu\/sk\/izby\/ludsky-duch-je-sancou-termita\/","og_site_name":"Talajmeg\u00faj\u00edt\u00f3 Gazd\u00e1k Egyes\u00fclete","article_publisher":"https:\/\/www.facebook.com\/tmg.egyesulet\/","article_modified_time":"2026-02-02T11:00:37+00:00","og_image":[{"width":742,"height":1042,"url":"https:\/\/tmg.hu\/wp-content\/uploads\/2024\/10\/az-ember-vege.jpg","type":"image\/jpeg"}],"twitter_card":"summary_large_image","twitter_misc":{"Predpokladan\u00fd \u010das \u010d\u00edtania":"1 min\u00fata"},"schema":{"@context":"https:\/\/schema.org","@graph":[{"@type":"WebPage","@id":"https:\/\/tmg.hu\/termek\/az-ember-vege-a-termeszet-eselye\/","url":"https:\/\/tmg.hu\/termek\/az-ember-vege-a-termeszet-eselye\/","name":"Koniec \u010dloveka, \u0161anca pr\u00edrody - Zdru\u017eenie po\u013enohospod\u00e1rov pre obnovu p\u00f4dy","isPartOf":{"@id":"https:\/\/tmg.hu\/#website"},"primaryImageOfPage":{"@id":"https:\/\/tmg.hu\/termek\/az-ember-vege-a-termeszet-eselye\/#primaryimage"},"image":{"@id":"https:\/\/tmg.hu\/termek\/az-ember-vege-a-termeszet-eselye\/#primaryimage"},"thumbnailUrl":"https:\/\/tmg.hu\/wp-content\/uploads\/2024\/10\/az-ember-vege.jpg","datePublished":"2024-10-21T22:37:06+00:00","dateModified":"2026-02-02T11:00:37+00:00","breadcrumb":{"@id":"https:\/\/tmg.hu\/termek\/az-ember-vege-a-termeszet-eselye\/#breadcrumb"},"inLanguage":"sk-SK","potentialAction":[{"@type":"ReadAction","target":["https:\/\/tmg.hu\/termek\/az-ember-vege-a-termeszet-eselye\/"]}]},{"@type":"ImageObject","inLanguage":"sk-SK","@id":"https:\/\/tmg.hu\/termek\/az-ember-vege-a-termeszet-eselye\/#primaryimage","url":"https:\/\/tmg.hu\/wp-content\/uploads\/2024\/10\/az-ember-vege.jpg","contentUrl":"https:\/\/tmg.hu\/wp-content\/uploads\/2024\/10\/az-ember-vege.jpg","width":742,"height":1042},{"@type":"BreadcrumbList","@id":"https:\/\/tmg.hu\/termek\/az-ember-vege-a-termeszet-eselye\/#breadcrumb","itemListElement":[{"@type":"ListItem","position":1,"name":"Home","item":"https:\/\/tmg.hu\/"},{"@type":"ListItem","position":2,"name":"Webshop","item":"https:\/\/tmg.hu\/webshop\/"},{"@type":"ListItem","position":3,"name":"Az ember v\u00e9ge, a term\u00e9szet es\u00e9lye"}]},{"@type":"WebSite","@id":"https:\/\/tmg.hu\/#website","url":"https:\/\/tmg.hu\/","name":"TMG - Zdru\u017eenie po\u013enohospod\u00e1rov pre obnovu p\u00f4dy","description":"Zdru\u017eenie po\u013enohospod\u00e1rov pre obnovu p\u00f4dy","publisher":{"@id":"https:\/\/tmg.hu\/#organization"},"potentialAction":[{"@type":"SearchAction","target":{"@type":"EntryPoint","urlTemplate":"https:\/\/tmg.hu\/?s={search_term_string}"},"query-input":{"@type":"PropertyValueSpecification","valueRequired":true,"valueName":"search_term_string"}}],"inLanguage":"sk-SK"},{"@type":"Organization","@id":"https:\/\/tmg.hu\/#organization","name":"Zdru\u017eenie po\u013enohospod\u00e1rov pre obnovu p\u00f4dy","url":"https:\/\/tmg.hu\/","logo":{"@type":"ImageObject","inLanguage":"sk-SK","@id":"https:\/\/tmg.hu\/#\/schema\/logo\/image\/","url":"https:\/\/tmg.hu\/wp-content\/uploads\/2024\/10\/tmg_og_logo.png","contentUrl":"https:\/\/tmg.hu\/wp-content\/uploads\/2024\/10\/tmg_og_logo.png","width":1200,"height":630,"caption":"Talajmeg\u00faj\u00edt\u00f3 Gazd\u00e1k Egyes\u00fclete"},"image":{"@id":"https:\/\/tmg.hu\/#\/schema\/logo\/image\/"},"sameAs":["https:\/\/www.facebook.com\/tmg.egyesulet\/","https:\/\/www.instagram.com\/tmg.hu\/","https:\/\/www.youtube.com\/@tmg_egyesulet"]}]}},"_links":{"self":[{"href":"https:\/\/tmg.hu\/sk\/wp-json\/wp\/v2\/product\/8749","targetHints":{"allow":["GET"]}}],"collection":[{"href":"https:\/\/tmg.hu\/sk\/wp-json\/wp\/v2\/product"}],"about":[{"href":"https:\/\/tmg.hu\/sk\/wp-json\/wp\/v2\/types\/product"}],"wp:featuredmedia":[{"embeddable":true,"href":"https:\/\/tmg.hu\/sk\/wp-json\/wp\/v2\/media\/8791"}],"wp:attachment":[{"href":"https:\/\/tmg.hu\/sk\/wp-json\/wp\/v2\/media?parent=8749"}],"wp:term":[{"taxonomy":"product_brand","embeddable":true,"href":"https:\/\/tmg.hu\/sk\/wp-json\/wp\/v2\/product_brand?post=8749"},{"taxonomy":"product_cat","embeddable":true,"href":"https:\/\/tmg.hu\/sk\/wp-json\/wp\/v2\/product_cat?post=8749"},{"taxonomy":"product_tag","embeddable":true,"href":"https:\/\/tmg.hu\/sk\/wp-json\/wp\/v2\/product_tag?post=8749"}],"curies":[{"name":"wp","href":"https:\/\/api.w.org\/{rel}","templated":true}]}}