{"id":11580,"date":"2026-02-26T14:30:23","date_gmt":"2026-02-26T13:30:23","guid":{"rendered":"https:\/\/tmg.hu\/?post_type=product&#038;p=11580"},"modified":"2026-03-25T14:54:33","modified_gmt":"2026-03-25T13:54:33","slug":"kerodzok-tortenetek-gyerekeknek-a-regenerativ-allattartasrol","status":"publish","type":"product","link":"https:\/\/tmg.hu\/sk\/izby\/kerodzok-tortenetek-gyerekeknek-a-regenerativ-allattartasrol\/","title":{"rendered":"K\u00c9R\u0150DZ\u0150K &#8211; T\u00f6rt\u00e9netek gyerekeknek a regenerat\u00edv \u00e1llattart\u00e1sr\u00f3l"},"content":{"rendered":"<p>Bruno Vasquetto spanyol gazd\u00e1lkod\u00f3 \u00e9s tan\u00e1csad\u00f3, k\u00e9t \u2013 gazd\u00e1lkod\u00f3knak sz\u00f3l\u00f3 \u2013 k\u00e9zik\u00f6nyv szerz\u0151je, valamint k\u00e9t fi\u00fa \u00e9desapja.<\/p>\n<p>Ez a gyerekk\u00f6nyv az apai felel\u0151ss\u00e9g \u00e9s a regenerat\u00edv szeml\u00e9let tal\u00e1lkoz\u00e1s\u00e1b\u00f3l sz\u00fcletett.<\/p>\n<p>\u201eHa felel\u0151ss\u00e9gteljesen form\u00e1ljuk a legkisebbek gondolkod\u00e1s\u00e1t, k\u00e9pesek lesz\u00fcnk egy vir\u00e1gz\u00f3bb j\u00f6v\u0151t \u00e9p\u00edteni.\u201d<\/p>\n<p>\u2013 Bruno Vasquetto<\/p>","protected":false},"excerpt":{"rendered":"<p>Egy k\u00f6nyv, ami m\u00e1r a k\u00f6vetkez\u0151 gener\u00e1ci\u00f3hoz sz\u00f3l.<\/p>\n<p>Egy sz\u00edvhez sz\u00f3l\u00f3 t\u00f6rt\u00e9net k\u00e9t testv\u00e9rr\u0151l, akik a nagysz\u00fcleikn\u00e9l vid\u00e9ken t\u00f6lt\u00f6tt ny\u00e1ri sz\u00fcnet alatt fedezik fel,<\/p>\n<ul>\n<li>mi az a regenerat\u00edv \u00e1llattart\u00e1s,<\/li>\n<li>hogyan lehet j\u00f3l b\u00e1nni az \u00e1llatokkal,<\/li>\n<li>mi\u00e9rt fontos az eg\u00e9szs\u00e9ges talaj,<\/li>\n<li>\u00e9s hogyan lehet egy\u00fcttm\u0171k\u00f6dni a term\u00e9szettel.<\/li>\n<\/ul>\n<p>A k\u00f6nyv megsz\u00fclet\u00e9s\u00e9t a szerz\u0151 saj\u00e1t k\u00e9t fia inspir\u00e1lta \u2013 az \u0151 k\u00e9rd\u00e9seik, k\u00edv\u00e1ncsis\u00e1guk \u00e9s a j\u00f6v\u0151 ir\u00e1nt \u00e9rzett felel\u0151ss\u00e9g h\u00edvta \u00e9letre ezt a mes\u00e9t.<\/p>\n<p>Sz\u00fcl\u0151kt\u0151l \u00e9s gyerekekt\u0151l egyar\u00e1nt fantasztikus visszajelz\u00e9sek \u00e9rkeznek: a t\u00f6rt\u00e9net egyszerre tan\u00edt, \u00e9rz\u00e9keny\u00edt \u00e9s besz\u00e9lget\u00e9seket ind\u00edt el a csal\u00e1dban.<\/p>","protected":false},"featured_media":11581,"template":"","meta":[],"product_brand":[],"product_cat":[69],"product_tag":[79],"class_list":{"0":"post-11580","1":"product","2":"type-product","3":"status-publish","4":"has-post-thumbnail","6":"product_cat-konyvek","7":"product_tag-uj","9":"first","10":"instock","11":"taxable","12":"shipping-taxable","13":"purchasable","14":"product-type-simple"},"bundled_by":[],"bundle_stock_status":"instock","bundle_stock_quantity":180,"bundle_virtual":false,"bundle_layout":"","bundle_add_to_cart_form_location":"","bundle_editable_in_cart":false,"bundle_sold_individually_context":"","bundle_item_grouping":"","bundle_min_size":"","bundle_max_size":"","bundle_price":[],"bundled_items":[],"bundle_sell_ids":[],"yoast_head":"<!-- This site is optimized with the Yoast SEO plugin v26.6 - https:\/\/yoast.com\/wordpress\/plugins\/seo\/ -->\n<title>K\u00c9R\u0150DZ\u0150K - T\u00f6rt\u00e9netek gyerekeknek a regenerat\u00edv \u00e1llattart\u00e1sr\u00f3l - Talajmeg\u00faj\u00edt\u00f3 Gazd\u00e1k Egyes\u00fclete<\/title>\n<meta name=\"robots\" content=\"index, follow, max-snippet:-1, max-image-preview:large, max-video-preview:-1\" \/>\n<link rel=\"canonical\" href=\"https:\/\/tmg.hu\/sk\/izby\/kerodzok-tortenetek-gyerekeknek-a-regenerativ-allattartasrol\/\" \/>\n<meta property=\"og:locale\" content=\"sk_SK\" \/>\n<meta property=\"og:type\" content=\"article\" \/>\n<meta property=\"og:title\" content=\"K\u00c9R\u0150DZ\u0150K - T\u00f6rt\u00e9netek gyerekeknek a regenerat\u00edv \u00e1llattart\u00e1sr\u00f3l - Talajmeg\u00faj\u00edt\u00f3 Gazd\u00e1k Egyes\u00fclete\" \/>\n<meta property=\"og:description\" content=\"Egy k\u00f6nyv, ami m\u00e1r a k\u00f6vetkez\u0151 gener\u00e1ci\u00f3hoz sz\u00f3l.  Egy sz\u00edvhez sz\u00f3l\u00f3 t\u00f6rt\u00e9net k\u00e9t testv\u00e9rr\u0151l, akik a nagysz\u00fcleikn\u00e9l vid\u00e9ken t\u00f6lt\u00f6tt ny\u00e1ri sz\u00fcnet alatt fedezik fel,   mi az a regenerat\u00edv \u00e1llattart\u00e1s,  hogyan lehet j\u00f3l b\u00e1nni az \u00e1llatokkal,  mi\u00e9rt fontos az eg\u00e9szs\u00e9ges talaj,  \u00e9s hogyan lehet egy\u00fcttm\u0171k\u00f6dni a term\u00e9szettel.  A k\u00f6nyv megsz\u00fclet\u00e9s\u00e9t a szerz\u0151 saj\u00e1t k\u00e9t fia inspir\u00e1lta \u2013 az \u0151 k\u00e9rd\u00e9seik, k\u00edv\u00e1ncsis\u00e1guk \u00e9s a j\u00f6v\u0151 ir\u00e1nt \u00e9rzett felel\u0151ss\u00e9g h\u00edvta \u00e9letre ezt a mes\u00e9t.  Sz\u00fcl\u0151kt\u0151l \u00e9s gyerekekt\u0151l egyar\u00e1nt fantasztikus visszajelz\u00e9sek \u00e9rkeznek: a t\u00f6rt\u00e9net egyszerre tan\u00edt, \u00e9rz\u00e9keny\u00edt \u00e9s besz\u00e9lget\u00e9seket ind\u00edt el a csal\u00e1dban.\" \/>\n<meta property=\"og:url\" content=\"https:\/\/tmg.hu\/sk\/izby\/kerodzok-tortenetek-gyerekeknek-a-regenerativ-allattartasrol\/\" \/>\n<meta property=\"og:site_name\" content=\"Talajmeg\u00faj\u00edt\u00f3 Gazd\u00e1k Egyes\u00fclete\" \/>\n<meta property=\"article:publisher\" content=\"https:\/\/www.facebook.com\/tmg.egyesulet\/\" \/>\n<meta property=\"article:modified_time\" content=\"2026-03-25T13:54:33+00:00\" \/>\n<meta property=\"og:image\" content=\"https:\/\/tmg.hu\/wp-content\/uploads\/2026\/02\/fokep.jpg\" \/>\n\t<meta property=\"og:image:width\" content=\"1042\" \/>\n\t<meta property=\"og:image:height\" content=\"742\" \/>\n\t<meta property=\"og:image:type\" content=\"image\/jpeg\" \/>\n<meta name=\"twitter:card\" content=\"summary_large_image\" \/>\n<meta name=\"twitter:label1\" content=\"Predpokladan\u00fd \u010das \u010d\u00edtania\" \/>\n\t<meta name=\"twitter:data1\" content=\"1 min\u00fata\" \/>\n<script type=\"application\/ld+json\" class=\"yoast-schema-graph\">{\"@context\":\"https:\/\/schema.org\",\"@graph\":[{\"@type\":\"WebPage\",\"@id\":\"https:\/\/tmg.hu\/termek\/kerodzok-tortenetek-gyerekeknek-a-regenerativ-allattartasrol\/\",\"url\":\"https:\/\/tmg.hu\/termek\/kerodzok-tortenetek-gyerekeknek-a-regenerativ-allattartasrol\/\",\"name\":\"K\u00c9R\u0150DZ\u0150K - T\u00f6rt\u00e9netek gyerekeknek a regenerat\u00edv \u00e1llattart\u00e1sr\u00f3l - Talajmeg\u00faj\u00edt\u00f3 Gazd\u00e1k Egyes\u00fclete\",\"isPartOf\":{\"@id\":\"https:\/\/tmg.hu\/#website\"},\"primaryImageOfPage\":{\"@id\":\"https:\/\/tmg.hu\/termek\/kerodzok-tortenetek-gyerekeknek-a-regenerativ-allattartasrol\/#primaryimage\"},\"image\":{\"@id\":\"https:\/\/tmg.hu\/termek\/kerodzok-tortenetek-gyerekeknek-a-regenerativ-allattartasrol\/#primaryimage\"},\"thumbnailUrl\":\"https:\/\/tmg.hu\/wp-content\/uploads\/2026\/02\/fokep.jpg\",\"datePublished\":\"2026-02-26T13:30:23+00:00\",\"dateModified\":\"2026-03-25T13:54:33+00:00\",\"breadcrumb\":{\"@id\":\"https:\/\/tmg.hu\/termek\/kerodzok-tortenetek-gyerekeknek-a-regenerativ-allattartasrol\/#breadcrumb\"},\"inLanguage\":\"sk-SK\",\"potentialAction\":[{\"@type\":\"ReadAction\",\"target\":[\"https:\/\/tmg.hu\/termek\/kerodzok-tortenetek-gyerekeknek-a-regenerativ-allattartasrol\/\"]}]},{\"@type\":\"ImageObject\",\"inLanguage\":\"sk-SK\",\"@id\":\"https:\/\/tmg.hu\/termek\/kerodzok-tortenetek-gyerekeknek-a-regenerativ-allattartasrol\/#primaryimage\",\"url\":\"https:\/\/tmg.hu\/wp-content\/uploads\/2026\/02\/fokep.jpg\",\"contentUrl\":\"https:\/\/tmg.hu\/wp-content\/uploads\/2026\/02\/fokep.jpg\",\"width\":1042,\"height\":742},{\"@type\":\"BreadcrumbList\",\"@id\":\"https:\/\/tmg.hu\/termek\/kerodzok-tortenetek-gyerekeknek-a-regenerativ-allattartasrol\/#breadcrumb\",\"itemListElement\":[{\"@type\":\"ListItem\",\"position\":1,\"name\":\"Home\",\"item\":\"https:\/\/tmg.hu\/\"},{\"@type\":\"ListItem\",\"position\":2,\"name\":\"Webshop\",\"item\":\"https:\/\/tmg.hu\/webshop\/\"},{\"@type\":\"ListItem\",\"position\":3,\"name\":\"K\u00c9R\u0150DZ\u0150K &#8211; T\u00f6rt\u00e9netek gyerekeknek a regenerat\u00edv \u00e1llattart\u00e1sr\u00f3l\"}]},{\"@type\":\"WebSite\",\"@id\":\"https:\/\/tmg.hu\/#website\",\"url\":\"https:\/\/tmg.hu\/\",\"name\":\"TMG - Talajmeg\u00faj\u00edt\u00f3 Gazd\u00e1k Egyes\u00fclete\",\"description\":\"Talajmeg\u00faj\u00edt\u00f3 Gazd\u00e1k Egyes\u00fclete\",\"publisher\":{\"@id\":\"https:\/\/tmg.hu\/#organization\"},\"potentialAction\":[{\"@type\":\"SearchAction\",\"target\":{\"@type\":\"EntryPoint\",\"urlTemplate\":\"https:\/\/tmg.hu\/?s={search_term_string}\"},\"query-input\":{\"@type\":\"PropertyValueSpecification\",\"valueRequired\":true,\"valueName\":\"search_term_string\"}}],\"inLanguage\":\"sk-SK\"},{\"@type\":\"Organization\",\"@id\":\"https:\/\/tmg.hu\/#organization\",\"name\":\"Talajmeg\u00faj\u00edt\u00f3 Gazd\u00e1k Egyes\u00fclete\",\"url\":\"https:\/\/tmg.hu\/\",\"logo\":{\"@type\":\"ImageObject\",\"inLanguage\":\"sk-SK\",\"@id\":\"https:\/\/tmg.hu\/#\/schema\/logo\/image\/\",\"url\":\"https:\/\/tmg.hu\/wp-content\/uploads\/2024\/10\/tmg_og_logo.png\",\"contentUrl\":\"https:\/\/tmg.hu\/wp-content\/uploads\/2024\/10\/tmg_og_logo.png\",\"width\":1200,\"height\":630,\"caption\":\"Talajmeg\u00faj\u00edt\u00f3 Gazd\u00e1k Egyes\u00fclete\"},\"image\":{\"@id\":\"https:\/\/tmg.hu\/#\/schema\/logo\/image\/\"},\"sameAs\":[\"https:\/\/www.facebook.com\/tmg.egyesulet\/\",\"https:\/\/www.instagram.com\/tmg.hu\/\",\"https:\/\/www.youtube.com\/@tmg_egyesulet\"]}]}<\/script>\n<!-- \/ Yoast SEO plugin. -->","yoast_head_json":{"title":"K\u00c9R\u0150DZ\u0150K - T\u00f6rt\u00e9netek gyerekeknek a regenerat\u00edv \u00e1llattart\u00e1sr\u00f3l - Talajmeg\u00faj\u00edt\u00f3 Gazd\u00e1k Egyes\u00fclete","robots":{"index":"index","follow":"follow","max-snippet":"max-snippet:-1","max-image-preview":"max-image-preview:large","max-video-preview":"max-video-preview:-1"},"canonical":"https:\/\/tmg.hu\/sk\/izby\/kerodzok-tortenetek-gyerekeknek-a-regenerativ-allattartasrol\/","og_locale":"sk_SK","og_type":"article","og_title":"K\u00c9R\u0150DZ\u0150K - T\u00f6rt\u00e9netek gyerekeknek a regenerat\u00edv \u00e1llattart\u00e1sr\u00f3l - Talajmeg\u00faj\u00edt\u00f3 Gazd\u00e1k Egyes\u00fclete","og_description":"Egy k\u00f6nyv, ami m\u00e1r a k\u00f6vetkez\u0151 gener\u00e1ci\u00f3hoz sz\u00f3l.  Egy sz\u00edvhez sz\u00f3l\u00f3 t\u00f6rt\u00e9net k\u00e9t testv\u00e9rr\u0151l, akik a nagysz\u00fcleikn\u00e9l vid\u00e9ken t\u00f6lt\u00f6tt ny\u00e1ri sz\u00fcnet alatt fedezik fel,   mi az a regenerat\u00edv \u00e1llattart\u00e1s,  hogyan lehet j\u00f3l b\u00e1nni az \u00e1llatokkal,  mi\u00e9rt fontos az eg\u00e9szs\u00e9ges talaj,  \u00e9s hogyan lehet egy\u00fcttm\u0171k\u00f6dni a term\u00e9szettel.  A k\u00f6nyv megsz\u00fclet\u00e9s\u00e9t a szerz\u0151 saj\u00e1t k\u00e9t fia inspir\u00e1lta \u2013 az \u0151 k\u00e9rd\u00e9seik, k\u00edv\u00e1ncsis\u00e1guk \u00e9s a j\u00f6v\u0151 ir\u00e1nt \u00e9rzett felel\u0151ss\u00e9g h\u00edvta \u00e9letre ezt a mes\u00e9t.  Sz\u00fcl\u0151kt\u0151l \u00e9s gyerekekt\u0151l egyar\u00e1nt fantasztikus visszajelz\u00e9sek \u00e9rkeznek: a t\u00f6rt\u00e9net egyszerre tan\u00edt, \u00e9rz\u00e9keny\u00edt \u00e9s besz\u00e9lget\u00e9seket ind\u00edt el a csal\u00e1dban.","og_url":"https:\/\/tmg.hu\/sk\/izby\/kerodzok-tortenetek-gyerekeknek-a-regenerativ-allattartasrol\/","og_site_name":"Talajmeg\u00faj\u00edt\u00f3 Gazd\u00e1k Egyes\u00fclete","article_publisher":"https:\/\/www.facebook.com\/tmg.egyesulet\/","article_modified_time":"2026-03-25T13:54:33+00:00","og_image":[{"width":1042,"height":742,"url":"https:\/\/tmg.hu\/wp-content\/uploads\/2026\/02\/fokep.jpg","type":"image\/jpeg"}],"twitter_card":"summary_large_image","twitter_misc":{"Predpokladan\u00fd \u010das \u010d\u00edtania":"1 min\u00fata"},"schema":{"@context":"https:\/\/schema.org","@graph":[{"@type":"WebPage","@id":"https:\/\/tmg.hu\/termek\/kerodzok-tortenetek-gyerekeknek-a-regenerativ-allattartasrol\/","url":"https:\/\/tmg.hu\/termek\/kerodzok-tortenetek-gyerekeknek-a-regenerativ-allattartasrol\/","name":"K\u00c9R\u0150DZ\u0150K - T\u00f6rt\u00e9netek gyerekeknek a regenerat\u00edv \u00e1llattart\u00e1sr\u00f3l - Talajmeg\u00faj\u00edt\u00f3 Gazd\u00e1k Egyes\u00fclete","isPartOf":{"@id":"https:\/\/tmg.hu\/#website"},"primaryImageOfPage":{"@id":"https:\/\/tmg.hu\/termek\/kerodzok-tortenetek-gyerekeknek-a-regenerativ-allattartasrol\/#primaryimage"},"image":{"@id":"https:\/\/tmg.hu\/termek\/kerodzok-tortenetek-gyerekeknek-a-regenerativ-allattartasrol\/#primaryimage"},"thumbnailUrl":"https:\/\/tmg.hu\/wp-content\/uploads\/2026\/02\/fokep.jpg","datePublished":"2026-02-26T13:30:23+00:00","dateModified":"2026-03-25T13:54:33+00:00","breadcrumb":{"@id":"https:\/\/tmg.hu\/termek\/kerodzok-tortenetek-gyerekeknek-a-regenerativ-allattartasrol\/#breadcrumb"},"inLanguage":"sk-SK","potentialAction":[{"@type":"ReadAction","target":["https:\/\/tmg.hu\/termek\/kerodzok-tortenetek-gyerekeknek-a-regenerativ-allattartasrol\/"]}]},{"@type":"ImageObject","inLanguage":"sk-SK","@id":"https:\/\/tmg.hu\/termek\/kerodzok-tortenetek-gyerekeknek-a-regenerativ-allattartasrol\/#primaryimage","url":"https:\/\/tmg.hu\/wp-content\/uploads\/2026\/02\/fokep.jpg","contentUrl":"https:\/\/tmg.hu\/wp-content\/uploads\/2026\/02\/fokep.jpg","width":1042,"height":742},{"@type":"BreadcrumbList","@id":"https:\/\/tmg.hu\/termek\/kerodzok-tortenetek-gyerekeknek-a-regenerativ-allattartasrol\/#breadcrumb","itemListElement":[{"@type":"ListItem","position":1,"name":"Home","item":"https:\/\/tmg.hu\/"},{"@type":"ListItem","position":2,"name":"Webshop","item":"https:\/\/tmg.hu\/webshop\/"},{"@type":"ListItem","position":3,"name":"K\u00c9R\u0150DZ\u0150K &#8211; T\u00f6rt\u00e9netek gyerekeknek a regenerat\u00edv \u00e1llattart\u00e1sr\u00f3l"}]},{"@type":"WebSite","@id":"https:\/\/tmg.hu\/#website","url":"https:\/\/tmg.hu\/","name":"TMG - Zdru\u017eenie po\u013enohospod\u00e1rov pre obnovu p\u00f4dy","description":"Zdru\u017eenie po\u013enohospod\u00e1rov pre obnovu p\u00f4dy","publisher":{"@id":"https:\/\/tmg.hu\/#organization"},"potentialAction":[{"@type":"SearchAction","target":{"@type":"EntryPoint","urlTemplate":"https:\/\/tmg.hu\/?s={search_term_string}"},"query-input":{"@type":"PropertyValueSpecification","valueRequired":true,"valueName":"search_term_string"}}],"inLanguage":"sk-SK"},{"@type":"Organization","@id":"https:\/\/tmg.hu\/#organization","name":"Zdru\u017eenie po\u013enohospod\u00e1rov pre obnovu p\u00f4dy","url":"https:\/\/tmg.hu\/","logo":{"@type":"ImageObject","inLanguage":"sk-SK","@id":"https:\/\/tmg.hu\/#\/schema\/logo\/image\/","url":"https:\/\/tmg.hu\/wp-content\/uploads\/2024\/10\/tmg_og_logo.png","contentUrl":"https:\/\/tmg.hu\/wp-content\/uploads\/2024\/10\/tmg_og_logo.png","width":1200,"height":630,"caption":"Talajmeg\u00faj\u00edt\u00f3 Gazd\u00e1k Egyes\u00fclete"},"image":{"@id":"https:\/\/tmg.hu\/#\/schema\/logo\/image\/"},"sameAs":["https:\/\/www.facebook.com\/tmg.egyesulet\/","https:\/\/www.instagram.com\/tmg.hu\/","https:\/\/www.youtube.com\/@tmg_egyesulet"]}]}},"_links":{"self":[{"href":"https:\/\/tmg.hu\/sk\/wp-json\/wp\/v2\/product\/11580","targetHints":{"allow":["GET"]}}],"collection":[{"href":"https:\/\/tmg.hu\/sk\/wp-json\/wp\/v2\/product"}],"about":[{"href":"https:\/\/tmg.hu\/sk\/wp-json\/wp\/v2\/types\/product"}],"wp:featuredmedia":[{"embeddable":true,"href":"https:\/\/tmg.hu\/sk\/wp-json\/wp\/v2\/media\/11581"}],"wp:attachment":[{"href":"https:\/\/tmg.hu\/sk\/wp-json\/wp\/v2\/media?parent=11580"}],"wp:term":[{"taxonomy":"product_brand","embeddable":true,"href":"https:\/\/tmg.hu\/sk\/wp-json\/wp\/v2\/product_brand?post=11580"},{"taxonomy":"product_cat","embeddable":true,"href":"https:\/\/tmg.hu\/sk\/wp-json\/wp\/v2\/product_cat?post=11580"},{"taxonomy":"product_tag","embeddable":true,"href":"https:\/\/tmg.hu\/sk\/wp-json\/wp\/v2\/product_tag?post=11580"}],"curies":[{"name":"wp","href":"https:\/\/api.w.org\/{rel}","templated":true}]}}