{"id":10410,"date":"2025-10-17T04:51:27","date_gmt":"2025-10-17T02:51:27","guid":{"rendered":"https:\/\/tmg.hu\/?post_type=product&#038;p=10410"},"modified":"2026-04-12T10:26:26","modified_gmt":"2026-04-12T08:26:26","slug":"podporte-nase-zdruzenie","status":"publish","type":"product","link":"https:\/\/tmg.hu\/sk\/izby\/podporte-nase-zdruzenie\/","title":{"rendered":"Podporte na\u0161e zdru\u017eenie!"},"content":{"rendered":"<p>T\u00ed, ktor\u00ed podporuj\u00fa na\u0161e zdru\u017eenie, podporuj\u00fa vytvorenie komplexn\u00e9ho po\u013enohospod\u00e1rskeho syst\u00e9mu.<\/p>\n<p>Pom\u00e1ha \u010do najsk\u00f4r vytvori\u0165 zdrav\u00fa p\u00f4du, zdrav\u00e9 rastliny a zdrav\u00e9 ekosyst\u00e9my.<\/p>\n<p><strong>\u010eal\u0161ie inform\u00e1cie: <a href=\"https:\/\/tmg.hu\/sk\/tamogatas\/\" target=\"_blank\" rel=\"noopener\">tmg.hu\/podpora<\/a><\/strong><\/p>\n<div class=\"faq-container\">\n\n    <div class=\"row\">\n        <div class=\"col\">\n\n            <div class=\"text-center mb-5\">\n                <h2>GY.I.K.<\/h2>\n            <\/div>\n\n        <\/div>\n    <\/div>\n\n    <div class=\"row\">\n\n        <div class=\"col-12 col-lg-8\">\n\n            <div class=\"accordion\" id=\"faqAccordion\">\n\n\t\t\t\t\n                    <div class=\"accordion-item my-2\">\n\n                        <h2 class=\"accordion-header\">\n\n                            <button class=\"accordion-button collapsed fw-bold fs-6\"\n                                    type=\"button\"\n                                    data-bs-toggle=\"collapse\"\n                                    data-bs-target=\"#faq-collapse-7558\"\n                                    aria-expanded=\"false\"\n                                    aria-controls=\"faq-collapse-7558\"\n                            >\n\t\t\t\t\t\t\t\tJe mo\u017en\u00e9 podporova\u0165 va\u0161e aktivity na mesa\u010dnej b\u00e1ze?                            <\/button>\n\n                        <\/h2>\n\n                        <div id=\"faq-collapse-7558\"\n                             class=\"accordion-collapse collapse\"\n                             data-bs-parent=\"#faqAccordion\"\n                        >\n\n                            <div class=\"accordion-body pt-4 fs-6\">\n\t\t\t\t\t\t\t\t<!-- wp:paragraph -->\n<p>Samozrejme. Najjednoduch\u0161ie je nastavi\u0165 si pravideln\u00fd mesa\u010dn\u00fd prevod vo svojej banke.<\/p>\n<!-- \/wp:paragraph -->\n\n<!-- wp:paragraph -->\n<p>V tomto pr\u00edpade sa obr\u00e1\u0165te na tento odkaz:<\/p>\n<!-- \/wp:paragraph -->\n\n<!-- wp:paragraph -->\n<p><strong>Zdru\u017eenie po\u013enohospod\u00e1rov pre obnovu p\u00f4dy<br><\/strong>K&amp;H Bank <strong>10402829-50526889-50551001<\/strong><br>Do spr\u00e1vy nap\u00ed\u0161te <strong>va\u0161e meno<\/strong> a \u017ee \"<strong>Podpora TMG<\/strong>\"<\/p>\n<!-- \/wp:paragraph -->                            <\/div>\n\n                        <\/div>\n\n                    <\/div>\n\n\t\t\t\t\n                    <div class=\"accordion-item my-2\">\n\n                        <h2 class=\"accordion-header\">\n\n                            <button class=\"accordion-button collapsed fw-bold fs-6\"\n                                    type=\"button\"\n                                    data-bs-toggle=\"collapse\"\n                                    data-bs-target=\"#faq-collapse-7557\"\n                                    aria-expanded=\"false\"\n                                    aria-controls=\"faq-collapse-7557\"\n                            >\n\t\t\t\t\t\t\t\tM\u00f4\u017eem v\u00e1s podpori\u0165 zo zahrani\u010dia?                            <\/button>\n\n                        <\/h2>\n\n                        <div id=\"faq-collapse-7557\"\n                             class=\"accordion-collapse collapse\"\n                             data-bs-parent=\"#faqAccordion\"\n                        >\n\n                            <div class=\"accordion-body pt-4 fs-6\">\n\t\t\t\t\t\t\t\t<!-- wp:paragraph -->\n<p>\u00c1no, m\u00f4\u017eeme prija\u0165 finan\u010dn\u00e9 prostriedky zo zahrani\u010dia.<\/p>\n<!-- \/wp:paragraph -->                            <\/div>\n\n                        <\/div>\n\n                    <\/div>\n\n\t\t\t\t\n                    <div class=\"accordion-item my-2\">\n\n                        <h2 class=\"accordion-header\">\n\n                            <button class=\"accordion-button collapsed fw-bold fs-6\"\n                                    type=\"button\"\n                                    data-bs-toggle=\"collapse\"\n                                    data-bs-target=\"#faq-collapse-7556\"\n                                    aria-expanded=\"false\"\n                                    aria-controls=\"faq-collapse-7556\"\n                            >\n\t\t\t\t\t\t\t\tM\u00f4\u017eem v\u00e1s ako spolo\u010dnos\u0165 podpori\u0165?                            <\/button>\n\n                        <\/h2>\n\n                        <div id=\"faq-collapse-7556\"\n                             class=\"accordion-collapse collapse\"\n                             data-bs-parent=\"#faqAccordion\"\n                        >\n\n                            <div class=\"accordion-body pt-4 fs-6\">\n\t\t\t\t\t\t\t\t<!-- wp:paragraph -->\n<p>\u00c1no, do na\u0161ej asoci\u00e1cie m\u00f4\u017eete previes\u0165 finan\u010dn\u00e9 prostriedky ako spolo\u010dnos\u0165. Ak si to \u017eel\u00e1te, m\u00f4\u017eeme v\u00e1m o tom posla\u0165 potvrdenie, aby ste si mohli pod\u013ea mo\u017enosti zn\u00ed\u017ei\u0165 z\u00e1klad dane. Dot\u00e1cia je toti\u017e opr\u00e1vnen\u00fdm v\u00fddavkom na \u00fa\u010dely podnikate\u013eskej \u010dinnosti.<\/p>\n<!-- \/wp:paragraph -->                            <\/div>\n\n                        <\/div>\n\n                    <\/div>\n\n\t\t\t\t\n                    <div class=\"accordion-item my-2\">\n\n                        <h2 class=\"accordion-header\">\n\n                            <button class=\"accordion-button collapsed fw-bold fs-6\"\n                                    type=\"button\"\n                                    data-bs-toggle=\"collapse\"\n                                    data-bs-target=\"#faq-collapse-7554\"\n                                    aria-expanded=\"false\"\n                                    aria-controls=\"faq-collapse-7554\"\n                            >\n\t\t\t\t\t\t\t\tAkou sumou m\u00f4\u017eem podpori\u0165 va\u0161u pr\u00e1cu?                            <\/button>\n\n                        <\/h2>\n\n                        <div id=\"faq-collapse-7554\"\n                             class=\"accordion-collapse collapse\"\n                             data-bs-parent=\"#faqAccordion\"\n                        >\n\n                            <div class=\"accordion-body pt-4 fs-6\">\n\t\t\t\t\t\t\t\t<!-- wp:paragraph -->\n<p>V\u00edtan\u00e9 s\u00fa pr\u00edspevky v akejko\u013evek v\u00fd\u0161ke. Pre n\u00e1s m\u00e1 ka\u017ed\u00fd dar rovnak\u00fa v\u00e1hu, preto\u017ee vieme, \u017ee n\u00e1s podpor\u00edte ak\u00fdmko\u013evek sp\u00f4sobom, ktor\u00fd je pre v\u00e1s pohodln\u00fd a zmyslupln\u00fd. Pre ka\u017ed\u00e9ho z n\u00e1s to znamen\u00e1 in\u00fa sumu.<\/p>\n<!-- \/wp:paragraph -->\n\n<!-- wp:paragraph -->\n<p>V dolnej \u010dasti tejto str\u00e1nky pon\u00fakame \u0161es\u0165 r\u00f4znych s\u00fam od 1 000 do 50 000 HUF. Tie m\u00f4\u017eete zaplati\u0165 kliknut\u00edm na pr\u00edslu\u0161n\u00e9 tla\u010didlo pomocou jednoduchej transakcie kreditnou kartou, rovnako ako pri nakupovan\u00ed online. Ak chcete zaplati\u0165 in\u00fa sumu, m\u00f4\u017eete tak urobi\u0165 aj zadan\u00edm konkr\u00e9tnej sumy do po\u013ea.<\/p>\n<!-- \/wp:paragraph -->                            <\/div>\n\n                        <\/div>\n\n                    <\/div>\n\n\t\t\t\t\n                    <div class=\"accordion-item my-2\">\n\n                        <h2 class=\"accordion-header\">\n\n                            <button class=\"accordion-button collapsed fw-bold fs-6\"\n                                    type=\"button\"\n                                    data-bs-toggle=\"collapse\"\n                                    data-bs-target=\"#faq-collapse-7555\"\n                                    aria-expanded=\"false\"\n                                    aria-controls=\"faq-collapse-7555\"\n                            >\n\t\t\t\t\t\t\t\tAko pou\u017eijete m\u00f4j grant?                            <\/button>\n\n                        <\/h2>\n\n                        <div id=\"faq-collapse-7555\"\n                             class=\"accordion-collapse collapse\"\n                             data-bs-parent=\"#faqAccordion\"\n                        >\n\n                            <div class=\"accordion-body pt-4 fs-6\">\n\t\t\t\t\t\t\t\t<!-- wp:paragraph -->\n<p>V s\u00fa\u010dasnosti sa z\u00edskan\u00e9 finan\u010dn\u00e9 prostriedky pou\u017e\u00edvaj\u00fa na pokrytie n\u00e1kladov na vyd\u00e1vanie publik\u00e1ci\u00ed a na n\u00e1kup, pr\u00edpravu a zlep\u0161enie prezenta\u010dn\u00e9ho vybavenia potrebn\u00e9ho na dni praktick\u00e9ho vzdel\u00e1vania.<\/p>\n<!-- \/wp:paragraph -->                            <\/div>\n\n                        <\/div>\n\n                    <\/div>\n\n\t\t\t\t\n                    <div class=\"accordion-item my-2\">\n\n                        <h2 class=\"accordion-header\">\n\n                            <button class=\"accordion-button collapsed fw-bold fs-6\"\n                                    type=\"button\"\n                                    data-bs-toggle=\"collapse\"\n                                    data-bs-target=\"#faq-collapse-7553\"\n                                    aria-expanded=\"false\"\n                                    aria-controls=\"faq-collapse-7553\"\n                            >\n\t\t\t\t\t\t\t\tPre\u010do potrebujete moju podporu?                            <\/button>\n\n                        <\/h2>\n\n                        <div id=\"faq-collapse-7553\"\n                             class=\"accordion-collapse collapse\"\n                             data-bs-parent=\"#faqAccordion\"\n                        >\n\n                            <div class=\"accordion-body pt-4 fs-6\">\n\t\t\t\t\t\t\t\t<!-- wp:paragraph -->\n<p>V\u00e1\u017een\u00fd potenci\u00e1lny podporovate\u013e!<\/p>\n<!-- \/wp:paragraph -->\n\n<!-- wp:paragraph -->\n<p>Ot\u00e1zka obnovy p\u00f4dy je pre n\u00e1s mimoriadne d\u00f4le\u017eit\u00e1. Chceme, aby sa v \u010do najv\u00e4\u010d\u0161ej miere urobilo nie\u010do pre obnovu zdravia p\u00f4dy. Preto sa sna\u017e\u00edme pom\u00f4c\u0165 \u010do najv\u00e4\u010d\u0161iemu po\u010dtu po\u013enohospod\u00e1rov prejs\u0165 na regenerat\u00edvne po\u013enohospod\u00e1rstvo. Na\u0161e zdru\u017eenie je podporovan\u00e9 najm\u00e4 z \u010dlensk\u00fdch pr\u00edspevkov. Na\u0161i kolegovia po\u013enohospod\u00e1ri poskytuj\u00fa aj finan\u010dn\u00fd a intelektu\u00e1lny kapit\u00e1l pre na\u0161e osvetov\u00e9 a vzdel\u00e1vacie programy. Toto je va\u0161a pr\u00edle\u017eitos\u0165 prispie\u0165 a by\u0165 s\u00fa\u010das\u0165ou zmeny posilnen\u00edm finan\u010dnej stability na\u0161ej organiz\u00e1cie.<\/p>\n<!-- \/wp:paragraph -->                            <\/div>\n\n                        <\/div>\n\n                    <\/div>\n\n\t\t\t\t\n            <\/div>\n\n        <\/div>\n\n        <div class=\"col-12 col-lg-4\">\n\n            <div class=\"d-flex flex-column align-items-center text-center\">\n\n                <div>\n                    <span class=\"font-size-huge text-light-green fw-bold\">?<\/span>\n                <\/div>\n\n                <div class=\"mb-4\">\n                    <span class=\"fs-2 fw-bold\">M\u00e1te nejak\u00e9 \u010fal\u0161ie ot\u00e1zky?<\/span>\n                <\/div>\n\n                <div class=\"mb-5\">\n\n                    <span class=\"fw-light fs-6\">\n                        Ak ste nena\u0161li odpove\u010f, ktor\u00fa h\u013ead\u00e1te, kontaktujte n\u00e1s kliknut\u00edm na tla\u010didlo ni\u017e\u0161ie a jeden z na\u0161ich kolegov v\u00e1m r\u00e1d odpovie na va\u0161u ot\u00e1zku!\n                    <\/span>\n\n                <\/div>\n\n                <div class=\"\">\n                    <a href=\"https:\/\/tmg.hu\/sk\/kapcsolat\"\n                       class=\"btn btn-secondary rounded-0 text-white fw-bold text-uppercase px-5\">Kontakt<\/a>\n                <\/div>\n\n            <\/div>\n\n        <\/div>\n\n    <\/div>\n\n<\/div>","protected":false},"excerpt":{"rendered":"<p><strong>Dajte n\u00e1m \u0161ancu zmeni\u0165 sa!<\/strong><\/p>\n<p>Podporte n\u00e1s, ak si mysl\u00edte, \u017ee je d\u00f4le\u017eit\u00e9 da\u0165 jedlo na tanier na\u0161im de\u0165om a vn\u00fa\u010dat\u00e1m. Jedlo, ktor\u00e9 nas\u00fdti a vy\u017eiv\u00ed.<\/p>","protected":false},"featured_media":6555,"template":"","meta":[],"product_brand":[],"product_cat":[77],"product_tag":[],"class_list":{"0":"post-10410","1":"product","2":"type-product","3":"status-publish","4":"has-post-thumbnail","6":"product_cat-tamogatas","8":"first","9":"instock","10":"purchasable","11":"product-type-variable"},"bundled_by":[],"bundle_stock_status":"instock","bundle_stock_quantity":null,"bundle_virtual":false,"bundle_layout":"","bundle_add_to_cart_form_location":"","bundle_editable_in_cart":false,"bundle_sold_individually_context":"","bundle_item_grouping":"","bundle_min_size":"","bundle_max_size":"","bundle_price":[],"bundled_items":[],"bundle_sell_ids":[],"yoast_head":"<!-- This site is optimized with the Yoast SEO plugin v26.6 - https:\/\/yoast.com\/wordpress\/plugins\/seo\/ -->\n<title>T\u00e1mogasd Egyes\u00fclet\u00fcnket! - Talajmeg\u00faj\u00edt\u00f3 Gazd\u00e1k Egyes\u00fclete<\/title>\n<meta name=\"robots\" content=\"index, follow, max-snippet:-1, max-image-preview:large, max-video-preview:-1\" \/>\n<link rel=\"canonical\" href=\"https:\/\/tmg.hu\/sk\/izby\/podporte-nase-zdruzenie\/\" \/>\n<meta property=\"og:locale\" content=\"sk_SK\" \/>\n<meta property=\"og:type\" content=\"article\" \/>\n<meta property=\"og:title\" content=\"T\u00e1mogasd Egyes\u00fclet\u00fcnket! - Talajmeg\u00faj\u00edt\u00f3 Gazd\u00e1k Egyes\u00fclete\" \/>\n<meta property=\"og:description\" content=\"Adj es\u00e9lyt a v\u00e1ltoz\u00e1sra!  K\u00e9rlek, t\u00e1mogass minket, ha Te is fontosnak tartod, hogy a gyermekeink \u00e9s az unok\u00e1ink t\u00e1ny\u00e9rj\u00e1ra is jusson falat. Olyan falat, ami \u00e9ltet \u00e9s t\u00e1pl\u00e1l.\" \/>\n<meta property=\"og:url\" content=\"https:\/\/tmg.hu\/sk\/izby\/podporte-nase-zdruzenie\/\" \/>\n<meta property=\"og:site_name\" content=\"Talajmeg\u00faj\u00edt\u00f3 Gazd\u00e1k Egyes\u00fclete\" \/>\n<meta property=\"article:publisher\" content=\"https:\/\/www.facebook.com\/tmg.egyesulet\/\" \/>\n<meta property=\"article:modified_time\" content=\"2026-04-12T08:26:26+00:00\" \/>\n<meta property=\"og:image\" content=\"https:\/\/tmg.hu\/wp-content\/uploads\/2024\/08\/TMG-tamogatas-rajz.png\" \/>\n\t<meta property=\"og:image:width\" content=\"790\" \/>\n\t<meta property=\"og:image:height\" content=\"687\" \/>\n\t<meta property=\"og:image:type\" content=\"image\/png\" \/>\n<meta name=\"twitter:card\" content=\"summary_large_image\" \/>\n<meta name=\"twitter:label1\" content=\"Predpokladan\u00fd \u010das \u010d\u00edtania\" \/>\n\t<meta name=\"twitter:data1\" content=\"1 min\u00fata\" \/>\n<script type=\"application\/ld+json\" class=\"yoast-schema-graph\">{\"@context\":\"https:\/\/schema.org\",\"@graph\":[{\"@type\":\"WebPage\",\"@id\":\"https:\/\/tmg.hu\/termek\/tamogasd-egyesuletunket\/\",\"url\":\"https:\/\/tmg.hu\/termek\/tamogasd-egyesuletunket\/\",\"name\":\"T\u00e1mogasd Egyes\u00fclet\u00fcnket! - Talajmeg\u00faj\u00edt\u00f3 Gazd\u00e1k Egyes\u00fclete\",\"isPartOf\":{\"@id\":\"https:\/\/tmg.hu\/#website\"},\"primaryImageOfPage\":{\"@id\":\"https:\/\/tmg.hu\/termek\/tamogasd-egyesuletunket\/#primaryimage\"},\"image\":{\"@id\":\"https:\/\/tmg.hu\/termek\/tamogasd-egyesuletunket\/#primaryimage\"},\"thumbnailUrl\":\"https:\/\/tmg.hu\/wp-content\/uploads\/2024\/08\/TMG-tamogatas-rajz.png\",\"datePublished\":\"2025-10-17T02:51:27+00:00\",\"dateModified\":\"2026-04-12T08:26:26+00:00\",\"breadcrumb\":{\"@id\":\"https:\/\/tmg.hu\/termek\/tamogasd-egyesuletunket\/#breadcrumb\"},\"inLanguage\":\"sk-SK\",\"potentialAction\":[{\"@type\":\"ReadAction\",\"target\":[\"https:\/\/tmg.hu\/termek\/tamogasd-egyesuletunket\/\"]}]},{\"@type\":\"ImageObject\",\"inLanguage\":\"sk-SK\",\"@id\":\"https:\/\/tmg.hu\/termek\/tamogasd-egyesuletunket\/#primaryimage\",\"url\":\"https:\/\/tmg.hu\/wp-content\/uploads\/2024\/08\/TMG-tamogatas-rajz.png\",\"contentUrl\":\"https:\/\/tmg.hu\/wp-content\/uploads\/2024\/08\/TMG-tamogatas-rajz.png\",\"width\":790,\"height\":687},{\"@type\":\"BreadcrumbList\",\"@id\":\"https:\/\/tmg.hu\/termek\/tamogasd-egyesuletunket\/#breadcrumb\",\"itemListElement\":[{\"@type\":\"ListItem\",\"position\":1,\"name\":\"Home\",\"item\":\"https:\/\/tmg.hu\/\"},{\"@type\":\"ListItem\",\"position\":2,\"name\":\"Webshop\",\"item\":\"https:\/\/tmg.hu\/webshop\/\"},{\"@type\":\"ListItem\",\"position\":3,\"name\":\"T\u00e1mogasd Egyes\u00fclet\u00fcnket!\"}]},{\"@type\":\"WebSite\",\"@id\":\"https:\/\/tmg.hu\/#website\",\"url\":\"https:\/\/tmg.hu\/\",\"name\":\"TMG - Talajmeg\u00faj\u00edt\u00f3 Gazd\u00e1k Egyes\u00fclete\",\"description\":\"Talajmeg\u00faj\u00edt\u00f3 Gazd\u00e1k Egyes\u00fclete\",\"publisher\":{\"@id\":\"https:\/\/tmg.hu\/#organization\"},\"potentialAction\":[{\"@type\":\"SearchAction\",\"target\":{\"@type\":\"EntryPoint\",\"urlTemplate\":\"https:\/\/tmg.hu\/?s={search_term_string}\"},\"query-input\":{\"@type\":\"PropertyValueSpecification\",\"valueRequired\":true,\"valueName\":\"search_term_string\"}}],\"inLanguage\":\"sk-SK\"},{\"@type\":\"Organization\",\"@id\":\"https:\/\/tmg.hu\/#organization\",\"name\":\"Talajmeg\u00faj\u00edt\u00f3 Gazd\u00e1k Egyes\u00fclete\",\"url\":\"https:\/\/tmg.hu\/\",\"logo\":{\"@type\":\"ImageObject\",\"inLanguage\":\"sk-SK\",\"@id\":\"https:\/\/tmg.hu\/#\/schema\/logo\/image\/\",\"url\":\"https:\/\/tmg.hu\/wp-content\/uploads\/2024\/10\/tmg_og_logo.png\",\"contentUrl\":\"https:\/\/tmg.hu\/wp-content\/uploads\/2024\/10\/tmg_og_logo.png\",\"width\":1200,\"height\":630,\"caption\":\"Talajmeg\u00faj\u00edt\u00f3 Gazd\u00e1k Egyes\u00fclete\"},\"image\":{\"@id\":\"https:\/\/tmg.hu\/#\/schema\/logo\/image\/\"},\"sameAs\":[\"https:\/\/www.facebook.com\/tmg.egyesulet\/\",\"https:\/\/www.instagram.com\/tmg.hu\/\",\"https:\/\/www.youtube.com\/@tmg_egyesulet\"]}]}<\/script>\n<!-- \/ Yoast SEO plugin. -->","yoast_head_json":{"title":"Podporte na\u0161e zdru\u017eenie! - Zdru\u017eenie po\u013enohospod\u00e1rov za obnovu p\u00f4dy","robots":{"index":"index","follow":"follow","max-snippet":"max-snippet:-1","max-image-preview":"max-image-preview:large","max-video-preview":"max-video-preview:-1"},"canonical":"https:\/\/tmg.hu\/sk\/izby\/podporte-nase-zdruzenie\/","og_locale":"sk_SK","og_type":"article","og_title":"T\u00e1mogasd Egyes\u00fclet\u00fcnket! - Talajmeg\u00faj\u00edt\u00f3 Gazd\u00e1k Egyes\u00fclete","og_description":"Adj es\u00e9lyt a v\u00e1ltoz\u00e1sra!  K\u00e9rlek, t\u00e1mogass minket, ha Te is fontosnak tartod, hogy a gyermekeink \u00e9s az unok\u00e1ink t\u00e1ny\u00e9rj\u00e1ra is jusson falat. Olyan falat, ami \u00e9ltet \u00e9s t\u00e1pl\u00e1l.","og_url":"https:\/\/tmg.hu\/sk\/izby\/podporte-nase-zdruzenie\/","og_site_name":"Talajmeg\u00faj\u00edt\u00f3 Gazd\u00e1k Egyes\u00fclete","article_publisher":"https:\/\/www.facebook.com\/tmg.egyesulet\/","article_modified_time":"2026-04-12T08:26:26+00:00","og_image":[{"width":790,"height":687,"url":"https:\/\/tmg.hu\/wp-content\/uploads\/2024\/08\/TMG-tamogatas-rajz.png","type":"image\/png"}],"twitter_card":"summary_large_image","twitter_misc":{"Predpokladan\u00fd \u010das \u010d\u00edtania":"1 min\u00fata"},"schema":{"@context":"https:\/\/schema.org","@graph":[{"@type":"WebPage","@id":"https:\/\/tmg.hu\/termek\/tamogasd-egyesuletunket\/","url":"https:\/\/tmg.hu\/termek\/tamogasd-egyesuletunket\/","name":"Podporte na\u0161e zdru\u017eenie! - Zdru\u017eenie po\u013enohospod\u00e1rov za obnovu p\u00f4dy","isPartOf":{"@id":"https:\/\/tmg.hu\/#website"},"primaryImageOfPage":{"@id":"https:\/\/tmg.hu\/termek\/tamogasd-egyesuletunket\/#primaryimage"},"image":{"@id":"https:\/\/tmg.hu\/termek\/tamogasd-egyesuletunket\/#primaryimage"},"thumbnailUrl":"https:\/\/tmg.hu\/wp-content\/uploads\/2024\/08\/TMG-tamogatas-rajz.png","datePublished":"2025-10-17T02:51:27+00:00","dateModified":"2026-04-12T08:26:26+00:00","breadcrumb":{"@id":"https:\/\/tmg.hu\/termek\/tamogasd-egyesuletunket\/#breadcrumb"},"inLanguage":"sk-SK","potentialAction":[{"@type":"ReadAction","target":["https:\/\/tmg.hu\/termek\/tamogasd-egyesuletunket\/"]}]},{"@type":"ImageObject","inLanguage":"sk-SK","@id":"https:\/\/tmg.hu\/termek\/tamogasd-egyesuletunket\/#primaryimage","url":"https:\/\/tmg.hu\/wp-content\/uploads\/2024\/08\/TMG-tamogatas-rajz.png","contentUrl":"https:\/\/tmg.hu\/wp-content\/uploads\/2024\/08\/TMG-tamogatas-rajz.png","width":790,"height":687},{"@type":"BreadcrumbList","@id":"https:\/\/tmg.hu\/termek\/tamogasd-egyesuletunket\/#breadcrumb","itemListElement":[{"@type":"ListItem","position":1,"name":"Home","item":"https:\/\/tmg.hu\/"},{"@type":"ListItem","position":2,"name":"Webshop","item":"https:\/\/tmg.hu\/webshop\/"},{"@type":"ListItem","position":3,"name":"T\u00e1mogasd Egyes\u00fclet\u00fcnket!"}]},{"@type":"WebSite","@id":"https:\/\/tmg.hu\/#website","url":"https:\/\/tmg.hu\/","name":"TMG - Zdru\u017eenie po\u013enohospod\u00e1rov pre obnovu p\u00f4dy","description":"Zdru\u017eenie po\u013enohospod\u00e1rov pre obnovu p\u00f4dy","publisher":{"@id":"https:\/\/tmg.hu\/#organization"},"potentialAction":[{"@type":"SearchAction","target":{"@type":"EntryPoint","urlTemplate":"https:\/\/tmg.hu\/?s={search_term_string}"},"query-input":{"@type":"PropertyValueSpecification","valueRequired":true,"valueName":"search_term_string"}}],"inLanguage":"sk-SK"},{"@type":"Organization","@id":"https:\/\/tmg.hu\/#organization","name":"Zdru\u017eenie po\u013enohospod\u00e1rov pre obnovu p\u00f4dy","url":"https:\/\/tmg.hu\/","logo":{"@type":"ImageObject","inLanguage":"sk-SK","@id":"https:\/\/tmg.hu\/#\/schema\/logo\/image\/","url":"https:\/\/tmg.hu\/wp-content\/uploads\/2024\/10\/tmg_og_logo.png","contentUrl":"https:\/\/tmg.hu\/wp-content\/uploads\/2024\/10\/tmg_og_logo.png","width":1200,"height":630,"caption":"Talajmeg\u00faj\u00edt\u00f3 Gazd\u00e1k Egyes\u00fclete"},"image":{"@id":"https:\/\/tmg.hu\/#\/schema\/logo\/image\/"},"sameAs":["https:\/\/www.facebook.com\/tmg.egyesulet\/","https:\/\/www.instagram.com\/tmg.hu\/","https:\/\/www.youtube.com\/@tmg_egyesulet"]}]}},"_links":{"self":[{"href":"https:\/\/tmg.hu\/sk\/wp-json\/wp\/v2\/product\/10410","targetHints":{"allow":["GET"]}}],"collection":[{"href":"https:\/\/tmg.hu\/sk\/wp-json\/wp\/v2\/product"}],"about":[{"href":"https:\/\/tmg.hu\/sk\/wp-json\/wp\/v2\/types\/product"}],"wp:featuredmedia":[{"embeddable":true,"href":"https:\/\/tmg.hu\/sk\/wp-json\/wp\/v2\/media\/6555"}],"wp:attachment":[{"href":"https:\/\/tmg.hu\/sk\/wp-json\/wp\/v2\/media?parent=10410"}],"wp:term":[{"taxonomy":"product_brand","embeddable":true,"href":"https:\/\/tmg.hu\/sk\/wp-json\/wp\/v2\/product_brand?post=10410"},{"taxonomy":"product_cat","embeddable":true,"href":"https:\/\/tmg.hu\/sk\/wp-json\/wp\/v2\/product_cat?post=10410"},{"taxonomy":"product_tag","embeddable":true,"href":"https:\/\/tmg.hu\/sk\/wp-json\/wp\/v2\/product_tag?post=10410"}],"curies":[{"name":"wp","href":"https:\/\/api.w.org\/{rel}","templated":true}]}}