{"id":10302,"date":"2025-07-10T02:46:10","date_gmt":"2025-07-10T00:46:10","guid":{"rendered":"https:\/\/tmg.hu\/?post_type=product&#038;p=10302"},"modified":"2025-07-11T13:51:25","modified_gmt":"2025-07-11T11:51:25","slug":"jean-francois-berthellot-dva-dni-konferencie-react-8-groundelet","status":"publish","type":"product","link":"https:\/\/tmg.hu\/sk\/izby\/jean-francois-berthellot-dva-dni-konferencie-react-8-groundelet\/","title":{"rendered":"Dva workshopy Jeana-Fran\u00e7oisa Berthellota - 8. konferencia REAG o \u017eivote p\u00f4dy"},"content":{"rendered":"<p>Jeden z najp\u00f4sobivej\u0161\u00edch semin\u00e1rov 8. konferencie TMG REAG Soil Life je teraz k dispoz\u00edcii na videu! Franc\u00fazsky farm\u00e1r Jean-Fran\u00e7ois Berthellot po\u010das dvoch dn\u00ed predniesol h\u013abkov\u00e9 praktick\u00e9 poznatky, ktor\u00e9 sa na mieste stretli s mimoriadnym z\u00e1ujmom \u00fa\u010dastn\u00edkov.<\/p>\n<p>Tento materi\u00e1l nebol zahrnut\u00fd do ofici\u00e1lnych z\u00e1znamov z konferencie, ke\u010f\u017ee na t\u00fato platformu boli nahran\u00e9 len prezent\u00e1cie z predn\u00e1\u0161kov\u00fdch s\u00e1l. Nemohli si ho teda pozrie\u0165 ani t\u00ed, ktor\u00ed si zak\u00fapili vstupenky alebo samostatne bal\u00ed\u010dek predn\u00e1\u0161ok.<\/p>\n<p>Tento dvojd\u0148ov\u00fd vysoko informat\u00edvny semin\u00e1r je v\u0161ak teraz k dispoz\u00edcii v\u0161etk\u00fdm z\u00e1ujemcom!<\/p>\n<p><strong>Obsah balenia:<\/strong><\/p>\n<p>\ud83d\udcc5 <strong>17.01.2025 - Piatkov\u00fd workshop<\/strong><br \/>\n<em>Stav diverzity p\u0161enice, dostupnos\u0165 osiva, nov\u00e1 defin\u00edcia diverzity - pr\u00edpadov\u00e1 \u0161t\u00fadia spolo\u010denstva<\/em><\/p>\n<p>\ud83d\udcc5 <strong>18.01.2025 - sobotn\u00fd workshop<\/strong><br \/>\n<em>V\u00fdvoj v\u00fdberov\u00fdch krit\u00e9ri\u00ed, metodika v\u00fdberu na dosiahnutie po\u017eadovan\u00fdch v\u00fdsledkov<\/em><\/p>\n<table style=\"border-collapse: collapse; width: 100%;\" border=\"1\">\n<tbody>\n<tr>\n<td style=\"width: 100%;\">\n<p style=\"text-align: center;\">K\u00fapte si videomateri\u00e1l prostredn\u00edctvom n\u00e1\u0161ho internetov\u00e9ho obchodu.<br \/>\nDo nieko\u013ek\u00fdch dn\u00ed po zaplaten\u00ed v\u00e1m za\u0161leme e-mail s heslom na pr\u00edstup na str\u00e1nku.<\/p>\n<\/td>\n<\/tr>\n<\/tbody>\n<\/table>\n<p>&nbsp;<\/p>\n<p><strong>Jean-Fran\u00e7ois Berthellot \ud83c\uddeb\ud83c\uddf7<\/strong><\/p>\n<p>Poch\u00e1dza z ro\u013en\u00edckej rodiny a po \u0161t\u00fadiu po\u013enohospod\u00e1rstva za\u010dal spolu s man\u017eelkou v roku 1983 biologicky a biologicko-dynamicky hospod\u00e1ri\u0165. Za\u010dali pestova\u0165 zeleninu, potom pre\u0161li na pestovanie po\u013enohospod\u00e1rskych plod\u00edn a \u010doskoro za\u010dali spracov\u00e1va\u0165 vlastn\u00e9 obilie, najprv na chlieb a potom na \u010derstv\u00e9 cesto v pek\u00e1rni na farme.<\/p>\n<p>Od jej zalo\u017eenia v roku 2003 sa akt\u00edvne podie\u013ea na rozvoji n\u00e1rodnej organiz\u00e1cie R\u00e9seaux Semences-Paysannes (Sie\u0165 ro\u013en\u00edckych os\u00edv), ktorej \u010dlenom spr\u00e1vnej rady je u\u017e viac ako 15 rokov. Po\u010das t\u00fdchto rokov sa s t\u00edmom N\u00e1rodn\u00e9ho in\u0161tit\u00fatu pre po\u013enohospod\u00e1rsky a environment\u00e1lny v\u00fdskum (INRAE) akt\u00edvne zapojil do viacer\u00fdch eur\u00f3pskych programov participat\u00edvneho \u0161\u013eachtenia. Cie\u013eom t\u00fdchto programov bol v\u00fdber dynamick\u00fdch evolu\u010dn\u00fdch popul\u00e1ci\u00ed, ktor\u00e9 dnes tvoria napr\u00edklad z\u00e1klad zmes\u00ed obiln\u00edn, ktor\u00e9 vysieva.<\/p>\n<p>Jeho chlieb m\u00e1 vysok\u00fa v\u00fd\u017eivov\u00fa hodnotu, je zdrav\u00fd a vyroben\u00fd zo zmesi semien, ktor\u00e1 je dobre prisp\u00f4soben\u00e1 vlastn\u00e9mu aj miestnemu prostrediu a pestovate\u013esk\u00fdm postupom.<\/p>","protected":false},"excerpt":{"rendered":"<p>Jeden z najp\u00f4sobivej\u0161\u00edch semin\u00e1rov 8. konferencie TMG REAG Soil Life je teraz k dispoz\u00edcii na videu! Franc\u00fazsky farm\u00e1r Jean-Fran\u00e7ois Berthellot po\u010das dvoch dn\u00ed predniesol h\u013abkov\u00e9 praktick\u00e9 poznatky, ktor\u00e9 sa na mieste stretli s mimoriadnym z\u00e1ujmom \u00fa\u010dastn\u00edkov.<\/p>","protected":false},"featured_media":10303,"template":"","meta":[],"product_brand":[],"product_cat":[70],"product_tag":[],"class_list":{"0":"post-10302","1":"product","2":"type-product","3":"status-publish","4":"has-post-thumbnail","6":"product_cat-videok","8":"first","9":"instock","10":"virtual","11":"taxable","12":"purchasable","13":"product-type-simple"},"bundled_by":[],"bundle_stock_status":"instock","bundle_stock_quantity":null,"bundle_virtual":false,"bundle_layout":"","bundle_add_to_cart_form_location":"","bundle_editable_in_cart":false,"bundle_sold_individually_context":"","bundle_item_grouping":"","bundle_min_size":"","bundle_max_size":"","bundle_price":[],"bundled_items":[],"bundle_sell_ids":[],"yoast_head":"<!-- This site is optimized with the Yoast SEO plugin v26.6 - https:\/\/yoast.com\/wordpress\/plugins\/seo\/ -->\n<title>Jean-Fran\u00e7ois Berthellot k\u00e9t m\u0171helynapja \u2013 REAG 8. Talaj\u00e9let Konferencia - Talajmeg\u00faj\u00edt\u00f3 Gazd\u00e1k Egyes\u00fclete<\/title>\n<meta name=\"robots\" content=\"index, follow, max-snippet:-1, max-image-preview:large, max-video-preview:-1\" \/>\n<link rel=\"canonical\" href=\"http:\/\/tmg.hu\/sk\/izby\/jean-francois-berthellot-dva-dni-konferencie-react-8-groundelet\/\" \/>\n<meta property=\"og:locale\" content=\"sk_SK\" \/>\n<meta property=\"og:type\" content=\"article\" \/>\n<meta property=\"og:title\" content=\"Jean-Fran\u00e7ois Berthellot k\u00e9t m\u0171helynapja \u2013 REAG 8. Talaj\u00e9let Konferencia - Talajmeg\u00faj\u00edt\u00f3 Gazd\u00e1k Egyes\u00fclete\" \/>\n<meta property=\"og:description\" content=\"A TMG REAG 8. Talaj\u00e9let Konferencia egyik legnagyobb hat\u00e1s\u00fa m\u0171helye most el\u00e9rhet\u0151 vide\u00f3n! Jean-Fran\u00e7ois Berthellot francia gazda k\u00e9t napon \u00e1t tartott m\u00e9lyrehat\u00f3, gyakorlati tud\u00e1st ad\u00f3 foglalkoz\u00e1st, amelyet a helysz\u00edni r\u00e9sztvev\u0151k rendk\u00edv\u00fcli \u00e9rdekl\u0151d\u00e9se \u00f6vezett.\" \/>\n<meta property=\"og:url\" content=\"http:\/\/tmg.hu\/sk\/izby\/jean-francois-berthellot-dva-dni-konferencie-react-8-groundelet\/\" \/>\n<meta property=\"og:site_name\" content=\"Talajmeg\u00faj\u00edt\u00f3 Gazd\u00e1k Egyes\u00fclete\" \/>\n<meta property=\"article:publisher\" content=\"https:\/\/www.facebook.com\/tmg.egyesulet\/\" \/>\n<meta property=\"article:modified_time\" content=\"2025-07-11T11:51:25+00:00\" \/>\n<meta property=\"og:image\" content=\"https:\/\/tmg.hu\/wp-content\/uploads\/2025\/07\/fokep-Jean-Francois.png\" \/>\n\t<meta property=\"og:image:width\" content=\"768\" \/>\n\t<meta property=\"og:image:height\" content=\"511\" \/>\n\t<meta property=\"og:image:type\" content=\"image\/png\" \/>\n<meta name=\"twitter:card\" content=\"summary_large_image\" \/>\n<meta name=\"twitter:label1\" content=\"Predpokladan\u00fd \u010das \u010d\u00edtania\" \/>\n\t<meta name=\"twitter:data1\" content=\"2 min\u00faty\" \/>\n<script type=\"application\/ld+json\" class=\"yoast-schema-graph\">{\"@context\":\"https:\/\/schema.org\",\"@graph\":[{\"@type\":\"WebPage\",\"@id\":\"http:\/\/tmg.hu\/uk\/%d0%ba%d1%96%d0%bc%d0%bd%d0%b0%d1%82%d0%b8\/%d0%b6%d0%b0%d0%bd-%d1%84%d1%80%d0%b0%d0%bd%d1%81%d1%83%d0%b0-%d0%b1%d0%b5%d1%80%d1%82%d0%b5%d0%bb%d0%be-%d0%b4%d0%b2%d0%b0-%d0%b4%d0%bd%d1%96-%d0%ba%d0%be%d0%bd%d1%84%d0%b5%d1%80%d0%b5%d0%bd%d1%86\/\",\"url\":\"http:\/\/tmg.hu\/uk\/%d0%ba%d1%96%d0%bc%d0%bd%d0%b0%d1%82%d0%b8\/%d0%b6%d0%b0%d0%bd-%d1%84%d1%80%d0%b0%d0%bd%d1%81%d1%83%d0%b0-%d0%b1%d0%b5%d1%80%d1%82%d0%b5%d0%bb%d0%be-%d0%b4%d0%b2%d0%b0-%d0%b4%d0%bd%d1%96-%d0%ba%d0%be%d0%bd%d1%84%d0%b5%d1%80%d0%b5%d0%bd%d1%86\/\",\"name\":\"Jean-Fran\u00e7ois Berthellot k\u00e9t m\u0171helynapja \u2013 REAG 8. Talaj\u00e9let Konferencia - Talajmeg\u00faj\u00edt\u00f3 Gazd\u00e1k Egyes\u00fclete\",\"isPartOf\":{\"@id\":\"https:\/\/tmg.hu\/#website\"},\"primaryImageOfPage\":{\"@id\":\"http:\/\/tmg.hu\/uk\/%d0%ba%d1%96%d0%bc%d0%bd%d0%b0%d1%82%d0%b8\/%d0%b6%d0%b0%d0%bd-%d1%84%d1%80%d0%b0%d0%bd%d1%81%d1%83%d0%b0-%d0%b1%d0%b5%d1%80%d1%82%d0%b5%d0%bb%d0%be-%d0%b4%d0%b2%d0%b0-%d0%b4%d0%bd%d1%96-%d0%ba%d0%be%d0%bd%d1%84%d0%b5%d1%80%d0%b5%d0%bd%d1%86\/#primaryimage\"},\"image\":{\"@id\":\"http:\/\/tmg.hu\/uk\/%d0%ba%d1%96%d0%bc%d0%bd%d0%b0%d1%82%d0%b8\/%d0%b6%d0%b0%d0%bd-%d1%84%d1%80%d0%b0%d0%bd%d1%81%d1%83%d0%b0-%d0%b1%d0%b5%d1%80%d1%82%d0%b5%d0%bb%d0%be-%d0%b4%d0%b2%d0%b0-%d0%b4%d0%bd%d1%96-%d0%ba%d0%be%d0%bd%d1%84%d0%b5%d1%80%d0%b5%d0%bd%d1%86\/#primaryimage\"},\"thumbnailUrl\":\"https:\/\/tmg.hu\/wp-content\/uploads\/2025\/07\/fokep-Jean-Francois.png\",\"datePublished\":\"2025-07-10T00:46:10+00:00\",\"dateModified\":\"2025-07-11T11:51:25+00:00\",\"breadcrumb\":{\"@id\":\"http:\/\/tmg.hu\/uk\/%d0%ba%d1%96%d0%bc%d0%bd%d0%b0%d1%82%d0%b8\/%d0%b6%d0%b0%d0%bd-%d1%84%d1%80%d0%b0%d0%bd%d1%81%d1%83%d0%b0-%d0%b1%d0%b5%d1%80%d1%82%d0%b5%d0%bb%d0%be-%d0%b4%d0%b2%d0%b0-%d0%b4%d0%bd%d1%96-%d0%ba%d0%be%d0%bd%d1%84%d0%b5%d1%80%d0%b5%d0%bd%d1%86\/#breadcrumb\"},\"inLanguage\":\"sk-SK\",\"potentialAction\":[{\"@type\":\"ReadAction\",\"target\":[\"http:\/\/tmg.hu\/uk\/%d0%ba%d1%96%d0%bc%d0%bd%d0%b0%d1%82%d0%b8\/%d0%b6%d0%b0%d0%bd-%d1%84%d1%80%d0%b0%d0%bd%d1%81%d1%83%d0%b0-%d0%b1%d0%b5%d1%80%d1%82%d0%b5%d0%bb%d0%be-%d0%b4%d0%b2%d0%b0-%d0%b4%d0%bd%d1%96-%d0%ba%d0%be%d0%bd%d1%84%d0%b5%d1%80%d0%b5%d0%bd%d1%86\/\"]}]},{\"@type\":\"ImageObject\",\"inLanguage\":\"sk-SK\",\"@id\":\"http:\/\/tmg.hu\/uk\/%d0%ba%d1%96%d0%bc%d0%bd%d0%b0%d1%82%d0%b8\/%d0%b6%d0%b0%d0%bd-%d1%84%d1%80%d0%b0%d0%bd%d1%81%d1%83%d0%b0-%d0%b1%d0%b5%d1%80%d1%82%d0%b5%d0%bb%d0%be-%d0%b4%d0%b2%d0%b0-%d0%b4%d0%bd%d1%96-%d0%ba%d0%be%d0%bd%d1%84%d0%b5%d1%80%d0%b5%d0%bd%d1%86\/#primaryimage\",\"url\":\"https:\/\/tmg.hu\/wp-content\/uploads\/2025\/07\/fokep-Jean-Francois.png\",\"contentUrl\":\"https:\/\/tmg.hu\/wp-content\/uploads\/2025\/07\/fokep-Jean-Francois.png\",\"width\":768,\"height\":511},{\"@type\":\"BreadcrumbList\",\"@id\":\"http:\/\/tmg.hu\/uk\/%d0%ba%d1%96%d0%bc%d0%bd%d0%b0%d1%82%d0%b8\/%d0%b6%d0%b0%d0%bd-%d1%84%d1%80%d0%b0%d0%bd%d1%81%d1%83%d0%b0-%d0%b1%d0%b5%d1%80%d1%82%d0%b5%d0%bb%d0%be-%d0%b4%d0%b2%d0%b0-%d0%b4%d0%bd%d1%96-%d0%ba%d0%be%d0%bd%d1%84%d0%b5%d1%80%d0%b5%d0%bd%d1%86\/#breadcrumb\",\"itemListElement\":[{\"@type\":\"ListItem\",\"position\":1,\"name\":\"Home\",\"item\":\"https:\/\/tmg.hu\/\"},{\"@type\":\"ListItem\",\"position\":2,\"name\":\"Webshop\",\"item\":\"https:\/\/tmg.hu\/webshop\/\"},{\"@type\":\"ListItem\",\"position\":3,\"name\":\"Jean-Fran\u00e7ois Berthellot k\u00e9t m\u0171helynapja \u2013 REAG 8. Talaj\u00e9let Konferencia\"}]},{\"@type\":\"WebSite\",\"@id\":\"https:\/\/tmg.hu\/#website\",\"url\":\"https:\/\/tmg.hu\/\",\"name\":\"TMG - Talajmeg\u00faj\u00edt\u00f3 Gazd\u00e1k Egyes\u00fclete\",\"description\":\"Talajmeg\u00faj\u00edt\u00f3 Gazd\u00e1k Egyes\u00fclete\",\"publisher\":{\"@id\":\"https:\/\/tmg.hu\/#organization\"},\"potentialAction\":[{\"@type\":\"SearchAction\",\"target\":{\"@type\":\"EntryPoint\",\"urlTemplate\":\"https:\/\/tmg.hu\/?s={search_term_string}\"},\"query-input\":{\"@type\":\"PropertyValueSpecification\",\"valueRequired\":true,\"valueName\":\"search_term_string\"}}],\"inLanguage\":\"sk-SK\"},{\"@type\":\"Organization\",\"@id\":\"https:\/\/tmg.hu\/#organization\",\"name\":\"Talajmeg\u00faj\u00edt\u00f3 Gazd\u00e1k Egyes\u00fclete\",\"url\":\"https:\/\/tmg.hu\/\",\"logo\":{\"@type\":\"ImageObject\",\"inLanguage\":\"sk-SK\",\"@id\":\"https:\/\/tmg.hu\/#\/schema\/logo\/image\/\",\"url\":\"https:\/\/tmg.hu\/wp-content\/uploads\/2024\/10\/tmg_og_logo.png\",\"contentUrl\":\"https:\/\/tmg.hu\/wp-content\/uploads\/2024\/10\/tmg_og_logo.png\",\"width\":1200,\"height\":630,\"caption\":\"Talajmeg\u00faj\u00edt\u00f3 Gazd\u00e1k Egyes\u00fclete\"},\"image\":{\"@id\":\"https:\/\/tmg.hu\/#\/schema\/logo\/image\/\"},\"sameAs\":[\"https:\/\/www.facebook.com\/tmg.egyesulet\/\",\"https:\/\/www.instagram.com\/tmg.hu\/\",\"https:\/\/www.youtube.com\/@tmg_egyesulet\"]}]}<\/script>\n<!-- \/ Yoast SEO plugin. -->","yoast_head_json":{"title":"Dva semin\u00e1re Jean-Fran\u00e7oisa Berthellota - 8. konferencia REAG o \u017eivote p\u00f4dy - Zdru\u017eenie po\u013enohospod\u00e1rov pre obnovu p\u00f4dy","robots":{"index":"index","follow":"follow","max-snippet":"max-snippet:-1","max-image-preview":"max-image-preview:large","max-video-preview":"max-video-preview:-1"},"canonical":"http:\/\/tmg.hu\/sk\/izby\/jean-francois-berthellot-dva-dni-konferencie-react-8-groundelet\/","og_locale":"sk_SK","og_type":"article","og_title":"Jean-Fran\u00e7ois Berthellot k\u00e9t m\u0171helynapja \u2013 REAG 8. Talaj\u00e9let Konferencia - Talajmeg\u00faj\u00edt\u00f3 Gazd\u00e1k Egyes\u00fclete","og_description":"A TMG REAG 8. Talaj\u00e9let Konferencia egyik legnagyobb hat\u00e1s\u00fa m\u0171helye most el\u00e9rhet\u0151 vide\u00f3n! Jean-Fran\u00e7ois Berthellot francia gazda k\u00e9t napon \u00e1t tartott m\u00e9lyrehat\u00f3, gyakorlati tud\u00e1st ad\u00f3 foglalkoz\u00e1st, amelyet a helysz\u00edni r\u00e9sztvev\u0151k rendk\u00edv\u00fcli \u00e9rdekl\u0151d\u00e9se \u00f6vezett.","og_url":"http:\/\/tmg.hu\/sk\/izby\/jean-francois-berthellot-dva-dni-konferencie-react-8-groundelet\/","og_site_name":"Talajmeg\u00faj\u00edt\u00f3 Gazd\u00e1k Egyes\u00fclete","article_publisher":"https:\/\/www.facebook.com\/tmg.egyesulet\/","article_modified_time":"2025-07-11T11:51:25+00:00","og_image":[{"width":768,"height":511,"url":"https:\/\/tmg.hu\/wp-content\/uploads\/2025\/07\/fokep-Jean-Francois.png","type":"image\/png"}],"twitter_card":"summary_large_image","twitter_misc":{"Predpokladan\u00fd \u010das \u010d\u00edtania":"2 min\u00faty"},"schema":{"@context":"https:\/\/schema.org","@graph":[{"@type":"WebPage","@id":"http:\/\/tmg.hu\/uk\/%d0%ba%d1%96%d0%bc%d0%bd%d0%b0%d1%82%d0%b8\/%d0%b6%d0%b0%d0%bd-%d1%84%d1%80%d0%b0%d0%bd%d1%81%d1%83%d0%b0-%d0%b1%d0%b5%d1%80%d1%82%d0%b5%d0%bb%d0%be-%d0%b4%d0%b2%d0%b0-%d0%b4%d0%bd%d1%96-%d0%ba%d0%be%d0%bd%d1%84%d0%b5%d1%80%d0%b5%d0%bd%d1%86\/","url":"http:\/\/tmg.hu\/uk\/%d0%ba%d1%96%d0%bc%d0%bd%d0%b0%d1%82%d0%b8\/%d0%b6%d0%b0%d0%bd-%d1%84%d1%80%d0%b0%d0%bd%d1%81%d1%83%d0%b0-%d0%b1%d0%b5%d1%80%d1%82%d0%b5%d0%bb%d0%be-%d0%b4%d0%b2%d0%b0-%d0%b4%d0%bd%d1%96-%d0%ba%d0%be%d0%bd%d1%84%d0%b5%d1%80%d0%b5%d0%bd%d1%86\/","name":"Dva semin\u00e1re Jean-Fran\u00e7oisa Berthellota - 8. konferencia REAG o \u017eivote p\u00f4dy - Zdru\u017eenie po\u013enohospod\u00e1rov pre obnovu p\u00f4dy","isPartOf":{"@id":"https:\/\/tmg.hu\/#website"},"primaryImageOfPage":{"@id":"http:\/\/tmg.hu\/uk\/%d0%ba%d1%96%d0%bc%d0%bd%d0%b0%d1%82%d0%b8\/%d0%b6%d0%b0%d0%bd-%d1%84%d1%80%d0%b0%d0%bd%d1%81%d1%83%d0%b0-%d0%b1%d0%b5%d1%80%d1%82%d0%b5%d0%bb%d0%be-%d0%b4%d0%b2%d0%b0-%d0%b4%d0%bd%d1%96-%d0%ba%d0%be%d0%bd%d1%84%d0%b5%d1%80%d0%b5%d0%bd%d1%86\/#primaryimage"},"image":{"@id":"http:\/\/tmg.hu\/uk\/%d0%ba%d1%96%d0%bc%d0%bd%d0%b0%d1%82%d0%b8\/%d0%b6%d0%b0%d0%bd-%d1%84%d1%80%d0%b0%d0%bd%d1%81%d1%83%d0%b0-%d0%b1%d0%b5%d1%80%d1%82%d0%b5%d0%bb%d0%be-%d0%b4%d0%b2%d0%b0-%d0%b4%d0%bd%d1%96-%d0%ba%d0%be%d0%bd%d1%84%d0%b5%d1%80%d0%b5%d0%bd%d1%86\/#primaryimage"},"thumbnailUrl":"https:\/\/tmg.hu\/wp-content\/uploads\/2025\/07\/fokep-Jean-Francois.png","datePublished":"2025-07-10T00:46:10+00:00","dateModified":"2025-07-11T11:51:25+00:00","breadcrumb":{"@id":"http:\/\/tmg.hu\/uk\/%d0%ba%d1%96%d0%bc%d0%bd%d0%b0%d1%82%d0%b8\/%d0%b6%d0%b0%d0%bd-%d1%84%d1%80%d0%b0%d0%bd%d1%81%d1%83%d0%b0-%d0%b1%d0%b5%d1%80%d1%82%d0%b5%d0%bb%d0%be-%d0%b4%d0%b2%d0%b0-%d0%b4%d0%bd%d1%96-%d0%ba%d0%be%d0%bd%d1%84%d0%b5%d1%80%d0%b5%d0%bd%d1%86\/#breadcrumb"},"inLanguage":"sk-SK","potentialAction":[{"@type":"ReadAction","target":["http:\/\/tmg.hu\/uk\/%d0%ba%d1%96%d0%bc%d0%bd%d0%b0%d1%82%d0%b8\/%d0%b6%d0%b0%d0%bd-%d1%84%d1%80%d0%b0%d0%bd%d1%81%d1%83%d0%b0-%d0%b1%d0%b5%d1%80%d1%82%d0%b5%d0%bb%d0%be-%d0%b4%d0%b2%d0%b0-%d0%b4%d0%bd%d1%96-%d0%ba%d0%be%d0%bd%d1%84%d0%b5%d1%80%d0%b5%d0%bd%d1%86\/"]}]},{"@type":"ImageObject","inLanguage":"sk-SK","@id":"http:\/\/tmg.hu\/uk\/%d0%ba%d1%96%d0%bc%d0%bd%d0%b0%d1%82%d0%b8\/%d0%b6%d0%b0%d0%bd-%d1%84%d1%80%d0%b0%d0%bd%d1%81%d1%83%d0%b0-%d0%b1%d0%b5%d1%80%d1%82%d0%b5%d0%bb%d0%be-%d0%b4%d0%b2%d0%b0-%d0%b4%d0%bd%d1%96-%d0%ba%d0%be%d0%bd%d1%84%d0%b5%d1%80%d0%b5%d0%bd%d1%86\/#primaryimage","url":"https:\/\/tmg.hu\/wp-content\/uploads\/2025\/07\/fokep-Jean-Francois.png","contentUrl":"https:\/\/tmg.hu\/wp-content\/uploads\/2025\/07\/fokep-Jean-Francois.png","width":768,"height":511},{"@type":"BreadcrumbList","@id":"http:\/\/tmg.hu\/uk\/%d0%ba%d1%96%d0%bc%d0%bd%d0%b0%d1%82%d0%b8\/%d0%b6%d0%b0%d0%bd-%d1%84%d1%80%d0%b0%d0%bd%d1%81%d1%83%d0%b0-%d0%b1%d0%b5%d1%80%d1%82%d0%b5%d0%bb%d0%be-%d0%b4%d0%b2%d0%b0-%d0%b4%d0%bd%d1%96-%d0%ba%d0%be%d0%bd%d1%84%d0%b5%d1%80%d0%b5%d0%bd%d1%86\/#breadcrumb","itemListElement":[{"@type":"ListItem","position":1,"name":"Home","item":"https:\/\/tmg.hu\/"},{"@type":"ListItem","position":2,"name":"Webshop","item":"https:\/\/tmg.hu\/webshop\/"},{"@type":"ListItem","position":3,"name":"Jean-Fran\u00e7ois Berthellot k\u00e9t m\u0171helynapja \u2013 REAG 8. Talaj\u00e9let Konferencia"}]},{"@type":"WebSite","@id":"https:\/\/tmg.hu\/#website","url":"https:\/\/tmg.hu\/","name":"TMG - Zdru\u017eenie po\u013enohospod\u00e1rov pre obnovu p\u00f4dy","description":"Zdru\u017eenie po\u013enohospod\u00e1rov pre obnovu p\u00f4dy","publisher":{"@id":"https:\/\/tmg.hu\/#organization"},"potentialAction":[{"@type":"SearchAction","target":{"@type":"EntryPoint","urlTemplate":"https:\/\/tmg.hu\/?s={search_term_string}"},"query-input":{"@type":"PropertyValueSpecification","valueRequired":true,"valueName":"search_term_string"}}],"inLanguage":"sk-SK"},{"@type":"Organization","@id":"https:\/\/tmg.hu\/#organization","name":"Zdru\u017eenie po\u013enohospod\u00e1rov pre obnovu p\u00f4dy","url":"https:\/\/tmg.hu\/","logo":{"@type":"ImageObject","inLanguage":"sk-SK","@id":"https:\/\/tmg.hu\/#\/schema\/logo\/image\/","url":"https:\/\/tmg.hu\/wp-content\/uploads\/2024\/10\/tmg_og_logo.png","contentUrl":"https:\/\/tmg.hu\/wp-content\/uploads\/2024\/10\/tmg_og_logo.png","width":1200,"height":630,"caption":"Talajmeg\u00faj\u00edt\u00f3 Gazd\u00e1k Egyes\u00fclete"},"image":{"@id":"https:\/\/tmg.hu\/#\/schema\/logo\/image\/"},"sameAs":["https:\/\/www.facebook.com\/tmg.egyesulet\/","https:\/\/www.instagram.com\/tmg.hu\/","https:\/\/www.youtube.com\/@tmg_egyesulet"]}]}},"_links":{"self":[{"href":"https:\/\/tmg.hu\/sk\/wp-json\/wp\/v2\/product\/10302","targetHints":{"allow":["GET"]}}],"collection":[{"href":"https:\/\/tmg.hu\/sk\/wp-json\/wp\/v2\/product"}],"about":[{"href":"https:\/\/tmg.hu\/sk\/wp-json\/wp\/v2\/types\/product"}],"wp:featuredmedia":[{"embeddable":true,"href":"https:\/\/tmg.hu\/sk\/wp-json\/wp\/v2\/media\/10303"}],"wp:attachment":[{"href":"https:\/\/tmg.hu\/sk\/wp-json\/wp\/v2\/media?parent=10302"}],"wp:term":[{"taxonomy":"product_brand","embeddable":true,"href":"https:\/\/tmg.hu\/sk\/wp-json\/wp\/v2\/product_brand?post=10302"},{"taxonomy":"product_cat","embeddable":true,"href":"https:\/\/tmg.hu\/sk\/wp-json\/wp\/v2\/product_cat?post=10302"},{"taxonomy":"product_tag","embeddable":true,"href":"https:\/\/tmg.hu\/sk\/wp-json\/wp\/v2\/product_tag?post=10302"}],"curies":[{"name":"wp","href":"https:\/\/api.w.org\/{rel}","templated":true}]}}