{"id":6297,"date":"2024-08-05T04:14:10","date_gmt":"2024-08-05T02:14:10","guid":{"rendered":"https:\/\/tmg.devlocal\/?page_id=6297"},"modified":"2025-04-10T16:02:44","modified_gmt":"2025-04-10T14:02:44","slug":"udalosti","status":"publish","type":"page","link":"https:\/\/tmg.hu\/sk\/udalosti\/","title":{"rendered":"Podujatia"},"content":{"rendered":"<div data-elementor-type=\"wp-page\" data-elementor-id=\"6297\" class=\"elementor elementor-6297\" data-elementor-post-type=\"page\">\n\t\t\t\t\t\t<section class=\"elementor-section elementor-top-section elementor-element elementor-element-475eeb7 elementor-section-full_width elementor-section-height-default elementor-section-height-default\" data-id=\"475eeb7\" data-element_type=\"section\" data-settings=\"{&quot;background_background&quot;:&quot;classic&quot;}\">\n\t\t\t\t\t\t<div class=\"elementor-container elementor-column-gap-default\">\n\t\t\t\t\t<div class=\"elementor-column elementor-col-100 elementor-top-column elementor-element elementor-element-10b7858\" data-id=\"10b7858\" data-element_type=\"column\">\n\t\t\t<div class=\"elementor-widget-wrap elementor-element-populated\">\n\t\t\t\t\t\t<section class=\"elementor-section elementor-inner-section elementor-element elementor-element-b9d001d elementor-section-boxed elementor-section-height-default elementor-section-height-default\" data-id=\"b9d001d\" data-element_type=\"section\">\n\t\t\t\t\t\t<div class=\"elementor-container elementor-column-gap-default\">\n\t\t\t\t\t<div class=\"elementor-column elementor-col-100 elementor-inner-column elementor-element elementor-element-25a1cf1\" data-id=\"25a1cf1\" data-element_type=\"column\">\n\t\t\t<div class=\"elementor-widget-wrap elementor-element-populated\">\n\t\t\t\t\t\t<div class=\"elementor-element elementor-element-1c465f0 elementor-widget elementor-widget-heading\" data-id=\"1c465f0\" data-element_type=\"widget\" data-widget_type=\"heading.default\">\n\t\t\t\t<div class=\"elementor-widget-container\">\n\t\t\t\t\t<h2 class=\"elementor-heading-title elementor-size-default\">Na\u0161e \u010fal\u0161ie podujatia<\/h2>\t\t\t\t<\/div>\n\t\t\t\t<\/div>\n\t\t\t\t\t<\/div>\n\t\t<\/div>\n\t\t\t\t\t<\/div>\n\t\t<\/section>\n\t\t\t\t\t<\/div>\n\t\t<\/div>\n\t\t\t\t\t<\/div>\n\t\t<\/section>\n\t\t\t\t<section class=\"elementor-section elementor-top-section elementor-element elementor-element-780bc74 elementor-section-boxed elementor-section-height-default elementor-section-height-default\" data-id=\"780bc74\" data-element_type=\"section\">\n\t\t\t\t\t\t<div class=\"elementor-container elementor-column-gap-default\">\n\t\t\t\t\t<div class=\"elementor-column elementor-col-100 elementor-top-column elementor-element elementor-element-f2a4518\" data-id=\"f2a4518\" data-element_type=\"column\">\n\t\t\t<div class=\"elementor-widget-wrap elementor-element-populated\">\n\t\t\t\t\t\t<div class=\"elementor-element elementor-element-4271ef4 elementor-widget elementor-widget-text-editor\" data-id=\"4271ef4\" data-element_type=\"widget\" data-widget_type=\"text-editor.default\">\n\t\t\t\t<div class=\"elementor-widget-container\">\n\t\t\t\t\t\n<div class=\"list-events-container py-5\">\n\n    <div class=\"d-flex justify-content-center text-uppercase mb-5\">\n\n        <a href=\"https:\/\/tmg.hu\/sk\/esemenyek\"\n           class=\"px-3\">Na\u0161e aktu\u00e1lne podujatia\n        <\/a>\n\n        <a href=\"https:\/\/tmg.hu\/sk\/korabbi-esemenyek\"\n           class=\"px-3\">Udalosti v minulosti\n        <\/a>\n\n    <\/div>\n\n\t\n\t\n        <div class=\"event-card\">\n\n            <div class=\"row py-3\">\n\n                <div class=\"col-6 col-lg-2\">\n\n                    <div class=\"d-flex flex-column justify-content-center align-items-center text-white p-3 h-100 bg-light-green\">\n\n                        <span class=\"fs-6\">\n\t\t\t\t\t\t\t2026.                        <\/span>\n\n                        <span class=\"fw-bold mb-n3\">\n\t\t\t\t\t\t\tapr\u00edl                        <\/span>\n\n                        <span class=\"font-size-huge fw-light mb-n2\">\n\t\t\t\t\t\t\t20                        <\/span>\n\n                    <\/div>\n\n                <\/div>\n\n                <div class=\"col-6 col-lg-2\">\n\n                    <div class=\"h-100\">\n\n                        <a href=\"https:\/\/tmg.hu\/sk\/udalost\/talajhasznalati-nyilt-nap-napraforgo-direktvetes-4-eves-no-till-tablan\/\">\n                            <img decoding=\"async\" class=\"h-100 w-100 object-fit-cover\"\n                                 alt=\"Talajhaszn\u00e1lati ny\u00edlt nap: napraforg\u00f3 direktvet\u00e9s 4 \u00e9ves no-till t\u00e1bl\u00e1n\"\n                                 title=\"Talajhaszn\u00e1lati ny\u00edlt nap: napraforg\u00f3 direktvet\u00e9s 4 \u00e9ves no-till t\u00e1bl\u00e1n\"\n                                 src=\"https:\/\/tmg.hu\/wp-content\/uploads\/2026\/04\/659637989_1647617589774605_4201834375434288708_n-225x300.jpg\">\n                        <\/a>\n\n                    <\/div>\n\n                <\/div>\n\n                <div class=\"col-12 col-lg-6 m-lg-0 mt-4\">\n\n                    <div class=\"d-flex flex-column\">\n\n                        <div class=\"text-start\">\n\n                            <a href=\"https:\/\/tmg.hu\/sk\/udalost\/talajhasznalati-nyilt-nap-napraforgo-direktvetes-4-eves-no-till-tablan\/\">\n                                <h5 class=\"text-uppercase fw-bold fs-6 mb-1\">\n\t\t\t\t\t\t\t\t\tTalajhaszn\u00e1lati ny\u00edlt nap: napraforg\u00f3 direktvet\u00e9s 4 \u00e9ves no-till t\u00e1bl\u00e1n                                <\/h5>\n                            <\/a>\n\n                            <p class=\"font-size-small mb-2\">\n\t\t\t\t\t\t\t\tAz esem\u00e9ny c\u00e9lja, hogy bemutassa, hogyan m\u0171k\u00f6dik a no-till rendszer homoktalajon gyakorlati p\u00e9ld\u00e1n kereszt\u00fcl, bele\u00e9rtve a napraforg\u00f3 direktvet\u00e9s\u00e9t takar\u00f3n\u00f6v\u00e9ny-\u00e1llom\u00e1nyba. Emellett \u00f6sszehasonl\u00edt\u00e1sra ker\u00fcl a talaj v\u00edzmegtart\u00f3 k\u00e9pess\u00e9ge \u00e9s \u00e1llapota egy hagyom\u00e1nyosan m\u0171velt t\u00e1bl\u00e1val, talajvizsg\u00e1latok \u00e9s szelv\u00e9nyelemz\u00e9s seg\u00edts\u00e9g\u00e9vel.                            <\/p>\n\n                        <\/div>\n\n                        <div class=\"d-flex align-items-center\">\n\n                            <img decoding=\"async\" src=\"https:\/\/tmg.hu\/wp-content\/uploads\/2024\/09\/ikonok.png\" class=\"me-2\">\n                            <span class=\"font-size-small\">\n                                GPS koordin\u00e1t\u00e1k: 46.9566651, 19.8252578                            <\/span>\n\n                        <\/div>\n\n                    <\/div>\n\n                <\/div>\n\n                <div class=\"col-2 d-lg-block d-none\">\n\n                    <div class=\"d-flex justify-content-center align-items-center h-100\">\n\n                        <a href=\"https:\/\/tmg.hu\/sk\/udalost\/talajhasznalati-nyilt-nap-napraforgo-direktvetes-4-eves-no-till-tablan\/\">\n\n                            <svg xmlns=\"http:\/\/www.w3.org\/2000\/svg\" width=\"60\" height=\"60\" fill=\"#85BA61\" class=\"bi bi-chevron-right\" viewbox=\"0 0 16 16\">\n                                <path fill-rule=\"evenodd\"\n                                      d=\"M4.646 1.646a.5.5 0 0 1 .708 0l6 6a.5.5 0 0 1 0 .708l-6 6a.5.5 0 0 1-.708-.708L10.293 8 4.646 2.354a.5.5 0 0 1 0-.708\"\/>\n                            <\/svg>\n\n                        <\/a>\n\n                    <\/div>\n\n                <\/div>\n\n            <\/div>\n\n        <\/div>\n\n\t\n<\/div>\n\t\t\t\t<p><\/p>\t\t\t\t\t\t\t\t<\/div>\n\t\t\t\t<\/div>\n\t\t\t\t\t<\/div>\n\t\t<\/div>\n\t\t\t\t\t<\/div>\n\t\t<\/section>\n\t\t\t\t<\/div>","protected":false},"excerpt":{"rendered":"<p>Na\u0161e \u010fal\u0161ie podujatia<\/p>","protected":false},"author":141,"featured_media":0,"parent":0,"menu_order":0,"comment_status":"closed","ping_status":"closed","template":"elementor_header_footer","meta":{"footnotes":""},"class_list":["post-6297","page","type-page","status-publish","hentry"],"yoast_head":"<!-- This site is optimized with the Yoast SEO plugin v26.6 - https:\/\/yoast.com\/wordpress\/plugins\/seo\/ -->\n<title>Esem\u00e9nyek - Talajmeg\u00faj\u00edt\u00f3 Gazd\u00e1k Egyes\u00fclete<\/title>\n<meta name=\"description\" content=\"Tekintsd meg a Talajmeg\u00faj\u00edt\u00f3 Gazd\u00e1k Egyes\u00fclete \u00e1ltal szervezett kor\u00e1bbi \u00e9s aktu\u00e1lis esem\u00e9nyeket! Gyere el k\u00f6vetkez\u0151 rendezv\u00e9nyeinkre!\" \/>\n<meta name=\"robots\" content=\"index, follow, max-snippet:-1, max-image-preview:large, max-video-preview:-1\" \/>\n<link rel=\"canonical\" href=\"https:\/\/tmg.hu\/sk\/udalosti\/\" \/>\n<meta property=\"og:locale\" content=\"sk_SK\" \/>\n<meta property=\"og:type\" content=\"article\" \/>\n<meta property=\"og:title\" content=\"Esem\u00e9nyek - Talajmeg\u00faj\u00edt\u00f3 Gazd\u00e1k Egyes\u00fclete\" \/>\n<meta property=\"og:description\" content=\"Tekintsd meg a Talajmeg\u00faj\u00edt\u00f3 Gazd\u00e1k Egyes\u00fclete \u00e1ltal szervezett kor\u00e1bbi \u00e9s aktu\u00e1lis esem\u00e9nyeket! Gyere el k\u00f6vetkez\u0151 rendezv\u00e9nyeinkre!\" \/>\n<meta property=\"og:url\" content=\"https:\/\/tmg.hu\/sk\/udalosti\/\" \/>\n<meta property=\"og:site_name\" content=\"Talajmeg\u00faj\u00edt\u00f3 Gazd\u00e1k Egyes\u00fclete\" \/>\n<meta property=\"article:publisher\" content=\"https:\/\/www.facebook.com\/tmg.egyesulet\/\" \/>\n<meta property=\"article:modified_time\" content=\"2025-04-10T14:02:44+00:00\" \/>\n<meta property=\"og:image\" content=\"https:\/\/tmg.hu\/wp-content\/uploads\/2024\/10\/tmg_og_logo.png\" \/>\n\t<meta property=\"og:image:width\" content=\"1200\" \/>\n\t<meta property=\"og:image:height\" content=\"630\" \/>\n\t<meta property=\"og:image:type\" content=\"image\/png\" \/>\n<meta name=\"twitter:card\" content=\"summary_large_image\" \/>\n<meta name=\"twitter:label1\" content=\"Predpokladan\u00fd \u010das \u010d\u00edtania\" \/>\n\t<meta name=\"twitter:data1\" content=\"1 min\u00fata\" \/>\n<script type=\"application\/ld+json\" class=\"yoast-schema-graph\">{\"@context\":\"https:\/\/schema.org\",\"@graph\":[{\"@type\":\"WebPage\",\"@id\":\"https:\/\/tmg.hu\/esemenyek\/\",\"url\":\"https:\/\/tmg.hu\/esemenyek\/\",\"name\":\"Esem\u00e9nyek - Talajmeg\u00faj\u00edt\u00f3 Gazd\u00e1k Egyes\u00fclete\",\"isPartOf\":{\"@id\":\"https:\/\/tmg.hu\/#website\"},\"datePublished\":\"2024-08-05T02:14:10+00:00\",\"dateModified\":\"2025-04-10T14:02:44+00:00\",\"description\":\"Tekintsd meg a Talajmeg\u00faj\u00edt\u00f3 Gazd\u00e1k Egyes\u00fclete \u00e1ltal szervezett kor\u00e1bbi \u00e9s aktu\u00e1lis esem\u00e9nyeket! Gyere el k\u00f6vetkez\u0151 rendezv\u00e9nyeinkre!\",\"breadcrumb\":{\"@id\":\"https:\/\/tmg.hu\/esemenyek\/#breadcrumb\"},\"inLanguage\":\"sk-SK\",\"potentialAction\":[{\"@type\":\"ReadAction\",\"target\":[\"https:\/\/tmg.hu\/esemenyek\/\"]}]},{\"@type\":\"BreadcrumbList\",\"@id\":\"https:\/\/tmg.hu\/esemenyek\/#breadcrumb\",\"itemListElement\":[{\"@type\":\"ListItem\",\"position\":1,\"name\":\"Home\",\"item\":\"https:\/\/tmg.hu\/\"},{\"@type\":\"ListItem\",\"position\":2,\"name\":\"Esem\u00e9nyek\"}]},{\"@type\":\"WebSite\",\"@id\":\"https:\/\/tmg.hu\/#website\",\"url\":\"https:\/\/tmg.hu\/\",\"name\":\"TMG - Talajmeg\u00faj\u00edt\u00f3 Gazd\u00e1k Egyes\u00fclete\",\"description\":\"Talajmeg\u00faj\u00edt\u00f3 Gazd\u00e1k Egyes\u00fclete\",\"publisher\":{\"@id\":\"https:\/\/tmg.hu\/#organization\"},\"potentialAction\":[{\"@type\":\"SearchAction\",\"target\":{\"@type\":\"EntryPoint\",\"urlTemplate\":\"https:\/\/tmg.hu\/?s={search_term_string}\"},\"query-input\":{\"@type\":\"PropertyValueSpecification\",\"valueRequired\":true,\"valueName\":\"search_term_string\"}}],\"inLanguage\":\"sk-SK\"},{\"@type\":\"Organization\",\"@id\":\"https:\/\/tmg.hu\/#organization\",\"name\":\"Talajmeg\u00faj\u00edt\u00f3 Gazd\u00e1k Egyes\u00fclete\",\"url\":\"https:\/\/tmg.hu\/\",\"logo\":{\"@type\":\"ImageObject\",\"inLanguage\":\"sk-SK\",\"@id\":\"https:\/\/tmg.hu\/#\/schema\/logo\/image\/\",\"url\":\"https:\/\/tmg.hu\/wp-content\/uploads\/2024\/10\/tmg_og_logo.png\",\"contentUrl\":\"https:\/\/tmg.hu\/wp-content\/uploads\/2024\/10\/tmg_og_logo.png\",\"width\":1200,\"height\":630,\"caption\":\"Talajmeg\u00faj\u00edt\u00f3 Gazd\u00e1k Egyes\u00fclete\"},\"image\":{\"@id\":\"https:\/\/tmg.hu\/#\/schema\/logo\/image\/\"},\"sameAs\":[\"https:\/\/www.facebook.com\/tmg.egyesulet\/\",\"https:\/\/www.instagram.com\/tmg.hu\/\",\"https:\/\/www.youtube.com\/@tmg_egyesulet\"]}]}<\/script>\n<!-- \/ Yoast SEO plugin. -->","yoast_head_json":{"title":"Podujatia - Zdru\u017eenie farm\u00e1rov pre obnovu p\u00f4dy","description":"Pozrite si minul\u00e9 a aktu\u00e1lne podujatia organizovan\u00e9 Zdru\u017een\u00edm po\u013enohospod\u00e1rov pre obnovu p\u00f4dy! Pr\u00ed\u010fte na na\u0161e \u010fal\u0161ie podujatia!","robots":{"index":"index","follow":"follow","max-snippet":"max-snippet:-1","max-image-preview":"max-image-preview:large","max-video-preview":"max-video-preview:-1"},"canonical":"https:\/\/tmg.hu\/sk\/udalosti\/","og_locale":"sk_SK","og_type":"article","og_title":"Esem\u00e9nyek - Talajmeg\u00faj\u00edt\u00f3 Gazd\u00e1k Egyes\u00fclete","og_description":"Tekintsd meg a Talajmeg\u00faj\u00edt\u00f3 Gazd\u00e1k Egyes\u00fclete \u00e1ltal szervezett kor\u00e1bbi \u00e9s aktu\u00e1lis esem\u00e9nyeket! Gyere el k\u00f6vetkez\u0151 rendezv\u00e9nyeinkre!","og_url":"https:\/\/tmg.hu\/sk\/udalosti\/","og_site_name":"Talajmeg\u00faj\u00edt\u00f3 Gazd\u00e1k Egyes\u00fclete","article_publisher":"https:\/\/www.facebook.com\/tmg.egyesulet\/","article_modified_time":"2025-04-10T14:02:44+00:00","og_image":[{"width":1200,"height":630,"url":"https:\/\/tmg.hu\/wp-content\/uploads\/2024\/10\/tmg_og_logo.png","type":"image\/png"}],"twitter_card":"summary_large_image","twitter_misc":{"Predpokladan\u00fd \u010das \u010d\u00edtania":"1 min\u00fata"},"schema":{"@context":"https:\/\/schema.org","@graph":[{"@type":"WebPage","@id":"https:\/\/tmg.hu\/esemenyek\/","url":"https:\/\/tmg.hu\/esemenyek\/","name":"Podujatia - Zdru\u017eenie farm\u00e1rov pre obnovu p\u00f4dy","isPartOf":{"@id":"https:\/\/tmg.hu\/#website"},"datePublished":"2024-08-05T02:14:10+00:00","dateModified":"2025-04-10T14:02:44+00:00","description":"Pozrite si minul\u00e9 a aktu\u00e1lne podujatia organizovan\u00e9 Zdru\u017een\u00edm po\u013enohospod\u00e1rov pre obnovu p\u00f4dy! Pr\u00ed\u010fte na na\u0161e \u010fal\u0161ie podujatia!","breadcrumb":{"@id":"https:\/\/tmg.hu\/esemenyek\/#breadcrumb"},"inLanguage":"sk-SK","potentialAction":[{"@type":"ReadAction","target":["https:\/\/tmg.hu\/esemenyek\/"]}]},{"@type":"BreadcrumbList","@id":"https:\/\/tmg.hu\/esemenyek\/#breadcrumb","itemListElement":[{"@type":"ListItem","position":1,"name":"Home","item":"https:\/\/tmg.hu\/"},{"@type":"ListItem","position":2,"name":"Esem\u00e9nyek"}]},{"@type":"WebSite","@id":"https:\/\/tmg.hu\/#website","url":"https:\/\/tmg.hu\/","name":"TMG - Zdru\u017eenie po\u013enohospod\u00e1rov pre obnovu p\u00f4dy","description":"Zdru\u017eenie po\u013enohospod\u00e1rov pre obnovu p\u00f4dy","publisher":{"@id":"https:\/\/tmg.hu\/#organization"},"potentialAction":[{"@type":"SearchAction","target":{"@type":"EntryPoint","urlTemplate":"https:\/\/tmg.hu\/?s={search_term_string}"},"query-input":{"@type":"PropertyValueSpecification","valueRequired":true,"valueName":"search_term_string"}}],"inLanguage":"sk-SK"},{"@type":"Organization","@id":"https:\/\/tmg.hu\/#organization","name":"Zdru\u017eenie po\u013enohospod\u00e1rov pre obnovu p\u00f4dy","url":"https:\/\/tmg.hu\/","logo":{"@type":"ImageObject","inLanguage":"sk-SK","@id":"https:\/\/tmg.hu\/#\/schema\/logo\/image\/","url":"https:\/\/tmg.hu\/wp-content\/uploads\/2024\/10\/tmg_og_logo.png","contentUrl":"https:\/\/tmg.hu\/wp-content\/uploads\/2024\/10\/tmg_og_logo.png","width":1200,"height":630,"caption":"Talajmeg\u00faj\u00edt\u00f3 Gazd\u00e1k Egyes\u00fclete"},"image":{"@id":"https:\/\/tmg.hu\/#\/schema\/logo\/image\/"},"sameAs":["https:\/\/www.facebook.com\/tmg.egyesulet\/","https:\/\/www.instagram.com\/tmg.hu\/","https:\/\/www.youtube.com\/@tmg_egyesulet"]}]}},"_links":{"self":[{"href":"https:\/\/tmg.hu\/sk\/wp-json\/wp\/v2\/pages\/6297","targetHints":{"allow":["GET"]}}],"collection":[{"href":"https:\/\/tmg.hu\/sk\/wp-json\/wp\/v2\/pages"}],"about":[{"href":"https:\/\/tmg.hu\/sk\/wp-json\/wp\/v2\/types\/page"}],"author":[{"embeddable":true,"href":"https:\/\/tmg.hu\/sk\/wp-json\/wp\/v2\/users\/141"}],"replies":[{"embeddable":true,"href":"https:\/\/tmg.hu\/sk\/wp-json\/wp\/v2\/comments?post=6297"}],"version-history":[{"count":22,"href":"https:\/\/tmg.hu\/sk\/wp-json\/wp\/v2\/pages\/6297\/revisions"}],"predecessor-version":[{"id":7897,"href":"https:\/\/tmg.hu\/sk\/wp-json\/wp\/v2\/pages\/6297\/revisions\/7897"}],"wp:attachment":[{"href":"https:\/\/tmg.hu\/sk\/wp-json\/wp\/v2\/media?parent=6297"}],"curies":[{"name":"wp","href":"https:\/\/api.w.org\/{rel}","templated":true}]}}