{"id":11583,"date":"2026-02-26T14:35:28","date_gmt":"2026-02-26T13:35:28","guid":{"rendered":"https:\/\/tmg.hu\/?post_type=product&#038;p=11583"},"modified":"2026-03-25T14:53:51","modified_gmt":"2026-03-25T13:53:51","slug":"regenerativ-kulturak-letrehozasa-es-gondozasa","status":"publish","type":"product","link":"https:\/\/tmg.hu\/ru\/%d0%bd%d0%be%d0%bc%d0%b5%d1%80%d0%b0\/regenerativ-kulturak-letrehozasa-es-gondozasa\/","title":{"rendered":"Regenerat\u00edv kult\u00far\u00e1k l\u00e9trehoz\u00e1sa \u00e9s gondoz\u00e1sa"},"content":{"rendered":"<p>A regenerat\u00edv fejl\u0151d\u00e9s a t\u00e1rsadalom, gazdas\u00e1g \u00e9s \u00f6kol\u00f3gia \u00f6sszetett kih\u00edv\u00e1saira ad v\u00e1laszt. Arra h\u00edv, hogy az emberis\u00e9g tal\u00e1lja meg felel\u0151s szerep\u00e9t az \u00e9let k\u00f6z\u00f6ss\u00e9g\u00e9ben \u2013 ne a term\u00e9szet ellen\u00e9ben, hanem annak r\u00e9szek\u00e9nt m\u0171k\u00f6dj\u00f6n.<\/p>\n<p>A k\u00f6nyv nemzetk\u00f6zi szinten alapm\u0171 azok sz\u00e1m\u00e1ra, akik val\u00f3di v\u00e1ltoz\u00e1sokon dolgoznak.<\/p>\n<p>\u201eA Regenerat\u00edv kult\u00far\u00e1k l\u00e9trehoz\u00e1sa \u00e9s gondoz\u00e1sa egy lehets\u00e9ges, s\u0151t, sz\u00fcks\u00e9ges j\u00f6v\u0151 fel\u00e9 vezet\u0151 utat mutat be.\u201d<\/p>\n<p>\u2014 David Orr (k\u00f6rnyezetv\u00e9d\u0151, az Oberlin College, valamint a Vermonti Egyetem professzora)<\/p>","protected":false},"excerpt":{"rendered":"<p>Elhivatottan k\u00fczdesz egy \u00e9lhet\u0151bb j\u00f6v\u0151\u00e9rt?<\/p>\n<p>Sz\u00edv\u00fcgyed a fenntarthat\u00f3s\u00e1g, a term\u00e9szet v\u00e9delme \u00e9s a val\u00f3di rendszerszint\u0171 v\u00e1ltoz\u00e1s?<br \/>\nEz a k\u00f6nyv azoknak sz\u00f3l, akik nemcsak reag\u00e1lni szeretn\u00e9nek a v\u00e1ls\u00e1gokra, hanem \u00faj alapokra helyezn\u00e9k a gondolkod\u00e1st.<\/p>\n<p>Daniel Christian Wahl bemutatja, hogyan l\u00e9phet\u00fcnk t\u00fal a \u201efenntarthat\u00f3s\u00e1g\u201d fogalm\u00e1n, \u00e9s hogyan alak\u00edthatunk ki regenerat\u00edv kult\u00far\u00e1kat \u2013 olyan k\u00f6z\u00f6ss\u00e9geket, gazdas\u00e1gi \u00e9s t\u00e1rsadalmi rendszereket, amelyek nem puszt\u00e1n cs\u00f6kkentik a k\u00e1rokat, hanem akt\u00edvan t\u00e1mogatj\u00e1k az \u00e9letet.<\/p>\n<p>A k\u00f6nyv megsz\u00f3l\u00edtja:<\/p>\n<ul>\n<li>gazd\u00e1lkod\u00f3kat<\/li>\n<li>k\u00f6rnyezeti nevel\u0151ket<\/li>\n<li>z\u00f6ld aktivist\u00e1kat<\/li>\n<li>fenntarthat\u00f3s\u00e1gi szakembereket<\/li>\n<li>k\u00f6z\u00f6ss\u00e9g\u00e9p\u00edt\u0151ket<\/li>\n<li>d\u00f6nt\u00e9shoz\u00f3kat<\/li>\n<li>\u00e9s mindenkit, aki rendszerszint\u0171 v\u00e1ltoz\u00e1sban gondolkodik.<\/li>\n<\/ul>","protected":false},"featured_media":11584,"template":"","meta":[],"product_brand":[],"product_cat":[69],"product_tag":[79],"class_list":{"0":"post-11583","1":"product","2":"type-product","3":"status-publish","4":"has-post-thumbnail","6":"product_cat-konyvek","7":"product_tag-uj","9":"first","10":"instock","11":"taxable","12":"shipping-taxable","13":"purchasable","14":"product-type-simple"},"bundled_by":[],"bundle_stock_status":"instock","bundle_stock_quantity":32,"bundle_virtual":false,"bundle_layout":"","bundle_add_to_cart_form_location":"","bundle_editable_in_cart":false,"bundle_sold_individually_context":"","bundle_item_grouping":"","bundle_min_size":"","bundle_max_size":"","bundle_price":[],"bundled_items":[],"bundle_sell_ids":[],"yoast_head":"<!-- This site is optimized with the Yoast SEO plugin v26.6 - https:\/\/yoast.com\/wordpress\/plugins\/seo\/ -->\n<title>Regenerat\u00edv kult\u00far\u00e1k l\u00e9trehoz\u00e1sa \u00e9s gondoz\u00e1sa - Talajmeg\u00faj\u00edt\u00f3 Gazd\u00e1k Egyes\u00fclete<\/title>\n<meta name=\"robots\" content=\"index, follow, max-snippet:-1, max-image-preview:large, max-video-preview:-1\" \/>\n<link rel=\"canonical\" href=\"https:\/\/tmg.hu\/ru\/\u043d\u043e\u043c\u0435\u0440\u0430\/regenerativ-kulturak-letrehozasa-es-gondozasa\/\" \/>\n<meta property=\"og:locale\" content=\"ru_RU\" \/>\n<meta property=\"og:type\" content=\"article\" \/>\n<meta property=\"og:title\" content=\"Regenerat\u00edv kult\u00far\u00e1k l\u00e9trehoz\u00e1sa \u00e9s gondoz\u00e1sa - Talajmeg\u00faj\u00edt\u00f3 Gazd\u00e1k Egyes\u00fclete\" \/>\n<meta property=\"og:description\" content=\"Elhivatottan k\u00fczdesz egy \u00e9lhet\u0151bb j\u00f6v\u0151\u00e9rt?  Sz\u00edv\u00fcgyed a fenntarthat\u00f3s\u00e1g, a term\u00e9szet v\u00e9delme \u00e9s a val\u00f3di rendszerszint\u0171 v\u00e1ltoz\u00e1s? Ez a k\u00f6nyv azoknak sz\u00f3l, akik nemcsak reag\u00e1lni szeretn\u00e9nek a v\u00e1ls\u00e1gokra, hanem \u00faj alapokra helyezn\u00e9k a gondolkod\u00e1st.  Daniel Christian Wahl bemutatja, hogyan l\u00e9phet\u00fcnk t\u00fal a \u201efenntarthat\u00f3s\u00e1g\u201d fogalm\u00e1n, \u00e9s hogyan alak\u00edthatunk ki regenerat\u00edv kult\u00far\u00e1kat \u2013 olyan k\u00f6z\u00f6ss\u00e9geket, gazdas\u00e1gi \u00e9s t\u00e1rsadalmi rendszereket, amelyek nem puszt\u00e1n cs\u00f6kkentik a k\u00e1rokat, hanem akt\u00edvan t\u00e1mogatj\u00e1k az \u00e9letet.  A k\u00f6nyv megsz\u00f3l\u00edtja:   gazd\u00e1lkod\u00f3kat  k\u00f6rnyezeti nevel\u0151ket  z\u00f6ld aktivist\u00e1kat  fenntarthat\u00f3s\u00e1gi szakembereket  k\u00f6z\u00f6ss\u00e9g\u00e9p\u00edt\u0151ket  d\u00f6nt\u00e9shoz\u00f3kat  \u00e9s mindenkit, aki rendszerszint\u0171 v\u00e1ltoz\u00e1sban gondolkodik.\" \/>\n<meta property=\"og:url\" content=\"https:\/\/tmg.hu\/ru\/\u043d\u043e\u043c\u0435\u0440\u0430\/regenerativ-kulturak-letrehozasa-es-gondozasa\/\" \/>\n<meta property=\"og:site_name\" content=\"Talajmeg\u00faj\u00edt\u00f3 Gazd\u00e1k Egyes\u00fclete\" \/>\n<meta property=\"article:publisher\" content=\"https:\/\/www.facebook.com\/tmg.egyesulet\/\" \/>\n<meta property=\"article:modified_time\" content=\"2026-03-25T13:53:51+00:00\" \/>\n<meta property=\"og:image\" content=\"https:\/\/tmg.hu\/wp-content\/uploads\/2026\/02\/fokep-1.jpg\" \/>\n\t<meta property=\"og:image:width\" content=\"896\" \/>\n\t<meta property=\"og:image:height\" content=\"1344\" \/>\n\t<meta property=\"og:image:type\" content=\"image\/jpeg\" \/>\n<meta name=\"twitter:card\" content=\"summary_large_image\" \/>\n<meta name=\"twitter:label1\" content=\"\u041f\u0440\u0438\u043c\u0435\u0440\u043d\u043e\u0435 \u0432\u0440\u0435\u043c\u044f \u0434\u043b\u044f \u0447\u0442\u0435\u043d\u0438\u044f\" \/>\n\t<meta name=\"twitter:data1\" content=\"1 \u043c\u0438\u043d\u0443\u0442\u0430\" \/>\n<script type=\"application\/ld+json\" class=\"yoast-schema-graph\">{\"@context\":\"https:\/\/schema.org\",\"@graph\":[{\"@type\":\"WebPage\",\"@id\":\"https:\/\/tmg.hu\/termek\/regenerativ-kulturak-letrehozasa-es-gondozasa\/\",\"url\":\"https:\/\/tmg.hu\/termek\/regenerativ-kulturak-letrehozasa-es-gondozasa\/\",\"name\":\"Regenerat\u00edv kult\u00far\u00e1k l\u00e9trehoz\u00e1sa \u00e9s gondoz\u00e1sa - Talajmeg\u00faj\u00edt\u00f3 Gazd\u00e1k Egyes\u00fclete\",\"isPartOf\":{\"@id\":\"https:\/\/tmg.hu\/#website\"},\"primaryImageOfPage\":{\"@id\":\"https:\/\/tmg.hu\/termek\/regenerativ-kulturak-letrehozasa-es-gondozasa\/#primaryimage\"},\"image\":{\"@id\":\"https:\/\/tmg.hu\/termek\/regenerativ-kulturak-letrehozasa-es-gondozasa\/#primaryimage\"},\"thumbnailUrl\":\"https:\/\/tmg.hu\/wp-content\/uploads\/2026\/02\/fokep-1.jpg\",\"datePublished\":\"2026-02-26T13:35:28+00:00\",\"dateModified\":\"2026-03-25T13:53:51+00:00\",\"breadcrumb\":{\"@id\":\"https:\/\/tmg.hu\/termek\/regenerativ-kulturak-letrehozasa-es-gondozasa\/#breadcrumb\"},\"inLanguage\":\"ru-RU\",\"potentialAction\":[{\"@type\":\"ReadAction\",\"target\":[\"https:\/\/tmg.hu\/termek\/regenerativ-kulturak-letrehozasa-es-gondozasa\/\"]}]},{\"@type\":\"ImageObject\",\"inLanguage\":\"ru-RU\",\"@id\":\"https:\/\/tmg.hu\/termek\/regenerativ-kulturak-letrehozasa-es-gondozasa\/#primaryimage\",\"url\":\"https:\/\/tmg.hu\/wp-content\/uploads\/2026\/02\/fokep-1.jpg\",\"contentUrl\":\"https:\/\/tmg.hu\/wp-content\/uploads\/2026\/02\/fokep-1.jpg\",\"width\":896,\"height\":1344},{\"@type\":\"BreadcrumbList\",\"@id\":\"https:\/\/tmg.hu\/termek\/regenerativ-kulturak-letrehozasa-es-gondozasa\/#breadcrumb\",\"itemListElement\":[{\"@type\":\"ListItem\",\"position\":1,\"name\":\"Home\",\"item\":\"https:\/\/tmg.hu\/\"},{\"@type\":\"ListItem\",\"position\":2,\"name\":\"Webshop\",\"item\":\"https:\/\/tmg.hu\/webshop\/\"},{\"@type\":\"ListItem\",\"position\":3,\"name\":\"Regenerat\u00edv kult\u00far\u00e1k l\u00e9trehoz\u00e1sa \u00e9s gondoz\u00e1sa\"}]},{\"@type\":\"WebSite\",\"@id\":\"https:\/\/tmg.hu\/#website\",\"url\":\"https:\/\/tmg.hu\/\",\"name\":\"TMG - Talajmeg\u00faj\u00edt\u00f3 Gazd\u00e1k Egyes\u00fclete\",\"description\":\"Talajmeg\u00faj\u00edt\u00f3 Gazd\u00e1k Egyes\u00fclete\",\"publisher\":{\"@id\":\"https:\/\/tmg.hu\/#organization\"},\"potentialAction\":[{\"@type\":\"SearchAction\",\"target\":{\"@type\":\"EntryPoint\",\"urlTemplate\":\"https:\/\/tmg.hu\/?s={search_term_string}\"},\"query-input\":{\"@type\":\"PropertyValueSpecification\",\"valueRequired\":true,\"valueName\":\"search_term_string\"}}],\"inLanguage\":\"ru-RU\"},{\"@type\":\"Organization\",\"@id\":\"https:\/\/tmg.hu\/#organization\",\"name\":\"Talajmeg\u00faj\u00edt\u00f3 Gazd\u00e1k Egyes\u00fclete\",\"url\":\"https:\/\/tmg.hu\/\",\"logo\":{\"@type\":\"ImageObject\",\"inLanguage\":\"ru-RU\",\"@id\":\"https:\/\/tmg.hu\/#\/schema\/logo\/image\/\",\"url\":\"https:\/\/tmg.hu\/wp-content\/uploads\/2024\/10\/tmg_og_logo.png\",\"contentUrl\":\"https:\/\/tmg.hu\/wp-content\/uploads\/2024\/10\/tmg_og_logo.png\",\"width\":1200,\"height\":630,\"caption\":\"Talajmeg\u00faj\u00edt\u00f3 Gazd\u00e1k Egyes\u00fclete\"},\"image\":{\"@id\":\"https:\/\/tmg.hu\/#\/schema\/logo\/image\/\"},\"sameAs\":[\"https:\/\/www.facebook.com\/tmg.egyesulet\/\",\"https:\/\/www.instagram.com\/tmg.hu\/\",\"https:\/\/www.youtube.com\/@tmg_egyesulet\"]}]}<\/script>\n<!-- \/ Yoast SEO plugin. -->","yoast_head_json":{"title":"Regenerat\u00edv kult\u00far\u00e1k l\u00e9trehoz\u00e1sa \u00e9s gondoz\u00e1sa - Talajmeg\u00faj\u00edt\u00f3 Gazd\u00e1k Egyes\u00fclete","robots":{"index":"index","follow":"follow","max-snippet":"max-snippet:-1","max-image-preview":"max-image-preview:large","max-video-preview":"max-video-preview:-1"},"canonical":"https:\/\/tmg.hu\/ru\/\u043d\u043e\u043c\u0435\u0440\u0430\/regenerativ-kulturak-letrehozasa-es-gondozasa\/","og_locale":"ru_RU","og_type":"article","og_title":"Regenerat\u00edv kult\u00far\u00e1k l\u00e9trehoz\u00e1sa \u00e9s gondoz\u00e1sa - Talajmeg\u00faj\u00edt\u00f3 Gazd\u00e1k Egyes\u00fclete","og_description":"Elhivatottan k\u00fczdesz egy \u00e9lhet\u0151bb j\u00f6v\u0151\u00e9rt?  Sz\u00edv\u00fcgyed a fenntarthat\u00f3s\u00e1g, a term\u00e9szet v\u00e9delme \u00e9s a val\u00f3di rendszerszint\u0171 v\u00e1ltoz\u00e1s? Ez a k\u00f6nyv azoknak sz\u00f3l, akik nemcsak reag\u00e1lni szeretn\u00e9nek a v\u00e1ls\u00e1gokra, hanem \u00faj alapokra helyezn\u00e9k a gondolkod\u00e1st.  Daniel Christian Wahl bemutatja, hogyan l\u00e9phet\u00fcnk t\u00fal a \u201efenntarthat\u00f3s\u00e1g\u201d fogalm\u00e1n, \u00e9s hogyan alak\u00edthatunk ki regenerat\u00edv kult\u00far\u00e1kat \u2013 olyan k\u00f6z\u00f6ss\u00e9geket, gazdas\u00e1gi \u00e9s t\u00e1rsadalmi rendszereket, amelyek nem puszt\u00e1n cs\u00f6kkentik a k\u00e1rokat, hanem akt\u00edvan t\u00e1mogatj\u00e1k az \u00e9letet.  A k\u00f6nyv megsz\u00f3l\u00edtja:   gazd\u00e1lkod\u00f3kat  k\u00f6rnyezeti nevel\u0151ket  z\u00f6ld aktivist\u00e1kat  fenntarthat\u00f3s\u00e1gi szakembereket  k\u00f6z\u00f6ss\u00e9g\u00e9p\u00edt\u0151ket  d\u00f6nt\u00e9shoz\u00f3kat  \u00e9s mindenkit, aki rendszerszint\u0171 v\u00e1ltoz\u00e1sban gondolkodik.","og_url":"https:\/\/tmg.hu\/ru\/\u043d\u043e\u043c\u0435\u0440\u0430\/regenerativ-kulturak-letrehozasa-es-gondozasa\/","og_site_name":"Talajmeg\u00faj\u00edt\u00f3 Gazd\u00e1k Egyes\u00fclete","article_publisher":"https:\/\/www.facebook.com\/tmg.egyesulet\/","article_modified_time":"2026-03-25T13:53:51+00:00","og_image":[{"width":896,"height":1344,"url":"https:\/\/tmg.hu\/wp-content\/uploads\/2026\/02\/fokep-1.jpg","type":"image\/jpeg"}],"twitter_card":"summary_large_image","twitter_misc":{"\u041f\u0440\u0438\u043c\u0435\u0440\u043d\u043e\u0435 \u0432\u0440\u0435\u043c\u044f \u0434\u043b\u044f \u0447\u0442\u0435\u043d\u0438\u044f":"1 \u043c\u0438\u043d\u0443\u0442\u0430"},"schema":{"@context":"https:\/\/schema.org","@graph":[{"@type":"WebPage","@id":"https:\/\/tmg.hu\/termek\/regenerativ-kulturak-letrehozasa-es-gondozasa\/","url":"https:\/\/tmg.hu\/termek\/regenerativ-kulturak-letrehozasa-es-gondozasa\/","name":"Regenerat\u00edv kult\u00far\u00e1k l\u00e9trehoz\u00e1sa \u00e9s gondoz\u00e1sa - Talajmeg\u00faj\u00edt\u00f3 Gazd\u00e1k Egyes\u00fclete","isPartOf":{"@id":"https:\/\/tmg.hu\/#website"},"primaryImageOfPage":{"@id":"https:\/\/tmg.hu\/termek\/regenerativ-kulturak-letrehozasa-es-gondozasa\/#primaryimage"},"image":{"@id":"https:\/\/tmg.hu\/termek\/regenerativ-kulturak-letrehozasa-es-gondozasa\/#primaryimage"},"thumbnailUrl":"https:\/\/tmg.hu\/wp-content\/uploads\/2026\/02\/fokep-1.jpg","datePublished":"2026-02-26T13:35:28+00:00","dateModified":"2026-03-25T13:53:51+00:00","breadcrumb":{"@id":"https:\/\/tmg.hu\/termek\/regenerativ-kulturak-letrehozasa-es-gondozasa\/#breadcrumb"},"inLanguage":"ru-RU","potentialAction":[{"@type":"ReadAction","target":["https:\/\/tmg.hu\/termek\/regenerativ-kulturak-letrehozasa-es-gondozasa\/"]}]},{"@type":"ImageObject","inLanguage":"ru-RU","@id":"https:\/\/tmg.hu\/termek\/regenerativ-kulturak-letrehozasa-es-gondozasa\/#primaryimage","url":"https:\/\/tmg.hu\/wp-content\/uploads\/2026\/02\/fokep-1.jpg","contentUrl":"https:\/\/tmg.hu\/wp-content\/uploads\/2026\/02\/fokep-1.jpg","width":896,"height":1344},{"@type":"BreadcrumbList","@id":"https:\/\/tmg.hu\/termek\/regenerativ-kulturak-letrehozasa-es-gondozasa\/#breadcrumb","itemListElement":[{"@type":"ListItem","position":1,"name":"Home","item":"https:\/\/tmg.hu\/"},{"@type":"ListItem","position":2,"name":"Webshop","item":"https:\/\/tmg.hu\/webshop\/"},{"@type":"ListItem","position":3,"name":"Regenerat\u00edv kult\u00far\u00e1k l\u00e9trehoz\u00e1sa \u00e9s gondoz\u00e1sa"}]},{"@type":"WebSite","@id":"https:\/\/tmg.hu\/#website","url":"https:\/\/tmg.hu\/","name":"TMG - \u0410\u0441\u0441\u043e\u0446\u0438\u0430\u0446\u0438\u044f \u0444\u0435\u0440\u043c\u0435\u0440\u043e\u0432 \u043f\u043e \u043e\u0431\u043d\u043e\u0432\u043b\u0435\u043d\u0438\u044e \u043f\u043e\u0447\u0432","description":"\u0410\u0441\u0441\u043e\u0446\u0438\u0430\u0446\u0438\u044f \u0444\u0435\u0440\u043c\u0435\u0440\u043e\u0432 \u043f\u043e \u0432\u043e\u0441\u0441\u0442\u0430\u043d\u043e\u0432\u043b\u0435\u043d\u0438\u044e \u043f\u043e\u0447\u0432","publisher":{"@id":"https:\/\/tmg.hu\/#organization"},"potentialAction":[{"@type":"SearchAction","target":{"@type":"EntryPoint","urlTemplate":"https:\/\/tmg.hu\/?s={search_term_string}"},"query-input":{"@type":"PropertyValueSpecification","valueRequired":true,"valueName":"search_term_string"}}],"inLanguage":"ru-RU"},{"@type":"Organization","@id":"https:\/\/tmg.hu\/#organization","name":"\u0410\u0441\u0441\u043e\u0446\u0438\u0430\u0446\u0438\u044f \u0444\u0435\u0440\u043c\u0435\u0440\u043e\u0432 \u043f\u043e \u0432\u043e\u0441\u0441\u0442\u0430\u043d\u043e\u0432\u043b\u0435\u043d\u0438\u044e \u043f\u043e\u0447\u0432","url":"https:\/\/tmg.hu\/","logo":{"@type":"ImageObject","inLanguage":"ru-RU","@id":"https:\/\/tmg.hu\/#\/schema\/logo\/image\/","url":"https:\/\/tmg.hu\/wp-content\/uploads\/2024\/10\/tmg_og_logo.png","contentUrl":"https:\/\/tmg.hu\/wp-content\/uploads\/2024\/10\/tmg_og_logo.png","width":1200,"height":630,"caption":"Talajmeg\u00faj\u00edt\u00f3 Gazd\u00e1k Egyes\u00fclete"},"image":{"@id":"https:\/\/tmg.hu\/#\/schema\/logo\/image\/"},"sameAs":["https:\/\/www.facebook.com\/tmg.egyesulet\/","https:\/\/www.instagram.com\/tmg.hu\/","https:\/\/www.youtube.com\/@tmg_egyesulet"]}]}},"_links":{"self":[{"href":"https:\/\/tmg.hu\/ru\/wp-json\/wp\/v2\/product\/11583","targetHints":{"allow":["GET"]}}],"collection":[{"href":"https:\/\/tmg.hu\/ru\/wp-json\/wp\/v2\/product"}],"about":[{"href":"https:\/\/tmg.hu\/ru\/wp-json\/wp\/v2\/types\/product"}],"wp:featuredmedia":[{"embeddable":true,"href":"https:\/\/tmg.hu\/ru\/wp-json\/wp\/v2\/media\/11584"}],"wp:attachment":[{"href":"https:\/\/tmg.hu\/ru\/wp-json\/wp\/v2\/media?parent=11583"}],"wp:term":[{"taxonomy":"product_brand","embeddable":true,"href":"https:\/\/tmg.hu\/ru\/wp-json\/wp\/v2\/product_brand?post=11583"},{"taxonomy":"product_cat","embeddable":true,"href":"https:\/\/tmg.hu\/ru\/wp-json\/wp\/v2\/product_cat?post=11583"},{"taxonomy":"product_tag","embeddable":true,"href":"https:\/\/tmg.hu\/ru\/wp-json\/wp\/v2\/product_tag?post=11583"}],"curies":[{"name":"wp","href":"https:\/\/api.w.org\/{rel}","templated":true}]}}