{"id":3716,"date":"2023-11-11T23:17:13","date_gmt":"2023-11-11T22:17:13","guid":{"rendered":"https:\/\/tmg.hu\/?page_id=3716"},"modified":"2023-11-28T14:21:37","modified_gmt":"2023-11-28T13:21:37","slug":"%d0%be%d1%82%d0%b2%d0%b5%d1%82-%d0%ba%d0%be%d0%bd%d1%82%d1%80%d0%be%d0%bb%d0%b5%d1%80%d0%b0-%d0%b4%d0%b0%d0%bd%d0%bd%d1%8b%d1%85","status":"publish","type":"page","link":"https:\/\/tmg.hu\/ru\/%d0%be%d1%82%d0%b2%d0%b5%d1%82-%d0%ba%d0%be%d0%bd%d1%82%d1%80%d0%be%d0%bb%d0%b5%d1%80%d0%b0-%d0%b4%d0%b0%d0%bd%d0%bd%d1%8b%d1%85\/","title":{"rendered":"\u0423\u0432\u0435\u0434\u043e\u043c\u043b\u0435\u043d\u0438\u0435 \u043e \u043a\u043e\u043d\u0444\u0438\u0434\u0435\u043d\u0446\u0438\u0430\u043b\u044c\u043d\u043e\u0441\u0442\u0438 - REAG"},"content":{"rendered":"<div data-elementor-type=\"wp-page\" data-elementor-id=\"3716\" class=\"elementor elementor-3716\" data-elementor-post-type=\"page\">\n\t\t\t\t\t\t<section class=\"elementor-section elementor-top-section elementor-element elementor-element-54f433de elementor-section-boxed elementor-section-height-default elementor-section-height-default\" data-id=\"54f433de\" data-element_type=\"section\">\n\t\t\t\t\t\t<div class=\"elementor-container elementor-column-gap-default\">\n\t\t\t\t\t<div class=\"elementor-column elementor-col-100 elementor-top-column elementor-element elementor-element-5bb9f84f\" data-id=\"5bb9f84f\" data-element_type=\"column\">\n\t\t\t<div class=\"elementor-widget-wrap elementor-element-populated\">\n\t\t\t\t\t\t<div class=\"elementor-element elementor-element-07a92cb elementor-widget elementor-widget-heading\" data-id=\"07a92cb\" data-element_type=\"widget\" data-widget_type=\"heading.default\">\n\t\t\t\t<div class=\"elementor-widget-container\">\n\t\t\t\t\t<h1 class=\"elementor-heading-title elementor-size-default\">\u0423\u0432\u0435\u0434\u043e\u043c\u043b\u0435\u043d\u0438\u0435 \u043e \u043a\u043e\u043d\u0444\u0438\u0434\u0435\u043d\u0446\u0438\u0430\u043b\u044c\u043d\u043e\u0441\u0442\u0438 - REAG<\/h1>\t\t\t\t<\/div>\n\t\t\t\t<\/div>\n\t\t\t\t<div class=\"elementor-element elementor-element-1b81a08c elementor-widget elementor-widget-text-editor\" data-id=\"1b81a08c\" data-element_type=\"widget\" data-widget_type=\"text-editor.default\">\n\t\t\t\t<div class=\"elementor-widget-container\">\n\t\t\t\t\t\t\t\t\t\n<p>\u0412\u0430\u0448\u0438 \u043f\u0435\u0440\u0441\u043e\u043d\u0430\u043b\u044c\u043d\u044b\u0435 \u0434\u0430\u043d\u043d\u044b\u0435 \u043e\u0431\u0440\u0430\u0431\u0430\u0442\u044b\u0432\u0430\u0435\u0442 \u0410\u0441\u0441\u043e\u0446\u0438\u0430\u0446\u0438\u044f \u0444\u0435\u0440\u043c\u0435\u0440\u043e\u0432 \u043f\u043e \u043e\u0431\u043d\u043e\u0432\u043b\u0435\u043d\u0438\u044e \u043f\u043e\u0447\u0432 (\u0434\u0430\u043b\u0435\u0435 - \u0410\u0441\u0441\u043e\u0446\u0438\u0430\u0446\u0438\u044f TMG; 6774, \u0424\u0435\u0440\u0435\u043d\u0446\u0448\u0430\u043b\u043b\u0430\u0448, \u0443\u043b. \u0421\u0435\u0433\u0435\u0434\u0438, 3).<\/p>\n\n<p>\u041d\u0430 \u043c\u0435\u0440\u043e\u043f\u0440\u0438\u044f\u0442\u0438\u0438 \u0431\u0443\u0434\u0435\u0442 \u0432\u0435\u0441\u0442\u0438\u0441\u044c \u0432\u0438\u0434\u0435\u043e- \u0438 \u0430\u0443\u0434\u0438\u043e\u0437\u0430\u043f\u0438\u0441\u044c. \u041f\u0440\u0438\u043d\u0438\u043c\u0430\u044f \u0443\u0447\u0430\u0441\u0442\u0438\u0435 \u0432 \u043c\u0435\u0440\u043e\u043f\u0440\u0438\u044f\u0442\u0438\u0438, \u0432\u044b \u0434\u0430\u0435\u0442\u0435 \u0441\u0432\u043e\u0435 \u043f\u0440\u0435\u0434\u0432\u0430\u0440\u0438\u0442\u0435\u043b\u044c\u043d\u043e\u0435 \u0438 \u044f\u0432\u043d\u043e\u0435 \u0441\u043e\u0433\u043b\u0430\u0441\u0438\u0435 \u043d\u0430 \u0437\u0430\u043f\u0438\u0441\u044c \u0438 \u043f\u0435\u0440\u0435\u0434\u0430\u0447\u0443 \u0432\u0430\u0448\u0435\u0433\u043e \u043b\u0438\u0446\u0430, \u0432\u043d\u0435\u0448\u043d\u0435\u0433\u043e \u0432\u0438\u0434\u0430 \u0438 \u0432\u044b\u0440\u0430\u0436\u0435\u043d\u0438\u0439 \u0410\u0441\u0441\u043e\u0446\u0438\u0430\u0446\u0438\u0435\u0439 TMG \u0438\u043b\u0438 \u043f\u0440\u043e\u0444\u0435\u0441\u0441\u0438\u043e\u043d\u0430\u043b\u043e\u043c, \u043a\u043e\u0442\u043e\u0440\u043e\u043c\u0443 \u0410\u0441\u0441\u043e\u0446\u0438\u0430\u0446\u0438\u044f TMG \u043f\u043e\u0440\u0443\u0447\u0438\u043b\u0430 \u0441\u0434\u0435\u043b\u0430\u0442\u044c \u0430\u0443\u0434\u0438\u043e- \u0438\/\u0438\u043b\u0438 \u0432\u0438\u0434\u0435\u043e\u0437\u0430\u043f\u0438\u0441\u044c. \u0418\u0441\u043f\u043e\u043b\u044c\u0437\u043e\u0432\u0430\u043d\u0438\u0435 \u0430\u0443\u0434\u0438\u043e- \u0438 \u0432\u0438\u0434\u0435\u043e\u0437\u0430\u043f\u0438\u0441\u0438 \u043d\u0435 \u043e\u0433\u0440\u0430\u043d\u0438\u0447\u0435\u043d\u043e \u0432 \u043f\u0440\u043e\u0441\u0442\u0440\u0430\u043d\u0441\u0442\u0432\u0435, \u0432\u0440\u0435\u043c\u0435\u043d\u0438 \u0438 \u0441\u043f\u043e\u0441\u043e\u0431\u0435 \u0438\u0441\u043f\u043e\u043b\u044c\u0437\u043e\u0432\u0430\u043d\u0438\u044f, \u0438 \u0410\u0441\u0441\u043e\u0446\u0438\u0430\u0446\u0438\u044f TMG \u0438\u043c\u0435\u0435\u0442 \u043f\u0440\u0430\u0432\u043e \u044d\u043a\u0441\u043f\u043b\u0443\u0430\u0442\u0438\u0440\u043e\u0432\u0430\u0442\u044c, \u0438\u0441\u043f\u043e\u043b\u044c\u0437\u043e\u0432\u0430\u0442\u044c (\u043d\u0430\u043f\u0440\u0438\u043c\u0435\u0440, \u0434\u043b\u044f \u0440\u0435\u043a\u043b\u0430\u043c\u044b \u0441\u0432\u043e\u0438\u0445 \u0431\u0443\u0434\u0443\u0449\u0438\u0445 \u043c\u0435\u0440\u043e\u043f\u0440\u0438\u044f\u0442\u0438\u0439), \u0432\u043e\u0441\u043f\u0440\u043e\u0438\u0437\u0432\u043e\u0434\u0438\u0442\u044c, \u043f\u0443\u0431\u043b\u0438\u043a\u043e\u0432\u0430\u0442\u044c, \u0430\u0434\u0430\u043f\u0442\u0438\u0440\u043e\u0432\u0430\u0442\u044c, \u043f\u0443\u0431\u043b\u0438\u043a\u043e\u0432\u0430\u0442\u044c \u0438 \u0440\u0430\u0441\u043f\u0440\u043e\u0441\u0442\u0440\u0430\u043d\u044f\u0442\u044c \u0430\u0443\u0434\u0438\u043e- \u0438\/\u0438\u043b\u0438 \u0432\u0438\u0434\u0435\u043e\u0437\u0430\u043f\u0438\u0441\u044c \u043e \u0432\u0430\u0441 \u0431\u0435\u0437 \u043a\u0430\u043a\u0438\u0445-\u043b\u0438\u0431\u043e \u043e\u0433\u0440\u0430\u043d\u0438\u0447\u0435\u043d\u0438\u0439 \u0432 \u0431\u0443\u0434\u0443\u0449\u0435\u043c, \u0441 \u0443\u0447\u0435\u0442\u043e\u043c \u043f\u0440\u0438\u043c\u0435\u043d\u0438\u043c\u044b\u0445 \u043f\u0440\u0430\u0432\u043e\u0432\u044b\u0445 \u043d\u043e\u0440\u043c \u0438 \u0432 \u0441\u043e\u043e\u0442\u0432\u0435\u0442\u0441\u0442\u0432\u0438\u0438 \u0441 \u0432\u0430\u0448\u0438\u043c\u0438 \u043f\u0440\u0430\u0432\u0430\u043c\u0438 \u043d\u0430 \u043d\u0435\u043f\u0440\u0438\u043a\u043e\u0441\u043d\u043e\u0432\u0435\u043d\u043d\u043e\u0441\u0442\u044c \u0447\u0430\u0441\u0442\u043d\u043e\u0439 \u0436\u0438\u0437\u043d\u0438. \u0412\u044b \u043d\u0435 \u0438\u043c\u0435\u0435\u0442\u0435 \u043f\u0440\u0430\u0432\u0430 \u043d\u0430 \u043a\u0430\u043a\u043e\u0435-\u043b\u0438\u0431\u043e \u0432\u043e\u0437\u043d\u0430\u0433\u0440\u0430\u0436\u0434\u0435\u043d\u0438\u0435, \u043a\u0430\u043a \u0430\u0432\u0430\u043d\u0441\u043e\u0432\u043e\u0435, \u0442\u0430\u043a \u0438 \u043f\u043e\u0441\u043b\u0435\u0434\u0443\u044e\u0449\u0435\u0435, \u0438 \u0443 \u0432\u0430\u0441 \u043d\u0435 \u0431\u0443\u0434\u0435\u0442 \u043d\u0438\u043a\u0430\u043a\u0438\u0445 \u043f\u0440\u0435\u0442\u0435\u043d\u0437\u0438\u0439 \u0438\u043b\u0438 \u0442\u0440\u0435\u0431\u043e\u0432\u0430\u043d\u0438\u0439 \u043b\u044e\u0431\u043e\u0433\u043e \u0440\u043e\u0434\u0430 \u043a \u0410\u0441\u0441\u043e\u0446\u0438\u0430\u0446\u0438\u0438 TMG \u043f\u043e \u043f\u043e\u0432\u043e\u0434\u0443 \u0442\u0430\u043a\u043e\u0433\u043e \u0432\u043e\u0437\u043d\u0430\u0433\u0440\u0430\u0436\u0434\u0435\u043d\u0438\u044f. \u0421\u043d\u0438\u043c\u043a\u0438 \u0438 \u0432\u0438\u0434\u0435\u043e, \u0441\u0434\u0435\u043b\u0430\u043d\u043d\u044b\u0435 \u0432\u043e \u0432\u0440\u0435\u043c\u044f \u043c\u0435\u0440\u043e\u043f\u0440\u0438\u044f\u0442\u0438\u044f, \u0431\u0443\u0434\u0443\u0442 \u043e\u0431\u0440\u0430\u0431\u0430\u0442\u044b\u0432\u0430\u0442\u044c\u0441\u044f \u0434\u043e \u0442\u0435\u0445 \u043f\u043e\u0440, \u043f\u043e\u043a\u0430 \u0432\u044b \u043d\u0435 \u043e\u0442\u0437\u043e\u0432\u0435\u0442\u0435 \u0441\u0432\u043e\u0435 \u0441\u043e\u0433\u043b\u0430\u0441\u0438\u0435.<\/p>\n\t\t\t\t\t\t\t\t<\/div>\n\t\t\t\t<\/div>\n\t\t\t\t\t<\/div>\n\t\t<\/div>\n\t\t\t\t\t<\/div>\n\t\t<\/section>\n\t\t\t\t<\/div>","protected":false},"excerpt":{"rendered":"<p>Adatkezel\u00e9si t\u00e1j\u00e9koztat\u00f3 &#8211; REAG Szem\u00e9lyes adataid kezel\u0151je a Talajmeg\u00faj\u00edt\u00f3 Gazd\u00e1k Egyes\u00fclete (a tov\u00e1bbiakban TMG Egyes\u00fclet; 6774, Ferencsz\u00e1ll\u00e1s, Szegedi u. 3.) A rendezv\u00e9nyen k\u00e9p- \u00e9s hangfelv\u00e9tel k\u00e9sz\u00fcl. A rendezv\u00e9nyen val\u00f3 r\u00e9szv\u00e9teleddel el\u0151re \u00e9s kifejezetten hozz\u00e1j\u00e1rul\u00e1sod adod arcod, megjelen\u00e9sed, megnyilv\u00e1nul\u00e1said r\u00f6gz\u00edt\u00e9s\u00e9hez \u00e9s k\u00f6zl\u00e9s\u00e9hez a TMG Egyes\u00fclet vagy a TMG Egyes\u00fclet \u00e1ltal megb\u00edzott szakember \u00e1ltal t\u00f6rt\u00e9n\u0151 hang \u00e9s\/vagy [&hellip;]<\/p>","protected":false},"author":141,"featured_media":0,"parent":0,"menu_order":0,"comment_status":"closed","ping_status":"closed","template":"elementor_header_footer","meta":{"footnotes":""},"class_list":["post-3716","page","type-page","status-publish","hentry"],"yoast_head":"<!-- This site is optimized with the Yoast SEO plugin v26.6 - https:\/\/yoast.com\/wordpress\/plugins\/seo\/ -->\n<title>Adatkezel\u00e9si t\u00e1j\u00e9koztat\u00f3 - REAG - Talajmeg\u00faj\u00edt\u00f3 Gazd\u00e1k Egyes\u00fclete<\/title>\n<meta name=\"robots\" content=\"index, follow, max-snippet:-1, max-image-preview:large, max-video-preview:-1\" \/>\n<link rel=\"canonical\" href=\"https:\/\/tmg.hu\/ru\/\u043e\u0442\u0432\u0435\u0442-\u043a\u043e\u043d\u0442\u0440\u043e\u043b\u0435\u0440\u0430-\u0434\u0430\u043d\u043d\u044b\u0445\/\" \/>\n<meta property=\"og:locale\" content=\"ru_RU\" \/>\n<meta property=\"og:type\" content=\"article\" \/>\n<meta property=\"og:title\" content=\"Adatkezel\u00e9si t\u00e1j\u00e9koztat\u00f3 - REAG - Talajmeg\u00faj\u00edt\u00f3 Gazd\u00e1k Egyes\u00fclete\" \/>\n<meta property=\"og:description\" content=\"Adatkezel\u00e9si t\u00e1j\u00e9koztat\u00f3 &#8211; REAG Szem\u00e9lyes adataid kezel\u0151je a Talajmeg\u00faj\u00edt\u00f3 Gazd\u00e1k Egyes\u00fclete (a tov\u00e1bbiakban TMG Egyes\u00fclet; 6774, Ferencsz\u00e1ll\u00e1s, Szegedi u. 3.) A rendezv\u00e9nyen k\u00e9p- \u00e9s hangfelv\u00e9tel k\u00e9sz\u00fcl. A rendezv\u00e9nyen val\u00f3 r\u00e9szv\u00e9teleddel el\u0151re \u00e9s kifejezetten hozz\u00e1j\u00e1rul\u00e1sod adod arcod, megjelen\u00e9sed, megnyilv\u00e1nul\u00e1said r\u00f6gz\u00edt\u00e9s\u00e9hez \u00e9s k\u00f6zl\u00e9s\u00e9hez a TMG Egyes\u00fclet vagy a TMG Egyes\u00fclet \u00e1ltal megb\u00edzott szakember \u00e1ltal t\u00f6rt\u00e9n\u0151 hang \u00e9s\/vagy [&hellip;]\" \/>\n<meta property=\"og:url\" content=\"https:\/\/tmg.hu\/ru\/\u043e\u0442\u0432\u0435\u0442-\u043a\u043e\u043d\u0442\u0440\u043e\u043b\u0435\u0440\u0430-\u0434\u0430\u043d\u043d\u044b\u0445\/\" \/>\n<meta property=\"og:site_name\" content=\"Talajmeg\u00faj\u00edt\u00f3 Gazd\u00e1k Egyes\u00fclete\" \/>\n<meta property=\"article:publisher\" content=\"https:\/\/www.facebook.com\/tmg.egyesulet\/\" \/>\n<meta property=\"article:modified_time\" content=\"2023-11-28T13:21:37+00:00\" \/>\n<meta property=\"og:image\" content=\"https:\/\/tmg.hu\/wp-content\/uploads\/2024\/10\/tmg_og_logo.png\" \/>\n\t<meta property=\"og:image:width\" content=\"1200\" \/>\n\t<meta property=\"og:image:height\" content=\"630\" \/>\n\t<meta property=\"og:image:type\" content=\"image\/png\" \/>\n<meta name=\"twitter:card\" content=\"summary_large_image\" \/>\n<meta name=\"twitter:label1\" content=\"\u041f\u0440\u0438\u043c\u0435\u0440\u043d\u043e\u0435 \u0432\u0440\u0435\u043c\u044f \u0434\u043b\u044f \u0447\u0442\u0435\u043d\u0438\u044f\" \/>\n\t<meta name=\"twitter:data1\" content=\"1 \u043c\u0438\u043d\u0443\u0442\u0430\" \/>\n<script type=\"application\/ld+json\" class=\"yoast-schema-graph\">{\"@context\":\"https:\/\/schema.org\",\"@graph\":[{\"@type\":\"WebPage\",\"@id\":\"https:\/\/tmg.hu\/adatkezelesi-tajekoztato-reag\/\",\"url\":\"https:\/\/tmg.hu\/adatkezelesi-tajekoztato-reag\/\",\"name\":\"Adatkezel\u00e9si t\u00e1j\u00e9koztat\u00f3 - REAG - Talajmeg\u00faj\u00edt\u00f3 Gazd\u00e1k Egyes\u00fclete\",\"isPartOf\":{\"@id\":\"https:\/\/tmg.hu\/#website\"},\"datePublished\":\"2023-11-11T22:17:13+00:00\",\"dateModified\":\"2023-11-28T13:21:37+00:00\",\"breadcrumb\":{\"@id\":\"https:\/\/tmg.hu\/adatkezelesi-tajekoztato-reag\/#breadcrumb\"},\"inLanguage\":\"ru-RU\",\"potentialAction\":[{\"@type\":\"ReadAction\",\"target\":[\"https:\/\/tmg.hu\/adatkezelesi-tajekoztato-reag\/\"]}]},{\"@type\":\"BreadcrumbList\",\"@id\":\"https:\/\/tmg.hu\/adatkezelesi-tajekoztato-reag\/#breadcrumb\",\"itemListElement\":[{\"@type\":\"ListItem\",\"position\":1,\"name\":\"Home\",\"item\":\"https:\/\/tmg.hu\/\"},{\"@type\":\"ListItem\",\"position\":2,\"name\":\"Adatkezel\u00e9si t\u00e1j\u00e9koztat\u00f3 &#8211; REAG\"}]},{\"@type\":\"WebSite\",\"@id\":\"https:\/\/tmg.hu\/#website\",\"url\":\"https:\/\/tmg.hu\/\",\"name\":\"TMG - Talajmeg\u00faj\u00edt\u00f3 Gazd\u00e1k Egyes\u00fclete\",\"description\":\"Talajmeg\u00faj\u00edt\u00f3 Gazd\u00e1k Egyes\u00fclete\",\"publisher\":{\"@id\":\"https:\/\/tmg.hu\/#organization\"},\"potentialAction\":[{\"@type\":\"SearchAction\",\"target\":{\"@type\":\"EntryPoint\",\"urlTemplate\":\"https:\/\/tmg.hu\/?s={search_term_string}\"},\"query-input\":{\"@type\":\"PropertyValueSpecification\",\"valueRequired\":true,\"valueName\":\"search_term_string\"}}],\"inLanguage\":\"ru-RU\"},{\"@type\":\"Organization\",\"@id\":\"https:\/\/tmg.hu\/#organization\",\"name\":\"Talajmeg\u00faj\u00edt\u00f3 Gazd\u00e1k Egyes\u00fclete\",\"url\":\"https:\/\/tmg.hu\/\",\"logo\":{\"@type\":\"ImageObject\",\"inLanguage\":\"ru-RU\",\"@id\":\"https:\/\/tmg.hu\/#\/schema\/logo\/image\/\",\"url\":\"https:\/\/tmg.hu\/wp-content\/uploads\/2024\/10\/tmg_og_logo.png\",\"contentUrl\":\"https:\/\/tmg.hu\/wp-content\/uploads\/2024\/10\/tmg_og_logo.png\",\"width\":1200,\"height\":630,\"caption\":\"Talajmeg\u00faj\u00edt\u00f3 Gazd\u00e1k Egyes\u00fclete\"},\"image\":{\"@id\":\"https:\/\/tmg.hu\/#\/schema\/logo\/image\/\"},\"sameAs\":[\"https:\/\/www.facebook.com\/tmg.egyesulet\/\",\"https:\/\/www.instagram.com\/tmg.hu\/\",\"https:\/\/www.youtube.com\/@tmg_egyesulet\"]}]}<\/script>\n<!-- \/ Yoast SEO plugin. -->","yoast_head_json":{"title":"\u041f\u043e\u043b\u0438\u0442\u0438\u043a\u0430 \u043a\u043e\u043d\u0444\u0438\u0434\u0435\u043d\u0446\u0438\u0430\u043b\u044c\u043d\u043e\u0441\u0442\u0438 - REAG - \u0410\u0441\u0441\u043e\u0446\u0438\u0430\u0446\u0438\u044f \u0444\u0435\u0440\u043c\u0435\u0440\u043e\u0432 \u043f\u043e \u043e\u0431\u043d\u043e\u0432\u043b\u0435\u043d\u0438\u044e \u043f\u043e\u0447\u0432","robots":{"index":"index","follow":"follow","max-snippet":"max-snippet:-1","max-image-preview":"max-image-preview:large","max-video-preview":"max-video-preview:-1"},"canonical":"https:\/\/tmg.hu\/ru\/\u043e\u0442\u0432\u0435\u0442-\u043a\u043e\u043d\u0442\u0440\u043e\u043b\u0435\u0440\u0430-\u0434\u0430\u043d\u043d\u044b\u0445\/","og_locale":"ru_RU","og_type":"article","og_title":"Adatkezel\u00e9si t\u00e1j\u00e9koztat\u00f3 - REAG - Talajmeg\u00faj\u00edt\u00f3 Gazd\u00e1k Egyes\u00fclete","og_description":"Adatkezel\u00e9si t\u00e1j\u00e9koztat\u00f3 &#8211; REAG Szem\u00e9lyes adataid kezel\u0151je a Talajmeg\u00faj\u00edt\u00f3 Gazd\u00e1k Egyes\u00fclete (a tov\u00e1bbiakban TMG Egyes\u00fclet; 6774, Ferencsz\u00e1ll\u00e1s, Szegedi u. 3.) A rendezv\u00e9nyen k\u00e9p- \u00e9s hangfelv\u00e9tel k\u00e9sz\u00fcl. A rendezv\u00e9nyen val\u00f3 r\u00e9szv\u00e9teleddel el\u0151re \u00e9s kifejezetten hozz\u00e1j\u00e1rul\u00e1sod adod arcod, megjelen\u00e9sed, megnyilv\u00e1nul\u00e1said r\u00f6gz\u00edt\u00e9s\u00e9hez \u00e9s k\u00f6zl\u00e9s\u00e9hez a TMG Egyes\u00fclet vagy a TMG Egyes\u00fclet \u00e1ltal megb\u00edzott szakember \u00e1ltal t\u00f6rt\u00e9n\u0151 hang \u00e9s\/vagy [&hellip;]","og_url":"https:\/\/tmg.hu\/ru\/\u043e\u0442\u0432\u0435\u0442-\u043a\u043e\u043d\u0442\u0440\u043e\u043b\u0435\u0440\u0430-\u0434\u0430\u043d\u043d\u044b\u0445\/","og_site_name":"Talajmeg\u00faj\u00edt\u00f3 Gazd\u00e1k Egyes\u00fclete","article_publisher":"https:\/\/www.facebook.com\/tmg.egyesulet\/","article_modified_time":"2023-11-28T13:21:37+00:00","og_image":[{"width":1200,"height":630,"url":"https:\/\/tmg.hu\/wp-content\/uploads\/2024\/10\/tmg_og_logo.png","type":"image\/png"}],"twitter_card":"summary_large_image","twitter_misc":{"\u041f\u0440\u0438\u043c\u0435\u0440\u043d\u043e\u0435 \u0432\u0440\u0435\u043c\u044f \u0434\u043b\u044f \u0447\u0442\u0435\u043d\u0438\u044f":"1 \u043c\u0438\u043d\u0443\u0442\u0430"},"schema":{"@context":"https:\/\/schema.org","@graph":[{"@type":"WebPage","@id":"https:\/\/tmg.hu\/adatkezelesi-tajekoztato-reag\/","url":"https:\/\/tmg.hu\/adatkezelesi-tajekoztato-reag\/","name":"\u041f\u043e\u043b\u0438\u0442\u0438\u043a\u0430 \u043a\u043e\u043d\u0444\u0438\u0434\u0435\u043d\u0446\u0438\u0430\u043b\u044c\u043d\u043e\u0441\u0442\u0438 - REAG - \u0410\u0441\u0441\u043e\u0446\u0438\u0430\u0446\u0438\u044f \u0444\u0435\u0440\u043c\u0435\u0440\u043e\u0432 \u043f\u043e \u043e\u0431\u043d\u043e\u0432\u043b\u0435\u043d\u0438\u044e \u043f\u043e\u0447\u0432","isPartOf":{"@id":"https:\/\/tmg.hu\/#website"},"datePublished":"2023-11-11T22:17:13+00:00","dateModified":"2023-11-28T13:21:37+00:00","breadcrumb":{"@id":"https:\/\/tmg.hu\/adatkezelesi-tajekoztato-reag\/#breadcrumb"},"inLanguage":"ru-RU","potentialAction":[{"@type":"ReadAction","target":["https:\/\/tmg.hu\/adatkezelesi-tajekoztato-reag\/"]}]},{"@type":"BreadcrumbList","@id":"https:\/\/tmg.hu\/adatkezelesi-tajekoztato-reag\/#breadcrumb","itemListElement":[{"@type":"ListItem","position":1,"name":"Home","item":"https:\/\/tmg.hu\/"},{"@type":"ListItem","position":2,"name":"Adatkezel\u00e9si t\u00e1j\u00e9koztat\u00f3 &#8211; REAG"}]},{"@type":"WebSite","@id":"https:\/\/tmg.hu\/#website","url":"https:\/\/tmg.hu\/","name":"TMG - \u0410\u0441\u0441\u043e\u0446\u0438\u0430\u0446\u0438\u044f \u0444\u0435\u0440\u043c\u0435\u0440\u043e\u0432 \u043f\u043e \u043e\u0431\u043d\u043e\u0432\u043b\u0435\u043d\u0438\u044e \u043f\u043e\u0447\u0432","description":"\u0410\u0441\u0441\u043e\u0446\u0438\u0430\u0446\u0438\u044f \u0444\u0435\u0440\u043c\u0435\u0440\u043e\u0432 \u043f\u043e \u0432\u043e\u0441\u0441\u0442\u0430\u043d\u043e\u0432\u043b\u0435\u043d\u0438\u044e \u043f\u043e\u0447\u0432","publisher":{"@id":"https:\/\/tmg.hu\/#organization"},"potentialAction":[{"@type":"SearchAction","target":{"@type":"EntryPoint","urlTemplate":"https:\/\/tmg.hu\/?s={search_term_string}"},"query-input":{"@type":"PropertyValueSpecification","valueRequired":true,"valueName":"search_term_string"}}],"inLanguage":"ru-RU"},{"@type":"Organization","@id":"https:\/\/tmg.hu\/#organization","name":"\u0410\u0441\u0441\u043e\u0446\u0438\u0430\u0446\u0438\u044f \u0444\u0435\u0440\u043c\u0435\u0440\u043e\u0432 \u043f\u043e \u0432\u043e\u0441\u0441\u0442\u0430\u043d\u043e\u0432\u043b\u0435\u043d\u0438\u044e \u043f\u043e\u0447\u0432","url":"https:\/\/tmg.hu\/","logo":{"@type":"ImageObject","inLanguage":"ru-RU","@id":"https:\/\/tmg.hu\/#\/schema\/logo\/image\/","url":"https:\/\/tmg.hu\/wp-content\/uploads\/2024\/10\/tmg_og_logo.png","contentUrl":"https:\/\/tmg.hu\/wp-content\/uploads\/2024\/10\/tmg_og_logo.png","width":1200,"height":630,"caption":"Talajmeg\u00faj\u00edt\u00f3 Gazd\u00e1k Egyes\u00fclete"},"image":{"@id":"https:\/\/tmg.hu\/#\/schema\/logo\/image\/"},"sameAs":["https:\/\/www.facebook.com\/tmg.egyesulet\/","https:\/\/www.instagram.com\/tmg.hu\/","https:\/\/www.youtube.com\/@tmg_egyesulet"]}]}},"_links":{"self":[{"href":"https:\/\/tmg.hu\/ru\/wp-json\/wp\/v2\/pages\/3716","targetHints":{"allow":["GET"]}}],"collection":[{"href":"https:\/\/tmg.hu\/ru\/wp-json\/wp\/v2\/pages"}],"about":[{"href":"https:\/\/tmg.hu\/ru\/wp-json\/wp\/v2\/types\/page"}],"author":[{"embeddable":true,"href":"https:\/\/tmg.hu\/ru\/wp-json\/wp\/v2\/users\/141"}],"replies":[{"embeddable":true,"href":"https:\/\/tmg.hu\/ru\/wp-json\/wp\/v2\/comments?post=3716"}],"version-history":[{"count":14,"href":"https:\/\/tmg.hu\/ru\/wp-json\/wp\/v2\/pages\/3716\/revisions"}],"predecessor-version":[{"id":4490,"href":"https:\/\/tmg.hu\/ru\/wp-json\/wp\/v2\/pages\/3716\/revisions\/4490"}],"wp:attachment":[{"href":"https:\/\/tmg.hu\/ru\/wp-json\/wp\/v2\/media?parent=3716"}],"curies":[{"name":"wp","href":"https:\/\/api.w.org\/{rel}","templated":true}]}}