{"id":2555,"date":"2023-04-19T15:05:34","date_gmt":"2023-04-19T13:05:34","guid":{"rendered":"https:\/\/tmg.hu\/?page_id=2555"},"modified":"2023-11-27T13:54:06","modified_gmt":"2023-11-27T12:54:06","slug":"%d1%83%d1%81%d0%bf%d0%b5%d1%88%d0%bd%d0%b0%d1%8f-%d1%80%d0%b5%d0%b3%d0%b8%d1%81%d1%82%d1%80%d0%b0%d1%86%d0%b8%d1%8f-%d0%bc%d0%b5%d1%80%d0%be%d0%bf%d1%80%d0%b8%d1%8f%d1%82%d0%b8%d1%8f","status":"publish","type":"page","link":"https:\/\/tmg.hu\/ru\/%d1%83%d1%81%d0%bf%d0%b5%d1%88%d0%bd%d0%b0%d1%8f-%d1%80%d0%b5%d0%b3%d0%b8%d1%81%d1%82%d1%80%d0%b0%d1%86%d0%b8%d1%8f-%d0%bc%d0%b5%d1%80%d0%be%d0%bf%d1%80%d0%b8%d1%8f%d1%82%d0%b8%d1%8f\/","title":{"rendered":"\u0423\u0441\u043f\u0435\u0448\u043d\u0430\u044f \u0440\u0435\u0433\u0438\u0441\u0442\u0440\u0430\u0446\u0438\u044f \u043c\u0435\u0440\u043e\u043f\u0440\u0438\u044f\u0442\u0438\u044f!"},"content":{"rendered":"<div data-elementor-type=\"wp-page\" data-elementor-id=\"2555\" class=\"elementor elementor-2555\" data-elementor-post-type=\"page\">\n\t\t\t\t\t\t<section class=\"elementor-section elementor-top-section elementor-element elementor-element-e81bf86 elementor-section-stretched elementor-section-boxed elementor-section-height-default elementor-section-height-default\" data-id=\"e81bf86\" data-element_type=\"section\" data-settings=\"{&quot;stretch_section&quot;:&quot;section-stretched&quot;,&quot;background_background&quot;:&quot;classic&quot;}\">\n\t\t\t\t\t\t\t<div class=\"elementor-background-overlay\"><\/div>\n\t\t\t\t\t\t\t<div class=\"elementor-container elementor-column-gap-default\">\n\t\t\t\t\t<div class=\"elementor-column elementor-col-100 elementor-top-column elementor-element elementor-element-db4e9ca\" data-id=\"db4e9ca\" data-element_type=\"column\">\n\t\t\t<div class=\"elementor-widget-wrap elementor-element-populated\">\n\t\t\t\t\t\t<div class=\"elementor-element elementor-element-3bdbd61 elementor-widget elementor-widget-heading\" data-id=\"3bdbd61\" data-element_type=\"widget\" data-widget_type=\"heading.default\">\n\t\t\t\t<div class=\"elementor-widget-container\">\n\t\t\t\t\t<h2 class=\"elementor-heading-title elementor-size-default\">\u0423\u0441\u043f\u0435\u0448\u043d\u0430\u044f \u0440\u0435\u0433\u0438\u0441\u0442\u0440\u0430\u0446\u0438\u044f \u043c\u0435\u0440\u043e\u043f\u0440\u0438\u044f\u0442\u0438\u044f!<\/h2>\t\t\t\t<\/div>\n\t\t\t\t<\/div>\n\t\t\t\t<div class=\"elementor-element elementor-element-31cecb77 elementor-widget elementor-widget-text-editor\" data-id=\"31cecb77\" data-element_type=\"widget\" data-widget_type=\"text-editor.default\">\n\t\t\t\t<div class=\"elementor-widget-container\">\n\t\t\t\t\t\t\t\t\t<p>\u0412\u044b \u0441\u0434\u0435\u043b\u0430\u043b\u0438 \u043f\u0440\u0430\u0432\u0438\u043b\u044c\u043d\u044b\u0439 \u0432\u044b\u0431\u043e\u0440, \u0441\u043f\u0430\u0441\u0438\u0431\u043e \u0437\u0430 \u0440\u0435\u0433\u0438\u0441\u0442\u0440\u0430\u0446\u0438\u044e <strong>TMG REAG VII \u041a\u043e\u043d\u0444\u0435\u0440\u0435\u043d\u0446\u0438\u044f \u0438 \u0432\u044b\u0441\u0442\u0430\u0432\u043a\u0430 \"\u0416\u0438\u0437\u043d\u044c \u043f\u043e\u0447\u0432\u044b<\/strong>!<\/p><p>\u0411\u043e\u043b\u0435\u0435 \u043f\u043e\u0434\u0440\u043e\u0431\u043d\u0430\u044f \u0438\u043d\u0444\u043e\u0440\u043c\u0430\u0446\u0438\u044f \u043e \u043c\u0435\u0440\u043e\u043f\u0440\u0438\u044f\u0442\u0438\u0438 \u0431\u0443\u0434\u0435\u0442 \u043e\u0442\u043f\u0440\u0430\u0432\u043b\u0435\u043d\u0430 \u043f\u043e \u044d\u043b\u0435\u043a\u0442\u0440\u043e\u043d\u043d\u043e\u0439 \u043f\u043e\u0447\u0442\u0435.<\/p>\t\t\t\t\t\t\t\t<\/div>\n\t\t\t\t<\/div>\n\t\t\t\t\t<\/div>\n\t\t<\/div>\n\t\t\t\t\t<\/div>\n\t\t<\/section>\n\t\t\t\t<\/div>","protected":false},"excerpt":{"rendered":"<p>\u0412\u044b \u043f\u0440\u0438\u043d\u044f\u043b\u0438 \u043f\u0440\u0430\u0432\u0438\u043b\u044c\u043d\u043e\u0435 \u0440\u0435\u0448\u0435\u043d\u0438\u0435, \u0441\u043f\u0430\u0441\u0438\u0431\u043e \u0437\u0430 \u0440\u0435\u0433\u0438\u0441\u0442\u0440\u0430\u0446\u0438\u044e \u043d\u0430 \u043a\u043e\u043d\u0444\u0435\u0440\u0435\u043d\u0446\u0438\u044e \u0438 \u0432\u044b\u0441\u0442\u0430\u0432\u043a\u0443 TMG REAG VII \"\u0416\u0438\u0437\u043d\u044c \u043f\u043e\u0447\u0432\u044b\"! \u0411\u043e\u043b\u0435\u0435 \u043f\u043e\u0434\u0440\u043e\u0431\u043d\u0430\u044f \u0438\u043d\u0444\u043e\u0440\u043c\u0430\u0446\u0438\u044f \u043e \u043c\u0435\u0440\u043e\u043f\u0440\u0438\u044f\u0442\u0438\u0438 \u0431\u0443\u0434\u0435\u0442 \u043e\u0442\u043f\u0440\u0430\u0432\u043b\u0435\u043d\u0430 \u0432\u0430\u043c \u043f\u043e \u044d\u043b\u0435\u043a\u0442\u0440\u043e\u043d\u043d\u043e\u0439 \u043f\u043e\u0447\u0442\u0435.<\/p>","protected":false},"author":55,"featured_media":0,"parent":0,"menu_order":0,"comment_status":"closed","ping_status":"closed","template":"","meta":{"footnotes":""},"class_list":["post-2555","page","type-page","status-publish","hentry"],"yoast_head":"<!-- This site is optimized with the Yoast SEO plugin v26.6 - https:\/\/yoast.com\/wordpress\/plugins\/seo\/ -->\n<title>Sikeres rendezv\u00e9ny regisztr\u00e1ci\u00f3! - Talajmeg\u00faj\u00edt\u00f3 Gazd\u00e1k Egyes\u00fclete<\/title>\n<meta name=\"robots\" content=\"index, follow, max-snippet:-1, max-image-preview:large, max-video-preview:-1\" \/>\n<link rel=\"canonical\" href=\"https:\/\/tmg.hu\/ru\/\u0443\u0441\u043f\u0435\u0448\u043d\u0430\u044f-\u0440\u0435\u0433\u0438\u0441\u0442\u0440\u0430\u0446\u0438\u044f-\u043c\u0435\u0440\u043e\u043f\u0440\u0438\u044f\u0442\u0438\u044f\/\" \/>\n<meta property=\"og:locale\" content=\"ru_RU\" \/>\n<meta property=\"og:type\" content=\"article\" \/>\n<meta property=\"og:title\" content=\"Sikeres rendezv\u00e9ny regisztr\u00e1ci\u00f3! - Talajmeg\u00faj\u00edt\u00f3 Gazd\u00e1k Egyes\u00fclete\" \/>\n<meta property=\"og:description\" content=\"J\u00f3l d\u00f6nt\u00f6tt\u00e9l, k\u00f6sz\u00f6nj\u00fck, hogy regisztr\u00e1lt\u00e1l a TMG REAG VII. Talaj\u00e9let Konferencia \u00e9s Szakki\u00e1ll\u00edt\u00e1sra! A rendezv\u00e9nnyel kapcsolatos tov\u00e1bbi tudnival\u00f3kr\u00f3l e-mailben t\u00e1j\u00e9koztatunk.\" \/>\n<meta property=\"og:url\" content=\"https:\/\/tmg.hu\/ru\/\u0443\u0441\u043f\u0435\u0448\u043d\u0430\u044f-\u0440\u0435\u0433\u0438\u0441\u0442\u0440\u0430\u0446\u0438\u044f-\u043c\u0435\u0440\u043e\u043f\u0440\u0438\u044f\u0442\u0438\u044f\/\" \/>\n<meta property=\"og:site_name\" content=\"Talajmeg\u00faj\u00edt\u00f3 Gazd\u00e1k Egyes\u00fclete\" \/>\n<meta property=\"article:publisher\" content=\"https:\/\/www.facebook.com\/tmg.egyesulet\/\" \/>\n<meta property=\"article:modified_time\" content=\"2023-11-27T12:54:06+00:00\" \/>\n<meta property=\"og:image\" content=\"https:\/\/tmg.hu\/wp-content\/uploads\/2024\/10\/tmg_og_logo.png\" \/>\n\t<meta property=\"og:image:width\" content=\"1200\" \/>\n\t<meta property=\"og:image:height\" content=\"630\" \/>\n\t<meta property=\"og:image:type\" content=\"image\/png\" \/>\n<meta name=\"twitter:card\" content=\"summary_large_image\" \/>\n<script type=\"application\/ld+json\" class=\"yoast-schema-graph\">{\"@context\":\"https:\/\/schema.org\",\"@graph\":[{\"@type\":\"WebPage\",\"@id\":\"https:\/\/tmg.hu\/sikeres-rendezveny-regisztracio\/\",\"url\":\"https:\/\/tmg.hu\/sikeres-rendezveny-regisztracio\/\",\"name\":\"Sikeres rendezv\u00e9ny regisztr\u00e1ci\u00f3! - Talajmeg\u00faj\u00edt\u00f3 Gazd\u00e1k Egyes\u00fclete\",\"isPartOf\":{\"@id\":\"https:\/\/tmg.hu\/#website\"},\"datePublished\":\"2023-04-19T13:05:34+00:00\",\"dateModified\":\"2023-11-27T12:54:06+00:00\",\"breadcrumb\":{\"@id\":\"https:\/\/tmg.hu\/sikeres-rendezveny-regisztracio\/#breadcrumb\"},\"inLanguage\":\"ru-RU\",\"potentialAction\":[{\"@type\":\"ReadAction\",\"target\":[\"https:\/\/tmg.hu\/sikeres-rendezveny-regisztracio\/\"]}]},{\"@type\":\"BreadcrumbList\",\"@id\":\"https:\/\/tmg.hu\/sikeres-rendezveny-regisztracio\/#breadcrumb\",\"itemListElement\":[{\"@type\":\"ListItem\",\"position\":1,\"name\":\"Home\",\"item\":\"https:\/\/tmg.hu\/\"},{\"@type\":\"ListItem\",\"position\":2,\"name\":\"Sikeres rendezv\u00e9ny regisztr\u00e1ci\u00f3!\"}]},{\"@type\":\"WebSite\",\"@id\":\"https:\/\/tmg.hu\/#website\",\"url\":\"https:\/\/tmg.hu\/\",\"name\":\"TMG - Talajmeg\u00faj\u00edt\u00f3 Gazd\u00e1k Egyes\u00fclete\",\"description\":\"Talajmeg\u00faj\u00edt\u00f3 Gazd\u00e1k Egyes\u00fclete\",\"publisher\":{\"@id\":\"https:\/\/tmg.hu\/#organization\"},\"potentialAction\":[{\"@type\":\"SearchAction\",\"target\":{\"@type\":\"EntryPoint\",\"urlTemplate\":\"https:\/\/tmg.hu\/?s={search_term_string}\"},\"query-input\":{\"@type\":\"PropertyValueSpecification\",\"valueRequired\":true,\"valueName\":\"search_term_string\"}}],\"inLanguage\":\"ru-RU\"},{\"@type\":\"Organization\",\"@id\":\"https:\/\/tmg.hu\/#organization\",\"name\":\"Talajmeg\u00faj\u00edt\u00f3 Gazd\u00e1k Egyes\u00fclete\",\"url\":\"https:\/\/tmg.hu\/\",\"logo\":{\"@type\":\"ImageObject\",\"inLanguage\":\"ru-RU\",\"@id\":\"https:\/\/tmg.hu\/#\/schema\/logo\/image\/\",\"url\":\"https:\/\/tmg.hu\/wp-content\/uploads\/2024\/10\/tmg_og_logo.png\",\"contentUrl\":\"https:\/\/tmg.hu\/wp-content\/uploads\/2024\/10\/tmg_og_logo.png\",\"width\":1200,\"height\":630,\"caption\":\"Talajmeg\u00faj\u00edt\u00f3 Gazd\u00e1k Egyes\u00fclete\"},\"image\":{\"@id\":\"https:\/\/tmg.hu\/#\/schema\/logo\/image\/\"},\"sameAs\":[\"https:\/\/www.facebook.com\/tmg.egyesulet\/\",\"https:\/\/www.instagram.com\/tmg.hu\/\",\"https:\/\/www.youtube.com\/@tmg_egyesulet\"]}]}<\/script>\n<!-- \/ Yoast SEO plugin. -->","yoast_head_json":{"title":"\u0420\u0435\u0433\u0438\u0441\u0442\u0440\u0430\u0446\u0438\u044f \u0443\u0441\u043f\u0435\u0448\u043d\u043e\u0433\u043e \u043c\u0435\u0440\u043e\u043f\u0440\u0438\u044f\u0442\u0438\u044f! - \u0410\u0441\u0441\u043e\u0446\u0438\u0430\u0446\u0438\u044f \u0444\u0435\u0440\u043c\u0435\u0440\u043e\u0432 \u043f\u043e \u043e\u0431\u043d\u043e\u0432\u043b\u0435\u043d\u0438\u044e \u043f\u043e\u0447\u0432","robots":{"index":"index","follow":"follow","max-snippet":"max-snippet:-1","max-image-preview":"max-image-preview:large","max-video-preview":"max-video-preview:-1"},"canonical":"https:\/\/tmg.hu\/ru\/\u0443\u0441\u043f\u0435\u0448\u043d\u0430\u044f-\u0440\u0435\u0433\u0438\u0441\u0442\u0440\u0430\u0446\u0438\u044f-\u043c\u0435\u0440\u043e\u043f\u0440\u0438\u044f\u0442\u0438\u044f\/","og_locale":"ru_RU","og_type":"article","og_title":"Sikeres rendezv\u00e9ny regisztr\u00e1ci\u00f3! - Talajmeg\u00faj\u00edt\u00f3 Gazd\u00e1k Egyes\u00fclete","og_description":"J\u00f3l d\u00f6nt\u00f6tt\u00e9l, k\u00f6sz\u00f6nj\u00fck, hogy regisztr\u00e1lt\u00e1l a TMG REAG VII. Talaj\u00e9let Konferencia \u00e9s Szakki\u00e1ll\u00edt\u00e1sra! A rendezv\u00e9nnyel kapcsolatos tov\u00e1bbi tudnival\u00f3kr\u00f3l e-mailben t\u00e1j\u00e9koztatunk.","og_url":"https:\/\/tmg.hu\/ru\/\u0443\u0441\u043f\u0435\u0448\u043d\u0430\u044f-\u0440\u0435\u0433\u0438\u0441\u0442\u0440\u0430\u0446\u0438\u044f-\u043c\u0435\u0440\u043e\u043f\u0440\u0438\u044f\u0442\u0438\u044f\/","og_site_name":"Talajmeg\u00faj\u00edt\u00f3 Gazd\u00e1k Egyes\u00fclete","article_publisher":"https:\/\/www.facebook.com\/tmg.egyesulet\/","article_modified_time":"2023-11-27T12:54:06+00:00","og_image":[{"width":1200,"height":630,"url":"https:\/\/tmg.hu\/wp-content\/uploads\/2024\/10\/tmg_og_logo.png","type":"image\/png"}],"twitter_card":"summary_large_image","schema":{"@context":"https:\/\/schema.org","@graph":[{"@type":"WebPage","@id":"https:\/\/tmg.hu\/sikeres-rendezveny-regisztracio\/","url":"https:\/\/tmg.hu\/sikeres-rendezveny-regisztracio\/","name":"\u0420\u0435\u0433\u0438\u0441\u0442\u0440\u0430\u0446\u0438\u044f \u0443\u0441\u043f\u0435\u0448\u043d\u043e\u0433\u043e \u043c\u0435\u0440\u043e\u043f\u0440\u0438\u044f\u0442\u0438\u044f! - \u0410\u0441\u0441\u043e\u0446\u0438\u0430\u0446\u0438\u044f \u0444\u0435\u0440\u043c\u0435\u0440\u043e\u0432 \u043f\u043e \u043e\u0431\u043d\u043e\u0432\u043b\u0435\u043d\u0438\u044e \u043f\u043e\u0447\u0432","isPartOf":{"@id":"https:\/\/tmg.hu\/#website"},"datePublished":"2023-04-19T13:05:34+00:00","dateModified":"2023-11-27T12:54:06+00:00","breadcrumb":{"@id":"https:\/\/tmg.hu\/sikeres-rendezveny-regisztracio\/#breadcrumb"},"inLanguage":"ru-RU","potentialAction":[{"@type":"ReadAction","target":["https:\/\/tmg.hu\/sikeres-rendezveny-regisztracio\/"]}]},{"@type":"BreadcrumbList","@id":"https:\/\/tmg.hu\/sikeres-rendezveny-regisztracio\/#breadcrumb","itemListElement":[{"@type":"ListItem","position":1,"name":"Home","item":"https:\/\/tmg.hu\/"},{"@type":"ListItem","position":2,"name":"Sikeres rendezv\u00e9ny regisztr\u00e1ci\u00f3!"}]},{"@type":"WebSite","@id":"https:\/\/tmg.hu\/#website","url":"https:\/\/tmg.hu\/","name":"TMG - \u0410\u0441\u0441\u043e\u0446\u0438\u0430\u0446\u0438\u044f \u0444\u0435\u0440\u043c\u0435\u0440\u043e\u0432 \u043f\u043e \u043e\u0431\u043d\u043e\u0432\u043b\u0435\u043d\u0438\u044e \u043f\u043e\u0447\u0432","description":"\u0410\u0441\u0441\u043e\u0446\u0438\u0430\u0446\u0438\u044f \u0444\u0435\u0440\u043c\u0435\u0440\u043e\u0432 \u043f\u043e \u0432\u043e\u0441\u0441\u0442\u0430\u043d\u043e\u0432\u043b\u0435\u043d\u0438\u044e \u043f\u043e\u0447\u0432","publisher":{"@id":"https:\/\/tmg.hu\/#organization"},"potentialAction":[{"@type":"SearchAction","target":{"@type":"EntryPoint","urlTemplate":"https:\/\/tmg.hu\/?s={search_term_string}"},"query-input":{"@type":"PropertyValueSpecification","valueRequired":true,"valueName":"search_term_string"}}],"inLanguage":"ru-RU"},{"@type":"Organization","@id":"https:\/\/tmg.hu\/#organization","name":"\u0410\u0441\u0441\u043e\u0446\u0438\u0430\u0446\u0438\u044f \u0444\u0435\u0440\u043c\u0435\u0440\u043e\u0432 \u043f\u043e \u0432\u043e\u0441\u0441\u0442\u0430\u043d\u043e\u0432\u043b\u0435\u043d\u0438\u044e \u043f\u043e\u0447\u0432","url":"https:\/\/tmg.hu\/","logo":{"@type":"ImageObject","inLanguage":"ru-RU","@id":"https:\/\/tmg.hu\/#\/schema\/logo\/image\/","url":"https:\/\/tmg.hu\/wp-content\/uploads\/2024\/10\/tmg_og_logo.png","contentUrl":"https:\/\/tmg.hu\/wp-content\/uploads\/2024\/10\/tmg_og_logo.png","width":1200,"height":630,"caption":"Talajmeg\u00faj\u00edt\u00f3 Gazd\u00e1k Egyes\u00fclete"},"image":{"@id":"https:\/\/tmg.hu\/#\/schema\/logo\/image\/"},"sameAs":["https:\/\/www.facebook.com\/tmg.egyesulet\/","https:\/\/www.instagram.com\/tmg.hu\/","https:\/\/www.youtube.com\/@tmg_egyesulet"]}]}},"_links":{"self":[{"href":"https:\/\/tmg.hu\/ru\/wp-json\/wp\/v2\/pages\/2555","targetHints":{"allow":["GET"]}}],"collection":[{"href":"https:\/\/tmg.hu\/ru\/wp-json\/wp\/v2\/pages"}],"about":[{"href":"https:\/\/tmg.hu\/ru\/wp-json\/wp\/v2\/types\/page"}],"author":[{"embeddable":true,"href":"https:\/\/tmg.hu\/ru\/wp-json\/wp\/v2\/users\/55"}],"replies":[{"embeddable":true,"href":"https:\/\/tmg.hu\/ru\/wp-json\/wp\/v2\/comments?post=2555"}],"version-history":[{"count":21,"href":"https:\/\/tmg.hu\/ru\/wp-json\/wp\/v2\/pages\/2555\/revisions"}],"predecessor-version":[{"id":4405,"href":"https:\/\/tmg.hu\/ru\/wp-json\/wp\/v2\/pages\/2555\/revisions\/4405"}],"wp:attachment":[{"href":"https:\/\/tmg.hu\/ru\/wp-json\/wp\/v2\/media?parent=2555"}],"curies":[{"name":"wp","href":"https:\/\/api.w.org\/{rel}","templated":true}]}}