{"id":9758,"date":"2025-03-13T02:32:49","date_gmt":"2025-03-13T01:32:49","guid":{"rendered":"https:\/\/tmg.hu\/?post_type=product&#038;p=9758"},"modified":"2025-03-28T13:05:09","modified_gmt":"2025-03-28T12:05:09","slug":"david-r-montgomery-gleba-erozja-cywilizacji-i-david-r-montgomery-anne-bikle-ukryta-strona-termeszet-z-publikacja-ajandek","status":"publish","type":"product","link":"https:\/\/tmg.hu\/pl\/pokoje\/david-r-montgomery-gleba-erozja-cywilizacji-i-david-r-montgomery-anne-bikle-ukryta-strona-termeszet-z-publikacja-ajandek\/","title":{"rendered":"David R. Montgomery - Gleba - Erozja cywilizacji oraz David R. Montgomery - Anne Bikl\u00e9 - Ukryta strona natury z edycj\u0105 prezentow\u0105!"},"content":{"rendered":"<p>Kup razem <strong>David R. Montgomery - Gleba - erozja cywilizacji<\/strong> oraz <strong>David R. Montgomery - Anne Bikl\u00e9 - Ukryta strona natury<\/strong> ksi\u0105\u017cek, a my podarujemy Ci w prezencie <strong>2025 Publikacja REAG<\/strong>!<\/p>\n<p><strong>Gleba - erozja cywilizacji<\/strong><\/p>\n<p>Ta fascynuj\u0105ca ksi\u0105\u017cka bada, w jaki spos\u00f3b degradacja gleby przyczyni\u0142a si\u0119 do upadku cywilizacji w przesz\u0142o\u015bci i dlaczego rolnictwo regeneracyjne jest kluczem do naszej przysz\u0142o\u015bci.<\/p>\n<p><strong>Ukryta strona natury<\/strong><\/p>\n<p>Odkryj zaskakuj\u0105ce podobie\u0144stwa mi\u0119dzy ro\u015blinami a ludzkim cia\u0142em i dowiedz si\u0119, w jaki spos\u00f3b mikroby mog\u0105 pom\u00f3c przywr\u00f3ci\u0107 zdrowie gleby i nasze dobre samopoczucie!<\/p>\n<p>\ud83c\udf81 <strong>Prezent: Publikacja REAG 2025<\/strong><\/p>\n<p>Oficjalna publikacja 8. konferencji TMG REAG Soil Life zawiera 150 stron po\u015bwi\u0119conych maszynom, narz\u0119dziom, artyku\u0142om technicznym, praktycznym do\u015bwiadczeniom, specjalnym przepisom, zasadzie \"Jedno zdrowie gleba-ro\u015blina-zwierz\u0119-cz\u0142owiek\" i wielu innym...<\/p>\n<p>Zdob\u0105d\u017a ten przydatny pakiet wiedzy ju\u017c teraz i zag\u0142\u0119b si\u0119 w \u015bwiat my\u015blenia regeneracyjnego!<\/p>","protected":false},"excerpt":{"rendered":"<p>Kup razem <strong>David R. Montgomery - Gleba - erozja cywilizacji<\/strong> oraz <strong>David R. Montgomery - Anne Bikl\u00e9 - Ukryta strona natury<\/strong> ksi\u0105\u017cek, a my podarujemy Ci w prezencie <strong>2025 Publikacja REAG<\/strong>!<\/p>","protected":false},"featured_media":9764,"template":"","meta":[],"product_brand":[],"product_cat":[69],"product_tag":[],"class_list":{"0":"post-9758","1":"product","2":"type-product","3":"status-publish","4":"has-post-thumbnail","6":"product_cat-konyvek","8":"first","9":"instock","10":"virtual","11":"taxable","12":"purchasable","13":"product-type-bundle"},"bundled_by":[],"bundle_stock_status":"instock","bundle_stock_quantity":16,"bundle_virtual":false,"bundle_layout":"grid","bundle_add_to_cart_form_location":"default","bundle_editable_in_cart":false,"bundle_sold_individually_context":"product","bundle_item_grouping":"parent","bundle_min_size":"","bundle_max_size":"","bundle_price":{"price":{"min":{"incl_tax":"12990","excl_tax":"12371.428571"},"max":{"incl_tax":"12990","excl_tax":"12371.428571"}},"regular_price":{"min":{"incl_tax":"12990","excl_tax":"12371.428571"},"max":{"incl_tax":"12990","excl_tax":"12371.428571"}}},"bundled_items":[{"bundled_item_id":1,"product_id":9665,"menu_order":0,"quantity_min":1,"quantity_max":1,"quantity_default":1,"priced_individually":false,"shipped_individually":false,"override_title":false,"title":"David R. Montgomery - Gleba - erozja cywilizacji","override_description":false,"description":"","optional":false,"hide_thumbnail":false,"discount":"","override_variations":false,"allowed_variations":[],"override_default_variation_attributes":false,"default_variation_attributes":[],"single_product_visibility":"visible","cart_visibility":"visible","order_visibility":"visible","single_product_price_visibility":"visible","cart_price_visibility":"visible","order_price_visibility":"visible","stock_status":"in_stock"},{"bundled_item_id":2,"product_id":9666,"menu_order":1,"quantity_min":1,"quantity_max":1,"quantity_default":1,"priced_individually":false,"shipped_individually":false,"override_title":false,"title":"David R. Montgomery - Anne Bikl\u00e9 - Ukryta strona natury","override_description":false,"description":"","optional":false,"hide_thumbnail":false,"discount":"","override_variations":false,"allowed_variations":[],"override_default_variation_attributes":false,"default_variation_attributes":[],"single_product_visibility":"visible","cart_visibility":"visible","order_visibility":"visible","single_product_price_visibility":"visible","cart_price_visibility":"visible","order_price_visibility":"visible","stock_status":"in_stock"},{"bundled_item_id":3,"product_id":9667,"menu_order":2,"quantity_min":1,"quantity_max":1,"quantity_default":1,"priced_individually":false,"shipped_individually":false,"override_title":false,"title":"Publikacja REAG - 2025.","override_description":false,"description":"","optional":false,"hide_thumbnail":false,"discount":"","override_variations":false,"allowed_variations":[],"override_default_variation_attributes":false,"default_variation_attributes":[],"single_product_visibility":"visible","cart_visibility":"visible","order_visibility":"visible","single_product_price_visibility":"visible","cart_price_visibility":"visible","order_price_visibility":"visible","stock_status":"in_stock"}],"bundle_sell_ids":[],"yoast_head":"<!-- This site is optimized with the Yoast SEO plugin v26.6 - https:\/\/yoast.com\/wordpress\/plugins\/seo\/ -->\n<title>David R. Montgomery \u2013 Talaj \u2013 A Civiliz\u00e1ci\u00f3k Er\u00f3zi\u00f3ja \u00e9s David R. Montgomery \u2013 Anne Bikl\u00e9 \u2013 A term\u00e9szet rejtett oldala Aj\u00e1nd\u00e9k kiadv\u00e1nnyal! - Talajmeg\u00faj\u00edt\u00f3 Gazd\u00e1k Egyes\u00fclete<\/title>\n<meta name=\"robots\" content=\"index, follow, max-snippet:-1, max-image-preview:large, max-video-preview:-1\" \/>\n<link rel=\"canonical\" href=\"https:\/\/tmg.hu\/pl\/pokoje\/david-r-montgomery-gleba-erozja-cywilizacji-i-david-r-montgomery-anne-bikle-ukryta-strona-termeszet-z-publikacja-ajandek\/\" \/>\n<meta property=\"og:locale\" content=\"pl_PL\" \/>\n<meta property=\"og:type\" content=\"article\" \/>\n<meta property=\"og:title\" content=\"David R. Montgomery \u2013 Talaj \u2013 A Civiliz\u00e1ci\u00f3k Er\u00f3zi\u00f3ja \u00e9s David R. Montgomery \u2013 Anne Bikl\u00e9 \u2013 A term\u00e9szet rejtett oldala Aj\u00e1nd\u00e9k kiadv\u00e1nnyal! - Talajmeg\u00faj\u00edt\u00f3 Gazd\u00e1k Egyes\u00fclete\" \/>\n<meta property=\"og:description\" content=\"V\u00e1s\u00e1rold meg egy\u00fctt David R. Montgomery \u2013 Talaj \u2013 A civiliz\u00e1ci\u00f3k er\u00f3zi\u00f3ja \u00e9s David R. Montgomery \u2013 Anne Bikl\u00e9 \u2013 A term\u00e9szet rejtett oldala k\u00f6nyveket, \u00e9s aj\u00e1nd\u00e9kba adjuk a 2025-\u00f6s REAG Kiadv\u00e1nyt!\" \/>\n<meta property=\"og:url\" content=\"https:\/\/tmg.hu\/pl\/pokoje\/david-r-montgomery-gleba-erozja-cywilizacji-i-david-r-montgomery-anne-bikle-ukryta-strona-termeszet-z-publikacja-ajandek\/\" \/>\n<meta property=\"og:site_name\" content=\"Talajmeg\u00faj\u00edt\u00f3 Gazd\u00e1k Egyes\u00fclete\" \/>\n<meta property=\"article:publisher\" content=\"https:\/\/www.facebook.com\/tmg.egyesulet\/\" \/>\n<meta property=\"article:modified_time\" content=\"2025-03-28T12:05:09+00:00\" \/>\n<meta property=\"og:image\" content=\"https:\/\/tmg.hu\/wp-content\/uploads\/2025\/03\/webshop-21ajandek.jpg\" \/>\n\t<meta property=\"og:image:width\" content=\"1196\" \/>\n\t<meta property=\"og:image:height\" content=\"1652\" \/>\n\t<meta property=\"og:image:type\" content=\"image\/jpeg\" \/>\n<meta name=\"twitter:card\" content=\"summary_large_image\" \/>\n<meta name=\"twitter:label1\" content=\"Szacowany czas czytania\" \/>\n\t<meta name=\"twitter:data1\" content=\"1 minuta\" \/>\n<script type=\"application\/ld+json\" class=\"yoast-schema-graph\">{\"@context\":\"https:\/\/schema.org\",\"@graph\":[{\"@type\":\"WebPage\",\"@id\":\"https:\/\/tmg.hu\/uk\/%d0%ba%d1%96%d0%bc%d0%bd%d0%b0%d1%82%d0%b8\/%d0%b4%d0%b5%d0%b2%d1%96%d0%b4-%d1%80-%d0%bc%d0%be%d0%bd%d1%82%d0%b3%d0%be%d0%bc%d0%b5%d1%80%d1%96-%d0%bf%d1%80%d0%be-%d0%b5%d1%80%d0%be%d0%b7%d1%96%d1%8e-%d1%86%d0%b8%d0%b2%d1%96%d0%bb%d1%96%d0%b7\/\",\"url\":\"https:\/\/tmg.hu\/uk\/%d0%ba%d1%96%d0%bc%d0%bd%d0%b0%d1%82%d0%b8\/%d0%b4%d0%b5%d0%b2%d1%96%d0%b4-%d1%80-%d0%bc%d0%be%d0%bd%d1%82%d0%b3%d0%be%d0%bc%d0%b5%d1%80%d1%96-%d0%bf%d1%80%d0%be-%d0%b5%d1%80%d0%be%d0%b7%d1%96%d1%8e-%d1%86%d0%b8%d0%b2%d1%96%d0%bb%d1%96%d0%b7\/\",\"name\":\"David R. Montgomery \u2013 Talaj \u2013 A Civiliz\u00e1ci\u00f3k Er\u00f3zi\u00f3ja \u00e9s David R. Montgomery \u2013 Anne Bikl\u00e9 \u2013 A term\u00e9szet rejtett oldala Aj\u00e1nd\u00e9k kiadv\u00e1nnyal! - Talajmeg\u00faj\u00edt\u00f3 Gazd\u00e1k Egyes\u00fclete\",\"isPartOf\":{\"@id\":\"https:\/\/tmg.hu\/#website\"},\"primaryImageOfPage\":{\"@id\":\"https:\/\/tmg.hu\/uk\/%d0%ba%d1%96%d0%bc%d0%bd%d0%b0%d1%82%d0%b8\/%d0%b4%d0%b5%d0%b2%d1%96%d0%b4-%d1%80-%d0%bc%d0%be%d0%bd%d1%82%d0%b3%d0%be%d0%bc%d0%b5%d1%80%d1%96-%d0%bf%d1%80%d0%be-%d0%b5%d1%80%d0%be%d0%b7%d1%96%d1%8e-%d1%86%d0%b8%d0%b2%d1%96%d0%bb%d1%96%d0%b7\/#primaryimage\"},\"image\":{\"@id\":\"https:\/\/tmg.hu\/uk\/%d0%ba%d1%96%d0%bc%d0%bd%d0%b0%d1%82%d0%b8\/%d0%b4%d0%b5%d0%b2%d1%96%d0%b4-%d1%80-%d0%bc%d0%be%d0%bd%d1%82%d0%b3%d0%be%d0%bc%d0%b5%d1%80%d1%96-%d0%bf%d1%80%d0%be-%d0%b5%d1%80%d0%be%d0%b7%d1%96%d1%8e-%d1%86%d0%b8%d0%b2%d1%96%d0%bb%d1%96%d0%b7\/#primaryimage\"},\"thumbnailUrl\":\"https:\/\/tmg.hu\/wp-content\/uploads\/2025\/03\/webshop-21ajandek.jpg\",\"datePublished\":\"2025-03-13T01:32:49+00:00\",\"dateModified\":\"2025-03-28T12:05:09+00:00\",\"breadcrumb\":{\"@id\":\"https:\/\/tmg.hu\/uk\/%d0%ba%d1%96%d0%bc%d0%bd%d0%b0%d1%82%d0%b8\/%d0%b4%d0%b5%d0%b2%d1%96%d0%b4-%d1%80-%d0%bc%d0%be%d0%bd%d1%82%d0%b3%d0%be%d0%bc%d0%b5%d1%80%d1%96-%d0%bf%d1%80%d0%be-%d0%b5%d1%80%d0%be%d0%b7%d1%96%d1%8e-%d1%86%d0%b8%d0%b2%d1%96%d0%bb%d1%96%d0%b7\/#breadcrumb\"},\"inLanguage\":\"pl-PL\",\"potentialAction\":[{\"@type\":\"ReadAction\",\"target\":[\"https:\/\/tmg.hu\/uk\/%d0%ba%d1%96%d0%bc%d0%bd%d0%b0%d1%82%d0%b8\/%d0%b4%d0%b5%d0%b2%d1%96%d0%b4-%d1%80-%d0%bc%d0%be%d0%bd%d1%82%d0%b3%d0%be%d0%bc%d0%b5%d1%80%d1%96-%d0%bf%d1%80%d0%be-%d0%b5%d1%80%d0%be%d0%b7%d1%96%d1%8e-%d1%86%d0%b8%d0%b2%d1%96%d0%bb%d1%96%d0%b7\/\"]}]},{\"@type\":\"ImageObject\",\"inLanguage\":\"pl-PL\",\"@id\":\"https:\/\/tmg.hu\/uk\/%d0%ba%d1%96%d0%bc%d0%bd%d0%b0%d1%82%d0%b8\/%d0%b4%d0%b5%d0%b2%d1%96%d0%b4-%d1%80-%d0%bc%d0%be%d0%bd%d1%82%d0%b3%d0%be%d0%bc%d0%b5%d1%80%d1%96-%d0%bf%d1%80%d0%be-%d0%b5%d1%80%d0%be%d0%b7%d1%96%d1%8e-%d1%86%d0%b8%d0%b2%d1%96%d0%bb%d1%96%d0%b7\/#primaryimage\",\"url\":\"https:\/\/tmg.hu\/wp-content\/uploads\/2025\/03\/webshop-21ajandek.jpg\",\"contentUrl\":\"https:\/\/tmg.hu\/wp-content\/uploads\/2025\/03\/webshop-21ajandek.jpg\",\"width\":1196,\"height\":1652},{\"@type\":\"BreadcrumbList\",\"@id\":\"https:\/\/tmg.hu\/uk\/%d0%ba%d1%96%d0%bc%d0%bd%d0%b0%d1%82%d0%b8\/%d0%b4%d0%b5%d0%b2%d1%96%d0%b4-%d1%80-%d0%bc%d0%be%d0%bd%d1%82%d0%b3%d0%be%d0%bc%d0%b5%d1%80%d1%96-%d0%bf%d1%80%d0%be-%d0%b5%d1%80%d0%be%d0%b7%d1%96%d1%8e-%d1%86%d0%b8%d0%b2%d1%96%d0%bb%d1%96%d0%b7\/#breadcrumb\",\"itemListElement\":[{\"@type\":\"ListItem\",\"position\":1,\"name\":\"Home\",\"item\":\"https:\/\/tmg.hu\/\"},{\"@type\":\"ListItem\",\"position\":2,\"name\":\"Webshop\",\"item\":\"https:\/\/tmg.hu\/webshop\/\"},{\"@type\":\"ListItem\",\"position\":3,\"name\":\"David R. Montgomery \u2013 Talaj \u2013 A Civiliz\u00e1ci\u00f3k Er\u00f3zi\u00f3ja \u00e9s David R. Montgomery \u2013 Anne Bikl\u00e9 \u2013 A term\u00e9szet rejtett oldala Aj\u00e1nd\u00e9k kiadv\u00e1nnyal!\"}]},{\"@type\":\"WebSite\",\"@id\":\"https:\/\/tmg.hu\/#website\",\"url\":\"https:\/\/tmg.hu\/\",\"name\":\"TMG - Talajmeg\u00faj\u00edt\u00f3 Gazd\u00e1k Egyes\u00fclete\",\"description\":\"Talajmeg\u00faj\u00edt\u00f3 Gazd\u00e1k Egyes\u00fclete\",\"publisher\":{\"@id\":\"https:\/\/tmg.hu\/#organization\"},\"potentialAction\":[{\"@type\":\"SearchAction\",\"target\":{\"@type\":\"EntryPoint\",\"urlTemplate\":\"https:\/\/tmg.hu\/?s={search_term_string}\"},\"query-input\":{\"@type\":\"PropertyValueSpecification\",\"valueRequired\":true,\"valueName\":\"search_term_string\"}}],\"inLanguage\":\"pl-PL\"},{\"@type\":\"Organization\",\"@id\":\"https:\/\/tmg.hu\/#organization\",\"name\":\"Talajmeg\u00faj\u00edt\u00f3 Gazd\u00e1k Egyes\u00fclete\",\"url\":\"https:\/\/tmg.hu\/\",\"logo\":{\"@type\":\"ImageObject\",\"inLanguage\":\"pl-PL\",\"@id\":\"https:\/\/tmg.hu\/#\/schema\/logo\/image\/\",\"url\":\"https:\/\/tmg.hu\/wp-content\/uploads\/2024\/10\/tmg_og_logo.png\",\"contentUrl\":\"https:\/\/tmg.hu\/wp-content\/uploads\/2024\/10\/tmg_og_logo.png\",\"width\":1200,\"height\":630,\"caption\":\"Talajmeg\u00faj\u00edt\u00f3 Gazd\u00e1k Egyes\u00fclete\"},\"image\":{\"@id\":\"https:\/\/tmg.hu\/#\/schema\/logo\/image\/\"},\"sameAs\":[\"https:\/\/www.facebook.com\/tmg.egyesulet\/\",\"https:\/\/www.instagram.com\/tmg.hu\/\",\"https:\/\/www.youtube.com\/@tmg_egyesulet\"]}]}<\/script>\n<!-- \/ Yoast SEO plugin. -->","yoast_head_json":{"title":"David R. Montgomery - Gleba - Erozja cywilizacji i David R. Montgomery - Anne Bikl\u00e9 - Ukryta strona natury z edycj\u0105 podarunkow\u0105 - Stowarzyszenie Rolnik\u00f3w Odnowy Gleby","robots":{"index":"index","follow":"follow","max-snippet":"max-snippet:-1","max-image-preview":"max-image-preview:large","max-video-preview":"max-video-preview:-1"},"canonical":"https:\/\/tmg.hu\/pl\/pokoje\/david-r-montgomery-gleba-erozja-cywilizacji-i-david-r-montgomery-anne-bikle-ukryta-strona-termeszet-z-publikacja-ajandek\/","og_locale":"pl_PL","og_type":"article","og_title":"David R. Montgomery \u2013 Talaj \u2013 A Civiliz\u00e1ci\u00f3k Er\u00f3zi\u00f3ja \u00e9s David R. Montgomery \u2013 Anne Bikl\u00e9 \u2013 A term\u00e9szet rejtett oldala Aj\u00e1nd\u00e9k kiadv\u00e1nnyal! - Talajmeg\u00faj\u00edt\u00f3 Gazd\u00e1k Egyes\u00fclete","og_description":"V\u00e1s\u00e1rold meg egy\u00fctt David R. Montgomery \u2013 Talaj \u2013 A civiliz\u00e1ci\u00f3k er\u00f3zi\u00f3ja \u00e9s David R. Montgomery \u2013 Anne Bikl\u00e9 \u2013 A term\u00e9szet rejtett oldala k\u00f6nyveket, \u00e9s aj\u00e1nd\u00e9kba adjuk a 2025-\u00f6s REAG Kiadv\u00e1nyt!","og_url":"https:\/\/tmg.hu\/pl\/pokoje\/david-r-montgomery-gleba-erozja-cywilizacji-i-david-r-montgomery-anne-bikle-ukryta-strona-termeszet-z-publikacja-ajandek\/","og_site_name":"Talajmeg\u00faj\u00edt\u00f3 Gazd\u00e1k Egyes\u00fclete","article_publisher":"https:\/\/www.facebook.com\/tmg.egyesulet\/","article_modified_time":"2025-03-28T12:05:09+00:00","og_image":[{"width":1196,"height":1652,"url":"https:\/\/tmg.hu\/wp-content\/uploads\/2025\/03\/webshop-21ajandek.jpg","type":"image\/jpeg"}],"twitter_card":"summary_large_image","twitter_misc":{"Szacowany czas czytania":"1 minuta"},"schema":{"@context":"https:\/\/schema.org","@graph":[{"@type":"WebPage","@id":"https:\/\/tmg.hu\/uk\/%d0%ba%d1%96%d0%bc%d0%bd%d0%b0%d1%82%d0%b8\/%d0%b4%d0%b5%d0%b2%d1%96%d0%b4-%d1%80-%d0%bc%d0%be%d0%bd%d1%82%d0%b3%d0%be%d0%bc%d0%b5%d1%80%d1%96-%d0%bf%d1%80%d0%be-%d0%b5%d1%80%d0%be%d0%b7%d1%96%d1%8e-%d1%86%d0%b8%d0%b2%d1%96%d0%bb%d1%96%d0%b7\/","url":"https:\/\/tmg.hu\/uk\/%d0%ba%d1%96%d0%bc%d0%bd%d0%b0%d1%82%d0%b8\/%d0%b4%d0%b5%d0%b2%d1%96%d0%b4-%d1%80-%d0%bc%d0%be%d0%bd%d1%82%d0%b3%d0%be%d0%bc%d0%b5%d1%80%d1%96-%d0%bf%d1%80%d0%be-%d0%b5%d1%80%d0%be%d0%b7%d1%96%d1%8e-%d1%86%d0%b8%d0%b2%d1%96%d0%bb%d1%96%d0%b7\/","name":"David R. Montgomery - Gleba - Erozja cywilizacji i David R. Montgomery - Anne Bikl\u00e9 - Ukryta strona natury z edycj\u0105 podarunkow\u0105 - Stowarzyszenie Rolnik\u00f3w Odnowy Gleby","isPartOf":{"@id":"https:\/\/tmg.hu\/#website"},"primaryImageOfPage":{"@id":"https:\/\/tmg.hu\/uk\/%d0%ba%d1%96%d0%bc%d0%bd%d0%b0%d1%82%d0%b8\/%d0%b4%d0%b5%d0%b2%d1%96%d0%b4-%d1%80-%d0%bc%d0%be%d0%bd%d1%82%d0%b3%d0%be%d0%bc%d0%b5%d1%80%d1%96-%d0%bf%d1%80%d0%be-%d0%b5%d1%80%d0%be%d0%b7%d1%96%d1%8e-%d1%86%d0%b8%d0%b2%d1%96%d0%bb%d1%96%d0%b7\/#primaryimage"},"image":{"@id":"https:\/\/tmg.hu\/uk\/%d0%ba%d1%96%d0%bc%d0%bd%d0%b0%d1%82%d0%b8\/%d0%b4%d0%b5%d0%b2%d1%96%d0%b4-%d1%80-%d0%bc%d0%be%d0%bd%d1%82%d0%b3%d0%be%d0%bc%d0%b5%d1%80%d1%96-%d0%bf%d1%80%d0%be-%d0%b5%d1%80%d0%be%d0%b7%d1%96%d1%8e-%d1%86%d0%b8%d0%b2%d1%96%d0%bb%d1%96%d0%b7\/#primaryimage"},"thumbnailUrl":"https:\/\/tmg.hu\/wp-content\/uploads\/2025\/03\/webshop-21ajandek.jpg","datePublished":"2025-03-13T01:32:49+00:00","dateModified":"2025-03-28T12:05:09+00:00","breadcrumb":{"@id":"https:\/\/tmg.hu\/uk\/%d0%ba%d1%96%d0%bc%d0%bd%d0%b0%d1%82%d0%b8\/%d0%b4%d0%b5%d0%b2%d1%96%d0%b4-%d1%80-%d0%bc%d0%be%d0%bd%d1%82%d0%b3%d0%be%d0%bc%d0%b5%d1%80%d1%96-%d0%bf%d1%80%d0%be-%d0%b5%d1%80%d0%be%d0%b7%d1%96%d1%8e-%d1%86%d0%b8%d0%b2%d1%96%d0%bb%d1%96%d0%b7\/#breadcrumb"},"inLanguage":"pl-PL","potentialAction":[{"@type":"ReadAction","target":["https:\/\/tmg.hu\/uk\/%d0%ba%d1%96%d0%bc%d0%bd%d0%b0%d1%82%d0%b8\/%d0%b4%d0%b5%d0%b2%d1%96%d0%b4-%d1%80-%d0%bc%d0%be%d0%bd%d1%82%d0%b3%d0%be%d0%bc%d0%b5%d1%80%d1%96-%d0%bf%d1%80%d0%be-%d0%b5%d1%80%d0%be%d0%b7%d1%96%d1%8e-%d1%86%d0%b8%d0%b2%d1%96%d0%bb%d1%96%d0%b7\/"]}]},{"@type":"ImageObject","inLanguage":"pl-PL","@id":"https:\/\/tmg.hu\/uk\/%d0%ba%d1%96%d0%bc%d0%bd%d0%b0%d1%82%d0%b8\/%d0%b4%d0%b5%d0%b2%d1%96%d0%b4-%d1%80-%d0%bc%d0%be%d0%bd%d1%82%d0%b3%d0%be%d0%bc%d0%b5%d1%80%d1%96-%d0%bf%d1%80%d0%be-%d0%b5%d1%80%d0%be%d0%b7%d1%96%d1%8e-%d1%86%d0%b8%d0%b2%d1%96%d0%bb%d1%96%d0%b7\/#primaryimage","url":"https:\/\/tmg.hu\/wp-content\/uploads\/2025\/03\/webshop-21ajandek.jpg","contentUrl":"https:\/\/tmg.hu\/wp-content\/uploads\/2025\/03\/webshop-21ajandek.jpg","width":1196,"height":1652},{"@type":"BreadcrumbList","@id":"https:\/\/tmg.hu\/uk\/%d0%ba%d1%96%d0%bc%d0%bd%d0%b0%d1%82%d0%b8\/%d0%b4%d0%b5%d0%b2%d1%96%d0%b4-%d1%80-%d0%bc%d0%be%d0%bd%d1%82%d0%b3%d0%be%d0%bc%d0%b5%d1%80%d1%96-%d0%bf%d1%80%d0%be-%d0%b5%d1%80%d0%be%d0%b7%d1%96%d1%8e-%d1%86%d0%b8%d0%b2%d1%96%d0%bb%d1%96%d0%b7\/#breadcrumb","itemListElement":[{"@type":"ListItem","position":1,"name":"Home","item":"https:\/\/tmg.hu\/"},{"@type":"ListItem","position":2,"name":"Webshop","item":"https:\/\/tmg.hu\/webshop\/"},{"@type":"ListItem","position":3,"name":"David R. Montgomery \u2013 Talaj \u2013 A Civiliz\u00e1ci\u00f3k Er\u00f3zi\u00f3ja \u00e9s David R. Montgomery \u2013 Anne Bikl\u00e9 \u2013 A term\u00e9szet rejtett oldala Aj\u00e1nd\u00e9k kiadv\u00e1nnyal!"}]},{"@type":"WebSite","@id":"https:\/\/tmg.hu\/#website","url":"https:\/\/tmg.hu\/","name":"TMG - Stowarzyszenie Rolnik\u00f3w Odnawiaj\u0105cych Gleb\u0119","description":"Stowarzyszenie Rolnik\u00f3w Odbudowy Gleby","publisher":{"@id":"https:\/\/tmg.hu\/#organization"},"potentialAction":[{"@type":"SearchAction","target":{"@type":"EntryPoint","urlTemplate":"https:\/\/tmg.hu\/?s={search_term_string}"},"query-input":{"@type":"PropertyValueSpecification","valueRequired":true,"valueName":"search_term_string"}}],"inLanguage":"pl-PL"},{"@type":"Organization","@id":"https:\/\/tmg.hu\/#organization","name":"Stowarzyszenie Rolnik\u00f3w Odbudowy Gleby","url":"https:\/\/tmg.hu\/","logo":{"@type":"ImageObject","inLanguage":"pl-PL","@id":"https:\/\/tmg.hu\/#\/schema\/logo\/image\/","url":"https:\/\/tmg.hu\/wp-content\/uploads\/2024\/10\/tmg_og_logo.png","contentUrl":"https:\/\/tmg.hu\/wp-content\/uploads\/2024\/10\/tmg_og_logo.png","width":1200,"height":630,"caption":"Talajmeg\u00faj\u00edt\u00f3 Gazd\u00e1k Egyes\u00fclete"},"image":{"@id":"https:\/\/tmg.hu\/#\/schema\/logo\/image\/"},"sameAs":["https:\/\/www.facebook.com\/tmg.egyesulet\/","https:\/\/www.instagram.com\/tmg.hu\/","https:\/\/www.youtube.com\/@tmg_egyesulet"]}]}},"_links":{"self":[{"href":"https:\/\/tmg.hu\/pl\/wp-json\/wp\/v2\/product\/9758","targetHints":{"allow":["GET"]}}],"collection":[{"href":"https:\/\/tmg.hu\/pl\/wp-json\/wp\/v2\/product"}],"about":[{"href":"https:\/\/tmg.hu\/pl\/wp-json\/wp\/v2\/types\/product"}],"wp:featuredmedia":[{"embeddable":true,"href":"https:\/\/tmg.hu\/pl\/wp-json\/wp\/v2\/media\/9764"}],"wp:attachment":[{"href":"https:\/\/tmg.hu\/pl\/wp-json\/wp\/v2\/media?parent=9758"}],"wp:term":[{"taxonomy":"product_brand","embeddable":true,"href":"https:\/\/tmg.hu\/pl\/wp-json\/wp\/v2\/product_brand?post=9758"},{"taxonomy":"product_cat","embeddable":true,"href":"https:\/\/tmg.hu\/pl\/wp-json\/wp\/v2\/product_cat?post=9758"},{"taxonomy":"product_tag","embeddable":true,"href":"https:\/\/tmg.hu\/pl\/wp-json\/wp\/v2\/product_tag?post=9758"}],"curies":[{"name":"wp","href":"https:\/\/api.w.org\/{rel}","templated":true}]}}