{"id":9669,"date":"2025-02-20T02:20:44","date_gmt":"2025-02-20T01:20:44","guid":{"rendered":"https:\/\/tmg.hu\/?post_type=product&#038;p=9669"},"modified":"2026-04-12T10:21:18","modified_gmt":"2026-04-12T08:21:18","slug":"reag-viii-eloadas-felvetelek","status":"publish","type":"product","link":"https:\/\/tmg.hu\/pl\/pokoje\/reag-viii-eloadas-felvetelek\/","title":{"rendered":"Nagrania z prezentacji REAG VIII"},"content":{"rendered":"<p><strong>Gleba, kt\u00f3ra \u0142\u0105czy<\/strong><\/p>\n<p>Przegapi\u0142e\u015b 8. konferencj\u0119 i wystaw\u0119 TMG REAG Soil Life? Teraz mo\u017cesz to nadrobi\u0107! Skorzystaj z pe\u0142nych trzech dni prezentacji i dowiedz si\u0119 o najwa\u017cniejszych tematach w rolnictwie regeneracyjnym od praktykuj\u0105cych rolnik\u00f3w, innowacyjnych badaczy i ekspert\u00f3w w dziedzinie regeneracji gleby zar\u00f3wno z kraju, jak i zagranicy.<\/p>\n<p>To wydarzenie to nie tylko konferencja; to najwi\u0119ksze wydarzenie po\u015bwi\u0119cone rolnictwu regeneracyjnemu w Europie \u015arodkowej, podczas kt\u00f3rego rolnicy, hodowcy zwierz\u0105t, badacze, eksperci, piekarze i szefowie kuchni zebrali si\u0119, aby podzieli\u0107 si\u0119 swoj\u0105 wiedz\u0105 i do\u015bwiadczeniem z odwiedzaj\u0105cymi!<\/p>\n<p>Program konferencji i prelegent\u00f3w mo\u017cna znale\u017a\u0107 tutaj:<\/p>\n<blockquote class=\"wp-embedded-content\" data-secret=\"66OG87rGaQ\"><p><a href=\"https:\/\/tmg.hu\/pl\/tmg-reag-viii-ground-elite-conference-i-konferencja-2025\/\">Konferencja i wystawa TMG REAG VIII Soil Life - 2025.<\/a><\/p><\/blockquote>\n<p><iframe class=\"wp-embedded-content\" sandbox=\"allow-scripts\" security=\"restricted\" style=\"position: absolute; visibility: hidden;\" title=\"&quot;Konferencja i wystawa TMG REAG VIII \u017bycie na Glebie - 2025&quot;. - Stowarzyszenie Rolnik\u00f3w Odnawiaj\u0105cych Gleb\u0119\" src=\"https:\/\/tmg.hu\/tmg-reag-viii-talajelet-konferencia-es-szakkiallitas-2025\/embed\/#?secret=xnVEGT6PFk#?secret=66OG87rGaQ\" data-secret=\"66OG87rGaQ\" width=\"600\" height=\"338\" frameborder=\"0\" marginwidth=\"0\" marginheight=\"0\" scrolling=\"no\"><\/iframe><\/p>\n<p>W ci\u0105gu kilku dni od zakupu wy\u015blemy Ci dane logowania na podany adres e-mail, aby uzyska\u0107 dost\u0119p do nagra\u0144 REAG 8.<\/p>\n<h2>Tre\u015b\u0107<\/h2>\n<h4><strong>Czwartek - 16 stycznia 2025 r.<\/strong><\/h4>\n<h5>Scena g\u0142\u00f3wna<\/h5>\n<p>Wielkie idee, czo\u0142owi eksperci - odkryj g\u0142\u0119bokie powi\u0105zania mi\u0119dzy natur\u0105, rolnictwem i ludzkim zdrowiem!<\/p>\n<p><span style=\"text-decoration: underline;\">Attila Szab\u00f3<\/span><br \/>\nOtwarcie<\/p>\n<p><span style=\"text-decoration: underline;\">Dr Anik\u00f3 Juh\u00e1sz<\/span><br \/>\nZast\u0119pca sekretarza stanu ds. rolnictwa<\/p>\n<p><span style=\"text-decoration: underline;\">Zolt\u00e1n K\u00e9zi<\/span><br \/>\nPrognoza 2025: Gospodarka, Gospodarka \u017cywno\u015bciowa, Finanse<\/p>\n<p><span style=\"text-decoration: underline;\">Prof. dr Csaba Gyuricza<\/span><br \/>\nPo prostu o rolnictwie regeneracyjnym<\/p>\n<p><span style=\"text-decoration: underline;\">Anne Bikl\u00e9 (USA)<\/span><br \/>\nCo zjad\u0142o twoje jedzenie i dlaczego ma to znaczenie? \/ Co zjad\u0142o twoje jedzenie i dlaczego ma to znaczenie<\/p>\n<p><span style=\"text-decoration: underline;\">Jean-Fran\u00e7ois Berthellot (FR)<\/span><br \/>\nJakie ro\u015bliny powinni\u015bmy uprawia\u0107 na \u017cywej glebie? Potrzeba odmian o wysokiej warto\u015bci od\u017cywczej - przypadek pszenicy. Inne podej\u015bcie do hodowli.<\/p>\n<p><span style=\"text-decoration: underline;\">\u00c1d\u00e1m B\u00f3day<\/span><br \/>\nNaturalne \u017ar\u00f3d\u0142a ludzkiego mikrobiomu - czyli pochodzenie i rola drobnoustroj\u00f3w \u015brodowiskowych w zdrowiu<\/p>\n<p><span style=\"text-decoration: underline;\">Ferenc Berend<\/span><br \/>\nPrzerywany wypas byd\u0142a mi\u0119snego na u\u017cytkach zielonych<\/p>\n<p><span style=\"text-decoration: underline;\">Gospodarka wodna, zarz\u0105dzanie krajobrazem - podstawy rolnictwa przysz\u0142o\u015bci<\/span><br \/>\nOkr\u0105g\u0142y st\u00f3\u0142<br \/>\nMarietta Szalai, S\u00e1ndor Szil\u00e1gyi, Attila Szeredi, J\u00e1nos Nagy, P\u00e9ter Balogh<br \/>\nProwadzony przez dr Erzs\u00e9bet N\u00e9medi<\/p>\n<h5>Ma\u0142a scena<\/h5>\n<p>Kr\u00f3tsze, skoncentrowane prezentacje, kt\u00f3re oferuj\u0105 natychmiastow\u0105 wiedz\u0119 i \u015bwie\u017ce perspektywy.<\/p>\n<p><span style=\"text-decoration: underline;\">G\u00e1bor Sz\u0151ll\u0151si<\/span><br \/>\nWp\u0142yw kompostu na przywracanie zdrowia gleby<\/p>\n<p><span style=\"text-decoration: underline;\">Mih\u00e1ly Lajos<\/span><br \/>\nTeoretyczne podstawy uprawy konserwuj\u0105cej i praktyczne do\u015bwiadczenia z mi\u0119dzy wyspami<\/p>\n<p><span style=\"text-decoration: underline;\">Fruzsina F\u00e9legyh\u00e1zi<\/span><br \/>\nDlaczego bior\u00f3\u017cnorodno\u015b\u0107 jest wa\u017cna w rolnictwie przyjaznym dla gleby?<\/p>\n<p><span style=\"text-decoration: underline;\">No\u00e9mi Pint\u00e9r<\/span><br \/>\nJedno\u015b\u0107 i jedno\u015b\u0107 w \u017cywieniu cz\u0142owieka<\/p>\n<p><span style=\"text-decoration: underline;\">Dr Snezana Jaksic (RS)<\/span><br \/>\n\u015acie\u017cki sekwestracji dwutlenku w\u0119gla w glebie \/ \u015acie\u017cki sekwestracji dwutlenku w\u0119gla w glebie<\/p>\n<p><span style=\"text-decoration: underline;\">Andr\u00e1s M\u00e1t\u00e9<\/span><br \/>\nPodnoszenie Parlag w celu wzbogacenia us\u0142ug ekosystemowych muraw napiaskowych<\/p>\n<p><span style=\"text-decoration: underline;\">Dr Katalin Kokavecz<\/span><br \/>\nJedno zdrowie: wzajemnie powi\u0105zane zdrowie gleby, ludzi i dzikiej przyrody w perspektywie holistycznej<\/p>\n<h4>Pi\u0105tek - 17 stycznia 2025 r.<\/h4>\n<h5>Scena g\u0142\u00f3wna<\/h5>\n<p>Wielkie idee, czo\u0142owi eksperci - odkryj g\u0142\u0119bokie powi\u0105zania mi\u0119dzy natur\u0105, rolnictwem i ludzkim zdrowiem!<\/p>\n<p><span style=\"text-decoration: underline;\">Dr M\u00e1rta Tkacsik<\/span><br \/>\nOtwarcie<\/p>\n<p><span style=\"text-decoration: underline;\">Zolt\u00e1n Dezs\u00e9ny<\/span><br \/>\nBuduj\u0105ca gleb\u0119 produkcja warzyw w technologii mulczowania kompostem bez rotacji - do\u015bwiadczenia z pierwszych 10 lat MagosV\u00f6lgy<\/p>\n<p><span style=\"text-decoration: underline;\">Mykhaylo Draganchuk - No-Tiller (UA)<\/span><br \/>\nZatrzymywanie wilgoci w glebie: regeneracyjne rozwi\u0105zania dla wyzwa\u0144 klimatycznych<\/p>\n<p><span style=\"text-decoration: underline;\">Karel Kaln\u00fd (CZ)<\/span><br \/>\nOd regeneruj\u0105cego pastwiska do sto\u0142u \/ Od regeneruj\u0105cego pastwiska do sto\u0142u<\/p>\n<p><span style=\"text-decoration: underline;\">Dr Brigitta Szab\u00f3<\/span><br \/>\nUprawy okrywowe i bezorkowe: wodooszcz\u0119dne rolnictwo przysz\u0142o\u015bci<\/p>\n<p><span style=\"text-decoration: underline;\">V\u00edg Vit\u00e1lia<\/span><br \/>\nMikrobiologiczne korzenie zawarto\u015bci materii organicznej w glebie<\/p>\n<p><span style=\"text-decoration: underline;\">Zasada zdrowia<\/span><br \/>\nOkr\u0105g\u0142y st\u00f3\u0142<br \/>\nDan Kittredge, Vit\u00e1lia V\u00edg, \u00c1d\u00e1m B\u00f3day, Istv\u00e1n Par\u00e1di, L\u00e1szl\u00f3 Szab\u00f3<br \/>\nProwadzony przez dr M\u00e1rt\u0119 Tkacsik<\/p>\n<h5>Ma\u0142a scena<\/h5>\n<p>Kr\u00f3tsze, skoncentrowane prezentacje, kt\u00f3re oferuj\u0105 natychmiastow\u0105 wiedz\u0119 i \u015bwie\u017ce perspektywy.<\/p>\n<p><span style=\"text-decoration: underline;\">Ionut Dorian Barbulescu (RO)<\/span><br \/>\nSUNFLOWER - hodowla dla przysz\u0142o\u015bci - genetyczna odporno\u015b\u0107 na herbicydy, paso\u017cyty i choroby<\/p>\n<p><span style=\"text-decoration: underline;\">Fl\u00f3ri\u00e1n Farkas<\/span><br \/>\nOd\u017cywianie ro\u015blin w rolnictwie regeneruj\u0105cym gleb\u0119 (teoria i praktyka)<\/p>\n<p><span style=\"text-decoration: underline;\">Dr Erzs\u00e9bet N\u00e9medi<\/span><br \/>\nRolnictwo, \u017cywno\u015b\u0107, zdrowotne domino<\/p>\n<p><span style=\"text-decoration: underline;\">Dr Stanko Mili\u0107 (RS)<\/span><br \/>\nFosfor glebowy i jego frakcje w czarnoziemach w\u0119glanowych prowincji Wojwodina<\/p>\n<p><span style=\"text-decoration: underline;\">Dr Jordana Ninkov (RS)<\/span><br \/>\nAkumulacja miedzi w glebie w wyniku stosowania pestycyd\u00f3w na bazie miedzi<\/p>\n<p><span style=\"text-decoration: underline;\">Barnab\u00e1s \u0150ry<\/span><br \/>\nBiointensywna produkcja warzyw<\/p>\n<p><span style=\"text-decoration: underline;\">L\u0151rinc S\u00e1ndor<\/span><br \/>\nFunkcje i zastosowania japo\u0144skiego grzyba szlachetnego Koji<\/p>\n<p><span style=\"text-decoration: underline;\">Tam\u00e1s Bellai<\/span><br \/>\nRozwi\u0105zania techniczne dla kontrolowanej uprawy roli (CTF)<\/p>\n<h4>Sobota - 18 stycznia 2025 r.<\/h4>\n<h5>Scena g\u0142\u00f3wna<\/h5>\n<p>Wielkie idee, czo\u0142owi eksperci - odkryj g\u0142\u0119bokie powi\u0105zania mi\u0119dzy natur\u0105, rolnictwem i ludzkim zdrowiem!<\/p>\n<p><span style=\"text-decoration: underline;\">Attila Szeredi<\/span><br \/>\nOtwarcie<\/p>\n<p><span style=\"text-decoration: underline;\">Dr Anik\u00f3 Juh\u00e1sz<\/span><br \/>\nZast\u0119pca sekretarza stanu ds. rolnictwa<\/p>\n<p><span style=\"text-decoration: underline;\">Dr M\u00e1rta Tkacsik<\/span><br \/>\nGobelin \u017cycia. Uk\u0142ad odporno\u015bciowy \u015bwiata stworzonego przez cz\u0142owieka - tera\u017aniejszo\u015b\u0107 i przysz\u0142o\u015b\u0107<\/p>\n<p><span style=\"text-decoration: underline;\">Lajos Kassai<\/span><\/p>\n<p><span style=\"text-decoration: underline;\">Prof. Marcel van der Heijden (CH)<\/span><br \/>\nMikrobiom glebowy i jedno zdrowie \/ Mikrobiom glebowy i jedno zdrowie<\/p>\n<p><span style=\"text-decoration: underline;\">Dan Kittredge (USA)<\/span><br \/>\nG\u0119sto\u015b\u0107 sk\u0142adnik\u00f3w od\u017cywczych: Bogate w sk\u0142adniki od\u017cywcze po\u017cywienie z \u017cywej gleby<\/p>\n<p><span style=\"text-decoration: underline;\">Gabriella Orm\u00f3s<\/span><br \/>\nGluten w sieci<\/p>\n<p><span style=\"text-decoration: underline;\">Dr Endre Dobos<\/span><br \/>\nZwapnienie, \"nowy\" proces degradacji naszych gleb<\/p>\n<p><span style=\"text-decoration: underline;\">Bogdan Garalejic (RS)<\/span><br \/>\n16 lat wynik\u00f3w eksperymentalnych w 4 r\u00f3\u017cnych systemach uprawy roli \/ 16 years of experimental results in 4 different tillage systems<\/p>\n<p><span style=\"text-decoration: underline;\">Jak dostosowujemy si\u0119 do zmieniaj\u0105cych si\u0119 okoliczno\u015bci<\/span><br \/>\nOkr\u0105g\u0142y st\u00f3\u0142<br \/>\nNo-Tiller, Ferenc Berend, dr Erzs\u00e9bet N\u00e9medi, dr M\u00e1rta Tkacsik<br \/>\nProwadzony przez Istv\u00e1na Szab\u00f3<\/p>\n<h5>Ma\u0142a scena<\/h5>\n<p>Kr\u00f3tsze, skoncentrowane prezentacje, kt\u00f3re oferuj\u0105 natychmiastow\u0105 wiedz\u0119 i \u015bwie\u017ce perspektywy.<\/p>\n<p><span style=\"text-decoration: underline;\">Gregor Kuffa (SK)<\/span><br \/>\nOd zera do rolnictwa regeneracyjnego \/ Od zera do rolnictwa regeneracyjnego<\/p>\n<p><span style=\"text-decoration: underline;\">Dr Istv\u00e1n Par\u00e1di<\/span><br \/>\nMikoryza w pigu\u0142ce<\/p>\n<p><span style=\"text-decoration: underline;\">Ionut Dorian Barbulescu (RO)<\/span><br \/>\nNajlepsze p\u0142odozmiany z ro\u015blinami okrywowymi w rumu\u0144skich warunkach uprawy<\/p>\n<p><span style=\"text-decoration: underline;\">\u00c1d\u00e1m B\u00f3day<\/span><br \/>\nNaturalna flora jelitowa r\u00f3wnie\u017c pochodzi z gleby<\/p>\n<p><span style=\"text-decoration: underline;\">Patrick Valmary (RO)<\/span><\/p>\n<p><span style=\"text-decoration: underline;\">Csaba Szab\u00f3<\/span><br \/>\nCiep\u0142o jest kobiet\u0105, sok jest zak\u0142adem, a \u015bci\u00f3\u0142ka jest kluczem<\/p>\n<p><span style=\"text-decoration: underline;\">Dr Ferenc T\u00f3th<\/span><br \/>\n\u015aci\u00f3\u0142kowanie \u017cywymi ro\u015blinami, resztkami ro\u015blinnymi, foli\u0105 lub agrow\u0142\u00f3knin\u0105 w produkcji ogrodniczej - zalety, wady, mo\u017cliwo\u015bci, ograniczenia<\/p>","protected":false},"excerpt":{"rendered":"<p>Gleba, kt\u00f3ra \u0142\u0105czy Przegapi\u0142e\u015b 8. konferencj\u0119 i wystaw\u0119 TMG REAG Soil Life? Teraz mo\u017cesz to nadrobi\u0107! Pobierz pe\u0142ne trzy dni nagra\u0144 wyk\u0142ad\u00f3w i dowiedz si\u0119 o najwa\u017cniejszych tematach w rolnictwie regeneracyjnym od praktykuj\u0105cych rolnik\u00f3w, innowacyjnych badaczy i ekspert\u00f3w w dziedzinie regeneracji gleby zar\u00f3wno z kraju, jak i zagranicy. To wydarzenie to nie tylko konferencja; to najwi\u0119ksze wydarzenie zwi\u0105zane z rolnictwem regeneracyjnym w Europie \u015arodkowej, gdzie rolnicy, [...]<\/p>","protected":false},"featured_media":9689,"template":"","meta":[],"product_brand":[],"product_cat":[70],"product_tag":[],"class_list":{"0":"post-9669","1":"product","2":"type-product","3":"status-publish","4":"has-post-thumbnail","6":"product_cat-videok","8":"first","9":"instock","10":"virtual","11":"taxable","12":"purchasable","13":"product-type-simple"},"bundled_by":[],"bundle_stock_status":"instock","bundle_stock_quantity":null,"bundle_virtual":false,"bundle_layout":"","bundle_add_to_cart_form_location":"","bundle_editable_in_cart":false,"bundle_sold_individually_context":"","bundle_item_grouping":"","bundle_min_size":"","bundle_max_size":"","bundle_price":[],"bundled_items":[],"bundle_sell_ids":[],"yoast_head":"<!-- This site is optimized with the Yoast SEO plugin v26.6 - https:\/\/yoast.com\/wordpress\/plugins\/seo\/ -->\n<title>REAG VIII. El\u0151ad\u00e1s felv\u00e9telek - Talajmeg\u00faj\u00edt\u00f3 Gazd\u00e1k Egyes\u00fclete<\/title>\n<meta name=\"robots\" content=\"index, follow, max-snippet:-1, max-image-preview:large, max-video-preview:-1\" \/>\n<link rel=\"canonical\" href=\"https:\/\/tmg.hu\/pl\/pokoje\/reag-viii-eloadas-felvetelek\/\" \/>\n<meta property=\"og:locale\" content=\"pl_PL\" \/>\n<meta property=\"og:type\" content=\"article\" \/>\n<meta property=\"og:title\" content=\"REAG VIII. El\u0151ad\u00e1s felv\u00e9telek - Talajmeg\u00faj\u00edt\u00f3 Gazd\u00e1k Egyes\u00fclete\" \/>\n<meta property=\"og:description\" content=\"A talaj, ami \u00f6sszek\u00f6t Lemaradt\u00e1l a TMG REAG 8. Talaj\u00e9let Konferencia \u00e9s Szakki\u00e1ll\u00edt\u00e1sr\u00f3l? Most bep\u00f3tolhatod! Szerezd meg a teljes h\u00e1romnapos el\u0151ad\u00e1sfelv\u00e9telt, \u00e9s ismerd meg a regenerat\u00edv gazd\u00e1lkod\u00e1s legfontosabb t\u00e9m\u00e1it gyakorl\u00f3 gazd\u00e1kt\u00f3l, innovat\u00edv kutat\u00f3kt\u00f3l, valamint a talajmeg\u00faj\u00edt\u00e1s szak\u00e9rt\u0151it\u0151l, hazai \u00e9s nemzetk\u00f6zi ter\u00fcletekr\u0151l. Ez az esem\u00e9ny nem csup\u00e1n egy konferencia; K\u00f6z\u00e9p-Eur\u00f3pa legnagyobb regenerat\u00edv mez\u0151gazdas\u00e1gi rendezv\u00e9nye, ahol gazd\u00e1lkod\u00f3k, [&hellip;]\" \/>\n<meta property=\"og:url\" content=\"https:\/\/tmg.hu\/pl\/pokoje\/reag-viii-eloadas-felvetelek\/\" \/>\n<meta property=\"og:site_name\" content=\"Talajmeg\u00faj\u00edt\u00f3 Gazd\u00e1k Egyes\u00fclete\" \/>\n<meta property=\"article:publisher\" content=\"https:\/\/www.facebook.com\/tmg.egyesulet\/\" \/>\n<meta property=\"article:modified_time\" content=\"2026-04-12T08:21:18+00:00\" \/>\n<meta property=\"og:image\" content=\"https:\/\/tmg.hu\/wp-content\/uploads\/2025\/02\/28A0472.JPG-masolata-scaled.jpg\" \/>\n\t<meta property=\"og:image:width\" content=\"2560\" \/>\n\t<meta property=\"og:image:height\" content=\"1707\" \/>\n\t<meta property=\"og:image:type\" content=\"image\/jpeg\" \/>\n<meta name=\"twitter:card\" content=\"summary_large_image\" \/>\n<meta name=\"twitter:label1\" content=\"Szacowany czas czytania\" \/>\n\t<meta name=\"twitter:data1\" content=\"5 minut\" \/>\n<script type=\"application\/ld+json\" class=\"yoast-schema-graph\">{\"@context\":\"https:\/\/schema.org\",\"@graph\":[{\"@type\":\"WebPage\",\"@id\":\"https:\/\/tmg.hu\/termek\/reag-viii-eloadas-felvetelek\/\",\"url\":\"https:\/\/tmg.hu\/termek\/reag-viii-eloadas-felvetelek\/\",\"name\":\"REAG VIII. El\u0151ad\u00e1s felv\u00e9telek - Talajmeg\u00faj\u00edt\u00f3 Gazd\u00e1k Egyes\u00fclete\",\"isPartOf\":{\"@id\":\"https:\/\/tmg.hu\/#website\"},\"primaryImageOfPage\":{\"@id\":\"https:\/\/tmg.hu\/termek\/reag-viii-eloadas-felvetelek\/#primaryimage\"},\"image\":{\"@id\":\"https:\/\/tmg.hu\/termek\/reag-viii-eloadas-felvetelek\/#primaryimage\"},\"thumbnailUrl\":\"https:\/\/tmg.hu\/wp-content\/uploads\/2025\/02\/28A0472.JPG-masolata-scaled.jpg\",\"datePublished\":\"2025-02-20T01:20:44+00:00\",\"dateModified\":\"2026-04-12T08:21:18+00:00\",\"breadcrumb\":{\"@id\":\"https:\/\/tmg.hu\/termek\/reag-viii-eloadas-felvetelek\/#breadcrumb\"},\"inLanguage\":\"pl-PL\",\"potentialAction\":[{\"@type\":\"ReadAction\",\"target\":[\"https:\/\/tmg.hu\/termek\/reag-viii-eloadas-felvetelek\/\"]}]},{\"@type\":\"ImageObject\",\"inLanguage\":\"pl-PL\",\"@id\":\"https:\/\/tmg.hu\/termek\/reag-viii-eloadas-felvetelek\/#primaryimage\",\"url\":\"https:\/\/tmg.hu\/wp-content\/uploads\/2025\/02\/28A0472.JPG-masolata-scaled.jpg\",\"contentUrl\":\"https:\/\/tmg.hu\/wp-content\/uploads\/2025\/02\/28A0472.JPG-masolata-scaled.jpg\",\"width\":2560,\"height\":1707},{\"@type\":\"BreadcrumbList\",\"@id\":\"https:\/\/tmg.hu\/termek\/reag-viii-eloadas-felvetelek\/#breadcrumb\",\"itemListElement\":[{\"@type\":\"ListItem\",\"position\":1,\"name\":\"Home\",\"item\":\"https:\/\/tmg.hu\/\"},{\"@type\":\"ListItem\",\"position\":2,\"name\":\"Webshop\",\"item\":\"https:\/\/tmg.hu\/webshop\/\"},{\"@type\":\"ListItem\",\"position\":3,\"name\":\"REAG VIII. El\u0151ad\u00e1s felv\u00e9telek\"}]},{\"@type\":\"WebSite\",\"@id\":\"https:\/\/tmg.hu\/#website\",\"url\":\"https:\/\/tmg.hu\/\",\"name\":\"TMG - Talajmeg\u00faj\u00edt\u00f3 Gazd\u00e1k Egyes\u00fclete\",\"description\":\"Talajmeg\u00faj\u00edt\u00f3 Gazd\u00e1k Egyes\u00fclete\",\"publisher\":{\"@id\":\"https:\/\/tmg.hu\/#organization\"},\"potentialAction\":[{\"@type\":\"SearchAction\",\"target\":{\"@type\":\"EntryPoint\",\"urlTemplate\":\"https:\/\/tmg.hu\/?s={search_term_string}\"},\"query-input\":{\"@type\":\"PropertyValueSpecification\",\"valueRequired\":true,\"valueName\":\"search_term_string\"}}],\"inLanguage\":\"pl-PL\"},{\"@type\":\"Organization\",\"@id\":\"https:\/\/tmg.hu\/#organization\",\"name\":\"Talajmeg\u00faj\u00edt\u00f3 Gazd\u00e1k Egyes\u00fclete\",\"url\":\"https:\/\/tmg.hu\/\",\"logo\":{\"@type\":\"ImageObject\",\"inLanguage\":\"pl-PL\",\"@id\":\"https:\/\/tmg.hu\/#\/schema\/logo\/image\/\",\"url\":\"https:\/\/tmg.hu\/wp-content\/uploads\/2024\/10\/tmg_og_logo.png\",\"contentUrl\":\"https:\/\/tmg.hu\/wp-content\/uploads\/2024\/10\/tmg_og_logo.png\",\"width\":1200,\"height\":630,\"caption\":\"Talajmeg\u00faj\u00edt\u00f3 Gazd\u00e1k Egyes\u00fclete\"},\"image\":{\"@id\":\"https:\/\/tmg.hu\/#\/schema\/logo\/image\/\"},\"sameAs\":[\"https:\/\/www.facebook.com\/tmg.egyesulet\/\",\"https:\/\/www.instagram.com\/tmg.hu\/\",\"https:\/\/www.youtube.com\/@tmg_egyesulet\"]}]}<\/script>\n<!-- \/ Yoast SEO plugin. -->","yoast_head_json":{"title":"Nagrania z prezentacji REAG VIII - Stowarzyszenie Rolnik\u00f3w Odnowy Gleb","robots":{"index":"index","follow":"follow","max-snippet":"max-snippet:-1","max-image-preview":"max-image-preview:large","max-video-preview":"max-video-preview:-1"},"canonical":"https:\/\/tmg.hu\/pl\/pokoje\/reag-viii-eloadas-felvetelek\/","og_locale":"pl_PL","og_type":"article","og_title":"REAG VIII. El\u0151ad\u00e1s felv\u00e9telek - Talajmeg\u00faj\u00edt\u00f3 Gazd\u00e1k Egyes\u00fclete","og_description":"A talaj, ami \u00f6sszek\u00f6t Lemaradt\u00e1l a TMG REAG 8. Talaj\u00e9let Konferencia \u00e9s Szakki\u00e1ll\u00edt\u00e1sr\u00f3l? Most bep\u00f3tolhatod! Szerezd meg a teljes h\u00e1romnapos el\u0151ad\u00e1sfelv\u00e9telt, \u00e9s ismerd meg a regenerat\u00edv gazd\u00e1lkod\u00e1s legfontosabb t\u00e9m\u00e1it gyakorl\u00f3 gazd\u00e1kt\u00f3l, innovat\u00edv kutat\u00f3kt\u00f3l, valamint a talajmeg\u00faj\u00edt\u00e1s szak\u00e9rt\u0151it\u0151l, hazai \u00e9s nemzetk\u00f6zi ter\u00fcletekr\u0151l. Ez az esem\u00e9ny nem csup\u00e1n egy konferencia; K\u00f6z\u00e9p-Eur\u00f3pa legnagyobb regenerat\u00edv mez\u0151gazdas\u00e1gi rendezv\u00e9nye, ahol gazd\u00e1lkod\u00f3k, [&hellip;]","og_url":"https:\/\/tmg.hu\/pl\/pokoje\/reag-viii-eloadas-felvetelek\/","og_site_name":"Talajmeg\u00faj\u00edt\u00f3 Gazd\u00e1k Egyes\u00fclete","article_publisher":"https:\/\/www.facebook.com\/tmg.egyesulet\/","article_modified_time":"2026-04-12T08:21:18+00:00","og_image":[{"width":2560,"height":1707,"url":"https:\/\/tmg.hu\/wp-content\/uploads\/2025\/02\/28A0472.JPG-masolata-scaled.jpg","type":"image\/jpeg"}],"twitter_card":"summary_large_image","twitter_misc":{"Szacowany czas czytania":"5 minut"},"schema":{"@context":"https:\/\/schema.org","@graph":[{"@type":"WebPage","@id":"https:\/\/tmg.hu\/termek\/reag-viii-eloadas-felvetelek\/","url":"https:\/\/tmg.hu\/termek\/reag-viii-eloadas-felvetelek\/","name":"Nagrania z prezentacji REAG VIII - Stowarzyszenie Rolnik\u00f3w Odnowy Gleb","isPartOf":{"@id":"https:\/\/tmg.hu\/#website"},"primaryImageOfPage":{"@id":"https:\/\/tmg.hu\/termek\/reag-viii-eloadas-felvetelek\/#primaryimage"},"image":{"@id":"https:\/\/tmg.hu\/termek\/reag-viii-eloadas-felvetelek\/#primaryimage"},"thumbnailUrl":"https:\/\/tmg.hu\/wp-content\/uploads\/2025\/02\/28A0472.JPG-masolata-scaled.jpg","datePublished":"2025-02-20T01:20:44+00:00","dateModified":"2026-04-12T08:21:18+00:00","breadcrumb":{"@id":"https:\/\/tmg.hu\/termek\/reag-viii-eloadas-felvetelek\/#breadcrumb"},"inLanguage":"pl-PL","potentialAction":[{"@type":"ReadAction","target":["https:\/\/tmg.hu\/termek\/reag-viii-eloadas-felvetelek\/"]}]},{"@type":"ImageObject","inLanguage":"pl-PL","@id":"https:\/\/tmg.hu\/termek\/reag-viii-eloadas-felvetelek\/#primaryimage","url":"https:\/\/tmg.hu\/wp-content\/uploads\/2025\/02\/28A0472.JPG-masolata-scaled.jpg","contentUrl":"https:\/\/tmg.hu\/wp-content\/uploads\/2025\/02\/28A0472.JPG-masolata-scaled.jpg","width":2560,"height":1707},{"@type":"BreadcrumbList","@id":"https:\/\/tmg.hu\/termek\/reag-viii-eloadas-felvetelek\/#breadcrumb","itemListElement":[{"@type":"ListItem","position":1,"name":"Home","item":"https:\/\/tmg.hu\/"},{"@type":"ListItem","position":2,"name":"Webshop","item":"https:\/\/tmg.hu\/webshop\/"},{"@type":"ListItem","position":3,"name":"REAG VIII. El\u0151ad\u00e1s felv\u00e9telek"}]},{"@type":"WebSite","@id":"https:\/\/tmg.hu\/#website","url":"https:\/\/tmg.hu\/","name":"TMG - Stowarzyszenie Rolnik\u00f3w Odnawiaj\u0105cych Gleb\u0119","description":"Stowarzyszenie Rolnik\u00f3w Odbudowy Gleby","publisher":{"@id":"https:\/\/tmg.hu\/#organization"},"potentialAction":[{"@type":"SearchAction","target":{"@type":"EntryPoint","urlTemplate":"https:\/\/tmg.hu\/?s={search_term_string}"},"query-input":{"@type":"PropertyValueSpecification","valueRequired":true,"valueName":"search_term_string"}}],"inLanguage":"pl-PL"},{"@type":"Organization","@id":"https:\/\/tmg.hu\/#organization","name":"Stowarzyszenie Rolnik\u00f3w Odbudowy Gleby","url":"https:\/\/tmg.hu\/","logo":{"@type":"ImageObject","inLanguage":"pl-PL","@id":"https:\/\/tmg.hu\/#\/schema\/logo\/image\/","url":"https:\/\/tmg.hu\/wp-content\/uploads\/2024\/10\/tmg_og_logo.png","contentUrl":"https:\/\/tmg.hu\/wp-content\/uploads\/2024\/10\/tmg_og_logo.png","width":1200,"height":630,"caption":"Talajmeg\u00faj\u00edt\u00f3 Gazd\u00e1k Egyes\u00fclete"},"image":{"@id":"https:\/\/tmg.hu\/#\/schema\/logo\/image\/"},"sameAs":["https:\/\/www.facebook.com\/tmg.egyesulet\/","https:\/\/www.instagram.com\/tmg.hu\/","https:\/\/www.youtube.com\/@tmg_egyesulet"]}]}},"_links":{"self":[{"href":"https:\/\/tmg.hu\/pl\/wp-json\/wp\/v2\/product\/9669","targetHints":{"allow":["GET"]}}],"collection":[{"href":"https:\/\/tmg.hu\/pl\/wp-json\/wp\/v2\/product"}],"about":[{"href":"https:\/\/tmg.hu\/pl\/wp-json\/wp\/v2\/types\/product"}],"wp:featuredmedia":[{"embeddable":true,"href":"https:\/\/tmg.hu\/pl\/wp-json\/wp\/v2\/media\/9689"}],"wp:attachment":[{"href":"https:\/\/tmg.hu\/pl\/wp-json\/wp\/v2\/media?parent=9669"}],"wp:term":[{"taxonomy":"product_brand","embeddable":true,"href":"https:\/\/tmg.hu\/pl\/wp-json\/wp\/v2\/product_brand?post=9669"},{"taxonomy":"product_cat","embeddable":true,"href":"https:\/\/tmg.hu\/pl\/wp-json\/wp\/v2\/product_cat?post=9669"},{"taxonomy":"product_tag","embeddable":true,"href":"https:\/\/tmg.hu\/pl\/wp-json\/wp\/v2\/product_tag?post=9669"}],"curies":[{"name":"wp","href":"https:\/\/api.w.org\/{rel}","templated":true}]}}