{"id":9668,"date":"2025-02-20T02:20:41","date_gmt":"2025-02-20T01:20:41","guid":{"rendered":"https:\/\/tmg.hu\/?post_type=product&#038;p=9668"},"modified":"2026-04-12T10:21:01","modified_gmt":"2026-04-12T08:21:01","slug":"reag-vii-eloadas-raises","status":"publish","type":"product","link":"https:\/\/tmg.hu\/pl\/pokoje\/reag-vii-eloadas-raises\/","title":{"rendered":"Nagrania z prezentacji REAG VII"},"content":{"rendered":"<p><strong>Gleba, w kt\u00f3rej przysz\u0142o\u015b\u0107 zapuszcza korzenie<\/strong><\/p>\n<p>Przegapi\u0142e\u015b 7. konferencj\u0119 i wystaw\u0119 TMG REAG Soil Life? Teraz masz szans\u0119! Pobierz pe\u0142ne materia\u0142y z dwudniowej konferencji za jednym razem.<\/p>\n<p>Program konferencji i prelegent\u00f3w mo\u017cna znale\u017a\u0107 tutaj:<\/p>\n<p><a href=\"https:\/\/tmg.hu\/pl\/wydarzenie\/tmg-reag-vii-konferencja-i-warsztaty-na-parterze\/\">https:\/\/tmg.hu\/event\/tmg-reag-vii-talajelet-konferencia-es-szakkiallitas\/<\/a><\/p>\n<p>W ci\u0105gu kilku dni od zakupu prze\u015blemy na podany adres e-mail dane logowania, za pomoc\u0105 kt\u00f3rych mo\u017cna uzyska\u0107 dost\u0119p do nagra\u0144 REAG 7.<\/p>","protected":false},"excerpt":{"rendered":"<p>A talaj, ahol a j\u00f6v\u0151 gy\u00f6keret ver Lemaradt\u00e1l a TMG REAG 7. Talaj\u00e9let Konferencia \u00e9s Szakki\u00e1ll\u00edt\u00e1sr\u00f3l? Most itt a kihagyhatatlan lehet\u0151s\u00e9g! Szerezd meg a k\u00e9tnapos konferencia teljes el\u0151ad\u00e1sanyag\u00e1t egyben. A konferencia programj\u00e1t \u00e9s el\u0151ad\u00f3it itt tal\u00e1lod: https:\/\/tmg.hu\/event\/tmg-reag-vii-talajelet-konferencia-es-szakkiallitas\/ V\u00e1s\u00e1rl\u00e1s ut\u00e1n n\u00e9h\u00e1ny napon bel\u00fcl a megadott e-mail c\u00edmre elk\u00fcldj\u00fck a bejelentkez\u00e9si adatokat, amelyekkel hozz\u00e1f\u00e9rhetsz a REAG 7 [&hellip;]<\/p>","protected":false},"featured_media":9694,"template":"","meta":[],"product_brand":[],"product_cat":[70],"product_tag":[],"class_list":{"0":"post-9668","1":"product","2":"type-product","3":"status-publish","4":"has-post-thumbnail","6":"product_cat-videok","8":"first","9":"instock","10":"virtual","11":"taxable","12":"purchasable","13":"product-type-simple"},"bundled_by":[],"bundle_stock_status":"instock","bundle_stock_quantity":null,"bundle_virtual":false,"bundle_layout":"","bundle_add_to_cart_form_location":"","bundle_editable_in_cart":false,"bundle_sold_individually_context":"","bundle_item_grouping":"","bundle_min_size":"","bundle_max_size":"","bundle_price":[],"bundled_items":[],"bundle_sell_ids":[],"yoast_head":"<!-- This site is optimized with the Yoast SEO plugin v26.6 - https:\/\/yoast.com\/wordpress\/plugins\/seo\/ -->\n<title>REAG VII. El\u0151ad\u00e1s felv\u00e9telek - Talajmeg\u00faj\u00edt\u00f3 Gazd\u00e1k Egyes\u00fclete<\/title>\n<meta name=\"robots\" content=\"index, follow, max-snippet:-1, max-image-preview:large, max-video-preview:-1\" \/>\n<link rel=\"canonical\" href=\"https:\/\/tmg.hu\/pl\/pokoje\/reag-vii-eloadas-raises\/\" \/>\n<meta property=\"og:locale\" content=\"pl_PL\" \/>\n<meta property=\"og:type\" content=\"article\" \/>\n<meta property=\"og:title\" content=\"REAG VII. El\u0151ad\u00e1s felv\u00e9telek - Talajmeg\u00faj\u00edt\u00f3 Gazd\u00e1k Egyes\u00fclete\" \/>\n<meta property=\"og:description\" content=\"A talaj, ahol a j\u00f6v\u0151 gy\u00f6keret ver Lemaradt\u00e1l a TMG REAG 7. Talaj\u00e9let Konferencia \u00e9s Szakki\u00e1ll\u00edt\u00e1sr\u00f3l? Most itt a kihagyhatatlan lehet\u0151s\u00e9g! Szerezd meg a k\u00e9tnapos konferencia teljes el\u0151ad\u00e1sanyag\u00e1t egyben. A konferencia programj\u00e1t \u00e9s el\u0151ad\u00f3it itt tal\u00e1lod: https:\/\/tmg.hu\/event\/tmg-reag-vii-talajelet-konferencia-es-szakkiallitas\/ V\u00e1s\u00e1rl\u00e1s ut\u00e1n n\u00e9h\u00e1ny napon bel\u00fcl a megadott e-mail c\u00edmre elk\u00fcldj\u00fck a bejelentkez\u00e9si adatokat, amelyekkel hozz\u00e1f\u00e9rhetsz a REAG 7 [&hellip;]\" \/>\n<meta property=\"og:url\" content=\"https:\/\/tmg.hu\/pl\/pokoje\/reag-vii-eloadas-raises\/\" \/>\n<meta property=\"og:site_name\" content=\"Talajmeg\u00faj\u00edt\u00f3 Gazd\u00e1k Egyes\u00fclete\" \/>\n<meta property=\"article:publisher\" content=\"https:\/\/www.facebook.com\/tmg.egyesulet\/\" \/>\n<meta property=\"article:modified_time\" content=\"2026-04-12T08:21:01+00:00\" \/>\n<meta property=\"og:image\" content=\"https:\/\/tmg.hu\/wp-content\/uploads\/2025\/02\/6L6C9560.JPG-masolata.jpg\" \/>\n\t<meta property=\"og:image:width\" content=\"1200\" \/>\n\t<meta property=\"og:image:height\" content=\"800\" \/>\n\t<meta property=\"og:image:type\" content=\"image\/jpeg\" \/>\n<meta name=\"twitter:card\" content=\"summary_large_image\" \/>\n<meta name=\"twitter:label1\" content=\"Szacowany czas czytania\" \/>\n\t<meta name=\"twitter:data1\" content=\"1 minuta\" \/>\n<script type=\"application\/ld+json\" class=\"yoast-schema-graph\">{\"@context\":\"https:\/\/schema.org\",\"@graph\":[{\"@type\":\"WebPage\",\"@id\":\"https:\/\/tmg.hu\/termek\/reag-vii-eloadas-felvetelek\/\",\"url\":\"https:\/\/tmg.hu\/termek\/reag-vii-eloadas-felvetelek\/\",\"name\":\"REAG VII. El\u0151ad\u00e1s felv\u00e9telek - Talajmeg\u00faj\u00edt\u00f3 Gazd\u00e1k Egyes\u00fclete\",\"isPartOf\":{\"@id\":\"https:\/\/tmg.hu\/#website\"},\"primaryImageOfPage\":{\"@id\":\"https:\/\/tmg.hu\/termek\/reag-vii-eloadas-felvetelek\/#primaryimage\"},\"image\":{\"@id\":\"https:\/\/tmg.hu\/termek\/reag-vii-eloadas-felvetelek\/#primaryimage\"},\"thumbnailUrl\":\"https:\/\/tmg.hu\/wp-content\/uploads\/2025\/02\/6L6C9560.JPG-masolata.jpg\",\"datePublished\":\"2025-02-20T01:20:41+00:00\",\"dateModified\":\"2026-04-12T08:21:01+00:00\",\"breadcrumb\":{\"@id\":\"https:\/\/tmg.hu\/termek\/reag-vii-eloadas-felvetelek\/#breadcrumb\"},\"inLanguage\":\"pl-PL\",\"potentialAction\":[{\"@type\":\"ReadAction\",\"target\":[\"https:\/\/tmg.hu\/termek\/reag-vii-eloadas-felvetelek\/\"]}]},{\"@type\":\"ImageObject\",\"inLanguage\":\"pl-PL\",\"@id\":\"https:\/\/tmg.hu\/termek\/reag-vii-eloadas-felvetelek\/#primaryimage\",\"url\":\"https:\/\/tmg.hu\/wp-content\/uploads\/2025\/02\/6L6C9560.JPG-masolata.jpg\",\"contentUrl\":\"https:\/\/tmg.hu\/wp-content\/uploads\/2025\/02\/6L6C9560.JPG-masolata.jpg\",\"width\":1200,\"height\":800},{\"@type\":\"BreadcrumbList\",\"@id\":\"https:\/\/tmg.hu\/termek\/reag-vii-eloadas-felvetelek\/#breadcrumb\",\"itemListElement\":[{\"@type\":\"ListItem\",\"position\":1,\"name\":\"Home\",\"item\":\"https:\/\/tmg.hu\/\"},{\"@type\":\"ListItem\",\"position\":2,\"name\":\"Webshop\",\"item\":\"https:\/\/tmg.hu\/webshop\/\"},{\"@type\":\"ListItem\",\"position\":3,\"name\":\"REAG VII. El\u0151ad\u00e1s felv\u00e9telek\"}]},{\"@type\":\"WebSite\",\"@id\":\"https:\/\/tmg.hu\/#website\",\"url\":\"https:\/\/tmg.hu\/\",\"name\":\"TMG - Talajmeg\u00faj\u00edt\u00f3 Gazd\u00e1k Egyes\u00fclete\",\"description\":\"Talajmeg\u00faj\u00edt\u00f3 Gazd\u00e1k Egyes\u00fclete\",\"publisher\":{\"@id\":\"https:\/\/tmg.hu\/#organization\"},\"potentialAction\":[{\"@type\":\"SearchAction\",\"target\":{\"@type\":\"EntryPoint\",\"urlTemplate\":\"https:\/\/tmg.hu\/?s={search_term_string}\"},\"query-input\":{\"@type\":\"PropertyValueSpecification\",\"valueRequired\":true,\"valueName\":\"search_term_string\"}}],\"inLanguage\":\"pl-PL\"},{\"@type\":\"Organization\",\"@id\":\"https:\/\/tmg.hu\/#organization\",\"name\":\"Talajmeg\u00faj\u00edt\u00f3 Gazd\u00e1k Egyes\u00fclete\",\"url\":\"https:\/\/tmg.hu\/\",\"logo\":{\"@type\":\"ImageObject\",\"inLanguage\":\"pl-PL\",\"@id\":\"https:\/\/tmg.hu\/#\/schema\/logo\/image\/\",\"url\":\"https:\/\/tmg.hu\/wp-content\/uploads\/2024\/10\/tmg_og_logo.png\",\"contentUrl\":\"https:\/\/tmg.hu\/wp-content\/uploads\/2024\/10\/tmg_og_logo.png\",\"width\":1200,\"height\":630,\"caption\":\"Talajmeg\u00faj\u00edt\u00f3 Gazd\u00e1k Egyes\u00fclete\"},\"image\":{\"@id\":\"https:\/\/tmg.hu\/#\/schema\/logo\/image\/\"},\"sameAs\":[\"https:\/\/www.facebook.com\/tmg.egyesulet\/\",\"https:\/\/www.instagram.com\/tmg.hu\/\",\"https:\/\/www.youtube.com\/@tmg_egyesulet\"]}]}<\/script>\n<!-- \/ Yoast SEO plugin. -->","yoast_head_json":{"title":"Nagrania prezentacji REAG VII - Stowarzyszenie Rolnik\u00f3w Odnowy Gleb","robots":{"index":"index","follow":"follow","max-snippet":"max-snippet:-1","max-image-preview":"max-image-preview:large","max-video-preview":"max-video-preview:-1"},"canonical":"https:\/\/tmg.hu\/pl\/pokoje\/reag-vii-eloadas-raises\/","og_locale":"pl_PL","og_type":"article","og_title":"REAG VII. El\u0151ad\u00e1s felv\u00e9telek - Talajmeg\u00faj\u00edt\u00f3 Gazd\u00e1k Egyes\u00fclete","og_description":"A talaj, ahol a j\u00f6v\u0151 gy\u00f6keret ver Lemaradt\u00e1l a TMG REAG 7. Talaj\u00e9let Konferencia \u00e9s Szakki\u00e1ll\u00edt\u00e1sr\u00f3l? Most itt a kihagyhatatlan lehet\u0151s\u00e9g! Szerezd meg a k\u00e9tnapos konferencia teljes el\u0151ad\u00e1sanyag\u00e1t egyben. A konferencia programj\u00e1t \u00e9s el\u0151ad\u00f3it itt tal\u00e1lod: https:\/\/tmg.hu\/event\/tmg-reag-vii-talajelet-konferencia-es-szakkiallitas\/ V\u00e1s\u00e1rl\u00e1s ut\u00e1n n\u00e9h\u00e1ny napon bel\u00fcl a megadott e-mail c\u00edmre elk\u00fcldj\u00fck a bejelentkez\u00e9si adatokat, amelyekkel hozz\u00e1f\u00e9rhetsz a REAG 7 [&hellip;]","og_url":"https:\/\/tmg.hu\/pl\/pokoje\/reag-vii-eloadas-raises\/","og_site_name":"Talajmeg\u00faj\u00edt\u00f3 Gazd\u00e1k Egyes\u00fclete","article_publisher":"https:\/\/www.facebook.com\/tmg.egyesulet\/","article_modified_time":"2026-04-12T08:21:01+00:00","og_image":[{"width":1200,"height":800,"url":"https:\/\/tmg.hu\/wp-content\/uploads\/2025\/02\/6L6C9560.JPG-masolata.jpg","type":"image\/jpeg"}],"twitter_card":"summary_large_image","twitter_misc":{"Szacowany czas czytania":"1 minuta"},"schema":{"@context":"https:\/\/schema.org","@graph":[{"@type":"WebPage","@id":"https:\/\/tmg.hu\/termek\/reag-vii-eloadas-felvetelek\/","url":"https:\/\/tmg.hu\/termek\/reag-vii-eloadas-felvetelek\/","name":"Nagrania prezentacji REAG VII - Stowarzyszenie Rolnik\u00f3w Odnowy Gleb","isPartOf":{"@id":"https:\/\/tmg.hu\/#website"},"primaryImageOfPage":{"@id":"https:\/\/tmg.hu\/termek\/reag-vii-eloadas-felvetelek\/#primaryimage"},"image":{"@id":"https:\/\/tmg.hu\/termek\/reag-vii-eloadas-felvetelek\/#primaryimage"},"thumbnailUrl":"https:\/\/tmg.hu\/wp-content\/uploads\/2025\/02\/6L6C9560.JPG-masolata.jpg","datePublished":"2025-02-20T01:20:41+00:00","dateModified":"2026-04-12T08:21:01+00:00","breadcrumb":{"@id":"https:\/\/tmg.hu\/termek\/reag-vii-eloadas-felvetelek\/#breadcrumb"},"inLanguage":"pl-PL","potentialAction":[{"@type":"ReadAction","target":["https:\/\/tmg.hu\/termek\/reag-vii-eloadas-felvetelek\/"]}]},{"@type":"ImageObject","inLanguage":"pl-PL","@id":"https:\/\/tmg.hu\/termek\/reag-vii-eloadas-felvetelek\/#primaryimage","url":"https:\/\/tmg.hu\/wp-content\/uploads\/2025\/02\/6L6C9560.JPG-masolata.jpg","contentUrl":"https:\/\/tmg.hu\/wp-content\/uploads\/2025\/02\/6L6C9560.JPG-masolata.jpg","width":1200,"height":800},{"@type":"BreadcrumbList","@id":"https:\/\/tmg.hu\/termek\/reag-vii-eloadas-felvetelek\/#breadcrumb","itemListElement":[{"@type":"ListItem","position":1,"name":"Home","item":"https:\/\/tmg.hu\/"},{"@type":"ListItem","position":2,"name":"Webshop","item":"https:\/\/tmg.hu\/webshop\/"},{"@type":"ListItem","position":3,"name":"REAG VII. El\u0151ad\u00e1s felv\u00e9telek"}]},{"@type":"WebSite","@id":"https:\/\/tmg.hu\/#website","url":"https:\/\/tmg.hu\/","name":"TMG - Stowarzyszenie Rolnik\u00f3w Odnawiaj\u0105cych Gleb\u0119","description":"Stowarzyszenie Rolnik\u00f3w Odbudowy Gleby","publisher":{"@id":"https:\/\/tmg.hu\/#organization"},"potentialAction":[{"@type":"SearchAction","target":{"@type":"EntryPoint","urlTemplate":"https:\/\/tmg.hu\/?s={search_term_string}"},"query-input":{"@type":"PropertyValueSpecification","valueRequired":true,"valueName":"search_term_string"}}],"inLanguage":"pl-PL"},{"@type":"Organization","@id":"https:\/\/tmg.hu\/#organization","name":"Stowarzyszenie Rolnik\u00f3w Odbudowy Gleby","url":"https:\/\/tmg.hu\/","logo":{"@type":"ImageObject","inLanguage":"pl-PL","@id":"https:\/\/tmg.hu\/#\/schema\/logo\/image\/","url":"https:\/\/tmg.hu\/wp-content\/uploads\/2024\/10\/tmg_og_logo.png","contentUrl":"https:\/\/tmg.hu\/wp-content\/uploads\/2024\/10\/tmg_og_logo.png","width":1200,"height":630,"caption":"Talajmeg\u00faj\u00edt\u00f3 Gazd\u00e1k Egyes\u00fclete"},"image":{"@id":"https:\/\/tmg.hu\/#\/schema\/logo\/image\/"},"sameAs":["https:\/\/www.facebook.com\/tmg.egyesulet\/","https:\/\/www.instagram.com\/tmg.hu\/","https:\/\/www.youtube.com\/@tmg_egyesulet"]}]}},"_links":{"self":[{"href":"https:\/\/tmg.hu\/pl\/wp-json\/wp\/v2\/product\/9668","targetHints":{"allow":["GET"]}}],"collection":[{"href":"https:\/\/tmg.hu\/pl\/wp-json\/wp\/v2\/product"}],"about":[{"href":"https:\/\/tmg.hu\/pl\/wp-json\/wp\/v2\/types\/product"}],"wp:featuredmedia":[{"embeddable":true,"href":"https:\/\/tmg.hu\/pl\/wp-json\/wp\/v2\/media\/9694"}],"wp:attachment":[{"href":"https:\/\/tmg.hu\/pl\/wp-json\/wp\/v2\/media?parent=9668"}],"wp:term":[{"taxonomy":"product_brand","embeddable":true,"href":"https:\/\/tmg.hu\/pl\/wp-json\/wp\/v2\/product_brand?post=9668"},{"taxonomy":"product_cat","embeddable":true,"href":"https:\/\/tmg.hu\/pl\/wp-json\/wp\/v2\/product_cat?post=9668"},{"taxonomy":"product_tag","embeddable":true,"href":"https:\/\/tmg.hu\/pl\/wp-json\/wp\/v2\/product_tag?post=9668"}],"curies":[{"name":"wp","href":"https:\/\/api.w.org\/{rel}","templated":true}]}}