{"id":9665,"date":"2025-02-20T02:21:05","date_gmt":"2025-02-20T01:21:05","guid":{"rendered":"https:\/\/tmg.hu\/?post_type=product&#038;p=9665"},"modified":"2026-04-06T10:57:27","modified_gmt":"2026-04-06T08:57:27","slug":"david-r-montgomery-gleba-erozja-cywilizacji","status":"publish","type":"product","link":"https:\/\/tmg.hu\/pl\/pokoje\/david-r-montgomery-gleba-erozja-cywilizacji\/","title":{"rendered":"David R. Montgomery - Gleba - erozja cywilizacji"},"content":{"rendered":"<p>Gleba - lub wierzchnia warstwa gleby - jest wsz\u0119dzie. Jest korzeniem naszego istnienia, wsparciem dla naszych st\u00f3p, naszych farm i naszych miast.<\/p>\n<p>Ta niezwykle prowokuj\u0105ca ksi\u0105\u017cka \u0142\u0105czy nauki przyrodnicze i histori\u0119 kultury, aby pokaza\u0107, w jaki spos\u00f3b erozja spowodowa\u0142a upadek cywilizacji w przesz\u0142o\u015bci i jak wsp\u00f3\u0142czesne spo\u0142ecze\u0144stwa rolnicze czeka podobny los, chyba \u017ce przejd\u0105 na bardziej zr\u00f3wnowa\u017cone praktyki.<\/p>\n<p>David R. Montgomery jest profesorem geomorfologii na Uniwersytecie Waszyngto\u0144skim.<\/p>\n<p>Bada ewolucj\u0119 krajobrazu i wp\u0142yw proces\u00f3w geologicznych na ekosystemy i spo\u0142ecze\u0144stwa ludzkie. Jest autorem nagradzanych ksi\u0105\u017cek popularnonaukowych, wyst\u0119powa\u0142 w filmach dokumentalnych oraz licznych programach telewizyjnych i radiowych. Jego ksi\u0105\u017cki zosta\u0142y przet\u0142umaczone na jedena\u015bcie j\u0119zyk\u00f3w. Mieszka w Seattle ze swoj\u0105 \u017con\u0105 i wsp\u00f3\u0142autork\u0105 Anne Bikle.<\/p>\n<p><em>\"Fascynuj\u0105ce studium gleby: dlaczego jej potrzebujemy, jak j\u0105 wykorzystujemy i nadu\u017cywamy, jak j\u0105 chroni\u0107 i co si\u0119 dzieje, gdy pozwolimy jej wymkn\u0105\u0107 si\u0119 spod kontroli\".<\/em><br \/>\n<strong>New Scientist<\/strong><\/p>\n<p><em>\"Historia, kt\u00f3rej nie mo\u017cna zignorowa\u0107......<\/em><br \/>\n<em>Dobrze opowiedziana i zilustrowana\".<\/em><br \/>\n<strong>Financial Times<\/strong><\/p>\n<p><em>\"Ksi\u0105\u017cka zapewnia wspania\u0142y wgl\u0105d w to, co powinno by\u0107 naszym najcenniejszym zasobem naturalnym i wa\u017cnymi wskaz\u00f3wkami dotycz\u0105cymi zr\u00f3wnowa\u017conego u\u017cytkowania grunt\u00f3w\".<\/em><br \/>\n<strong>Bisscience<\/strong><\/p>","protected":false},"excerpt":{"rendered":"<p>A talaj &#8211; vagy term\u0151talaj &#8211; b\u00e1rmerre megy\u00fcnk, mindenhol jelen van. A l\u00e9tez\u00e9s\u00fcnk gy\u00f6kere, t\u00e1maszt ny\u00fajt a l\u00e1bunknak, a gazdas\u00e1gainknak \u00e9s a v\u00e1rosainknak. Ez az els\u00f6pr\u0151 erej\u0171 provokat\u00edv k\u00f6nyv \u00f6tv\u00f6zi a term\u00e9szettudom\u00e1nyt \u00e9s a kult\u00fart\u00f6rt\u00e9netet, hogy bemutassa mik\u00e9nt okozta az er\u00f3zi\u00f3 a m\u00falt civiliz\u00e1ci\u00f3inak az \u00f6sszeoml\u00e1s\u00e1t \u00e9s mik\u00e9nt n\u00e9znek szembe a jelenkori mez\u0151gazdas\u00e1gi t\u00e1rsadalmak hasonl\u00f3 [&hellip;]<\/p>","protected":false},"featured_media":9684,"template":"","meta":[],"product_brand":[],"product_cat":[69],"product_tag":[],"class_list":{"0":"post-9665","1":"product","2":"type-product","3":"status-publish","4":"has-post-thumbnail","6":"product_cat-konyvek","8":"first","9":"instock","10":"taxable","11":"shipping-taxable","12":"purchasable","13":"product-type-simple"},"bundled_by":["9758"],"bundle_stock_status":"instock","bundle_stock_quantity":16,"bundle_virtual":false,"bundle_layout":"","bundle_add_to_cart_form_location":"","bundle_editable_in_cart":false,"bundle_sold_individually_context":"","bundle_item_grouping":"","bundle_min_size":"","bundle_max_size":"","bundle_price":[],"bundled_items":[],"bundle_sell_ids":[],"yoast_head":"<!-- This site is optimized with the Yoast SEO plugin v26.6 - https:\/\/yoast.com\/wordpress\/plugins\/seo\/ -->\n<title>David R. Montgomery - Talaj - A Civiliz\u00e1ci\u00f3k Er\u00f3zi\u00f3ja - Talajmeg\u00faj\u00edt\u00f3 Gazd\u00e1k Egyes\u00fclete<\/title>\n<meta name=\"robots\" content=\"index, follow, max-snippet:-1, max-image-preview:large, max-video-preview:-1\" \/>\n<link rel=\"canonical\" href=\"https:\/\/tmg.hu\/pl\/pokoje\/david-r-montgomery-gleba-erozja-cywilizacji\/\" \/>\n<meta property=\"og:locale\" content=\"pl_PL\" \/>\n<meta property=\"og:type\" content=\"article\" \/>\n<meta property=\"og:title\" content=\"David R. Montgomery - Talaj - A Civiliz\u00e1ci\u00f3k Er\u00f3zi\u00f3ja - Talajmeg\u00faj\u00edt\u00f3 Gazd\u00e1k Egyes\u00fclete\" \/>\n<meta property=\"og:description\" content=\"A talaj &#8211; vagy term\u0151talaj &#8211; b\u00e1rmerre megy\u00fcnk, mindenhol jelen van. A l\u00e9tez\u00e9s\u00fcnk gy\u00f6kere, t\u00e1maszt ny\u00fajt a l\u00e1bunknak, a gazdas\u00e1gainknak \u00e9s a v\u00e1rosainknak. Ez az els\u00f6pr\u0151 erej\u0171 provokat\u00edv k\u00f6nyv \u00f6tv\u00f6zi a term\u00e9szettudom\u00e1nyt \u00e9s a kult\u00fart\u00f6rt\u00e9netet, hogy bemutassa mik\u00e9nt okozta az er\u00f3zi\u00f3 a m\u00falt civiliz\u00e1ci\u00f3inak az \u00f6sszeoml\u00e1s\u00e1t \u00e9s mik\u00e9nt n\u00e9znek szembe a jelenkori mez\u0151gazdas\u00e1gi t\u00e1rsadalmak hasonl\u00f3 [&hellip;]\" \/>\n<meta property=\"og:url\" content=\"https:\/\/tmg.hu\/pl\/pokoje\/david-r-montgomery-gleba-erozja-cywilizacji\/\" \/>\n<meta property=\"og:site_name\" content=\"Talajmeg\u00faj\u00edt\u00f3 Gazd\u00e1k Egyes\u00fclete\" \/>\n<meta property=\"article:publisher\" content=\"https:\/\/www.facebook.com\/tmg.egyesulet\/\" \/>\n<meta property=\"article:modified_time\" content=\"2026-04-06T08:57:27+00:00\" \/>\n<meta property=\"og:image\" content=\"https:\/\/tmg.hu\/wp-content\/uploads\/2025\/02\/Talaj.png\" \/>\n\t<meta property=\"og:image:width\" content=\"637\" \/>\n\t<meta property=\"og:image:height\" content=\"908\" \/>\n\t<meta property=\"og:image:type\" content=\"image\/png\" \/>\n<meta name=\"twitter:card\" content=\"summary_large_image\" \/>\n<meta name=\"twitter:label1\" content=\"Szacowany czas czytania\" \/>\n\t<meta name=\"twitter:data1\" content=\"2 minuty\" \/>\n<script type=\"application\/ld+json\" class=\"yoast-schema-graph\">{\"@context\":\"https:\/\/schema.org\",\"@graph\":[{\"@type\":\"WebPage\",\"@id\":\"https:\/\/tmg.hu\/uk\/%d0%ba%d1%96%d0%bc%d0%bd%d0%b0%d1%82%d0%b8\/%d0%b4%d0%b5%d0%b2%d1%96%d0%b4-%d1%80-%d0%bc%d0%be%d0%bd%d1%82%d0%b3%d0%be%d0%bc%d0%b5%d1%80%d1%96-%d0%bf%d1%80%d0%be-%d0%b5%d1%80%d0%be%d0%b7%d1%96%d1%8e-%d1%86%d0%b8%d0%b2%d1%96%d0%bb%d1%96%d0%b7-2\/\",\"url\":\"https:\/\/tmg.hu\/uk\/%d0%ba%d1%96%d0%bc%d0%bd%d0%b0%d1%82%d0%b8\/%d0%b4%d0%b5%d0%b2%d1%96%d0%b4-%d1%80-%d0%bc%d0%be%d0%bd%d1%82%d0%b3%d0%be%d0%bc%d0%b5%d1%80%d1%96-%d0%bf%d1%80%d0%be-%d0%b5%d1%80%d0%be%d0%b7%d1%96%d1%8e-%d1%86%d0%b8%d0%b2%d1%96%d0%bb%d1%96%d0%b7-2\/\",\"name\":\"David R. Montgomery - Talaj - A Civiliz\u00e1ci\u00f3k Er\u00f3zi\u00f3ja - Talajmeg\u00faj\u00edt\u00f3 Gazd\u00e1k Egyes\u00fclete\",\"isPartOf\":{\"@id\":\"https:\/\/tmg.hu\/#website\"},\"primaryImageOfPage\":{\"@id\":\"https:\/\/tmg.hu\/uk\/%d0%ba%d1%96%d0%bc%d0%bd%d0%b0%d1%82%d0%b8\/%d0%b4%d0%b5%d0%b2%d1%96%d0%b4-%d1%80-%d0%bc%d0%be%d0%bd%d1%82%d0%b3%d0%be%d0%bc%d0%b5%d1%80%d1%96-%d0%bf%d1%80%d0%be-%d0%b5%d1%80%d0%be%d0%b7%d1%96%d1%8e-%d1%86%d0%b8%d0%b2%d1%96%d0%bb%d1%96%d0%b7-2\/#primaryimage\"},\"image\":{\"@id\":\"https:\/\/tmg.hu\/uk\/%d0%ba%d1%96%d0%bc%d0%bd%d0%b0%d1%82%d0%b8\/%d0%b4%d0%b5%d0%b2%d1%96%d0%b4-%d1%80-%d0%bc%d0%be%d0%bd%d1%82%d0%b3%d0%be%d0%bc%d0%b5%d1%80%d1%96-%d0%bf%d1%80%d0%be-%d0%b5%d1%80%d0%be%d0%b7%d1%96%d1%8e-%d1%86%d0%b8%d0%b2%d1%96%d0%bb%d1%96%d0%b7-2\/#primaryimage\"},\"thumbnailUrl\":\"https:\/\/tmg.hu\/wp-content\/uploads\/2025\/02\/Talaj.png\",\"datePublished\":\"2025-02-20T01:21:05+00:00\",\"dateModified\":\"2026-04-06T08:57:27+00:00\",\"breadcrumb\":{\"@id\":\"https:\/\/tmg.hu\/uk\/%d0%ba%d1%96%d0%bc%d0%bd%d0%b0%d1%82%d0%b8\/%d0%b4%d0%b5%d0%b2%d1%96%d0%b4-%d1%80-%d0%bc%d0%be%d0%bd%d1%82%d0%b3%d0%be%d0%bc%d0%b5%d1%80%d1%96-%d0%bf%d1%80%d0%be-%d0%b5%d1%80%d0%be%d0%b7%d1%96%d1%8e-%d1%86%d0%b8%d0%b2%d1%96%d0%bb%d1%96%d0%b7-2\/#breadcrumb\"},\"inLanguage\":\"pl-PL\",\"potentialAction\":[{\"@type\":\"ReadAction\",\"target\":[\"https:\/\/tmg.hu\/uk\/%d0%ba%d1%96%d0%bc%d0%bd%d0%b0%d1%82%d0%b8\/%d0%b4%d0%b5%d0%b2%d1%96%d0%b4-%d1%80-%d0%bc%d0%be%d0%bd%d1%82%d0%b3%d0%be%d0%bc%d0%b5%d1%80%d1%96-%d0%bf%d1%80%d0%be-%d0%b5%d1%80%d0%be%d0%b7%d1%96%d1%8e-%d1%86%d0%b8%d0%b2%d1%96%d0%bb%d1%96%d0%b7-2\/\"]}]},{\"@type\":\"ImageObject\",\"inLanguage\":\"pl-PL\",\"@id\":\"https:\/\/tmg.hu\/uk\/%d0%ba%d1%96%d0%bc%d0%bd%d0%b0%d1%82%d0%b8\/%d0%b4%d0%b5%d0%b2%d1%96%d0%b4-%d1%80-%d0%bc%d0%be%d0%bd%d1%82%d0%b3%d0%be%d0%bc%d0%b5%d1%80%d1%96-%d0%bf%d1%80%d0%be-%d0%b5%d1%80%d0%be%d0%b7%d1%96%d1%8e-%d1%86%d0%b8%d0%b2%d1%96%d0%bb%d1%96%d0%b7-2\/#primaryimage\",\"url\":\"https:\/\/tmg.hu\/wp-content\/uploads\/2025\/02\/Talaj.png\",\"contentUrl\":\"https:\/\/tmg.hu\/wp-content\/uploads\/2025\/02\/Talaj.png\",\"width\":637,\"height\":908},{\"@type\":\"BreadcrumbList\",\"@id\":\"https:\/\/tmg.hu\/uk\/%d0%ba%d1%96%d0%bc%d0%bd%d0%b0%d1%82%d0%b8\/%d0%b4%d0%b5%d0%b2%d1%96%d0%b4-%d1%80-%d0%bc%d0%be%d0%bd%d1%82%d0%b3%d0%be%d0%bc%d0%b5%d1%80%d1%96-%d0%bf%d1%80%d0%be-%d0%b5%d1%80%d0%be%d0%b7%d1%96%d1%8e-%d1%86%d0%b8%d0%b2%d1%96%d0%bb%d1%96%d0%b7-2\/#breadcrumb\",\"itemListElement\":[{\"@type\":\"ListItem\",\"position\":1,\"name\":\"Home\",\"item\":\"https:\/\/tmg.hu\/\"},{\"@type\":\"ListItem\",\"position\":2,\"name\":\"Webshop\",\"item\":\"https:\/\/tmg.hu\/webshop\/\"},{\"@type\":\"ListItem\",\"position\":3,\"name\":\"David R. Montgomery &#8211; Talaj &#8211; A Civiliz\u00e1ci\u00f3k Er\u00f3zi\u00f3ja\"}]},{\"@type\":\"WebSite\",\"@id\":\"https:\/\/tmg.hu\/#website\",\"url\":\"https:\/\/tmg.hu\/\",\"name\":\"TMG - Talajmeg\u00faj\u00edt\u00f3 Gazd\u00e1k Egyes\u00fclete\",\"description\":\"Talajmeg\u00faj\u00edt\u00f3 Gazd\u00e1k Egyes\u00fclete\",\"publisher\":{\"@id\":\"https:\/\/tmg.hu\/#organization\"},\"potentialAction\":[{\"@type\":\"SearchAction\",\"target\":{\"@type\":\"EntryPoint\",\"urlTemplate\":\"https:\/\/tmg.hu\/?s={search_term_string}\"},\"query-input\":{\"@type\":\"PropertyValueSpecification\",\"valueRequired\":true,\"valueName\":\"search_term_string\"}}],\"inLanguage\":\"pl-PL\"},{\"@type\":\"Organization\",\"@id\":\"https:\/\/tmg.hu\/#organization\",\"name\":\"Talajmeg\u00faj\u00edt\u00f3 Gazd\u00e1k Egyes\u00fclete\",\"url\":\"https:\/\/tmg.hu\/\",\"logo\":{\"@type\":\"ImageObject\",\"inLanguage\":\"pl-PL\",\"@id\":\"https:\/\/tmg.hu\/#\/schema\/logo\/image\/\",\"url\":\"https:\/\/tmg.hu\/wp-content\/uploads\/2024\/10\/tmg_og_logo.png\",\"contentUrl\":\"https:\/\/tmg.hu\/wp-content\/uploads\/2024\/10\/tmg_og_logo.png\",\"width\":1200,\"height\":630,\"caption\":\"Talajmeg\u00faj\u00edt\u00f3 Gazd\u00e1k Egyes\u00fclete\"},\"image\":{\"@id\":\"https:\/\/tmg.hu\/#\/schema\/logo\/image\/\"},\"sameAs\":[\"https:\/\/www.facebook.com\/tmg.egyesulet\/\",\"https:\/\/www.instagram.com\/tmg.hu\/\",\"https:\/\/www.youtube.com\/@tmg_egyesulet\"]}]}<\/script>\n<!-- \/ Yoast SEO plugin. -->","yoast_head_json":{"title":"David R. Montgomery - Gleba - erozja cywilizacji - Stowarzyszenie rolnik\u00f3w zajmuj\u0105cych si\u0119 odbudow\u0105 gleby","robots":{"index":"index","follow":"follow","max-snippet":"max-snippet:-1","max-image-preview":"max-image-preview:large","max-video-preview":"max-video-preview:-1"},"canonical":"https:\/\/tmg.hu\/pl\/pokoje\/david-r-montgomery-gleba-erozja-cywilizacji\/","og_locale":"pl_PL","og_type":"article","og_title":"David R. Montgomery - Talaj - A Civiliz\u00e1ci\u00f3k Er\u00f3zi\u00f3ja - Talajmeg\u00faj\u00edt\u00f3 Gazd\u00e1k Egyes\u00fclete","og_description":"A talaj &#8211; vagy term\u0151talaj &#8211; b\u00e1rmerre megy\u00fcnk, mindenhol jelen van. A l\u00e9tez\u00e9s\u00fcnk gy\u00f6kere, t\u00e1maszt ny\u00fajt a l\u00e1bunknak, a gazdas\u00e1gainknak \u00e9s a v\u00e1rosainknak. Ez az els\u00f6pr\u0151 erej\u0171 provokat\u00edv k\u00f6nyv \u00f6tv\u00f6zi a term\u00e9szettudom\u00e1nyt \u00e9s a kult\u00fart\u00f6rt\u00e9netet, hogy bemutassa mik\u00e9nt okozta az er\u00f3zi\u00f3 a m\u00falt civiliz\u00e1ci\u00f3inak az \u00f6sszeoml\u00e1s\u00e1t \u00e9s mik\u00e9nt n\u00e9znek szembe a jelenkori mez\u0151gazdas\u00e1gi t\u00e1rsadalmak hasonl\u00f3 [&hellip;]","og_url":"https:\/\/tmg.hu\/pl\/pokoje\/david-r-montgomery-gleba-erozja-cywilizacji\/","og_site_name":"Talajmeg\u00faj\u00edt\u00f3 Gazd\u00e1k Egyes\u00fclete","article_publisher":"https:\/\/www.facebook.com\/tmg.egyesulet\/","article_modified_time":"2026-04-06T08:57:27+00:00","og_image":[{"width":637,"height":908,"url":"https:\/\/tmg.hu\/wp-content\/uploads\/2025\/02\/Talaj.png","type":"image\/png"}],"twitter_card":"summary_large_image","twitter_misc":{"Szacowany czas czytania":"2 minuty"},"schema":{"@context":"https:\/\/schema.org","@graph":[{"@type":"WebPage","@id":"https:\/\/tmg.hu\/uk\/%d0%ba%d1%96%d0%bc%d0%bd%d0%b0%d1%82%d0%b8\/%d0%b4%d0%b5%d0%b2%d1%96%d0%b4-%d1%80-%d0%bc%d0%be%d0%bd%d1%82%d0%b3%d0%be%d0%bc%d0%b5%d1%80%d1%96-%d0%bf%d1%80%d0%be-%d0%b5%d1%80%d0%be%d0%b7%d1%96%d1%8e-%d1%86%d0%b8%d0%b2%d1%96%d0%bb%d1%96%d0%b7-2\/","url":"https:\/\/tmg.hu\/uk\/%d0%ba%d1%96%d0%bc%d0%bd%d0%b0%d1%82%d0%b8\/%d0%b4%d0%b5%d0%b2%d1%96%d0%b4-%d1%80-%d0%bc%d0%be%d0%bd%d1%82%d0%b3%d0%be%d0%bc%d0%b5%d1%80%d1%96-%d0%bf%d1%80%d0%be-%d0%b5%d1%80%d0%be%d0%b7%d1%96%d1%8e-%d1%86%d0%b8%d0%b2%d1%96%d0%bb%d1%96%d0%b7-2\/","name":"David R. Montgomery - Gleba - erozja cywilizacji - Stowarzyszenie rolnik\u00f3w zajmuj\u0105cych si\u0119 odbudow\u0105 gleby","isPartOf":{"@id":"https:\/\/tmg.hu\/#website"},"primaryImageOfPage":{"@id":"https:\/\/tmg.hu\/uk\/%d0%ba%d1%96%d0%bc%d0%bd%d0%b0%d1%82%d0%b8\/%d0%b4%d0%b5%d0%b2%d1%96%d0%b4-%d1%80-%d0%bc%d0%be%d0%bd%d1%82%d0%b3%d0%be%d0%bc%d0%b5%d1%80%d1%96-%d0%bf%d1%80%d0%be-%d0%b5%d1%80%d0%be%d0%b7%d1%96%d1%8e-%d1%86%d0%b8%d0%b2%d1%96%d0%bb%d1%96%d0%b7-2\/#primaryimage"},"image":{"@id":"https:\/\/tmg.hu\/uk\/%d0%ba%d1%96%d0%bc%d0%bd%d0%b0%d1%82%d0%b8\/%d0%b4%d0%b5%d0%b2%d1%96%d0%b4-%d1%80-%d0%bc%d0%be%d0%bd%d1%82%d0%b3%d0%be%d0%bc%d0%b5%d1%80%d1%96-%d0%bf%d1%80%d0%be-%d0%b5%d1%80%d0%be%d0%b7%d1%96%d1%8e-%d1%86%d0%b8%d0%b2%d1%96%d0%bb%d1%96%d0%b7-2\/#primaryimage"},"thumbnailUrl":"https:\/\/tmg.hu\/wp-content\/uploads\/2025\/02\/Talaj.png","datePublished":"2025-02-20T01:21:05+00:00","dateModified":"2026-04-06T08:57:27+00:00","breadcrumb":{"@id":"https:\/\/tmg.hu\/uk\/%d0%ba%d1%96%d0%bc%d0%bd%d0%b0%d1%82%d0%b8\/%d0%b4%d0%b5%d0%b2%d1%96%d0%b4-%d1%80-%d0%bc%d0%be%d0%bd%d1%82%d0%b3%d0%be%d0%bc%d0%b5%d1%80%d1%96-%d0%bf%d1%80%d0%be-%d0%b5%d1%80%d0%be%d0%b7%d1%96%d1%8e-%d1%86%d0%b8%d0%b2%d1%96%d0%bb%d1%96%d0%b7-2\/#breadcrumb"},"inLanguage":"pl-PL","potentialAction":[{"@type":"ReadAction","target":["https:\/\/tmg.hu\/uk\/%d0%ba%d1%96%d0%bc%d0%bd%d0%b0%d1%82%d0%b8\/%d0%b4%d0%b5%d0%b2%d1%96%d0%b4-%d1%80-%d0%bc%d0%be%d0%bd%d1%82%d0%b3%d0%be%d0%bc%d0%b5%d1%80%d1%96-%d0%bf%d1%80%d0%be-%d0%b5%d1%80%d0%be%d0%b7%d1%96%d1%8e-%d1%86%d0%b8%d0%b2%d1%96%d0%bb%d1%96%d0%b7-2\/"]}]},{"@type":"ImageObject","inLanguage":"pl-PL","@id":"https:\/\/tmg.hu\/uk\/%d0%ba%d1%96%d0%bc%d0%bd%d0%b0%d1%82%d0%b8\/%d0%b4%d0%b5%d0%b2%d1%96%d0%b4-%d1%80-%d0%bc%d0%be%d0%bd%d1%82%d0%b3%d0%be%d0%bc%d0%b5%d1%80%d1%96-%d0%bf%d1%80%d0%be-%d0%b5%d1%80%d0%be%d0%b7%d1%96%d1%8e-%d1%86%d0%b8%d0%b2%d1%96%d0%bb%d1%96%d0%b7-2\/#primaryimage","url":"https:\/\/tmg.hu\/wp-content\/uploads\/2025\/02\/Talaj.png","contentUrl":"https:\/\/tmg.hu\/wp-content\/uploads\/2025\/02\/Talaj.png","width":637,"height":908},{"@type":"BreadcrumbList","@id":"https:\/\/tmg.hu\/uk\/%d0%ba%d1%96%d0%bc%d0%bd%d0%b0%d1%82%d0%b8\/%d0%b4%d0%b5%d0%b2%d1%96%d0%b4-%d1%80-%d0%bc%d0%be%d0%bd%d1%82%d0%b3%d0%be%d0%bc%d0%b5%d1%80%d1%96-%d0%bf%d1%80%d0%be-%d0%b5%d1%80%d0%be%d0%b7%d1%96%d1%8e-%d1%86%d0%b8%d0%b2%d1%96%d0%bb%d1%96%d0%b7-2\/#breadcrumb","itemListElement":[{"@type":"ListItem","position":1,"name":"Home","item":"https:\/\/tmg.hu\/"},{"@type":"ListItem","position":2,"name":"Webshop","item":"https:\/\/tmg.hu\/webshop\/"},{"@type":"ListItem","position":3,"name":"David R. Montgomery &#8211; Talaj &#8211; A Civiliz\u00e1ci\u00f3k Er\u00f3zi\u00f3ja"}]},{"@type":"WebSite","@id":"https:\/\/tmg.hu\/#website","url":"https:\/\/tmg.hu\/","name":"TMG - Stowarzyszenie Rolnik\u00f3w Odnawiaj\u0105cych Gleb\u0119","description":"Stowarzyszenie Rolnik\u00f3w Odbudowy Gleby","publisher":{"@id":"https:\/\/tmg.hu\/#organization"},"potentialAction":[{"@type":"SearchAction","target":{"@type":"EntryPoint","urlTemplate":"https:\/\/tmg.hu\/?s={search_term_string}"},"query-input":{"@type":"PropertyValueSpecification","valueRequired":true,"valueName":"search_term_string"}}],"inLanguage":"pl-PL"},{"@type":"Organization","@id":"https:\/\/tmg.hu\/#organization","name":"Stowarzyszenie Rolnik\u00f3w Odbudowy Gleby","url":"https:\/\/tmg.hu\/","logo":{"@type":"ImageObject","inLanguage":"pl-PL","@id":"https:\/\/tmg.hu\/#\/schema\/logo\/image\/","url":"https:\/\/tmg.hu\/wp-content\/uploads\/2024\/10\/tmg_og_logo.png","contentUrl":"https:\/\/tmg.hu\/wp-content\/uploads\/2024\/10\/tmg_og_logo.png","width":1200,"height":630,"caption":"Talajmeg\u00faj\u00edt\u00f3 Gazd\u00e1k Egyes\u00fclete"},"image":{"@id":"https:\/\/tmg.hu\/#\/schema\/logo\/image\/"},"sameAs":["https:\/\/www.facebook.com\/tmg.egyesulet\/","https:\/\/www.instagram.com\/tmg.hu\/","https:\/\/www.youtube.com\/@tmg_egyesulet"]}]}},"_links":{"self":[{"href":"https:\/\/tmg.hu\/pl\/wp-json\/wp\/v2\/product\/9665","targetHints":{"allow":["GET"]}}],"collection":[{"href":"https:\/\/tmg.hu\/pl\/wp-json\/wp\/v2\/product"}],"about":[{"href":"https:\/\/tmg.hu\/pl\/wp-json\/wp\/v2\/types\/product"}],"wp:featuredmedia":[{"embeddable":true,"href":"https:\/\/tmg.hu\/pl\/wp-json\/wp\/v2\/media\/9684"}],"wp:attachment":[{"href":"https:\/\/tmg.hu\/pl\/wp-json\/wp\/v2\/media?parent=9665"}],"wp:term":[{"taxonomy":"product_brand","embeddable":true,"href":"https:\/\/tmg.hu\/pl\/wp-json\/wp\/v2\/product_brand?post=9665"},{"taxonomy":"product_cat","embeddable":true,"href":"https:\/\/tmg.hu\/pl\/wp-json\/wp\/v2\/product_cat?post=9665"},{"taxonomy":"product_tag","embeddable":true,"href":"https:\/\/tmg.hu\/pl\/wp-json\/wp\/v2\/product_tag?post=9665"}],"curies":[{"name":"wp","href":"https:\/\/api.w.org\/{rel}","templated":true}]}}