{"id":8754,"date":"2024-10-22T00:44:05","date_gmt":"2024-10-21T22:44:05","guid":{"rendered":"https:\/\/tmg.hu\/?post_type=product&#038;p=8754"},"modified":"2025-03-28T13:07:04","modified_gmt":"2025-03-28T12:07:04","slug":"gazdaforum-acid-muveles-kozel-70-es-kotottsegu-soils-videos-oktatasi-okazja","status":"publish","type":"product","link":"https:\/\/tmg.hu\/pl\/pokoje\/gazdaforum-acid-muveles-kozel-70-es-kotottsegu-soils-videos-oktatasi-okazja\/","title":{"rendered":"Forum Rolnicze - Uprawa pasowa na glebach wi\u0105\u017c\u0105cych blisko 70 gleb Sesja szkoleniowa wideo"},"content":{"rendered":"<p style=\"text-align: center;\">Czas nagrywania: <strong>2023.04.22.<\/strong><br \/>\nD\u0142ugo\u015b\u0107 nagrania: <strong>65 min<\/strong><br \/>\nLokalizacja: <strong>Obszar Gyomaendr\u0151d<\/strong><\/p>\n<hr \/>\n<p>&nbsp;<\/p>\n<h2>Jak bezpiecznie uprawia\u0107 ro\u015bliny na bardzo zag\u0119szczonych glebach bez ich uszkadzania?<\/h2>\n<p>Jest to pytanie dotycz\u0105ce Dnia Edukacji Ede Kisa, kt\u00f3ry podzieli si\u0119 swoimi dotychczasowymi do\u015bwiadczeniami. On sam jest <strong>na drodze do uprawy bezorkowej, droga jest w uprawie pasowej<\/strong>kt\u00f3ry \u015brednio zapewnia rozwi\u0105zanie dla gleb perc o twardo\u015bci 68, co zapewnia stosunkowo r\u00f3wnomierny plon przy najmniejszym mo\u017cliwym zak\u0142\u00f3ceniu.<\/p>\n<h2>Technologia uprawy pasowej na glebie mineralnej<\/h2>\n<p>Mo\u017ce by\u0107 jak plastelina. A czasami mo\u017ce by\u0107 jak beton. Albo odwrotnie, jak mas\u0142o rozsmarowane na chlebie. Kiedy zaczynaj\u0105 wysycha\u0107, rozpadaj\u0105 si\u0119 na ma\u0142e kostki. Je\u015bli jest mokra, nie da si\u0119 jej uprawia\u0107, je\u015bli jest sucha, to w\u0142a\u015bnie dlatego.<\/p>\n<p>Optymalny czas na upraw\u0119 jest bardzo ograniczony, a my wykorzystali\u015bmy t\u0119 okazj\u0119 na dzie\u0144 treningowy, kt\u00f3ry w\u0142a\u015bnie trwa. <strong>zaaran\u017cowali\u015bmy w nietypowy spos\u00f3b<\/strong>. Nagrali\u015bmy operacje na wideo, dodali\u015bmy wyja\u015bnienia, a teraz edytujemy je dla zainteresowanych.<\/p>\n<h2>Z posiad\u0142o\u015bci Little Ede<\/h2>\n<p>Obszary do uprawy pasowej to \u015brednio 68 dawnych p\u00f3l ry\u017cowych. Po \u017cniwach Ede spulchni\u0142o \u015bciernisko, nast\u0119pnie odchwaszczy\u0142o niekt\u00f3re pola, a na innych nie przeprowadzi\u0142o \u017cadnych prac, a we wrze\u015bniu przeprowadzi\u0142o jedynie upraw\u0119 pasow\u0105. Wiosn\u0105 przeprowadzono tylko jedno ca\u0142kowite odchwaszczanie 24 marca, bez \u017cadnych innych zabieg\u00f3w.<\/p>\n<p>S\u0142onecznik Ede przed siewem <strong>zobacz, jak z\u0119by szprychowe Avers Agro sprawdzaj\u0105 si\u0119 na polu<\/strong>.<\/p>\n<p>Kilkaset metr\u00f3w od siebie znajduj\u0105 si\u0119 2 utwardzone drogi. Jeden z nich to zwyk\u0142e pole pszenicy, a drugi ma \u017cyto i je\u017cyny mi\u0119dzy pasami.<br \/>\n<strong>B\u0119dziesz m\u00f3g\u0142 obserwowa\u0107 siew na obu.<\/strong><\/p>\n<p><strong>Istnieje r\u00f3wnie\u017c mo\u017cliwo\u015b\u0107 obejrzenia j\u0119czmienia ozimego zasianego bezpo\u015brednio w pszenic\u0119. Mo\u017cna r\u00f3wnie\u017c zobaczy\u0107 demonstracj\u0119 siewnika RAD na stoj\u0105co.<\/strong><\/p>\n<h2>Poznaj naszego gospodarza<\/h2>\n<p>Ede Kis zajmuje si\u0119 upraw\u0105 roli na 259 hektarach w Gyomaendr\u0151d w powiecie B\u00e9k\u00e9s. Uprawia zbo\u017ca jesienne, s\u0142onecznik, buk i rzodkiew oleist\u0105. Oko\u0142o 80% jego obszaru to g\u0142\u0119boka gleba z 60-70 kA pokrywy glebowej.<\/p>\n<p><strong>W 2007 r. zacz\u0119to przechodzi\u0107 na p\u0142ytk\u0105 upraw\u0119 opart\u0105 na spulchnianiu i p\u0142ytkiej kultywacji.<br \/>\nOd 2016 r. eksperymentuje z siewem bezpo\u015brednim i uprawami okrywowymi, a od jesieni 2022 r. b\u0119dzie stosowa\u0107 technologi\u0119 strip-till na skal\u0119 komercyjn\u0105.<\/strong><\/p>\n<p><em>Jest cz\u0142onkiem Stowarzyszenia TMG od momentu jego za\u0142o\u017cenia.<\/em><\/p>\n<table style=\"border-collapse: collapse; width: 100%;\" border=\"1\">\n<tbody>\n<tr>\n<td style=\"width: 100%;\">\n<p style=\"text-align: center;\">Kup materia\u0142y wideo za po\u015brednictwem naszego sklepu internetowego.<br \/>\nW ci\u0105gu kilku dni po dokonaniu p\u0142atno\u015bci wy\u015blemy Ci e-mailem has\u0142o dost\u0119pu do strony.<\/p>\n<p style=\"text-align: center;\">\n<\/td>\n<\/tr>\n<\/tbody>\n<\/table>\n<p>&nbsp;<\/p>\n<p style=\"text-align: center;\"><iframe title=\"Odtwarzacz wideo YouTube\" src=\"\/\/www.youtube.com\/embed\/7ntVBo8DTmw?si=kIWmQ1xsgI2glTsR\" width=\"640\" height=\"360\" frameborder=\"0\" allowfullscreen=\"allowfullscreen\" data-mce-fragment=\"1\"><\/iframe><\/p>","protected":false},"excerpt":{"rendered":"<h3>Jak bezpiecznie uprawia\u0107 ro\u015bliny na bardzo zag\u0119szczonych glebach bez ich uszkadzania?<\/h3>\n<p>To jest pytanie na Dzie\u0144 Edukacji Ede Kisa, kt\u00f3ry podzieli si\u0119 swoimi dotychczasowymi do\u015bwiadczeniami. On sam jest na drodze do uprawy zerowej, z upraw\u0105 pasow\u0105, kt\u00f3ra \u015brednio na glebach o twardo\u015bci 68 oferuje rozwi\u0105zanie zapewniaj\u0105ce stosunkowo r\u00f3wnomierne plony przy jak najmniejszej ingerencji.<\/p>","protected":false},"featured_media":8766,"template":"","meta":[],"product_brand":[],"product_cat":[70],"product_tag":[],"class_list":{"0":"post-8754","1":"product","2":"type-product","3":"status-publish","4":"has-post-thumbnail","6":"product_cat-videok","8":"first","9":"instock","10":"virtual","11":"taxable","12":"purchasable","13":"product-type-simple"},"bundled_by":[],"bundle_stock_status":"instock","bundle_stock_quantity":null,"bundle_virtual":false,"bundle_layout":"","bundle_add_to_cart_form_location":"","bundle_editable_in_cart":false,"bundle_sold_individually_context":"","bundle_item_grouping":"","bundle_min_size":"","bundle_max_size":"","bundle_price":[],"bundled_items":[],"bundle_sell_ids":[],"yoast_head":"<!-- This site is optimized with the Yoast SEO plugin v26.6 - https:\/\/yoast.com\/wordpress\/plugins\/seo\/ -->\n<title>Gazdaf\u00f3rum - S\u00e1vos m\u0171vel\u00e9s k\u00f6zel 70-es k\u00f6t\u00f6tts\u00e9g\u0171 talajokon Vide\u00f3s oktat\u00e1si alkalom - Talajmeg\u00faj\u00edt\u00f3 Gazd\u00e1k Egyes\u00fclete<\/title>\n<meta name=\"robots\" content=\"index, follow, max-snippet:-1, max-image-preview:large, max-video-preview:-1\" \/>\n<link rel=\"canonical\" href=\"https:\/\/tmg.hu\/pl\/pokoje\/gazdaforum-acid-muveles-kozel-70-es-kotottsegu-soils-videos-oktatasi-okazja\/\" \/>\n<meta property=\"og:locale\" content=\"pl_PL\" \/>\n<meta property=\"og:type\" content=\"article\" \/>\n<meta property=\"og:title\" content=\"Gazdaf\u00f3rum - S\u00e1vos m\u0171vel\u00e9s k\u00f6zel 70-es k\u00f6t\u00f6tts\u00e9g\u0171 talajokon Vide\u00f3s oktat\u00e1si alkalom - Talajmeg\u00faj\u00edt\u00f3 Gazd\u00e1k Egyes\u00fclete\" \/>\n<meta property=\"og:description\" content=\"Hogyan lehet talajk\u00edm\u00e9l\u0151 m\u00f3don, de biztons\u00e1ggal termelni extr\u00e9m k\u00f6t\u00f6tt talajokon? Ez Kis Ede oktat\u00e1si napj\u00e1nak k\u00e9rd\u00e9se, ezzel kapcsolatos eddigi tapasztalatait osztja majd meg. \u0150 maga a no-till fel\u00e9 tart\u00f3 \u00faton a s\u00e1vos m\u0171vel\u00e9sn\u00e9l tart, amely az \u00e1tlagosan 68-as kem\u00e9nys\u00e9g\u0171 perc talajokon olyan megold\u00e1st ny\u00fajt, hogy a lehet\u0151 legkisebb bolygat\u00e1ssal viszonylag kiegyenl\u00edtett term\u00e9st biztos\u00edt.\" \/>\n<meta property=\"og:url\" content=\"https:\/\/tmg.hu\/pl\/pokoje\/gazdaforum-acid-muveles-kozel-70-es-kotottsegu-soils-videos-oktatasi-okazja\/\" \/>\n<meta property=\"og:site_name\" content=\"Talajmeg\u00faj\u00edt\u00f3 Gazd\u00e1k Egyes\u00fclete\" \/>\n<meta property=\"article:publisher\" content=\"https:\/\/www.facebook.com\/tmg.egyesulet\/\" \/>\n<meta property=\"article:modified_time\" content=\"2025-03-28T12:07:04+00:00\" \/>\n<meta property=\"og:image\" content=\"https:\/\/tmg.hu\/wp-content\/uploads\/2024\/10\/savos_muveles_video_6.jpg\" \/>\n\t<meta property=\"og:image:width\" content=\"1000\" \/>\n\t<meta property=\"og:image:height\" content=\"666\" \/>\n\t<meta property=\"og:image:type\" content=\"image\/jpeg\" \/>\n<meta name=\"twitter:card\" content=\"summary_large_image\" \/>\n<meta name=\"twitter:label1\" content=\"Szacowany czas czytania\" \/>\n\t<meta name=\"twitter:data1\" content=\"3 minuty\" \/>\n<script type=\"application\/ld+json\" class=\"yoast-schema-graph\">{\"@context\":\"https:\/\/schema.org\",\"@graph\":[{\"@type\":\"WebPage\",\"@id\":\"https:\/\/tmg.hu\/sk\/izby\/gazdaforum-acid-muveles-kozel-70-es-kotottsegu-soils-videos-oktatasi-occasion\/\",\"url\":\"https:\/\/tmg.hu\/sk\/izby\/gazdaforum-acid-muveles-kozel-70-es-kotottsegu-soils-videos-oktatasi-occasion\/\",\"name\":\"Gazdaf\u00f3rum - S\u00e1vos m\u0171vel\u00e9s k\u00f6zel 70-es k\u00f6t\u00f6tts\u00e9g\u0171 talajokon Vide\u00f3s oktat\u00e1si alkalom - Talajmeg\u00faj\u00edt\u00f3 Gazd\u00e1k Egyes\u00fclete\",\"isPartOf\":{\"@id\":\"https:\/\/tmg.hu\/#website\"},\"primaryImageOfPage\":{\"@id\":\"https:\/\/tmg.hu\/sk\/izby\/gazdaforum-acid-muveles-kozel-70-es-kotottsegu-soils-videos-oktatasi-occasion\/#primaryimage\"},\"image\":{\"@id\":\"https:\/\/tmg.hu\/sk\/izby\/gazdaforum-acid-muveles-kozel-70-es-kotottsegu-soils-videos-oktatasi-occasion\/#primaryimage\"},\"thumbnailUrl\":\"https:\/\/tmg.hu\/wp-content\/uploads\/2024\/10\/savos_muveles_video_6.jpg\",\"datePublished\":\"2024-10-21T22:44:05+00:00\",\"dateModified\":\"2025-03-28T12:07:04+00:00\",\"breadcrumb\":{\"@id\":\"https:\/\/tmg.hu\/sk\/izby\/gazdaforum-acid-muveles-kozel-70-es-kotottsegu-soils-videos-oktatasi-occasion\/#breadcrumb\"},\"inLanguage\":\"pl-PL\",\"potentialAction\":[{\"@type\":\"ReadAction\",\"target\":[\"https:\/\/tmg.hu\/sk\/izby\/gazdaforum-acid-muveles-kozel-70-es-kotottsegu-soils-videos-oktatasi-occasion\/\"]}]},{\"@type\":\"ImageObject\",\"inLanguage\":\"pl-PL\",\"@id\":\"https:\/\/tmg.hu\/sk\/izby\/gazdaforum-acid-muveles-kozel-70-es-kotottsegu-soils-videos-oktatasi-occasion\/#primaryimage\",\"url\":\"https:\/\/tmg.hu\/wp-content\/uploads\/2024\/10\/savos_muveles_video_6.jpg\",\"contentUrl\":\"https:\/\/tmg.hu\/wp-content\/uploads\/2024\/10\/savos_muveles_video_6.jpg\",\"width\":1000,\"height\":666},{\"@type\":\"BreadcrumbList\",\"@id\":\"https:\/\/tmg.hu\/sk\/izby\/gazdaforum-acid-muveles-kozel-70-es-kotottsegu-soils-videos-oktatasi-occasion\/#breadcrumb\",\"itemListElement\":[{\"@type\":\"ListItem\",\"position\":1,\"name\":\"Home\",\"item\":\"https:\/\/tmg.hu\/\"},{\"@type\":\"ListItem\",\"position\":2,\"name\":\"Webshop\",\"item\":\"https:\/\/tmg.hu\/webshop\/\"},{\"@type\":\"ListItem\",\"position\":3,\"name\":\"Gazdaf\u00f3rum &#8211; S\u00e1vos m\u0171vel\u00e9s k\u00f6zel 70-es k\u00f6t\u00f6tts\u00e9g\u0171 talajokon Vide\u00f3s oktat\u00e1si alkalom\"}]},{\"@type\":\"WebSite\",\"@id\":\"https:\/\/tmg.hu\/#website\",\"url\":\"https:\/\/tmg.hu\/\",\"name\":\"TMG - Talajmeg\u00faj\u00edt\u00f3 Gazd\u00e1k Egyes\u00fclete\",\"description\":\"Talajmeg\u00faj\u00edt\u00f3 Gazd\u00e1k Egyes\u00fclete\",\"publisher\":{\"@id\":\"https:\/\/tmg.hu\/#organization\"},\"potentialAction\":[{\"@type\":\"SearchAction\",\"target\":{\"@type\":\"EntryPoint\",\"urlTemplate\":\"https:\/\/tmg.hu\/?s={search_term_string}\"},\"query-input\":{\"@type\":\"PropertyValueSpecification\",\"valueRequired\":true,\"valueName\":\"search_term_string\"}}],\"inLanguage\":\"pl-PL\"},{\"@type\":\"Organization\",\"@id\":\"https:\/\/tmg.hu\/#organization\",\"name\":\"Talajmeg\u00faj\u00edt\u00f3 Gazd\u00e1k Egyes\u00fclete\",\"url\":\"https:\/\/tmg.hu\/\",\"logo\":{\"@type\":\"ImageObject\",\"inLanguage\":\"pl-PL\",\"@id\":\"https:\/\/tmg.hu\/#\/schema\/logo\/image\/\",\"url\":\"https:\/\/tmg.hu\/wp-content\/uploads\/2024\/10\/tmg_og_logo.png\",\"contentUrl\":\"https:\/\/tmg.hu\/wp-content\/uploads\/2024\/10\/tmg_og_logo.png\",\"width\":1200,\"height\":630,\"caption\":\"Talajmeg\u00faj\u00edt\u00f3 Gazd\u00e1k Egyes\u00fclete\"},\"image\":{\"@id\":\"https:\/\/tmg.hu\/#\/schema\/logo\/image\/\"},\"sameAs\":[\"https:\/\/www.facebook.com\/tmg.egyesulet\/\",\"https:\/\/www.instagram.com\/tmg.hu\/\",\"https:\/\/www.youtube.com\/@tmg_egyesulet\"]}]}<\/script>\n<!-- \/ Yoast SEO plugin. -->","yoast_head_json":{"title":"Forum rolnik\u00f3w - Uprawa pasowa na glebach o mi\u0105\u017cszo\u015bci bliskiej 70 Sesja edukacyjna wideo - Stowarzyszenie Rolnik\u00f3w Odnowy Gleb","robots":{"index":"index","follow":"follow","max-snippet":"max-snippet:-1","max-image-preview":"max-image-preview:large","max-video-preview":"max-video-preview:-1"},"canonical":"https:\/\/tmg.hu\/pl\/pokoje\/gazdaforum-acid-muveles-kozel-70-es-kotottsegu-soils-videos-oktatasi-okazja\/","og_locale":"pl_PL","og_type":"article","og_title":"Gazdaf\u00f3rum - S\u00e1vos m\u0171vel\u00e9s k\u00f6zel 70-es k\u00f6t\u00f6tts\u00e9g\u0171 talajokon Vide\u00f3s oktat\u00e1si alkalom - Talajmeg\u00faj\u00edt\u00f3 Gazd\u00e1k Egyes\u00fclete","og_description":"Hogyan lehet talajk\u00edm\u00e9l\u0151 m\u00f3don, de biztons\u00e1ggal termelni extr\u00e9m k\u00f6t\u00f6tt talajokon? Ez Kis Ede oktat\u00e1si napj\u00e1nak k\u00e9rd\u00e9se, ezzel kapcsolatos eddigi tapasztalatait osztja majd meg. \u0150 maga a no-till fel\u00e9 tart\u00f3 \u00faton a s\u00e1vos m\u0171vel\u00e9sn\u00e9l tart, amely az \u00e1tlagosan 68-as kem\u00e9nys\u00e9g\u0171 perc talajokon olyan megold\u00e1st ny\u00fajt, hogy a lehet\u0151 legkisebb bolygat\u00e1ssal viszonylag kiegyenl\u00edtett term\u00e9st biztos\u00edt.","og_url":"https:\/\/tmg.hu\/pl\/pokoje\/gazdaforum-acid-muveles-kozel-70-es-kotottsegu-soils-videos-oktatasi-okazja\/","og_site_name":"Talajmeg\u00faj\u00edt\u00f3 Gazd\u00e1k Egyes\u00fclete","article_publisher":"https:\/\/www.facebook.com\/tmg.egyesulet\/","article_modified_time":"2025-03-28T12:07:04+00:00","og_image":[{"width":1000,"height":666,"url":"https:\/\/tmg.hu\/wp-content\/uploads\/2024\/10\/savos_muveles_video_6.jpg","type":"image\/jpeg"}],"twitter_card":"summary_large_image","twitter_misc":{"Szacowany czas czytania":"3 minuty"},"schema":{"@context":"https:\/\/schema.org","@graph":[{"@type":"WebPage","@id":"https:\/\/tmg.hu\/sk\/izby\/gazdaforum-acid-muveles-kozel-70-es-kotottsegu-soils-videos-oktatasi-occasion\/","url":"https:\/\/tmg.hu\/sk\/izby\/gazdaforum-acid-muveles-kozel-70-es-kotottsegu-soils-videos-oktatasi-occasion\/","name":"Forum rolnik\u00f3w - Uprawa pasowa na glebach o mi\u0105\u017cszo\u015bci bliskiej 70 Sesja edukacyjna wideo - Stowarzyszenie Rolnik\u00f3w Odnowy Gleb","isPartOf":{"@id":"https:\/\/tmg.hu\/#website"},"primaryImageOfPage":{"@id":"https:\/\/tmg.hu\/sk\/izby\/gazdaforum-acid-muveles-kozel-70-es-kotottsegu-soils-videos-oktatasi-occasion\/#primaryimage"},"image":{"@id":"https:\/\/tmg.hu\/sk\/izby\/gazdaforum-acid-muveles-kozel-70-es-kotottsegu-soils-videos-oktatasi-occasion\/#primaryimage"},"thumbnailUrl":"https:\/\/tmg.hu\/wp-content\/uploads\/2024\/10\/savos_muveles_video_6.jpg","datePublished":"2024-10-21T22:44:05+00:00","dateModified":"2025-03-28T12:07:04+00:00","breadcrumb":{"@id":"https:\/\/tmg.hu\/sk\/izby\/gazdaforum-acid-muveles-kozel-70-es-kotottsegu-soils-videos-oktatasi-occasion\/#breadcrumb"},"inLanguage":"pl-PL","potentialAction":[{"@type":"ReadAction","target":["https:\/\/tmg.hu\/sk\/izby\/gazdaforum-acid-muveles-kozel-70-es-kotottsegu-soils-videos-oktatasi-occasion\/"]}]},{"@type":"ImageObject","inLanguage":"pl-PL","@id":"https:\/\/tmg.hu\/sk\/izby\/gazdaforum-acid-muveles-kozel-70-es-kotottsegu-soils-videos-oktatasi-occasion\/#primaryimage","url":"https:\/\/tmg.hu\/wp-content\/uploads\/2024\/10\/savos_muveles_video_6.jpg","contentUrl":"https:\/\/tmg.hu\/wp-content\/uploads\/2024\/10\/savos_muveles_video_6.jpg","width":1000,"height":666},{"@type":"BreadcrumbList","@id":"https:\/\/tmg.hu\/sk\/izby\/gazdaforum-acid-muveles-kozel-70-es-kotottsegu-soils-videos-oktatasi-occasion\/#breadcrumb","itemListElement":[{"@type":"ListItem","position":1,"name":"Home","item":"https:\/\/tmg.hu\/"},{"@type":"ListItem","position":2,"name":"Webshop","item":"https:\/\/tmg.hu\/webshop\/"},{"@type":"ListItem","position":3,"name":"Gazdaf\u00f3rum &#8211; S\u00e1vos m\u0171vel\u00e9s k\u00f6zel 70-es k\u00f6t\u00f6tts\u00e9g\u0171 talajokon Vide\u00f3s oktat\u00e1si alkalom"}]},{"@type":"WebSite","@id":"https:\/\/tmg.hu\/#website","url":"https:\/\/tmg.hu\/","name":"TMG - Stowarzyszenie Rolnik\u00f3w Odnawiaj\u0105cych Gleb\u0119","description":"Stowarzyszenie Rolnik\u00f3w Odbudowy Gleby","publisher":{"@id":"https:\/\/tmg.hu\/#organization"},"potentialAction":[{"@type":"SearchAction","target":{"@type":"EntryPoint","urlTemplate":"https:\/\/tmg.hu\/?s={search_term_string}"},"query-input":{"@type":"PropertyValueSpecification","valueRequired":true,"valueName":"search_term_string"}}],"inLanguage":"pl-PL"},{"@type":"Organization","@id":"https:\/\/tmg.hu\/#organization","name":"Stowarzyszenie Rolnik\u00f3w Odbudowy Gleby","url":"https:\/\/tmg.hu\/","logo":{"@type":"ImageObject","inLanguage":"pl-PL","@id":"https:\/\/tmg.hu\/#\/schema\/logo\/image\/","url":"https:\/\/tmg.hu\/wp-content\/uploads\/2024\/10\/tmg_og_logo.png","contentUrl":"https:\/\/tmg.hu\/wp-content\/uploads\/2024\/10\/tmg_og_logo.png","width":1200,"height":630,"caption":"Talajmeg\u00faj\u00edt\u00f3 Gazd\u00e1k Egyes\u00fclete"},"image":{"@id":"https:\/\/tmg.hu\/#\/schema\/logo\/image\/"},"sameAs":["https:\/\/www.facebook.com\/tmg.egyesulet\/","https:\/\/www.instagram.com\/tmg.hu\/","https:\/\/www.youtube.com\/@tmg_egyesulet"]}]}},"_links":{"self":[{"href":"https:\/\/tmg.hu\/pl\/wp-json\/wp\/v2\/product\/8754","targetHints":{"allow":["GET"]}}],"collection":[{"href":"https:\/\/tmg.hu\/pl\/wp-json\/wp\/v2\/product"}],"about":[{"href":"https:\/\/tmg.hu\/pl\/wp-json\/wp\/v2\/types\/product"}],"wp:featuredmedia":[{"embeddable":true,"href":"https:\/\/tmg.hu\/pl\/wp-json\/wp\/v2\/media\/8766"}],"wp:attachment":[{"href":"https:\/\/tmg.hu\/pl\/wp-json\/wp\/v2\/media?parent=8754"}],"wp:term":[{"taxonomy":"product_brand","embeddable":true,"href":"https:\/\/tmg.hu\/pl\/wp-json\/wp\/v2\/product_brand?post=8754"},{"taxonomy":"product_cat","embeddable":true,"href":"https:\/\/tmg.hu\/pl\/wp-json\/wp\/v2\/product_cat?post=8754"},{"taxonomy":"product_tag","embeddable":true,"href":"https:\/\/tmg.hu\/pl\/wp-json\/wp\/v2\/product_tag?post=8754"}],"curies":[{"name":"wp","href":"https:\/\/api.w.org\/{rel}","templated":true}]}}