{"id":10779,"date":"2025-11-15T03:41:15","date_gmt":"2025-11-15T02:41:15","guid":{"rendered":"https:\/\/tmg.hu\/?post_type=product&#038;p=10779"},"modified":"2026-04-20T19:36:25","modified_gmt":"2026-04-20T17:36:25","slug":"david-r-montgomery-gleba-erozja-cywilizacji-3","status":"publish","type":"product","link":"https:\/\/tmg.hu\/pl\/pokoje\/david-r-montgomery-gleba-erozja-cywilizacji-3\/","title":{"rendered":"\u017bycie z prochu \u2013 droga jednej rodziny ku rolnictwu regeneracyjnemu"},"content":{"rendered":"<p>Podczas gdy w\u0119gierski czytelnik nie mo\u017ce odwiedzi\u0107 farmy autora o powierzchni 2000 akr\u00f3w w P\u00f3\u0142nocnej Dakocie, gdzie ka\u017cdego roku du\u017ca liczba zainteresowanych os\u00f3b mo\u017ce do\u015bwiadczy\u0107 jego praktyk rolniczych, przeczytanie ksi\u0105\u017cki pomo\u017ce im pozna\u0107 zasady, kt\u00f3rych autor nauczy\u0142 si\u0119 poprzez wiele eksperyment\u00f3w i p\u0142acenie za nauk\u0119.<\/p>\n<p>Je\u015bli czujemy, \u017ce metody te s\u0105 niesamowicie podobne do praktyk stosowanych przez natur\u0119 od milion\u00f3w lat, to oczywi\u015bcie nie jest to przypadek.<br \/>\nOpr\u00f3cz korzy\u015bci \u015brodowiskowych i finansowych, znajomo\u015b\u0107 i przestrzeganie podstawowych zasad opisanych przez Gabe'a pomo\u017ce ka\u017cdemu rolnikowi na du\u017c\u0105 skal\u0119 i w\u0142a\u015bcicielowi ma\u0142ego ogrodu jeszcze bardziej pokocha\u0107 to, co robi\u0105.<\/p>","protected":false},"excerpt":{"rendered":"<p><span style=\"font-weight: 400;\">Op\u0142acalne rolnictwo bez drastycznego naruszania gleby i intensywnego stosowania chemikali\u00f3w?<\/span><span style=\"font-weight: 400;\"><br \/>\n<\/span><span style=\"font-weight: 400;\">Czy jest to \u017cyczenie, czy istniej\u0105ca rzeczywisto\u015b\u0107?<\/span><\/p>\n<p><span style=\"font-weight: 400;\">Ameryka\u0144ski rolnik Gabe Brown udowadnia, poprzez swoje dziesi\u0119ciolecia praktyki rolniczej, \u017ce to, co dominuj\u0105ce postrzeganie sektora rolniczego uwa\u017ca za prawie niemo\u017cliwe, jest w rzeczywisto\u015bci mo\u017cliwe.<\/span><\/p>","protected":false},"featured_media":10786,"template":"","meta":[],"product_brand":[],"product_cat":[69],"product_tag":[],"class_list":{"0":"post-10779","1":"product","2":"type-product","3":"status-publish","4":"has-post-thumbnail","6":"product_cat-konyvek","8":"first","9":"instock","10":"taxable","11":"shipping-taxable","12":"purchasable","13":"product-type-simple"},"bundled_by":[],"bundle_stock_status":"instock","bundle_stock_quantity":51,"bundle_virtual":false,"bundle_layout":"","bundle_add_to_cart_form_location":"","bundle_editable_in_cart":false,"bundle_sold_individually_context":"","bundle_item_grouping":"","bundle_min_size":"","bundle_max_size":"","bundle_price":[],"bundled_items":[],"bundle_sell_ids":[],"yoast_head":"<!-- This site is optimized with the Yoast SEO plugin v26.6 - https:\/\/yoast.com\/wordpress\/plugins\/seo\/ -->\n<title>Porb\u00f3l \u00c9let - Egy csal\u00e1d \u00fatja a regenerat\u00edv mez\u0151gazd\u00e1lkod\u00e1s fel\u00e9 - Talajmeg\u00faj\u00edt\u00f3 Gazd\u00e1k Egyes\u00fclete<\/title>\n<meta name=\"robots\" content=\"index, follow, max-snippet:-1, max-image-preview:large, max-video-preview:-1\" \/>\n<link rel=\"canonical\" href=\"https:\/\/tmg.hu\/pl\/pokoje\/david-r-montgomery-gleba-erozja-cywilizacji-3\/\" \/>\n<meta property=\"og:locale\" content=\"pl_PL\" \/>\n<meta property=\"og:type\" content=\"article\" \/>\n<meta property=\"og:title\" content=\"Porb\u00f3l \u00c9let - Egy csal\u00e1d \u00fatja a regenerat\u00edv mez\u0151gazd\u00e1lkod\u00e1s fel\u00e9 - Talajmeg\u00faj\u00edt\u00f3 Gazd\u00e1k Egyes\u00fclete\" \/>\n<meta property=\"og:description\" content=\"Nyeres\u00e9ges mez\u0151gazdas\u00e1g drasztikus talajbolygat\u00e1s \u00e9s intenz\u00edv vegyszerhaszn\u00e1lat n\u00e9lk\u00fcl? V\u00e1gy\u00e1lom vagy l\u00e9tez\u0151 val\u00f3s\u00e1g?  Gabe Brown amerikai f\u00f6ldm\u0171ves saj\u00e1t, t\u00f6bb \u00e9vtizedes mez\u0151gazdas\u00e1gi gyakorlat\u00e1n kereszt\u00fcl bebizony\u00edtja, hogy igenis lehets\u00e9ges az, amit az agr\u00e1rszektorban uralkod\u00f3 k\u00f6zfelfog\u00e1s szinte lehetetlennek tart.\" \/>\n<meta property=\"og:url\" content=\"https:\/\/tmg.hu\/pl\/pokoje\/david-r-montgomery-gleba-erozja-cywilizacji-3\/\" \/>\n<meta property=\"og:site_name\" content=\"Talajmeg\u00faj\u00edt\u00f3 Gazd\u00e1k Egyes\u00fclete\" \/>\n<meta property=\"article:publisher\" content=\"https:\/\/www.facebook.com\/tmg.egyesulet\/\" \/>\n<meta property=\"article:modified_time\" content=\"2026-04-20T17:36:25+00:00\" \/>\n<meta property=\"og:image\" content=\"https:\/\/tmg.hu\/wp-content\/uploads\/2025\/11\/Porbol-elet-Borito-scaled.jpg\" \/>\n\t<meta property=\"og:image:width\" content=\"1824\" \/>\n\t<meta property=\"og:image:height\" content=\"2560\" \/>\n\t<meta property=\"og:image:type\" content=\"image\/jpeg\" \/>\n<meta name=\"twitter:card\" content=\"summary_large_image\" \/>\n<meta name=\"twitter:label1\" content=\"Szacowany czas czytania\" \/>\n\t<meta name=\"twitter:data1\" content=\"1 minuta\" \/>\n<script type=\"application\/ld+json\" class=\"yoast-schema-graph\">{\"@context\":\"https:\/\/schema.org\",\"@graph\":[{\"@type\":\"WebPage\",\"@id\":\"https:\/\/tmg.hu\/termek\/porbol-elet-egy-csalad-utja-a-regenerativ-mezogazdalkodas-fele\/\",\"url\":\"https:\/\/tmg.hu\/termek\/porbol-elet-egy-csalad-utja-a-regenerativ-mezogazdalkodas-fele\/\",\"name\":\"Porb\u00f3l \u00c9let - Egy csal\u00e1d \u00fatja a regenerat\u00edv mez\u0151gazd\u00e1lkod\u00e1s fel\u00e9 - Talajmeg\u00faj\u00edt\u00f3 Gazd\u00e1k Egyes\u00fclete\",\"isPartOf\":{\"@id\":\"https:\/\/tmg.hu\/#website\"},\"primaryImageOfPage\":{\"@id\":\"https:\/\/tmg.hu\/termek\/porbol-elet-egy-csalad-utja-a-regenerativ-mezogazdalkodas-fele\/#primaryimage\"},\"image\":{\"@id\":\"https:\/\/tmg.hu\/termek\/porbol-elet-egy-csalad-utja-a-regenerativ-mezogazdalkodas-fele\/#primaryimage\"},\"thumbnailUrl\":\"https:\/\/tmg.hu\/wp-content\/uploads\/2025\/11\/Porbol-elet-Borito-scaled.jpg\",\"datePublished\":\"2025-11-15T02:41:15+00:00\",\"dateModified\":\"2026-04-20T17:36:25+00:00\",\"breadcrumb\":{\"@id\":\"https:\/\/tmg.hu\/termek\/porbol-elet-egy-csalad-utja-a-regenerativ-mezogazdalkodas-fele\/#breadcrumb\"},\"inLanguage\":\"pl-PL\",\"potentialAction\":[{\"@type\":\"ReadAction\",\"target\":[\"https:\/\/tmg.hu\/termek\/porbol-elet-egy-csalad-utja-a-regenerativ-mezogazdalkodas-fele\/\"]}]},{\"@type\":\"ImageObject\",\"inLanguage\":\"pl-PL\",\"@id\":\"https:\/\/tmg.hu\/termek\/porbol-elet-egy-csalad-utja-a-regenerativ-mezogazdalkodas-fele\/#primaryimage\",\"url\":\"https:\/\/tmg.hu\/wp-content\/uploads\/2025\/11\/Porbol-elet-Borito-scaled.jpg\",\"contentUrl\":\"https:\/\/tmg.hu\/wp-content\/uploads\/2025\/11\/Porbol-elet-Borito-scaled.jpg\",\"width\":1824,\"height\":2560},{\"@type\":\"BreadcrumbList\",\"@id\":\"https:\/\/tmg.hu\/termek\/porbol-elet-egy-csalad-utja-a-regenerativ-mezogazdalkodas-fele\/#breadcrumb\",\"itemListElement\":[{\"@type\":\"ListItem\",\"position\":1,\"name\":\"Home\",\"item\":\"https:\/\/tmg.hu\/\"},{\"@type\":\"ListItem\",\"position\":2,\"name\":\"Webshop\",\"item\":\"https:\/\/tmg.hu\/webshop\/\"},{\"@type\":\"ListItem\",\"position\":3,\"name\":\"Porb\u00f3l \u00c9let &#8211; Egy csal\u00e1d \u00fatja a regenerat\u00edv mez\u0151gazd\u00e1lkod\u00e1s fel\u00e9\"}]},{\"@type\":\"WebSite\",\"@id\":\"https:\/\/tmg.hu\/#website\",\"url\":\"https:\/\/tmg.hu\/\",\"name\":\"TMG - Talajmeg\u00faj\u00edt\u00f3 Gazd\u00e1k Egyes\u00fclete\",\"description\":\"Talajmeg\u00faj\u00edt\u00f3 Gazd\u00e1k Egyes\u00fclete\",\"publisher\":{\"@id\":\"https:\/\/tmg.hu\/#organization\"},\"potentialAction\":[{\"@type\":\"SearchAction\",\"target\":{\"@type\":\"EntryPoint\",\"urlTemplate\":\"https:\/\/tmg.hu\/?s={search_term_string}\"},\"query-input\":{\"@type\":\"PropertyValueSpecification\",\"valueRequired\":true,\"valueName\":\"search_term_string\"}}],\"inLanguage\":\"pl-PL\"},{\"@type\":\"Organization\",\"@id\":\"https:\/\/tmg.hu\/#organization\",\"name\":\"Talajmeg\u00faj\u00edt\u00f3 Gazd\u00e1k Egyes\u00fclete\",\"url\":\"https:\/\/tmg.hu\/\",\"logo\":{\"@type\":\"ImageObject\",\"inLanguage\":\"pl-PL\",\"@id\":\"https:\/\/tmg.hu\/#\/schema\/logo\/image\/\",\"url\":\"https:\/\/tmg.hu\/wp-content\/uploads\/2024\/10\/tmg_og_logo.png\",\"contentUrl\":\"https:\/\/tmg.hu\/wp-content\/uploads\/2024\/10\/tmg_og_logo.png\",\"width\":1200,\"height\":630,\"caption\":\"Talajmeg\u00faj\u00edt\u00f3 Gazd\u00e1k Egyes\u00fclete\"},\"image\":{\"@id\":\"https:\/\/tmg.hu\/#\/schema\/logo\/image\/\"},\"sameAs\":[\"https:\/\/www.facebook.com\/tmg.egyesulet\/\",\"https:\/\/www.instagram.com\/tmg.hu\/\",\"https:\/\/www.youtube.com\/@tmg_egyesulet\"]}]}<\/script>\n<!-- \/ Yoast SEO plugin. -->","yoast_head_json":{"title":"Dust to Life - podr\u00f3\u017c jednej rodziny w kierunku rolnictwa regeneracyjnego - Soil Renewal Farmers Association","robots":{"index":"index","follow":"follow","max-snippet":"max-snippet:-1","max-image-preview":"max-image-preview:large","max-video-preview":"max-video-preview:-1"},"canonical":"https:\/\/tmg.hu\/pl\/pokoje\/david-r-montgomery-gleba-erozja-cywilizacji-3\/","og_locale":"pl_PL","og_type":"article","og_title":"Porb\u00f3l \u00c9let - Egy csal\u00e1d \u00fatja a regenerat\u00edv mez\u0151gazd\u00e1lkod\u00e1s fel\u00e9 - Talajmeg\u00faj\u00edt\u00f3 Gazd\u00e1k Egyes\u00fclete","og_description":"Nyeres\u00e9ges mez\u0151gazdas\u00e1g drasztikus talajbolygat\u00e1s \u00e9s intenz\u00edv vegyszerhaszn\u00e1lat n\u00e9lk\u00fcl? V\u00e1gy\u00e1lom vagy l\u00e9tez\u0151 val\u00f3s\u00e1g?  Gabe Brown amerikai f\u00f6ldm\u0171ves saj\u00e1t, t\u00f6bb \u00e9vtizedes mez\u0151gazdas\u00e1gi gyakorlat\u00e1n kereszt\u00fcl bebizony\u00edtja, hogy igenis lehets\u00e9ges az, amit az agr\u00e1rszektorban uralkod\u00f3 k\u00f6zfelfog\u00e1s szinte lehetetlennek tart.","og_url":"https:\/\/tmg.hu\/pl\/pokoje\/david-r-montgomery-gleba-erozja-cywilizacji-3\/","og_site_name":"Talajmeg\u00faj\u00edt\u00f3 Gazd\u00e1k Egyes\u00fclete","article_publisher":"https:\/\/www.facebook.com\/tmg.egyesulet\/","article_modified_time":"2026-04-20T17:36:25+00:00","og_image":[{"width":1824,"height":2560,"url":"https:\/\/tmg.hu\/wp-content\/uploads\/2025\/11\/Porbol-elet-Borito-scaled.jpg","type":"image\/jpeg"}],"twitter_card":"summary_large_image","twitter_misc":{"Szacowany czas czytania":"1 minuta"},"schema":{"@context":"https:\/\/schema.org","@graph":[{"@type":"WebPage","@id":"https:\/\/tmg.hu\/termek\/porbol-elet-egy-csalad-utja-a-regenerativ-mezogazdalkodas-fele\/","url":"https:\/\/tmg.hu\/termek\/porbol-elet-egy-csalad-utja-a-regenerativ-mezogazdalkodas-fele\/","name":"Dust to Life - podr\u00f3\u017c jednej rodziny w kierunku rolnictwa regeneracyjnego - Soil Renewal Farmers Association","isPartOf":{"@id":"https:\/\/tmg.hu\/#website"},"primaryImageOfPage":{"@id":"https:\/\/tmg.hu\/termek\/porbol-elet-egy-csalad-utja-a-regenerativ-mezogazdalkodas-fele\/#primaryimage"},"image":{"@id":"https:\/\/tmg.hu\/termek\/porbol-elet-egy-csalad-utja-a-regenerativ-mezogazdalkodas-fele\/#primaryimage"},"thumbnailUrl":"https:\/\/tmg.hu\/wp-content\/uploads\/2025\/11\/Porbol-elet-Borito-scaled.jpg","datePublished":"2025-11-15T02:41:15+00:00","dateModified":"2026-04-20T17:36:25+00:00","breadcrumb":{"@id":"https:\/\/tmg.hu\/termek\/porbol-elet-egy-csalad-utja-a-regenerativ-mezogazdalkodas-fele\/#breadcrumb"},"inLanguage":"pl-PL","potentialAction":[{"@type":"ReadAction","target":["https:\/\/tmg.hu\/termek\/porbol-elet-egy-csalad-utja-a-regenerativ-mezogazdalkodas-fele\/"]}]},{"@type":"ImageObject","inLanguage":"pl-PL","@id":"https:\/\/tmg.hu\/termek\/porbol-elet-egy-csalad-utja-a-regenerativ-mezogazdalkodas-fele\/#primaryimage","url":"https:\/\/tmg.hu\/wp-content\/uploads\/2025\/11\/Porbol-elet-Borito-scaled.jpg","contentUrl":"https:\/\/tmg.hu\/wp-content\/uploads\/2025\/11\/Porbol-elet-Borito-scaled.jpg","width":1824,"height":2560},{"@type":"BreadcrumbList","@id":"https:\/\/tmg.hu\/termek\/porbol-elet-egy-csalad-utja-a-regenerativ-mezogazdalkodas-fele\/#breadcrumb","itemListElement":[{"@type":"ListItem","position":1,"name":"Home","item":"https:\/\/tmg.hu\/"},{"@type":"ListItem","position":2,"name":"Webshop","item":"https:\/\/tmg.hu\/webshop\/"},{"@type":"ListItem","position":3,"name":"Porb\u00f3l \u00c9let &#8211; Egy csal\u00e1d \u00fatja a regenerat\u00edv mez\u0151gazd\u00e1lkod\u00e1s fel\u00e9"}]},{"@type":"WebSite","@id":"https:\/\/tmg.hu\/#website","url":"https:\/\/tmg.hu\/","name":"TMG - Stowarzyszenie Rolnik\u00f3w Odnawiaj\u0105cych Gleb\u0119","description":"Stowarzyszenie Rolnik\u00f3w Odbudowy Gleby","publisher":{"@id":"https:\/\/tmg.hu\/#organization"},"potentialAction":[{"@type":"SearchAction","target":{"@type":"EntryPoint","urlTemplate":"https:\/\/tmg.hu\/?s={search_term_string}"},"query-input":{"@type":"PropertyValueSpecification","valueRequired":true,"valueName":"search_term_string"}}],"inLanguage":"pl-PL"},{"@type":"Organization","@id":"https:\/\/tmg.hu\/#organization","name":"Stowarzyszenie Rolnik\u00f3w Odbudowy Gleby","url":"https:\/\/tmg.hu\/","logo":{"@type":"ImageObject","inLanguage":"pl-PL","@id":"https:\/\/tmg.hu\/#\/schema\/logo\/image\/","url":"https:\/\/tmg.hu\/wp-content\/uploads\/2024\/10\/tmg_og_logo.png","contentUrl":"https:\/\/tmg.hu\/wp-content\/uploads\/2024\/10\/tmg_og_logo.png","width":1200,"height":630,"caption":"Talajmeg\u00faj\u00edt\u00f3 Gazd\u00e1k Egyes\u00fclete"},"image":{"@id":"https:\/\/tmg.hu\/#\/schema\/logo\/image\/"},"sameAs":["https:\/\/www.facebook.com\/tmg.egyesulet\/","https:\/\/www.instagram.com\/tmg.hu\/","https:\/\/www.youtube.com\/@tmg_egyesulet"]}]}},"_links":{"self":[{"href":"https:\/\/tmg.hu\/pl\/wp-json\/wp\/v2\/product\/10779","targetHints":{"allow":["GET"]}}],"collection":[{"href":"https:\/\/tmg.hu\/pl\/wp-json\/wp\/v2\/product"}],"about":[{"href":"https:\/\/tmg.hu\/pl\/wp-json\/wp\/v2\/types\/product"}],"wp:featuredmedia":[{"embeddable":true,"href":"https:\/\/tmg.hu\/pl\/wp-json\/wp\/v2\/media\/10786"}],"wp:attachment":[{"href":"https:\/\/tmg.hu\/pl\/wp-json\/wp\/v2\/media?parent=10779"}],"wp:term":[{"taxonomy":"product_brand","embeddable":true,"href":"https:\/\/tmg.hu\/pl\/wp-json\/wp\/v2\/product_brand?post=10779"},{"taxonomy":"product_cat","embeddable":true,"href":"https:\/\/tmg.hu\/pl\/wp-json\/wp\/v2\/product_cat?post=10779"},{"taxonomy":"product_tag","embeddable":true,"href":"https:\/\/tmg.hu\/pl\/wp-json\/wp\/v2\/product_tag?post=10779"}],"curies":[{"name":"wp","href":"https:\/\/api.w.org\/{rel}","templated":true}]}}