{"id":10410,"date":"2025-10-17T04:51:27","date_gmt":"2025-10-17T02:51:27","guid":{"rendered":"https:\/\/tmg.hu\/?post_type=product&#038;p=10410"},"modified":"2026-04-12T10:26:26","modified_gmt":"2026-04-12T08:26:26","slug":"wesprzyj-nasze-stowarzyszenie","status":"publish","type":"product","link":"https:\/\/tmg.hu\/pl\/pokoje\/wesprzyj-nasze-stowarzyszenie\/","title":{"rendered":"Wesprzyj nasze stowarzyszenie!"},"content":{"rendered":"<p>Ci, kt\u00f3rzy wspieraj\u0105 nasze Stowarzyszenie, wspieraj\u0105 tworzenie z\u0142o\u017conego systemu rolniczego.<\/p>\n<p>Pomaga jak najszybciej stworzy\u0107 zdrow\u0105 gleb\u0119, zdrowe ro\u015bliny i zdrowe ekosystemy.<\/p>\n<p><strong>Wi\u0119cej informacji: <a href=\"https:\/\/tmg.hu\/pl\/tamogaty\/\" target=\"_blank\" rel=\"noopener\">tmg.hu\/tamogatas<\/a><\/strong><\/p>\n<div class=\"faq-container\">\n\n    <div class=\"row\">\n        <div class=\"col\">\n\n            <div class=\"text-center mb-5\">\n                <h2>GY.I.K.<\/h2>\n            <\/div>\n\n        <\/div>\n    <\/div>\n\n    <div class=\"row\">\n\n        <div class=\"col-12 col-lg-8\">\n\n            <div class=\"accordion\" id=\"faqAccordion\">\n\n\t\t\t\t\n                    <div class=\"accordion-item my-2\">\n\n                        <h2 class=\"accordion-header\">\n\n                            <button class=\"accordion-button collapsed fw-bold fs-6\"\n                                    type=\"button\"\n                                    data-bs-toggle=\"collapse\"\n                                    data-bs-target=\"#faq-collapse-7558\"\n                                    aria-expanded=\"false\"\n                                    aria-controls=\"faq-collapse-7558\"\n                            >\n\t\t\t\t\t\t\t\tCzy mo\u017cliwe jest comiesi\u0119czne wsparcie Twoich dzia\u0142a\u0144?                            <\/button>\n\n                        <\/h2>\n\n                        <div id=\"faq-collapse-7558\"\n                             class=\"accordion-collapse collapse\"\n                             data-bs-parent=\"#faqAccordion\"\n                        >\n\n                            <div class=\"accordion-body pt-4 fs-6\">\n\t\t\t\t\t\t\t\t<!-- wp:paragraph -->\n<p>Oczywi\u015bcie. Najprostszym sposobem jest skonfigurowanie regularnego comiesi\u0119cznego przelewu w banku.<\/p>\n<!-- \/wp:paragraph -->\n\n<!-- wp:paragraph -->\n<p>W takim przypadku prosimy o kontakt tutaj:<\/p>\n<!-- \/wp:paragraph -->\n\n<!-- wp:paragraph -->\n<p><strong>Stowarzyszenie Rolnik\u00f3w Odbudowy Gleby<br><\/strong>K&amp;H Bank <strong>10402829-50526889-50551001<\/strong><br>W wiadomo\u015bci nale\u017cy wpisa\u0107 <strong>imi\u0119 i nazwisko<\/strong> i \u017ce \"<strong>Wsparcie TMG<\/strong>\"<\/p>\n<!-- \/wp:paragraph -->                            <\/div>\n\n                        <\/div>\n\n                    <\/div>\n\n\t\t\t\t\n                    <div class=\"accordion-item my-2\">\n\n                        <h2 class=\"accordion-header\">\n\n                            <button class=\"accordion-button collapsed fw-bold fs-6\"\n                                    type=\"button\"\n                                    data-bs-toggle=\"collapse\"\n                                    data-bs-target=\"#faq-collapse-7557\"\n                                    aria-expanded=\"false\"\n                                    aria-controls=\"faq-collapse-7557\"\n                            >\n\t\t\t\t\t\t\t\tCzy mog\u0119 wspiera\u0107 ci\u0119 z zagranicy?                            <\/button>\n\n                        <\/h2>\n\n                        <div id=\"faq-collapse-7557\"\n                             class=\"accordion-collapse collapse\"\n                             data-bs-parent=\"#faqAccordion\"\n                        >\n\n                            <div class=\"accordion-body pt-4 fs-6\">\n\t\t\t\t\t\t\t\t<!-- wp:paragraph -->\n<p>Tak, mo\u017cemy przyj\u0105\u0107 finansowanie z zagranicy.<\/p>\n<!-- \/wp:paragraph -->                            <\/div>\n\n                        <\/div>\n\n                    <\/div>\n\n\t\t\t\t\n                    <div class=\"accordion-item my-2\">\n\n                        <h2 class=\"accordion-header\">\n\n                            <button class=\"accordion-button collapsed fw-bold fs-6\"\n                                    type=\"button\"\n                                    data-bs-toggle=\"collapse\"\n                                    data-bs-target=\"#faq-collapse-7556\"\n                                    aria-expanded=\"false\"\n                                    aria-controls=\"faq-collapse-7556\"\n                            >\n\t\t\t\t\t\t\t\tCzy mog\u0119 wesprze\u0107 ci\u0119 jako firm\u0119?                            <\/button>\n\n                        <\/h2>\n\n                        <div id=\"faq-collapse-7556\"\n                             class=\"accordion-collapse collapse\"\n                             data-bs-parent=\"#faqAccordion\"\n                        >\n\n                            <div class=\"accordion-body pt-4 fs-6\">\n\t\t\t\t\t\t\t\t<!-- wp:paragraph -->\n<p>Tak, mo\u017cesz przekazywa\u0107 \u015brodki do naszego Stowarzyszenia jako firma. Je\u015bli chcesz, mo\u017cemy przes\u0142a\u0107 Ci za\u015bwiadczenie o tym, aby\u015b m\u00f3g\u0142 je wykorzysta\u0107 do obni\u017cenia podstawy opodatkowania, je\u015bli to mo\u017cliwe. Wynika to z faktu, \u017ce dotacja jest kosztem kwalifikowanym dla cel\u00f3w prowadzonej dzia\u0142alno\u015bci gospodarczej.<\/p>\n<!-- \/wp:paragraph -->                            <\/div>\n\n                        <\/div>\n\n                    <\/div>\n\n\t\t\t\t\n                    <div class=\"accordion-item my-2\">\n\n                        <h2 class=\"accordion-header\">\n\n                            <button class=\"accordion-button collapsed fw-bold fs-6\"\n                                    type=\"button\"\n                                    data-bs-toggle=\"collapse\"\n                                    data-bs-target=\"#faq-collapse-7554\"\n                                    aria-expanded=\"false\"\n                                    aria-controls=\"faq-collapse-7554\"\n                            >\n\t\t\t\t\t\t\t\tJak mog\u0119 wesprze\u0107 wasz\u0105 prac\u0119?                            <\/button>\n\n                        <\/h2>\n\n                        <div id=\"faq-collapse-7554\"\n                             class=\"accordion-collapse collapse\"\n                             data-bs-parent=\"#faqAccordion\"\n                        >\n\n                            <div class=\"accordion-body pt-4 fs-6\">\n\t\t\t\t\t\t\t\t<!-- wp:paragraph -->\n<p>Wp\u0142aty dowolnej wielko\u015bci s\u0105 mile widziane. Dla nas ka\u017cda darowizna ma tak\u0105 sam\u0105 wag\u0119, poniewa\u017c wiemy, \u017ce b\u0119dziesz nas wspiera\u0107 w spos\u00f3b, kt\u00f3ry jest dla Ciebie wygodny i znacz\u0105cy. Dla ka\u017cdego z nas oznacza to inn\u0105 kwot\u0119.<\/p>\n<!-- \/wp:paragraph -->\n\n<!-- wp:paragraph -->\n<p>Na dole tej strony oferujemy sze\u015b\u0107 r\u00f3\u017cnych kwot, od 1.000 do 50.000 HUF. Mo\u017cesz je zap\u0142aci\u0107, klikaj\u0105c odpowiedni przycisk, u\u017cywaj\u0105c prostej transakcji kart\u0105 kredytow\u0105, tak jak podczas zakup\u00f3w online. Je\u015bli chcesz zap\u0142aci\u0107 inn\u0105 kwot\u0119, mo\u017cesz to r\u00f3wnie\u017c zrobi\u0107, wpisuj\u0105c okre\u015blon\u0105 kwot\u0119 w polu.<\/p>\n<!-- \/wp:paragraph -->                            <\/div>\n\n                        <\/div>\n\n                    <\/div>\n\n\t\t\t\t\n                    <div class=\"accordion-item my-2\">\n\n                        <h2 class=\"accordion-header\">\n\n                            <button class=\"accordion-button collapsed fw-bold fs-6\"\n                                    type=\"button\"\n                                    data-bs-toggle=\"collapse\"\n                                    data-bs-target=\"#faq-collapse-7555\"\n                                    aria-expanded=\"false\"\n                                    aria-controls=\"faq-collapse-7555\"\n                            >\n\t\t\t\t\t\t\t\tJak wydasz moj\u0105 dotacj\u0119?                            <\/button>\n\n                        <\/h2>\n\n                        <div id=\"faq-collapse-7555\"\n                             class=\"accordion-collapse collapse\"\n                             data-bs-parent=\"#faqAccordion\"\n                        >\n\n                            <div class=\"accordion-body pt-4 fs-6\">\n\t\t\t\t\t\t\t\t<!-- wp:paragraph -->\n<p>Obecnie zebrane fundusze s\u0105 wykorzystywane na pokrycie koszt\u00f3w wydawniczych oraz zakup, przygotowanie i ulepszenie sprz\u0119tu prezentacyjnego potrzebnego do praktycznych dni szkoleniowych.<\/p>\n<!-- \/wp:paragraph -->                            <\/div>\n\n                        <\/div>\n\n                    <\/div>\n\n\t\t\t\t\n                    <div class=\"accordion-item my-2\">\n\n                        <h2 class=\"accordion-header\">\n\n                            <button class=\"accordion-button collapsed fw-bold fs-6\"\n                                    type=\"button\"\n                                    data-bs-toggle=\"collapse\"\n                                    data-bs-target=\"#faq-collapse-7553\"\n                                    aria-expanded=\"false\"\n                                    aria-controls=\"faq-collapse-7553\"\n                            >\n\t\t\t\t\t\t\t\tDlaczego potrzebujesz mojego wsparcia?                            <\/button>\n\n                        <\/h2>\n\n                        <div id=\"faq-collapse-7553\"\n                             class=\"accordion-collapse collapse\"\n                             data-bs-parent=\"#faqAccordion\"\n                        >\n\n                            <div class=\"accordion-body pt-4 fs-6\">\n\t\t\t\t\t\t\t\t<!-- wp:paragraph -->\n<p>Drogi potencjalny kibicu!<\/p>\n<!-- \/wp:paragraph -->\n\n<!-- wp:paragraph -->\n<p>Dla nas kwestia odnowy gleby jest niezwykle wa\u017cna. Chcemy, aby dzia\u0142ania maj\u0105ce na celu przywr\u00f3cenie zdrowia gleby by\u0142y podejmowane na jak najszersz\u0105 skal\u0119. Dlatego staramy si\u0119 pom\u00f3c jak najwi\u0119kszej liczbie rolnik\u00f3w w przej\u015bciu na rolnictwo regeneracyjne. Nasze stowarzyszenie utrzymuje si\u0119 g\u0142\u00f3wnie ze sk\u0142adek cz\u0142onkowskich. Nasi koledzy rolnicy zapewniaj\u0105 r\u00f3wnie\u017c kapita\u0142 finansowy i intelektualny na nasze programy informacyjne i edukacyjne. To Twoja szansa, aby wnie\u015b\u0107 sw\u00f3j wk\u0142ad i sta\u0107 si\u0119 cz\u0119\u015bci\u0105 zmian poprzez wzmocnienie stabilno\u015bci finansowej naszej organizacji.<\/p>\n<!-- \/wp:paragraph -->                            <\/div>\n\n                        <\/div>\n\n                    <\/div>\n\n\t\t\t\t\n            <\/div>\n\n        <\/div>\n\n        <div class=\"col-12 col-lg-4\">\n\n            <div class=\"d-flex flex-column align-items-center text-center\">\n\n                <div>\n                    <span class=\"font-size-huge text-light-green fw-bold\">?<\/span>\n                <\/div>\n\n                <div class=\"mb-4\">\n                    <span class=\"fs-2 fw-bold\">Czy masz jeszcze jakie\u015b pytania?<\/span>\n                <\/div>\n\n                <div class=\"mb-5\">\n\n                    <span class=\"fw-light fs-6\">\n                        Je\u015bli nie mo\u017cesz znale\u017a\u0107 odpowiedzi, kt\u00f3rej szukasz, skontaktuj si\u0119 z nami, klikaj\u0105c poni\u017cszy przycisk, a jeden z naszych koleg\u00f3w z przyjemno\u015bci\u0105 odpowie na Twoje pytanie!\n                    <\/span>\n\n                <\/div>\n\n                <div class=\"\">\n                    <a href=\"https:\/\/tmg.hu\/pl\/kapcsolat\"\n                       class=\"btn btn-secondary rounded-0 text-white fw-bold text-uppercase px-5\">Kontakt<\/a>\n                <\/div>\n\n            <\/div>\n\n        <\/div>\n\n    <\/div>\n\n<\/div>","protected":false},"excerpt":{"rendered":"<p><strong>Daj nam szans\u0119 na zmian\u0119!<\/strong><\/p>\n<p>Wesprzyj nas, je\u015bli uwa\u017casz, \u017ce wa\u017cne jest, aby nasze dzieci i wnuki znalaz\u0142y co\u015b dla siebie na talerzach. Jedzenie, kt\u00f3re karmi i od\u017cywia.<\/p>","protected":false},"featured_media":6555,"template":"","meta":[],"product_brand":[],"product_cat":[77],"product_tag":[],"class_list":{"0":"post-10410","1":"product","2":"type-product","3":"status-publish","4":"has-post-thumbnail","6":"product_cat-tamogatas","8":"first","9":"instock","10":"purchasable","11":"product-type-variable"},"bundled_by":[],"bundle_stock_status":"instock","bundle_stock_quantity":null,"bundle_virtual":false,"bundle_layout":"","bundle_add_to_cart_form_location":"","bundle_editable_in_cart":false,"bundle_sold_individually_context":"","bundle_item_grouping":"","bundle_min_size":"","bundle_max_size":"","bundle_price":[],"bundled_items":[],"bundle_sell_ids":[],"yoast_head":"<!-- This site is optimized with the Yoast SEO plugin v26.6 - https:\/\/yoast.com\/wordpress\/plugins\/seo\/ -->\n<title>T\u00e1mogasd Egyes\u00fclet\u00fcnket! - Talajmeg\u00faj\u00edt\u00f3 Gazd\u00e1k Egyes\u00fclete<\/title>\n<meta name=\"robots\" content=\"index, follow, max-snippet:-1, max-image-preview:large, max-video-preview:-1\" \/>\n<link rel=\"canonical\" href=\"https:\/\/tmg.hu\/pl\/pokoje\/wesprzyj-nasze-stowarzyszenie\/\" \/>\n<meta property=\"og:locale\" content=\"pl_PL\" \/>\n<meta property=\"og:type\" content=\"article\" \/>\n<meta property=\"og:title\" content=\"T\u00e1mogasd Egyes\u00fclet\u00fcnket! - Talajmeg\u00faj\u00edt\u00f3 Gazd\u00e1k Egyes\u00fclete\" \/>\n<meta property=\"og:description\" content=\"Adj es\u00e9lyt a v\u00e1ltoz\u00e1sra!  K\u00e9rlek, t\u00e1mogass minket, ha Te is fontosnak tartod, hogy a gyermekeink \u00e9s az unok\u00e1ink t\u00e1ny\u00e9rj\u00e1ra is jusson falat. Olyan falat, ami \u00e9ltet \u00e9s t\u00e1pl\u00e1l.\" \/>\n<meta property=\"og:url\" content=\"https:\/\/tmg.hu\/pl\/pokoje\/wesprzyj-nasze-stowarzyszenie\/\" \/>\n<meta property=\"og:site_name\" content=\"Talajmeg\u00faj\u00edt\u00f3 Gazd\u00e1k Egyes\u00fclete\" \/>\n<meta property=\"article:publisher\" content=\"https:\/\/www.facebook.com\/tmg.egyesulet\/\" \/>\n<meta property=\"article:modified_time\" content=\"2026-04-12T08:26:26+00:00\" \/>\n<meta property=\"og:image\" content=\"https:\/\/tmg.hu\/wp-content\/uploads\/2024\/08\/TMG-tamogatas-rajz.png\" \/>\n\t<meta property=\"og:image:width\" content=\"790\" \/>\n\t<meta property=\"og:image:height\" content=\"687\" \/>\n\t<meta property=\"og:image:type\" content=\"image\/png\" \/>\n<meta name=\"twitter:card\" content=\"summary_large_image\" \/>\n<meta name=\"twitter:label1\" content=\"Szacowany czas czytania\" \/>\n\t<meta name=\"twitter:data1\" content=\"1 minuta\" \/>\n<script type=\"application\/ld+json\" class=\"yoast-schema-graph\">{\"@context\":\"https:\/\/schema.org\",\"@graph\":[{\"@type\":\"WebPage\",\"@id\":\"https:\/\/tmg.hu\/termek\/tamogasd-egyesuletunket\/\",\"url\":\"https:\/\/tmg.hu\/termek\/tamogasd-egyesuletunket\/\",\"name\":\"T\u00e1mogasd Egyes\u00fclet\u00fcnket! - Talajmeg\u00faj\u00edt\u00f3 Gazd\u00e1k Egyes\u00fclete\",\"isPartOf\":{\"@id\":\"https:\/\/tmg.hu\/#website\"},\"primaryImageOfPage\":{\"@id\":\"https:\/\/tmg.hu\/termek\/tamogasd-egyesuletunket\/#primaryimage\"},\"image\":{\"@id\":\"https:\/\/tmg.hu\/termek\/tamogasd-egyesuletunket\/#primaryimage\"},\"thumbnailUrl\":\"https:\/\/tmg.hu\/wp-content\/uploads\/2024\/08\/TMG-tamogatas-rajz.png\",\"datePublished\":\"2025-10-17T02:51:27+00:00\",\"dateModified\":\"2026-04-12T08:26:26+00:00\",\"breadcrumb\":{\"@id\":\"https:\/\/tmg.hu\/termek\/tamogasd-egyesuletunket\/#breadcrumb\"},\"inLanguage\":\"pl-PL\",\"potentialAction\":[{\"@type\":\"ReadAction\",\"target\":[\"https:\/\/tmg.hu\/termek\/tamogasd-egyesuletunket\/\"]}]},{\"@type\":\"ImageObject\",\"inLanguage\":\"pl-PL\",\"@id\":\"https:\/\/tmg.hu\/termek\/tamogasd-egyesuletunket\/#primaryimage\",\"url\":\"https:\/\/tmg.hu\/wp-content\/uploads\/2024\/08\/TMG-tamogatas-rajz.png\",\"contentUrl\":\"https:\/\/tmg.hu\/wp-content\/uploads\/2024\/08\/TMG-tamogatas-rajz.png\",\"width\":790,\"height\":687},{\"@type\":\"BreadcrumbList\",\"@id\":\"https:\/\/tmg.hu\/termek\/tamogasd-egyesuletunket\/#breadcrumb\",\"itemListElement\":[{\"@type\":\"ListItem\",\"position\":1,\"name\":\"Home\",\"item\":\"https:\/\/tmg.hu\/\"},{\"@type\":\"ListItem\",\"position\":2,\"name\":\"Webshop\",\"item\":\"https:\/\/tmg.hu\/webshop\/\"},{\"@type\":\"ListItem\",\"position\":3,\"name\":\"T\u00e1mogasd Egyes\u00fclet\u00fcnket!\"}]},{\"@type\":\"WebSite\",\"@id\":\"https:\/\/tmg.hu\/#website\",\"url\":\"https:\/\/tmg.hu\/\",\"name\":\"TMG - Talajmeg\u00faj\u00edt\u00f3 Gazd\u00e1k Egyes\u00fclete\",\"description\":\"Talajmeg\u00faj\u00edt\u00f3 Gazd\u00e1k Egyes\u00fclete\",\"publisher\":{\"@id\":\"https:\/\/tmg.hu\/#organization\"},\"potentialAction\":[{\"@type\":\"SearchAction\",\"target\":{\"@type\":\"EntryPoint\",\"urlTemplate\":\"https:\/\/tmg.hu\/?s={search_term_string}\"},\"query-input\":{\"@type\":\"PropertyValueSpecification\",\"valueRequired\":true,\"valueName\":\"search_term_string\"}}],\"inLanguage\":\"pl-PL\"},{\"@type\":\"Organization\",\"@id\":\"https:\/\/tmg.hu\/#organization\",\"name\":\"Talajmeg\u00faj\u00edt\u00f3 Gazd\u00e1k Egyes\u00fclete\",\"url\":\"https:\/\/tmg.hu\/\",\"logo\":{\"@type\":\"ImageObject\",\"inLanguage\":\"pl-PL\",\"@id\":\"https:\/\/tmg.hu\/#\/schema\/logo\/image\/\",\"url\":\"https:\/\/tmg.hu\/wp-content\/uploads\/2024\/10\/tmg_og_logo.png\",\"contentUrl\":\"https:\/\/tmg.hu\/wp-content\/uploads\/2024\/10\/tmg_og_logo.png\",\"width\":1200,\"height\":630,\"caption\":\"Talajmeg\u00faj\u00edt\u00f3 Gazd\u00e1k Egyes\u00fclete\"},\"image\":{\"@id\":\"https:\/\/tmg.hu\/#\/schema\/logo\/image\/\"},\"sameAs\":[\"https:\/\/www.facebook.com\/tmg.egyesulet\/\",\"https:\/\/www.instagram.com\/tmg.hu\/\",\"https:\/\/www.youtube.com\/@tmg_egyesulet\"]}]}<\/script>\n<!-- \/ Yoast SEO plugin. -->","yoast_head_json":{"title":"Wesprzyj nasze stowarzyszenie! - Stowarzyszenie Rolnik\u00f3w Odnawiaj\u0105cych Gleby","robots":{"index":"index","follow":"follow","max-snippet":"max-snippet:-1","max-image-preview":"max-image-preview:large","max-video-preview":"max-video-preview:-1"},"canonical":"https:\/\/tmg.hu\/pl\/pokoje\/wesprzyj-nasze-stowarzyszenie\/","og_locale":"pl_PL","og_type":"article","og_title":"T\u00e1mogasd Egyes\u00fclet\u00fcnket! - Talajmeg\u00faj\u00edt\u00f3 Gazd\u00e1k Egyes\u00fclete","og_description":"Adj es\u00e9lyt a v\u00e1ltoz\u00e1sra!  K\u00e9rlek, t\u00e1mogass minket, ha Te is fontosnak tartod, hogy a gyermekeink \u00e9s az unok\u00e1ink t\u00e1ny\u00e9rj\u00e1ra is jusson falat. Olyan falat, ami \u00e9ltet \u00e9s t\u00e1pl\u00e1l.","og_url":"https:\/\/tmg.hu\/pl\/pokoje\/wesprzyj-nasze-stowarzyszenie\/","og_site_name":"Talajmeg\u00faj\u00edt\u00f3 Gazd\u00e1k Egyes\u00fclete","article_publisher":"https:\/\/www.facebook.com\/tmg.egyesulet\/","article_modified_time":"2026-04-12T08:26:26+00:00","og_image":[{"width":790,"height":687,"url":"https:\/\/tmg.hu\/wp-content\/uploads\/2024\/08\/TMG-tamogatas-rajz.png","type":"image\/png"}],"twitter_card":"summary_large_image","twitter_misc":{"Szacowany czas czytania":"1 minuta"},"schema":{"@context":"https:\/\/schema.org","@graph":[{"@type":"WebPage","@id":"https:\/\/tmg.hu\/termek\/tamogasd-egyesuletunket\/","url":"https:\/\/tmg.hu\/termek\/tamogasd-egyesuletunket\/","name":"Wesprzyj nasze stowarzyszenie! - Stowarzyszenie Rolnik\u00f3w Odnawiaj\u0105cych Gleby","isPartOf":{"@id":"https:\/\/tmg.hu\/#website"},"primaryImageOfPage":{"@id":"https:\/\/tmg.hu\/termek\/tamogasd-egyesuletunket\/#primaryimage"},"image":{"@id":"https:\/\/tmg.hu\/termek\/tamogasd-egyesuletunket\/#primaryimage"},"thumbnailUrl":"https:\/\/tmg.hu\/wp-content\/uploads\/2024\/08\/TMG-tamogatas-rajz.png","datePublished":"2025-10-17T02:51:27+00:00","dateModified":"2026-04-12T08:26:26+00:00","breadcrumb":{"@id":"https:\/\/tmg.hu\/termek\/tamogasd-egyesuletunket\/#breadcrumb"},"inLanguage":"pl-PL","potentialAction":[{"@type":"ReadAction","target":["https:\/\/tmg.hu\/termek\/tamogasd-egyesuletunket\/"]}]},{"@type":"ImageObject","inLanguage":"pl-PL","@id":"https:\/\/tmg.hu\/termek\/tamogasd-egyesuletunket\/#primaryimage","url":"https:\/\/tmg.hu\/wp-content\/uploads\/2024\/08\/TMG-tamogatas-rajz.png","contentUrl":"https:\/\/tmg.hu\/wp-content\/uploads\/2024\/08\/TMG-tamogatas-rajz.png","width":790,"height":687},{"@type":"BreadcrumbList","@id":"https:\/\/tmg.hu\/termek\/tamogasd-egyesuletunket\/#breadcrumb","itemListElement":[{"@type":"ListItem","position":1,"name":"Home","item":"https:\/\/tmg.hu\/"},{"@type":"ListItem","position":2,"name":"Webshop","item":"https:\/\/tmg.hu\/webshop\/"},{"@type":"ListItem","position":3,"name":"T\u00e1mogasd Egyes\u00fclet\u00fcnket!"}]},{"@type":"WebSite","@id":"https:\/\/tmg.hu\/#website","url":"https:\/\/tmg.hu\/","name":"TMG - Stowarzyszenie Rolnik\u00f3w Odnawiaj\u0105cych Gleb\u0119","description":"Stowarzyszenie Rolnik\u00f3w Odbudowy Gleby","publisher":{"@id":"https:\/\/tmg.hu\/#organization"},"potentialAction":[{"@type":"SearchAction","target":{"@type":"EntryPoint","urlTemplate":"https:\/\/tmg.hu\/?s={search_term_string}"},"query-input":{"@type":"PropertyValueSpecification","valueRequired":true,"valueName":"search_term_string"}}],"inLanguage":"pl-PL"},{"@type":"Organization","@id":"https:\/\/tmg.hu\/#organization","name":"Stowarzyszenie Rolnik\u00f3w Odbudowy Gleby","url":"https:\/\/tmg.hu\/","logo":{"@type":"ImageObject","inLanguage":"pl-PL","@id":"https:\/\/tmg.hu\/#\/schema\/logo\/image\/","url":"https:\/\/tmg.hu\/wp-content\/uploads\/2024\/10\/tmg_og_logo.png","contentUrl":"https:\/\/tmg.hu\/wp-content\/uploads\/2024\/10\/tmg_og_logo.png","width":1200,"height":630,"caption":"Talajmeg\u00faj\u00edt\u00f3 Gazd\u00e1k Egyes\u00fclete"},"image":{"@id":"https:\/\/tmg.hu\/#\/schema\/logo\/image\/"},"sameAs":["https:\/\/www.facebook.com\/tmg.egyesulet\/","https:\/\/www.instagram.com\/tmg.hu\/","https:\/\/www.youtube.com\/@tmg_egyesulet"]}]}},"_links":{"self":[{"href":"https:\/\/tmg.hu\/pl\/wp-json\/wp\/v2\/product\/10410","targetHints":{"allow":["GET"]}}],"collection":[{"href":"https:\/\/tmg.hu\/pl\/wp-json\/wp\/v2\/product"}],"about":[{"href":"https:\/\/tmg.hu\/pl\/wp-json\/wp\/v2\/types\/product"}],"wp:featuredmedia":[{"embeddable":true,"href":"https:\/\/tmg.hu\/pl\/wp-json\/wp\/v2\/media\/6555"}],"wp:attachment":[{"href":"https:\/\/tmg.hu\/pl\/wp-json\/wp\/v2\/media?parent=10410"}],"wp:term":[{"taxonomy":"product_brand","embeddable":true,"href":"https:\/\/tmg.hu\/pl\/wp-json\/wp\/v2\/product_brand?post=10410"},{"taxonomy":"product_cat","embeddable":true,"href":"https:\/\/tmg.hu\/pl\/wp-json\/wp\/v2\/product_cat?post=10410"},{"taxonomy":"product_tag","embeddable":true,"href":"https:\/\/tmg.hu\/pl\/wp-json\/wp\/v2\/product_tag?post=10410"}],"curies":[{"name":"wp","href":"https:\/\/api.w.org\/{rel}","templated":true}]}}