{"id":10302,"date":"2025-07-10T02:46:10","date_gmt":"2025-07-10T00:46:10","guid":{"rendered":"https:\/\/tmg.hu\/?post_type=product&#038;p=10302"},"modified":"2025-07-11T13:51:25","modified_gmt":"2025-07-11T11:51:25","slug":"jean-francois-berthellot-dwa-dni-konferencji-react-8-groundelet","status":"publish","type":"product","link":"https:\/\/tmg.hu\/pl\/pokoje\/jean-francois-berthellot-dwa-dni-konferencji-react-8-groundelet\/","title":{"rendered":"Dwa warsztaty prowadzone przez Jean-Fran\u00e7ois Berthellot - REAG 8th Soil Life Conference"},"content":{"rendered":"<p>Jeden z najbardziej wp\u0142ywowych warsztat\u00f3w 8. konferencji TMG REAG Soil Life jest ju\u017c dost\u0119pny na wideo! Przez dwa dni francuski rolnik Jean-Fran\u00e7ois Berthellot prowadzi\u0142 dog\u0142\u0119bn\u0105, praktyczn\u0105 sesj\u0119 wiedzy, kt\u00f3ra spotka\u0142a si\u0119 z niezwyk\u0142ym zainteresowaniem uczestnik\u00f3w na miejscu.<\/p>\n<p>Materia\u0142 ten nie zosta\u0142 uwzgl\u0119dniony w oficjalnych nagraniach z konferencji, gdy\u017c na platform\u0119 trafi\u0142y jedynie prezentacje z sal wyk\u0142adowych. Tak wi\u0119c nawet ci, kt\u00f3rzy kupili bilety lub nabyli pakiet wyk\u0142ad\u00f3w oddzielnie, nie mogli ich obejrze\u0107.<\/p>\n<p>Jednak te dwudniowe, bardzo pouczaj\u0105ce warsztaty s\u0105 teraz dost\u0119pne dla wszystkich zainteresowanych!<\/p>\n<p><strong>Zawarto\u015b\u0107 opakowania:<\/strong><\/p>\n<p>\ud83d\udcc5 <strong>17.01.2025 - Pi\u0105tkowe warsztaty<\/strong><br \/>\n<em>Stan r\u00f3\u017cnorodno\u015bci pszenicy, dost\u0119pno\u015b\u0107 nasion, redefinicja r\u00f3\u017cnorodno\u015bci - studium przypadku spo\u0142eczno\u015bci lokalnej<\/em><\/p>\n<p>\ud83d\udcc5 <strong>18.01.2025 - Sobotnie warsztaty<\/strong><br \/>\n<em>Opracowanie kryteri\u00f3w wyboru, metodologia wyboru w celu osi\u0105gni\u0119cia po\u017c\u0105danych rezultat\u00f3w<\/em><\/p>\n<table style=\"border-collapse: collapse; width: 100%;\" border=\"1\">\n<tbody>\n<tr>\n<td style=\"width: 100%;\">\n<p style=\"text-align: center;\">Kup materia\u0142y wideo za po\u015brednictwem naszego sklepu internetowego.<br \/>\nW ci\u0105gu kilku dni po dokonaniu p\u0142atno\u015bci wy\u015blemy Ci e-mailem has\u0142o dost\u0119pu do strony.<\/p>\n<\/td>\n<\/tr>\n<\/tbody>\n<\/table>\n<p>&nbsp;<\/p>\n<p><strong>Jean-Fran\u00e7ois Berthellot \ud83c\uddeb\ud83c\uddf7<\/strong><\/p>\n<p>Pochodzi z rodziny ch\u0142opskiej, a po uko\u0144czeniu studi\u00f3w rolniczych, w 1983 r. wraz z \u017con\u0105 rozpocz\u0105\u0142 upraw\u0119 bio\/biodynamiczn\u0105. Zacz\u0119li uprawia\u0107 warzywa, nast\u0119pnie przestawili si\u0119 na ro\u015bliny uprawne, a wkr\u00f3tce zacz\u0119li przetwarza\u0107 w\u0142asne zbo\u017ca, najpierw na chleb, a nast\u0119pnie na \u015bwie\u017ce ciasto w piekarni na farmie.<\/p>\n<p>Od momentu za\u0142o\u017cenia w 2003 r. by\u0142 aktywnie zaanga\u017cowany w rozw\u00f3j krajowej organizacji R\u00e9seaux Semences-Paysannes (Peasant Seed Network), kt\u00f3rej jest cz\u0142onkiem zarz\u0105du od ponad 15 lat. W ci\u0105gu tych lat by\u0142 aktywnie zaanga\u017cowany w kilka europejskich program\u00f3w hodowli partycypacyjnej z zespo\u0142em Narodowego Instytutu Bada\u0144 Rolniczych i \u015arodowiskowych (INRAE). Celem tych program\u00f3w by\u0142o wyselekcjonowanie dynamicznych populacji ewolucyjnych, kt\u00f3re dzi\u015b stanowi\u0105 podstaw\u0119 mieszanek zb\u00f3\u017c, kt\u00f3re wysiewa.<\/p>\n<p>Jego chleb ma wysok\u0105 warto\u015b\u0107 od\u017cywcz\u0105, jest zdrowy i wykonany z mieszanki nasion, kt\u00f3ra jest dobrze dostosowana zar\u00f3wno do w\u0142asnego, jak i lokalnego \u015brodowiska i praktyk uprawy.<\/p>","protected":false},"excerpt":{"rendered":"<p>Jeden z najbardziej wp\u0142ywowych warsztat\u00f3w 8. konferencji TMG REAG Soil Life jest ju\u017c dost\u0119pny na wideo! Przez dwa dni francuski rolnik Jean-Fran\u00e7ois Berthellot prowadzi\u0142 dog\u0142\u0119bn\u0105, praktyczn\u0105 sesj\u0119 wiedzy, kt\u00f3ra spotka\u0142a si\u0119 z niezwyk\u0142ym zainteresowaniem uczestnik\u00f3w na miejscu.<\/p>","protected":false},"featured_media":10303,"template":"","meta":[],"product_brand":[],"product_cat":[70],"product_tag":[],"class_list":{"0":"post-10302","1":"product","2":"type-product","3":"status-publish","4":"has-post-thumbnail","6":"product_cat-videok","8":"first","9":"instock","10":"virtual","11":"taxable","12":"purchasable","13":"product-type-simple"},"bundled_by":[],"bundle_stock_status":"instock","bundle_stock_quantity":null,"bundle_virtual":false,"bundle_layout":"","bundle_add_to_cart_form_location":"","bundle_editable_in_cart":false,"bundle_sold_individually_context":"","bundle_item_grouping":"","bundle_min_size":"","bundle_max_size":"","bundle_price":[],"bundled_items":[],"bundle_sell_ids":[],"yoast_head":"<!-- This site is optimized with the Yoast SEO plugin v26.6 - https:\/\/yoast.com\/wordpress\/plugins\/seo\/ -->\n<title>Jean-Fran\u00e7ois Berthellot k\u00e9t m\u0171helynapja \u2013 REAG 8. Talaj\u00e9let Konferencia - Talajmeg\u00faj\u00edt\u00f3 Gazd\u00e1k Egyes\u00fclete<\/title>\n<meta name=\"robots\" content=\"index, follow, max-snippet:-1, max-image-preview:large, max-video-preview:-1\" \/>\n<link rel=\"canonical\" href=\"http:\/\/tmg.hu\/pl\/pokoje\/jean-francois-berthellot-dwa-dni-konferencji-react-8-groundelet\/\" \/>\n<meta property=\"og:locale\" content=\"pl_PL\" \/>\n<meta property=\"og:type\" content=\"article\" \/>\n<meta property=\"og:title\" content=\"Jean-Fran\u00e7ois Berthellot k\u00e9t m\u0171helynapja \u2013 REAG 8. Talaj\u00e9let Konferencia - Talajmeg\u00faj\u00edt\u00f3 Gazd\u00e1k Egyes\u00fclete\" \/>\n<meta property=\"og:description\" content=\"A TMG REAG 8. Talaj\u00e9let Konferencia egyik legnagyobb hat\u00e1s\u00fa m\u0171helye most el\u00e9rhet\u0151 vide\u00f3n! Jean-Fran\u00e7ois Berthellot francia gazda k\u00e9t napon \u00e1t tartott m\u00e9lyrehat\u00f3, gyakorlati tud\u00e1st ad\u00f3 foglalkoz\u00e1st, amelyet a helysz\u00edni r\u00e9sztvev\u0151k rendk\u00edv\u00fcli \u00e9rdekl\u0151d\u00e9se \u00f6vezett.\" \/>\n<meta property=\"og:url\" content=\"http:\/\/tmg.hu\/pl\/pokoje\/jean-francois-berthellot-dwa-dni-konferencji-react-8-groundelet\/\" \/>\n<meta property=\"og:site_name\" content=\"Talajmeg\u00faj\u00edt\u00f3 Gazd\u00e1k Egyes\u00fclete\" \/>\n<meta property=\"article:publisher\" content=\"https:\/\/www.facebook.com\/tmg.egyesulet\/\" \/>\n<meta property=\"article:modified_time\" content=\"2025-07-11T11:51:25+00:00\" \/>\n<meta property=\"og:image\" content=\"https:\/\/tmg.hu\/wp-content\/uploads\/2025\/07\/fokep-Jean-Francois.png\" \/>\n\t<meta property=\"og:image:width\" content=\"768\" \/>\n\t<meta property=\"og:image:height\" content=\"511\" \/>\n\t<meta property=\"og:image:type\" content=\"image\/png\" \/>\n<meta name=\"twitter:card\" content=\"summary_large_image\" \/>\n<meta name=\"twitter:label1\" content=\"Szacowany czas czytania\" \/>\n\t<meta name=\"twitter:data1\" content=\"2 minuty\" \/>\n<script type=\"application\/ld+json\" class=\"yoast-schema-graph\">{\"@context\":\"https:\/\/schema.org\",\"@graph\":[{\"@type\":\"WebPage\",\"@id\":\"http:\/\/tmg.hu\/uk\/%d0%ba%d1%96%d0%bc%d0%bd%d0%b0%d1%82%d0%b8\/%d0%b6%d0%b0%d0%bd-%d1%84%d1%80%d0%b0%d0%bd%d1%81%d1%83%d0%b0-%d0%b1%d0%b5%d1%80%d1%82%d0%b5%d0%bb%d0%be-%d0%b4%d0%b2%d0%b0-%d0%b4%d0%bd%d1%96-%d0%ba%d0%be%d0%bd%d1%84%d0%b5%d1%80%d0%b5%d0%bd%d1%86\/\",\"url\":\"http:\/\/tmg.hu\/uk\/%d0%ba%d1%96%d0%bc%d0%bd%d0%b0%d1%82%d0%b8\/%d0%b6%d0%b0%d0%bd-%d1%84%d1%80%d0%b0%d0%bd%d1%81%d1%83%d0%b0-%d0%b1%d0%b5%d1%80%d1%82%d0%b5%d0%bb%d0%be-%d0%b4%d0%b2%d0%b0-%d0%b4%d0%bd%d1%96-%d0%ba%d0%be%d0%bd%d1%84%d0%b5%d1%80%d0%b5%d0%bd%d1%86\/\",\"name\":\"Jean-Fran\u00e7ois Berthellot k\u00e9t m\u0171helynapja \u2013 REAG 8. Talaj\u00e9let Konferencia - Talajmeg\u00faj\u00edt\u00f3 Gazd\u00e1k Egyes\u00fclete\",\"isPartOf\":{\"@id\":\"https:\/\/tmg.hu\/#website\"},\"primaryImageOfPage\":{\"@id\":\"http:\/\/tmg.hu\/uk\/%d0%ba%d1%96%d0%bc%d0%bd%d0%b0%d1%82%d0%b8\/%d0%b6%d0%b0%d0%bd-%d1%84%d1%80%d0%b0%d0%bd%d1%81%d1%83%d0%b0-%d0%b1%d0%b5%d1%80%d1%82%d0%b5%d0%bb%d0%be-%d0%b4%d0%b2%d0%b0-%d0%b4%d0%bd%d1%96-%d0%ba%d0%be%d0%bd%d1%84%d0%b5%d1%80%d0%b5%d0%bd%d1%86\/#primaryimage\"},\"image\":{\"@id\":\"http:\/\/tmg.hu\/uk\/%d0%ba%d1%96%d0%bc%d0%bd%d0%b0%d1%82%d0%b8\/%d0%b6%d0%b0%d0%bd-%d1%84%d1%80%d0%b0%d0%bd%d1%81%d1%83%d0%b0-%d0%b1%d0%b5%d1%80%d1%82%d0%b5%d0%bb%d0%be-%d0%b4%d0%b2%d0%b0-%d0%b4%d0%bd%d1%96-%d0%ba%d0%be%d0%bd%d1%84%d0%b5%d1%80%d0%b5%d0%bd%d1%86\/#primaryimage\"},\"thumbnailUrl\":\"https:\/\/tmg.hu\/wp-content\/uploads\/2025\/07\/fokep-Jean-Francois.png\",\"datePublished\":\"2025-07-10T00:46:10+00:00\",\"dateModified\":\"2025-07-11T11:51:25+00:00\",\"breadcrumb\":{\"@id\":\"http:\/\/tmg.hu\/uk\/%d0%ba%d1%96%d0%bc%d0%bd%d0%b0%d1%82%d0%b8\/%d0%b6%d0%b0%d0%bd-%d1%84%d1%80%d0%b0%d0%bd%d1%81%d1%83%d0%b0-%d0%b1%d0%b5%d1%80%d1%82%d0%b5%d0%bb%d0%be-%d0%b4%d0%b2%d0%b0-%d0%b4%d0%bd%d1%96-%d0%ba%d0%be%d0%bd%d1%84%d0%b5%d1%80%d0%b5%d0%bd%d1%86\/#breadcrumb\"},\"inLanguage\":\"pl-PL\",\"potentialAction\":[{\"@type\":\"ReadAction\",\"target\":[\"http:\/\/tmg.hu\/uk\/%d0%ba%d1%96%d0%bc%d0%bd%d0%b0%d1%82%d0%b8\/%d0%b6%d0%b0%d0%bd-%d1%84%d1%80%d0%b0%d0%bd%d1%81%d1%83%d0%b0-%d0%b1%d0%b5%d1%80%d1%82%d0%b5%d0%bb%d0%be-%d0%b4%d0%b2%d0%b0-%d0%b4%d0%bd%d1%96-%d0%ba%d0%be%d0%bd%d1%84%d0%b5%d1%80%d0%b5%d0%bd%d1%86\/\"]}]},{\"@type\":\"ImageObject\",\"inLanguage\":\"pl-PL\",\"@id\":\"http:\/\/tmg.hu\/uk\/%d0%ba%d1%96%d0%bc%d0%bd%d0%b0%d1%82%d0%b8\/%d0%b6%d0%b0%d0%bd-%d1%84%d1%80%d0%b0%d0%bd%d1%81%d1%83%d0%b0-%d0%b1%d0%b5%d1%80%d1%82%d0%b5%d0%bb%d0%be-%d0%b4%d0%b2%d0%b0-%d0%b4%d0%bd%d1%96-%d0%ba%d0%be%d0%bd%d1%84%d0%b5%d1%80%d0%b5%d0%bd%d1%86\/#primaryimage\",\"url\":\"https:\/\/tmg.hu\/wp-content\/uploads\/2025\/07\/fokep-Jean-Francois.png\",\"contentUrl\":\"https:\/\/tmg.hu\/wp-content\/uploads\/2025\/07\/fokep-Jean-Francois.png\",\"width\":768,\"height\":511},{\"@type\":\"BreadcrumbList\",\"@id\":\"http:\/\/tmg.hu\/uk\/%d0%ba%d1%96%d0%bc%d0%bd%d0%b0%d1%82%d0%b8\/%d0%b6%d0%b0%d0%bd-%d1%84%d1%80%d0%b0%d0%bd%d1%81%d1%83%d0%b0-%d0%b1%d0%b5%d1%80%d1%82%d0%b5%d0%bb%d0%be-%d0%b4%d0%b2%d0%b0-%d0%b4%d0%bd%d1%96-%d0%ba%d0%be%d0%bd%d1%84%d0%b5%d1%80%d0%b5%d0%bd%d1%86\/#breadcrumb\",\"itemListElement\":[{\"@type\":\"ListItem\",\"position\":1,\"name\":\"Home\",\"item\":\"https:\/\/tmg.hu\/\"},{\"@type\":\"ListItem\",\"position\":2,\"name\":\"Webshop\",\"item\":\"https:\/\/tmg.hu\/webshop\/\"},{\"@type\":\"ListItem\",\"position\":3,\"name\":\"Jean-Fran\u00e7ois Berthellot k\u00e9t m\u0171helynapja \u2013 REAG 8. Talaj\u00e9let Konferencia\"}]},{\"@type\":\"WebSite\",\"@id\":\"https:\/\/tmg.hu\/#website\",\"url\":\"https:\/\/tmg.hu\/\",\"name\":\"TMG - Talajmeg\u00faj\u00edt\u00f3 Gazd\u00e1k Egyes\u00fclete\",\"description\":\"Talajmeg\u00faj\u00edt\u00f3 Gazd\u00e1k Egyes\u00fclete\",\"publisher\":{\"@id\":\"https:\/\/tmg.hu\/#organization\"},\"potentialAction\":[{\"@type\":\"SearchAction\",\"target\":{\"@type\":\"EntryPoint\",\"urlTemplate\":\"https:\/\/tmg.hu\/?s={search_term_string}\"},\"query-input\":{\"@type\":\"PropertyValueSpecification\",\"valueRequired\":true,\"valueName\":\"search_term_string\"}}],\"inLanguage\":\"pl-PL\"},{\"@type\":\"Organization\",\"@id\":\"https:\/\/tmg.hu\/#organization\",\"name\":\"Talajmeg\u00faj\u00edt\u00f3 Gazd\u00e1k Egyes\u00fclete\",\"url\":\"https:\/\/tmg.hu\/\",\"logo\":{\"@type\":\"ImageObject\",\"inLanguage\":\"pl-PL\",\"@id\":\"https:\/\/tmg.hu\/#\/schema\/logo\/image\/\",\"url\":\"https:\/\/tmg.hu\/wp-content\/uploads\/2024\/10\/tmg_og_logo.png\",\"contentUrl\":\"https:\/\/tmg.hu\/wp-content\/uploads\/2024\/10\/tmg_og_logo.png\",\"width\":1200,\"height\":630,\"caption\":\"Talajmeg\u00faj\u00edt\u00f3 Gazd\u00e1k Egyes\u00fclete\"},\"image\":{\"@id\":\"https:\/\/tmg.hu\/#\/schema\/logo\/image\/\"},\"sameAs\":[\"https:\/\/www.facebook.com\/tmg.egyesulet\/\",\"https:\/\/www.instagram.com\/tmg.hu\/\",\"https:\/\/www.youtube.com\/@tmg_egyesulet\"]}]}<\/script>\n<!-- \/ Yoast SEO plugin. -->","yoast_head_json":{"title":"Dwa warsztaty Jean-Fran\u00e7ois Berthellota - REAG 8. konferencja na temat \u017cycia gleby - Stowarzyszenie Rolnik\u00f3w Odnowy Gleby","robots":{"index":"index","follow":"follow","max-snippet":"max-snippet:-1","max-image-preview":"max-image-preview:large","max-video-preview":"max-video-preview:-1"},"canonical":"http:\/\/tmg.hu\/pl\/pokoje\/jean-francois-berthellot-dwa-dni-konferencji-react-8-groundelet\/","og_locale":"pl_PL","og_type":"article","og_title":"Jean-Fran\u00e7ois Berthellot k\u00e9t m\u0171helynapja \u2013 REAG 8. Talaj\u00e9let Konferencia - Talajmeg\u00faj\u00edt\u00f3 Gazd\u00e1k Egyes\u00fclete","og_description":"A TMG REAG 8. Talaj\u00e9let Konferencia egyik legnagyobb hat\u00e1s\u00fa m\u0171helye most el\u00e9rhet\u0151 vide\u00f3n! Jean-Fran\u00e7ois Berthellot francia gazda k\u00e9t napon \u00e1t tartott m\u00e9lyrehat\u00f3, gyakorlati tud\u00e1st ad\u00f3 foglalkoz\u00e1st, amelyet a helysz\u00edni r\u00e9sztvev\u0151k rendk\u00edv\u00fcli \u00e9rdekl\u0151d\u00e9se \u00f6vezett.","og_url":"http:\/\/tmg.hu\/pl\/pokoje\/jean-francois-berthellot-dwa-dni-konferencji-react-8-groundelet\/","og_site_name":"Talajmeg\u00faj\u00edt\u00f3 Gazd\u00e1k Egyes\u00fclete","article_publisher":"https:\/\/www.facebook.com\/tmg.egyesulet\/","article_modified_time":"2025-07-11T11:51:25+00:00","og_image":[{"width":768,"height":511,"url":"https:\/\/tmg.hu\/wp-content\/uploads\/2025\/07\/fokep-Jean-Francois.png","type":"image\/png"}],"twitter_card":"summary_large_image","twitter_misc":{"Szacowany czas czytania":"2 minuty"},"schema":{"@context":"https:\/\/schema.org","@graph":[{"@type":"WebPage","@id":"http:\/\/tmg.hu\/uk\/%d0%ba%d1%96%d0%bc%d0%bd%d0%b0%d1%82%d0%b8\/%d0%b6%d0%b0%d0%bd-%d1%84%d1%80%d0%b0%d0%bd%d1%81%d1%83%d0%b0-%d0%b1%d0%b5%d1%80%d1%82%d0%b5%d0%bb%d0%be-%d0%b4%d0%b2%d0%b0-%d0%b4%d0%bd%d1%96-%d0%ba%d0%be%d0%bd%d1%84%d0%b5%d1%80%d0%b5%d0%bd%d1%86\/","url":"http:\/\/tmg.hu\/uk\/%d0%ba%d1%96%d0%bc%d0%bd%d0%b0%d1%82%d0%b8\/%d0%b6%d0%b0%d0%bd-%d1%84%d1%80%d0%b0%d0%bd%d1%81%d1%83%d0%b0-%d0%b1%d0%b5%d1%80%d1%82%d0%b5%d0%bb%d0%be-%d0%b4%d0%b2%d0%b0-%d0%b4%d0%bd%d1%96-%d0%ba%d0%be%d0%bd%d1%84%d0%b5%d1%80%d0%b5%d0%bd%d1%86\/","name":"Dwa warsztaty Jean-Fran\u00e7ois Berthellota - REAG 8. konferencja na temat \u017cycia gleby - Stowarzyszenie Rolnik\u00f3w Odnowy Gleby","isPartOf":{"@id":"https:\/\/tmg.hu\/#website"},"primaryImageOfPage":{"@id":"http:\/\/tmg.hu\/uk\/%d0%ba%d1%96%d0%bc%d0%bd%d0%b0%d1%82%d0%b8\/%d0%b6%d0%b0%d0%bd-%d1%84%d1%80%d0%b0%d0%bd%d1%81%d1%83%d0%b0-%d0%b1%d0%b5%d1%80%d1%82%d0%b5%d0%bb%d0%be-%d0%b4%d0%b2%d0%b0-%d0%b4%d0%bd%d1%96-%d0%ba%d0%be%d0%bd%d1%84%d0%b5%d1%80%d0%b5%d0%bd%d1%86\/#primaryimage"},"image":{"@id":"http:\/\/tmg.hu\/uk\/%d0%ba%d1%96%d0%bc%d0%bd%d0%b0%d1%82%d0%b8\/%d0%b6%d0%b0%d0%bd-%d1%84%d1%80%d0%b0%d0%bd%d1%81%d1%83%d0%b0-%d0%b1%d0%b5%d1%80%d1%82%d0%b5%d0%bb%d0%be-%d0%b4%d0%b2%d0%b0-%d0%b4%d0%bd%d1%96-%d0%ba%d0%be%d0%bd%d1%84%d0%b5%d1%80%d0%b5%d0%bd%d1%86\/#primaryimage"},"thumbnailUrl":"https:\/\/tmg.hu\/wp-content\/uploads\/2025\/07\/fokep-Jean-Francois.png","datePublished":"2025-07-10T00:46:10+00:00","dateModified":"2025-07-11T11:51:25+00:00","breadcrumb":{"@id":"http:\/\/tmg.hu\/uk\/%d0%ba%d1%96%d0%bc%d0%bd%d0%b0%d1%82%d0%b8\/%d0%b6%d0%b0%d0%bd-%d1%84%d1%80%d0%b0%d0%bd%d1%81%d1%83%d0%b0-%d0%b1%d0%b5%d1%80%d1%82%d0%b5%d0%bb%d0%be-%d0%b4%d0%b2%d0%b0-%d0%b4%d0%bd%d1%96-%d0%ba%d0%be%d0%bd%d1%84%d0%b5%d1%80%d0%b5%d0%bd%d1%86\/#breadcrumb"},"inLanguage":"pl-PL","potentialAction":[{"@type":"ReadAction","target":["http:\/\/tmg.hu\/uk\/%d0%ba%d1%96%d0%bc%d0%bd%d0%b0%d1%82%d0%b8\/%d0%b6%d0%b0%d0%bd-%d1%84%d1%80%d0%b0%d0%bd%d1%81%d1%83%d0%b0-%d0%b1%d0%b5%d1%80%d1%82%d0%b5%d0%bb%d0%be-%d0%b4%d0%b2%d0%b0-%d0%b4%d0%bd%d1%96-%d0%ba%d0%be%d0%bd%d1%84%d0%b5%d1%80%d0%b5%d0%bd%d1%86\/"]}]},{"@type":"ImageObject","inLanguage":"pl-PL","@id":"http:\/\/tmg.hu\/uk\/%d0%ba%d1%96%d0%bc%d0%bd%d0%b0%d1%82%d0%b8\/%d0%b6%d0%b0%d0%bd-%d1%84%d1%80%d0%b0%d0%bd%d1%81%d1%83%d0%b0-%d0%b1%d0%b5%d1%80%d1%82%d0%b5%d0%bb%d0%be-%d0%b4%d0%b2%d0%b0-%d0%b4%d0%bd%d1%96-%d0%ba%d0%be%d0%bd%d1%84%d0%b5%d1%80%d0%b5%d0%bd%d1%86\/#primaryimage","url":"https:\/\/tmg.hu\/wp-content\/uploads\/2025\/07\/fokep-Jean-Francois.png","contentUrl":"https:\/\/tmg.hu\/wp-content\/uploads\/2025\/07\/fokep-Jean-Francois.png","width":768,"height":511},{"@type":"BreadcrumbList","@id":"http:\/\/tmg.hu\/uk\/%d0%ba%d1%96%d0%bc%d0%bd%d0%b0%d1%82%d0%b8\/%d0%b6%d0%b0%d0%bd-%d1%84%d1%80%d0%b0%d0%bd%d1%81%d1%83%d0%b0-%d0%b1%d0%b5%d1%80%d1%82%d0%b5%d0%bb%d0%be-%d0%b4%d0%b2%d0%b0-%d0%b4%d0%bd%d1%96-%d0%ba%d0%be%d0%bd%d1%84%d0%b5%d1%80%d0%b5%d0%bd%d1%86\/#breadcrumb","itemListElement":[{"@type":"ListItem","position":1,"name":"Home","item":"https:\/\/tmg.hu\/"},{"@type":"ListItem","position":2,"name":"Webshop","item":"https:\/\/tmg.hu\/webshop\/"},{"@type":"ListItem","position":3,"name":"Jean-Fran\u00e7ois Berthellot k\u00e9t m\u0171helynapja \u2013 REAG 8. Talaj\u00e9let Konferencia"}]},{"@type":"WebSite","@id":"https:\/\/tmg.hu\/#website","url":"https:\/\/tmg.hu\/","name":"TMG - Stowarzyszenie Rolnik\u00f3w Odnawiaj\u0105cych Gleb\u0119","description":"Stowarzyszenie Rolnik\u00f3w Odbudowy Gleby","publisher":{"@id":"https:\/\/tmg.hu\/#organization"},"potentialAction":[{"@type":"SearchAction","target":{"@type":"EntryPoint","urlTemplate":"https:\/\/tmg.hu\/?s={search_term_string}"},"query-input":{"@type":"PropertyValueSpecification","valueRequired":true,"valueName":"search_term_string"}}],"inLanguage":"pl-PL"},{"@type":"Organization","@id":"https:\/\/tmg.hu\/#organization","name":"Stowarzyszenie Rolnik\u00f3w Odbudowy Gleby","url":"https:\/\/tmg.hu\/","logo":{"@type":"ImageObject","inLanguage":"pl-PL","@id":"https:\/\/tmg.hu\/#\/schema\/logo\/image\/","url":"https:\/\/tmg.hu\/wp-content\/uploads\/2024\/10\/tmg_og_logo.png","contentUrl":"https:\/\/tmg.hu\/wp-content\/uploads\/2024\/10\/tmg_og_logo.png","width":1200,"height":630,"caption":"Talajmeg\u00faj\u00edt\u00f3 Gazd\u00e1k Egyes\u00fclete"},"image":{"@id":"https:\/\/tmg.hu\/#\/schema\/logo\/image\/"},"sameAs":["https:\/\/www.facebook.com\/tmg.egyesulet\/","https:\/\/www.instagram.com\/tmg.hu\/","https:\/\/www.youtube.com\/@tmg_egyesulet"]}]}},"_links":{"self":[{"href":"https:\/\/tmg.hu\/pl\/wp-json\/wp\/v2\/product\/10302","targetHints":{"allow":["GET"]}}],"collection":[{"href":"https:\/\/tmg.hu\/pl\/wp-json\/wp\/v2\/product"}],"about":[{"href":"https:\/\/tmg.hu\/pl\/wp-json\/wp\/v2\/types\/product"}],"wp:featuredmedia":[{"embeddable":true,"href":"https:\/\/tmg.hu\/pl\/wp-json\/wp\/v2\/media\/10303"}],"wp:attachment":[{"href":"https:\/\/tmg.hu\/pl\/wp-json\/wp\/v2\/media?parent=10302"}],"wp:term":[{"taxonomy":"product_brand","embeddable":true,"href":"https:\/\/tmg.hu\/pl\/wp-json\/wp\/v2\/product_brand?post=10302"},{"taxonomy":"product_cat","embeddable":true,"href":"https:\/\/tmg.hu\/pl\/wp-json\/wp\/v2\/product_cat?post=10302"},{"taxonomy":"product_tag","embeddable":true,"href":"https:\/\/tmg.hu\/pl\/wp-json\/wp\/v2\/product_tag?post=10302"}],"curies":[{"name":"wp","href":"https:\/\/api.w.org\/{rel}","templated":true}]}}