{"id":2555,"date":"2023-04-19T15:05:34","date_gmt":"2023-04-19T13:05:34","guid":{"rendered":"https:\/\/tmg.hu\/?page_id=2555"},"modified":"2023-11-27T13:54:06","modified_gmt":"2023-11-27T12:54:06","slug":"udana-rejestracja-wydarzenia","status":"publish","type":"page","link":"https:\/\/tmg.hu\/pl\/udana-rejestracja-wydarzenia\/","title":{"rendered":"Udana rejestracja na wydarzenie!"},"content":{"rendered":"<div data-elementor-type=\"wp-page\" data-elementor-id=\"2555\" class=\"elementor elementor-2555\" data-elementor-post-type=\"page\">\n\t\t\t\t\t\t<section class=\"elementor-section elementor-top-section elementor-element elementor-element-e81bf86 elementor-section-stretched elementor-section-boxed elementor-section-height-default elementor-section-height-default\" data-id=\"e81bf86\" data-element_type=\"section\" data-settings=\"{&quot;stretch_section&quot;:&quot;section-stretched&quot;,&quot;background_background&quot;:&quot;classic&quot;}\">\n\t\t\t\t\t\t\t<div class=\"elementor-background-overlay\"><\/div>\n\t\t\t\t\t\t\t<div class=\"elementor-container elementor-column-gap-default\">\n\t\t\t\t\t<div class=\"elementor-column elementor-col-100 elementor-top-column elementor-element elementor-element-db4e9ca\" data-id=\"db4e9ca\" data-element_type=\"column\">\n\t\t\t<div class=\"elementor-widget-wrap elementor-element-populated\">\n\t\t\t\t\t\t<div class=\"elementor-element elementor-element-3bdbd61 elementor-widget elementor-widget-heading\" data-id=\"3bdbd61\" data-element_type=\"widget\" data-widget_type=\"heading.default\">\n\t\t\t\t<div class=\"elementor-widget-container\">\n\t\t\t\t\t<h2 class=\"elementor-heading-title elementor-size-default\">Udana rejestracja na wydarzenie!<\/h2>\t\t\t\t<\/div>\n\t\t\t\t<\/div>\n\t\t\t\t<div class=\"elementor-element elementor-element-31cecb77 elementor-widget elementor-widget-text-editor\" data-id=\"31cecb77\" data-element_type=\"widget\" data-widget_type=\"text-editor.default\">\n\t\t\t\t<div class=\"elementor-widget-container\">\n\t\t\t\t\t\t\t\t\t<p>Dokona\u0142e\u015b w\u0142a\u015bciwego wyboru, dzi\u0119kuj\u0119 za rejestracj\u0119 <strong>Konferencja i wystawa TMG REAG VII Soil Life<\/strong>!<\/p><p>Wi\u0119cej informacji na temat wydarzenia zostanie przes\u0142anych poczt\u0105 elektroniczn\u0105.<\/p>\t\t\t\t\t\t\t\t<\/div>\n\t\t\t\t<\/div>\n\t\t\t\t\t<\/div>\n\t\t<\/div>\n\t\t\t\t\t<\/div>\n\t\t<\/section>\n\t\t\t\t<\/div>","protected":false},"excerpt":{"rendered":"<p>Dokona\u0142e\u015b w\u0142a\u015bciwego wyboru, dzi\u0119kujemy za rejestracj\u0119 na konferencj\u0119 i wystaw\u0119 TMG REAG VII Soil Life! Wi\u0119cej informacji o wydarzeniu zostanie przes\u0142anych poczt\u0105 elektroniczn\u0105.<\/p>","protected":false},"author":55,"featured_media":0,"parent":0,"menu_order":0,"comment_status":"closed","ping_status":"closed","template":"","meta":{"footnotes":""},"class_list":["post-2555","page","type-page","status-publish","hentry"],"yoast_head":"<!-- This site is optimized with the Yoast SEO plugin v26.6 - https:\/\/yoast.com\/wordpress\/plugins\/seo\/ -->\n<title>Sikeres rendezv\u00e9ny regisztr\u00e1ci\u00f3! - Talajmeg\u00faj\u00edt\u00f3 Gazd\u00e1k Egyes\u00fclete<\/title>\n<meta name=\"robots\" content=\"index, follow, max-snippet:-1, max-image-preview:large, max-video-preview:-1\" \/>\n<link rel=\"canonical\" href=\"https:\/\/tmg.hu\/pl\/udana-rejestracja-wydarzenia\/\" \/>\n<meta property=\"og:locale\" content=\"pl_PL\" \/>\n<meta property=\"og:type\" content=\"article\" \/>\n<meta property=\"og:title\" content=\"Sikeres rendezv\u00e9ny regisztr\u00e1ci\u00f3! - Talajmeg\u00faj\u00edt\u00f3 Gazd\u00e1k Egyes\u00fclete\" \/>\n<meta property=\"og:description\" content=\"J\u00f3l d\u00f6nt\u00f6tt\u00e9l, k\u00f6sz\u00f6nj\u00fck, hogy regisztr\u00e1lt\u00e1l a TMG REAG VII. Talaj\u00e9let Konferencia \u00e9s Szakki\u00e1ll\u00edt\u00e1sra! A rendezv\u00e9nnyel kapcsolatos tov\u00e1bbi tudnival\u00f3kr\u00f3l e-mailben t\u00e1j\u00e9koztatunk.\" \/>\n<meta property=\"og:url\" content=\"https:\/\/tmg.hu\/pl\/udana-rejestracja-wydarzenia\/\" \/>\n<meta property=\"og:site_name\" content=\"Talajmeg\u00faj\u00edt\u00f3 Gazd\u00e1k Egyes\u00fclete\" \/>\n<meta property=\"article:publisher\" content=\"https:\/\/www.facebook.com\/tmg.egyesulet\/\" \/>\n<meta property=\"article:modified_time\" content=\"2023-11-27T12:54:06+00:00\" \/>\n<meta property=\"og:image\" content=\"https:\/\/tmg.hu\/wp-content\/uploads\/2024\/10\/tmg_og_logo.png\" \/>\n\t<meta property=\"og:image:width\" content=\"1200\" \/>\n\t<meta property=\"og:image:height\" content=\"630\" \/>\n\t<meta property=\"og:image:type\" content=\"image\/png\" \/>\n<meta name=\"twitter:card\" content=\"summary_large_image\" \/>\n<script type=\"application\/ld+json\" class=\"yoast-schema-graph\">{\"@context\":\"https:\/\/schema.org\",\"@graph\":[{\"@type\":\"WebPage\",\"@id\":\"https:\/\/tmg.hu\/sikeres-rendezveny-regisztracio\/\",\"url\":\"https:\/\/tmg.hu\/sikeres-rendezveny-regisztracio\/\",\"name\":\"Sikeres rendezv\u00e9ny regisztr\u00e1ci\u00f3! - Talajmeg\u00faj\u00edt\u00f3 Gazd\u00e1k Egyes\u00fclete\",\"isPartOf\":{\"@id\":\"https:\/\/tmg.hu\/#website\"},\"datePublished\":\"2023-04-19T13:05:34+00:00\",\"dateModified\":\"2023-11-27T12:54:06+00:00\",\"breadcrumb\":{\"@id\":\"https:\/\/tmg.hu\/sikeres-rendezveny-regisztracio\/#breadcrumb\"},\"inLanguage\":\"pl-PL\",\"potentialAction\":[{\"@type\":\"ReadAction\",\"target\":[\"https:\/\/tmg.hu\/sikeres-rendezveny-regisztracio\/\"]}]},{\"@type\":\"BreadcrumbList\",\"@id\":\"https:\/\/tmg.hu\/sikeres-rendezveny-regisztracio\/#breadcrumb\",\"itemListElement\":[{\"@type\":\"ListItem\",\"position\":1,\"name\":\"Home\",\"item\":\"https:\/\/tmg.hu\/\"},{\"@type\":\"ListItem\",\"position\":2,\"name\":\"Sikeres rendezv\u00e9ny regisztr\u00e1ci\u00f3!\"}]},{\"@type\":\"WebSite\",\"@id\":\"https:\/\/tmg.hu\/#website\",\"url\":\"https:\/\/tmg.hu\/\",\"name\":\"TMG - Talajmeg\u00faj\u00edt\u00f3 Gazd\u00e1k Egyes\u00fclete\",\"description\":\"Talajmeg\u00faj\u00edt\u00f3 Gazd\u00e1k Egyes\u00fclete\",\"publisher\":{\"@id\":\"https:\/\/tmg.hu\/#organization\"},\"potentialAction\":[{\"@type\":\"SearchAction\",\"target\":{\"@type\":\"EntryPoint\",\"urlTemplate\":\"https:\/\/tmg.hu\/?s={search_term_string}\"},\"query-input\":{\"@type\":\"PropertyValueSpecification\",\"valueRequired\":true,\"valueName\":\"search_term_string\"}}],\"inLanguage\":\"pl-PL\"},{\"@type\":\"Organization\",\"@id\":\"https:\/\/tmg.hu\/#organization\",\"name\":\"Talajmeg\u00faj\u00edt\u00f3 Gazd\u00e1k Egyes\u00fclete\",\"url\":\"https:\/\/tmg.hu\/\",\"logo\":{\"@type\":\"ImageObject\",\"inLanguage\":\"pl-PL\",\"@id\":\"https:\/\/tmg.hu\/#\/schema\/logo\/image\/\",\"url\":\"https:\/\/tmg.hu\/wp-content\/uploads\/2024\/10\/tmg_og_logo.png\",\"contentUrl\":\"https:\/\/tmg.hu\/wp-content\/uploads\/2024\/10\/tmg_og_logo.png\",\"width\":1200,\"height\":630,\"caption\":\"Talajmeg\u00faj\u00edt\u00f3 Gazd\u00e1k Egyes\u00fclete\"},\"image\":{\"@id\":\"https:\/\/tmg.hu\/#\/schema\/logo\/image\/\"},\"sameAs\":[\"https:\/\/www.facebook.com\/tmg.egyesulet\/\",\"https:\/\/www.instagram.com\/tmg.hu\/\",\"https:\/\/www.youtube.com\/@tmg_egyesulet\"]}]}<\/script>\n<!-- \/ Yoast SEO plugin. -->","yoast_head_json":{"title":"Rejestracja na wydarzenie zako\u0144czona sukcesem! - Stowarzyszenie Rolnik\u00f3w Odnowy Gleb","robots":{"index":"index","follow":"follow","max-snippet":"max-snippet:-1","max-image-preview":"max-image-preview:large","max-video-preview":"max-video-preview:-1"},"canonical":"https:\/\/tmg.hu\/pl\/udana-rejestracja-wydarzenia\/","og_locale":"pl_PL","og_type":"article","og_title":"Sikeres rendezv\u00e9ny regisztr\u00e1ci\u00f3! - Talajmeg\u00faj\u00edt\u00f3 Gazd\u00e1k Egyes\u00fclete","og_description":"J\u00f3l d\u00f6nt\u00f6tt\u00e9l, k\u00f6sz\u00f6nj\u00fck, hogy regisztr\u00e1lt\u00e1l a TMG REAG VII. Talaj\u00e9let Konferencia \u00e9s Szakki\u00e1ll\u00edt\u00e1sra! A rendezv\u00e9nnyel kapcsolatos tov\u00e1bbi tudnival\u00f3kr\u00f3l e-mailben t\u00e1j\u00e9koztatunk.","og_url":"https:\/\/tmg.hu\/pl\/udana-rejestracja-wydarzenia\/","og_site_name":"Talajmeg\u00faj\u00edt\u00f3 Gazd\u00e1k Egyes\u00fclete","article_publisher":"https:\/\/www.facebook.com\/tmg.egyesulet\/","article_modified_time":"2023-11-27T12:54:06+00:00","og_image":[{"width":1200,"height":630,"url":"https:\/\/tmg.hu\/wp-content\/uploads\/2024\/10\/tmg_og_logo.png","type":"image\/png"}],"twitter_card":"summary_large_image","schema":{"@context":"https:\/\/schema.org","@graph":[{"@type":"WebPage","@id":"https:\/\/tmg.hu\/sikeres-rendezveny-regisztracio\/","url":"https:\/\/tmg.hu\/sikeres-rendezveny-regisztracio\/","name":"Rejestracja na wydarzenie zako\u0144czona sukcesem! - Stowarzyszenie Rolnik\u00f3w Odnowy Gleb","isPartOf":{"@id":"https:\/\/tmg.hu\/#website"},"datePublished":"2023-04-19T13:05:34+00:00","dateModified":"2023-11-27T12:54:06+00:00","breadcrumb":{"@id":"https:\/\/tmg.hu\/sikeres-rendezveny-regisztracio\/#breadcrumb"},"inLanguage":"pl-PL","potentialAction":[{"@type":"ReadAction","target":["https:\/\/tmg.hu\/sikeres-rendezveny-regisztracio\/"]}]},{"@type":"BreadcrumbList","@id":"https:\/\/tmg.hu\/sikeres-rendezveny-regisztracio\/#breadcrumb","itemListElement":[{"@type":"ListItem","position":1,"name":"Home","item":"https:\/\/tmg.hu\/"},{"@type":"ListItem","position":2,"name":"Sikeres rendezv\u00e9ny regisztr\u00e1ci\u00f3!"}]},{"@type":"WebSite","@id":"https:\/\/tmg.hu\/#website","url":"https:\/\/tmg.hu\/","name":"TMG - Stowarzyszenie Rolnik\u00f3w Odnawiaj\u0105cych Gleb\u0119","description":"Stowarzyszenie Rolnik\u00f3w Odbudowy Gleby","publisher":{"@id":"https:\/\/tmg.hu\/#organization"},"potentialAction":[{"@type":"SearchAction","target":{"@type":"EntryPoint","urlTemplate":"https:\/\/tmg.hu\/?s={search_term_string}"},"query-input":{"@type":"PropertyValueSpecification","valueRequired":true,"valueName":"search_term_string"}}],"inLanguage":"pl-PL"},{"@type":"Organization","@id":"https:\/\/tmg.hu\/#organization","name":"Stowarzyszenie Rolnik\u00f3w Odbudowy Gleby","url":"https:\/\/tmg.hu\/","logo":{"@type":"ImageObject","inLanguage":"pl-PL","@id":"https:\/\/tmg.hu\/#\/schema\/logo\/image\/","url":"https:\/\/tmg.hu\/wp-content\/uploads\/2024\/10\/tmg_og_logo.png","contentUrl":"https:\/\/tmg.hu\/wp-content\/uploads\/2024\/10\/tmg_og_logo.png","width":1200,"height":630,"caption":"Talajmeg\u00faj\u00edt\u00f3 Gazd\u00e1k Egyes\u00fclete"},"image":{"@id":"https:\/\/tmg.hu\/#\/schema\/logo\/image\/"},"sameAs":["https:\/\/www.facebook.com\/tmg.egyesulet\/","https:\/\/www.instagram.com\/tmg.hu\/","https:\/\/www.youtube.com\/@tmg_egyesulet"]}]}},"_links":{"self":[{"href":"https:\/\/tmg.hu\/pl\/wp-json\/wp\/v2\/pages\/2555","targetHints":{"allow":["GET"]}}],"collection":[{"href":"https:\/\/tmg.hu\/pl\/wp-json\/wp\/v2\/pages"}],"about":[{"href":"https:\/\/tmg.hu\/pl\/wp-json\/wp\/v2\/types\/page"}],"author":[{"embeddable":true,"href":"https:\/\/tmg.hu\/pl\/wp-json\/wp\/v2\/users\/55"}],"replies":[{"embeddable":true,"href":"https:\/\/tmg.hu\/pl\/wp-json\/wp\/v2\/comments?post=2555"}],"version-history":[{"count":21,"href":"https:\/\/tmg.hu\/pl\/wp-json\/wp\/v2\/pages\/2555\/revisions"}],"predecessor-version":[{"id":4405,"href":"https:\/\/tmg.hu\/pl\/wp-json\/wp\/v2\/pages\/2555\/revisions\/4405"}],"wp:attachment":[{"href":"https:\/\/tmg.hu\/pl\/wp-json\/wp\/v2\/media?parent=2555"}],"curies":[{"name":"wp","href":"https:\/\/api.w.org\/{rel}","templated":true}]}}