{"id":9669,"date":"2025-02-20T02:20:44","date_gmt":"2025-02-20T01:20:44","guid":{"rendered":"https:\/\/tmg.hu\/?post_type=product&#038;p=9669"},"modified":"2026-04-12T10:21:18","modified_gmt":"2026-04-12T08:21:18","slug":"reag-viii-eloadas-felvetelek","status":"publish","type":"product","link":"https:\/\/tmg.hu\/en\/rooms\/reag-viii-eloadas-felvetelek\/","title":{"rendered":"REAG VIII Presentation recordings"},"content":{"rendered":"<p><strong>The soil that connects<\/strong><\/p>\n<p>Missed the 8th TMG REAG Soil Life Conference and Exhibition? Now you can make up for it! Get the full three days of presentations and learn about the most important topics in regenerative agriculture from practicing farmers, innovative researchers and experts in soil regeneration from both domestic and international fields.<\/p>\n<p>This event is not just a conference; it is the largest regenerative agriculture event in Central Europe, where farmers, animal breeders, researchers, experts, bakers and chefs have come together to share their knowledge and experience with visitors!<\/p>\n<p>The conference programme and speakers can be found here:<\/p>\n<blockquote class=\"wp-embedded-content\" data-secret=\"66OG87rGaQ\"><p><a href=\"https:\/\/tmg.hu\/en\/tmg-reag-viii-ground-elite-conference-and-conference-2025\/\">TMG REAG VIII Soil Life Conference and Exhibition - 2025.<\/a><\/p><\/blockquote>\n<p><iframe class=\"wp-embedded-content\" sandbox=\"allow-scripts\" security=\"restricted\" style=\"position: absolute; visibility: hidden;\" title=\"&quot;TMG REAG VIII Soil Life Conference and Exhibition - 2025.&quot; - Soil Renewal Farmers Association\" src=\"https:\/\/tmg.hu\/tmg-reag-viii-talajelet-konferencia-es-szakkiallitas-2025\/embed\/#?secret=xnVEGT6PFk#?secret=66OG87rGaQ\" data-secret=\"66OG87rGaQ\" width=\"600\" height=\"338\" frameborder=\"0\" marginwidth=\"0\" marginheight=\"0\" scrolling=\"no\"><\/iframe><\/p>\n<p>Within a few days after purchase, we will send you your login details to the email address you provided to access your REAG 8 recordings.<\/p>\n<h2>Content<\/h2>\n<h4><strong>Thursday - 16 January 2025.<\/strong><\/h4>\n<h5>Main stage<\/h5>\n<p>Big ideas, leading experts - discover the deep connections between nature, farming and human health!<\/p>\n<p><span style=\"text-decoration: underline;\">Attila Szab\u00f3<\/span><br \/>\nOpening<\/p>\n<p><span style=\"text-decoration: underline;\">Dr. Anik\u00f3 Juh\u00e1sz<\/span><br \/>\nDeputy State Secretary for Agriculture<\/p>\n<p><span style=\"text-decoration: underline;\">Zolt\u00e1n K\u00e9zi<\/span><br \/>\nOutlook 2025: Economy, food economy, finance<\/p>\n<p><span style=\"text-decoration: underline;\">Prof. Dr. Csaba Gyuricza<\/span><br \/>\nSimply about regenerative agriculture<\/p>\n<p><span style=\"text-decoration: underline;\">Anne Bikl\u00e9 (US)<\/span><br \/>\nWhat did your food eat and why does it matter? \/ What Your Food Ate and Why It Matters<\/p>\n<p><span style=\"text-decoration: underline;\">Jean-Fran\u00e7ois Berthellot (FR)<\/span><br \/>\nWhat crops should we grow on living soil? The need for high nutritional value varieties - the case of wheat. A different approach to breeding.<\/p>\n<p><span style=\"text-decoration: underline;\">\u00c1d\u00e1m B\u00f3day<\/span><br \/>\nNatural sources of the human microbiome - or the origin and role of environmental microbes in health<\/p>\n<p><span style=\"text-decoration: underline;\">Ferenc Berend<\/span><br \/>\nIntermittent grazing of beef cattle on grassland<\/p>\n<p><span style=\"text-decoration: underline;\">Water management, Landscape management - the foundations of future agriculture<\/span><br \/>\nRound Table<br \/>\nMarietta Szalai, S\u00e1ndor Szil\u00e1gyi, Attila Szeredi, J\u00e1nos Nagy, P\u00e9ter Balogh<br \/>\nLed by Dr. Erzs\u00e9bet N\u00e9medi<\/p>\n<h5>Small stage<\/h5>\n<p>Shorter, focused presentations that offer immediately applicable knowledge and fresh perspectives.<\/p>\n<p><span style=\"text-decoration: underline;\">G\u00e1bor Sz\u0151ll\u0151si<\/span><br \/>\nThe impact of compost in restoring soil health<\/p>\n<p><span style=\"text-decoration: underline;\">Mih\u00e1ly Lajos<\/span><br \/>\nTheoretical foundations of conservation tillage and practical experiences from the inter-island<\/p>\n<p><span style=\"text-decoration: underline;\">Fruzsina F\u00e9legyh\u00e1zi<\/span><br \/>\nWhy is biodiversity important in soil-wise farming?<\/p>\n<p><span style=\"text-decoration: underline;\">No\u00e9mi Pint\u00e9r<\/span><br \/>\nUnity and Oneness in human nutrition<\/p>\n<p><span style=\"text-decoration: underline;\">Dr Snezana Jaksic (RS)<\/span><br \/>\nPathways of soil carbon sequestration in soil \/ Pathways of soil carbon sequestration in soil<\/p>\n<p><span style=\"text-decoration: underline;\">Andr\u00e1s M\u00e1t\u00e9<\/span><br \/>\nRaising Parlag to enrich the ecosystem services of sand grasslands<\/p>\n<p><span style=\"text-decoration: underline;\">Dr. Katalin Kokavecz<\/span><br \/>\nOne-Health: the intertwined health of soil, people and wildlife in a holistic perspective<\/p>\n<h4>Friday - 17 January 2025.<\/h4>\n<h5>Main stage<\/h5>\n<p>Big ideas, leading experts - discover the deep connections between nature, farming and human health!<\/p>\n<p><span style=\"text-decoration: underline;\">Dr. M\u00e1rta Tkacsik<\/span><br \/>\nOpening<\/p>\n<p><span style=\"text-decoration: underline;\">Zolt\u00e1n Dezs\u00e9ny<\/span><br \/>\nSoil-building vegetable production with compost mulch technology without rotation - Experiences from the first 10 years of the MagosV\u00f6lgy<\/p>\n<p><span style=\"text-decoration: underline;\">Mykhaylo Draganchuk - No-Tiller (UA)<\/span><br \/>\nSoil moisture retention: regenerative solutions to climate challenges<\/p>\n<p><span style=\"text-decoration: underline;\">Karel Kaln\u00fd (CZ)<\/span><br \/>\nFrom regenerative pasture to the table \/ From regenerative pasture to the table<\/p>\n<p><span style=\"text-decoration: underline;\">Dr. Brigitta Szab\u00f3<\/span><br \/>\nCover crops and no-till: the water-saving farming of the future<\/p>\n<p><span style=\"text-decoration: underline;\">V\u00edg Vit\u00e1lia<\/span><br \/>\nMicrobial roots of soil organic matter content<\/p>\n<p><span style=\"text-decoration: underline;\">A Health Principle<\/span><br \/>\nRound Table<br \/>\nDan Kittredge, Vit\u00e1lia V\u00edg, \u00c1d\u00e1m B\u00f3day, Istv\u00e1n Par\u00e1di, L\u00e1szl\u00f3 Szab\u00f3<br \/>\nLed by Dr. M\u00e1rta Tkacsik<\/p>\n<h5>Small stage<\/h5>\n<p>Shorter, focused presentations that offer immediately applicable knowledge and fresh perspectives.<\/p>\n<p><span style=\"text-decoration: underline;\">Ionut Dorian Barbulescu (RO)<\/span><br \/>\nSUNFLOWER - breeding for the future - genetic resistance to herbicides, parasites, and diseases<\/p>\n<p><span style=\"text-decoration: underline;\">Fl\u00f3ri\u00e1n Farkas<\/span><br \/>\nPlant nutrition in soil regeneration agriculture (theory and practice)<\/p>\n<p><span style=\"text-decoration: underline;\">Dr. Erzs\u00e9bet N\u00e9medi<\/span><br \/>\nAgriculture, food, health dominoes<\/p>\n<p><span style=\"text-decoration: underline;\">Dr Stanko Mili\u0107 (RS)<\/span><br \/>\nSoil phosphorus and its fractions in carbonate chernozem of Vojvodina Province<\/p>\n<p><span style=\"text-decoration: underline;\">Dr Jordana Ninkov (RS)<\/span><br \/>\nCopper accumulation in soil resulting from the use of copper-based pesticides<\/p>\n<p><span style=\"text-decoration: underline;\">Barnab\u00e1s \u0150ry<\/span><br \/>\nBiointensive vegetable production<\/p>\n<p><span style=\"text-decoration: underline;\">L\u0151rinc S\u00e1ndor<\/span><br \/>\nFunction and uses of the Japanese noble fungus Koji<\/p>\n<p><span style=\"text-decoration: underline;\">Tam\u00e1s Bellai<\/span><br \/>\nTechnical solutions for controlled tillage farming (CTF)<\/p>\n<h4>Saturday - 18 January 2025.<\/h4>\n<h5>Main stage<\/h5>\n<p>Big ideas, leading experts - discover the deep connections between nature, farming and human health!<\/p>\n<p><span style=\"text-decoration: underline;\">Attila Szeredi<\/span><br \/>\nOpening<\/p>\n<p><span style=\"text-decoration: underline;\">Dr. Anik\u00f3 Juh\u00e1sz<\/span><br \/>\nDeputy State Secretary for Agriculture<\/p>\n<p><span style=\"text-decoration: underline;\">Dr. M\u00e1rta Tkacsik<\/span><br \/>\nThe tapestry of life. The immune system of the man-made world - present and future<\/p>\n<p><span style=\"text-decoration: underline;\">Lajos Kassai<\/span><\/p>\n<p><span style=\"text-decoration: underline;\">Prof. Marcel van der Heijden (CH)<\/span><br \/>\nThe soil microbiome and one health \/ The soil microbiome and one health<\/p>\n<p><span style=\"text-decoration: underline;\">Dan Kittredge (US)<\/span><br \/>\nNutrient density: Nutrient rich food from living soil<\/p>\n<p><span style=\"text-decoration: underline;\">Gabriella Orm\u00f3s<\/span><br \/>\nGluten in its web<\/p>\n<p><span style=\"text-decoration: underline;\">Dr. Endre Dobos<\/span><br \/>\nCalcification, the \"new\" degradation process of our soils<\/p>\n<p><span style=\"text-decoration: underline;\">Bogdan Garalejic (RS)<\/span><br \/>\n16 years of experimental results in 4 different tillage systems \/ 16 years of experimental results in 4 different tillage systems<\/p>\n<p><span style=\"text-decoration: underline;\">How we adapt to changing circumstances<\/span><br \/>\nRound Table<br \/>\nNo-Tiller, Ferenc Berend, Dr. Erzs\u00e9bet N\u00e9medi, Dr. M\u00e1rta Tkacsik<br \/>\nLed by Istv\u00e1n Szab\u00f3<\/p>\n<h5>Small stage<\/h5>\n<p>Shorter, focused presentations that offer immediately applicable knowledge and fresh perspectives.<\/p>\n<p><span style=\"text-decoration: underline;\">Gregor Kuffa (SK)<\/span><br \/>\nFrom zero to regenerative farming \/ From zero, to regenerative farming<\/p>\n<p><span style=\"text-decoration: underline;\">Dr. Istv\u00e1n Par\u00e1di<\/span><br \/>\nMycorrhiza in a nutshell<\/p>\n<p><span style=\"text-decoration: underline;\">Ionut Dorian Barbulescu (RO)<\/span><br \/>\nBEST CROP ROTATIONS with COVER CROPS in Romanian growing conditions<\/p>\n<p><span style=\"text-decoration: underline;\">\u00c1d\u00e1m B\u00f3day<\/span><br \/>\nThe natural gut flora also starts from the soil<\/p>\n<p><span style=\"text-decoration: underline;\">Patrick Valmary (RO)<\/span><\/p>\n<p><span style=\"text-decoration: underline;\">Csaba Szab\u00f3<\/span><br \/>\nHeat is the woman, juice is the bet and mulch is the key<\/p>\n<p><span style=\"text-decoration: underline;\">Dr. Ferenc T\u00f3th<\/span><br \/>\nMulching with live plants, plant residues, film or agro-weed in horticultural production - advantages, disadvantages, possibilities, limitations<\/p>","protected":false},"excerpt":{"rendered":"<p>A talaj, ami \u00f6sszek\u00f6t Lemaradt\u00e1l a TMG REAG 8. Talaj\u00e9let Konferencia \u00e9s Szakki\u00e1ll\u00edt\u00e1sr\u00f3l? Most bep\u00f3tolhatod! Szerezd meg a teljes h\u00e1romnapos el\u0151ad\u00e1sfelv\u00e9telt, \u00e9s ismerd meg a regenerat\u00edv gazd\u00e1lkod\u00e1s legfontosabb t\u00e9m\u00e1it gyakorl\u00f3 gazd\u00e1kt\u00f3l, innovat\u00edv kutat\u00f3kt\u00f3l, valamint a talajmeg\u00faj\u00edt\u00e1s szak\u00e9rt\u0151it\u0151l, hazai \u00e9s nemzetk\u00f6zi ter\u00fcletekr\u0151l. Ez az esem\u00e9ny nem csup\u00e1n egy konferencia; K\u00f6z\u00e9p-Eur\u00f3pa legnagyobb regenerat\u00edv mez\u0151gazdas\u00e1gi rendezv\u00e9nye, ahol gazd\u00e1lkod\u00f3k, [&hellip;]<\/p>","protected":false},"featured_media":9689,"template":"","meta":[],"product_brand":[],"product_cat":[70],"product_tag":[],"class_list":{"0":"post-9669","1":"product","2":"type-product","3":"status-publish","4":"has-post-thumbnail","6":"product_cat-videok","8":"first","9":"instock","10":"virtual","11":"taxable","12":"purchasable","13":"product-type-simple"},"bundled_by":[],"bundle_stock_status":"instock","bundle_stock_quantity":null,"bundle_virtual":false,"bundle_layout":"","bundle_add_to_cart_form_location":"","bundle_editable_in_cart":false,"bundle_sold_individually_context":"","bundle_item_grouping":"","bundle_min_size":"","bundle_max_size":"","bundle_price":[],"bundled_items":[],"bundle_sell_ids":[],"yoast_head":"<!-- This site is optimized with the Yoast SEO plugin v26.6 - https:\/\/yoast.com\/wordpress\/plugins\/seo\/ -->\n<title>REAG VIII. El\u0151ad\u00e1s felv\u00e9telek - Talajmeg\u00faj\u00edt\u00f3 Gazd\u00e1k Egyes\u00fclete<\/title>\n<meta name=\"robots\" content=\"index, follow, max-snippet:-1, max-image-preview:large, max-video-preview:-1\" \/>\n<link rel=\"canonical\" href=\"https:\/\/tmg.hu\/en\/rooms\/reag-viii-eloadas-felvetelek\/\" \/>\n<meta property=\"og:locale\" content=\"en_US\" \/>\n<meta property=\"og:type\" content=\"article\" \/>\n<meta property=\"og:title\" content=\"REAG VIII. El\u0151ad\u00e1s felv\u00e9telek - Talajmeg\u00faj\u00edt\u00f3 Gazd\u00e1k Egyes\u00fclete\" \/>\n<meta property=\"og:description\" content=\"A talaj, ami \u00f6sszek\u00f6t Lemaradt\u00e1l a TMG REAG 8. Talaj\u00e9let Konferencia \u00e9s Szakki\u00e1ll\u00edt\u00e1sr\u00f3l? Most bep\u00f3tolhatod! Szerezd meg a teljes h\u00e1romnapos el\u0151ad\u00e1sfelv\u00e9telt, \u00e9s ismerd meg a regenerat\u00edv gazd\u00e1lkod\u00e1s legfontosabb t\u00e9m\u00e1it gyakorl\u00f3 gazd\u00e1kt\u00f3l, innovat\u00edv kutat\u00f3kt\u00f3l, valamint a talajmeg\u00faj\u00edt\u00e1s szak\u00e9rt\u0151it\u0151l, hazai \u00e9s nemzetk\u00f6zi ter\u00fcletekr\u0151l. Ez az esem\u00e9ny nem csup\u00e1n egy konferencia; K\u00f6z\u00e9p-Eur\u00f3pa legnagyobb regenerat\u00edv mez\u0151gazdas\u00e1gi rendezv\u00e9nye, ahol gazd\u00e1lkod\u00f3k, [&hellip;]\" \/>\n<meta property=\"og:url\" content=\"https:\/\/tmg.hu\/en\/rooms\/reag-viii-eloadas-felvetelek\/\" \/>\n<meta property=\"og:site_name\" content=\"Talajmeg\u00faj\u00edt\u00f3 Gazd\u00e1k Egyes\u00fclete\" \/>\n<meta property=\"article:publisher\" content=\"https:\/\/www.facebook.com\/tmg.egyesulet\/\" \/>\n<meta property=\"article:modified_time\" content=\"2026-04-12T08:21:18+00:00\" \/>\n<meta property=\"og:image\" content=\"https:\/\/tmg.hu\/wp-content\/uploads\/2025\/02\/28A0472.JPG-masolata-scaled.jpg\" \/>\n\t<meta property=\"og:image:width\" content=\"2560\" \/>\n\t<meta property=\"og:image:height\" content=\"1707\" \/>\n\t<meta property=\"og:image:type\" content=\"image\/jpeg\" \/>\n<meta name=\"twitter:card\" content=\"summary_large_image\" \/>\n<meta name=\"twitter:label1\" content=\"Est. reading time\" \/>\n\t<meta name=\"twitter:data1\" content=\"5 minutes\" \/>\n<script type=\"application\/ld+json\" class=\"yoast-schema-graph\">{\"@context\":\"https:\/\/schema.org\",\"@graph\":[{\"@type\":\"WebPage\",\"@id\":\"https:\/\/tmg.hu\/termek\/reag-viii-eloadas-felvetelek\/\",\"url\":\"https:\/\/tmg.hu\/termek\/reag-viii-eloadas-felvetelek\/\",\"name\":\"REAG VIII. El\u0151ad\u00e1s felv\u00e9telek - Talajmeg\u00faj\u00edt\u00f3 Gazd\u00e1k Egyes\u00fclete\",\"isPartOf\":{\"@id\":\"https:\/\/tmg.hu\/#website\"},\"primaryImageOfPage\":{\"@id\":\"https:\/\/tmg.hu\/termek\/reag-viii-eloadas-felvetelek\/#primaryimage\"},\"image\":{\"@id\":\"https:\/\/tmg.hu\/termek\/reag-viii-eloadas-felvetelek\/#primaryimage\"},\"thumbnailUrl\":\"https:\/\/tmg.hu\/wp-content\/uploads\/2025\/02\/28A0472.JPG-masolata-scaled.jpg\",\"datePublished\":\"2025-02-20T01:20:44+00:00\",\"dateModified\":\"2026-04-12T08:21:18+00:00\",\"breadcrumb\":{\"@id\":\"https:\/\/tmg.hu\/termek\/reag-viii-eloadas-felvetelek\/#breadcrumb\"},\"inLanguage\":\"en-US\",\"potentialAction\":[{\"@type\":\"ReadAction\",\"target\":[\"https:\/\/tmg.hu\/termek\/reag-viii-eloadas-felvetelek\/\"]}]},{\"@type\":\"ImageObject\",\"inLanguage\":\"en-US\",\"@id\":\"https:\/\/tmg.hu\/termek\/reag-viii-eloadas-felvetelek\/#primaryimage\",\"url\":\"https:\/\/tmg.hu\/wp-content\/uploads\/2025\/02\/28A0472.JPG-masolata-scaled.jpg\",\"contentUrl\":\"https:\/\/tmg.hu\/wp-content\/uploads\/2025\/02\/28A0472.JPG-masolata-scaled.jpg\",\"width\":2560,\"height\":1707},{\"@type\":\"BreadcrumbList\",\"@id\":\"https:\/\/tmg.hu\/termek\/reag-viii-eloadas-felvetelek\/#breadcrumb\",\"itemListElement\":[{\"@type\":\"ListItem\",\"position\":1,\"name\":\"Home\",\"item\":\"https:\/\/tmg.hu\/\"},{\"@type\":\"ListItem\",\"position\":2,\"name\":\"Webshop\",\"item\":\"https:\/\/tmg.hu\/webshop\/\"},{\"@type\":\"ListItem\",\"position\":3,\"name\":\"REAG VIII. El\u0151ad\u00e1s felv\u00e9telek\"}]},{\"@type\":\"WebSite\",\"@id\":\"https:\/\/tmg.hu\/#website\",\"url\":\"https:\/\/tmg.hu\/\",\"name\":\"TMG - Talajmeg\u00faj\u00edt\u00f3 Gazd\u00e1k Egyes\u00fclete\",\"description\":\"Talajmeg\u00faj\u00edt\u00f3 Gazd\u00e1k Egyes\u00fclete\",\"publisher\":{\"@id\":\"https:\/\/tmg.hu\/#organization\"},\"potentialAction\":[{\"@type\":\"SearchAction\",\"target\":{\"@type\":\"EntryPoint\",\"urlTemplate\":\"https:\/\/tmg.hu\/?s={search_term_string}\"},\"query-input\":{\"@type\":\"PropertyValueSpecification\",\"valueRequired\":true,\"valueName\":\"search_term_string\"}}],\"inLanguage\":\"en-US\"},{\"@type\":\"Organization\",\"@id\":\"https:\/\/tmg.hu\/#organization\",\"name\":\"Talajmeg\u00faj\u00edt\u00f3 Gazd\u00e1k Egyes\u00fclete\",\"url\":\"https:\/\/tmg.hu\/\",\"logo\":{\"@type\":\"ImageObject\",\"inLanguage\":\"en-US\",\"@id\":\"https:\/\/tmg.hu\/#\/schema\/logo\/image\/\",\"url\":\"https:\/\/tmg.hu\/wp-content\/uploads\/2024\/10\/tmg_og_logo.png\",\"contentUrl\":\"https:\/\/tmg.hu\/wp-content\/uploads\/2024\/10\/tmg_og_logo.png\",\"width\":1200,\"height\":630,\"caption\":\"Talajmeg\u00faj\u00edt\u00f3 Gazd\u00e1k Egyes\u00fclete\"},\"image\":{\"@id\":\"https:\/\/tmg.hu\/#\/schema\/logo\/image\/\"},\"sameAs\":[\"https:\/\/www.facebook.com\/tmg.egyesulet\/\",\"https:\/\/www.instagram.com\/tmg.hu\/\",\"https:\/\/www.youtube.com\/@tmg_egyesulet\"]}]}<\/script>\n<!-- \/ Yoast SEO plugin. -->","yoast_head_json":{"title":"REAG VIII Presentation recordings - Soil Renewal Farmers' Association","robots":{"index":"index","follow":"follow","max-snippet":"max-snippet:-1","max-image-preview":"max-image-preview:large","max-video-preview":"max-video-preview:-1"},"canonical":"https:\/\/tmg.hu\/en\/rooms\/reag-viii-eloadas-felvetelek\/","og_locale":"en_US","og_type":"article","og_title":"REAG VIII. El\u0151ad\u00e1s felv\u00e9telek - Talajmeg\u00faj\u00edt\u00f3 Gazd\u00e1k Egyes\u00fclete","og_description":"A talaj, ami \u00f6sszek\u00f6t Lemaradt\u00e1l a TMG REAG 8. Talaj\u00e9let Konferencia \u00e9s Szakki\u00e1ll\u00edt\u00e1sr\u00f3l? Most bep\u00f3tolhatod! Szerezd meg a teljes h\u00e1romnapos el\u0151ad\u00e1sfelv\u00e9telt, \u00e9s ismerd meg a regenerat\u00edv gazd\u00e1lkod\u00e1s legfontosabb t\u00e9m\u00e1it gyakorl\u00f3 gazd\u00e1kt\u00f3l, innovat\u00edv kutat\u00f3kt\u00f3l, valamint a talajmeg\u00faj\u00edt\u00e1s szak\u00e9rt\u0151it\u0151l, hazai \u00e9s nemzetk\u00f6zi ter\u00fcletekr\u0151l. Ez az esem\u00e9ny nem csup\u00e1n egy konferencia; K\u00f6z\u00e9p-Eur\u00f3pa legnagyobb regenerat\u00edv mez\u0151gazdas\u00e1gi rendezv\u00e9nye, ahol gazd\u00e1lkod\u00f3k, [&hellip;]","og_url":"https:\/\/tmg.hu\/en\/rooms\/reag-viii-eloadas-felvetelek\/","og_site_name":"Talajmeg\u00faj\u00edt\u00f3 Gazd\u00e1k Egyes\u00fclete","article_publisher":"https:\/\/www.facebook.com\/tmg.egyesulet\/","article_modified_time":"2026-04-12T08:21:18+00:00","og_image":[{"width":2560,"height":1707,"url":"https:\/\/tmg.hu\/wp-content\/uploads\/2025\/02\/28A0472.JPG-masolata-scaled.jpg","type":"image\/jpeg"}],"twitter_card":"summary_large_image","twitter_misc":{"Est. reading time":"5 minutes"},"schema":{"@context":"https:\/\/schema.org","@graph":[{"@type":"WebPage","@id":"https:\/\/tmg.hu\/termek\/reag-viii-eloadas-felvetelek\/","url":"https:\/\/tmg.hu\/termek\/reag-viii-eloadas-felvetelek\/","name":"REAG VIII Presentation recordings - Soil Renewal Farmers' Association","isPartOf":{"@id":"https:\/\/tmg.hu\/#website"},"primaryImageOfPage":{"@id":"https:\/\/tmg.hu\/termek\/reag-viii-eloadas-felvetelek\/#primaryimage"},"image":{"@id":"https:\/\/tmg.hu\/termek\/reag-viii-eloadas-felvetelek\/#primaryimage"},"thumbnailUrl":"https:\/\/tmg.hu\/wp-content\/uploads\/2025\/02\/28A0472.JPG-masolata-scaled.jpg","datePublished":"2025-02-20T01:20:44+00:00","dateModified":"2026-04-12T08:21:18+00:00","breadcrumb":{"@id":"https:\/\/tmg.hu\/termek\/reag-viii-eloadas-felvetelek\/#breadcrumb"},"inLanguage":"en-US","potentialAction":[{"@type":"ReadAction","target":["https:\/\/tmg.hu\/termek\/reag-viii-eloadas-felvetelek\/"]}]},{"@type":"ImageObject","inLanguage":"en-US","@id":"https:\/\/tmg.hu\/termek\/reag-viii-eloadas-felvetelek\/#primaryimage","url":"https:\/\/tmg.hu\/wp-content\/uploads\/2025\/02\/28A0472.JPG-masolata-scaled.jpg","contentUrl":"https:\/\/tmg.hu\/wp-content\/uploads\/2025\/02\/28A0472.JPG-masolata-scaled.jpg","width":2560,"height":1707},{"@type":"BreadcrumbList","@id":"https:\/\/tmg.hu\/termek\/reag-viii-eloadas-felvetelek\/#breadcrumb","itemListElement":[{"@type":"ListItem","position":1,"name":"Home","item":"https:\/\/tmg.hu\/"},{"@type":"ListItem","position":2,"name":"Webshop","item":"https:\/\/tmg.hu\/webshop\/"},{"@type":"ListItem","position":3,"name":"REAG VIII. El\u0151ad\u00e1s felv\u00e9telek"}]},{"@type":"WebSite","@id":"https:\/\/tmg.hu\/#website","url":"https:\/\/tmg.hu\/","name":"TMG - Soil Renewal Farmers' Association","description":"Soil Restoration Farmers Association","publisher":{"@id":"https:\/\/tmg.hu\/#organization"},"potentialAction":[{"@type":"SearchAction","target":{"@type":"EntryPoint","urlTemplate":"https:\/\/tmg.hu\/?s={search_term_string}"},"query-input":{"@type":"PropertyValueSpecification","valueRequired":true,"valueName":"search_term_string"}}],"inLanguage":"en-US"},{"@type":"Organization","@id":"https:\/\/tmg.hu\/#organization","name":"Soil Restoration Farmers Association","url":"https:\/\/tmg.hu\/","logo":{"@type":"ImageObject","inLanguage":"en-US","@id":"https:\/\/tmg.hu\/#\/schema\/logo\/image\/","url":"https:\/\/tmg.hu\/wp-content\/uploads\/2024\/10\/tmg_og_logo.png","contentUrl":"https:\/\/tmg.hu\/wp-content\/uploads\/2024\/10\/tmg_og_logo.png","width":1200,"height":630,"caption":"Talajmeg\u00faj\u00edt\u00f3 Gazd\u00e1k Egyes\u00fclete"},"image":{"@id":"https:\/\/tmg.hu\/#\/schema\/logo\/image\/"},"sameAs":["https:\/\/www.facebook.com\/tmg.egyesulet\/","https:\/\/www.instagram.com\/tmg.hu\/","https:\/\/www.youtube.com\/@tmg_egyesulet"]}]}},"_links":{"self":[{"href":"https:\/\/tmg.hu\/en\/wp-json\/wp\/v2\/product\/9669","targetHints":{"allow":["GET"]}}],"collection":[{"href":"https:\/\/tmg.hu\/en\/wp-json\/wp\/v2\/product"}],"about":[{"href":"https:\/\/tmg.hu\/en\/wp-json\/wp\/v2\/types\/product"}],"wp:featuredmedia":[{"embeddable":true,"href":"https:\/\/tmg.hu\/en\/wp-json\/wp\/v2\/media\/9689"}],"wp:attachment":[{"href":"https:\/\/tmg.hu\/en\/wp-json\/wp\/v2\/media?parent=9669"}],"wp:term":[{"taxonomy":"product_brand","embeddable":true,"href":"https:\/\/tmg.hu\/en\/wp-json\/wp\/v2\/product_brand?post=9669"},{"taxonomy":"product_cat","embeddable":true,"href":"https:\/\/tmg.hu\/en\/wp-json\/wp\/v2\/product_cat?post=9669"},{"taxonomy":"product_tag","embeddable":true,"href":"https:\/\/tmg.hu\/en\/wp-json\/wp\/v2\/product_tag?post=9669"}],"curies":[{"name":"wp","href":"https:\/\/api.w.org\/{rel}","templated":true}]}}