{"id":9665,"date":"2025-02-20T02:21:05","date_gmt":"2025-02-20T01:21:05","guid":{"rendered":"https:\/\/tmg.hu\/?post_type=product&#038;p=9665"},"modified":"2026-04-06T10:57:27","modified_gmt":"2026-04-06T08:57:27","slug":"david-r-montgomery-soil-the-erosion-of-civilizations","status":"publish","type":"product","link":"https:\/\/tmg.hu\/en\/rooms\/david-r-montgomery-soil-the-erosion-of-civilizations\/","title":{"rendered":"David R. Montgomery - Soil - The Erosion of Civilisations"},"content":{"rendered":"<p>Soil - or topsoil - is everywhere you go. It is the root of our existence, the support for our feet, our farms and our cities.<\/p>\n<p>This overwhelmingly provocative book combines natural science and cultural history to show how erosion caused the collapse of civilisations of the past and how contemporary agricultural societies face a similar fate unless they shift to more sustainable practices.<\/p>\n<p>David R. Montgomery is Professor of Geomorphology at the University of Washington.<\/p>\n<p>It studies landscape evolution and the impact of geological processes on ecosystems and human societies. He is the author of award-winning popular science books, has appeared in documentaries and numerous TV and radio programmes. His books have been translated into eleven languages. He lives in Seattle with his wife and co-author Anne Bikle.<\/p>\n<p><em>\"A fascinating study of soil: why we need it, how we have used it and misused it, how to protect it, and what happens when we let it get out of hand.\"<\/em><br \/>\n<strong>New Scientist<\/strong><\/p>\n<p><em>\"A story that cannot be ignored......<\/em><br \/>\n<em>Well told and illustrated.\"<\/em><br \/>\n<strong>Financial Times<\/strong><\/p>\n<p><em>\"The book provides a wonderful insight into what should be our most precious natural resource and important guidance for sustainable land use.\"<\/em><br \/>\n<strong>Bisscience<\/strong><\/p>","protected":false},"excerpt":{"rendered":"<p>Soil - or topsoil - is everywhere you go. It is the root of our existence, the support for our feet, our farms and our cities. This devastatingly provocative book combines natural science and cultural history to show how erosion caused the collapse of civilisations of the past and how contemporary agricultural societies face similar [...]<\/p>","protected":false},"featured_media":9684,"template":"","meta":[],"product_brand":[],"product_cat":[69],"product_tag":[],"class_list":{"0":"post-9665","1":"product","2":"type-product","3":"status-publish","4":"has-post-thumbnail","6":"product_cat-konyvek","8":"first","9":"instock","10":"taxable","11":"shipping-taxable","12":"purchasable","13":"product-type-simple"},"bundled_by":["9758"],"bundle_stock_status":"instock","bundle_stock_quantity":16,"bundle_virtual":false,"bundle_layout":"","bundle_add_to_cart_form_location":"","bundle_editable_in_cart":false,"bundle_sold_individually_context":"","bundle_item_grouping":"","bundle_min_size":"","bundle_max_size":"","bundle_price":[],"bundled_items":[],"bundle_sell_ids":[],"yoast_head":"<!-- This site is optimized with the Yoast SEO plugin v26.6 - https:\/\/yoast.com\/wordpress\/plugins\/seo\/ -->\n<title>David R. Montgomery - Talaj - A Civiliz\u00e1ci\u00f3k Er\u00f3zi\u00f3ja - Talajmeg\u00faj\u00edt\u00f3 Gazd\u00e1k Egyes\u00fclete<\/title>\n<meta name=\"robots\" content=\"index, follow, max-snippet:-1, max-image-preview:large, max-video-preview:-1\" \/>\n<link rel=\"canonical\" href=\"https:\/\/tmg.hu\/en\/rooms\/david-r-montgomery-soil-the-erosion-of-civilizations\/\" \/>\n<meta property=\"og:locale\" content=\"en_US\" \/>\n<meta property=\"og:type\" content=\"article\" \/>\n<meta property=\"og:title\" content=\"David R. Montgomery - Talaj - A Civiliz\u00e1ci\u00f3k Er\u00f3zi\u00f3ja - Talajmeg\u00faj\u00edt\u00f3 Gazd\u00e1k Egyes\u00fclete\" \/>\n<meta property=\"og:description\" content=\"A talaj &#8211; vagy term\u0151talaj &#8211; b\u00e1rmerre megy\u00fcnk, mindenhol jelen van. A l\u00e9tez\u00e9s\u00fcnk gy\u00f6kere, t\u00e1maszt ny\u00fajt a l\u00e1bunknak, a gazdas\u00e1gainknak \u00e9s a v\u00e1rosainknak. Ez az els\u00f6pr\u0151 erej\u0171 provokat\u00edv k\u00f6nyv \u00f6tv\u00f6zi a term\u00e9szettudom\u00e1nyt \u00e9s a kult\u00fart\u00f6rt\u00e9netet, hogy bemutassa mik\u00e9nt okozta az er\u00f3zi\u00f3 a m\u00falt civiliz\u00e1ci\u00f3inak az \u00f6sszeoml\u00e1s\u00e1t \u00e9s mik\u00e9nt n\u00e9znek szembe a jelenkori mez\u0151gazdas\u00e1gi t\u00e1rsadalmak hasonl\u00f3 [&hellip;]\" \/>\n<meta property=\"og:url\" content=\"https:\/\/tmg.hu\/en\/rooms\/david-r-montgomery-soil-the-erosion-of-civilizations\/\" \/>\n<meta property=\"og:site_name\" content=\"Talajmeg\u00faj\u00edt\u00f3 Gazd\u00e1k Egyes\u00fclete\" \/>\n<meta property=\"article:publisher\" content=\"https:\/\/www.facebook.com\/tmg.egyesulet\/\" \/>\n<meta property=\"article:modified_time\" content=\"2026-04-06T08:57:27+00:00\" \/>\n<meta property=\"og:image\" content=\"https:\/\/tmg.hu\/wp-content\/uploads\/2025\/02\/Talaj.png\" \/>\n\t<meta property=\"og:image:width\" content=\"637\" \/>\n\t<meta property=\"og:image:height\" content=\"908\" \/>\n\t<meta property=\"og:image:type\" content=\"image\/png\" \/>\n<meta name=\"twitter:card\" content=\"summary_large_image\" \/>\n<meta name=\"twitter:label1\" content=\"Est. reading time\" \/>\n\t<meta name=\"twitter:data1\" content=\"2 minutes\" \/>\n<script type=\"application\/ld+json\" class=\"yoast-schema-graph\">{\"@context\":\"https:\/\/schema.org\",\"@graph\":[{\"@type\":\"WebPage\",\"@id\":\"https:\/\/tmg.hu\/uk\/%d0%ba%d1%96%d0%bc%d0%bd%d0%b0%d1%82%d0%b8\/%d0%b4%d0%b5%d0%b2%d1%96%d0%b4-%d1%80-%d0%bc%d0%be%d0%bd%d1%82%d0%b3%d0%be%d0%bc%d0%b5%d1%80%d1%96-%d0%bf%d1%80%d0%be-%d0%b5%d1%80%d0%be%d0%b7%d1%96%d1%8e-%d1%86%d0%b8%d0%b2%d1%96%d0%bb%d1%96%d0%b7-2\/\",\"url\":\"https:\/\/tmg.hu\/uk\/%d0%ba%d1%96%d0%bc%d0%bd%d0%b0%d1%82%d0%b8\/%d0%b4%d0%b5%d0%b2%d1%96%d0%b4-%d1%80-%d0%bc%d0%be%d0%bd%d1%82%d0%b3%d0%be%d0%bc%d0%b5%d1%80%d1%96-%d0%bf%d1%80%d0%be-%d0%b5%d1%80%d0%be%d0%b7%d1%96%d1%8e-%d1%86%d0%b8%d0%b2%d1%96%d0%bb%d1%96%d0%b7-2\/\",\"name\":\"David R. Montgomery - Talaj - A Civiliz\u00e1ci\u00f3k Er\u00f3zi\u00f3ja - Talajmeg\u00faj\u00edt\u00f3 Gazd\u00e1k Egyes\u00fclete\",\"isPartOf\":{\"@id\":\"https:\/\/tmg.hu\/#website\"},\"primaryImageOfPage\":{\"@id\":\"https:\/\/tmg.hu\/uk\/%d0%ba%d1%96%d0%bc%d0%bd%d0%b0%d1%82%d0%b8\/%d0%b4%d0%b5%d0%b2%d1%96%d0%b4-%d1%80-%d0%bc%d0%be%d0%bd%d1%82%d0%b3%d0%be%d0%bc%d0%b5%d1%80%d1%96-%d0%bf%d1%80%d0%be-%d0%b5%d1%80%d0%be%d0%b7%d1%96%d1%8e-%d1%86%d0%b8%d0%b2%d1%96%d0%bb%d1%96%d0%b7-2\/#primaryimage\"},\"image\":{\"@id\":\"https:\/\/tmg.hu\/uk\/%d0%ba%d1%96%d0%bc%d0%bd%d0%b0%d1%82%d0%b8\/%d0%b4%d0%b5%d0%b2%d1%96%d0%b4-%d1%80-%d0%bc%d0%be%d0%bd%d1%82%d0%b3%d0%be%d0%bc%d0%b5%d1%80%d1%96-%d0%bf%d1%80%d0%be-%d0%b5%d1%80%d0%be%d0%b7%d1%96%d1%8e-%d1%86%d0%b8%d0%b2%d1%96%d0%bb%d1%96%d0%b7-2\/#primaryimage\"},\"thumbnailUrl\":\"https:\/\/tmg.hu\/wp-content\/uploads\/2025\/02\/Talaj.png\",\"datePublished\":\"2025-02-20T01:21:05+00:00\",\"dateModified\":\"2026-04-06T08:57:27+00:00\",\"breadcrumb\":{\"@id\":\"https:\/\/tmg.hu\/uk\/%d0%ba%d1%96%d0%bc%d0%bd%d0%b0%d1%82%d0%b8\/%d0%b4%d0%b5%d0%b2%d1%96%d0%b4-%d1%80-%d0%bc%d0%be%d0%bd%d1%82%d0%b3%d0%be%d0%bc%d0%b5%d1%80%d1%96-%d0%bf%d1%80%d0%be-%d0%b5%d1%80%d0%be%d0%b7%d1%96%d1%8e-%d1%86%d0%b8%d0%b2%d1%96%d0%bb%d1%96%d0%b7-2\/#breadcrumb\"},\"inLanguage\":\"en-US\",\"potentialAction\":[{\"@type\":\"ReadAction\",\"target\":[\"https:\/\/tmg.hu\/uk\/%d0%ba%d1%96%d0%bc%d0%bd%d0%b0%d1%82%d0%b8\/%d0%b4%d0%b5%d0%b2%d1%96%d0%b4-%d1%80-%d0%bc%d0%be%d0%bd%d1%82%d0%b3%d0%be%d0%bc%d0%b5%d1%80%d1%96-%d0%bf%d1%80%d0%be-%d0%b5%d1%80%d0%be%d0%b7%d1%96%d1%8e-%d1%86%d0%b8%d0%b2%d1%96%d0%bb%d1%96%d0%b7-2\/\"]}]},{\"@type\":\"ImageObject\",\"inLanguage\":\"en-US\",\"@id\":\"https:\/\/tmg.hu\/uk\/%d0%ba%d1%96%d0%bc%d0%bd%d0%b0%d1%82%d0%b8\/%d0%b4%d0%b5%d0%b2%d1%96%d0%b4-%d1%80-%d0%bc%d0%be%d0%bd%d1%82%d0%b3%d0%be%d0%bc%d0%b5%d1%80%d1%96-%d0%bf%d1%80%d0%be-%d0%b5%d1%80%d0%be%d0%b7%d1%96%d1%8e-%d1%86%d0%b8%d0%b2%d1%96%d0%bb%d1%96%d0%b7-2\/#primaryimage\",\"url\":\"https:\/\/tmg.hu\/wp-content\/uploads\/2025\/02\/Talaj.png\",\"contentUrl\":\"https:\/\/tmg.hu\/wp-content\/uploads\/2025\/02\/Talaj.png\",\"width\":637,\"height\":908},{\"@type\":\"BreadcrumbList\",\"@id\":\"https:\/\/tmg.hu\/uk\/%d0%ba%d1%96%d0%bc%d0%bd%d0%b0%d1%82%d0%b8\/%d0%b4%d0%b5%d0%b2%d1%96%d0%b4-%d1%80-%d0%bc%d0%be%d0%bd%d1%82%d0%b3%d0%be%d0%bc%d0%b5%d1%80%d1%96-%d0%bf%d1%80%d0%be-%d0%b5%d1%80%d0%be%d0%b7%d1%96%d1%8e-%d1%86%d0%b8%d0%b2%d1%96%d0%bb%d1%96%d0%b7-2\/#breadcrumb\",\"itemListElement\":[{\"@type\":\"ListItem\",\"position\":1,\"name\":\"Home\",\"item\":\"https:\/\/tmg.hu\/\"},{\"@type\":\"ListItem\",\"position\":2,\"name\":\"Webshop\",\"item\":\"https:\/\/tmg.hu\/webshop\/\"},{\"@type\":\"ListItem\",\"position\":3,\"name\":\"David R. Montgomery &#8211; Talaj &#8211; A Civiliz\u00e1ci\u00f3k Er\u00f3zi\u00f3ja\"}]},{\"@type\":\"WebSite\",\"@id\":\"https:\/\/tmg.hu\/#website\",\"url\":\"https:\/\/tmg.hu\/\",\"name\":\"TMG - Talajmeg\u00faj\u00edt\u00f3 Gazd\u00e1k Egyes\u00fclete\",\"description\":\"Talajmeg\u00faj\u00edt\u00f3 Gazd\u00e1k Egyes\u00fclete\",\"publisher\":{\"@id\":\"https:\/\/tmg.hu\/#organization\"},\"potentialAction\":[{\"@type\":\"SearchAction\",\"target\":{\"@type\":\"EntryPoint\",\"urlTemplate\":\"https:\/\/tmg.hu\/?s={search_term_string}\"},\"query-input\":{\"@type\":\"PropertyValueSpecification\",\"valueRequired\":true,\"valueName\":\"search_term_string\"}}],\"inLanguage\":\"en-US\"},{\"@type\":\"Organization\",\"@id\":\"https:\/\/tmg.hu\/#organization\",\"name\":\"Talajmeg\u00faj\u00edt\u00f3 Gazd\u00e1k Egyes\u00fclete\",\"url\":\"https:\/\/tmg.hu\/\",\"logo\":{\"@type\":\"ImageObject\",\"inLanguage\":\"en-US\",\"@id\":\"https:\/\/tmg.hu\/#\/schema\/logo\/image\/\",\"url\":\"https:\/\/tmg.hu\/wp-content\/uploads\/2024\/10\/tmg_og_logo.png\",\"contentUrl\":\"https:\/\/tmg.hu\/wp-content\/uploads\/2024\/10\/tmg_og_logo.png\",\"width\":1200,\"height\":630,\"caption\":\"Talajmeg\u00faj\u00edt\u00f3 Gazd\u00e1k Egyes\u00fclete\"},\"image\":{\"@id\":\"https:\/\/tmg.hu\/#\/schema\/logo\/image\/\"},\"sameAs\":[\"https:\/\/www.facebook.com\/tmg.egyesulet\/\",\"https:\/\/www.instagram.com\/tmg.hu\/\",\"https:\/\/www.youtube.com\/@tmg_egyesulet\"]}]}<\/script>\n<!-- \/ Yoast SEO plugin. -->","yoast_head_json":{"title":"David R. Montgomery - Soil - The Erosion of Civilisations - Soil Restoration Farmers Association","robots":{"index":"index","follow":"follow","max-snippet":"max-snippet:-1","max-image-preview":"max-image-preview:large","max-video-preview":"max-video-preview:-1"},"canonical":"https:\/\/tmg.hu\/en\/rooms\/david-r-montgomery-soil-the-erosion-of-civilizations\/","og_locale":"en_US","og_type":"article","og_title":"David R. Montgomery - Talaj - A Civiliz\u00e1ci\u00f3k Er\u00f3zi\u00f3ja - Talajmeg\u00faj\u00edt\u00f3 Gazd\u00e1k Egyes\u00fclete","og_description":"A talaj &#8211; vagy term\u0151talaj &#8211; b\u00e1rmerre megy\u00fcnk, mindenhol jelen van. A l\u00e9tez\u00e9s\u00fcnk gy\u00f6kere, t\u00e1maszt ny\u00fajt a l\u00e1bunknak, a gazdas\u00e1gainknak \u00e9s a v\u00e1rosainknak. Ez az els\u00f6pr\u0151 erej\u0171 provokat\u00edv k\u00f6nyv \u00f6tv\u00f6zi a term\u00e9szettudom\u00e1nyt \u00e9s a kult\u00fart\u00f6rt\u00e9netet, hogy bemutassa mik\u00e9nt okozta az er\u00f3zi\u00f3 a m\u00falt civiliz\u00e1ci\u00f3inak az \u00f6sszeoml\u00e1s\u00e1t \u00e9s mik\u00e9nt n\u00e9znek szembe a jelenkori mez\u0151gazdas\u00e1gi t\u00e1rsadalmak hasonl\u00f3 [&hellip;]","og_url":"https:\/\/tmg.hu\/en\/rooms\/david-r-montgomery-soil-the-erosion-of-civilizations\/","og_site_name":"Talajmeg\u00faj\u00edt\u00f3 Gazd\u00e1k Egyes\u00fclete","article_publisher":"https:\/\/www.facebook.com\/tmg.egyesulet\/","article_modified_time":"2026-04-06T08:57:27+00:00","og_image":[{"width":637,"height":908,"url":"https:\/\/tmg.hu\/wp-content\/uploads\/2025\/02\/Talaj.png","type":"image\/png"}],"twitter_card":"summary_large_image","twitter_misc":{"Est. reading time":"2 minutes"},"schema":{"@context":"https:\/\/schema.org","@graph":[{"@type":"WebPage","@id":"https:\/\/tmg.hu\/uk\/%d0%ba%d1%96%d0%bc%d0%bd%d0%b0%d1%82%d0%b8\/%d0%b4%d0%b5%d0%b2%d1%96%d0%b4-%d1%80-%d0%bc%d0%be%d0%bd%d1%82%d0%b3%d0%be%d0%bc%d0%b5%d1%80%d1%96-%d0%bf%d1%80%d0%be-%d0%b5%d1%80%d0%be%d0%b7%d1%96%d1%8e-%d1%86%d0%b8%d0%b2%d1%96%d0%bb%d1%96%d0%b7-2\/","url":"https:\/\/tmg.hu\/uk\/%d0%ba%d1%96%d0%bc%d0%bd%d0%b0%d1%82%d0%b8\/%d0%b4%d0%b5%d0%b2%d1%96%d0%b4-%d1%80-%d0%bc%d0%be%d0%bd%d1%82%d0%b3%d0%be%d0%bc%d0%b5%d1%80%d1%96-%d0%bf%d1%80%d0%be-%d0%b5%d1%80%d0%be%d0%b7%d1%96%d1%8e-%d1%86%d0%b8%d0%b2%d1%96%d0%bb%d1%96%d0%b7-2\/","name":"David R. Montgomery - Soil - The Erosion of Civilisations - Soil Restoration Farmers Association","isPartOf":{"@id":"https:\/\/tmg.hu\/#website"},"primaryImageOfPage":{"@id":"https:\/\/tmg.hu\/uk\/%d0%ba%d1%96%d0%bc%d0%bd%d0%b0%d1%82%d0%b8\/%d0%b4%d0%b5%d0%b2%d1%96%d0%b4-%d1%80-%d0%bc%d0%be%d0%bd%d1%82%d0%b3%d0%be%d0%bc%d0%b5%d1%80%d1%96-%d0%bf%d1%80%d0%be-%d0%b5%d1%80%d0%be%d0%b7%d1%96%d1%8e-%d1%86%d0%b8%d0%b2%d1%96%d0%bb%d1%96%d0%b7-2\/#primaryimage"},"image":{"@id":"https:\/\/tmg.hu\/uk\/%d0%ba%d1%96%d0%bc%d0%bd%d0%b0%d1%82%d0%b8\/%d0%b4%d0%b5%d0%b2%d1%96%d0%b4-%d1%80-%d0%bc%d0%be%d0%bd%d1%82%d0%b3%d0%be%d0%bc%d0%b5%d1%80%d1%96-%d0%bf%d1%80%d0%be-%d0%b5%d1%80%d0%be%d0%b7%d1%96%d1%8e-%d1%86%d0%b8%d0%b2%d1%96%d0%bb%d1%96%d0%b7-2\/#primaryimage"},"thumbnailUrl":"https:\/\/tmg.hu\/wp-content\/uploads\/2025\/02\/Talaj.png","datePublished":"2025-02-20T01:21:05+00:00","dateModified":"2026-04-06T08:57:27+00:00","breadcrumb":{"@id":"https:\/\/tmg.hu\/uk\/%d0%ba%d1%96%d0%bc%d0%bd%d0%b0%d1%82%d0%b8\/%d0%b4%d0%b5%d0%b2%d1%96%d0%b4-%d1%80-%d0%bc%d0%be%d0%bd%d1%82%d0%b3%d0%be%d0%bc%d0%b5%d1%80%d1%96-%d0%bf%d1%80%d0%be-%d0%b5%d1%80%d0%be%d0%b7%d1%96%d1%8e-%d1%86%d0%b8%d0%b2%d1%96%d0%bb%d1%96%d0%b7-2\/#breadcrumb"},"inLanguage":"en-US","potentialAction":[{"@type":"ReadAction","target":["https:\/\/tmg.hu\/uk\/%d0%ba%d1%96%d0%bc%d0%bd%d0%b0%d1%82%d0%b8\/%d0%b4%d0%b5%d0%b2%d1%96%d0%b4-%d1%80-%d0%bc%d0%be%d0%bd%d1%82%d0%b3%d0%be%d0%bc%d0%b5%d1%80%d1%96-%d0%bf%d1%80%d0%be-%d0%b5%d1%80%d0%be%d0%b7%d1%96%d1%8e-%d1%86%d0%b8%d0%b2%d1%96%d0%bb%d1%96%d0%b7-2\/"]}]},{"@type":"ImageObject","inLanguage":"en-US","@id":"https:\/\/tmg.hu\/uk\/%d0%ba%d1%96%d0%bc%d0%bd%d0%b0%d1%82%d0%b8\/%d0%b4%d0%b5%d0%b2%d1%96%d0%b4-%d1%80-%d0%bc%d0%be%d0%bd%d1%82%d0%b3%d0%be%d0%bc%d0%b5%d1%80%d1%96-%d0%bf%d1%80%d0%be-%d0%b5%d1%80%d0%be%d0%b7%d1%96%d1%8e-%d1%86%d0%b8%d0%b2%d1%96%d0%bb%d1%96%d0%b7-2\/#primaryimage","url":"https:\/\/tmg.hu\/wp-content\/uploads\/2025\/02\/Talaj.png","contentUrl":"https:\/\/tmg.hu\/wp-content\/uploads\/2025\/02\/Talaj.png","width":637,"height":908},{"@type":"BreadcrumbList","@id":"https:\/\/tmg.hu\/uk\/%d0%ba%d1%96%d0%bc%d0%bd%d0%b0%d1%82%d0%b8\/%d0%b4%d0%b5%d0%b2%d1%96%d0%b4-%d1%80-%d0%bc%d0%be%d0%bd%d1%82%d0%b3%d0%be%d0%bc%d0%b5%d1%80%d1%96-%d0%bf%d1%80%d0%be-%d0%b5%d1%80%d0%be%d0%b7%d1%96%d1%8e-%d1%86%d0%b8%d0%b2%d1%96%d0%bb%d1%96%d0%b7-2\/#breadcrumb","itemListElement":[{"@type":"ListItem","position":1,"name":"Home","item":"https:\/\/tmg.hu\/"},{"@type":"ListItem","position":2,"name":"Webshop","item":"https:\/\/tmg.hu\/webshop\/"},{"@type":"ListItem","position":3,"name":"David R. Montgomery &#8211; Talaj &#8211; A Civiliz\u00e1ci\u00f3k Er\u00f3zi\u00f3ja"}]},{"@type":"WebSite","@id":"https:\/\/tmg.hu\/#website","url":"https:\/\/tmg.hu\/","name":"TMG - Soil Renewal Farmers' Association","description":"Soil Restoration Farmers Association","publisher":{"@id":"https:\/\/tmg.hu\/#organization"},"potentialAction":[{"@type":"SearchAction","target":{"@type":"EntryPoint","urlTemplate":"https:\/\/tmg.hu\/?s={search_term_string}"},"query-input":{"@type":"PropertyValueSpecification","valueRequired":true,"valueName":"search_term_string"}}],"inLanguage":"en-US"},{"@type":"Organization","@id":"https:\/\/tmg.hu\/#organization","name":"Soil Restoration Farmers Association","url":"https:\/\/tmg.hu\/","logo":{"@type":"ImageObject","inLanguage":"en-US","@id":"https:\/\/tmg.hu\/#\/schema\/logo\/image\/","url":"https:\/\/tmg.hu\/wp-content\/uploads\/2024\/10\/tmg_og_logo.png","contentUrl":"https:\/\/tmg.hu\/wp-content\/uploads\/2024\/10\/tmg_og_logo.png","width":1200,"height":630,"caption":"Talajmeg\u00faj\u00edt\u00f3 Gazd\u00e1k Egyes\u00fclete"},"image":{"@id":"https:\/\/tmg.hu\/#\/schema\/logo\/image\/"},"sameAs":["https:\/\/www.facebook.com\/tmg.egyesulet\/","https:\/\/www.instagram.com\/tmg.hu\/","https:\/\/www.youtube.com\/@tmg_egyesulet"]}]}},"_links":{"self":[{"href":"https:\/\/tmg.hu\/en\/wp-json\/wp\/v2\/product\/9665","targetHints":{"allow":["GET"]}}],"collection":[{"href":"https:\/\/tmg.hu\/en\/wp-json\/wp\/v2\/product"}],"about":[{"href":"https:\/\/tmg.hu\/en\/wp-json\/wp\/v2\/types\/product"}],"wp:featuredmedia":[{"embeddable":true,"href":"https:\/\/tmg.hu\/en\/wp-json\/wp\/v2\/media\/9684"}],"wp:attachment":[{"href":"https:\/\/tmg.hu\/en\/wp-json\/wp\/v2\/media?parent=9665"}],"wp:term":[{"taxonomy":"product_brand","embeddable":true,"href":"https:\/\/tmg.hu\/en\/wp-json\/wp\/v2\/product_brand?post=9665"},{"taxonomy":"product_cat","embeddable":true,"href":"https:\/\/tmg.hu\/en\/wp-json\/wp\/v2\/product_cat?post=9665"},{"taxonomy":"product_tag","embeddable":true,"href":"https:\/\/tmg.hu\/en\/wp-json\/wp\/v2\/product_tag?post=9665"}],"curies":[{"name":"wp","href":"https:\/\/api.w.org\/{rel}","templated":true}]}}