{"id":8754,"date":"2024-10-22T00:44:05","date_gmt":"2024-10-21T22:44:05","guid":{"rendered":"https:\/\/tmg.hu\/?post_type=product&#038;p=8754"},"modified":"2025-03-28T13:07:04","modified_gmt":"2025-03-28T12:07:04","slug":"gazdaforum-acid-muveles-kozel-70-es-kotottsegu-soils-videos-oktatasi-occasion","status":"publish","type":"product","link":"https:\/\/tmg.hu\/en\/rooms\/gazdaforum-acid-muveles-kozel-70-es-kotottsegu-soils-videos-oktatasi-occasion\/","title":{"rendered":"Farmers' Forum - Strip-tillage on soils with close to 70 binding soils Video training session"},"content":{"rendered":"<p style=\"text-align: center;\">Recording time: <strong>2023.04.22.<\/strong><br \/>\nRecording length: <strong>65 min<\/strong><br \/>\nLocation: <strong>Gyomaendr\u0151d area<\/strong><\/p>\n<hr \/>\n<p>&nbsp;<\/p>\n<h2>How can you grow safely on extremely compacted soils without damaging the soil?<\/h2>\n<p>This is the question of Ede Kis's Education Day, and he will share his experiences so far. He himself is the <strong>on the way to no-till, the road is in the strip cultivation<\/strong>which, on average, provides a solution for perc soils with a hardness of 68, which ensures a relatively even yield with the least possible disturbance.<\/p>\n<h2>Strip-till technology on minute soil<\/h2>\n<p>It can be like plasticine. And sometimes it can be like concrete. Or the opposite, like butter spread on bread. When they start to dry out, they fall apart into tiny cubes. If it's wet, it's impossible to cultivate, if it's dry, that's why.<\/p>\n<p>The optimal cultivation time is very limited, and we have used this window of opportunity for the training day, which is now <strong>we arranged in an unusual way<\/strong>. We recorded the operations on video, added explanations, and now we're editing them for those who are interested.<\/p>\n<h2>From the estate of Little Ede<\/h2>\n<p>The strip-till areas are on average 68 Gold-bound former rice fields. After the harvest, Ede sprouted the stubble, then weeded some, and did nothing on others, only strip-tilling them in September. In the spring there was only one total weeding on 24 March, no other operations.<\/p>\n<p>Ede sunflower before sowing <strong>see how the Avers Agro spoke tine works in the field<\/strong>.<\/p>\n<p>A few hundred metres from each other there are 2 paved signs. One is a plain wheat field, the other has rye and bramble cover crops between the strips.<br \/>\n<strong>You will be able to watch the sowing on both.<\/strong><\/p>\n<p><strong>There is also the possibility to see winter barley sown directly into wheat. You can also see a standing demonstration of the RAD drill.<\/strong><\/p>\n<h2>Meet our host<\/h2>\n<p>Ede Kis is engaged in arable farming on 259 hectares in Gyomaendr\u0151d, B\u00e9k\u00e9s County. He grows autumn cereals, sunflower, beech and oil radish. Approximately 80% of its area is deep soil with 60-70 kA of soil cover.<\/p>\n<p><strong>In 2007, it started to switch to shallow tillage based on loosening and shallow cultivation.<br \/>\nSince 2016, it has been experimenting with direct seeding and cover crops and will be using strip-till technology on a commercial scale from autumn 2022.<\/strong><\/p>\n<p><em>He has been a member of the TMG Association since its foundation.<\/em><\/p>\n<table style=\"border-collapse: collapse; width: 100%;\" border=\"1\">\n<tbody>\n<tr>\n<td style=\"width: 100%;\">\n<p style=\"text-align: center;\">Buy the video material via our webshop.<br \/>\nWithin a few days after payment, we will email you the password to access the site.<\/p>\n<p style=\"text-align: center;\">\n<\/td>\n<\/tr>\n<\/tbody>\n<\/table>\n<p>&nbsp;<\/p>\n<p style=\"text-align: center;\"><iframe title=\"YouTube video player\" src=\"\/\/www.youtube.com\/embed\/7ntVBo8DTmw?si=kIWmQ1xsgI2glTsR\" width=\"640\" height=\"360\" frameborder=\"0\" allowfullscreen=\"allowfullscreen\" data-mce-fragment=\"1\"><\/iframe><\/p>","protected":false},"excerpt":{"rendered":"<h3>How can you grow safely on extremely compacted soils without damaging the soil?<\/h3>\n<p>This is the question of Ede Kis's Education Day, and he will share his experiences so far. He himself is on the road to no-till, with strip-tillage, which on average on perc soils with a hardness of 68, offers a solution that ensures a relatively even yield with as little disturbance as possible.<\/p>","protected":false},"featured_media":8766,"template":"","meta":[],"product_brand":[],"product_cat":[70],"product_tag":[],"class_list":{"0":"post-8754","1":"product","2":"type-product","3":"status-publish","4":"has-post-thumbnail","6":"product_cat-videok","8":"first","9":"instock","10":"virtual","11":"taxable","12":"purchasable","13":"product-type-simple"},"bundled_by":[],"bundle_stock_status":"instock","bundle_stock_quantity":null,"bundle_virtual":false,"bundle_layout":"","bundle_add_to_cart_form_location":"","bundle_editable_in_cart":false,"bundle_sold_individually_context":"","bundle_item_grouping":"","bundle_min_size":"","bundle_max_size":"","bundle_price":[],"bundled_items":[],"bundle_sell_ids":[],"yoast_head":"<!-- This site is optimized with the Yoast SEO plugin v26.6 - https:\/\/yoast.com\/wordpress\/plugins\/seo\/ -->\n<title>Gazdaf\u00f3rum - S\u00e1vos m\u0171vel\u00e9s k\u00f6zel 70-es k\u00f6t\u00f6tts\u00e9g\u0171 talajokon Vide\u00f3s oktat\u00e1si alkalom - Talajmeg\u00faj\u00edt\u00f3 Gazd\u00e1k Egyes\u00fclete<\/title>\n<meta name=\"robots\" content=\"index, follow, max-snippet:-1, max-image-preview:large, max-video-preview:-1\" \/>\n<link rel=\"canonical\" href=\"https:\/\/tmg.hu\/en\/rooms\/gazdaforum-acid-muveles-kozel-70-es-kotottsegu-soils-videos-oktatasi-occasion\/\" \/>\n<meta property=\"og:locale\" content=\"en_US\" \/>\n<meta property=\"og:type\" content=\"article\" \/>\n<meta property=\"og:title\" content=\"Gazdaf\u00f3rum - S\u00e1vos m\u0171vel\u00e9s k\u00f6zel 70-es k\u00f6t\u00f6tts\u00e9g\u0171 talajokon Vide\u00f3s oktat\u00e1si alkalom - Talajmeg\u00faj\u00edt\u00f3 Gazd\u00e1k Egyes\u00fclete\" \/>\n<meta property=\"og:description\" content=\"Hogyan lehet talajk\u00edm\u00e9l\u0151 m\u00f3don, de biztons\u00e1ggal termelni extr\u00e9m k\u00f6t\u00f6tt talajokon? Ez Kis Ede oktat\u00e1si napj\u00e1nak k\u00e9rd\u00e9se, ezzel kapcsolatos eddigi tapasztalatait osztja majd meg. \u0150 maga a no-till fel\u00e9 tart\u00f3 \u00faton a s\u00e1vos m\u0171vel\u00e9sn\u00e9l tart, amely az \u00e1tlagosan 68-as kem\u00e9nys\u00e9g\u0171 perc talajokon olyan megold\u00e1st ny\u00fajt, hogy a lehet\u0151 legkisebb bolygat\u00e1ssal viszonylag kiegyenl\u00edtett term\u00e9st biztos\u00edt.\" \/>\n<meta property=\"og:url\" content=\"https:\/\/tmg.hu\/en\/rooms\/gazdaforum-acid-muveles-kozel-70-es-kotottsegu-soils-videos-oktatasi-occasion\/\" \/>\n<meta property=\"og:site_name\" content=\"Talajmeg\u00faj\u00edt\u00f3 Gazd\u00e1k Egyes\u00fclete\" \/>\n<meta property=\"article:publisher\" content=\"https:\/\/www.facebook.com\/tmg.egyesulet\/\" \/>\n<meta property=\"article:modified_time\" content=\"2025-03-28T12:07:04+00:00\" \/>\n<meta property=\"og:image\" content=\"https:\/\/tmg.hu\/wp-content\/uploads\/2024\/10\/savos_muveles_video_6.jpg\" \/>\n\t<meta property=\"og:image:width\" content=\"1000\" \/>\n\t<meta property=\"og:image:height\" content=\"666\" \/>\n\t<meta property=\"og:image:type\" content=\"image\/jpeg\" \/>\n<meta name=\"twitter:card\" content=\"summary_large_image\" \/>\n<meta name=\"twitter:label1\" content=\"Est. reading time\" \/>\n\t<meta name=\"twitter:data1\" content=\"3 minutes\" \/>\n<script type=\"application\/ld+json\" class=\"yoast-schema-graph\">{\"@context\":\"https:\/\/schema.org\",\"@graph\":[{\"@type\":\"WebPage\",\"@id\":\"https:\/\/tmg.hu\/sk\/izby\/gazdaforum-acid-muveles-kozel-70-es-kotottsegu-soils-videos-oktatasi-occasion\/\",\"url\":\"https:\/\/tmg.hu\/sk\/izby\/gazdaforum-acid-muveles-kozel-70-es-kotottsegu-soils-videos-oktatasi-occasion\/\",\"name\":\"Gazdaf\u00f3rum - S\u00e1vos m\u0171vel\u00e9s k\u00f6zel 70-es k\u00f6t\u00f6tts\u00e9g\u0171 talajokon Vide\u00f3s oktat\u00e1si alkalom - Talajmeg\u00faj\u00edt\u00f3 Gazd\u00e1k Egyes\u00fclete\",\"isPartOf\":{\"@id\":\"https:\/\/tmg.hu\/#website\"},\"primaryImageOfPage\":{\"@id\":\"https:\/\/tmg.hu\/sk\/izby\/gazdaforum-acid-muveles-kozel-70-es-kotottsegu-soils-videos-oktatasi-occasion\/#primaryimage\"},\"image\":{\"@id\":\"https:\/\/tmg.hu\/sk\/izby\/gazdaforum-acid-muveles-kozel-70-es-kotottsegu-soils-videos-oktatasi-occasion\/#primaryimage\"},\"thumbnailUrl\":\"https:\/\/tmg.hu\/wp-content\/uploads\/2024\/10\/savos_muveles_video_6.jpg\",\"datePublished\":\"2024-10-21T22:44:05+00:00\",\"dateModified\":\"2025-03-28T12:07:04+00:00\",\"breadcrumb\":{\"@id\":\"https:\/\/tmg.hu\/sk\/izby\/gazdaforum-acid-muveles-kozel-70-es-kotottsegu-soils-videos-oktatasi-occasion\/#breadcrumb\"},\"inLanguage\":\"en-US\",\"potentialAction\":[{\"@type\":\"ReadAction\",\"target\":[\"https:\/\/tmg.hu\/sk\/izby\/gazdaforum-acid-muveles-kozel-70-es-kotottsegu-soils-videos-oktatasi-occasion\/\"]}]},{\"@type\":\"ImageObject\",\"inLanguage\":\"en-US\",\"@id\":\"https:\/\/tmg.hu\/sk\/izby\/gazdaforum-acid-muveles-kozel-70-es-kotottsegu-soils-videos-oktatasi-occasion\/#primaryimage\",\"url\":\"https:\/\/tmg.hu\/wp-content\/uploads\/2024\/10\/savos_muveles_video_6.jpg\",\"contentUrl\":\"https:\/\/tmg.hu\/wp-content\/uploads\/2024\/10\/savos_muveles_video_6.jpg\",\"width\":1000,\"height\":666},{\"@type\":\"BreadcrumbList\",\"@id\":\"https:\/\/tmg.hu\/sk\/izby\/gazdaforum-acid-muveles-kozel-70-es-kotottsegu-soils-videos-oktatasi-occasion\/#breadcrumb\",\"itemListElement\":[{\"@type\":\"ListItem\",\"position\":1,\"name\":\"Home\",\"item\":\"https:\/\/tmg.hu\/\"},{\"@type\":\"ListItem\",\"position\":2,\"name\":\"Webshop\",\"item\":\"https:\/\/tmg.hu\/webshop\/\"},{\"@type\":\"ListItem\",\"position\":3,\"name\":\"Gazdaf\u00f3rum &#8211; S\u00e1vos m\u0171vel\u00e9s k\u00f6zel 70-es k\u00f6t\u00f6tts\u00e9g\u0171 talajokon Vide\u00f3s oktat\u00e1si alkalom\"}]},{\"@type\":\"WebSite\",\"@id\":\"https:\/\/tmg.hu\/#website\",\"url\":\"https:\/\/tmg.hu\/\",\"name\":\"TMG - Talajmeg\u00faj\u00edt\u00f3 Gazd\u00e1k Egyes\u00fclete\",\"description\":\"Talajmeg\u00faj\u00edt\u00f3 Gazd\u00e1k Egyes\u00fclete\",\"publisher\":{\"@id\":\"https:\/\/tmg.hu\/#organization\"},\"potentialAction\":[{\"@type\":\"SearchAction\",\"target\":{\"@type\":\"EntryPoint\",\"urlTemplate\":\"https:\/\/tmg.hu\/?s={search_term_string}\"},\"query-input\":{\"@type\":\"PropertyValueSpecification\",\"valueRequired\":true,\"valueName\":\"search_term_string\"}}],\"inLanguage\":\"en-US\"},{\"@type\":\"Organization\",\"@id\":\"https:\/\/tmg.hu\/#organization\",\"name\":\"Talajmeg\u00faj\u00edt\u00f3 Gazd\u00e1k Egyes\u00fclete\",\"url\":\"https:\/\/tmg.hu\/\",\"logo\":{\"@type\":\"ImageObject\",\"inLanguage\":\"en-US\",\"@id\":\"https:\/\/tmg.hu\/#\/schema\/logo\/image\/\",\"url\":\"https:\/\/tmg.hu\/wp-content\/uploads\/2024\/10\/tmg_og_logo.png\",\"contentUrl\":\"https:\/\/tmg.hu\/wp-content\/uploads\/2024\/10\/tmg_og_logo.png\",\"width\":1200,\"height\":630,\"caption\":\"Talajmeg\u00faj\u00edt\u00f3 Gazd\u00e1k Egyes\u00fclete\"},\"image\":{\"@id\":\"https:\/\/tmg.hu\/#\/schema\/logo\/image\/\"},\"sameAs\":[\"https:\/\/www.facebook.com\/tmg.egyesulet\/\",\"https:\/\/www.instagram.com\/tmg.hu\/\",\"https:\/\/www.youtube.com\/@tmg_egyesulet\"]}]}<\/script>\n<!-- \/ Yoast SEO plugin. -->","yoast_head_json":{"title":"Farmers' Forum - Strip cropping on soils with close to 70 soil tilth Video educational session - Soil Renewal Farmers' Association","robots":{"index":"index","follow":"follow","max-snippet":"max-snippet:-1","max-image-preview":"max-image-preview:large","max-video-preview":"max-video-preview:-1"},"canonical":"https:\/\/tmg.hu\/en\/rooms\/gazdaforum-acid-muveles-kozel-70-es-kotottsegu-soils-videos-oktatasi-occasion\/","og_locale":"en_US","og_type":"article","og_title":"Gazdaf\u00f3rum - S\u00e1vos m\u0171vel\u00e9s k\u00f6zel 70-es k\u00f6t\u00f6tts\u00e9g\u0171 talajokon Vide\u00f3s oktat\u00e1si alkalom - Talajmeg\u00faj\u00edt\u00f3 Gazd\u00e1k Egyes\u00fclete","og_description":"Hogyan lehet talajk\u00edm\u00e9l\u0151 m\u00f3don, de biztons\u00e1ggal termelni extr\u00e9m k\u00f6t\u00f6tt talajokon? Ez Kis Ede oktat\u00e1si napj\u00e1nak k\u00e9rd\u00e9se, ezzel kapcsolatos eddigi tapasztalatait osztja majd meg. \u0150 maga a no-till fel\u00e9 tart\u00f3 \u00faton a s\u00e1vos m\u0171vel\u00e9sn\u00e9l tart, amely az \u00e1tlagosan 68-as kem\u00e9nys\u00e9g\u0171 perc talajokon olyan megold\u00e1st ny\u00fajt, hogy a lehet\u0151 legkisebb bolygat\u00e1ssal viszonylag kiegyenl\u00edtett term\u00e9st biztos\u00edt.","og_url":"https:\/\/tmg.hu\/en\/rooms\/gazdaforum-acid-muveles-kozel-70-es-kotottsegu-soils-videos-oktatasi-occasion\/","og_site_name":"Talajmeg\u00faj\u00edt\u00f3 Gazd\u00e1k Egyes\u00fclete","article_publisher":"https:\/\/www.facebook.com\/tmg.egyesulet\/","article_modified_time":"2025-03-28T12:07:04+00:00","og_image":[{"width":1000,"height":666,"url":"https:\/\/tmg.hu\/wp-content\/uploads\/2024\/10\/savos_muveles_video_6.jpg","type":"image\/jpeg"}],"twitter_card":"summary_large_image","twitter_misc":{"Est. reading time":"3 minutes"},"schema":{"@context":"https:\/\/schema.org","@graph":[{"@type":"WebPage","@id":"https:\/\/tmg.hu\/sk\/izby\/gazdaforum-acid-muveles-kozel-70-es-kotottsegu-soils-videos-oktatasi-occasion\/","url":"https:\/\/tmg.hu\/sk\/izby\/gazdaforum-acid-muveles-kozel-70-es-kotottsegu-soils-videos-oktatasi-occasion\/","name":"Farmers' Forum - Strip cropping on soils with close to 70 soil tilth Video educational session - Soil Renewal Farmers' Association","isPartOf":{"@id":"https:\/\/tmg.hu\/#website"},"primaryImageOfPage":{"@id":"https:\/\/tmg.hu\/sk\/izby\/gazdaforum-acid-muveles-kozel-70-es-kotottsegu-soils-videos-oktatasi-occasion\/#primaryimage"},"image":{"@id":"https:\/\/tmg.hu\/sk\/izby\/gazdaforum-acid-muveles-kozel-70-es-kotottsegu-soils-videos-oktatasi-occasion\/#primaryimage"},"thumbnailUrl":"https:\/\/tmg.hu\/wp-content\/uploads\/2024\/10\/savos_muveles_video_6.jpg","datePublished":"2024-10-21T22:44:05+00:00","dateModified":"2025-03-28T12:07:04+00:00","breadcrumb":{"@id":"https:\/\/tmg.hu\/sk\/izby\/gazdaforum-acid-muveles-kozel-70-es-kotottsegu-soils-videos-oktatasi-occasion\/#breadcrumb"},"inLanguage":"en-US","potentialAction":[{"@type":"ReadAction","target":["https:\/\/tmg.hu\/sk\/izby\/gazdaforum-acid-muveles-kozel-70-es-kotottsegu-soils-videos-oktatasi-occasion\/"]}]},{"@type":"ImageObject","inLanguage":"en-US","@id":"https:\/\/tmg.hu\/sk\/izby\/gazdaforum-acid-muveles-kozel-70-es-kotottsegu-soils-videos-oktatasi-occasion\/#primaryimage","url":"https:\/\/tmg.hu\/wp-content\/uploads\/2024\/10\/savos_muveles_video_6.jpg","contentUrl":"https:\/\/tmg.hu\/wp-content\/uploads\/2024\/10\/savos_muveles_video_6.jpg","width":1000,"height":666},{"@type":"BreadcrumbList","@id":"https:\/\/tmg.hu\/sk\/izby\/gazdaforum-acid-muveles-kozel-70-es-kotottsegu-soils-videos-oktatasi-occasion\/#breadcrumb","itemListElement":[{"@type":"ListItem","position":1,"name":"Home","item":"https:\/\/tmg.hu\/"},{"@type":"ListItem","position":2,"name":"Webshop","item":"https:\/\/tmg.hu\/webshop\/"},{"@type":"ListItem","position":3,"name":"Gazdaf\u00f3rum &#8211; S\u00e1vos m\u0171vel\u00e9s k\u00f6zel 70-es k\u00f6t\u00f6tts\u00e9g\u0171 talajokon Vide\u00f3s oktat\u00e1si alkalom"}]},{"@type":"WebSite","@id":"https:\/\/tmg.hu\/#website","url":"https:\/\/tmg.hu\/","name":"TMG - Soil Renewal Farmers' Association","description":"Soil Restoration Farmers Association","publisher":{"@id":"https:\/\/tmg.hu\/#organization"},"potentialAction":[{"@type":"SearchAction","target":{"@type":"EntryPoint","urlTemplate":"https:\/\/tmg.hu\/?s={search_term_string}"},"query-input":{"@type":"PropertyValueSpecification","valueRequired":true,"valueName":"search_term_string"}}],"inLanguage":"en-US"},{"@type":"Organization","@id":"https:\/\/tmg.hu\/#organization","name":"Soil Restoration Farmers Association","url":"https:\/\/tmg.hu\/","logo":{"@type":"ImageObject","inLanguage":"en-US","@id":"https:\/\/tmg.hu\/#\/schema\/logo\/image\/","url":"https:\/\/tmg.hu\/wp-content\/uploads\/2024\/10\/tmg_og_logo.png","contentUrl":"https:\/\/tmg.hu\/wp-content\/uploads\/2024\/10\/tmg_og_logo.png","width":1200,"height":630,"caption":"Talajmeg\u00faj\u00edt\u00f3 Gazd\u00e1k Egyes\u00fclete"},"image":{"@id":"https:\/\/tmg.hu\/#\/schema\/logo\/image\/"},"sameAs":["https:\/\/www.facebook.com\/tmg.egyesulet\/","https:\/\/www.instagram.com\/tmg.hu\/","https:\/\/www.youtube.com\/@tmg_egyesulet"]}]}},"_links":{"self":[{"href":"https:\/\/tmg.hu\/en\/wp-json\/wp\/v2\/product\/8754","targetHints":{"allow":["GET"]}}],"collection":[{"href":"https:\/\/tmg.hu\/en\/wp-json\/wp\/v2\/product"}],"about":[{"href":"https:\/\/tmg.hu\/en\/wp-json\/wp\/v2\/types\/product"}],"wp:featuredmedia":[{"embeddable":true,"href":"https:\/\/tmg.hu\/en\/wp-json\/wp\/v2\/media\/8766"}],"wp:attachment":[{"href":"https:\/\/tmg.hu\/en\/wp-json\/wp\/v2\/media?parent=8754"}],"wp:term":[{"taxonomy":"product_brand","embeddable":true,"href":"https:\/\/tmg.hu\/en\/wp-json\/wp\/v2\/product_brand?post=8754"},{"taxonomy":"product_cat","embeddable":true,"href":"https:\/\/tmg.hu\/en\/wp-json\/wp\/v2\/product_cat?post=8754"},{"taxonomy":"product_tag","embeddable":true,"href":"https:\/\/tmg.hu\/en\/wp-json\/wp\/v2\/product_tag?post=8754"}],"curies":[{"name":"wp","href":"https:\/\/api.w.org\/{rel}","templated":true}]}}