{"id":8752,"date":"2024-10-22T00:42:55","date_gmt":"2024-10-21T22:42:55","guid":{"rendered":"https:\/\/tmg.hu\/?post_type=product&#038;p=8752"},"modified":"2025-03-28T13:07:39","modified_gmt":"2025-03-28T12:07:39","slug":"no-till-for-beginners-serbul-no-till-za-pocetnike-srpski","status":"publish","type":"product","link":"https:\/\/tmg.hu\/en\/rooms\/no-till-for-beginners-serbul-no-till-za-pocetnike-srpski\/","title":{"rendered":"No-Till for beginners (in Serbian) \/ No-Till za po\u010detnike (Srpski)"},"content":{"rendered":"<p><strong>The book No-till for beginners is now available in Serbian!<\/strong><\/p>\n<p>Learn about soil-friendly technology that produces efficient and effective crops with less effort...<\/p>\n<p>No-till for Beginners is a must-read for any farmer who wants to break away from the old, familiar, soil-exploiting way of growing crops.<\/p>\n<hr \/>\n<p><strong>Knjiga No-till za po\u010detnike je sada dostupna i na srpskom jeziku!<\/strong><\/p>\n<p>Saznajte vi\u0161e o tehnologiji koja \u010duva i unapre\u0111uje zemlji\u0161te, i koja rezultira efikasnom proizvodnjom uz manje ulaganja...<\/p>\n<p>Knjiga No-till za po\u010detnike je obavezno \u0161tivo za sve poljoprivrednike koji \u017eele da raskinu sa starim, konvencionalnim na\u010dinom gajenja useva, koji degradira zemlji\u0161te.<\/p>\n<p style=\"text-align: center;\"><span style=\"text-decoration: underline;\"><strong>Order \/ Naru\u010dite<\/strong>:<\/span><\/p>\n<table style=\"border-collapse: collapse; width: 100%;\" border=\"1\">\n<tbody>\n<tr>\n<td style=\"width: 451px;\">\n<p style=\"text-align: center;\">Gell\u00e9rt Kasz\u00e1s<\/p>\n<p style=\"text-align: center;\"><a href=\"tel:+381638371370\">+381638371370<\/a><\/p>\n<\/td>\n<td style=\"width: 451px;\">\n<p style=\"text-align: center;\">Fl\u00f3ri\u00e1n Farkas<\/p>\n<p style=\"text-align: center;\"><a href=\"tel:+38163546978\">+38163546978<\/a><\/p>\n<\/td>\n<\/tr>\n<\/tbody>\n<\/table>\n<p>&nbsp;<\/p>","protected":false},"excerpt":{"rendered":"<p>Mykhaylo Draganchuk's No-Till for Beginners is a concise, professional book without pictures. It is useful for those who want to switch to no-till or have been trying for a while but have many questions.<\/p>\n<p>In 150 pages, Ukrainian farmer Draganchuk shares his experience of the transition to a no-till system. He shares the knowledge of a number of farmers from different countries who have also successfully gone through the process of adopting this technology.<\/p>","protected":false},"featured_media":8793,"template":"","meta":[],"product_brand":[],"product_cat":[69],"product_tag":[],"class_list":{"0":"post-8752","1":"product","2":"type-product","3":"status-publish","4":"has-post-thumbnail","6":"product_cat-konyvek","8":"first","9":"instock","10":"virtual","11":"taxable","12":"product-type-simple"},"bundled_by":[],"bundle_stock_status":"instock","bundle_stock_quantity":null,"bundle_virtual":false,"bundle_layout":"","bundle_add_to_cart_form_location":"","bundle_editable_in_cart":false,"bundle_sold_individually_context":"","bundle_item_grouping":"","bundle_min_size":"","bundle_max_size":"","bundle_price":[],"bundled_items":[],"bundle_sell_ids":[],"yoast_head":"<!-- This site is optimized with the Yoast SEO plugin v26.6 - https:\/\/yoast.com\/wordpress\/plugins\/seo\/ -->\n<title>No-Till kezd\u0151knek (szerb\u00fcl) \/ No-Till za po\u010detnike (Srpski) - Talajmeg\u00faj\u00edt\u00f3 Gazd\u00e1k Egyes\u00fclete<\/title>\n<meta name=\"robots\" content=\"index, follow, max-snippet:-1, max-image-preview:large, max-video-preview:-1\" \/>\n<link rel=\"canonical\" href=\"https:\/\/tmg.hu\/en\/rooms\/no-till-for-beginners-serbul-no-till-za-pocetnike-srpski\/\" \/>\n<meta property=\"og:locale\" content=\"en_US\" \/>\n<meta property=\"og:type\" content=\"article\" \/>\n<meta property=\"og:title\" content=\"No-Till kezd\u0151knek (szerb\u00fcl) \/ No-Till za po\u010detnike (Srpski) - Talajmeg\u00faj\u00edt\u00f3 Gazd\u00e1k Egyes\u00fclete\" \/>\n<meta property=\"og:description\" content=\"Mykhaylo Draganchuk No-Till kezd\u0151knek c\u00edm\u0171 k\u00f6nyve egy k\u00e9pek n\u00e9lk\u00fcli t\u00f6m\u00f6r szakmai anyag. Azok vehetik haszn\u00e1t, akik a no-till rendszerre szeretn\u00e9nek \u00e1tt\u00e9rni vagy egy ideje m\u00e1r pr\u00f3b\u00e1lkoznak, de sok k\u00e9rd\u00e9s\u00fck mer\u00fclt fel.  Draganchuk, az ukr\u00e1n gazda 150 oldalon \u00e1t osztja meg tapasztalatait a no-till rendszerre val\u00f3 \u00e1tt\u00e9r\u00e9sr\u0151l. Sz\u00e1mos olyan, k\u00fcl\u00f6nb\u00f6z\u0151 orsz\u00e1gokb\u00f3l sz\u00e1rmaz\u00f3 gazd\u00e1lkod\u00f3 tud\u00e1s\u00e1t t\u00e1rja el\u00e9nk, akik szint\u00e9n sikeresen \u00e1tjutottak e technol\u00f3gia elsaj\u00e1t\u00edt\u00e1s\u00e1nak folyamat\u00e1n.\" \/>\n<meta property=\"og:url\" content=\"https:\/\/tmg.hu\/en\/rooms\/no-till-for-beginners-serbul-no-till-za-pocetnike-srpski\/\" \/>\n<meta property=\"og:site_name\" content=\"Talajmeg\u00faj\u00edt\u00f3 Gazd\u00e1k Egyes\u00fclete\" \/>\n<meta property=\"article:publisher\" content=\"https:\/\/www.facebook.com\/tmg.egyesulet\/\" \/>\n<meta property=\"article:modified_time\" content=\"2025-03-28T12:07:39+00:00\" \/>\n<meta property=\"og:image\" content=\"https:\/\/tmg.hu\/wp-content\/uploads\/2024\/10\/szerb-No-Till-borito.jpg\" \/>\n\t<meta property=\"og:image:width\" content=\"742\" \/>\n\t<meta property=\"og:image:height\" content=\"1042\" \/>\n\t<meta property=\"og:image:type\" content=\"image\/jpeg\" \/>\n<meta name=\"twitter:card\" content=\"summary_large_image\" \/>\n<meta name=\"twitter:label1\" content=\"Est. reading time\" \/>\n\t<meta name=\"twitter:data1\" content=\"1 minute\" \/>\n<script type=\"application\/ld+json\" class=\"yoast-schema-graph\">{\"@context\":\"https:\/\/schema.org\",\"@graph\":[{\"@type\":\"WebPage\",\"@id\":\"https:\/\/tmg.hu\/termek\/no-till-kezdoknek-szerbul-no-till-za-pocetnike-srpski\/\",\"url\":\"https:\/\/tmg.hu\/termek\/no-till-kezdoknek-szerbul-no-till-za-pocetnike-srpski\/\",\"name\":\"No-Till kezd\u0151knek (szerb\u00fcl) \/ No-Till za po\u010detnike (Srpski) - Talajmeg\u00faj\u00edt\u00f3 Gazd\u00e1k Egyes\u00fclete\",\"isPartOf\":{\"@id\":\"https:\/\/tmg.hu\/#website\"},\"primaryImageOfPage\":{\"@id\":\"https:\/\/tmg.hu\/termek\/no-till-kezdoknek-szerbul-no-till-za-pocetnike-srpski\/#primaryimage\"},\"image\":{\"@id\":\"https:\/\/tmg.hu\/termek\/no-till-kezdoknek-szerbul-no-till-za-pocetnike-srpski\/#primaryimage\"},\"thumbnailUrl\":\"https:\/\/tmg.hu\/wp-content\/uploads\/2024\/10\/szerb-No-Till-borito.jpg\",\"datePublished\":\"2024-10-21T22:42:55+00:00\",\"dateModified\":\"2025-03-28T12:07:39+00:00\",\"breadcrumb\":{\"@id\":\"https:\/\/tmg.hu\/termek\/no-till-kezdoknek-szerbul-no-till-za-pocetnike-srpski\/#breadcrumb\"},\"inLanguage\":\"en-US\",\"potentialAction\":[{\"@type\":\"ReadAction\",\"target\":[\"https:\/\/tmg.hu\/termek\/no-till-kezdoknek-szerbul-no-till-za-pocetnike-srpski\/\"]}]},{\"@type\":\"ImageObject\",\"inLanguage\":\"en-US\",\"@id\":\"https:\/\/tmg.hu\/termek\/no-till-kezdoknek-szerbul-no-till-za-pocetnike-srpski\/#primaryimage\",\"url\":\"https:\/\/tmg.hu\/wp-content\/uploads\/2024\/10\/szerb-No-Till-borito.jpg\",\"contentUrl\":\"https:\/\/tmg.hu\/wp-content\/uploads\/2024\/10\/szerb-No-Till-borito.jpg\",\"width\":742,\"height\":1042},{\"@type\":\"BreadcrumbList\",\"@id\":\"https:\/\/tmg.hu\/termek\/no-till-kezdoknek-szerbul-no-till-za-pocetnike-srpski\/#breadcrumb\",\"itemListElement\":[{\"@type\":\"ListItem\",\"position\":1,\"name\":\"Home\",\"item\":\"https:\/\/tmg.hu\/\"},{\"@type\":\"ListItem\",\"position\":2,\"name\":\"Webshop\",\"item\":\"https:\/\/tmg.hu\/webshop\/\"},{\"@type\":\"ListItem\",\"position\":3,\"name\":\"No-Till kezd\u0151knek (szerb\u00fcl) \/ No-Till za po\u010detnike (Srpski)\"}]},{\"@type\":\"WebSite\",\"@id\":\"https:\/\/tmg.hu\/#website\",\"url\":\"https:\/\/tmg.hu\/\",\"name\":\"TMG - Talajmeg\u00faj\u00edt\u00f3 Gazd\u00e1k Egyes\u00fclete\",\"description\":\"Talajmeg\u00faj\u00edt\u00f3 Gazd\u00e1k Egyes\u00fclete\",\"publisher\":{\"@id\":\"https:\/\/tmg.hu\/#organization\"},\"potentialAction\":[{\"@type\":\"SearchAction\",\"target\":{\"@type\":\"EntryPoint\",\"urlTemplate\":\"https:\/\/tmg.hu\/?s={search_term_string}\"},\"query-input\":{\"@type\":\"PropertyValueSpecification\",\"valueRequired\":true,\"valueName\":\"search_term_string\"}}],\"inLanguage\":\"en-US\"},{\"@type\":\"Organization\",\"@id\":\"https:\/\/tmg.hu\/#organization\",\"name\":\"Talajmeg\u00faj\u00edt\u00f3 Gazd\u00e1k Egyes\u00fclete\",\"url\":\"https:\/\/tmg.hu\/\",\"logo\":{\"@type\":\"ImageObject\",\"inLanguage\":\"en-US\",\"@id\":\"https:\/\/tmg.hu\/#\/schema\/logo\/image\/\",\"url\":\"https:\/\/tmg.hu\/wp-content\/uploads\/2024\/10\/tmg_og_logo.png\",\"contentUrl\":\"https:\/\/tmg.hu\/wp-content\/uploads\/2024\/10\/tmg_og_logo.png\",\"width\":1200,\"height\":630,\"caption\":\"Talajmeg\u00faj\u00edt\u00f3 Gazd\u00e1k Egyes\u00fclete\"},\"image\":{\"@id\":\"https:\/\/tmg.hu\/#\/schema\/logo\/image\/\"},\"sameAs\":[\"https:\/\/www.facebook.com\/tmg.egyesulet\/\",\"https:\/\/www.instagram.com\/tmg.hu\/\",\"https:\/\/www.youtube.com\/@tmg_egyesulet\"]}]}<\/script>\n<!-- \/ Yoast SEO plugin. -->","yoast_head_json":{"title":"No-Till for beginners (in Serbian) \/ No-Till za po\u010detnike (Srpski) - Soil Renewal Farmers Association","robots":{"index":"index","follow":"follow","max-snippet":"max-snippet:-1","max-image-preview":"max-image-preview:large","max-video-preview":"max-video-preview:-1"},"canonical":"https:\/\/tmg.hu\/en\/rooms\/no-till-for-beginners-serbul-no-till-za-pocetnike-srpski\/","og_locale":"en_US","og_type":"article","og_title":"No-Till kezd\u0151knek (szerb\u00fcl) \/ No-Till za po\u010detnike (Srpski) - Talajmeg\u00faj\u00edt\u00f3 Gazd\u00e1k Egyes\u00fclete","og_description":"Mykhaylo Draganchuk No-Till kezd\u0151knek c\u00edm\u0171 k\u00f6nyve egy k\u00e9pek n\u00e9lk\u00fcli t\u00f6m\u00f6r szakmai anyag. Azok vehetik haszn\u00e1t, akik a no-till rendszerre szeretn\u00e9nek \u00e1tt\u00e9rni vagy egy ideje m\u00e1r pr\u00f3b\u00e1lkoznak, de sok k\u00e9rd\u00e9s\u00fck mer\u00fclt fel.  Draganchuk, az ukr\u00e1n gazda 150 oldalon \u00e1t osztja meg tapasztalatait a no-till rendszerre val\u00f3 \u00e1tt\u00e9r\u00e9sr\u0151l. Sz\u00e1mos olyan, k\u00fcl\u00f6nb\u00f6z\u0151 orsz\u00e1gokb\u00f3l sz\u00e1rmaz\u00f3 gazd\u00e1lkod\u00f3 tud\u00e1s\u00e1t t\u00e1rja el\u00e9nk, akik szint\u00e9n sikeresen \u00e1tjutottak e technol\u00f3gia elsaj\u00e1t\u00edt\u00e1s\u00e1nak folyamat\u00e1n.","og_url":"https:\/\/tmg.hu\/en\/rooms\/no-till-for-beginners-serbul-no-till-za-pocetnike-srpski\/","og_site_name":"Talajmeg\u00faj\u00edt\u00f3 Gazd\u00e1k Egyes\u00fclete","article_publisher":"https:\/\/www.facebook.com\/tmg.egyesulet\/","article_modified_time":"2025-03-28T12:07:39+00:00","og_image":[{"width":742,"height":1042,"url":"https:\/\/tmg.hu\/wp-content\/uploads\/2024\/10\/szerb-No-Till-borito.jpg","type":"image\/jpeg"}],"twitter_card":"summary_large_image","twitter_misc":{"Est. reading time":"1 minute"},"schema":{"@context":"https:\/\/schema.org","@graph":[{"@type":"WebPage","@id":"https:\/\/tmg.hu\/termek\/no-till-kezdoknek-szerbul-no-till-za-pocetnike-srpski\/","url":"https:\/\/tmg.hu\/termek\/no-till-kezdoknek-szerbul-no-till-za-pocetnike-srpski\/","name":"No-Till for beginners (in Serbian) \/ No-Till za po\u010detnike (Srpski) - Soil Renewal Farmers Association","isPartOf":{"@id":"https:\/\/tmg.hu\/#website"},"primaryImageOfPage":{"@id":"https:\/\/tmg.hu\/termek\/no-till-kezdoknek-szerbul-no-till-za-pocetnike-srpski\/#primaryimage"},"image":{"@id":"https:\/\/tmg.hu\/termek\/no-till-kezdoknek-szerbul-no-till-za-pocetnike-srpski\/#primaryimage"},"thumbnailUrl":"https:\/\/tmg.hu\/wp-content\/uploads\/2024\/10\/szerb-No-Till-borito.jpg","datePublished":"2024-10-21T22:42:55+00:00","dateModified":"2025-03-28T12:07:39+00:00","breadcrumb":{"@id":"https:\/\/tmg.hu\/termek\/no-till-kezdoknek-szerbul-no-till-za-pocetnike-srpski\/#breadcrumb"},"inLanguage":"en-US","potentialAction":[{"@type":"ReadAction","target":["https:\/\/tmg.hu\/termek\/no-till-kezdoknek-szerbul-no-till-za-pocetnike-srpski\/"]}]},{"@type":"ImageObject","inLanguage":"en-US","@id":"https:\/\/tmg.hu\/termek\/no-till-kezdoknek-szerbul-no-till-za-pocetnike-srpski\/#primaryimage","url":"https:\/\/tmg.hu\/wp-content\/uploads\/2024\/10\/szerb-No-Till-borito.jpg","contentUrl":"https:\/\/tmg.hu\/wp-content\/uploads\/2024\/10\/szerb-No-Till-borito.jpg","width":742,"height":1042},{"@type":"BreadcrumbList","@id":"https:\/\/tmg.hu\/termek\/no-till-kezdoknek-szerbul-no-till-za-pocetnike-srpski\/#breadcrumb","itemListElement":[{"@type":"ListItem","position":1,"name":"Home","item":"https:\/\/tmg.hu\/"},{"@type":"ListItem","position":2,"name":"Webshop","item":"https:\/\/tmg.hu\/webshop\/"},{"@type":"ListItem","position":3,"name":"No-Till kezd\u0151knek (szerb\u00fcl) \/ No-Till za po\u010detnike (Srpski)"}]},{"@type":"WebSite","@id":"https:\/\/tmg.hu\/#website","url":"https:\/\/tmg.hu\/","name":"TMG - Soil Renewal Farmers' Association","description":"Soil Restoration Farmers Association","publisher":{"@id":"https:\/\/tmg.hu\/#organization"},"potentialAction":[{"@type":"SearchAction","target":{"@type":"EntryPoint","urlTemplate":"https:\/\/tmg.hu\/?s={search_term_string}"},"query-input":{"@type":"PropertyValueSpecification","valueRequired":true,"valueName":"search_term_string"}}],"inLanguage":"en-US"},{"@type":"Organization","@id":"https:\/\/tmg.hu\/#organization","name":"Soil Restoration Farmers Association","url":"https:\/\/tmg.hu\/","logo":{"@type":"ImageObject","inLanguage":"en-US","@id":"https:\/\/tmg.hu\/#\/schema\/logo\/image\/","url":"https:\/\/tmg.hu\/wp-content\/uploads\/2024\/10\/tmg_og_logo.png","contentUrl":"https:\/\/tmg.hu\/wp-content\/uploads\/2024\/10\/tmg_og_logo.png","width":1200,"height":630,"caption":"Talajmeg\u00faj\u00edt\u00f3 Gazd\u00e1k Egyes\u00fclete"},"image":{"@id":"https:\/\/tmg.hu\/#\/schema\/logo\/image\/"},"sameAs":["https:\/\/www.facebook.com\/tmg.egyesulet\/","https:\/\/www.instagram.com\/tmg.hu\/","https:\/\/www.youtube.com\/@tmg_egyesulet"]}]}},"_links":{"self":[{"href":"https:\/\/tmg.hu\/en\/wp-json\/wp\/v2\/product\/8752","targetHints":{"allow":["GET"]}}],"collection":[{"href":"https:\/\/tmg.hu\/en\/wp-json\/wp\/v2\/product"}],"about":[{"href":"https:\/\/tmg.hu\/en\/wp-json\/wp\/v2\/types\/product"}],"wp:featuredmedia":[{"embeddable":true,"href":"https:\/\/tmg.hu\/en\/wp-json\/wp\/v2\/media\/8793"}],"wp:attachment":[{"href":"https:\/\/tmg.hu\/en\/wp-json\/wp\/v2\/media?parent=8752"}],"wp:term":[{"taxonomy":"product_brand","embeddable":true,"href":"https:\/\/tmg.hu\/en\/wp-json\/wp\/v2\/product_brand?post=8752"},{"taxonomy":"product_cat","embeddable":true,"href":"https:\/\/tmg.hu\/en\/wp-json\/wp\/v2\/product_cat?post=8752"},{"taxonomy":"product_tag","embeddable":true,"href":"https:\/\/tmg.hu\/en\/wp-json\/wp\/v2\/product_tag?post=8752"}],"curies":[{"name":"wp","href":"https:\/\/api.w.org\/{rel}","templated":true}]}}