{"id":8749,"date":"2024-10-22T00:37:06","date_gmt":"2024-10-21T22:37:06","guid":{"rendered":"https:\/\/tmg.hu\/?post_type=product&#038;p=8749"},"modified":"2026-02-02T12:00:37","modified_gmt":"2026-02-02T11:00:37","slug":"the-human-spirit-is-the-chance-of-termite","status":"publish","type":"product","link":"https:\/\/tmg.hu\/en\/rooms\/the-human-spirit-is-the-chance-of-termite\/","title":{"rendered":"The end of man, nature's chance"},"content":{"rendered":"<h3>Our place in the Earth's ecosystem<\/h3>\n<p>The survival of humanity is at stake. But what is to be done when the global system built by man threatens its own survival and the balance of nature? To change this, several scientific disciplines must be mobilised, and urgently. We must act to make a real difference in the midst of an ecological crisis.<\/p>\n<p>Ferenc Jord\u00e1n, a network research biologist, chooses scientific outreach as the subject of his work, and he is a master at it. He enlightens the reader about what he does not like to hear, while remaining professional and avoiding scientific pomposity. His book sums up the sins of the past, the problems of the present and the prospects for the future.<\/p>","protected":false},"excerpt":{"rendered":"<p>After a realistic assessment of the situation, the bold statements are fully justified: the question is no longer whether the rate of population growth is decreasing, but how to have much less; the economic model of non-growth is necessary and urgent; the anthropocentric domination of nature is our undoing.<\/p>\n<p>Ferenc Jord\u00e1n is neither concerned with pathetic alarm bells nor with reassuring the reader. He does not exaggerate or relativise the significance of the processes described. He knows no taboos, moral, political or scientific. He speaks with courage, and that is the courage we need.<\/p>","protected":false},"featured_media":8791,"template":"","meta":[],"product_brand":[],"product_cat":[69],"product_tag":[],"class_list":{"0":"post-8749","1":"product","2":"type-product","3":"status-publish","4":"has-post-thumbnail","6":"product_cat-konyvek","8":"first","9":"instock","10":"taxable","11":"shipping-taxable","12":"purchasable","13":"product-type-simple"},"bundled_by":[],"bundle_stock_status":"instock","bundle_stock_quantity":36,"bundle_virtual":false,"bundle_layout":"","bundle_add_to_cart_form_location":"","bundle_editable_in_cart":false,"bundle_sold_individually_context":"","bundle_item_grouping":"","bundle_min_size":"","bundle_max_size":"","bundle_price":[],"bundled_items":[],"bundle_sell_ids":[],"yoast_head":"<!-- This site is optimized with the Yoast SEO plugin v26.6 - https:\/\/yoast.com\/wordpress\/plugins\/seo\/ -->\n<title>Az ember v\u00e9ge, a term\u00e9szet es\u00e9lye - Talajmeg\u00faj\u00edt\u00f3 Gazd\u00e1k Egyes\u00fclete<\/title>\n<meta name=\"robots\" content=\"index, follow, max-snippet:-1, max-image-preview:large, max-video-preview:-1\" \/>\n<link rel=\"canonical\" href=\"https:\/\/tmg.hu\/en\/rooms\/the-human-spirit-is-the-chance-of-termite\/\" \/>\n<meta property=\"og:locale\" content=\"en_US\" \/>\n<meta property=\"og:type\" content=\"article\" \/>\n<meta property=\"og:title\" content=\"Az ember v\u00e9ge, a term\u00e9szet es\u00e9lye - Talajmeg\u00faj\u00edt\u00f3 Gazd\u00e1k Egyes\u00fclete\" \/>\n<meta property=\"og:description\" content=\"A helyzet re\u00e1lis \u00e9rt\u00e9kel\u00e9se ut\u00e1n teljes m\u00e9rt\u00e9kben indokoltak a mer\u00e9sznek hangz\u00f3 meg\u00e1llap\u00edt\u00e1sok: ma m\u00e1r nem az a k\u00e9rd\u00e9s, hogy cs\u00f6kken-e a n\u00e9pess\u00e9gn\u00f6veked\u00e9s \u00fcteme, hanem hogy hogyan lehetn\u00e9nk sokkal kevesebben; a nemn\u00f6veked\u00e9s mint gazdas\u00e1gi modell sz\u00fcks\u00e9gszer\u0171 \u00e9s s\u00fcrg\u0151s; a term\u00e9szet antropocentrikus ural\u00e1sa a veszt\u00fcnket okozza.  Jord\u00e1n Ferenc sem patetikus v\u00e9szharangkongat\u00e1ssal, sem az olvas\u00f3 megnyugtat\u00e1s\u00e1val nem foglalkozik. Nem t\u00faloz, \u00e9s nem relativiz\u00e1lja a bemutatott folyamatok jelent\u0151s\u00e9g\u00e9t. Semmif\u00e9le tabut nem ismer, se mor\u00e1lisat, se politikait, se tudom\u00e1nyosat. B\u00e1tran besz\u00e9l, \u00e9s erre a b\u00e1tors\u00e1gra van sz\u00fcks\u00e9g\u00fcnk.\" \/>\n<meta property=\"og:url\" content=\"https:\/\/tmg.hu\/en\/rooms\/the-human-spirit-is-the-chance-of-termite\/\" \/>\n<meta property=\"og:site_name\" content=\"Talajmeg\u00faj\u00edt\u00f3 Gazd\u00e1k Egyes\u00fclete\" \/>\n<meta property=\"article:publisher\" content=\"https:\/\/www.facebook.com\/tmg.egyesulet\/\" \/>\n<meta property=\"article:modified_time\" content=\"2026-02-02T11:00:37+00:00\" \/>\n<meta property=\"og:image\" content=\"https:\/\/tmg.hu\/wp-content\/uploads\/2024\/10\/az-ember-vege.jpg\" \/>\n\t<meta property=\"og:image:width\" content=\"742\" \/>\n\t<meta property=\"og:image:height\" content=\"1042\" \/>\n\t<meta property=\"og:image:type\" content=\"image\/jpeg\" \/>\n<meta name=\"twitter:card\" content=\"summary_large_image\" \/>\n<meta name=\"twitter:label1\" content=\"Est. reading time\" \/>\n\t<meta name=\"twitter:data1\" content=\"1 minute\" \/>\n<script type=\"application\/ld+json\" class=\"yoast-schema-graph\">{\"@context\":\"https:\/\/schema.org\",\"@graph\":[{\"@type\":\"WebPage\",\"@id\":\"https:\/\/tmg.hu\/termek\/az-ember-vege-a-termeszet-eselye\/\",\"url\":\"https:\/\/tmg.hu\/termek\/az-ember-vege-a-termeszet-eselye\/\",\"name\":\"Az ember v\u00e9ge, a term\u00e9szet es\u00e9lye - Talajmeg\u00faj\u00edt\u00f3 Gazd\u00e1k Egyes\u00fclete\",\"isPartOf\":{\"@id\":\"https:\/\/tmg.hu\/#website\"},\"primaryImageOfPage\":{\"@id\":\"https:\/\/tmg.hu\/termek\/az-ember-vege-a-termeszet-eselye\/#primaryimage\"},\"image\":{\"@id\":\"https:\/\/tmg.hu\/termek\/az-ember-vege-a-termeszet-eselye\/#primaryimage\"},\"thumbnailUrl\":\"https:\/\/tmg.hu\/wp-content\/uploads\/2024\/10\/az-ember-vege.jpg\",\"datePublished\":\"2024-10-21T22:37:06+00:00\",\"dateModified\":\"2026-02-02T11:00:37+00:00\",\"breadcrumb\":{\"@id\":\"https:\/\/tmg.hu\/termek\/az-ember-vege-a-termeszet-eselye\/#breadcrumb\"},\"inLanguage\":\"en-US\",\"potentialAction\":[{\"@type\":\"ReadAction\",\"target\":[\"https:\/\/tmg.hu\/termek\/az-ember-vege-a-termeszet-eselye\/\"]}]},{\"@type\":\"ImageObject\",\"inLanguage\":\"en-US\",\"@id\":\"https:\/\/tmg.hu\/termek\/az-ember-vege-a-termeszet-eselye\/#primaryimage\",\"url\":\"https:\/\/tmg.hu\/wp-content\/uploads\/2024\/10\/az-ember-vege.jpg\",\"contentUrl\":\"https:\/\/tmg.hu\/wp-content\/uploads\/2024\/10\/az-ember-vege.jpg\",\"width\":742,\"height\":1042},{\"@type\":\"BreadcrumbList\",\"@id\":\"https:\/\/tmg.hu\/termek\/az-ember-vege-a-termeszet-eselye\/#breadcrumb\",\"itemListElement\":[{\"@type\":\"ListItem\",\"position\":1,\"name\":\"Home\",\"item\":\"https:\/\/tmg.hu\/\"},{\"@type\":\"ListItem\",\"position\":2,\"name\":\"Webshop\",\"item\":\"https:\/\/tmg.hu\/webshop\/\"},{\"@type\":\"ListItem\",\"position\":3,\"name\":\"Az ember v\u00e9ge, a term\u00e9szet es\u00e9lye\"}]},{\"@type\":\"WebSite\",\"@id\":\"https:\/\/tmg.hu\/#website\",\"url\":\"https:\/\/tmg.hu\/\",\"name\":\"TMG - Talajmeg\u00faj\u00edt\u00f3 Gazd\u00e1k Egyes\u00fclete\",\"description\":\"Talajmeg\u00faj\u00edt\u00f3 Gazd\u00e1k Egyes\u00fclete\",\"publisher\":{\"@id\":\"https:\/\/tmg.hu\/#organization\"},\"potentialAction\":[{\"@type\":\"SearchAction\",\"target\":{\"@type\":\"EntryPoint\",\"urlTemplate\":\"https:\/\/tmg.hu\/?s={search_term_string}\"},\"query-input\":{\"@type\":\"PropertyValueSpecification\",\"valueRequired\":true,\"valueName\":\"search_term_string\"}}],\"inLanguage\":\"en-US\"},{\"@type\":\"Organization\",\"@id\":\"https:\/\/tmg.hu\/#organization\",\"name\":\"Talajmeg\u00faj\u00edt\u00f3 Gazd\u00e1k Egyes\u00fclete\",\"url\":\"https:\/\/tmg.hu\/\",\"logo\":{\"@type\":\"ImageObject\",\"inLanguage\":\"en-US\",\"@id\":\"https:\/\/tmg.hu\/#\/schema\/logo\/image\/\",\"url\":\"https:\/\/tmg.hu\/wp-content\/uploads\/2024\/10\/tmg_og_logo.png\",\"contentUrl\":\"https:\/\/tmg.hu\/wp-content\/uploads\/2024\/10\/tmg_og_logo.png\",\"width\":1200,\"height\":630,\"caption\":\"Talajmeg\u00faj\u00edt\u00f3 Gazd\u00e1k Egyes\u00fclete\"},\"image\":{\"@id\":\"https:\/\/tmg.hu\/#\/schema\/logo\/image\/\"},\"sameAs\":[\"https:\/\/www.facebook.com\/tmg.egyesulet\/\",\"https:\/\/www.instagram.com\/tmg.hu\/\",\"https:\/\/www.youtube.com\/@tmg_egyesulet\"]}]}<\/script>\n<!-- \/ Yoast SEO plugin. -->","yoast_head_json":{"title":"The End of Man, Nature's Chance - Soil Restoration Farmers' Association","robots":{"index":"index","follow":"follow","max-snippet":"max-snippet:-1","max-image-preview":"max-image-preview:large","max-video-preview":"max-video-preview:-1"},"canonical":"https:\/\/tmg.hu\/en\/rooms\/the-human-spirit-is-the-chance-of-termite\/","og_locale":"en_US","og_type":"article","og_title":"Az ember v\u00e9ge, a term\u00e9szet es\u00e9lye - Talajmeg\u00faj\u00edt\u00f3 Gazd\u00e1k Egyes\u00fclete","og_description":"A helyzet re\u00e1lis \u00e9rt\u00e9kel\u00e9se ut\u00e1n teljes m\u00e9rt\u00e9kben indokoltak a mer\u00e9sznek hangz\u00f3 meg\u00e1llap\u00edt\u00e1sok: ma m\u00e1r nem az a k\u00e9rd\u00e9s, hogy cs\u00f6kken-e a n\u00e9pess\u00e9gn\u00f6veked\u00e9s \u00fcteme, hanem hogy hogyan lehetn\u00e9nk sokkal kevesebben; a nemn\u00f6veked\u00e9s mint gazdas\u00e1gi modell sz\u00fcks\u00e9gszer\u0171 \u00e9s s\u00fcrg\u0151s; a term\u00e9szet antropocentrikus ural\u00e1sa a veszt\u00fcnket okozza.  Jord\u00e1n Ferenc sem patetikus v\u00e9szharangkongat\u00e1ssal, sem az olvas\u00f3 megnyugtat\u00e1s\u00e1val nem foglalkozik. Nem t\u00faloz, \u00e9s nem relativiz\u00e1lja a bemutatott folyamatok jelent\u0151s\u00e9g\u00e9t. Semmif\u00e9le tabut nem ismer, se mor\u00e1lisat, se politikait, se tudom\u00e1nyosat. B\u00e1tran besz\u00e9l, \u00e9s erre a b\u00e1tors\u00e1gra van sz\u00fcks\u00e9g\u00fcnk.","og_url":"https:\/\/tmg.hu\/en\/rooms\/the-human-spirit-is-the-chance-of-termite\/","og_site_name":"Talajmeg\u00faj\u00edt\u00f3 Gazd\u00e1k Egyes\u00fclete","article_publisher":"https:\/\/www.facebook.com\/tmg.egyesulet\/","article_modified_time":"2026-02-02T11:00:37+00:00","og_image":[{"width":742,"height":1042,"url":"https:\/\/tmg.hu\/wp-content\/uploads\/2024\/10\/az-ember-vege.jpg","type":"image\/jpeg"}],"twitter_card":"summary_large_image","twitter_misc":{"Est. reading time":"1 minute"},"schema":{"@context":"https:\/\/schema.org","@graph":[{"@type":"WebPage","@id":"https:\/\/tmg.hu\/termek\/az-ember-vege-a-termeszet-eselye\/","url":"https:\/\/tmg.hu\/termek\/az-ember-vege-a-termeszet-eselye\/","name":"The End of Man, Nature's Chance - Soil Restoration Farmers' Association","isPartOf":{"@id":"https:\/\/tmg.hu\/#website"},"primaryImageOfPage":{"@id":"https:\/\/tmg.hu\/termek\/az-ember-vege-a-termeszet-eselye\/#primaryimage"},"image":{"@id":"https:\/\/tmg.hu\/termek\/az-ember-vege-a-termeszet-eselye\/#primaryimage"},"thumbnailUrl":"https:\/\/tmg.hu\/wp-content\/uploads\/2024\/10\/az-ember-vege.jpg","datePublished":"2024-10-21T22:37:06+00:00","dateModified":"2026-02-02T11:00:37+00:00","breadcrumb":{"@id":"https:\/\/tmg.hu\/termek\/az-ember-vege-a-termeszet-eselye\/#breadcrumb"},"inLanguage":"en-US","potentialAction":[{"@type":"ReadAction","target":["https:\/\/tmg.hu\/termek\/az-ember-vege-a-termeszet-eselye\/"]}]},{"@type":"ImageObject","inLanguage":"en-US","@id":"https:\/\/tmg.hu\/termek\/az-ember-vege-a-termeszet-eselye\/#primaryimage","url":"https:\/\/tmg.hu\/wp-content\/uploads\/2024\/10\/az-ember-vege.jpg","contentUrl":"https:\/\/tmg.hu\/wp-content\/uploads\/2024\/10\/az-ember-vege.jpg","width":742,"height":1042},{"@type":"BreadcrumbList","@id":"https:\/\/tmg.hu\/termek\/az-ember-vege-a-termeszet-eselye\/#breadcrumb","itemListElement":[{"@type":"ListItem","position":1,"name":"Home","item":"https:\/\/tmg.hu\/"},{"@type":"ListItem","position":2,"name":"Webshop","item":"https:\/\/tmg.hu\/webshop\/"},{"@type":"ListItem","position":3,"name":"Az ember v\u00e9ge, a term\u00e9szet es\u00e9lye"}]},{"@type":"WebSite","@id":"https:\/\/tmg.hu\/#website","url":"https:\/\/tmg.hu\/","name":"TMG - Soil Renewal Farmers' Association","description":"Soil Restoration Farmers Association","publisher":{"@id":"https:\/\/tmg.hu\/#organization"},"potentialAction":[{"@type":"SearchAction","target":{"@type":"EntryPoint","urlTemplate":"https:\/\/tmg.hu\/?s={search_term_string}"},"query-input":{"@type":"PropertyValueSpecification","valueRequired":true,"valueName":"search_term_string"}}],"inLanguage":"en-US"},{"@type":"Organization","@id":"https:\/\/tmg.hu\/#organization","name":"Soil Restoration Farmers Association","url":"https:\/\/tmg.hu\/","logo":{"@type":"ImageObject","inLanguage":"en-US","@id":"https:\/\/tmg.hu\/#\/schema\/logo\/image\/","url":"https:\/\/tmg.hu\/wp-content\/uploads\/2024\/10\/tmg_og_logo.png","contentUrl":"https:\/\/tmg.hu\/wp-content\/uploads\/2024\/10\/tmg_og_logo.png","width":1200,"height":630,"caption":"Talajmeg\u00faj\u00edt\u00f3 Gazd\u00e1k Egyes\u00fclete"},"image":{"@id":"https:\/\/tmg.hu\/#\/schema\/logo\/image\/"},"sameAs":["https:\/\/www.facebook.com\/tmg.egyesulet\/","https:\/\/www.instagram.com\/tmg.hu\/","https:\/\/www.youtube.com\/@tmg_egyesulet"]}]}},"_links":{"self":[{"href":"https:\/\/tmg.hu\/en\/wp-json\/wp\/v2\/product\/8749","targetHints":{"allow":["GET"]}}],"collection":[{"href":"https:\/\/tmg.hu\/en\/wp-json\/wp\/v2\/product"}],"about":[{"href":"https:\/\/tmg.hu\/en\/wp-json\/wp\/v2\/types\/product"}],"wp:featuredmedia":[{"embeddable":true,"href":"https:\/\/tmg.hu\/en\/wp-json\/wp\/v2\/media\/8791"}],"wp:attachment":[{"href":"https:\/\/tmg.hu\/en\/wp-json\/wp\/v2\/media?parent=8749"}],"wp:term":[{"taxonomy":"product_brand","embeddable":true,"href":"https:\/\/tmg.hu\/en\/wp-json\/wp\/v2\/product_brand?post=8749"},{"taxonomy":"product_cat","embeddable":true,"href":"https:\/\/tmg.hu\/en\/wp-json\/wp\/v2\/product_cat?post=8749"},{"taxonomy":"product_tag","embeddable":true,"href":"https:\/\/tmg.hu\/en\/wp-json\/wp\/v2\/product_tag?post=8749"}],"curies":[{"name":"wp","href":"https:\/\/api.w.org\/{rel}","templated":true}]}}