{"id":10410,"date":"2025-10-17T04:51:27","date_gmt":"2025-10-17T02:51:27","guid":{"rendered":"https:\/\/tmg.hu\/?post_type=product&#038;p=10410"},"modified":"2026-04-12T10:26:26","modified_gmt":"2026-04-12T08:26:26","slug":"support-our-association","status":"publish","type":"product","link":"https:\/\/tmg.hu\/en\/rooms\/support-our-association\/","title":{"rendered":"Support our Association!"},"content":{"rendered":"<p>Those who support our Association are supporting the creation of a complex agricultural system.<\/p>\n<p>It helps to create healthy soil, healthy plants and healthy ecosystems as soon as possible.<\/p>\n<p><strong>Further information: <a href=\"https:\/\/tmg.hu\/en\/tamogatas\/\" target=\"_blank\" rel=\"noopener\">tmg.hu\/support<\/a><\/strong><\/p>\n<div class=\"faq-container\">\n\n    <div class=\"row\">\n        <div class=\"col\">\n\n            <div class=\"text-center mb-5\">\n                <h2>GY.I.K.<\/h2>\n            <\/div>\n\n        <\/div>\n    <\/div>\n\n    <div class=\"row\">\n\n        <div class=\"col-12 col-lg-8\">\n\n            <div class=\"accordion\" id=\"faqAccordion\">\n\n\t\t\t\t\n                    <div class=\"accordion-item my-2\">\n\n                        <h2 class=\"accordion-header\">\n\n                            <button class=\"accordion-button collapsed fw-bold fs-6\"\n                                    type=\"button\"\n                                    data-bs-toggle=\"collapse\"\n                                    data-bs-target=\"#faq-collapse-7558\"\n                                    aria-expanded=\"false\"\n                                    aria-controls=\"faq-collapse-7558\"\n                            >\n\t\t\t\t\t\t\t\tIs it possible to support your activities on a monthly basis?                            <\/button>\n\n                        <\/h2>\n\n                        <div id=\"faq-collapse-7558\"\n                             class=\"accordion-collapse collapse\"\n                             data-bs-parent=\"#faqAccordion\"\n                        >\n\n                            <div class=\"accordion-body pt-4 fs-6\">\n\t\t\t\t\t\t\t\t<!-- wp:paragraph -->\n<p>Of course. The easiest way is to set up a regular monthly transfer with your bank.<\/p>\n<!-- \/wp:paragraph -->\n\n<!-- wp:paragraph -->\n<p>In this case, please refer here:<\/p>\n<!-- \/wp:paragraph -->\n\n<!-- wp:paragraph -->\n<p><strong>Soil Restoration Farmers Association<br><\/strong>K&amp;H Bank <strong>10402829-50526889-50551001<\/strong><br>In the message please write <strong>your name<\/strong> and that \"<strong>TMG support<\/strong>\"<\/p>\n<!-- \/wp:paragraph -->                            <\/div>\n\n                        <\/div>\n\n                    <\/div>\n\n\t\t\t\t\n                    <div class=\"accordion-item my-2\">\n\n                        <h2 class=\"accordion-header\">\n\n                            <button class=\"accordion-button collapsed fw-bold fs-6\"\n                                    type=\"button\"\n                                    data-bs-toggle=\"collapse\"\n                                    data-bs-target=\"#faq-collapse-7557\"\n                                    aria-expanded=\"false\"\n                                    aria-controls=\"faq-collapse-7557\"\n                            >\n\t\t\t\t\t\t\t\tCan I support you from abroad?                            <\/button>\n\n                        <\/h2>\n\n                        <div id=\"faq-collapse-7557\"\n                             class=\"accordion-collapse collapse\"\n                             data-bs-parent=\"#faqAccordion\"\n                        >\n\n                            <div class=\"accordion-body pt-4 fs-6\">\n\t\t\t\t\t\t\t\t<!-- wp:paragraph -->\n<p>Yes, we can accept funding from abroad.<\/p>\n<!-- \/wp:paragraph -->                            <\/div>\n\n                        <\/div>\n\n                    <\/div>\n\n\t\t\t\t\n                    <div class=\"accordion-item my-2\">\n\n                        <h2 class=\"accordion-header\">\n\n                            <button class=\"accordion-button collapsed fw-bold fs-6\"\n                                    type=\"button\"\n                                    data-bs-toggle=\"collapse\"\n                                    data-bs-target=\"#faq-collapse-7556\"\n                                    aria-expanded=\"false\"\n                                    aria-controls=\"faq-collapse-7556\"\n                            >\n\t\t\t\t\t\t\t\tCan I support you as a company?                            <\/button>\n\n                        <\/h2>\n\n                        <div id=\"faq-collapse-7556\"\n                             class=\"accordion-collapse collapse\"\n                             data-bs-parent=\"#faqAccordion\"\n                        >\n\n                            <div class=\"accordion-body pt-4 fs-6\">\n\t\t\t\t\t\t\t\t<!-- wp:paragraph -->\n<p>Yes, you can transfer funds to our Association as a company. We can send you a certificate of this, if you wish, so that you can use it to reduce your tax base if possible. This is because the subsidy is an eligible expense for the purposes of the business activity.<\/p>\n<!-- \/wp:paragraph -->                            <\/div>\n\n                        <\/div>\n\n                    <\/div>\n\n\t\t\t\t\n                    <div class=\"accordion-item my-2\">\n\n                        <h2 class=\"accordion-header\">\n\n                            <button class=\"accordion-button collapsed fw-bold fs-6\"\n                                    type=\"button\"\n                                    data-bs-toggle=\"collapse\"\n                                    data-bs-target=\"#faq-collapse-7554\"\n                                    aria-expanded=\"false\"\n                                    aria-controls=\"faq-collapse-7554\"\n                            >\n\t\t\t\t\t\t\t\tHow much can I support your work?                            <\/button>\n\n                        <\/h2>\n\n                        <div id=\"faq-collapse-7554\"\n                             class=\"accordion-collapse collapse\"\n                             data-bs-parent=\"#faqAccordion\"\n                        >\n\n                            <div class=\"accordion-body pt-4 fs-6\">\n\t\t\t\t\t\t\t\t<!-- wp:paragraph -->\n<p>Contributions of any size are welcome. For us, every donation is of equal weight, because we know that you will support us in whatever way is comfortable and meaningful to you. That means a different amount for each of us.<\/p>\n<!-- \/wp:paragraph -->\n\n<!-- wp:paragraph -->\n<p>At the bottom of this page we offer six different amounts, from 1.000 to 50.000 HUF. You can pay these by clicking on the appropriate button, using a simple credit card transaction, just like shopping online. If you would like to pay a different amount, you can also do so by entering a specific amount in the box.<\/p>\n<!-- \/wp:paragraph -->                            <\/div>\n\n                        <\/div>\n\n                    <\/div>\n\n\t\t\t\t\n                    <div class=\"accordion-item my-2\">\n\n                        <h2 class=\"accordion-header\">\n\n                            <button class=\"accordion-button collapsed fw-bold fs-6\"\n                                    type=\"button\"\n                                    data-bs-toggle=\"collapse\"\n                                    data-bs-target=\"#faq-collapse-7555\"\n                                    aria-expanded=\"false\"\n                                    aria-controls=\"faq-collapse-7555\"\n                            >\n\t\t\t\t\t\t\t\tHow will you spend my grant?                            <\/button>\n\n                        <\/h2>\n\n                        <div id=\"faq-collapse-7555\"\n                             class=\"accordion-collapse collapse\"\n                             data-bs-parent=\"#faqAccordion\"\n                        >\n\n                            <div class=\"accordion-body pt-4 fs-6\">\n\t\t\t\t\t\t\t\t<!-- wp:paragraph -->\n<p>Currently, the funds raised are used to cover publishing costs and to purchase, prepare and improve the presentation equipment needed for the practical training days.<\/p>\n<!-- \/wp:paragraph -->                            <\/div>\n\n                        <\/div>\n\n                    <\/div>\n\n\t\t\t\t\n                    <div class=\"accordion-item my-2\">\n\n                        <h2 class=\"accordion-header\">\n\n                            <button class=\"accordion-button collapsed fw-bold fs-6\"\n                                    type=\"button\"\n                                    data-bs-toggle=\"collapse\"\n                                    data-bs-target=\"#faq-collapse-7553\"\n                                    aria-expanded=\"false\"\n                                    aria-controls=\"faq-collapse-7553\"\n                            >\n\t\t\t\t\t\t\t\tWhy do you need my support?                            <\/button>\n\n                        <\/h2>\n\n                        <div id=\"faq-collapse-7553\"\n                             class=\"accordion-collapse collapse\"\n                             data-bs-parent=\"#faqAccordion\"\n                        >\n\n                            <div class=\"accordion-body pt-4 fs-6\">\n\t\t\t\t\t\t\t\t<!-- wp:paragraph -->\n<p>Dear prospective Supporter!<\/p>\n<!-- \/wp:paragraph -->\n\n<!-- wp:paragraph -->\n<p>For us, the issue of soil renewal is extremely important. We want to see something done as widely as possible to restore soil health. That's why we're working to help as many farmers as possible to make the switch to regenerative agriculture. Our association is mainly supported by membership fees. Our fellow farmers also provide the financial and intellectual capital for our outreach and education programmes. This is your opportunity to contribute and be part of the change by strengthening the financial stability of our organisation.<\/p>\n<!-- \/wp:paragraph -->                            <\/div>\n\n                        <\/div>\n\n                    <\/div>\n\n\t\t\t\t\n            <\/div>\n\n        <\/div>\n\n        <div class=\"col-12 col-lg-4\">\n\n            <div class=\"d-flex flex-column align-items-center text-center\">\n\n                <div>\n                    <span class=\"font-size-huge text-light-green fw-bold\">?<\/span>\n                <\/div>\n\n                <div class=\"mb-4\">\n                    <span class=\"fs-2 fw-bold\">Do you have any other questions?<\/span>\n                <\/div>\n\n                <div class=\"mb-5\">\n\n                    <span class=\"fw-light fs-6\">\n                        If you can't find the answer you're looking for, please contact us by clicking on the button below and one of our colleagues will be happy to answer your question!\n                    <\/span>\n\n                <\/div>\n\n                <div class=\"\">\n                    <a href=\"https:\/\/tmg.hu\/en\/kapcsolat\"\n                       class=\"btn btn-secondary rounded-0 text-white fw-bold text-uppercase px-5\">Contact<\/a>\n                <\/div>\n\n            <\/div>\n\n        <\/div>\n\n    <\/div>\n\n<\/div>","protected":false},"excerpt":{"rendered":"<p><strong>Give us a chance to change!<\/strong><\/p>\n<p>Please support us if you think it's important to put food on the plates of our children and grandchildren. Food that feeds and nourishes.<\/p>","protected":false},"featured_media":6555,"template":"","meta":[],"product_brand":[],"product_cat":[77],"product_tag":[],"class_list":{"0":"post-10410","1":"product","2":"type-product","3":"status-publish","4":"has-post-thumbnail","6":"product_cat-tamogatas","8":"first","9":"instock","10":"purchasable","11":"product-type-variable"},"bundled_by":[],"bundle_stock_status":"instock","bundle_stock_quantity":null,"bundle_virtual":false,"bundle_layout":"","bundle_add_to_cart_form_location":"","bundle_editable_in_cart":false,"bundle_sold_individually_context":"","bundle_item_grouping":"","bundle_min_size":"","bundle_max_size":"","bundle_price":[],"bundled_items":[],"bundle_sell_ids":[],"yoast_head":"<!-- This site is optimized with the Yoast SEO plugin v26.6 - https:\/\/yoast.com\/wordpress\/plugins\/seo\/ -->\n<title>T\u00e1mogasd Egyes\u00fclet\u00fcnket! - Talajmeg\u00faj\u00edt\u00f3 Gazd\u00e1k Egyes\u00fclete<\/title>\n<meta name=\"robots\" content=\"index, follow, max-snippet:-1, max-image-preview:large, max-video-preview:-1\" \/>\n<link rel=\"canonical\" href=\"https:\/\/tmg.hu\/en\/rooms\/support-our-association\/\" \/>\n<meta property=\"og:locale\" content=\"en_US\" \/>\n<meta property=\"og:type\" content=\"article\" \/>\n<meta property=\"og:title\" content=\"T\u00e1mogasd Egyes\u00fclet\u00fcnket! - Talajmeg\u00faj\u00edt\u00f3 Gazd\u00e1k Egyes\u00fclete\" \/>\n<meta property=\"og:description\" content=\"Adj es\u00e9lyt a v\u00e1ltoz\u00e1sra!  K\u00e9rlek, t\u00e1mogass minket, ha Te is fontosnak tartod, hogy a gyermekeink \u00e9s az unok\u00e1ink t\u00e1ny\u00e9rj\u00e1ra is jusson falat. Olyan falat, ami \u00e9ltet \u00e9s t\u00e1pl\u00e1l.\" \/>\n<meta property=\"og:url\" content=\"https:\/\/tmg.hu\/en\/rooms\/support-our-association\/\" \/>\n<meta property=\"og:site_name\" content=\"Talajmeg\u00faj\u00edt\u00f3 Gazd\u00e1k Egyes\u00fclete\" \/>\n<meta property=\"article:publisher\" content=\"https:\/\/www.facebook.com\/tmg.egyesulet\/\" \/>\n<meta property=\"article:modified_time\" content=\"2026-04-12T08:26:26+00:00\" \/>\n<meta property=\"og:image\" content=\"https:\/\/tmg.hu\/wp-content\/uploads\/2024\/08\/TMG-tamogatas-rajz.png\" \/>\n\t<meta property=\"og:image:width\" content=\"790\" \/>\n\t<meta property=\"og:image:height\" content=\"687\" \/>\n\t<meta property=\"og:image:type\" content=\"image\/png\" \/>\n<meta name=\"twitter:card\" content=\"summary_large_image\" \/>\n<meta name=\"twitter:label1\" content=\"Est. reading time\" \/>\n\t<meta name=\"twitter:data1\" content=\"1 minute\" \/>\n<script type=\"application\/ld+json\" class=\"yoast-schema-graph\">{\"@context\":\"https:\/\/schema.org\",\"@graph\":[{\"@type\":\"WebPage\",\"@id\":\"https:\/\/tmg.hu\/termek\/tamogasd-egyesuletunket\/\",\"url\":\"https:\/\/tmg.hu\/termek\/tamogasd-egyesuletunket\/\",\"name\":\"T\u00e1mogasd Egyes\u00fclet\u00fcnket! - Talajmeg\u00faj\u00edt\u00f3 Gazd\u00e1k Egyes\u00fclete\",\"isPartOf\":{\"@id\":\"https:\/\/tmg.hu\/#website\"},\"primaryImageOfPage\":{\"@id\":\"https:\/\/tmg.hu\/termek\/tamogasd-egyesuletunket\/#primaryimage\"},\"image\":{\"@id\":\"https:\/\/tmg.hu\/termek\/tamogasd-egyesuletunket\/#primaryimage\"},\"thumbnailUrl\":\"https:\/\/tmg.hu\/wp-content\/uploads\/2024\/08\/TMG-tamogatas-rajz.png\",\"datePublished\":\"2025-10-17T02:51:27+00:00\",\"dateModified\":\"2026-04-12T08:26:26+00:00\",\"breadcrumb\":{\"@id\":\"https:\/\/tmg.hu\/termek\/tamogasd-egyesuletunket\/#breadcrumb\"},\"inLanguage\":\"en-US\",\"potentialAction\":[{\"@type\":\"ReadAction\",\"target\":[\"https:\/\/tmg.hu\/termek\/tamogasd-egyesuletunket\/\"]}]},{\"@type\":\"ImageObject\",\"inLanguage\":\"en-US\",\"@id\":\"https:\/\/tmg.hu\/termek\/tamogasd-egyesuletunket\/#primaryimage\",\"url\":\"https:\/\/tmg.hu\/wp-content\/uploads\/2024\/08\/TMG-tamogatas-rajz.png\",\"contentUrl\":\"https:\/\/tmg.hu\/wp-content\/uploads\/2024\/08\/TMG-tamogatas-rajz.png\",\"width\":790,\"height\":687},{\"@type\":\"BreadcrumbList\",\"@id\":\"https:\/\/tmg.hu\/termek\/tamogasd-egyesuletunket\/#breadcrumb\",\"itemListElement\":[{\"@type\":\"ListItem\",\"position\":1,\"name\":\"Home\",\"item\":\"https:\/\/tmg.hu\/\"},{\"@type\":\"ListItem\",\"position\":2,\"name\":\"Webshop\",\"item\":\"https:\/\/tmg.hu\/webshop\/\"},{\"@type\":\"ListItem\",\"position\":3,\"name\":\"T\u00e1mogasd Egyes\u00fclet\u00fcnket!\"}]},{\"@type\":\"WebSite\",\"@id\":\"https:\/\/tmg.hu\/#website\",\"url\":\"https:\/\/tmg.hu\/\",\"name\":\"TMG - Talajmeg\u00faj\u00edt\u00f3 Gazd\u00e1k Egyes\u00fclete\",\"description\":\"Talajmeg\u00faj\u00edt\u00f3 Gazd\u00e1k Egyes\u00fclete\",\"publisher\":{\"@id\":\"https:\/\/tmg.hu\/#organization\"},\"potentialAction\":[{\"@type\":\"SearchAction\",\"target\":{\"@type\":\"EntryPoint\",\"urlTemplate\":\"https:\/\/tmg.hu\/?s={search_term_string}\"},\"query-input\":{\"@type\":\"PropertyValueSpecification\",\"valueRequired\":true,\"valueName\":\"search_term_string\"}}],\"inLanguage\":\"en-US\"},{\"@type\":\"Organization\",\"@id\":\"https:\/\/tmg.hu\/#organization\",\"name\":\"Talajmeg\u00faj\u00edt\u00f3 Gazd\u00e1k Egyes\u00fclete\",\"url\":\"https:\/\/tmg.hu\/\",\"logo\":{\"@type\":\"ImageObject\",\"inLanguage\":\"en-US\",\"@id\":\"https:\/\/tmg.hu\/#\/schema\/logo\/image\/\",\"url\":\"https:\/\/tmg.hu\/wp-content\/uploads\/2024\/10\/tmg_og_logo.png\",\"contentUrl\":\"https:\/\/tmg.hu\/wp-content\/uploads\/2024\/10\/tmg_og_logo.png\",\"width\":1200,\"height\":630,\"caption\":\"Talajmeg\u00faj\u00edt\u00f3 Gazd\u00e1k Egyes\u00fclete\"},\"image\":{\"@id\":\"https:\/\/tmg.hu\/#\/schema\/logo\/image\/\"},\"sameAs\":[\"https:\/\/www.facebook.com\/tmg.egyesulet\/\",\"https:\/\/www.instagram.com\/tmg.hu\/\",\"https:\/\/www.youtube.com\/@tmg_egyesulet\"]}]}<\/script>\n<!-- \/ Yoast SEO plugin. -->","yoast_head_json":{"title":"Support our association! - Association of Soil-Renewing Farmers","robots":{"index":"index","follow":"follow","max-snippet":"max-snippet:-1","max-image-preview":"max-image-preview:large","max-video-preview":"max-video-preview:-1"},"canonical":"https:\/\/tmg.hu\/en\/rooms\/support-our-association\/","og_locale":"en_US","og_type":"article","og_title":"T\u00e1mogasd Egyes\u00fclet\u00fcnket! - Talajmeg\u00faj\u00edt\u00f3 Gazd\u00e1k Egyes\u00fclete","og_description":"Adj es\u00e9lyt a v\u00e1ltoz\u00e1sra!  K\u00e9rlek, t\u00e1mogass minket, ha Te is fontosnak tartod, hogy a gyermekeink \u00e9s az unok\u00e1ink t\u00e1ny\u00e9rj\u00e1ra is jusson falat. Olyan falat, ami \u00e9ltet \u00e9s t\u00e1pl\u00e1l.","og_url":"https:\/\/tmg.hu\/en\/rooms\/support-our-association\/","og_site_name":"Talajmeg\u00faj\u00edt\u00f3 Gazd\u00e1k Egyes\u00fclete","article_publisher":"https:\/\/www.facebook.com\/tmg.egyesulet\/","article_modified_time":"2026-04-12T08:26:26+00:00","og_image":[{"width":790,"height":687,"url":"https:\/\/tmg.hu\/wp-content\/uploads\/2024\/08\/TMG-tamogatas-rajz.png","type":"image\/png"}],"twitter_card":"summary_large_image","twitter_misc":{"Est. reading time":"1 minute"},"schema":{"@context":"https:\/\/schema.org","@graph":[{"@type":"WebPage","@id":"https:\/\/tmg.hu\/termek\/tamogasd-egyesuletunket\/","url":"https:\/\/tmg.hu\/termek\/tamogasd-egyesuletunket\/","name":"Support our association! - Association of Soil-Renewing Farmers","isPartOf":{"@id":"https:\/\/tmg.hu\/#website"},"primaryImageOfPage":{"@id":"https:\/\/tmg.hu\/termek\/tamogasd-egyesuletunket\/#primaryimage"},"image":{"@id":"https:\/\/tmg.hu\/termek\/tamogasd-egyesuletunket\/#primaryimage"},"thumbnailUrl":"https:\/\/tmg.hu\/wp-content\/uploads\/2024\/08\/TMG-tamogatas-rajz.png","datePublished":"2025-10-17T02:51:27+00:00","dateModified":"2026-04-12T08:26:26+00:00","breadcrumb":{"@id":"https:\/\/tmg.hu\/termek\/tamogasd-egyesuletunket\/#breadcrumb"},"inLanguage":"en-US","potentialAction":[{"@type":"ReadAction","target":["https:\/\/tmg.hu\/termek\/tamogasd-egyesuletunket\/"]}]},{"@type":"ImageObject","inLanguage":"en-US","@id":"https:\/\/tmg.hu\/termek\/tamogasd-egyesuletunket\/#primaryimage","url":"https:\/\/tmg.hu\/wp-content\/uploads\/2024\/08\/TMG-tamogatas-rajz.png","contentUrl":"https:\/\/tmg.hu\/wp-content\/uploads\/2024\/08\/TMG-tamogatas-rajz.png","width":790,"height":687},{"@type":"BreadcrumbList","@id":"https:\/\/tmg.hu\/termek\/tamogasd-egyesuletunket\/#breadcrumb","itemListElement":[{"@type":"ListItem","position":1,"name":"Home","item":"https:\/\/tmg.hu\/"},{"@type":"ListItem","position":2,"name":"Webshop","item":"https:\/\/tmg.hu\/webshop\/"},{"@type":"ListItem","position":3,"name":"T\u00e1mogasd Egyes\u00fclet\u00fcnket!"}]},{"@type":"WebSite","@id":"https:\/\/tmg.hu\/#website","url":"https:\/\/tmg.hu\/","name":"TMG - Soil Renewal Farmers' Association","description":"Soil Restoration Farmers Association","publisher":{"@id":"https:\/\/tmg.hu\/#organization"},"potentialAction":[{"@type":"SearchAction","target":{"@type":"EntryPoint","urlTemplate":"https:\/\/tmg.hu\/?s={search_term_string}"},"query-input":{"@type":"PropertyValueSpecification","valueRequired":true,"valueName":"search_term_string"}}],"inLanguage":"en-US"},{"@type":"Organization","@id":"https:\/\/tmg.hu\/#organization","name":"Soil Restoration Farmers Association","url":"https:\/\/tmg.hu\/","logo":{"@type":"ImageObject","inLanguage":"en-US","@id":"https:\/\/tmg.hu\/#\/schema\/logo\/image\/","url":"https:\/\/tmg.hu\/wp-content\/uploads\/2024\/10\/tmg_og_logo.png","contentUrl":"https:\/\/tmg.hu\/wp-content\/uploads\/2024\/10\/tmg_og_logo.png","width":1200,"height":630,"caption":"Talajmeg\u00faj\u00edt\u00f3 Gazd\u00e1k Egyes\u00fclete"},"image":{"@id":"https:\/\/tmg.hu\/#\/schema\/logo\/image\/"},"sameAs":["https:\/\/www.facebook.com\/tmg.egyesulet\/","https:\/\/www.instagram.com\/tmg.hu\/","https:\/\/www.youtube.com\/@tmg_egyesulet"]}]}},"_links":{"self":[{"href":"https:\/\/tmg.hu\/en\/wp-json\/wp\/v2\/product\/10410","targetHints":{"allow":["GET"]}}],"collection":[{"href":"https:\/\/tmg.hu\/en\/wp-json\/wp\/v2\/product"}],"about":[{"href":"https:\/\/tmg.hu\/en\/wp-json\/wp\/v2\/types\/product"}],"wp:featuredmedia":[{"embeddable":true,"href":"https:\/\/tmg.hu\/en\/wp-json\/wp\/v2\/media\/6555"}],"wp:attachment":[{"href":"https:\/\/tmg.hu\/en\/wp-json\/wp\/v2\/media?parent=10410"}],"wp:term":[{"taxonomy":"product_brand","embeddable":true,"href":"https:\/\/tmg.hu\/en\/wp-json\/wp\/v2\/product_brand?post=10410"},{"taxonomy":"product_cat","embeddable":true,"href":"https:\/\/tmg.hu\/en\/wp-json\/wp\/v2\/product_cat?post=10410"},{"taxonomy":"product_tag","embeddable":true,"href":"https:\/\/tmg.hu\/en\/wp-json\/wp\/v2\/product_tag?post=10410"}],"curies":[{"name":"wp","href":"https:\/\/api.w.org\/{rel}","templated":true}]}}