{"id":3716,"date":"2023-11-11T23:17:13","date_gmt":"2023-11-11T22:17:13","guid":{"rendered":"https:\/\/tmg.hu\/?page_id=3716"},"modified":"2023-11-28T14:21:37","modified_gmt":"2023-11-28T13:21:37","slug":"data-controllers-response","status":"publish","type":"page","link":"https:\/\/tmg.hu\/en\/data-controllers-response\/","title":{"rendered":"Privacy Notice - REAG"},"content":{"rendered":"<div data-elementor-type=\"wp-page\" data-elementor-id=\"3716\" class=\"elementor elementor-3716\" data-elementor-post-type=\"page\">\n\t\t\t\t\t\t<section class=\"elementor-section elementor-top-section elementor-element elementor-element-54f433de elementor-section-boxed elementor-section-height-default elementor-section-height-default\" data-id=\"54f433de\" data-element_type=\"section\">\n\t\t\t\t\t\t<div class=\"elementor-container elementor-column-gap-default\">\n\t\t\t\t\t<div class=\"elementor-column elementor-col-100 elementor-top-column elementor-element elementor-element-5bb9f84f\" data-id=\"5bb9f84f\" data-element_type=\"column\">\n\t\t\t<div class=\"elementor-widget-wrap elementor-element-populated\">\n\t\t\t\t\t\t<div class=\"elementor-element elementor-element-07a92cb elementor-widget elementor-widget-heading\" data-id=\"07a92cb\" data-element_type=\"widget\" data-widget_type=\"heading.default\">\n\t\t\t\t<div class=\"elementor-widget-container\">\n\t\t\t\t\t<h1 class=\"elementor-heading-title elementor-size-default\">Privacy Notice - REAG<\/h1>\t\t\t\t<\/div>\n\t\t\t\t<\/div>\n\t\t\t\t<div class=\"elementor-element elementor-element-1b81a08c elementor-widget elementor-widget-text-editor\" data-id=\"1b81a08c\" data-element_type=\"widget\" data-widget_type=\"text-editor.default\">\n\t\t\t\t<div class=\"elementor-widget-container\">\n\t\t\t\t\t\t\t\t\t\n<p>Your personal data is processed by the Association of Soil Renewal Farmers (hereinafter TMG Association; 6774, Ferencsz\u00e1ll\u00e1s, Szegedi u. 3.)<\/p>\n\n<p>The event will be video and audio recorded. By participating in the event, you give your prior and express consent to the recording and communication of your face, appearance and expressions by the TMG Association or by a professional commissioned by the TMG Association to make audio and\/or video recordings. The use of the audio and\/or video recording is unrestricted in space, time and manner of use, and TMG Association is free to exploit, use (e.g. to promote its future events), reproduce, publish, adapt, publish and distribute the audio and\/or video recording of you without any limitation in the future, subject to the applicable legal provisions and in compliance with your privacy rights. You shall not be entitled to any consideration whatsoever, whether in advance or subsequently, and you shall have no claim or demand of any kind against TMG Association for any such consideration. Images and videos taken during the event will be handled until your consent is withdrawn.<\/p>\n\t\t\t\t\t\t\t\t<\/div>\n\t\t\t\t<\/div>\n\t\t\t\t\t<\/div>\n\t\t<\/div>\n\t\t\t\t\t<\/div>\n\t\t<\/section>\n\t\t\t\t<\/div>","protected":false},"excerpt":{"rendered":"<p>Privacy Policy - REAG Your personal data is handled by the Association of Soil Renewal Farmers (hereinafter TMG Association; 6774, Ferencsz\u00e1ll\u00e1s, Szegedi u. 3.) The event is recorded on video and audio. By participating in the event, you give your prior and express consent to the recording and communication of your face, appearance and manifestations by the TMG Association or by a professional commissioned by the TMG Association for the purpose of [...]<\/p>","protected":false},"author":141,"featured_media":0,"parent":0,"menu_order":0,"comment_status":"closed","ping_status":"closed","template":"elementor_header_footer","meta":{"footnotes":""},"class_list":["post-3716","page","type-page","status-publish","hentry"],"yoast_head":"<!-- This site is optimized with the Yoast SEO plugin v26.6 - https:\/\/yoast.com\/wordpress\/plugins\/seo\/ -->\n<title>Adatkezel\u00e9si t\u00e1j\u00e9koztat\u00f3 - REAG - Talajmeg\u00faj\u00edt\u00f3 Gazd\u00e1k Egyes\u00fclete<\/title>\n<meta name=\"robots\" content=\"index, follow, max-snippet:-1, max-image-preview:large, max-video-preview:-1\" \/>\n<link rel=\"canonical\" href=\"https:\/\/tmg.hu\/en\/data-controllers-response\/\" \/>\n<meta property=\"og:locale\" content=\"en_US\" \/>\n<meta property=\"og:type\" content=\"article\" \/>\n<meta property=\"og:title\" content=\"Adatkezel\u00e9si t\u00e1j\u00e9koztat\u00f3 - REAG - Talajmeg\u00faj\u00edt\u00f3 Gazd\u00e1k Egyes\u00fclete\" \/>\n<meta property=\"og:description\" content=\"Adatkezel\u00e9si t\u00e1j\u00e9koztat\u00f3 &#8211; REAG Szem\u00e9lyes adataid kezel\u0151je a Talajmeg\u00faj\u00edt\u00f3 Gazd\u00e1k Egyes\u00fclete (a tov\u00e1bbiakban TMG Egyes\u00fclet; 6774, Ferencsz\u00e1ll\u00e1s, Szegedi u. 3.) A rendezv\u00e9nyen k\u00e9p- \u00e9s hangfelv\u00e9tel k\u00e9sz\u00fcl. A rendezv\u00e9nyen val\u00f3 r\u00e9szv\u00e9teleddel el\u0151re \u00e9s kifejezetten hozz\u00e1j\u00e1rul\u00e1sod adod arcod, megjelen\u00e9sed, megnyilv\u00e1nul\u00e1said r\u00f6gz\u00edt\u00e9s\u00e9hez \u00e9s k\u00f6zl\u00e9s\u00e9hez a TMG Egyes\u00fclet vagy a TMG Egyes\u00fclet \u00e1ltal megb\u00edzott szakember \u00e1ltal t\u00f6rt\u00e9n\u0151 hang \u00e9s\/vagy [&hellip;]\" \/>\n<meta property=\"og:url\" content=\"https:\/\/tmg.hu\/en\/data-controllers-response\/\" \/>\n<meta property=\"og:site_name\" content=\"Talajmeg\u00faj\u00edt\u00f3 Gazd\u00e1k Egyes\u00fclete\" \/>\n<meta property=\"article:publisher\" content=\"https:\/\/www.facebook.com\/tmg.egyesulet\/\" \/>\n<meta property=\"article:modified_time\" content=\"2023-11-28T13:21:37+00:00\" \/>\n<meta property=\"og:image\" content=\"https:\/\/tmg.hu\/wp-content\/uploads\/2024\/10\/tmg_og_logo.png\" \/>\n\t<meta property=\"og:image:width\" content=\"1200\" \/>\n\t<meta property=\"og:image:height\" content=\"630\" \/>\n\t<meta property=\"og:image:type\" content=\"image\/png\" \/>\n<meta name=\"twitter:card\" content=\"summary_large_image\" \/>\n<meta name=\"twitter:label1\" content=\"Est. reading time\" \/>\n\t<meta name=\"twitter:data1\" content=\"1 minute\" \/>\n<script type=\"application\/ld+json\" class=\"yoast-schema-graph\">{\"@context\":\"https:\/\/schema.org\",\"@graph\":[{\"@type\":\"WebPage\",\"@id\":\"https:\/\/tmg.hu\/adatkezelesi-tajekoztato-reag\/\",\"url\":\"https:\/\/tmg.hu\/adatkezelesi-tajekoztato-reag\/\",\"name\":\"Adatkezel\u00e9si t\u00e1j\u00e9koztat\u00f3 - REAG - Talajmeg\u00faj\u00edt\u00f3 Gazd\u00e1k Egyes\u00fclete\",\"isPartOf\":{\"@id\":\"https:\/\/tmg.hu\/#website\"},\"datePublished\":\"2023-11-11T22:17:13+00:00\",\"dateModified\":\"2023-11-28T13:21:37+00:00\",\"breadcrumb\":{\"@id\":\"https:\/\/tmg.hu\/adatkezelesi-tajekoztato-reag\/#breadcrumb\"},\"inLanguage\":\"en-US\",\"potentialAction\":[{\"@type\":\"ReadAction\",\"target\":[\"https:\/\/tmg.hu\/adatkezelesi-tajekoztato-reag\/\"]}]},{\"@type\":\"BreadcrumbList\",\"@id\":\"https:\/\/tmg.hu\/adatkezelesi-tajekoztato-reag\/#breadcrumb\",\"itemListElement\":[{\"@type\":\"ListItem\",\"position\":1,\"name\":\"Home\",\"item\":\"https:\/\/tmg.hu\/\"},{\"@type\":\"ListItem\",\"position\":2,\"name\":\"Adatkezel\u00e9si t\u00e1j\u00e9koztat\u00f3 &#8211; REAG\"}]},{\"@type\":\"WebSite\",\"@id\":\"https:\/\/tmg.hu\/#website\",\"url\":\"https:\/\/tmg.hu\/\",\"name\":\"TMG - Talajmeg\u00faj\u00edt\u00f3 Gazd\u00e1k Egyes\u00fclete\",\"description\":\"Talajmeg\u00faj\u00edt\u00f3 Gazd\u00e1k Egyes\u00fclete\",\"publisher\":{\"@id\":\"https:\/\/tmg.hu\/#organization\"},\"potentialAction\":[{\"@type\":\"SearchAction\",\"target\":{\"@type\":\"EntryPoint\",\"urlTemplate\":\"https:\/\/tmg.hu\/?s={search_term_string}\"},\"query-input\":{\"@type\":\"PropertyValueSpecification\",\"valueRequired\":true,\"valueName\":\"search_term_string\"}}],\"inLanguage\":\"en-US\"},{\"@type\":\"Organization\",\"@id\":\"https:\/\/tmg.hu\/#organization\",\"name\":\"Talajmeg\u00faj\u00edt\u00f3 Gazd\u00e1k Egyes\u00fclete\",\"url\":\"https:\/\/tmg.hu\/\",\"logo\":{\"@type\":\"ImageObject\",\"inLanguage\":\"en-US\",\"@id\":\"https:\/\/tmg.hu\/#\/schema\/logo\/image\/\",\"url\":\"https:\/\/tmg.hu\/wp-content\/uploads\/2024\/10\/tmg_og_logo.png\",\"contentUrl\":\"https:\/\/tmg.hu\/wp-content\/uploads\/2024\/10\/tmg_og_logo.png\",\"width\":1200,\"height\":630,\"caption\":\"Talajmeg\u00faj\u00edt\u00f3 Gazd\u00e1k Egyes\u00fclete\"},\"image\":{\"@id\":\"https:\/\/tmg.hu\/#\/schema\/logo\/image\/\"},\"sameAs\":[\"https:\/\/www.facebook.com\/tmg.egyesulet\/\",\"https:\/\/www.instagram.com\/tmg.hu\/\",\"https:\/\/www.youtube.com\/@tmg_egyesulet\"]}]}<\/script>\n<!-- \/ Yoast SEO plugin. -->","yoast_head_json":{"title":"Privacy Policy - REAG - Soil Renewal Association of Farmers","robots":{"index":"index","follow":"follow","max-snippet":"max-snippet:-1","max-image-preview":"max-image-preview:large","max-video-preview":"max-video-preview:-1"},"canonical":"https:\/\/tmg.hu\/en\/data-controllers-response\/","og_locale":"en_US","og_type":"article","og_title":"Adatkezel\u00e9si t\u00e1j\u00e9koztat\u00f3 - REAG - Talajmeg\u00faj\u00edt\u00f3 Gazd\u00e1k Egyes\u00fclete","og_description":"Adatkezel\u00e9si t\u00e1j\u00e9koztat\u00f3 &#8211; REAG Szem\u00e9lyes adataid kezel\u0151je a Talajmeg\u00faj\u00edt\u00f3 Gazd\u00e1k Egyes\u00fclete (a tov\u00e1bbiakban TMG Egyes\u00fclet; 6774, Ferencsz\u00e1ll\u00e1s, Szegedi u. 3.) A rendezv\u00e9nyen k\u00e9p- \u00e9s hangfelv\u00e9tel k\u00e9sz\u00fcl. A rendezv\u00e9nyen val\u00f3 r\u00e9szv\u00e9teleddel el\u0151re \u00e9s kifejezetten hozz\u00e1j\u00e1rul\u00e1sod adod arcod, megjelen\u00e9sed, megnyilv\u00e1nul\u00e1said r\u00f6gz\u00edt\u00e9s\u00e9hez \u00e9s k\u00f6zl\u00e9s\u00e9hez a TMG Egyes\u00fclet vagy a TMG Egyes\u00fclet \u00e1ltal megb\u00edzott szakember \u00e1ltal t\u00f6rt\u00e9n\u0151 hang \u00e9s\/vagy [&hellip;]","og_url":"https:\/\/tmg.hu\/en\/data-controllers-response\/","og_site_name":"Talajmeg\u00faj\u00edt\u00f3 Gazd\u00e1k Egyes\u00fclete","article_publisher":"https:\/\/www.facebook.com\/tmg.egyesulet\/","article_modified_time":"2023-11-28T13:21:37+00:00","og_image":[{"width":1200,"height":630,"url":"https:\/\/tmg.hu\/wp-content\/uploads\/2024\/10\/tmg_og_logo.png","type":"image\/png"}],"twitter_card":"summary_large_image","twitter_misc":{"Est. reading time":"1 minute"},"schema":{"@context":"https:\/\/schema.org","@graph":[{"@type":"WebPage","@id":"https:\/\/tmg.hu\/adatkezelesi-tajekoztato-reag\/","url":"https:\/\/tmg.hu\/adatkezelesi-tajekoztato-reag\/","name":"Privacy Policy - REAG - Soil Renewal Association of Farmers","isPartOf":{"@id":"https:\/\/tmg.hu\/#website"},"datePublished":"2023-11-11T22:17:13+00:00","dateModified":"2023-11-28T13:21:37+00:00","breadcrumb":{"@id":"https:\/\/tmg.hu\/adatkezelesi-tajekoztato-reag\/#breadcrumb"},"inLanguage":"en-US","potentialAction":[{"@type":"ReadAction","target":["https:\/\/tmg.hu\/adatkezelesi-tajekoztato-reag\/"]}]},{"@type":"BreadcrumbList","@id":"https:\/\/tmg.hu\/adatkezelesi-tajekoztato-reag\/#breadcrumb","itemListElement":[{"@type":"ListItem","position":1,"name":"Home","item":"https:\/\/tmg.hu\/"},{"@type":"ListItem","position":2,"name":"Adatkezel\u00e9si t\u00e1j\u00e9koztat\u00f3 &#8211; REAG"}]},{"@type":"WebSite","@id":"https:\/\/tmg.hu\/#website","url":"https:\/\/tmg.hu\/","name":"TMG - Soil Renewal Farmers' Association","description":"Soil Restoration Farmers Association","publisher":{"@id":"https:\/\/tmg.hu\/#organization"},"potentialAction":[{"@type":"SearchAction","target":{"@type":"EntryPoint","urlTemplate":"https:\/\/tmg.hu\/?s={search_term_string}"},"query-input":{"@type":"PropertyValueSpecification","valueRequired":true,"valueName":"search_term_string"}}],"inLanguage":"en-US"},{"@type":"Organization","@id":"https:\/\/tmg.hu\/#organization","name":"Soil Restoration Farmers Association","url":"https:\/\/tmg.hu\/","logo":{"@type":"ImageObject","inLanguage":"en-US","@id":"https:\/\/tmg.hu\/#\/schema\/logo\/image\/","url":"https:\/\/tmg.hu\/wp-content\/uploads\/2024\/10\/tmg_og_logo.png","contentUrl":"https:\/\/tmg.hu\/wp-content\/uploads\/2024\/10\/tmg_og_logo.png","width":1200,"height":630,"caption":"Talajmeg\u00faj\u00edt\u00f3 Gazd\u00e1k Egyes\u00fclete"},"image":{"@id":"https:\/\/tmg.hu\/#\/schema\/logo\/image\/"},"sameAs":["https:\/\/www.facebook.com\/tmg.egyesulet\/","https:\/\/www.instagram.com\/tmg.hu\/","https:\/\/www.youtube.com\/@tmg_egyesulet"]}]}},"_links":{"self":[{"href":"https:\/\/tmg.hu\/en\/wp-json\/wp\/v2\/pages\/3716","targetHints":{"allow":["GET"]}}],"collection":[{"href":"https:\/\/tmg.hu\/en\/wp-json\/wp\/v2\/pages"}],"about":[{"href":"https:\/\/tmg.hu\/en\/wp-json\/wp\/v2\/types\/page"}],"author":[{"embeddable":true,"href":"https:\/\/tmg.hu\/en\/wp-json\/wp\/v2\/users\/141"}],"replies":[{"embeddable":true,"href":"https:\/\/tmg.hu\/en\/wp-json\/wp\/v2\/comments?post=3716"}],"version-history":[{"count":14,"href":"https:\/\/tmg.hu\/en\/wp-json\/wp\/v2\/pages\/3716\/revisions"}],"predecessor-version":[{"id":4490,"href":"https:\/\/tmg.hu\/en\/wp-json\/wp\/v2\/pages\/3716\/revisions\/4490"}],"wp:attachment":[{"href":"https:\/\/tmg.hu\/en\/wp-json\/wp\/v2\/media?parent=3716"}],"curies":[{"name":"wp","href":"https:\/\/api.w.org\/{rel}","templated":true}]}}