{"id":9669,"date":"2025-02-20T02:20:44","date_gmt":"2025-02-20T01:20:44","guid":{"rendered":"https:\/\/tmg.hu\/?post_type=product&#038;p=9669"},"modified":"2026-04-12T10:21:18","modified_gmt":"2026-04-12T08:21:18","slug":"reag-viii-eloadas-felvetelek","status":"publish","type":"product","link":"https:\/\/tmg.hu\/de\/zimmer\/reag-viii-eloadas-felvetelek\/","title":{"rendered":"REAG VIII Vortragsaufzeichnungen"},"content":{"rendered":"<p><strong>Der Boden, der verbindet<\/strong><\/p>\n<p>Sie haben die 8. TMG REAG Soil Life Konferenz und Ausstellung verpasst? Jetzt k\u00f6nnen Sie es nachholen! Holen Sie sich die vollen drei Tage an Vortr\u00e4gen und erfahren Sie von praktizierenden Landwirten, innovativen Forschern und Experten der Bodenregeneration aus dem In- und Ausland die wichtigsten Themen der regenerativen Landwirtschaft.<\/p>\n<p>Diese Veranstaltung ist nicht nur eine Konferenz, sondern die gr\u00f6\u00dfte Veranstaltung zur regenerativen Landwirtschaft in Mitteleuropa, bei der Landwirte, Tierz\u00fcchter, Forscher, Experten, B\u00e4cker und K\u00f6che zusammenkommen, um ihr Wissen und ihre Erfahrungen mit den Besuchern zu teilen!<\/p>\n<p>Das Konferenzprogramm und die Referenten finden Sie hier:<\/p>\n<blockquote class=\"wp-embedded-content\" data-secret=\"66OG87rGaQ\"><p><a href=\"https:\/\/tmg.hu\/de\/tmg-reag-viii-boden-elite-konferenz-und-konferenz-2025\/\">TMG REAG VIII Soil Life Konferenz und Ausstellung - 2025.<\/a><\/p><\/blockquote>\n<p><iframe class=\"wp-embedded-content\" sandbox=\"allow-scripts\" security=\"restricted\" style=\"position: absolute; visibility: hidden;\" title=\"&quot;TMG REAG VIII Bodenleben Konferenz und Ausstellung - 2025&quot;. - Vereinigung der Bodenerneuerungslandwirte\" src=\"https:\/\/tmg.hu\/tmg-reag-viii-talajelet-konferencia-es-szakkiallitas-2025\/embed\/#?secret=xnVEGT6PFk#?secret=66OG87rGaQ\" data-secret=\"66OG87rGaQ\" width=\"600\" height=\"338\" frameborder=\"0\" marginwidth=\"0\" marginheight=\"0\" scrolling=\"no\"><\/iframe><\/p>\n<p>Innerhalb weniger Tage nach dem Kauf senden wir Ihnen Ihre Login-Daten an die von Ihnen angegebene E-Mail-Adresse, um auf Ihre REAG 8-Aufnahmen zuzugreifen.<\/p>\n<h2>Inhalt<\/h2>\n<h4><strong>Donnerstag - 16. Januar 2025.<\/strong><\/h4>\n<h5>Hauptb\u00fchne<\/h5>\n<p>Gro\u00dfe Ideen, f\u00fchrende Experten - entdecken Sie die tiefen Zusammenh\u00e4nge zwischen Natur, Landwirtschaft und menschlicher Gesundheit!<\/p>\n<p><span style=\"text-decoration: underline;\">Attila Szab\u00f3<\/span><br \/>\nEr\u00f6ffnung<\/p>\n<p><span style=\"text-decoration: underline;\">Dr. Anik\u00f3 Juh\u00e1sz<\/span><br \/>\nStellvertretender Staatssekret\u00e4r f\u00fcr Landwirtschaft<\/p>\n<p><span style=\"text-decoration: underline;\">Zolt\u00e1n K\u00e9zi<\/span><br \/>\nAusblick 2025: Wirtschaft, Ern\u00e4hrungswirtschaft, Finanzen<\/p>\n<p><span style=\"text-decoration: underline;\">Prof. Dr. Csaba Gyuricza<\/span><br \/>\nEinfach \u00fcber regenerative Landwirtschaft<\/p>\n<p><span style=\"text-decoration: underline;\">Anne Bikl\u00e9 (US)<\/span><br \/>\nWas hat Ihr Essen gegessen und warum ist es wichtig? \/ Was Ihr Essen gegessen hat und warum es wichtig ist<\/p>\n<p><span style=\"text-decoration: underline;\">Jean-Fran\u00e7ois Berthellot (FR)<\/span><br \/>\nWelche Kulturpflanzen sollten wir auf lebendigen B\u00f6den anbauen? Der Bedarf an Sorten mit hohem N\u00e4hrwert - der Fall Weizen. Ein anderer Ansatz f\u00fcr die Z\u00fcchtung.<\/p>\n<p><span style=\"text-decoration: underline;\">\u00c1d\u00e1m B\u00f3day<\/span><br \/>\nNat\u00fcrliche Quellen des menschlichen Mikrobioms - oder die Herkunft und Rolle von Umweltmikroben f\u00fcr die Gesundheit<\/p>\n<p><span style=\"text-decoration: underline;\">Ferenc Berend<\/span><br \/>\nIntermittierende Weidehaltung von Rindern auf Gr\u00fcnland<\/p>\n<p><span style=\"text-decoration: underline;\">Wasserwirtschaft, Landschaftspflege - die Grundlagen der zuk\u00fcnftigen Landwirtschaft<\/span><br \/>\nRunder Tisch<br \/>\nMarietta Szalai, S\u00e1ndor Szil\u00e1gyi, Attila Szeredi, J\u00e1nos Nagy, P\u00e9ter Balogh<br \/>\nUnter der Leitung von Dr. Erzs\u00e9bet N\u00e9medi<\/p>\n<h5>Kleine B\u00fchne<\/h5>\n<p>K\u00fcrzere, konzentrierte Pr\u00e4sentationen, die sofort anwendbares Wissen und neue Perspektiven bieten.<\/p>\n<p><span style=\"text-decoration: underline;\">G\u00e1bor Sz\u0151ll\u0151si<\/span><br \/>\nDie Bedeutung von Kompost f\u00fcr die Wiederherstellung der Bodengesundheit<\/p>\n<p><span style=\"text-decoration: underline;\">Mih\u00e1ly Lajos<\/span><br \/>\nTheoretische Grundlagen der konservierenden Bodenbearbeitung und praktische Erfahrungen aus dem interinsularen Bereich<\/p>\n<p><span style=\"text-decoration: underline;\">Fruzsina F\u00e9legyh\u00e1zi<\/span><br \/>\nWarum ist die biologische Vielfalt f\u00fcr eine bodenschonende Landwirtschaft wichtig?<\/p>\n<p><span style=\"text-decoration: underline;\">No\u00e9mi Pint\u00e9r<\/span><br \/>\nEinheit und Einssein in der menschlichen Ern\u00e4hrung<\/p>\n<p><span style=\"text-decoration: underline;\">Dr. Snezana Jaksic (RS)<\/span><br \/>\nWege der Kohlenstoffbindung im Boden \/ Wege der Kohlenstoffbindung im Boden \/ Pathways of soil carbon sequestration in soil<\/p>\n<p><span style=\"text-decoration: underline;\">Andr\u00e1s M\u00e1t\u00e9<\/span><br \/>\nAnhebung von Parlag zur Bereicherung der \u00d6kosystemleistungen von Sandgrasland<\/p>\n<p><span style=\"text-decoration: underline;\">Dr. Katalin Kokavecz<\/span><br \/>\nOne-Health: die miteinander verflochtene Gesundheit von Boden, Mensch und Wildtieren in einer ganzheitlichen Perspektive<\/p>\n<h4>Freitag - 17. Januar 2025.<\/h4>\n<h5>Hauptb\u00fchne<\/h5>\n<p>Gro\u00dfe Ideen, f\u00fchrende Experten - entdecken Sie die tiefen Zusammenh\u00e4nge zwischen Natur, Landwirtschaft und menschlicher Gesundheit!<\/p>\n<p><span style=\"text-decoration: underline;\">Dr. M\u00e1rta Tkacsik<\/span><br \/>\nEr\u00f6ffnung<\/p>\n<p><span style=\"text-decoration: underline;\">Zolt\u00e1n Dezs\u00e9ny<\/span><br \/>\nBodenbildender Gem\u00fcseanbau mit Kompostmulchtechnik ohne Fruchtfolge - Erfahrungen aus den ersten 10 Jahren MagosV\u00f6lgy<\/p>\n<p><span style=\"text-decoration: underline;\">Mykhaylo Draganchuk - No-Tiller (UA)<\/span><br \/>\nFeuchtigkeitsspeicherung im Boden: Regenerative L\u00f6sungen f\u00fcr klimatische Herausforderungen<\/p>\n<p><span style=\"text-decoration: underline;\">Karel Kaln\u00fd (CZ)<\/span><br \/>\nVon der Regenerationsweide auf den Tisch \/ Von der Regenerationsweide auf den Tisch<\/p>\n<p><span style=\"text-decoration: underline;\">Dr. Brigitta Szab\u00f3<\/span><br \/>\nDeckfr\u00fcchte und Direktsaat: die wassersparende Landwirtschaft der Zukunft<\/p>\n<p><span style=\"text-decoration: underline;\">V\u00edg Vit\u00e1lia<\/span><br \/>\nMikrobielle Wurzeln des Gehalts an organischer Substanz im Boden<\/p>\n<p><span style=\"text-decoration: underline;\">Ein Gesundheitsprinzip<\/span><br \/>\nRunder Tisch<br \/>\nDan Kittredge, Vit\u00e1lia V\u00edg, \u00c1d\u00e1m B\u00f3day, Istv\u00e1n Par\u00e1di, L\u00e1szl\u00f3 Szab\u00f3<br \/>\nLeitung: Dr. M\u00e1rta Tkacsik<\/p>\n<h5>Kleine B\u00fchne<\/h5>\n<p>K\u00fcrzere, konzentrierte Pr\u00e4sentationen, die sofort anwendbares Wissen und neue Perspektiven bieten.<\/p>\n<p><span style=\"text-decoration: underline;\">Ionut Dorian Barbulescu (RO)<\/span><br \/>\nSONNENBLUME - Z\u00fcchtung f\u00fcr die Zukunft - genetische Resistenz gegen Herbizide, Parasiten und Krankheiten<\/p>\n<p><span style=\"text-decoration: underline;\">Fl\u00f3ri\u00e1n Farkas<\/span><br \/>\nPflanzenern\u00e4hrung in der Bodenregenerationslandwirtschaft (Theorie und Praxis)<\/p>\n<p><span style=\"text-decoration: underline;\">Dr. Erzs\u00e9bet N\u00e9medi<\/span><br \/>\nLandwirtschaft, Lebensmittel, Gesundheit - Dominosteine<\/p>\n<p><span style=\"text-decoration: underline;\">Dr. Stanko Mili\u0107 (RS)<\/span><br \/>\nPhosphor im Boden und seine Fraktionen im Karbonat-Tschernozem der Provinz Vojvodina<\/p>\n<p><span style=\"text-decoration: underline;\">Dr. Jordana Ninkov (RS)<\/span><br \/>\nKupferakkumulation im Boden infolge der Verwendung von Pestiziden auf Kupferbasis<\/p>\n<p><span style=\"text-decoration: underline;\">Barnab\u00e1s \u0150ry<\/span><br \/>\nBiointensiver Gem\u00fcseanbau<\/p>\n<p><span style=\"text-decoration: underline;\">L\u0151rinc S\u00e1ndor<\/span><br \/>\nFunktion und Verwendung des japanischen Edelpilzes Koji<\/p>\n<p><span style=\"text-decoration: underline;\">Tam\u00e1s Bellai<\/span><br \/>\nTechnische L\u00f6sungen f\u00fcr die kontrollierte Bodenbearbeitung (CTF)<\/p>\n<h4>Samstag - 18. Januar 2025.<\/h4>\n<h5>Hauptb\u00fchne<\/h5>\n<p>Gro\u00dfe Ideen, f\u00fchrende Experten - entdecken Sie die tiefen Zusammenh\u00e4nge zwischen Natur, Landwirtschaft und menschlicher Gesundheit!<\/p>\n<p><span style=\"text-decoration: underline;\">Attila Szeredi<\/span><br \/>\nEr\u00f6ffnung<\/p>\n<p><span style=\"text-decoration: underline;\">Dr. Anik\u00f3 Juh\u00e1sz<\/span><br \/>\nStellvertretender Staatssekret\u00e4r f\u00fcr Landwirtschaft<\/p>\n<p><span style=\"text-decoration: underline;\">Dr. M\u00e1rta Tkacsik<\/span><br \/>\nDer Wandteppich des Lebens. Das Immunsystem der vom Menschen geschaffenen Welt - Gegenwart und Zukunft<\/p>\n<p><span style=\"text-decoration: underline;\">Lajos Kassai<\/span><\/p>\n<p><span style=\"text-decoration: underline;\">Prof. Marcel van der Heijden (CH)<\/span><br \/>\nDas Bodenmikrobiom und eine Gesundheit \/ Das Bodenmikrobiom und eine Gesundheit<\/p>\n<p><span style=\"text-decoration: underline;\">Dan Kittredge (US)<\/span><br \/>\nN\u00e4hrstoffdichte: n\u00e4hrstoffreiche Nahrung aus lebendigem Boden<\/p>\n<p><span style=\"text-decoration: underline;\">Gabriella Orm\u00f3s<\/span><br \/>\nGluten in seinem Netz<\/p>\n<p><span style=\"text-decoration: underline;\">Dr. Endre Dobos<\/span><br \/>\nVerkalkung, der \"neue\" Abbauprozess unserer B\u00f6den<\/p>\n<p><span style=\"text-decoration: underline;\">Bogdan Garalejic (RS)<\/span><br \/>\n16 Jahre Versuchsergebnisse in 4 verschiedenen Bodenbearbeitungssystemen \/ 16 years of experimental results in 4 different tillage systems<\/p>\n<p><span style=\"text-decoration: underline;\">Wie wir uns an ver\u00e4nderte Umst\u00e4nde anpassen<\/span><br \/>\nRunder Tisch<br \/>\nNo-Tiller, Ferenc Berend, Dr. Erzs\u00e9bet N\u00e9medi, Dr. M\u00e1rta Tkacsik<br \/>\nUnter der Leitung von Istv\u00e1n Szab\u00f3<\/p>\n<h5>Kleine B\u00fchne<\/h5>\n<p>K\u00fcrzere, konzentrierte Pr\u00e4sentationen, die sofort anwendbares Wissen und neue Perspektiven bieten.<\/p>\n<p><span style=\"text-decoration: underline;\">Gregor Kuffa (SK)<\/span><br \/>\nVon Null zu regenerativer Landwirtschaft \/ Von Null zu regenerativer Landwirtschaft<\/p>\n<p><span style=\"text-decoration: underline;\">Dr. Istv\u00e1n Par\u00e1di<\/span><br \/>\nMykorrhiza in einer Nussschale<\/p>\n<p><span style=\"text-decoration: underline;\">Ionut Dorian Barbulescu (RO)<\/span><br \/>\nBEST CROP ROTATIONS mit COVER CROPS unter rum\u00e4nischen Anbaubedingungen<\/p>\n<p><span style=\"text-decoration: underline;\">\u00c1d\u00e1m B\u00f3day<\/span><br \/>\nAuch die nat\u00fcrliche Darmflora hat ihren Ursprung im Boden<\/p>\n<p><span style=\"text-decoration: underline;\">Patrick Valmary (RO)<\/span><\/p>\n<p><span style=\"text-decoration: underline;\">Csaba Szab\u00f3<\/span><br \/>\nHitze ist die Frau, Saft ist die Wette und Mulch ist der Schl\u00fcssel<\/p>\n<p><span style=\"text-decoration: underline;\">Dr. Ferenc T\u00f3th<\/span><br \/>\nMulchen mit lebenden Pflanzen, Pflanzenresten, Folien oder Agrogras im Gartenbau - Vorteile, Nachteile, M\u00f6glichkeiten, Grenzen<\/p>","protected":false},"excerpt":{"rendered":"<p>Der Boden, der verbindet Sie haben die 8. TMG REAG Soil Life Konferenz und Ausstellung verpasst? Jetzt k\u00f6nnen Sie es nachholen! Holen Sie sich die vollen drei Tage Vortragsaufzeichnungen und erfahren Sie von praktizierenden Landwirten, innovativen Forschern und Experten der Bodenregeneration aus dem In- und Ausland die wichtigsten Themen der regenerativen Landwirtschaft. Diese Veranstaltung ist nicht nur eine Konferenz, sondern die gr\u00f6\u00dfte Veranstaltung zur regenerativen Landwirtschaft in Mitteleuropa, auf der Landwirte, [...]<\/p>","protected":false},"featured_media":9689,"template":"","meta":[],"product_brand":[],"product_cat":[70],"product_tag":[],"class_list":{"0":"post-9669","1":"product","2":"type-product","3":"status-publish","4":"has-post-thumbnail","6":"product_cat-videok","8":"first","9":"instock","10":"virtual","11":"taxable","12":"purchasable","13":"product-type-simple"},"bundled_by":[],"bundle_stock_status":"instock","bundle_stock_quantity":null,"bundle_virtual":false,"bundle_layout":"","bundle_add_to_cart_form_location":"","bundle_editable_in_cart":false,"bundle_sold_individually_context":"","bundle_item_grouping":"","bundle_min_size":"","bundle_max_size":"","bundle_price":[],"bundled_items":[],"bundle_sell_ids":[],"yoast_head":"<!-- This site is optimized with the Yoast SEO plugin v26.6 - https:\/\/yoast.com\/wordpress\/plugins\/seo\/ -->\n<title>REAG VIII. El\u0151ad\u00e1s felv\u00e9telek - Talajmeg\u00faj\u00edt\u00f3 Gazd\u00e1k Egyes\u00fclete<\/title>\n<meta name=\"robots\" content=\"index, follow, max-snippet:-1, max-image-preview:large, max-video-preview:-1\" \/>\n<link rel=\"canonical\" href=\"https:\/\/tmg.hu\/de\/zimmer\/reag-viii-eloadas-felvetelek\/\" \/>\n<meta property=\"og:locale\" content=\"de_DE\" \/>\n<meta property=\"og:type\" content=\"article\" \/>\n<meta property=\"og:title\" content=\"REAG VIII. El\u0151ad\u00e1s felv\u00e9telek - Talajmeg\u00faj\u00edt\u00f3 Gazd\u00e1k Egyes\u00fclete\" \/>\n<meta property=\"og:description\" content=\"A talaj, ami \u00f6sszek\u00f6t Lemaradt\u00e1l a TMG REAG 8. Talaj\u00e9let Konferencia \u00e9s Szakki\u00e1ll\u00edt\u00e1sr\u00f3l? Most bep\u00f3tolhatod! Szerezd meg a teljes h\u00e1romnapos el\u0151ad\u00e1sfelv\u00e9telt, \u00e9s ismerd meg a regenerat\u00edv gazd\u00e1lkod\u00e1s legfontosabb t\u00e9m\u00e1it gyakorl\u00f3 gazd\u00e1kt\u00f3l, innovat\u00edv kutat\u00f3kt\u00f3l, valamint a talajmeg\u00faj\u00edt\u00e1s szak\u00e9rt\u0151it\u0151l, hazai \u00e9s nemzetk\u00f6zi ter\u00fcletekr\u0151l. Ez az esem\u00e9ny nem csup\u00e1n egy konferencia; K\u00f6z\u00e9p-Eur\u00f3pa legnagyobb regenerat\u00edv mez\u0151gazdas\u00e1gi rendezv\u00e9nye, ahol gazd\u00e1lkod\u00f3k, [&hellip;]\" \/>\n<meta property=\"og:url\" content=\"https:\/\/tmg.hu\/de\/zimmer\/reag-viii-eloadas-felvetelek\/\" \/>\n<meta property=\"og:site_name\" content=\"Talajmeg\u00faj\u00edt\u00f3 Gazd\u00e1k Egyes\u00fclete\" \/>\n<meta property=\"article:publisher\" content=\"https:\/\/www.facebook.com\/tmg.egyesulet\/\" \/>\n<meta property=\"article:modified_time\" content=\"2026-04-12T08:21:18+00:00\" \/>\n<meta property=\"og:image\" content=\"https:\/\/tmg.hu\/wp-content\/uploads\/2025\/02\/28A0472.JPG-masolata-scaled.jpg\" \/>\n\t<meta property=\"og:image:width\" content=\"2560\" \/>\n\t<meta property=\"og:image:height\" content=\"1707\" \/>\n\t<meta property=\"og:image:type\" content=\"image\/jpeg\" \/>\n<meta name=\"twitter:card\" content=\"summary_large_image\" \/>\n<meta name=\"twitter:label1\" content=\"Gesch\u00e4tzte Lesezeit\" \/>\n\t<meta name=\"twitter:data1\" content=\"5\u00a0Minuten\" \/>\n<script type=\"application\/ld+json\" class=\"yoast-schema-graph\">{\"@context\":\"https:\/\/schema.org\",\"@graph\":[{\"@type\":\"WebPage\",\"@id\":\"https:\/\/tmg.hu\/termek\/reag-viii-eloadas-felvetelek\/\",\"url\":\"https:\/\/tmg.hu\/termek\/reag-viii-eloadas-felvetelek\/\",\"name\":\"REAG VIII. El\u0151ad\u00e1s felv\u00e9telek - Talajmeg\u00faj\u00edt\u00f3 Gazd\u00e1k Egyes\u00fclete\",\"isPartOf\":{\"@id\":\"https:\/\/tmg.hu\/#website\"},\"primaryImageOfPage\":{\"@id\":\"https:\/\/tmg.hu\/termek\/reag-viii-eloadas-felvetelek\/#primaryimage\"},\"image\":{\"@id\":\"https:\/\/tmg.hu\/termek\/reag-viii-eloadas-felvetelek\/#primaryimage\"},\"thumbnailUrl\":\"https:\/\/tmg.hu\/wp-content\/uploads\/2025\/02\/28A0472.JPG-masolata-scaled.jpg\",\"datePublished\":\"2025-02-20T01:20:44+00:00\",\"dateModified\":\"2026-04-12T08:21:18+00:00\",\"breadcrumb\":{\"@id\":\"https:\/\/tmg.hu\/termek\/reag-viii-eloadas-felvetelek\/#breadcrumb\"},\"inLanguage\":\"de\",\"potentialAction\":[{\"@type\":\"ReadAction\",\"target\":[\"https:\/\/tmg.hu\/termek\/reag-viii-eloadas-felvetelek\/\"]}]},{\"@type\":\"ImageObject\",\"inLanguage\":\"de\",\"@id\":\"https:\/\/tmg.hu\/termek\/reag-viii-eloadas-felvetelek\/#primaryimage\",\"url\":\"https:\/\/tmg.hu\/wp-content\/uploads\/2025\/02\/28A0472.JPG-masolata-scaled.jpg\",\"contentUrl\":\"https:\/\/tmg.hu\/wp-content\/uploads\/2025\/02\/28A0472.JPG-masolata-scaled.jpg\",\"width\":2560,\"height\":1707},{\"@type\":\"BreadcrumbList\",\"@id\":\"https:\/\/tmg.hu\/termek\/reag-viii-eloadas-felvetelek\/#breadcrumb\",\"itemListElement\":[{\"@type\":\"ListItem\",\"position\":1,\"name\":\"Home\",\"item\":\"https:\/\/tmg.hu\/\"},{\"@type\":\"ListItem\",\"position\":2,\"name\":\"Webshop\",\"item\":\"https:\/\/tmg.hu\/webshop\/\"},{\"@type\":\"ListItem\",\"position\":3,\"name\":\"REAG VIII. El\u0151ad\u00e1s felv\u00e9telek\"}]},{\"@type\":\"WebSite\",\"@id\":\"https:\/\/tmg.hu\/#website\",\"url\":\"https:\/\/tmg.hu\/\",\"name\":\"TMG - Talajmeg\u00faj\u00edt\u00f3 Gazd\u00e1k Egyes\u00fclete\",\"description\":\"Talajmeg\u00faj\u00edt\u00f3 Gazd\u00e1k Egyes\u00fclete\",\"publisher\":{\"@id\":\"https:\/\/tmg.hu\/#organization\"},\"potentialAction\":[{\"@type\":\"SearchAction\",\"target\":{\"@type\":\"EntryPoint\",\"urlTemplate\":\"https:\/\/tmg.hu\/?s={search_term_string}\"},\"query-input\":{\"@type\":\"PropertyValueSpecification\",\"valueRequired\":true,\"valueName\":\"search_term_string\"}}],\"inLanguage\":\"de\"},{\"@type\":\"Organization\",\"@id\":\"https:\/\/tmg.hu\/#organization\",\"name\":\"Talajmeg\u00faj\u00edt\u00f3 Gazd\u00e1k Egyes\u00fclete\",\"url\":\"https:\/\/tmg.hu\/\",\"logo\":{\"@type\":\"ImageObject\",\"inLanguage\":\"de\",\"@id\":\"https:\/\/tmg.hu\/#\/schema\/logo\/image\/\",\"url\":\"https:\/\/tmg.hu\/wp-content\/uploads\/2024\/10\/tmg_og_logo.png\",\"contentUrl\":\"https:\/\/tmg.hu\/wp-content\/uploads\/2024\/10\/tmg_og_logo.png\",\"width\":1200,\"height\":630,\"caption\":\"Talajmeg\u00faj\u00edt\u00f3 Gazd\u00e1k Egyes\u00fclete\"},\"image\":{\"@id\":\"https:\/\/tmg.hu\/#\/schema\/logo\/image\/\"},\"sameAs\":[\"https:\/\/www.facebook.com\/tmg.egyesulet\/\",\"https:\/\/www.instagram.com\/tmg.hu\/\",\"https:\/\/www.youtube.com\/@tmg_egyesulet\"]}]}<\/script>\n<!-- \/ Yoast SEO plugin. -->","yoast_head_json":{"title":"REAG VIII Pr\u00e4sentationsaufzeichnungen - Vereinigung der Bodenerneuerungslandwirte","robots":{"index":"index","follow":"follow","max-snippet":"max-snippet:-1","max-image-preview":"max-image-preview:large","max-video-preview":"max-video-preview:-1"},"canonical":"https:\/\/tmg.hu\/de\/zimmer\/reag-viii-eloadas-felvetelek\/","og_locale":"de_DE","og_type":"article","og_title":"REAG VIII. El\u0151ad\u00e1s felv\u00e9telek - Talajmeg\u00faj\u00edt\u00f3 Gazd\u00e1k Egyes\u00fclete","og_description":"A talaj, ami \u00f6sszek\u00f6t Lemaradt\u00e1l a TMG REAG 8. Talaj\u00e9let Konferencia \u00e9s Szakki\u00e1ll\u00edt\u00e1sr\u00f3l? Most bep\u00f3tolhatod! Szerezd meg a teljes h\u00e1romnapos el\u0151ad\u00e1sfelv\u00e9telt, \u00e9s ismerd meg a regenerat\u00edv gazd\u00e1lkod\u00e1s legfontosabb t\u00e9m\u00e1it gyakorl\u00f3 gazd\u00e1kt\u00f3l, innovat\u00edv kutat\u00f3kt\u00f3l, valamint a talajmeg\u00faj\u00edt\u00e1s szak\u00e9rt\u0151it\u0151l, hazai \u00e9s nemzetk\u00f6zi ter\u00fcletekr\u0151l. Ez az esem\u00e9ny nem csup\u00e1n egy konferencia; K\u00f6z\u00e9p-Eur\u00f3pa legnagyobb regenerat\u00edv mez\u0151gazdas\u00e1gi rendezv\u00e9nye, ahol gazd\u00e1lkod\u00f3k, [&hellip;]","og_url":"https:\/\/tmg.hu\/de\/zimmer\/reag-viii-eloadas-felvetelek\/","og_site_name":"Talajmeg\u00faj\u00edt\u00f3 Gazd\u00e1k Egyes\u00fclete","article_publisher":"https:\/\/www.facebook.com\/tmg.egyesulet\/","article_modified_time":"2026-04-12T08:21:18+00:00","og_image":[{"width":2560,"height":1707,"url":"https:\/\/tmg.hu\/wp-content\/uploads\/2025\/02\/28A0472.JPG-masolata-scaled.jpg","type":"image\/jpeg"}],"twitter_card":"summary_large_image","twitter_misc":{"Gesch\u00e4tzte Lesezeit":"5\u00a0Minuten"},"schema":{"@context":"https:\/\/schema.org","@graph":[{"@type":"WebPage","@id":"https:\/\/tmg.hu\/termek\/reag-viii-eloadas-felvetelek\/","url":"https:\/\/tmg.hu\/termek\/reag-viii-eloadas-felvetelek\/","name":"REAG VIII Pr\u00e4sentationsaufzeichnungen - Vereinigung der Bodenerneuerungslandwirte","isPartOf":{"@id":"https:\/\/tmg.hu\/#website"},"primaryImageOfPage":{"@id":"https:\/\/tmg.hu\/termek\/reag-viii-eloadas-felvetelek\/#primaryimage"},"image":{"@id":"https:\/\/tmg.hu\/termek\/reag-viii-eloadas-felvetelek\/#primaryimage"},"thumbnailUrl":"https:\/\/tmg.hu\/wp-content\/uploads\/2025\/02\/28A0472.JPG-masolata-scaled.jpg","datePublished":"2025-02-20T01:20:44+00:00","dateModified":"2026-04-12T08:21:18+00:00","breadcrumb":{"@id":"https:\/\/tmg.hu\/termek\/reag-viii-eloadas-felvetelek\/#breadcrumb"},"inLanguage":"de","potentialAction":[{"@type":"ReadAction","target":["https:\/\/tmg.hu\/termek\/reag-viii-eloadas-felvetelek\/"]}]},{"@type":"ImageObject","inLanguage":"de","@id":"https:\/\/tmg.hu\/termek\/reag-viii-eloadas-felvetelek\/#primaryimage","url":"https:\/\/tmg.hu\/wp-content\/uploads\/2025\/02\/28A0472.JPG-masolata-scaled.jpg","contentUrl":"https:\/\/tmg.hu\/wp-content\/uploads\/2025\/02\/28A0472.JPG-masolata-scaled.jpg","width":2560,"height":1707},{"@type":"BreadcrumbList","@id":"https:\/\/tmg.hu\/termek\/reag-viii-eloadas-felvetelek\/#breadcrumb","itemListElement":[{"@type":"ListItem","position":1,"name":"Home","item":"https:\/\/tmg.hu\/"},{"@type":"ListItem","position":2,"name":"Webshop","item":"https:\/\/tmg.hu\/webshop\/"},{"@type":"ListItem","position":3,"name":"REAG VIII. El\u0151ad\u00e1s felv\u00e9telek"}]},{"@type":"WebSite","@id":"https:\/\/tmg.hu\/#website","url":"https:\/\/tmg.hu\/","name":"TMG - Verband der Bodenerneuerungslandwirte","description":"Verband der Landwirte f\u00fcr Bodensanierung","publisher":{"@id":"https:\/\/tmg.hu\/#organization"},"potentialAction":[{"@type":"SearchAction","target":{"@type":"EntryPoint","urlTemplate":"https:\/\/tmg.hu\/?s={search_term_string}"},"query-input":{"@type":"PropertyValueSpecification","valueRequired":true,"valueName":"search_term_string"}}],"inLanguage":"de"},{"@type":"Organization","@id":"https:\/\/tmg.hu\/#organization","name":"Verband der Landwirte f\u00fcr Bodensanierung","url":"https:\/\/tmg.hu\/","logo":{"@type":"ImageObject","inLanguage":"de","@id":"https:\/\/tmg.hu\/#\/schema\/logo\/image\/","url":"https:\/\/tmg.hu\/wp-content\/uploads\/2024\/10\/tmg_og_logo.png","contentUrl":"https:\/\/tmg.hu\/wp-content\/uploads\/2024\/10\/tmg_og_logo.png","width":1200,"height":630,"caption":"Talajmeg\u00faj\u00edt\u00f3 Gazd\u00e1k Egyes\u00fclete"},"image":{"@id":"https:\/\/tmg.hu\/#\/schema\/logo\/image\/"},"sameAs":["https:\/\/www.facebook.com\/tmg.egyesulet\/","https:\/\/www.instagram.com\/tmg.hu\/","https:\/\/www.youtube.com\/@tmg_egyesulet"]}]}},"_links":{"self":[{"href":"https:\/\/tmg.hu\/de\/wp-json\/wp\/v2\/product\/9669","targetHints":{"allow":["GET"]}}],"collection":[{"href":"https:\/\/tmg.hu\/de\/wp-json\/wp\/v2\/product"}],"about":[{"href":"https:\/\/tmg.hu\/de\/wp-json\/wp\/v2\/types\/product"}],"wp:featuredmedia":[{"embeddable":true,"href":"https:\/\/tmg.hu\/de\/wp-json\/wp\/v2\/media\/9689"}],"wp:attachment":[{"href":"https:\/\/tmg.hu\/de\/wp-json\/wp\/v2\/media?parent=9669"}],"wp:term":[{"taxonomy":"product_brand","embeddable":true,"href":"https:\/\/tmg.hu\/de\/wp-json\/wp\/v2\/product_brand?post=9669"},{"taxonomy":"product_cat","embeddable":true,"href":"https:\/\/tmg.hu\/de\/wp-json\/wp\/v2\/product_cat?post=9669"},{"taxonomy":"product_tag","embeddable":true,"href":"https:\/\/tmg.hu\/de\/wp-json\/wp\/v2\/product_tag?post=9669"}],"curies":[{"name":"wp","href":"https:\/\/api.w.org\/{rel}","templated":true}]}}