{"id":9667,"date":"2025-02-20T02:20:57","date_gmt":"2025-02-20T01:20:57","guid":{"rendered":"https:\/\/tmg.hu\/?post_type=product&#038;p=9667"},"modified":"2026-04-06T10:57:27","modified_gmt":"2026-04-06T08:57:27","slug":"reag-kiadvany-2025","status":"publish","type":"product","link":"https:\/\/tmg.hu\/de\/zimmer\/reag-kiadvany-2025\/","title":{"rendered":"REAG-Ver\u00f6ffentlichung - 2025."},"content":{"rendered":"<p><strong>Wissen und Inspiration 150 Seiten<\/strong><\/p>\n<p>Die offizielle, farbige Publikation der 8. TMG REAG Soil Life Conference and Exhibition ist nun auch f\u00fcr diejenigen erh\u00e4ltlich, die nicht an der Veranstaltung teilnehmen konnten! Die 150-seitige, reich bebilderte Publikation stellt nicht nur das Konferenzprogramm und die Referenten vor, sondern bietet auch wertvolle technische Inhalte.<\/p>\n<p><strong>\ud83d\udccc Was findest du darin?<\/strong><\/p>\n<p>\u2714 Vorf\u00fchrung von regenerativen Landmaschinen und Werkzeugen<br \/>\n\u2714 Fachartikel \u00fcber Bodenregeneration und regenerative Landwirtschaft<br \/>\n\u2714 Zusammenfassung des Boden-Pflanze-Tier-Mensch One Health Prinzips<br \/>\n\u2714 Spezielle Rezepte mit regenerativem Ansatz<br \/>\n\u2714 ... und vieles mehr!<\/p>\n<p>Wenn Sie sich f\u00fcr die regenerative Landwirtschaft interessieren und weitere n\u00fctzliche Informationen zu diesem Thema w\u00fcnschen, ist diese Ver\u00f6ffentlichung genau das Richtige f\u00fcr Sie!<\/p>\n<p>Gemeinsam einkaufen im <a href=\"https:\/\/tmg.hu\/de\/zimmer\/david-r-montgomery-erde-die-erosion-der-zivilisationen\/\"><strong>Talaj<\/strong><\/a> und A <a href=\"https:\/\/tmg.hu\/de\/zimmer\/david-r-montgomery-anne-bikle-die-verborgene-seite-des-termitensets\/\"><strong>die verborgene Seite der Natur<\/strong><\/a> B\u00fccher und die REAG-Publikation <strong>als Geschenk<\/strong>!<\/p>","protected":false},"excerpt":{"rendered":"<p>Tud\u00e1s \u00e9s Inspir\u00e1ci\u00f3 150 oldalon A TMG REAG 8. Talaj\u00e9let Konferencia \u00e9s Szakki\u00e1ll\u00edt\u00e1s hivatalos, sz\u00ednes kiadv\u00e1nya most el\u00e9rhet\u0151 azok sz\u00e1m\u00e1ra is, akik nem tudtak r\u00e9szt venni az esem\u00e9nyen! A 150 oldalas, gazdagon illusztr\u00e1lt kiadv\u00e1ny nemcsak a konferencia programjait \u00e9s el\u0151ad\u00f3it mutatja be, hanem \u00e9rt\u00e9kes szakmai tartalommal is szolg\u00e1l. \ud83d\udccc Mit tal\u00e1lsz benne? \u2714 Regenerat\u00edv mez\u0151gazdas\u00e1gi [&hellip;]<\/p>","protected":false},"featured_media":9675,"template":"","meta":[],"product_brand":[],"product_cat":[69],"product_tag":[],"class_list":{"0":"post-9667","1":"product","2":"type-product","3":"status-publish","4":"has-post-thumbnail","6":"product_cat-konyvek","8":"first","9":"instock","10":"taxable","11":"shipping-taxable","12":"purchasable","13":"product-type-simple"},"bundled_by":["9758"],"bundle_stock_status":"instock","bundle_stock_quantity":52,"bundle_virtual":false,"bundle_layout":"","bundle_add_to_cart_form_location":"","bundle_editable_in_cart":false,"bundle_sold_individually_context":"","bundle_item_grouping":"","bundle_min_size":"","bundle_max_size":"","bundle_price":[],"bundled_items":[],"bundle_sell_ids":[],"yoast_head":"<!-- This site is optimized with the Yoast SEO plugin v26.6 - https:\/\/yoast.com\/wordpress\/plugins\/seo\/ -->\n<title>REAG Kiadv\u00e1ny - 2025. - Talajmeg\u00faj\u00edt\u00f3 Gazd\u00e1k Egyes\u00fclete<\/title>\n<meta name=\"robots\" content=\"index, follow, max-snippet:-1, max-image-preview:large, max-video-preview:-1\" \/>\n<link rel=\"canonical\" href=\"https:\/\/tmg.hu\/de\/zimmer\/reag-kiadvany-2025\/\" \/>\n<meta property=\"og:locale\" content=\"de_DE\" \/>\n<meta property=\"og:type\" content=\"article\" \/>\n<meta property=\"og:title\" content=\"REAG Kiadv\u00e1ny - 2025. - Talajmeg\u00faj\u00edt\u00f3 Gazd\u00e1k Egyes\u00fclete\" \/>\n<meta property=\"og:description\" content=\"Tud\u00e1s \u00e9s Inspir\u00e1ci\u00f3 150 oldalon A TMG REAG 8. Talaj\u00e9let Konferencia \u00e9s Szakki\u00e1ll\u00edt\u00e1s hivatalos, sz\u00ednes kiadv\u00e1nya most el\u00e9rhet\u0151 azok sz\u00e1m\u00e1ra is, akik nem tudtak r\u00e9szt venni az esem\u00e9nyen! A 150 oldalas, gazdagon illusztr\u00e1lt kiadv\u00e1ny nemcsak a konferencia programjait \u00e9s el\u0151ad\u00f3it mutatja be, hanem \u00e9rt\u00e9kes szakmai tartalommal is szolg\u00e1l. \ud83d\udccc Mit tal\u00e1lsz benne? \u2714 Regenerat\u00edv mez\u0151gazdas\u00e1gi [&hellip;]\" \/>\n<meta property=\"og:url\" content=\"https:\/\/tmg.hu\/de\/zimmer\/reag-kiadvany-2025\/\" \/>\n<meta property=\"og:site_name\" content=\"Talajmeg\u00faj\u00edt\u00f3 Gazd\u00e1k Egyes\u00fclete\" \/>\n<meta property=\"article:publisher\" content=\"https:\/\/www.facebook.com\/tmg.egyesulet\/\" \/>\n<meta property=\"article:modified_time\" content=\"2026-04-06T08:57:27+00:00\" \/>\n<meta property=\"og:image\" content=\"https:\/\/tmg.hu\/wp-content\/uploads\/2025\/02\/reag-kiadvany.jpg\" \/>\n\t<meta property=\"og:image:width\" content=\"742\" \/>\n\t<meta property=\"og:image:height\" content=\"1042\" \/>\n\t<meta property=\"og:image:type\" content=\"image\/jpeg\" \/>\n<meta name=\"twitter:card\" content=\"summary_large_image\" \/>\n<meta name=\"twitter:label1\" content=\"Gesch\u00e4tzte Lesezeit\" \/>\n\t<meta name=\"twitter:data1\" content=\"1\u00a0Minute\" \/>\n<script type=\"application\/ld+json\" class=\"yoast-schema-graph\">{\"@context\":\"https:\/\/schema.org\",\"@graph\":[{\"@type\":\"WebPage\",\"@id\":\"https:\/\/tmg.hu\/de\/zimmer\/reag-kiadvany-2025\/\",\"url\":\"https:\/\/tmg.hu\/de\/zimmer\/reag-kiadvany-2025\/\",\"name\":\"REAG Kiadv\u00e1ny - 2025. - Talajmeg\u00faj\u00edt\u00f3 Gazd\u00e1k Egyes\u00fclete\",\"isPartOf\":{\"@id\":\"https:\/\/tmg.hu\/#website\"},\"primaryImageOfPage\":{\"@id\":\"https:\/\/tmg.hu\/de\/zimmer\/reag-kiadvany-2025\/#primaryimage\"},\"image\":{\"@id\":\"https:\/\/tmg.hu\/de\/zimmer\/reag-kiadvany-2025\/#primaryimage\"},\"thumbnailUrl\":\"https:\/\/tmg.hu\/wp-content\/uploads\/2025\/02\/reag-kiadvany.jpg\",\"datePublished\":\"2025-02-20T01:20:57+00:00\",\"dateModified\":\"2026-04-06T08:57:27+00:00\",\"breadcrumb\":{\"@id\":\"https:\/\/tmg.hu\/de\/zimmer\/reag-kiadvany-2025\/#breadcrumb\"},\"inLanguage\":\"de\",\"potentialAction\":[{\"@type\":\"ReadAction\",\"target\":[\"https:\/\/tmg.hu\/de\/zimmer\/reag-kiadvany-2025\/\"]}]},{\"@type\":\"ImageObject\",\"inLanguage\":\"de\",\"@id\":\"https:\/\/tmg.hu\/de\/zimmer\/reag-kiadvany-2025\/#primaryimage\",\"url\":\"https:\/\/tmg.hu\/wp-content\/uploads\/2025\/02\/reag-kiadvany.jpg\",\"contentUrl\":\"https:\/\/tmg.hu\/wp-content\/uploads\/2025\/02\/reag-kiadvany.jpg\",\"width\":742,\"height\":1042},{\"@type\":\"BreadcrumbList\",\"@id\":\"https:\/\/tmg.hu\/de\/zimmer\/reag-kiadvany-2025\/#breadcrumb\",\"itemListElement\":[{\"@type\":\"ListItem\",\"position\":1,\"name\":\"Home\",\"item\":\"https:\/\/tmg.hu\/\"},{\"@type\":\"ListItem\",\"position\":2,\"name\":\"Webshop\",\"item\":\"https:\/\/tmg.hu\/webshop\/\"},{\"@type\":\"ListItem\",\"position\":3,\"name\":\"REAG Kiadv\u00e1ny &#8211; 2025.\"}]},{\"@type\":\"WebSite\",\"@id\":\"https:\/\/tmg.hu\/#website\",\"url\":\"https:\/\/tmg.hu\/\",\"name\":\"TMG - Talajmeg\u00faj\u00edt\u00f3 Gazd\u00e1k Egyes\u00fclete\",\"description\":\"Talajmeg\u00faj\u00edt\u00f3 Gazd\u00e1k Egyes\u00fclete\",\"publisher\":{\"@id\":\"https:\/\/tmg.hu\/#organization\"},\"potentialAction\":[{\"@type\":\"SearchAction\",\"target\":{\"@type\":\"EntryPoint\",\"urlTemplate\":\"https:\/\/tmg.hu\/?s={search_term_string}\"},\"query-input\":{\"@type\":\"PropertyValueSpecification\",\"valueRequired\":true,\"valueName\":\"search_term_string\"}}],\"inLanguage\":\"de\"},{\"@type\":\"Organization\",\"@id\":\"https:\/\/tmg.hu\/#organization\",\"name\":\"Talajmeg\u00faj\u00edt\u00f3 Gazd\u00e1k Egyes\u00fclete\",\"url\":\"https:\/\/tmg.hu\/\",\"logo\":{\"@type\":\"ImageObject\",\"inLanguage\":\"de\",\"@id\":\"https:\/\/tmg.hu\/#\/schema\/logo\/image\/\",\"url\":\"https:\/\/tmg.hu\/wp-content\/uploads\/2024\/10\/tmg_og_logo.png\",\"contentUrl\":\"https:\/\/tmg.hu\/wp-content\/uploads\/2024\/10\/tmg_og_logo.png\",\"width\":1200,\"height\":630,\"caption\":\"Talajmeg\u00faj\u00edt\u00f3 Gazd\u00e1k Egyes\u00fclete\"},\"image\":{\"@id\":\"https:\/\/tmg.hu\/#\/schema\/logo\/image\/\"},\"sameAs\":[\"https:\/\/www.facebook.com\/tmg.egyesulet\/\",\"https:\/\/www.instagram.com\/tmg.hu\/\",\"https:\/\/www.youtube.com\/@tmg_egyesulet\"]}]}<\/script>\n<!-- \/ Yoast SEO plugin. -->","yoast_head_json":{"title":"REAG-Publikation - 2025 - Verband der Bodenerneuerungslandwirte","robots":{"index":"index","follow":"follow","max-snippet":"max-snippet:-1","max-image-preview":"max-image-preview:large","max-video-preview":"max-video-preview:-1"},"canonical":"https:\/\/tmg.hu\/de\/zimmer\/reag-kiadvany-2025\/","og_locale":"de_DE","og_type":"article","og_title":"REAG Kiadv\u00e1ny - 2025. - Talajmeg\u00faj\u00edt\u00f3 Gazd\u00e1k Egyes\u00fclete","og_description":"Tud\u00e1s \u00e9s Inspir\u00e1ci\u00f3 150 oldalon A TMG REAG 8. Talaj\u00e9let Konferencia \u00e9s Szakki\u00e1ll\u00edt\u00e1s hivatalos, sz\u00ednes kiadv\u00e1nya most el\u00e9rhet\u0151 azok sz\u00e1m\u00e1ra is, akik nem tudtak r\u00e9szt venni az esem\u00e9nyen! A 150 oldalas, gazdagon illusztr\u00e1lt kiadv\u00e1ny nemcsak a konferencia programjait \u00e9s el\u0151ad\u00f3it mutatja be, hanem \u00e9rt\u00e9kes szakmai tartalommal is szolg\u00e1l. \ud83d\udccc Mit tal\u00e1lsz benne? \u2714 Regenerat\u00edv mez\u0151gazdas\u00e1gi [&hellip;]","og_url":"https:\/\/tmg.hu\/de\/zimmer\/reag-kiadvany-2025\/","og_site_name":"Talajmeg\u00faj\u00edt\u00f3 Gazd\u00e1k Egyes\u00fclete","article_publisher":"https:\/\/www.facebook.com\/tmg.egyesulet\/","article_modified_time":"2026-04-06T08:57:27+00:00","og_image":[{"width":742,"height":1042,"url":"https:\/\/tmg.hu\/wp-content\/uploads\/2025\/02\/reag-kiadvany.jpg","type":"image\/jpeg"}],"twitter_card":"summary_large_image","twitter_misc":{"Gesch\u00e4tzte Lesezeit":"1\u00a0Minute"},"schema":{"@context":"https:\/\/schema.org","@graph":[{"@type":"WebPage","@id":"https:\/\/tmg.hu\/de\/zimmer\/reag-kiadvany-2025\/","url":"https:\/\/tmg.hu\/de\/zimmer\/reag-kiadvany-2025\/","name":"REAG-Publikation - 2025 - Verband der Bodenerneuerungslandwirte","isPartOf":{"@id":"https:\/\/tmg.hu\/#website"},"primaryImageOfPage":{"@id":"https:\/\/tmg.hu\/de\/zimmer\/reag-kiadvany-2025\/#primaryimage"},"image":{"@id":"https:\/\/tmg.hu\/de\/zimmer\/reag-kiadvany-2025\/#primaryimage"},"thumbnailUrl":"https:\/\/tmg.hu\/wp-content\/uploads\/2025\/02\/reag-kiadvany.jpg","datePublished":"2025-02-20T01:20:57+00:00","dateModified":"2026-04-06T08:57:27+00:00","breadcrumb":{"@id":"https:\/\/tmg.hu\/de\/zimmer\/reag-kiadvany-2025\/#breadcrumb"},"inLanguage":"de","potentialAction":[{"@type":"ReadAction","target":["https:\/\/tmg.hu\/de\/zimmer\/reag-kiadvany-2025\/"]}]},{"@type":"ImageObject","inLanguage":"de","@id":"https:\/\/tmg.hu\/de\/zimmer\/reag-kiadvany-2025\/#primaryimage","url":"https:\/\/tmg.hu\/wp-content\/uploads\/2025\/02\/reag-kiadvany.jpg","contentUrl":"https:\/\/tmg.hu\/wp-content\/uploads\/2025\/02\/reag-kiadvany.jpg","width":742,"height":1042},{"@type":"BreadcrumbList","@id":"https:\/\/tmg.hu\/de\/zimmer\/reag-kiadvany-2025\/#breadcrumb","itemListElement":[{"@type":"ListItem","position":1,"name":"Home","item":"https:\/\/tmg.hu\/"},{"@type":"ListItem","position":2,"name":"Webshop","item":"https:\/\/tmg.hu\/webshop\/"},{"@type":"ListItem","position":3,"name":"REAG Kiadv\u00e1ny &#8211; 2025."}]},{"@type":"WebSite","@id":"https:\/\/tmg.hu\/#website","url":"https:\/\/tmg.hu\/","name":"TMG - Verband der Bodenerneuerungslandwirte","description":"Verband der Landwirte f\u00fcr Bodensanierung","publisher":{"@id":"https:\/\/tmg.hu\/#organization"},"potentialAction":[{"@type":"SearchAction","target":{"@type":"EntryPoint","urlTemplate":"https:\/\/tmg.hu\/?s={search_term_string}"},"query-input":{"@type":"PropertyValueSpecification","valueRequired":true,"valueName":"search_term_string"}}],"inLanguage":"de"},{"@type":"Organization","@id":"https:\/\/tmg.hu\/#organization","name":"Verband der Landwirte f\u00fcr Bodensanierung","url":"https:\/\/tmg.hu\/","logo":{"@type":"ImageObject","inLanguage":"de","@id":"https:\/\/tmg.hu\/#\/schema\/logo\/image\/","url":"https:\/\/tmg.hu\/wp-content\/uploads\/2024\/10\/tmg_og_logo.png","contentUrl":"https:\/\/tmg.hu\/wp-content\/uploads\/2024\/10\/tmg_og_logo.png","width":1200,"height":630,"caption":"Talajmeg\u00faj\u00edt\u00f3 Gazd\u00e1k Egyes\u00fclete"},"image":{"@id":"https:\/\/tmg.hu\/#\/schema\/logo\/image\/"},"sameAs":["https:\/\/www.facebook.com\/tmg.egyesulet\/","https:\/\/www.instagram.com\/tmg.hu\/","https:\/\/www.youtube.com\/@tmg_egyesulet"]}]}},"_links":{"self":[{"href":"https:\/\/tmg.hu\/de\/wp-json\/wp\/v2\/product\/9667","targetHints":{"allow":["GET"]}}],"collection":[{"href":"https:\/\/tmg.hu\/de\/wp-json\/wp\/v2\/product"}],"about":[{"href":"https:\/\/tmg.hu\/de\/wp-json\/wp\/v2\/types\/product"}],"wp:featuredmedia":[{"embeddable":true,"href":"https:\/\/tmg.hu\/de\/wp-json\/wp\/v2\/media\/9675"}],"wp:attachment":[{"href":"https:\/\/tmg.hu\/de\/wp-json\/wp\/v2\/media?parent=9667"}],"wp:term":[{"taxonomy":"product_brand","embeddable":true,"href":"https:\/\/tmg.hu\/de\/wp-json\/wp\/v2\/product_brand?post=9667"},{"taxonomy":"product_cat","embeddable":true,"href":"https:\/\/tmg.hu\/de\/wp-json\/wp\/v2\/product_cat?post=9667"},{"taxonomy":"product_tag","embeddable":true,"href":"https:\/\/tmg.hu\/de\/wp-json\/wp\/v2\/product_tag?post=9667"}],"curies":[{"name":"wp","href":"https:\/\/api.w.org\/{rel}","templated":true}]}}