{"id":9666,"date":"2025-02-20T02:21:03","date_gmt":"2025-02-20T01:21:03","guid":{"rendered":"https:\/\/tmg.hu\/?post_type=product&#038;p=9666"},"modified":"2026-04-06T10:57:27","modified_gmt":"2026-04-06T08:57:27","slug":"david-r-montgomery-anne-bikle-die-verborgene-seite-des-termitensets","status":"publish","type":"product","link":"https:\/\/tmg.hu\/de\/zimmer\/david-r-montgomery-anne-bikle-die-verborgene-seite-des-termitensets\/","title":{"rendered":"David R. Montgomery - Anne Bikl\u00e9 - Die verborgene Seite der Natur"},"content":{"rendered":"<p>Seien Sie bereit, alles, was Sie \u00fcber sich und Mikroben zu wissen glauben, beiseite zu legen. Die Gesundheit von Menschen und Pflanzen h\u00e4ngt von den kleinsten Lebewesen der Erde ab. Die verborgene Seite der Natur erz\u00e4hlt die Geschichte unserer komplizierten Beziehung zu Mikroben und wie sie die Landwirtschaft und die Medizin revolutionieren k\u00f6nnen, vom Garten bis zum Darm.<\/p>\n<p>In diesem lesenswerten Werk, das mit eigenen Geschichten gespickt ist, bieten die Autoren einen verbl\u00fcffenden Einblick in die \u00c4hnlichkeiten zwischen den Wurzeln von Pflanzen und dem menschlichen Darm. Wir alle sind, im Guten wie im Schlechten, Produkte dessen, was unsere Mikroben konsumieren. Dies f\u00fchrt zu einem radikalen Umdenken in unserer Beziehung zur nat\u00fcrlichen Welt: Durch die F\u00f6rderung n\u00fctzlicher Bakterien k\u00f6nnen wir die Fruchtbarkeit des Bodens wiederherstellen und dazu beitragen, die derzeitige Gei\u00dfel chronischer Krankheiten zu bek\u00e4mpfen. Die verborgene Seite der Natur zeigt, wie man Landwirtschaft und Medizin umgestalten kann - mit der Denkweise eines \u00d6kologen, der Sorgfalt eines G\u00e4rtners und dem Fachwissen eines Arztes.<\/p>\n<p>DAVID R. MONTGOMERY ist Professor f\u00fcr Geomorphologie an der University of Washington und MacArthur-Stipendiat 2008. ANNE BIKL\u00c9 ist Biologin und Umweltplanerin. Sie sind verheiratet und leben in Seattle mit ihrem Blindenhund Loki, einem schwarzen Labrador, der aus einer Blindenleine gefallen ist.<\/p>","protected":false},"excerpt":{"rendered":"<p>Seien Sie bereit, alles, was Sie \u00fcber sich und Mikroben zu wissen glauben, beiseite zu legen. Die Gesundheit von Menschen und Pflanzen h\u00e4ngt von den kleinsten Lebewesen der Erde ab. Die verborgene Seite der Natur erz\u00e4hlt die Geschichte unserer komplizierten Beziehung zu Mikroben und wie sie die Landwirtschaft und die Medizin revolutionieren k\u00f6nnen, vom Garten bis zum Darm. Mit Geschichten aus seinem eigenen Leben [...]<\/p>","protected":false},"featured_media":9685,"template":"","meta":[],"product_brand":[],"product_cat":[69],"product_tag":[],"class_list":{"0":"post-9666","1":"product","2":"type-product","3":"status-publish","4":"has-post-thumbnail","6":"product_cat-konyvek","8":"first","9":"instock","10":"taxable","11":"shipping-taxable","12":"purchasable","13":"product-type-simple"},"bundled_by":["9758"],"bundle_stock_status":"instock","bundle_stock_quantity":28,"bundle_virtual":false,"bundle_layout":"","bundle_add_to_cart_form_location":"","bundle_editable_in_cart":false,"bundle_sold_individually_context":"","bundle_item_grouping":"","bundle_min_size":"","bundle_max_size":"","bundle_price":[],"bundled_items":[],"bundle_sell_ids":[],"yoast_head":"<!-- This site is optimized with the Yoast SEO plugin v26.6 - https:\/\/yoast.com\/wordpress\/plugins\/seo\/ -->\n<title>David R. Montgomery - Anne Bikl\u00e9 - A term\u00e9szet rejtett oldala - Talajmeg\u00faj\u00edt\u00f3 Gazd\u00e1k Egyes\u00fclete<\/title>\n<meta name=\"robots\" content=\"index, follow, max-snippet:-1, max-image-preview:large, max-video-preview:-1\" \/>\n<link rel=\"canonical\" href=\"https:\/\/tmg.hu\/de\/zimmer\/david-r-montgomery-anne-bikle-die-verborgene-seite-des-termitensets\/\" \/>\n<meta property=\"og:locale\" content=\"de_DE\" \/>\n<meta property=\"og:type\" content=\"article\" \/>\n<meta property=\"og:title\" content=\"David R. Montgomery - Anne Bikl\u00e9 - A term\u00e9szet rejtett oldala - Talajmeg\u00faj\u00edt\u00f3 Gazd\u00e1k Egyes\u00fclete\" \/>\n<meta property=\"og:description\" content=\"K\u00e9sz\u00fclj\u00f6n fel arra, hogy f\u00e9lreteszi, amit mag\u00e1r\u00f3l \u00e9s a mikrob\u00e1kr\u00f3l tudni v\u00e9l. Az emberek \u00e9s a n\u00f6v\u00e9nyek j\u00f3 eg\u00e9szs\u00e9ge a F\u00f6ld legkisebb teremtm\u00e9nyeit\u0151l f\u00fcgg. A term\u00e9szet rejtett oldala a mikrob\u00e1kkal val\u00f3 sz\u00f6vev\u00e9nyes kapcsolatunk t\u00f6rt\u00e9net\u00e9t mes\u00e9li el, valamint azt, ahogyan a mikrob\u00e1k forradalmas\u00edthatj\u00e1k a mez\u0151gazdas\u00e1got \u00e9s az orvostudom\u00e1nyt, a kertt\u0151l a b\u00e9lrendszerig. Ebben a saj\u00e1t t\u00f6rt\u00e9netekkel [&hellip;]\" \/>\n<meta property=\"og:url\" content=\"https:\/\/tmg.hu\/de\/zimmer\/david-r-montgomery-anne-bikle-die-verborgene-seite-des-termitensets\/\" \/>\n<meta property=\"og:site_name\" content=\"Talajmeg\u00faj\u00edt\u00f3 Gazd\u00e1k Egyes\u00fclete\" \/>\n<meta property=\"article:publisher\" content=\"https:\/\/www.facebook.com\/tmg.egyesulet\/\" \/>\n<meta property=\"article:modified_time\" content=\"2026-04-06T08:57:27+00:00\" \/>\n<meta property=\"og:image\" content=\"https:\/\/tmg.hu\/wp-content\/uploads\/2025\/02\/a-termeszet-rejtett-oldala.jpg\" \/>\n\t<meta property=\"og:image:width\" content=\"477\" \/>\n\t<meta property=\"og:image:height\" content=\"685\" \/>\n\t<meta property=\"og:image:type\" content=\"image\/jpeg\" \/>\n<meta name=\"twitter:card\" content=\"summary_large_image\" \/>\n<meta name=\"twitter:label1\" content=\"Gesch\u00e4tzte Lesezeit\" \/>\n\t<meta name=\"twitter:data1\" content=\"2\u00a0Minuten\" \/>\n<script type=\"application\/ld+json\" class=\"yoast-schema-graph\">{\"@context\":\"https:\/\/schema.org\",\"@graph\":[{\"@type\":\"WebPage\",\"@id\":\"https:\/\/tmg.hu\/termek\/david-r-montgomery-anne-bikle-a-termeszet-rejtett-oldala\/\",\"url\":\"https:\/\/tmg.hu\/termek\/david-r-montgomery-anne-bikle-a-termeszet-rejtett-oldala\/\",\"name\":\"David R. Montgomery - Anne Bikl\u00e9 - A term\u00e9szet rejtett oldala - Talajmeg\u00faj\u00edt\u00f3 Gazd\u00e1k Egyes\u00fclete\",\"isPartOf\":{\"@id\":\"https:\/\/tmg.hu\/#website\"},\"primaryImageOfPage\":{\"@id\":\"https:\/\/tmg.hu\/termek\/david-r-montgomery-anne-bikle-a-termeszet-rejtett-oldala\/#primaryimage\"},\"image\":{\"@id\":\"https:\/\/tmg.hu\/termek\/david-r-montgomery-anne-bikle-a-termeszet-rejtett-oldala\/#primaryimage\"},\"thumbnailUrl\":\"https:\/\/tmg.hu\/wp-content\/uploads\/2025\/02\/a-termeszet-rejtett-oldala.jpg\",\"datePublished\":\"2025-02-20T01:21:03+00:00\",\"dateModified\":\"2026-04-06T08:57:27+00:00\",\"breadcrumb\":{\"@id\":\"https:\/\/tmg.hu\/termek\/david-r-montgomery-anne-bikle-a-termeszet-rejtett-oldala\/#breadcrumb\"},\"inLanguage\":\"de\",\"potentialAction\":[{\"@type\":\"ReadAction\",\"target\":[\"https:\/\/tmg.hu\/termek\/david-r-montgomery-anne-bikle-a-termeszet-rejtett-oldala\/\"]}]},{\"@type\":\"ImageObject\",\"inLanguage\":\"de\",\"@id\":\"https:\/\/tmg.hu\/termek\/david-r-montgomery-anne-bikle-a-termeszet-rejtett-oldala\/#primaryimage\",\"url\":\"https:\/\/tmg.hu\/wp-content\/uploads\/2025\/02\/a-termeszet-rejtett-oldala.jpg\",\"contentUrl\":\"https:\/\/tmg.hu\/wp-content\/uploads\/2025\/02\/a-termeszet-rejtett-oldala.jpg\",\"width\":477,\"height\":685},{\"@type\":\"BreadcrumbList\",\"@id\":\"https:\/\/tmg.hu\/termek\/david-r-montgomery-anne-bikle-a-termeszet-rejtett-oldala\/#breadcrumb\",\"itemListElement\":[{\"@type\":\"ListItem\",\"position\":1,\"name\":\"Home\",\"item\":\"https:\/\/tmg.hu\/\"},{\"@type\":\"ListItem\",\"position\":2,\"name\":\"Webshop\",\"item\":\"https:\/\/tmg.hu\/webshop\/\"},{\"@type\":\"ListItem\",\"position\":3,\"name\":\"David R. Montgomery &#8211; Anne Bikl\u00e9 &#8211; A term\u00e9szet rejtett oldala\"}]},{\"@type\":\"WebSite\",\"@id\":\"https:\/\/tmg.hu\/#website\",\"url\":\"https:\/\/tmg.hu\/\",\"name\":\"TMG - Talajmeg\u00faj\u00edt\u00f3 Gazd\u00e1k Egyes\u00fclete\",\"description\":\"Talajmeg\u00faj\u00edt\u00f3 Gazd\u00e1k Egyes\u00fclete\",\"publisher\":{\"@id\":\"https:\/\/tmg.hu\/#organization\"},\"potentialAction\":[{\"@type\":\"SearchAction\",\"target\":{\"@type\":\"EntryPoint\",\"urlTemplate\":\"https:\/\/tmg.hu\/?s={search_term_string}\"},\"query-input\":{\"@type\":\"PropertyValueSpecification\",\"valueRequired\":true,\"valueName\":\"search_term_string\"}}],\"inLanguage\":\"de\"},{\"@type\":\"Organization\",\"@id\":\"https:\/\/tmg.hu\/#organization\",\"name\":\"Talajmeg\u00faj\u00edt\u00f3 Gazd\u00e1k Egyes\u00fclete\",\"url\":\"https:\/\/tmg.hu\/\",\"logo\":{\"@type\":\"ImageObject\",\"inLanguage\":\"de\",\"@id\":\"https:\/\/tmg.hu\/#\/schema\/logo\/image\/\",\"url\":\"https:\/\/tmg.hu\/wp-content\/uploads\/2024\/10\/tmg_og_logo.png\",\"contentUrl\":\"https:\/\/tmg.hu\/wp-content\/uploads\/2024\/10\/tmg_og_logo.png\",\"width\":1200,\"height\":630,\"caption\":\"Talajmeg\u00faj\u00edt\u00f3 Gazd\u00e1k Egyes\u00fclete\"},\"image\":{\"@id\":\"https:\/\/tmg.hu\/#\/schema\/logo\/image\/\"},\"sameAs\":[\"https:\/\/www.facebook.com\/tmg.egyesulet\/\",\"https:\/\/www.instagram.com\/tmg.hu\/\",\"https:\/\/www.youtube.com\/@tmg_egyesulet\"]}]}<\/script>\n<!-- \/ Yoast SEO plugin. -->","yoast_head_json":{"title":"David R. Montgomery - Anne Bikl\u00e9 - Die verborgene Seite der Natur - Soil Restoration Farmers Association","robots":{"index":"index","follow":"follow","max-snippet":"max-snippet:-1","max-image-preview":"max-image-preview:large","max-video-preview":"max-video-preview:-1"},"canonical":"https:\/\/tmg.hu\/de\/zimmer\/david-r-montgomery-anne-bikle-die-verborgene-seite-des-termitensets\/","og_locale":"de_DE","og_type":"article","og_title":"David R. Montgomery - Anne Bikl\u00e9 - A term\u00e9szet rejtett oldala - Talajmeg\u00faj\u00edt\u00f3 Gazd\u00e1k Egyes\u00fclete","og_description":"K\u00e9sz\u00fclj\u00f6n fel arra, hogy f\u00e9lreteszi, amit mag\u00e1r\u00f3l \u00e9s a mikrob\u00e1kr\u00f3l tudni v\u00e9l. Az emberek \u00e9s a n\u00f6v\u00e9nyek j\u00f3 eg\u00e9szs\u00e9ge a F\u00f6ld legkisebb teremtm\u00e9nyeit\u0151l f\u00fcgg. A term\u00e9szet rejtett oldala a mikrob\u00e1kkal val\u00f3 sz\u00f6vev\u00e9nyes kapcsolatunk t\u00f6rt\u00e9net\u00e9t mes\u00e9li el, valamint azt, ahogyan a mikrob\u00e1k forradalmas\u00edthatj\u00e1k a mez\u0151gazdas\u00e1got \u00e9s az orvostudom\u00e1nyt, a kertt\u0151l a b\u00e9lrendszerig. Ebben a saj\u00e1t t\u00f6rt\u00e9netekkel [&hellip;]","og_url":"https:\/\/tmg.hu\/de\/zimmer\/david-r-montgomery-anne-bikle-die-verborgene-seite-des-termitensets\/","og_site_name":"Talajmeg\u00faj\u00edt\u00f3 Gazd\u00e1k Egyes\u00fclete","article_publisher":"https:\/\/www.facebook.com\/tmg.egyesulet\/","article_modified_time":"2026-04-06T08:57:27+00:00","og_image":[{"width":477,"height":685,"url":"https:\/\/tmg.hu\/wp-content\/uploads\/2025\/02\/a-termeszet-rejtett-oldala.jpg","type":"image\/jpeg"}],"twitter_card":"summary_large_image","twitter_misc":{"Gesch\u00e4tzte Lesezeit":"2\u00a0Minuten"},"schema":{"@context":"https:\/\/schema.org","@graph":[{"@type":"WebPage","@id":"https:\/\/tmg.hu\/termek\/david-r-montgomery-anne-bikle-a-termeszet-rejtett-oldala\/","url":"https:\/\/tmg.hu\/termek\/david-r-montgomery-anne-bikle-a-termeszet-rejtett-oldala\/","name":"David R. Montgomery - Anne Bikl\u00e9 - Die verborgene Seite der Natur - Soil Restoration Farmers Association","isPartOf":{"@id":"https:\/\/tmg.hu\/#website"},"primaryImageOfPage":{"@id":"https:\/\/tmg.hu\/termek\/david-r-montgomery-anne-bikle-a-termeszet-rejtett-oldala\/#primaryimage"},"image":{"@id":"https:\/\/tmg.hu\/termek\/david-r-montgomery-anne-bikle-a-termeszet-rejtett-oldala\/#primaryimage"},"thumbnailUrl":"https:\/\/tmg.hu\/wp-content\/uploads\/2025\/02\/a-termeszet-rejtett-oldala.jpg","datePublished":"2025-02-20T01:21:03+00:00","dateModified":"2026-04-06T08:57:27+00:00","breadcrumb":{"@id":"https:\/\/tmg.hu\/termek\/david-r-montgomery-anne-bikle-a-termeszet-rejtett-oldala\/#breadcrumb"},"inLanguage":"de","potentialAction":[{"@type":"ReadAction","target":["https:\/\/tmg.hu\/termek\/david-r-montgomery-anne-bikle-a-termeszet-rejtett-oldala\/"]}]},{"@type":"ImageObject","inLanguage":"de","@id":"https:\/\/tmg.hu\/termek\/david-r-montgomery-anne-bikle-a-termeszet-rejtett-oldala\/#primaryimage","url":"https:\/\/tmg.hu\/wp-content\/uploads\/2025\/02\/a-termeszet-rejtett-oldala.jpg","contentUrl":"https:\/\/tmg.hu\/wp-content\/uploads\/2025\/02\/a-termeszet-rejtett-oldala.jpg","width":477,"height":685},{"@type":"BreadcrumbList","@id":"https:\/\/tmg.hu\/termek\/david-r-montgomery-anne-bikle-a-termeszet-rejtett-oldala\/#breadcrumb","itemListElement":[{"@type":"ListItem","position":1,"name":"Home","item":"https:\/\/tmg.hu\/"},{"@type":"ListItem","position":2,"name":"Webshop","item":"https:\/\/tmg.hu\/webshop\/"},{"@type":"ListItem","position":3,"name":"David R. Montgomery &#8211; Anne Bikl\u00e9 &#8211; A term\u00e9szet rejtett oldala"}]},{"@type":"WebSite","@id":"https:\/\/tmg.hu\/#website","url":"https:\/\/tmg.hu\/","name":"TMG - Verband der Bodenerneuerungslandwirte","description":"Verband der Landwirte f\u00fcr Bodensanierung","publisher":{"@id":"https:\/\/tmg.hu\/#organization"},"potentialAction":[{"@type":"SearchAction","target":{"@type":"EntryPoint","urlTemplate":"https:\/\/tmg.hu\/?s={search_term_string}"},"query-input":{"@type":"PropertyValueSpecification","valueRequired":true,"valueName":"search_term_string"}}],"inLanguage":"de"},{"@type":"Organization","@id":"https:\/\/tmg.hu\/#organization","name":"Verband der Landwirte f\u00fcr Bodensanierung","url":"https:\/\/tmg.hu\/","logo":{"@type":"ImageObject","inLanguage":"de","@id":"https:\/\/tmg.hu\/#\/schema\/logo\/image\/","url":"https:\/\/tmg.hu\/wp-content\/uploads\/2024\/10\/tmg_og_logo.png","contentUrl":"https:\/\/tmg.hu\/wp-content\/uploads\/2024\/10\/tmg_og_logo.png","width":1200,"height":630,"caption":"Talajmeg\u00faj\u00edt\u00f3 Gazd\u00e1k Egyes\u00fclete"},"image":{"@id":"https:\/\/tmg.hu\/#\/schema\/logo\/image\/"},"sameAs":["https:\/\/www.facebook.com\/tmg.egyesulet\/","https:\/\/www.instagram.com\/tmg.hu\/","https:\/\/www.youtube.com\/@tmg_egyesulet"]}]}},"_links":{"self":[{"href":"https:\/\/tmg.hu\/de\/wp-json\/wp\/v2\/product\/9666","targetHints":{"allow":["GET"]}}],"collection":[{"href":"https:\/\/tmg.hu\/de\/wp-json\/wp\/v2\/product"}],"about":[{"href":"https:\/\/tmg.hu\/de\/wp-json\/wp\/v2\/types\/product"}],"wp:featuredmedia":[{"embeddable":true,"href":"https:\/\/tmg.hu\/de\/wp-json\/wp\/v2\/media\/9685"}],"wp:attachment":[{"href":"https:\/\/tmg.hu\/de\/wp-json\/wp\/v2\/media?parent=9666"}],"wp:term":[{"taxonomy":"product_brand","embeddable":true,"href":"https:\/\/tmg.hu\/de\/wp-json\/wp\/v2\/product_brand?post=9666"},{"taxonomy":"product_cat","embeddable":true,"href":"https:\/\/tmg.hu\/de\/wp-json\/wp\/v2\/product_cat?post=9666"},{"taxonomy":"product_tag","embeddable":true,"href":"https:\/\/tmg.hu\/de\/wp-json\/wp\/v2\/product_tag?post=9666"}],"curies":[{"name":"wp","href":"https:\/\/api.w.org\/{rel}","templated":true}]}}