{"id":9665,"date":"2025-02-20T02:21:05","date_gmt":"2025-02-20T01:21:05","guid":{"rendered":"https:\/\/tmg.hu\/?post_type=product&#038;p=9665"},"modified":"2026-04-06T10:57:27","modified_gmt":"2026-04-06T08:57:27","slug":"david-r-montgomery-erde-die-erosion-der-zivilisationen","status":"publish","type":"product","link":"https:\/\/tmg.hu\/de\/zimmer\/david-r-montgomery-erde-die-erosion-der-zivilisationen\/","title":{"rendered":"David R. Montgomery - Boden - Die Erosion der Zivilisationen"},"content":{"rendered":"<p>Der Boden - oder Mutterboden - ist \u00fcberall zu finden. Er ist die Wurzel unserer Existenz, der Halt f\u00fcr unsere F\u00fc\u00dfe, unsere Bauernh\u00f6fe und unsere St\u00e4dte.<\/p>\n<p>Dieses \u00fcberw\u00e4ltigend provokante Buch verbindet Naturwissenschaft und Kulturgeschichte, um zu zeigen, wie die Erosion den Zusammenbruch fr\u00fcherer Zivilisationen verursachte und wie den heutigen Agrargesellschaften ein \u00e4hnliches Schicksal droht, wenn sie nicht zu nachhaltigeren Praktiken \u00fcbergehen.<\/p>\n<p>David R. Montgomery ist Professor f\u00fcr Geomorphologie an der Universit\u00e4t von Washington.<\/p>\n<p>Er untersucht die Landschaftsentwicklung und die Auswirkungen geologischer Prozesse auf \u00d6kosysteme und menschliche Gesellschaften. Er ist Autor preisgekr\u00f6nter popul\u00e4rwissenschaftlicher B\u00fccher und hat in Dokumentarfilmen und zahlreichen Fernseh- und Radiosendungen mitgewirkt. Seine B\u00fccher sind in elf Sprachen \u00fcbersetzt worden. Er lebt mit seiner Frau und Co-Autorin Anne Bikle in Seattle.<\/p>\n<p><em>\"Eine faszinierende Studie \u00fcber den Boden: warum wir ihn brauchen, wie wir ihn nutzen und missbrauchen, wie wir ihn sch\u00fctzen k\u00f6nnen und was passiert, wenn wir ihn aus dem Ruder laufen lassen.\"<\/em><br \/>\n<strong>New Scientist<\/strong><\/p>\n<p><em>\"Eine Geschichte, die man nicht ignorieren kann......<\/em><br \/>\n<em>Gut erz\u00e4hlt und illustriert.\"<\/em><br \/>\n<strong>Financial Times<\/strong><\/p>\n<p><em>\"Das Buch bietet einen wunderbaren Einblick in das, was unsere wertvollste nat\u00fcrliche Ressource sein sollte, und eine wichtige Anleitung f\u00fcr eine nachhaltige Landnutzung.\"<\/em><br \/>\n<strong>Bisscience<\/strong><\/p>","protected":false},"excerpt":{"rendered":"<p>A talaj &#8211; vagy term\u0151talaj &#8211; b\u00e1rmerre megy\u00fcnk, mindenhol jelen van. A l\u00e9tez\u00e9s\u00fcnk gy\u00f6kere, t\u00e1maszt ny\u00fajt a l\u00e1bunknak, a gazdas\u00e1gainknak \u00e9s a v\u00e1rosainknak. Ez az els\u00f6pr\u0151 erej\u0171 provokat\u00edv k\u00f6nyv \u00f6tv\u00f6zi a term\u00e9szettudom\u00e1nyt \u00e9s a kult\u00fart\u00f6rt\u00e9netet, hogy bemutassa mik\u00e9nt okozta az er\u00f3zi\u00f3 a m\u00falt civiliz\u00e1ci\u00f3inak az \u00f6sszeoml\u00e1s\u00e1t \u00e9s mik\u00e9nt n\u00e9znek szembe a jelenkori mez\u0151gazdas\u00e1gi t\u00e1rsadalmak hasonl\u00f3 [&hellip;]<\/p>","protected":false},"featured_media":9684,"template":"","meta":[],"product_brand":[],"product_cat":[69],"product_tag":[],"class_list":{"0":"post-9665","1":"product","2":"type-product","3":"status-publish","4":"has-post-thumbnail","6":"product_cat-konyvek","8":"first","9":"instock","10":"taxable","11":"shipping-taxable","12":"purchasable","13":"product-type-simple"},"bundled_by":["9758"],"bundle_stock_status":"instock","bundle_stock_quantity":16,"bundle_virtual":false,"bundle_layout":"","bundle_add_to_cart_form_location":"","bundle_editable_in_cart":false,"bundle_sold_individually_context":"","bundle_item_grouping":"","bundle_min_size":"","bundle_max_size":"","bundle_price":[],"bundled_items":[],"bundle_sell_ids":[],"yoast_head":"<!-- This site is optimized with the Yoast SEO plugin v26.6 - https:\/\/yoast.com\/wordpress\/plugins\/seo\/ -->\n<title>David R. Montgomery - Talaj - A Civiliz\u00e1ci\u00f3k Er\u00f3zi\u00f3ja - Talajmeg\u00faj\u00edt\u00f3 Gazd\u00e1k Egyes\u00fclete<\/title>\n<meta name=\"robots\" content=\"index, follow, max-snippet:-1, max-image-preview:large, max-video-preview:-1\" \/>\n<link rel=\"canonical\" href=\"https:\/\/tmg.hu\/de\/zimmer\/david-r-montgomery-erde-die-erosion-der-zivilisationen\/\" \/>\n<meta property=\"og:locale\" content=\"de_DE\" \/>\n<meta property=\"og:type\" content=\"article\" \/>\n<meta property=\"og:title\" content=\"David R. Montgomery - Talaj - A Civiliz\u00e1ci\u00f3k Er\u00f3zi\u00f3ja - Talajmeg\u00faj\u00edt\u00f3 Gazd\u00e1k Egyes\u00fclete\" \/>\n<meta property=\"og:description\" content=\"A talaj &#8211; vagy term\u0151talaj &#8211; b\u00e1rmerre megy\u00fcnk, mindenhol jelen van. A l\u00e9tez\u00e9s\u00fcnk gy\u00f6kere, t\u00e1maszt ny\u00fajt a l\u00e1bunknak, a gazdas\u00e1gainknak \u00e9s a v\u00e1rosainknak. Ez az els\u00f6pr\u0151 erej\u0171 provokat\u00edv k\u00f6nyv \u00f6tv\u00f6zi a term\u00e9szettudom\u00e1nyt \u00e9s a kult\u00fart\u00f6rt\u00e9netet, hogy bemutassa mik\u00e9nt okozta az er\u00f3zi\u00f3 a m\u00falt civiliz\u00e1ci\u00f3inak az \u00f6sszeoml\u00e1s\u00e1t \u00e9s mik\u00e9nt n\u00e9znek szembe a jelenkori mez\u0151gazdas\u00e1gi t\u00e1rsadalmak hasonl\u00f3 [&hellip;]\" \/>\n<meta property=\"og:url\" content=\"https:\/\/tmg.hu\/de\/zimmer\/david-r-montgomery-erde-die-erosion-der-zivilisationen\/\" \/>\n<meta property=\"og:site_name\" content=\"Talajmeg\u00faj\u00edt\u00f3 Gazd\u00e1k Egyes\u00fclete\" \/>\n<meta property=\"article:publisher\" content=\"https:\/\/www.facebook.com\/tmg.egyesulet\/\" \/>\n<meta property=\"article:modified_time\" content=\"2026-04-06T08:57:27+00:00\" \/>\n<meta property=\"og:image\" content=\"https:\/\/tmg.hu\/wp-content\/uploads\/2025\/02\/Talaj.png\" \/>\n\t<meta property=\"og:image:width\" content=\"637\" \/>\n\t<meta property=\"og:image:height\" content=\"908\" \/>\n\t<meta property=\"og:image:type\" content=\"image\/png\" \/>\n<meta name=\"twitter:card\" content=\"summary_large_image\" \/>\n<meta name=\"twitter:label1\" content=\"Gesch\u00e4tzte Lesezeit\" \/>\n\t<meta name=\"twitter:data1\" content=\"2\u00a0Minuten\" \/>\n<script type=\"application\/ld+json\" class=\"yoast-schema-graph\">{\"@context\":\"https:\/\/schema.org\",\"@graph\":[{\"@type\":\"WebPage\",\"@id\":\"https:\/\/tmg.hu\/uk\/%d0%ba%d1%96%d0%bc%d0%bd%d0%b0%d1%82%d0%b8\/%d0%b4%d0%b5%d0%b2%d1%96%d0%b4-%d1%80-%d0%bc%d0%be%d0%bd%d1%82%d0%b3%d0%be%d0%bc%d0%b5%d1%80%d1%96-%d0%bf%d1%80%d0%be-%d0%b5%d1%80%d0%be%d0%b7%d1%96%d1%8e-%d1%86%d0%b8%d0%b2%d1%96%d0%bb%d1%96%d0%b7-2\/\",\"url\":\"https:\/\/tmg.hu\/uk\/%d0%ba%d1%96%d0%bc%d0%bd%d0%b0%d1%82%d0%b8\/%d0%b4%d0%b5%d0%b2%d1%96%d0%b4-%d1%80-%d0%bc%d0%be%d0%bd%d1%82%d0%b3%d0%be%d0%bc%d0%b5%d1%80%d1%96-%d0%bf%d1%80%d0%be-%d0%b5%d1%80%d0%be%d0%b7%d1%96%d1%8e-%d1%86%d0%b8%d0%b2%d1%96%d0%bb%d1%96%d0%b7-2\/\",\"name\":\"David R. Montgomery - Talaj - A Civiliz\u00e1ci\u00f3k Er\u00f3zi\u00f3ja - Talajmeg\u00faj\u00edt\u00f3 Gazd\u00e1k Egyes\u00fclete\",\"isPartOf\":{\"@id\":\"https:\/\/tmg.hu\/#website\"},\"primaryImageOfPage\":{\"@id\":\"https:\/\/tmg.hu\/uk\/%d0%ba%d1%96%d0%bc%d0%bd%d0%b0%d1%82%d0%b8\/%d0%b4%d0%b5%d0%b2%d1%96%d0%b4-%d1%80-%d0%bc%d0%be%d0%bd%d1%82%d0%b3%d0%be%d0%bc%d0%b5%d1%80%d1%96-%d0%bf%d1%80%d0%be-%d0%b5%d1%80%d0%be%d0%b7%d1%96%d1%8e-%d1%86%d0%b8%d0%b2%d1%96%d0%bb%d1%96%d0%b7-2\/#primaryimage\"},\"image\":{\"@id\":\"https:\/\/tmg.hu\/uk\/%d0%ba%d1%96%d0%bc%d0%bd%d0%b0%d1%82%d0%b8\/%d0%b4%d0%b5%d0%b2%d1%96%d0%b4-%d1%80-%d0%bc%d0%be%d0%bd%d1%82%d0%b3%d0%be%d0%bc%d0%b5%d1%80%d1%96-%d0%bf%d1%80%d0%be-%d0%b5%d1%80%d0%be%d0%b7%d1%96%d1%8e-%d1%86%d0%b8%d0%b2%d1%96%d0%bb%d1%96%d0%b7-2\/#primaryimage\"},\"thumbnailUrl\":\"https:\/\/tmg.hu\/wp-content\/uploads\/2025\/02\/Talaj.png\",\"datePublished\":\"2025-02-20T01:21:05+00:00\",\"dateModified\":\"2026-04-06T08:57:27+00:00\",\"breadcrumb\":{\"@id\":\"https:\/\/tmg.hu\/uk\/%d0%ba%d1%96%d0%bc%d0%bd%d0%b0%d1%82%d0%b8\/%d0%b4%d0%b5%d0%b2%d1%96%d0%b4-%d1%80-%d0%bc%d0%be%d0%bd%d1%82%d0%b3%d0%be%d0%bc%d0%b5%d1%80%d1%96-%d0%bf%d1%80%d0%be-%d0%b5%d1%80%d0%be%d0%b7%d1%96%d1%8e-%d1%86%d0%b8%d0%b2%d1%96%d0%bb%d1%96%d0%b7-2\/#breadcrumb\"},\"inLanguage\":\"de\",\"potentialAction\":[{\"@type\":\"ReadAction\",\"target\":[\"https:\/\/tmg.hu\/uk\/%d0%ba%d1%96%d0%bc%d0%bd%d0%b0%d1%82%d0%b8\/%d0%b4%d0%b5%d0%b2%d1%96%d0%b4-%d1%80-%d0%bc%d0%be%d0%bd%d1%82%d0%b3%d0%be%d0%bc%d0%b5%d1%80%d1%96-%d0%bf%d1%80%d0%be-%d0%b5%d1%80%d0%be%d0%b7%d1%96%d1%8e-%d1%86%d0%b8%d0%b2%d1%96%d0%bb%d1%96%d0%b7-2\/\"]}]},{\"@type\":\"ImageObject\",\"inLanguage\":\"de\",\"@id\":\"https:\/\/tmg.hu\/uk\/%d0%ba%d1%96%d0%bc%d0%bd%d0%b0%d1%82%d0%b8\/%d0%b4%d0%b5%d0%b2%d1%96%d0%b4-%d1%80-%d0%bc%d0%be%d0%bd%d1%82%d0%b3%d0%be%d0%bc%d0%b5%d1%80%d1%96-%d0%bf%d1%80%d0%be-%d0%b5%d1%80%d0%be%d0%b7%d1%96%d1%8e-%d1%86%d0%b8%d0%b2%d1%96%d0%bb%d1%96%d0%b7-2\/#primaryimage\",\"url\":\"https:\/\/tmg.hu\/wp-content\/uploads\/2025\/02\/Talaj.png\",\"contentUrl\":\"https:\/\/tmg.hu\/wp-content\/uploads\/2025\/02\/Talaj.png\",\"width\":637,\"height\":908},{\"@type\":\"BreadcrumbList\",\"@id\":\"https:\/\/tmg.hu\/uk\/%d0%ba%d1%96%d0%bc%d0%bd%d0%b0%d1%82%d0%b8\/%d0%b4%d0%b5%d0%b2%d1%96%d0%b4-%d1%80-%d0%bc%d0%be%d0%bd%d1%82%d0%b3%d0%be%d0%bc%d0%b5%d1%80%d1%96-%d0%bf%d1%80%d0%be-%d0%b5%d1%80%d0%be%d0%b7%d1%96%d1%8e-%d1%86%d0%b8%d0%b2%d1%96%d0%bb%d1%96%d0%b7-2\/#breadcrumb\",\"itemListElement\":[{\"@type\":\"ListItem\",\"position\":1,\"name\":\"Home\",\"item\":\"https:\/\/tmg.hu\/\"},{\"@type\":\"ListItem\",\"position\":2,\"name\":\"Webshop\",\"item\":\"https:\/\/tmg.hu\/webshop\/\"},{\"@type\":\"ListItem\",\"position\":3,\"name\":\"David R. Montgomery &#8211; Talaj &#8211; A Civiliz\u00e1ci\u00f3k Er\u00f3zi\u00f3ja\"}]},{\"@type\":\"WebSite\",\"@id\":\"https:\/\/tmg.hu\/#website\",\"url\":\"https:\/\/tmg.hu\/\",\"name\":\"TMG - Talajmeg\u00faj\u00edt\u00f3 Gazd\u00e1k Egyes\u00fclete\",\"description\":\"Talajmeg\u00faj\u00edt\u00f3 Gazd\u00e1k Egyes\u00fclete\",\"publisher\":{\"@id\":\"https:\/\/tmg.hu\/#organization\"},\"potentialAction\":[{\"@type\":\"SearchAction\",\"target\":{\"@type\":\"EntryPoint\",\"urlTemplate\":\"https:\/\/tmg.hu\/?s={search_term_string}\"},\"query-input\":{\"@type\":\"PropertyValueSpecification\",\"valueRequired\":true,\"valueName\":\"search_term_string\"}}],\"inLanguage\":\"de\"},{\"@type\":\"Organization\",\"@id\":\"https:\/\/tmg.hu\/#organization\",\"name\":\"Talajmeg\u00faj\u00edt\u00f3 Gazd\u00e1k Egyes\u00fclete\",\"url\":\"https:\/\/tmg.hu\/\",\"logo\":{\"@type\":\"ImageObject\",\"inLanguage\":\"de\",\"@id\":\"https:\/\/tmg.hu\/#\/schema\/logo\/image\/\",\"url\":\"https:\/\/tmg.hu\/wp-content\/uploads\/2024\/10\/tmg_og_logo.png\",\"contentUrl\":\"https:\/\/tmg.hu\/wp-content\/uploads\/2024\/10\/tmg_og_logo.png\",\"width\":1200,\"height\":630,\"caption\":\"Talajmeg\u00faj\u00edt\u00f3 Gazd\u00e1k Egyes\u00fclete\"},\"image\":{\"@id\":\"https:\/\/tmg.hu\/#\/schema\/logo\/image\/\"},\"sameAs\":[\"https:\/\/www.facebook.com\/tmg.egyesulet\/\",\"https:\/\/www.instagram.com\/tmg.hu\/\",\"https:\/\/www.youtube.com\/@tmg_egyesulet\"]}]}<\/script>\n<!-- \/ Yoast SEO plugin. -->","yoast_head_json":{"title":"David R. Montgomery - Der Boden - Die Erosion der Zivilisationen - Vereinigung der Landwirte zur Bodensanierung","robots":{"index":"index","follow":"follow","max-snippet":"max-snippet:-1","max-image-preview":"max-image-preview:large","max-video-preview":"max-video-preview:-1"},"canonical":"https:\/\/tmg.hu\/de\/zimmer\/david-r-montgomery-erde-die-erosion-der-zivilisationen\/","og_locale":"de_DE","og_type":"article","og_title":"David R. Montgomery - Talaj - A Civiliz\u00e1ci\u00f3k Er\u00f3zi\u00f3ja - Talajmeg\u00faj\u00edt\u00f3 Gazd\u00e1k Egyes\u00fclete","og_description":"A talaj &#8211; vagy term\u0151talaj &#8211; b\u00e1rmerre megy\u00fcnk, mindenhol jelen van. A l\u00e9tez\u00e9s\u00fcnk gy\u00f6kere, t\u00e1maszt ny\u00fajt a l\u00e1bunknak, a gazdas\u00e1gainknak \u00e9s a v\u00e1rosainknak. Ez az els\u00f6pr\u0151 erej\u0171 provokat\u00edv k\u00f6nyv \u00f6tv\u00f6zi a term\u00e9szettudom\u00e1nyt \u00e9s a kult\u00fart\u00f6rt\u00e9netet, hogy bemutassa mik\u00e9nt okozta az er\u00f3zi\u00f3 a m\u00falt civiliz\u00e1ci\u00f3inak az \u00f6sszeoml\u00e1s\u00e1t \u00e9s mik\u00e9nt n\u00e9znek szembe a jelenkori mez\u0151gazdas\u00e1gi t\u00e1rsadalmak hasonl\u00f3 [&hellip;]","og_url":"https:\/\/tmg.hu\/de\/zimmer\/david-r-montgomery-erde-die-erosion-der-zivilisationen\/","og_site_name":"Talajmeg\u00faj\u00edt\u00f3 Gazd\u00e1k Egyes\u00fclete","article_publisher":"https:\/\/www.facebook.com\/tmg.egyesulet\/","article_modified_time":"2026-04-06T08:57:27+00:00","og_image":[{"width":637,"height":908,"url":"https:\/\/tmg.hu\/wp-content\/uploads\/2025\/02\/Talaj.png","type":"image\/png"}],"twitter_card":"summary_large_image","twitter_misc":{"Gesch\u00e4tzte Lesezeit":"2\u00a0Minuten"},"schema":{"@context":"https:\/\/schema.org","@graph":[{"@type":"WebPage","@id":"https:\/\/tmg.hu\/uk\/%d0%ba%d1%96%d0%bc%d0%bd%d0%b0%d1%82%d0%b8\/%d0%b4%d0%b5%d0%b2%d1%96%d0%b4-%d1%80-%d0%bc%d0%be%d0%bd%d1%82%d0%b3%d0%be%d0%bc%d0%b5%d1%80%d1%96-%d0%bf%d1%80%d0%be-%d0%b5%d1%80%d0%be%d0%b7%d1%96%d1%8e-%d1%86%d0%b8%d0%b2%d1%96%d0%bb%d1%96%d0%b7-2\/","url":"https:\/\/tmg.hu\/uk\/%d0%ba%d1%96%d0%bc%d0%bd%d0%b0%d1%82%d0%b8\/%d0%b4%d0%b5%d0%b2%d1%96%d0%b4-%d1%80-%d0%bc%d0%be%d0%bd%d1%82%d0%b3%d0%be%d0%bc%d0%b5%d1%80%d1%96-%d0%bf%d1%80%d0%be-%d0%b5%d1%80%d0%be%d0%b7%d1%96%d1%8e-%d1%86%d0%b8%d0%b2%d1%96%d0%bb%d1%96%d0%b7-2\/","name":"David R. Montgomery - Der Boden - Die Erosion der Zivilisationen - Vereinigung der Landwirte zur Bodensanierung","isPartOf":{"@id":"https:\/\/tmg.hu\/#website"},"primaryImageOfPage":{"@id":"https:\/\/tmg.hu\/uk\/%d0%ba%d1%96%d0%bc%d0%bd%d0%b0%d1%82%d0%b8\/%d0%b4%d0%b5%d0%b2%d1%96%d0%b4-%d1%80-%d0%bc%d0%be%d0%bd%d1%82%d0%b3%d0%be%d0%bc%d0%b5%d1%80%d1%96-%d0%bf%d1%80%d0%be-%d0%b5%d1%80%d0%be%d0%b7%d1%96%d1%8e-%d1%86%d0%b8%d0%b2%d1%96%d0%bb%d1%96%d0%b7-2\/#primaryimage"},"image":{"@id":"https:\/\/tmg.hu\/uk\/%d0%ba%d1%96%d0%bc%d0%bd%d0%b0%d1%82%d0%b8\/%d0%b4%d0%b5%d0%b2%d1%96%d0%b4-%d1%80-%d0%bc%d0%be%d0%bd%d1%82%d0%b3%d0%be%d0%bc%d0%b5%d1%80%d1%96-%d0%bf%d1%80%d0%be-%d0%b5%d1%80%d0%be%d0%b7%d1%96%d1%8e-%d1%86%d0%b8%d0%b2%d1%96%d0%bb%d1%96%d0%b7-2\/#primaryimage"},"thumbnailUrl":"https:\/\/tmg.hu\/wp-content\/uploads\/2025\/02\/Talaj.png","datePublished":"2025-02-20T01:21:05+00:00","dateModified":"2026-04-06T08:57:27+00:00","breadcrumb":{"@id":"https:\/\/tmg.hu\/uk\/%d0%ba%d1%96%d0%bc%d0%bd%d0%b0%d1%82%d0%b8\/%d0%b4%d0%b5%d0%b2%d1%96%d0%b4-%d1%80-%d0%bc%d0%be%d0%bd%d1%82%d0%b3%d0%be%d0%bc%d0%b5%d1%80%d1%96-%d0%bf%d1%80%d0%be-%d0%b5%d1%80%d0%be%d0%b7%d1%96%d1%8e-%d1%86%d0%b8%d0%b2%d1%96%d0%bb%d1%96%d0%b7-2\/#breadcrumb"},"inLanguage":"de","potentialAction":[{"@type":"ReadAction","target":["https:\/\/tmg.hu\/uk\/%d0%ba%d1%96%d0%bc%d0%bd%d0%b0%d1%82%d0%b8\/%d0%b4%d0%b5%d0%b2%d1%96%d0%b4-%d1%80-%d0%bc%d0%be%d0%bd%d1%82%d0%b3%d0%be%d0%bc%d0%b5%d1%80%d1%96-%d0%bf%d1%80%d0%be-%d0%b5%d1%80%d0%be%d0%b7%d1%96%d1%8e-%d1%86%d0%b8%d0%b2%d1%96%d0%bb%d1%96%d0%b7-2\/"]}]},{"@type":"ImageObject","inLanguage":"de","@id":"https:\/\/tmg.hu\/uk\/%d0%ba%d1%96%d0%bc%d0%bd%d0%b0%d1%82%d0%b8\/%d0%b4%d0%b5%d0%b2%d1%96%d0%b4-%d1%80-%d0%bc%d0%be%d0%bd%d1%82%d0%b3%d0%be%d0%bc%d0%b5%d1%80%d1%96-%d0%bf%d1%80%d0%be-%d0%b5%d1%80%d0%be%d0%b7%d1%96%d1%8e-%d1%86%d0%b8%d0%b2%d1%96%d0%bb%d1%96%d0%b7-2\/#primaryimage","url":"https:\/\/tmg.hu\/wp-content\/uploads\/2025\/02\/Talaj.png","contentUrl":"https:\/\/tmg.hu\/wp-content\/uploads\/2025\/02\/Talaj.png","width":637,"height":908},{"@type":"BreadcrumbList","@id":"https:\/\/tmg.hu\/uk\/%d0%ba%d1%96%d0%bc%d0%bd%d0%b0%d1%82%d0%b8\/%d0%b4%d0%b5%d0%b2%d1%96%d0%b4-%d1%80-%d0%bc%d0%be%d0%bd%d1%82%d0%b3%d0%be%d0%bc%d0%b5%d1%80%d1%96-%d0%bf%d1%80%d0%be-%d0%b5%d1%80%d0%be%d0%b7%d1%96%d1%8e-%d1%86%d0%b8%d0%b2%d1%96%d0%bb%d1%96%d0%b7-2\/#breadcrumb","itemListElement":[{"@type":"ListItem","position":1,"name":"Home","item":"https:\/\/tmg.hu\/"},{"@type":"ListItem","position":2,"name":"Webshop","item":"https:\/\/tmg.hu\/webshop\/"},{"@type":"ListItem","position":3,"name":"David R. Montgomery &#8211; Talaj &#8211; A Civiliz\u00e1ci\u00f3k Er\u00f3zi\u00f3ja"}]},{"@type":"WebSite","@id":"https:\/\/tmg.hu\/#website","url":"https:\/\/tmg.hu\/","name":"TMG - Verband der Bodenerneuerungslandwirte","description":"Verband der Landwirte f\u00fcr Bodensanierung","publisher":{"@id":"https:\/\/tmg.hu\/#organization"},"potentialAction":[{"@type":"SearchAction","target":{"@type":"EntryPoint","urlTemplate":"https:\/\/tmg.hu\/?s={search_term_string}"},"query-input":{"@type":"PropertyValueSpecification","valueRequired":true,"valueName":"search_term_string"}}],"inLanguage":"de"},{"@type":"Organization","@id":"https:\/\/tmg.hu\/#organization","name":"Verband der Landwirte f\u00fcr Bodensanierung","url":"https:\/\/tmg.hu\/","logo":{"@type":"ImageObject","inLanguage":"de","@id":"https:\/\/tmg.hu\/#\/schema\/logo\/image\/","url":"https:\/\/tmg.hu\/wp-content\/uploads\/2024\/10\/tmg_og_logo.png","contentUrl":"https:\/\/tmg.hu\/wp-content\/uploads\/2024\/10\/tmg_og_logo.png","width":1200,"height":630,"caption":"Talajmeg\u00faj\u00edt\u00f3 Gazd\u00e1k Egyes\u00fclete"},"image":{"@id":"https:\/\/tmg.hu\/#\/schema\/logo\/image\/"},"sameAs":["https:\/\/www.facebook.com\/tmg.egyesulet\/","https:\/\/www.instagram.com\/tmg.hu\/","https:\/\/www.youtube.com\/@tmg_egyesulet"]}]}},"_links":{"self":[{"href":"https:\/\/tmg.hu\/de\/wp-json\/wp\/v2\/product\/9665","targetHints":{"allow":["GET"]}}],"collection":[{"href":"https:\/\/tmg.hu\/de\/wp-json\/wp\/v2\/product"}],"about":[{"href":"https:\/\/tmg.hu\/de\/wp-json\/wp\/v2\/types\/product"}],"wp:featuredmedia":[{"embeddable":true,"href":"https:\/\/tmg.hu\/de\/wp-json\/wp\/v2\/media\/9684"}],"wp:attachment":[{"href":"https:\/\/tmg.hu\/de\/wp-json\/wp\/v2\/media?parent=9665"}],"wp:term":[{"taxonomy":"product_brand","embeddable":true,"href":"https:\/\/tmg.hu\/de\/wp-json\/wp\/v2\/product_brand?post=9665"},{"taxonomy":"product_cat","embeddable":true,"href":"https:\/\/tmg.hu\/de\/wp-json\/wp\/v2\/product_cat?post=9665"},{"taxonomy":"product_tag","embeddable":true,"href":"https:\/\/tmg.hu\/de\/wp-json\/wp\/v2\/product_tag?post=9665"}],"curies":[{"name":"wp","href":"https:\/\/api.w.org\/{rel}","templated":true}]}}