{"id":8754,"date":"2024-10-22T00:44:05","date_gmt":"2024-10-21T22:44:05","guid":{"rendered":"https:\/\/tmg.hu\/?post_type=product&#038;p=8754"},"modified":"2025-03-28T13:07:04","modified_gmt":"2025-03-28T12:07:04","slug":"gazdaforum-acid-muveles-kozel-70-es-kotottsegu-soils-videos-oktatasi-occasion","status":"publish","type":"product","link":"https:\/\/tmg.hu\/de\/zimmer\/gazdaforum-acid-muveles-kozel-70-es-kotottsegu-soils-videos-oktatasi-occasion\/","title":{"rendered":"Forum der Landwirte - Strip-tillage auf B\u00f6den mit nahezu 70 bindenden B\u00f6den Videoschulung"},"content":{"rendered":"<p style=\"text-align: center;\">Aufnahmezeit: <strong>2023.04.22.<\/strong><br \/>\nL\u00e4nge der Aufnahme: <strong>65 min<\/strong><br \/>\nStandort: <strong>Gyomaendr\u0151d-Gebiet<\/strong><\/p>\n<hr \/>\n<p>&nbsp;<\/p>\n<h2>Wie kann man auf extrem verdichteten B\u00f6den sicher anbauen, ohne den Boden zu besch\u00e4digen?<\/h2>\n<p>Das ist die Frage des Bildungstages von Ede Kis, und er wird seine bisherigen Erfahrungen mitteilen. Er selbst ist der <strong>auf dem Weg zur Direktsaat, die Stra\u00dfe liegt im Streifenanbau<\/strong>die im Durchschnitt eine L\u00f6sung f\u00fcr Perk-B\u00f6den mit einer H\u00e4rte von 68 bietet, die einen relativ gleichm\u00e4\u00dfigen Ertrag bei m\u00f6glichst geringer St\u00f6rung gew\u00e4hrleistet.<\/p>\n<h2>Strip-Till-Technik auf winzigen B\u00f6den<\/h2>\n<p>Sie kann wie Knetmasse sein. Und manchmal kann es wie Beton sein. Oder das Gegenteil, wie Butter auf einem Brot. Wenn sie austrocknen, zerfallen sie in kleine W\u00fcrfel. Wenn es nass ist, kann man es nicht anbauen, wenn es trocken ist, ist das der Grund.<\/p>\n<p>Die optimale Anbauzeit ist sehr begrenzt, und wir haben dieses Zeitfenster f\u00fcr den Ausbildungstag genutzt, der jetzt ist <strong>wir haben uns auf ungew\u00f6hnliche Weise arrangiert<\/strong>. Wir haben die Vorg\u00e4nge auf Video aufgezeichnet, Erkl\u00e4rungen hinzugef\u00fcgt und schneiden sie jetzt f\u00fcr alle Interessierten zusammen.<\/p>\n<h2>Aus dem Nachlass von Little Ede<\/h2>\n<p>Bei den Strip-Till-Fl\u00e4chen handelt es sich im Durchschnitt um 68 Gold-gebundene ehemalige Reisfelder. Nach der Ernte lie\u00df Ede die Stoppeln sprie\u00dfen, j\u00e4tete einige und unternahm auf anderen nichts, erst im September wurde eine Streifenbearbeitung durchgef\u00fchrt. Im Fr\u00fchjahr wurde nur einmal am 24. M\u00e4rz vollst\u00e4ndig gej\u00e4tet, sonst gab es keine weiteren Ma\u00dfnahmen.<\/p>\n<p>Ede-Sonnenblume vor der Aussaat <strong>Sehen Sie, wie der Avers Agro-Speichenzinken auf dem Feld funktioniert<\/strong>.<\/p>\n<p>Einige hundert Meter voneinander entfernt befinden sich 2 gepflasterte Schilder. Das eine ist ein einfaches Weizenfeld, das andere ein Roggen- und Brombeerfeld zwischen den Streifen.<br \/>\n<strong>Auf beiden k\u00f6nnen Sie die Aussaat beobachten.<\/strong><\/p>\n<p><strong>Es besteht auch die M\u00f6glichkeit, die Aussaat von Wintergerste direkt in Weizen zu sehen. Sie k\u00f6nnen auch eine stehende Demonstration der RAD-S\u00e4maschine sehen.<\/strong><\/p>\n<h2>Treffen Sie unseren Gastgeber<\/h2>\n<p>Ede Kis betreibt Ackerbau auf 259 Hektar in Gyomaendr\u0151d, Komitat B\u00e9k\u00e9s. Er baut Herbstgetreide, Sonnenblumen, Buche und \u00d6lrettich an. Etwa 80% seiner Fl\u00e4che sind tiefgr\u00fcndige B\u00f6den mit einer Bodenbedeckung von 60-70 kA.<\/p>\n<p><strong>Im Jahr 2007 wurde mit der Umstellung auf eine flache Bodenbearbeitung begonnen, die auf Lockerung und flacher Bodenbearbeitung basiert.<br \/>\nSeit 2016 experimentiert das Unternehmen mit Direktsaat und Deckfr\u00fcchten und wird ab Herbst 2022 die Strip-Till-Technologie im kommerziellen Ma\u00dfstab einsetzen.<\/strong><\/p>\n<p><em>Seit ihrer Gr\u00fcndung ist er Mitglied der TMG Association.<\/em><\/p>\n<table style=\"border-collapse: collapse; width: 100%;\" border=\"1\">\n<tbody>\n<tr>\n<td style=\"width: 100%;\">\n<p style=\"text-align: center;\">Kaufen Sie das Videomaterial \u00fcber unseren Webshop.<br \/>\nInnerhalb weniger Tage nach der Zahlung erhalten Sie per E-Mail das Passwort f\u00fcr den Zugang zur Website.<\/p>\n<p style=\"text-align: center;\">\n<\/td>\n<\/tr>\n<\/tbody>\n<\/table>\n<p>&nbsp;<\/p>\n<p style=\"text-align: center;\"><iframe title=\"YouTube-Video-Player\" src=\"\/\/www.youtube.com\/embed\/7ntVBo8DTmw?si=kIWmQ1xsgI2glTsR\" width=\"640\" height=\"360\" frameborder=\"0\" allowfullscreen=\"allowfullscreen\" data-mce-fragment=\"1\"><\/iframe><\/p>","protected":false},"excerpt":{"rendered":"<h3>Wie kann man auf extrem verdichteten B\u00f6den sicher anbauen, ohne den Boden zu besch\u00e4digen?<\/h3>\n<p>Mit dieser Frage besch\u00e4ftigt sich der Bildungstag von Ede Kis, der von seinen bisherigen Erfahrungen berichten wird. Er selbst ist auf dem Weg zur Direktsaat, mit der Streifenbearbeitung, die im Durchschnitt auf Perc-B\u00f6den mit einer H\u00e4rte von 68 eine L\u00f6sung bietet, die einen relativ gleichm\u00e4\u00dfigen Ertrag bei m\u00f6glichst geringer St\u00f6rung gew\u00e4hrleistet.<\/p>","protected":false},"featured_media":8766,"template":"","meta":[],"product_brand":[],"product_cat":[70],"product_tag":[],"class_list":{"0":"post-8754","1":"product","2":"type-product","3":"status-publish","4":"has-post-thumbnail","6":"product_cat-videok","8":"first","9":"instock","10":"virtual","11":"taxable","12":"purchasable","13":"product-type-simple"},"bundled_by":[],"bundle_stock_status":"instock","bundle_stock_quantity":null,"bundle_virtual":false,"bundle_layout":"","bundle_add_to_cart_form_location":"","bundle_editable_in_cart":false,"bundle_sold_individually_context":"","bundle_item_grouping":"","bundle_min_size":"","bundle_max_size":"","bundle_price":[],"bundled_items":[],"bundle_sell_ids":[],"yoast_head":"<!-- This site is optimized with the Yoast SEO plugin v26.6 - https:\/\/yoast.com\/wordpress\/plugins\/seo\/ -->\n<title>Gazdaf\u00f3rum - S\u00e1vos m\u0171vel\u00e9s k\u00f6zel 70-es k\u00f6t\u00f6tts\u00e9g\u0171 talajokon Vide\u00f3s oktat\u00e1si alkalom - Talajmeg\u00faj\u00edt\u00f3 Gazd\u00e1k Egyes\u00fclete<\/title>\n<meta name=\"robots\" content=\"index, follow, max-snippet:-1, max-image-preview:large, max-video-preview:-1\" \/>\n<link rel=\"canonical\" href=\"https:\/\/tmg.hu\/de\/zimmer\/gazdaforum-acid-muveles-kozel-70-es-kotottsegu-soils-videos-oktatasi-occasion\/\" \/>\n<meta property=\"og:locale\" content=\"de_DE\" \/>\n<meta property=\"og:type\" content=\"article\" \/>\n<meta property=\"og:title\" content=\"Gazdaf\u00f3rum - S\u00e1vos m\u0171vel\u00e9s k\u00f6zel 70-es k\u00f6t\u00f6tts\u00e9g\u0171 talajokon Vide\u00f3s oktat\u00e1si alkalom - Talajmeg\u00faj\u00edt\u00f3 Gazd\u00e1k Egyes\u00fclete\" \/>\n<meta property=\"og:description\" content=\"Hogyan lehet talajk\u00edm\u00e9l\u0151 m\u00f3don, de biztons\u00e1ggal termelni extr\u00e9m k\u00f6t\u00f6tt talajokon? Ez Kis Ede oktat\u00e1si napj\u00e1nak k\u00e9rd\u00e9se, ezzel kapcsolatos eddigi tapasztalatait osztja majd meg. \u0150 maga a no-till fel\u00e9 tart\u00f3 \u00faton a s\u00e1vos m\u0171vel\u00e9sn\u00e9l tart, amely az \u00e1tlagosan 68-as kem\u00e9nys\u00e9g\u0171 perc talajokon olyan megold\u00e1st ny\u00fajt, hogy a lehet\u0151 legkisebb bolygat\u00e1ssal viszonylag kiegyenl\u00edtett term\u00e9st biztos\u00edt.\" \/>\n<meta property=\"og:url\" content=\"https:\/\/tmg.hu\/de\/zimmer\/gazdaforum-acid-muveles-kozel-70-es-kotottsegu-soils-videos-oktatasi-occasion\/\" \/>\n<meta property=\"og:site_name\" content=\"Talajmeg\u00faj\u00edt\u00f3 Gazd\u00e1k Egyes\u00fclete\" \/>\n<meta property=\"article:publisher\" content=\"https:\/\/www.facebook.com\/tmg.egyesulet\/\" \/>\n<meta property=\"article:modified_time\" content=\"2025-03-28T12:07:04+00:00\" \/>\n<meta property=\"og:image\" content=\"https:\/\/tmg.hu\/wp-content\/uploads\/2024\/10\/savos_muveles_video_6.jpg\" \/>\n\t<meta property=\"og:image:width\" content=\"1000\" \/>\n\t<meta property=\"og:image:height\" content=\"666\" \/>\n\t<meta property=\"og:image:type\" content=\"image\/jpeg\" \/>\n<meta name=\"twitter:card\" content=\"summary_large_image\" \/>\n<meta name=\"twitter:label1\" content=\"Gesch\u00e4tzte Lesezeit\" \/>\n\t<meta name=\"twitter:data1\" content=\"3\u00a0Minuten\" \/>\n<script type=\"application\/ld+json\" class=\"yoast-schema-graph\">{\"@context\":\"https:\/\/schema.org\",\"@graph\":[{\"@type\":\"WebPage\",\"@id\":\"https:\/\/tmg.hu\/sk\/izby\/gazdaforum-acid-muveles-kozel-70-es-kotottsegu-soils-videos-oktatasi-occasion\/\",\"url\":\"https:\/\/tmg.hu\/sk\/izby\/gazdaforum-acid-muveles-kozel-70-es-kotottsegu-soils-videos-oktatasi-occasion\/\",\"name\":\"Gazdaf\u00f3rum - S\u00e1vos m\u0171vel\u00e9s k\u00f6zel 70-es k\u00f6t\u00f6tts\u00e9g\u0171 talajokon Vide\u00f3s oktat\u00e1si alkalom - Talajmeg\u00faj\u00edt\u00f3 Gazd\u00e1k Egyes\u00fclete\",\"isPartOf\":{\"@id\":\"https:\/\/tmg.hu\/#website\"},\"primaryImageOfPage\":{\"@id\":\"https:\/\/tmg.hu\/sk\/izby\/gazdaforum-acid-muveles-kozel-70-es-kotottsegu-soils-videos-oktatasi-occasion\/#primaryimage\"},\"image\":{\"@id\":\"https:\/\/tmg.hu\/sk\/izby\/gazdaforum-acid-muveles-kozel-70-es-kotottsegu-soils-videos-oktatasi-occasion\/#primaryimage\"},\"thumbnailUrl\":\"https:\/\/tmg.hu\/wp-content\/uploads\/2024\/10\/savos_muveles_video_6.jpg\",\"datePublished\":\"2024-10-21T22:44:05+00:00\",\"dateModified\":\"2025-03-28T12:07:04+00:00\",\"breadcrumb\":{\"@id\":\"https:\/\/tmg.hu\/sk\/izby\/gazdaforum-acid-muveles-kozel-70-es-kotottsegu-soils-videos-oktatasi-occasion\/#breadcrumb\"},\"inLanguage\":\"de\",\"potentialAction\":[{\"@type\":\"ReadAction\",\"target\":[\"https:\/\/tmg.hu\/sk\/izby\/gazdaforum-acid-muveles-kozel-70-es-kotottsegu-soils-videos-oktatasi-occasion\/\"]}]},{\"@type\":\"ImageObject\",\"inLanguage\":\"de\",\"@id\":\"https:\/\/tmg.hu\/sk\/izby\/gazdaforum-acid-muveles-kozel-70-es-kotottsegu-soils-videos-oktatasi-occasion\/#primaryimage\",\"url\":\"https:\/\/tmg.hu\/wp-content\/uploads\/2024\/10\/savos_muveles_video_6.jpg\",\"contentUrl\":\"https:\/\/tmg.hu\/wp-content\/uploads\/2024\/10\/savos_muveles_video_6.jpg\",\"width\":1000,\"height\":666},{\"@type\":\"BreadcrumbList\",\"@id\":\"https:\/\/tmg.hu\/sk\/izby\/gazdaforum-acid-muveles-kozel-70-es-kotottsegu-soils-videos-oktatasi-occasion\/#breadcrumb\",\"itemListElement\":[{\"@type\":\"ListItem\",\"position\":1,\"name\":\"Home\",\"item\":\"https:\/\/tmg.hu\/\"},{\"@type\":\"ListItem\",\"position\":2,\"name\":\"Webshop\",\"item\":\"https:\/\/tmg.hu\/webshop\/\"},{\"@type\":\"ListItem\",\"position\":3,\"name\":\"Gazdaf\u00f3rum &#8211; S\u00e1vos m\u0171vel\u00e9s k\u00f6zel 70-es k\u00f6t\u00f6tts\u00e9g\u0171 talajokon Vide\u00f3s oktat\u00e1si alkalom\"}]},{\"@type\":\"WebSite\",\"@id\":\"https:\/\/tmg.hu\/#website\",\"url\":\"https:\/\/tmg.hu\/\",\"name\":\"TMG - Talajmeg\u00faj\u00edt\u00f3 Gazd\u00e1k Egyes\u00fclete\",\"description\":\"Talajmeg\u00faj\u00edt\u00f3 Gazd\u00e1k Egyes\u00fclete\",\"publisher\":{\"@id\":\"https:\/\/tmg.hu\/#organization\"},\"potentialAction\":[{\"@type\":\"SearchAction\",\"target\":{\"@type\":\"EntryPoint\",\"urlTemplate\":\"https:\/\/tmg.hu\/?s={search_term_string}\"},\"query-input\":{\"@type\":\"PropertyValueSpecification\",\"valueRequired\":true,\"valueName\":\"search_term_string\"}}],\"inLanguage\":\"de\"},{\"@type\":\"Organization\",\"@id\":\"https:\/\/tmg.hu\/#organization\",\"name\":\"Talajmeg\u00faj\u00edt\u00f3 Gazd\u00e1k Egyes\u00fclete\",\"url\":\"https:\/\/tmg.hu\/\",\"logo\":{\"@type\":\"ImageObject\",\"inLanguage\":\"de\",\"@id\":\"https:\/\/tmg.hu\/#\/schema\/logo\/image\/\",\"url\":\"https:\/\/tmg.hu\/wp-content\/uploads\/2024\/10\/tmg_og_logo.png\",\"contentUrl\":\"https:\/\/tmg.hu\/wp-content\/uploads\/2024\/10\/tmg_og_logo.png\",\"width\":1200,\"height\":630,\"caption\":\"Talajmeg\u00faj\u00edt\u00f3 Gazd\u00e1k Egyes\u00fclete\"},\"image\":{\"@id\":\"https:\/\/tmg.hu\/#\/schema\/logo\/image\/\"},\"sameAs\":[\"https:\/\/www.facebook.com\/tmg.egyesulet\/\",\"https:\/\/www.instagram.com\/tmg.hu\/\",\"https:\/\/www.youtube.com\/@tmg_egyesulet\"]}]}<\/script>\n<!-- \/ Yoast SEO plugin. -->","yoast_head_json":{"title":"Forum der Landwirte - Streifenanbau auf B\u00f6den mit einer Bodenkr\u00fcmelung von fast 70 Video-Bildungsveranstaltung - Soil Renewal Farmers' Association","robots":{"index":"index","follow":"follow","max-snippet":"max-snippet:-1","max-image-preview":"max-image-preview:large","max-video-preview":"max-video-preview:-1"},"canonical":"https:\/\/tmg.hu\/de\/zimmer\/gazdaforum-acid-muveles-kozel-70-es-kotottsegu-soils-videos-oktatasi-occasion\/","og_locale":"de_DE","og_type":"article","og_title":"Gazdaf\u00f3rum - S\u00e1vos m\u0171vel\u00e9s k\u00f6zel 70-es k\u00f6t\u00f6tts\u00e9g\u0171 talajokon Vide\u00f3s oktat\u00e1si alkalom - Talajmeg\u00faj\u00edt\u00f3 Gazd\u00e1k Egyes\u00fclete","og_description":"Hogyan lehet talajk\u00edm\u00e9l\u0151 m\u00f3don, de biztons\u00e1ggal termelni extr\u00e9m k\u00f6t\u00f6tt talajokon? Ez Kis Ede oktat\u00e1si napj\u00e1nak k\u00e9rd\u00e9se, ezzel kapcsolatos eddigi tapasztalatait osztja majd meg. \u0150 maga a no-till fel\u00e9 tart\u00f3 \u00faton a s\u00e1vos m\u0171vel\u00e9sn\u00e9l tart, amely az \u00e1tlagosan 68-as kem\u00e9nys\u00e9g\u0171 perc talajokon olyan megold\u00e1st ny\u00fajt, hogy a lehet\u0151 legkisebb bolygat\u00e1ssal viszonylag kiegyenl\u00edtett term\u00e9st biztos\u00edt.","og_url":"https:\/\/tmg.hu\/de\/zimmer\/gazdaforum-acid-muveles-kozel-70-es-kotottsegu-soils-videos-oktatasi-occasion\/","og_site_name":"Talajmeg\u00faj\u00edt\u00f3 Gazd\u00e1k Egyes\u00fclete","article_publisher":"https:\/\/www.facebook.com\/tmg.egyesulet\/","article_modified_time":"2025-03-28T12:07:04+00:00","og_image":[{"width":1000,"height":666,"url":"https:\/\/tmg.hu\/wp-content\/uploads\/2024\/10\/savos_muveles_video_6.jpg","type":"image\/jpeg"}],"twitter_card":"summary_large_image","twitter_misc":{"Gesch\u00e4tzte Lesezeit":"3\u00a0Minuten"},"schema":{"@context":"https:\/\/schema.org","@graph":[{"@type":"WebPage","@id":"https:\/\/tmg.hu\/sk\/izby\/gazdaforum-acid-muveles-kozel-70-es-kotottsegu-soils-videos-oktatasi-occasion\/","url":"https:\/\/tmg.hu\/sk\/izby\/gazdaforum-acid-muveles-kozel-70-es-kotottsegu-soils-videos-oktatasi-occasion\/","name":"Forum der Landwirte - Streifenanbau auf B\u00f6den mit einer Bodenkr\u00fcmelung von fast 70 Video-Bildungsveranstaltung - Soil Renewal Farmers' Association","isPartOf":{"@id":"https:\/\/tmg.hu\/#website"},"primaryImageOfPage":{"@id":"https:\/\/tmg.hu\/sk\/izby\/gazdaforum-acid-muveles-kozel-70-es-kotottsegu-soils-videos-oktatasi-occasion\/#primaryimage"},"image":{"@id":"https:\/\/tmg.hu\/sk\/izby\/gazdaforum-acid-muveles-kozel-70-es-kotottsegu-soils-videos-oktatasi-occasion\/#primaryimage"},"thumbnailUrl":"https:\/\/tmg.hu\/wp-content\/uploads\/2024\/10\/savos_muveles_video_6.jpg","datePublished":"2024-10-21T22:44:05+00:00","dateModified":"2025-03-28T12:07:04+00:00","breadcrumb":{"@id":"https:\/\/tmg.hu\/sk\/izby\/gazdaforum-acid-muveles-kozel-70-es-kotottsegu-soils-videos-oktatasi-occasion\/#breadcrumb"},"inLanguage":"de","potentialAction":[{"@type":"ReadAction","target":["https:\/\/tmg.hu\/sk\/izby\/gazdaforum-acid-muveles-kozel-70-es-kotottsegu-soils-videos-oktatasi-occasion\/"]}]},{"@type":"ImageObject","inLanguage":"de","@id":"https:\/\/tmg.hu\/sk\/izby\/gazdaforum-acid-muveles-kozel-70-es-kotottsegu-soils-videos-oktatasi-occasion\/#primaryimage","url":"https:\/\/tmg.hu\/wp-content\/uploads\/2024\/10\/savos_muveles_video_6.jpg","contentUrl":"https:\/\/tmg.hu\/wp-content\/uploads\/2024\/10\/savos_muveles_video_6.jpg","width":1000,"height":666},{"@type":"BreadcrumbList","@id":"https:\/\/tmg.hu\/sk\/izby\/gazdaforum-acid-muveles-kozel-70-es-kotottsegu-soils-videos-oktatasi-occasion\/#breadcrumb","itemListElement":[{"@type":"ListItem","position":1,"name":"Home","item":"https:\/\/tmg.hu\/"},{"@type":"ListItem","position":2,"name":"Webshop","item":"https:\/\/tmg.hu\/webshop\/"},{"@type":"ListItem","position":3,"name":"Gazdaf\u00f3rum &#8211; S\u00e1vos m\u0171vel\u00e9s k\u00f6zel 70-es k\u00f6t\u00f6tts\u00e9g\u0171 talajokon Vide\u00f3s oktat\u00e1si alkalom"}]},{"@type":"WebSite","@id":"https:\/\/tmg.hu\/#website","url":"https:\/\/tmg.hu\/","name":"TMG - Verband der Bodenerneuerungslandwirte","description":"Verband der Landwirte f\u00fcr Bodensanierung","publisher":{"@id":"https:\/\/tmg.hu\/#organization"},"potentialAction":[{"@type":"SearchAction","target":{"@type":"EntryPoint","urlTemplate":"https:\/\/tmg.hu\/?s={search_term_string}"},"query-input":{"@type":"PropertyValueSpecification","valueRequired":true,"valueName":"search_term_string"}}],"inLanguage":"de"},{"@type":"Organization","@id":"https:\/\/tmg.hu\/#organization","name":"Verband der Landwirte f\u00fcr Bodensanierung","url":"https:\/\/tmg.hu\/","logo":{"@type":"ImageObject","inLanguage":"de","@id":"https:\/\/tmg.hu\/#\/schema\/logo\/image\/","url":"https:\/\/tmg.hu\/wp-content\/uploads\/2024\/10\/tmg_og_logo.png","contentUrl":"https:\/\/tmg.hu\/wp-content\/uploads\/2024\/10\/tmg_og_logo.png","width":1200,"height":630,"caption":"Talajmeg\u00faj\u00edt\u00f3 Gazd\u00e1k Egyes\u00fclete"},"image":{"@id":"https:\/\/tmg.hu\/#\/schema\/logo\/image\/"},"sameAs":["https:\/\/www.facebook.com\/tmg.egyesulet\/","https:\/\/www.instagram.com\/tmg.hu\/","https:\/\/www.youtube.com\/@tmg_egyesulet"]}]}},"_links":{"self":[{"href":"https:\/\/tmg.hu\/de\/wp-json\/wp\/v2\/product\/8754","targetHints":{"allow":["GET"]}}],"collection":[{"href":"https:\/\/tmg.hu\/de\/wp-json\/wp\/v2\/product"}],"about":[{"href":"https:\/\/tmg.hu\/de\/wp-json\/wp\/v2\/types\/product"}],"wp:featuredmedia":[{"embeddable":true,"href":"https:\/\/tmg.hu\/de\/wp-json\/wp\/v2\/media\/8766"}],"wp:attachment":[{"href":"https:\/\/tmg.hu\/de\/wp-json\/wp\/v2\/media?parent=8754"}],"wp:term":[{"taxonomy":"product_brand","embeddable":true,"href":"https:\/\/tmg.hu\/de\/wp-json\/wp\/v2\/product_brand?post=8754"},{"taxonomy":"product_cat","embeddable":true,"href":"https:\/\/tmg.hu\/de\/wp-json\/wp\/v2\/product_cat?post=8754"},{"taxonomy":"product_tag","embeddable":true,"href":"https:\/\/tmg.hu\/de\/wp-json\/wp\/v2\/product_tag?post=8754"}],"curies":[{"name":"wp","href":"https:\/\/api.w.org\/{rel}","templated":true}]}}