{"id":10779,"date":"2025-11-15T03:41:15","date_gmt":"2025-11-15T02:41:15","guid":{"rendered":"https:\/\/tmg.hu\/?post_type=product&#038;p=10779"},"modified":"2026-03-28T05:49:36","modified_gmt":"2026-03-28T04:49:36","slug":"david-r-montgomery-erde-die-erosion-der-zivilisationen-3","status":"publish","type":"product","link":"https:\/\/tmg.hu\/de\/zimmer\/david-r-montgomery-erde-die-erosion-der-zivilisationen-3\/","title":{"rendered":"Aus Staub zum Leben \u2013 Der Weg einer Familie zur regenerativen Landwirtschaft"},"content":{"rendered":"<p>Der ungarische Leser kann zwar nicht die 2.000-Morgen-Farm des Autors in North Dakota besuchen, wo jedes Jahr eine gro\u00dfe Zahl von Interessierten seine Anbaumethoden kennen lernen kann, aber die Lekt\u00fcre des Buches wird ihm helfen, die Grunds\u00e4tze zu verstehen, die der Autor durch viele Experimente und die Zahlung von Studiengeb\u00fchren gelernt hat.<\/p>\n<p>Wenn wir das Gef\u00fchl haben, dass diese Methoden den Praktiken, die die Natur seit Millionen von Jahren anwendet, unheimlich \u00e4hnlich sind, ist das nat\u00fcrlich kein Zufall.<br \/>\nAbgesehen von den \u00f6kologischen und finanziellen Vorteilen wird die Kenntnis und Befolgung der von Gabe beschriebenen Grundregeln jedem Gro\u00dfbauern und Kleing\u00e4rtner helfen, seine Arbeit noch mehr zu lieben.<\/p>","protected":false},"excerpt":{"rendered":"<p><span style=\"font-weight: 400;\">Rentable Landwirtschaft ohne drastische Bodenbeeintr\u00e4chtigung und intensiven Einsatz von Chemikalien?<\/span><span style=\"font-weight: 400;\"><br \/>\n<\/span><span style=\"font-weight: 400;\">Ist es ein Wunsch oder eine bestehende Realit\u00e4t?<\/span><\/p>\n<p><span style=\"font-weight: 400;\">Der amerikanische Landwirt Gabe Brown beweist durch seine eigene jahrzehntelange landwirtschaftliche Praxis, dass das, was in der vorherrschenden Wahrnehmung des Agrarsektors als fast unm\u00f6glich gilt, tats\u00e4chlich m\u00f6glich ist.<\/span><\/p>","protected":false},"featured_media":10786,"template":"","meta":[],"product_brand":[],"product_cat":[69],"product_tag":[],"class_list":{"0":"post-10779","1":"product","2":"type-product","3":"status-publish","4":"has-post-thumbnail","6":"product_cat-konyvek","8":"first","9":"instock","10":"taxable","11":"shipping-taxable","12":"purchasable","13":"product-type-simple"},"bundled_by":[],"bundle_stock_status":"instock","bundle_stock_quantity":53,"bundle_virtual":false,"bundle_layout":"","bundle_add_to_cart_form_location":"","bundle_editable_in_cart":false,"bundle_sold_individually_context":"","bundle_item_grouping":"","bundle_min_size":"","bundle_max_size":"","bundle_price":[],"bundled_items":[],"bundle_sell_ids":[],"yoast_head":"<!-- This site is optimized with the Yoast SEO plugin v26.6 - https:\/\/yoast.com\/wordpress\/plugins\/seo\/ -->\n<title>Porb\u00f3l \u00c9let - Egy csal\u00e1d \u00fatja a regenerat\u00edv mez\u0151gazd\u00e1lkod\u00e1s fel\u00e9 - Talajmeg\u00faj\u00edt\u00f3 Gazd\u00e1k Egyes\u00fclete<\/title>\n<meta name=\"robots\" content=\"index, follow, max-snippet:-1, max-image-preview:large, max-video-preview:-1\" \/>\n<link rel=\"canonical\" href=\"https:\/\/tmg.hu\/de\/zimmer\/david-r-montgomery-erde-die-erosion-der-zivilisationen-3\/\" \/>\n<meta property=\"og:locale\" content=\"de_DE\" \/>\n<meta property=\"og:type\" content=\"article\" \/>\n<meta property=\"og:title\" content=\"Porb\u00f3l \u00c9let - Egy csal\u00e1d \u00fatja a regenerat\u00edv mez\u0151gazd\u00e1lkod\u00e1s fel\u00e9 - Talajmeg\u00faj\u00edt\u00f3 Gazd\u00e1k Egyes\u00fclete\" \/>\n<meta property=\"og:description\" content=\"Nyeres\u00e9ges mez\u0151gazdas\u00e1g drasztikus talajbolygat\u00e1s \u00e9s intenz\u00edv vegyszerhaszn\u00e1lat n\u00e9lk\u00fcl? V\u00e1gy\u00e1lom vagy l\u00e9tez\u0151 val\u00f3s\u00e1g?  Gabe Brown amerikai f\u00f6ldm\u0171ves saj\u00e1t, t\u00f6bb \u00e9vtizedes mez\u0151gazdas\u00e1gi gyakorlat\u00e1n kereszt\u00fcl bebizony\u00edtja, hogy igenis lehets\u00e9ges az, amit az agr\u00e1rszektorban uralkod\u00f3 k\u00f6zfelfog\u00e1s szinte lehetetlennek tart.\" \/>\n<meta property=\"og:url\" content=\"https:\/\/tmg.hu\/de\/zimmer\/david-r-montgomery-erde-die-erosion-der-zivilisationen-3\/\" \/>\n<meta property=\"og:site_name\" content=\"Talajmeg\u00faj\u00edt\u00f3 Gazd\u00e1k Egyes\u00fclete\" \/>\n<meta property=\"article:publisher\" content=\"https:\/\/www.facebook.com\/tmg.egyesulet\/\" \/>\n<meta property=\"article:modified_time\" content=\"2026-03-28T04:49:36+00:00\" \/>\n<meta property=\"og:image\" content=\"https:\/\/tmg.hu\/wp-content\/uploads\/2025\/11\/Porbol-elet-Borito-scaled.jpg\" \/>\n\t<meta property=\"og:image:width\" content=\"1824\" \/>\n\t<meta property=\"og:image:height\" content=\"2560\" \/>\n\t<meta property=\"og:image:type\" content=\"image\/jpeg\" \/>\n<meta name=\"twitter:card\" content=\"summary_large_image\" \/>\n<meta name=\"twitter:label1\" content=\"Gesch\u00e4tzte Lesezeit\" \/>\n\t<meta name=\"twitter:data1\" content=\"1\u00a0Minute\" \/>\n<script type=\"application\/ld+json\" class=\"yoast-schema-graph\">{\"@context\":\"https:\/\/schema.org\",\"@graph\":[{\"@type\":\"WebPage\",\"@id\":\"https:\/\/tmg.hu\/termek\/porbol-elet-egy-csalad-utja-a-regenerativ-mezogazdalkodas-fele\/\",\"url\":\"https:\/\/tmg.hu\/termek\/porbol-elet-egy-csalad-utja-a-regenerativ-mezogazdalkodas-fele\/\",\"name\":\"Porb\u00f3l \u00c9let - Egy csal\u00e1d \u00fatja a regenerat\u00edv mez\u0151gazd\u00e1lkod\u00e1s fel\u00e9 - Talajmeg\u00faj\u00edt\u00f3 Gazd\u00e1k Egyes\u00fclete\",\"isPartOf\":{\"@id\":\"https:\/\/tmg.hu\/#website\"},\"primaryImageOfPage\":{\"@id\":\"https:\/\/tmg.hu\/termek\/porbol-elet-egy-csalad-utja-a-regenerativ-mezogazdalkodas-fele\/#primaryimage\"},\"image\":{\"@id\":\"https:\/\/tmg.hu\/termek\/porbol-elet-egy-csalad-utja-a-regenerativ-mezogazdalkodas-fele\/#primaryimage\"},\"thumbnailUrl\":\"https:\/\/tmg.hu\/wp-content\/uploads\/2025\/11\/Porbol-elet-Borito-scaled.jpg\",\"datePublished\":\"2025-11-15T02:41:15+00:00\",\"dateModified\":\"2026-03-28T04:49:36+00:00\",\"breadcrumb\":{\"@id\":\"https:\/\/tmg.hu\/termek\/porbol-elet-egy-csalad-utja-a-regenerativ-mezogazdalkodas-fele\/#breadcrumb\"},\"inLanguage\":\"de\",\"potentialAction\":[{\"@type\":\"ReadAction\",\"target\":[\"https:\/\/tmg.hu\/termek\/porbol-elet-egy-csalad-utja-a-regenerativ-mezogazdalkodas-fele\/\"]}]},{\"@type\":\"ImageObject\",\"inLanguage\":\"de\",\"@id\":\"https:\/\/tmg.hu\/termek\/porbol-elet-egy-csalad-utja-a-regenerativ-mezogazdalkodas-fele\/#primaryimage\",\"url\":\"https:\/\/tmg.hu\/wp-content\/uploads\/2025\/11\/Porbol-elet-Borito-scaled.jpg\",\"contentUrl\":\"https:\/\/tmg.hu\/wp-content\/uploads\/2025\/11\/Porbol-elet-Borito-scaled.jpg\",\"width\":1824,\"height\":2560},{\"@type\":\"BreadcrumbList\",\"@id\":\"https:\/\/tmg.hu\/termek\/porbol-elet-egy-csalad-utja-a-regenerativ-mezogazdalkodas-fele\/#breadcrumb\",\"itemListElement\":[{\"@type\":\"ListItem\",\"position\":1,\"name\":\"Home\",\"item\":\"https:\/\/tmg.hu\/\"},{\"@type\":\"ListItem\",\"position\":2,\"name\":\"Webshop\",\"item\":\"https:\/\/tmg.hu\/webshop\/\"},{\"@type\":\"ListItem\",\"position\":3,\"name\":\"Porb\u00f3l \u00c9let &#8211; Egy csal\u00e1d \u00fatja a regenerat\u00edv mez\u0151gazd\u00e1lkod\u00e1s fel\u00e9\"}]},{\"@type\":\"WebSite\",\"@id\":\"https:\/\/tmg.hu\/#website\",\"url\":\"https:\/\/tmg.hu\/\",\"name\":\"TMG - Talajmeg\u00faj\u00edt\u00f3 Gazd\u00e1k Egyes\u00fclete\",\"description\":\"Talajmeg\u00faj\u00edt\u00f3 Gazd\u00e1k Egyes\u00fclete\",\"publisher\":{\"@id\":\"https:\/\/tmg.hu\/#organization\"},\"potentialAction\":[{\"@type\":\"SearchAction\",\"target\":{\"@type\":\"EntryPoint\",\"urlTemplate\":\"https:\/\/tmg.hu\/?s={search_term_string}\"},\"query-input\":{\"@type\":\"PropertyValueSpecification\",\"valueRequired\":true,\"valueName\":\"search_term_string\"}}],\"inLanguage\":\"de\"},{\"@type\":\"Organization\",\"@id\":\"https:\/\/tmg.hu\/#organization\",\"name\":\"Talajmeg\u00faj\u00edt\u00f3 Gazd\u00e1k Egyes\u00fclete\",\"url\":\"https:\/\/tmg.hu\/\",\"logo\":{\"@type\":\"ImageObject\",\"inLanguage\":\"de\",\"@id\":\"https:\/\/tmg.hu\/#\/schema\/logo\/image\/\",\"url\":\"https:\/\/tmg.hu\/wp-content\/uploads\/2024\/10\/tmg_og_logo.png\",\"contentUrl\":\"https:\/\/tmg.hu\/wp-content\/uploads\/2024\/10\/tmg_og_logo.png\",\"width\":1200,\"height\":630,\"caption\":\"Talajmeg\u00faj\u00edt\u00f3 Gazd\u00e1k Egyes\u00fclete\"},\"image\":{\"@id\":\"https:\/\/tmg.hu\/#\/schema\/logo\/image\/\"},\"sameAs\":[\"https:\/\/www.facebook.com\/tmg.egyesulet\/\",\"https:\/\/www.instagram.com\/tmg.hu\/\",\"https:\/\/www.youtube.com\/@tmg_egyesulet\"]}]}<\/script>\n<!-- \/ Yoast SEO plugin. -->","yoast_head_json":{"title":"Dust to Life - Der Weg einer Familie zur regenerativen Landwirtschaft - Soil Renewal Farmers Association","robots":{"index":"index","follow":"follow","max-snippet":"max-snippet:-1","max-image-preview":"max-image-preview:large","max-video-preview":"max-video-preview:-1"},"canonical":"https:\/\/tmg.hu\/de\/zimmer\/david-r-montgomery-erde-die-erosion-der-zivilisationen-3\/","og_locale":"de_DE","og_type":"article","og_title":"Porb\u00f3l \u00c9let - Egy csal\u00e1d \u00fatja a regenerat\u00edv mez\u0151gazd\u00e1lkod\u00e1s fel\u00e9 - Talajmeg\u00faj\u00edt\u00f3 Gazd\u00e1k Egyes\u00fclete","og_description":"Nyeres\u00e9ges mez\u0151gazdas\u00e1g drasztikus talajbolygat\u00e1s \u00e9s intenz\u00edv vegyszerhaszn\u00e1lat n\u00e9lk\u00fcl? V\u00e1gy\u00e1lom vagy l\u00e9tez\u0151 val\u00f3s\u00e1g?  Gabe Brown amerikai f\u00f6ldm\u0171ves saj\u00e1t, t\u00f6bb \u00e9vtizedes mez\u0151gazdas\u00e1gi gyakorlat\u00e1n kereszt\u00fcl bebizony\u00edtja, hogy igenis lehets\u00e9ges az, amit az agr\u00e1rszektorban uralkod\u00f3 k\u00f6zfelfog\u00e1s szinte lehetetlennek tart.","og_url":"https:\/\/tmg.hu\/de\/zimmer\/david-r-montgomery-erde-die-erosion-der-zivilisationen-3\/","og_site_name":"Talajmeg\u00faj\u00edt\u00f3 Gazd\u00e1k Egyes\u00fclete","article_publisher":"https:\/\/www.facebook.com\/tmg.egyesulet\/","article_modified_time":"2026-03-28T04:49:36+00:00","og_image":[{"width":1824,"height":2560,"url":"https:\/\/tmg.hu\/wp-content\/uploads\/2025\/11\/Porbol-elet-Borito-scaled.jpg","type":"image\/jpeg"}],"twitter_card":"summary_large_image","twitter_misc":{"Gesch\u00e4tzte Lesezeit":"1\u00a0Minute"},"schema":{"@context":"https:\/\/schema.org","@graph":[{"@type":"WebPage","@id":"https:\/\/tmg.hu\/termek\/porbol-elet-egy-csalad-utja-a-regenerativ-mezogazdalkodas-fele\/","url":"https:\/\/tmg.hu\/termek\/porbol-elet-egy-csalad-utja-a-regenerativ-mezogazdalkodas-fele\/","name":"Dust to Life - Der Weg einer Familie zur regenerativen Landwirtschaft - Soil Renewal Farmers Association","isPartOf":{"@id":"https:\/\/tmg.hu\/#website"},"primaryImageOfPage":{"@id":"https:\/\/tmg.hu\/termek\/porbol-elet-egy-csalad-utja-a-regenerativ-mezogazdalkodas-fele\/#primaryimage"},"image":{"@id":"https:\/\/tmg.hu\/termek\/porbol-elet-egy-csalad-utja-a-regenerativ-mezogazdalkodas-fele\/#primaryimage"},"thumbnailUrl":"https:\/\/tmg.hu\/wp-content\/uploads\/2025\/11\/Porbol-elet-Borito-scaled.jpg","datePublished":"2025-11-15T02:41:15+00:00","dateModified":"2026-03-28T04:49:36+00:00","breadcrumb":{"@id":"https:\/\/tmg.hu\/termek\/porbol-elet-egy-csalad-utja-a-regenerativ-mezogazdalkodas-fele\/#breadcrumb"},"inLanguage":"de","potentialAction":[{"@type":"ReadAction","target":["https:\/\/tmg.hu\/termek\/porbol-elet-egy-csalad-utja-a-regenerativ-mezogazdalkodas-fele\/"]}]},{"@type":"ImageObject","inLanguage":"de","@id":"https:\/\/tmg.hu\/termek\/porbol-elet-egy-csalad-utja-a-regenerativ-mezogazdalkodas-fele\/#primaryimage","url":"https:\/\/tmg.hu\/wp-content\/uploads\/2025\/11\/Porbol-elet-Borito-scaled.jpg","contentUrl":"https:\/\/tmg.hu\/wp-content\/uploads\/2025\/11\/Porbol-elet-Borito-scaled.jpg","width":1824,"height":2560},{"@type":"BreadcrumbList","@id":"https:\/\/tmg.hu\/termek\/porbol-elet-egy-csalad-utja-a-regenerativ-mezogazdalkodas-fele\/#breadcrumb","itemListElement":[{"@type":"ListItem","position":1,"name":"Home","item":"https:\/\/tmg.hu\/"},{"@type":"ListItem","position":2,"name":"Webshop","item":"https:\/\/tmg.hu\/webshop\/"},{"@type":"ListItem","position":3,"name":"Porb\u00f3l \u00c9let &#8211; Egy csal\u00e1d \u00fatja a regenerat\u00edv mez\u0151gazd\u00e1lkod\u00e1s fel\u00e9"}]},{"@type":"WebSite","@id":"https:\/\/tmg.hu\/#website","url":"https:\/\/tmg.hu\/","name":"TMG - Verband der Bodenerneuerungslandwirte","description":"Verband der Landwirte f\u00fcr Bodensanierung","publisher":{"@id":"https:\/\/tmg.hu\/#organization"},"potentialAction":[{"@type":"SearchAction","target":{"@type":"EntryPoint","urlTemplate":"https:\/\/tmg.hu\/?s={search_term_string}"},"query-input":{"@type":"PropertyValueSpecification","valueRequired":true,"valueName":"search_term_string"}}],"inLanguage":"de"},{"@type":"Organization","@id":"https:\/\/tmg.hu\/#organization","name":"Verband der Landwirte f\u00fcr Bodensanierung","url":"https:\/\/tmg.hu\/","logo":{"@type":"ImageObject","inLanguage":"de","@id":"https:\/\/tmg.hu\/#\/schema\/logo\/image\/","url":"https:\/\/tmg.hu\/wp-content\/uploads\/2024\/10\/tmg_og_logo.png","contentUrl":"https:\/\/tmg.hu\/wp-content\/uploads\/2024\/10\/tmg_og_logo.png","width":1200,"height":630,"caption":"Talajmeg\u00faj\u00edt\u00f3 Gazd\u00e1k Egyes\u00fclete"},"image":{"@id":"https:\/\/tmg.hu\/#\/schema\/logo\/image\/"},"sameAs":["https:\/\/www.facebook.com\/tmg.egyesulet\/","https:\/\/www.instagram.com\/tmg.hu\/","https:\/\/www.youtube.com\/@tmg_egyesulet"]}]}},"_links":{"self":[{"href":"https:\/\/tmg.hu\/de\/wp-json\/wp\/v2\/product\/10779","targetHints":{"allow":["GET"]}}],"collection":[{"href":"https:\/\/tmg.hu\/de\/wp-json\/wp\/v2\/product"}],"about":[{"href":"https:\/\/tmg.hu\/de\/wp-json\/wp\/v2\/types\/product"}],"wp:featuredmedia":[{"embeddable":true,"href":"https:\/\/tmg.hu\/de\/wp-json\/wp\/v2\/media\/10786"}],"wp:attachment":[{"href":"https:\/\/tmg.hu\/de\/wp-json\/wp\/v2\/media?parent=10779"}],"wp:term":[{"taxonomy":"product_brand","embeddable":true,"href":"https:\/\/tmg.hu\/de\/wp-json\/wp\/v2\/product_brand?post=10779"},{"taxonomy":"product_cat","embeddable":true,"href":"https:\/\/tmg.hu\/de\/wp-json\/wp\/v2\/product_cat?post=10779"},{"taxonomy":"product_tag","embeddable":true,"href":"https:\/\/tmg.hu\/de\/wp-json\/wp\/v2\/product_tag?post=10779"}],"curies":[{"name":"wp","href":"https:\/\/api.w.org\/{rel}","templated":true}]}}