{"id":10410,"date":"2025-10-17T04:51:27","date_gmt":"2025-10-17T02:51:27","guid":{"rendered":"https:\/\/tmg.hu\/?post_type=product&#038;p=10410"},"modified":"2026-04-12T10:26:26","modified_gmt":"2026-04-12T08:26:26","slug":"unterstutzen-sie-unseren-verein","status":"publish","type":"product","link":"https:\/\/tmg.hu\/de\/zimmer\/unterstutzen-sie-unseren-verein\/","title":{"rendered":"Unterst\u00fctzen Sie unseren Verein!"},"content":{"rendered":"<p>Diejenigen, die unseren Verband unterst\u00fctzen, unterst\u00fctzen die Schaffung eines komplexen landwirtschaftlichen Systems.<\/p>\n<p>Sie tr\u00e4gt dazu bei, so schnell wie m\u00f6glich gesunde B\u00f6den, gesunde Pflanzen und gesunde \u00d6kosysteme zu schaffen.<\/p>\n<p><strong>Weitere Informationen: <a href=\"https:\/\/tmg.hu\/de\/tamogatas\/\" target=\"_blank\" rel=\"noopener\">tmg.hu\/tamogatas<\/a><\/strong><\/p>\n<div class=\"faq-container\">\n\n    <div class=\"row\">\n        <div class=\"col\">\n\n            <div class=\"text-center mb-5\">\n                <h2>GY.I.K.<\/h2>\n            <\/div>\n\n        <\/div>\n    <\/div>\n\n    <div class=\"row\">\n\n        <div class=\"col-12 col-lg-8\">\n\n            <div class=\"accordion\" id=\"faqAccordion\">\n\n\t\t\t\t\n                    <div class=\"accordion-item my-2\">\n\n                        <h2 class=\"accordion-header\">\n\n                            <button class=\"accordion-button collapsed fw-bold fs-6\"\n                                    type=\"button\"\n                                    data-bs-toggle=\"collapse\"\n                                    data-bs-target=\"#faq-collapse-7558\"\n                                    aria-expanded=\"false\"\n                                    aria-controls=\"faq-collapse-7558\"\n                            >\n\t\t\t\t\t\t\t\tIst es m\u00f6glich, Ihre Aktivit\u00e4ten auf monatlicher Basis zu unterst\u00fctzen?                            <\/button>\n\n                        <\/h2>\n\n                        <div id=\"faq-collapse-7558\"\n                             class=\"accordion-collapse collapse\"\n                             data-bs-parent=\"#faqAccordion\"\n                        >\n\n                            <div class=\"accordion-body pt-4 fs-6\">\n\t\t\t\t\t\t\t\t<!-- wp:paragraph -->\n<p>Ja, nat\u00fcrlich. Am einfachsten ist es, wenn Sie bei Ihrer Bank eine regelm\u00e4\u00dfige monatliche \u00dcberweisung einrichten.<\/p>\n<!-- \/wp:paragraph -->\n\n<!-- wp:paragraph -->\n<p>In diesem Fall lesen Sie bitte hier nach:<\/p>\n<!-- \/wp:paragraph -->\n\n<!-- wp:paragraph -->\n<p><strong>Verband der Landwirte f\u00fcr Bodensanierung<br><\/strong>K&amp;H Bank <strong>10402829-50526889-50551001<\/strong><br>In der Nachricht schreiben Sie bitte <strong>Ihr Name<\/strong> und dass \"<strong>TMG-Unterst\u00fctzung<\/strong>\"<\/p>\n<!-- \/wp:paragraph -->                            <\/div>\n\n                        <\/div>\n\n                    <\/div>\n\n\t\t\t\t\n                    <div class=\"accordion-item my-2\">\n\n                        <h2 class=\"accordion-header\">\n\n                            <button class=\"accordion-button collapsed fw-bold fs-6\"\n                                    type=\"button\"\n                                    data-bs-toggle=\"collapse\"\n                                    data-bs-target=\"#faq-collapse-7557\"\n                                    aria-expanded=\"false\"\n                                    aria-controls=\"faq-collapse-7557\"\n                            >\n\t\t\t\t\t\t\t\tKann ich Sie aus dem Ausland unterst\u00fctzen?                            <\/button>\n\n                        <\/h2>\n\n                        <div id=\"faq-collapse-7557\"\n                             class=\"accordion-collapse collapse\"\n                             data-bs-parent=\"#faqAccordion\"\n                        >\n\n                            <div class=\"accordion-body pt-4 fs-6\">\n\t\t\t\t\t\t\t\t<!-- wp:paragraph -->\n<p>Ja, wir k\u00f6nnen Mittel aus dem Ausland annehmen.<\/p>\n<!-- \/wp:paragraph -->                            <\/div>\n\n                        <\/div>\n\n                    <\/div>\n\n\t\t\t\t\n                    <div class=\"accordion-item my-2\">\n\n                        <h2 class=\"accordion-header\">\n\n                            <button class=\"accordion-button collapsed fw-bold fs-6\"\n                                    type=\"button\"\n                                    data-bs-toggle=\"collapse\"\n                                    data-bs-target=\"#faq-collapse-7556\"\n                                    aria-expanded=\"false\"\n                                    aria-controls=\"faq-collapse-7556\"\n                            >\n\t\t\t\t\t\t\t\tKann ich Sie als Unternehmen unterst\u00fctzen?                            <\/button>\n\n                        <\/h2>\n\n                        <div id=\"faq-collapse-7556\"\n                             class=\"accordion-collapse collapse\"\n                             data-bs-parent=\"#faqAccordion\"\n                        >\n\n                            <div class=\"accordion-body pt-4 fs-6\">\n\t\t\t\t\t\t\t\t<!-- wp:paragraph -->\n<p>Ja, Sie k\u00f6nnen als Unternehmen Gelder an unsere Vereinigung \u00fcberweisen. Wir k\u00f6nnen Ihnen auf Wunsch eine Bescheinigung dar\u00fcber zusenden, so dass Sie damit Ihre Steuerbemessungsgrundlage verringern k\u00f6nnen, falls dies m\u00f6glich ist. Denn der Zuschuss ist eine f\u00f6rderf\u00e4hige Ausgabe im Rahmen der unternehmerischen T\u00e4tigkeit.<\/p>\n<!-- \/wp:paragraph -->                            <\/div>\n\n                        <\/div>\n\n                    <\/div>\n\n\t\t\t\t\n                    <div class=\"accordion-item my-2\">\n\n                        <h2 class=\"accordion-header\">\n\n                            <button class=\"accordion-button collapsed fw-bold fs-6\"\n                                    type=\"button\"\n                                    data-bs-toggle=\"collapse\"\n                                    data-bs-target=\"#faq-collapse-7554\"\n                                    aria-expanded=\"false\"\n                                    aria-controls=\"faq-collapse-7554\"\n                            >\n\t\t\t\t\t\t\t\tWie sehr kann ich Ihre Arbeit unterst\u00fctzen?                            <\/button>\n\n                        <\/h2>\n\n                        <div id=\"faq-collapse-7554\"\n                             class=\"accordion-collapse collapse\"\n                             data-bs-parent=\"#faqAccordion\"\n                        >\n\n                            <div class=\"accordion-body pt-4 fs-6\">\n\t\t\t\t\t\t\t\t<!-- wp:paragraph -->\n<p>Spenden in jeder H\u00f6he sind willkommen. F\u00fcr uns ist jede Spende gleich viel wert, denn wir wissen, dass Sie uns auf die Art und Weise unterst\u00fctzen werden, die f\u00fcr Sie angenehm und sinnvoll ist. Das bedeutet f\u00fcr jeden von uns einen anderen Betrag.<\/p>\n<!-- \/wp:paragraph -->\n\n<!-- wp:paragraph -->\n<p>Unten auf dieser Seite bieten wir sechs verschiedene Betr\u00e4ge an, von 1.000 bis 50.000 HUF. Sie k\u00f6nnen diese Betr\u00e4ge durch Anklicken der entsprechenden Schaltfl\u00e4che mit einer einfachen Kreditkartentransaktion bezahlen, genau wie beim Online-Einkauf. Wenn Sie einen anderen Betrag zahlen m\u00f6chten, k\u00f6nnen Sie dies auch tun, indem Sie einen bestimmten Betrag in das Feld eingeben.<\/p>\n<!-- \/wp:paragraph -->                            <\/div>\n\n                        <\/div>\n\n                    <\/div>\n\n\t\t\t\t\n                    <div class=\"accordion-item my-2\">\n\n                        <h2 class=\"accordion-header\">\n\n                            <button class=\"accordion-button collapsed fw-bold fs-6\"\n                                    type=\"button\"\n                                    data-bs-toggle=\"collapse\"\n                                    data-bs-target=\"#faq-collapse-7555\"\n                                    aria-expanded=\"false\"\n                                    aria-controls=\"faq-collapse-7555\"\n                            >\n\t\t\t\t\t\t\t\tWie werden Sie meinen Zuschuss verwenden?                            <\/button>\n\n                        <\/h2>\n\n                        <div id=\"faq-collapse-7555\"\n                             class=\"accordion-collapse collapse\"\n                             data-bs-parent=\"#faqAccordion\"\n                        >\n\n                            <div class=\"accordion-body pt-4 fs-6\">\n\t\t\t\t\t\t\t\t<!-- wp:paragraph -->\n<p>Gegenw\u00e4rtig werden die gesammelten Gelder zur Deckung der Verlagskosten und zur Anschaffung, Vorbereitung und Verbesserung der f\u00fcr die praktischen Ausbildungstage ben\u00f6tigten Pr\u00e4sentationsmittel verwendet.<\/p>\n<!-- \/wp:paragraph -->                            <\/div>\n\n                        <\/div>\n\n                    <\/div>\n\n\t\t\t\t\n                    <div class=\"accordion-item my-2\">\n\n                        <h2 class=\"accordion-header\">\n\n                            <button class=\"accordion-button collapsed fw-bold fs-6\"\n                                    type=\"button\"\n                                    data-bs-toggle=\"collapse\"\n                                    data-bs-target=\"#faq-collapse-7553\"\n                                    aria-expanded=\"false\"\n                                    aria-controls=\"faq-collapse-7553\"\n                            >\n\t\t\t\t\t\t\t\tWarum brauchen Sie meine Unterst\u00fctzung?                            <\/button>\n\n                        <\/h2>\n\n                        <div id=\"faq-collapse-7553\"\n                             class=\"accordion-collapse collapse\"\n                             data-bs-parent=\"#faqAccordion\"\n                        >\n\n                            <div class=\"accordion-body pt-4 fs-6\">\n\t\t\t\t\t\t\t\t<!-- wp:paragraph -->\n<p>Sehr geehrte potenzielle Unterst\u00fctzer!<\/p>\n<!-- \/wp:paragraph -->\n\n<!-- wp:paragraph -->\n<p>F\u00fcr uns ist die Frage der Bodenerneuerung \u00e4u\u00dferst wichtig. Wir wollen, dass so viel wie m\u00f6glich f\u00fcr die Wiederherstellung der Bodengesundheit getan wird. Deshalb arbeiten wir daran, m\u00f6glichst vielen Landwirten bei der Umstellung auf eine regenerative Landwirtschaft zu helfen. Unser Verband wird haupts\u00e4chlich durch Mitgliedsbeitr\u00e4ge getragen. Unsere Landwirte stellen auch das finanzielle und intellektuelle Kapital f\u00fcr unsere \u00d6ffentlichkeitsarbeit und unsere Bildungsprogramme bereit. Dies ist Ihre Chance, einen Beitrag zu leisten und Teil des Wandels zu sein, indem Sie die finanzielle Stabilit\u00e4t unserer Organisation st\u00e4rken.<\/p>\n<!-- \/wp:paragraph -->                            <\/div>\n\n                        <\/div>\n\n                    <\/div>\n\n\t\t\t\t\n            <\/div>\n\n        <\/div>\n\n        <div class=\"col-12 col-lg-4\">\n\n            <div class=\"d-flex flex-column align-items-center text-center\">\n\n                <div>\n                    <span class=\"font-size-huge text-light-green fw-bold\">?<\/span>\n                <\/div>\n\n                <div class=\"mb-4\">\n                    <span class=\"fs-2 fw-bold\">Haben Sie noch weitere Fragen?<\/span>\n                <\/div>\n\n                <div class=\"mb-5\">\n\n                    <span class=\"fw-light fs-6\">\n                        Wenn Sie die gesuchte Antwort nicht finden k\u00f6nnen, kontaktieren Sie uns bitte, indem Sie auf die Schaltfl\u00e4che unten klicken. Einer unserer Mitarbeiter wird Ihre Frage gerne beantworten!\n                    <\/span>\n\n                <\/div>\n\n                <div class=\"\">\n                    <a href=\"https:\/\/tmg.hu\/de\/kapcsolat\"\n                       class=\"btn btn-secondary rounded-0 text-white fw-bold text-uppercase px-5\">Kontakt<\/a>\n                <\/div>\n\n            <\/div>\n\n        <\/div>\n\n    <\/div>\n\n<\/div>","protected":false},"excerpt":{"rendered":"<p><strong>Geben Sie uns eine Chance, uns zu \u00e4ndern!<\/strong><\/p>\n<p>Bitte unterst\u00fctzen Sie uns, wenn Sie es f\u00fcr wichtig halten, unseren Kindern und Enkeln etwas auf den Teller zu legen. Lebensmittel, die satt machen und n\u00e4hren.<\/p>","protected":false},"featured_media":6555,"template":"","meta":[],"product_brand":[],"product_cat":[77],"product_tag":[],"class_list":{"0":"post-10410","1":"product","2":"type-product","3":"status-publish","4":"has-post-thumbnail","6":"product_cat-tamogatas","8":"first","9":"instock","10":"purchasable","11":"product-type-variable"},"bundled_by":[],"bundle_stock_status":"instock","bundle_stock_quantity":null,"bundle_virtual":false,"bundle_layout":"","bundle_add_to_cart_form_location":"","bundle_editable_in_cart":false,"bundle_sold_individually_context":"","bundle_item_grouping":"","bundle_min_size":"","bundle_max_size":"","bundle_price":[],"bundled_items":[],"bundle_sell_ids":[],"yoast_head":"<!-- This site is optimized with the Yoast SEO plugin v26.6 - https:\/\/yoast.com\/wordpress\/plugins\/seo\/ -->\n<title>T\u00e1mogasd Egyes\u00fclet\u00fcnket! - Talajmeg\u00faj\u00edt\u00f3 Gazd\u00e1k Egyes\u00fclete<\/title>\n<meta name=\"robots\" content=\"index, follow, max-snippet:-1, max-image-preview:large, max-video-preview:-1\" \/>\n<link rel=\"canonical\" href=\"https:\/\/tmg.hu\/de\/zimmer\/unterstutzen-sie-unseren-verein\/\" \/>\n<meta property=\"og:locale\" content=\"de_DE\" \/>\n<meta property=\"og:type\" content=\"article\" \/>\n<meta property=\"og:title\" content=\"T\u00e1mogasd Egyes\u00fclet\u00fcnket! - Talajmeg\u00faj\u00edt\u00f3 Gazd\u00e1k Egyes\u00fclete\" \/>\n<meta property=\"og:description\" content=\"Adj es\u00e9lyt a v\u00e1ltoz\u00e1sra!  K\u00e9rlek, t\u00e1mogass minket, ha Te is fontosnak tartod, hogy a gyermekeink \u00e9s az unok\u00e1ink t\u00e1ny\u00e9rj\u00e1ra is jusson falat. Olyan falat, ami \u00e9ltet \u00e9s t\u00e1pl\u00e1l.\" \/>\n<meta property=\"og:url\" content=\"https:\/\/tmg.hu\/de\/zimmer\/unterstutzen-sie-unseren-verein\/\" \/>\n<meta property=\"og:site_name\" content=\"Talajmeg\u00faj\u00edt\u00f3 Gazd\u00e1k Egyes\u00fclete\" \/>\n<meta property=\"article:publisher\" content=\"https:\/\/www.facebook.com\/tmg.egyesulet\/\" \/>\n<meta property=\"article:modified_time\" content=\"2026-04-12T08:26:26+00:00\" \/>\n<meta property=\"og:image\" content=\"https:\/\/tmg.hu\/wp-content\/uploads\/2024\/08\/TMG-tamogatas-rajz.png\" \/>\n\t<meta property=\"og:image:width\" content=\"790\" \/>\n\t<meta property=\"og:image:height\" content=\"687\" \/>\n\t<meta property=\"og:image:type\" content=\"image\/png\" \/>\n<meta name=\"twitter:card\" content=\"summary_large_image\" \/>\n<meta name=\"twitter:label1\" content=\"Gesch\u00e4tzte Lesezeit\" \/>\n\t<meta name=\"twitter:data1\" content=\"1\u00a0Minute\" \/>\n<script type=\"application\/ld+json\" class=\"yoast-schema-graph\">{\"@context\":\"https:\/\/schema.org\",\"@graph\":[{\"@type\":\"WebPage\",\"@id\":\"https:\/\/tmg.hu\/termek\/tamogasd-egyesuletunket\/\",\"url\":\"https:\/\/tmg.hu\/termek\/tamogasd-egyesuletunket\/\",\"name\":\"T\u00e1mogasd Egyes\u00fclet\u00fcnket! - Talajmeg\u00faj\u00edt\u00f3 Gazd\u00e1k Egyes\u00fclete\",\"isPartOf\":{\"@id\":\"https:\/\/tmg.hu\/#website\"},\"primaryImageOfPage\":{\"@id\":\"https:\/\/tmg.hu\/termek\/tamogasd-egyesuletunket\/#primaryimage\"},\"image\":{\"@id\":\"https:\/\/tmg.hu\/termek\/tamogasd-egyesuletunket\/#primaryimage\"},\"thumbnailUrl\":\"https:\/\/tmg.hu\/wp-content\/uploads\/2024\/08\/TMG-tamogatas-rajz.png\",\"datePublished\":\"2025-10-17T02:51:27+00:00\",\"dateModified\":\"2026-04-12T08:26:26+00:00\",\"breadcrumb\":{\"@id\":\"https:\/\/tmg.hu\/termek\/tamogasd-egyesuletunket\/#breadcrumb\"},\"inLanguage\":\"de\",\"potentialAction\":[{\"@type\":\"ReadAction\",\"target\":[\"https:\/\/tmg.hu\/termek\/tamogasd-egyesuletunket\/\"]}]},{\"@type\":\"ImageObject\",\"inLanguage\":\"de\",\"@id\":\"https:\/\/tmg.hu\/termek\/tamogasd-egyesuletunket\/#primaryimage\",\"url\":\"https:\/\/tmg.hu\/wp-content\/uploads\/2024\/08\/TMG-tamogatas-rajz.png\",\"contentUrl\":\"https:\/\/tmg.hu\/wp-content\/uploads\/2024\/08\/TMG-tamogatas-rajz.png\",\"width\":790,\"height\":687},{\"@type\":\"BreadcrumbList\",\"@id\":\"https:\/\/tmg.hu\/termek\/tamogasd-egyesuletunket\/#breadcrumb\",\"itemListElement\":[{\"@type\":\"ListItem\",\"position\":1,\"name\":\"Home\",\"item\":\"https:\/\/tmg.hu\/\"},{\"@type\":\"ListItem\",\"position\":2,\"name\":\"Webshop\",\"item\":\"https:\/\/tmg.hu\/webshop\/\"},{\"@type\":\"ListItem\",\"position\":3,\"name\":\"T\u00e1mogasd Egyes\u00fclet\u00fcnket!\"}]},{\"@type\":\"WebSite\",\"@id\":\"https:\/\/tmg.hu\/#website\",\"url\":\"https:\/\/tmg.hu\/\",\"name\":\"TMG - Talajmeg\u00faj\u00edt\u00f3 Gazd\u00e1k Egyes\u00fclete\",\"description\":\"Talajmeg\u00faj\u00edt\u00f3 Gazd\u00e1k Egyes\u00fclete\",\"publisher\":{\"@id\":\"https:\/\/tmg.hu\/#organization\"},\"potentialAction\":[{\"@type\":\"SearchAction\",\"target\":{\"@type\":\"EntryPoint\",\"urlTemplate\":\"https:\/\/tmg.hu\/?s={search_term_string}\"},\"query-input\":{\"@type\":\"PropertyValueSpecification\",\"valueRequired\":true,\"valueName\":\"search_term_string\"}}],\"inLanguage\":\"de\"},{\"@type\":\"Organization\",\"@id\":\"https:\/\/tmg.hu\/#organization\",\"name\":\"Talajmeg\u00faj\u00edt\u00f3 Gazd\u00e1k Egyes\u00fclete\",\"url\":\"https:\/\/tmg.hu\/\",\"logo\":{\"@type\":\"ImageObject\",\"inLanguage\":\"de\",\"@id\":\"https:\/\/tmg.hu\/#\/schema\/logo\/image\/\",\"url\":\"https:\/\/tmg.hu\/wp-content\/uploads\/2024\/10\/tmg_og_logo.png\",\"contentUrl\":\"https:\/\/tmg.hu\/wp-content\/uploads\/2024\/10\/tmg_og_logo.png\",\"width\":1200,\"height\":630,\"caption\":\"Talajmeg\u00faj\u00edt\u00f3 Gazd\u00e1k Egyes\u00fclete\"},\"image\":{\"@id\":\"https:\/\/tmg.hu\/#\/schema\/logo\/image\/\"},\"sameAs\":[\"https:\/\/www.facebook.com\/tmg.egyesulet\/\",\"https:\/\/www.instagram.com\/tmg.hu\/\",\"https:\/\/www.youtube.com\/@tmg_egyesulet\"]}]}<\/script>\n<!-- \/ Yoast SEO plugin. -->","yoast_head_json":{"title":"Unterst\u00fctzen Sie unseren Verein! \u2013 Vereinigung der Bodenregenerierenden Landwirte","robots":{"index":"index","follow":"follow","max-snippet":"max-snippet:-1","max-image-preview":"max-image-preview:large","max-video-preview":"max-video-preview:-1"},"canonical":"https:\/\/tmg.hu\/de\/zimmer\/unterstutzen-sie-unseren-verein\/","og_locale":"de_DE","og_type":"article","og_title":"T\u00e1mogasd Egyes\u00fclet\u00fcnket! - Talajmeg\u00faj\u00edt\u00f3 Gazd\u00e1k Egyes\u00fclete","og_description":"Adj es\u00e9lyt a v\u00e1ltoz\u00e1sra!  K\u00e9rlek, t\u00e1mogass minket, ha Te is fontosnak tartod, hogy a gyermekeink \u00e9s az unok\u00e1ink t\u00e1ny\u00e9rj\u00e1ra is jusson falat. Olyan falat, ami \u00e9ltet \u00e9s t\u00e1pl\u00e1l.","og_url":"https:\/\/tmg.hu\/de\/zimmer\/unterstutzen-sie-unseren-verein\/","og_site_name":"Talajmeg\u00faj\u00edt\u00f3 Gazd\u00e1k Egyes\u00fclete","article_publisher":"https:\/\/www.facebook.com\/tmg.egyesulet\/","article_modified_time":"2026-04-12T08:26:26+00:00","og_image":[{"width":790,"height":687,"url":"https:\/\/tmg.hu\/wp-content\/uploads\/2024\/08\/TMG-tamogatas-rajz.png","type":"image\/png"}],"twitter_card":"summary_large_image","twitter_misc":{"Gesch\u00e4tzte Lesezeit":"1\u00a0Minute"},"schema":{"@context":"https:\/\/schema.org","@graph":[{"@type":"WebPage","@id":"https:\/\/tmg.hu\/termek\/tamogasd-egyesuletunket\/","url":"https:\/\/tmg.hu\/termek\/tamogasd-egyesuletunket\/","name":"Unterst\u00fctzen Sie unseren Verein! \u2013 Vereinigung der Bodenregenerierenden Landwirte","isPartOf":{"@id":"https:\/\/tmg.hu\/#website"},"primaryImageOfPage":{"@id":"https:\/\/tmg.hu\/termek\/tamogasd-egyesuletunket\/#primaryimage"},"image":{"@id":"https:\/\/tmg.hu\/termek\/tamogasd-egyesuletunket\/#primaryimage"},"thumbnailUrl":"https:\/\/tmg.hu\/wp-content\/uploads\/2024\/08\/TMG-tamogatas-rajz.png","datePublished":"2025-10-17T02:51:27+00:00","dateModified":"2026-04-12T08:26:26+00:00","breadcrumb":{"@id":"https:\/\/tmg.hu\/termek\/tamogasd-egyesuletunket\/#breadcrumb"},"inLanguage":"de","potentialAction":[{"@type":"ReadAction","target":["https:\/\/tmg.hu\/termek\/tamogasd-egyesuletunket\/"]}]},{"@type":"ImageObject","inLanguage":"de","@id":"https:\/\/tmg.hu\/termek\/tamogasd-egyesuletunket\/#primaryimage","url":"https:\/\/tmg.hu\/wp-content\/uploads\/2024\/08\/TMG-tamogatas-rajz.png","contentUrl":"https:\/\/tmg.hu\/wp-content\/uploads\/2024\/08\/TMG-tamogatas-rajz.png","width":790,"height":687},{"@type":"BreadcrumbList","@id":"https:\/\/tmg.hu\/termek\/tamogasd-egyesuletunket\/#breadcrumb","itemListElement":[{"@type":"ListItem","position":1,"name":"Home","item":"https:\/\/tmg.hu\/"},{"@type":"ListItem","position":2,"name":"Webshop","item":"https:\/\/tmg.hu\/webshop\/"},{"@type":"ListItem","position":3,"name":"T\u00e1mogasd Egyes\u00fclet\u00fcnket!"}]},{"@type":"WebSite","@id":"https:\/\/tmg.hu\/#website","url":"https:\/\/tmg.hu\/","name":"TMG - Verband der Bodenerneuerungslandwirte","description":"Verband der Landwirte f\u00fcr Bodensanierung","publisher":{"@id":"https:\/\/tmg.hu\/#organization"},"potentialAction":[{"@type":"SearchAction","target":{"@type":"EntryPoint","urlTemplate":"https:\/\/tmg.hu\/?s={search_term_string}"},"query-input":{"@type":"PropertyValueSpecification","valueRequired":true,"valueName":"search_term_string"}}],"inLanguage":"de"},{"@type":"Organization","@id":"https:\/\/tmg.hu\/#organization","name":"Verband der Landwirte f\u00fcr Bodensanierung","url":"https:\/\/tmg.hu\/","logo":{"@type":"ImageObject","inLanguage":"de","@id":"https:\/\/tmg.hu\/#\/schema\/logo\/image\/","url":"https:\/\/tmg.hu\/wp-content\/uploads\/2024\/10\/tmg_og_logo.png","contentUrl":"https:\/\/tmg.hu\/wp-content\/uploads\/2024\/10\/tmg_og_logo.png","width":1200,"height":630,"caption":"Talajmeg\u00faj\u00edt\u00f3 Gazd\u00e1k Egyes\u00fclete"},"image":{"@id":"https:\/\/tmg.hu\/#\/schema\/logo\/image\/"},"sameAs":["https:\/\/www.facebook.com\/tmg.egyesulet\/","https:\/\/www.instagram.com\/tmg.hu\/","https:\/\/www.youtube.com\/@tmg_egyesulet"]}]}},"_links":{"self":[{"href":"https:\/\/tmg.hu\/de\/wp-json\/wp\/v2\/product\/10410","targetHints":{"allow":["GET"]}}],"collection":[{"href":"https:\/\/tmg.hu\/de\/wp-json\/wp\/v2\/product"}],"about":[{"href":"https:\/\/tmg.hu\/de\/wp-json\/wp\/v2\/types\/product"}],"wp:featuredmedia":[{"embeddable":true,"href":"https:\/\/tmg.hu\/de\/wp-json\/wp\/v2\/media\/6555"}],"wp:attachment":[{"href":"https:\/\/tmg.hu\/de\/wp-json\/wp\/v2\/media?parent=10410"}],"wp:term":[{"taxonomy":"product_brand","embeddable":true,"href":"https:\/\/tmg.hu\/de\/wp-json\/wp\/v2\/product_brand?post=10410"},{"taxonomy":"product_cat","embeddable":true,"href":"https:\/\/tmg.hu\/de\/wp-json\/wp\/v2\/product_cat?post=10410"},{"taxonomy":"product_tag","embeddable":true,"href":"https:\/\/tmg.hu\/de\/wp-json\/wp\/v2\/product_tag?post=10410"}],"curies":[{"name":"wp","href":"https:\/\/api.w.org\/{rel}","templated":true}]}}