{"id":10302,"date":"2025-07-10T02:46:10","date_gmt":"2025-07-10T00:46:10","guid":{"rendered":"https:\/\/tmg.hu\/?post_type=product&#038;p=10302"},"modified":"2025-07-11T13:51:25","modified_gmt":"2025-07-11T11:51:25","slug":"jean-francois-berthellot-zwei-tage-der-reaktion-8-groundelet-konferenz","status":"publish","type":"product","link":"https:\/\/tmg.hu\/de\/zimmer\/jean-francois-berthellot-zwei-tage-der-reaktion-8-groundelet-konferenz\/","title":{"rendered":"Zwei Workshops von Jean-Fran\u00e7ois Berthellot - REAG 8th Soil Life Conference"},"content":{"rendered":"<p>Einer der beeindruckendsten Workshops der 8. TMG REAG Soil Life Conference ist jetzt als Video verf\u00fcgbar! An zwei Tagen vermittelte der franz\u00f6sische Landwirt Jean-Fran\u00e7ois Berthellot fundiertes, praktisches Wissen, das bei den Teilnehmern vor Ort auf au\u00dferordentliches Interesse stie\u00df.<\/p>\n<p>Dieses Material war nicht in den offiziellen Aufzeichnungen der Konferenz enthalten, da nur die Pr\u00e4sentationen aus den Vortragss\u00e4len auf diese Plattform hochgeladen wurden. Daher konnten selbst diejenigen, die Eintrittskarten gekauft oder das Vortragspaket separat erworben hatten, es nicht sehen.<\/p>\n<p>Dieser zweit\u00e4gige, sehr informative Workshop steht nun allen Interessierten zur Verf\u00fcgung!<\/p>\n<p><strong>Inhalt der Packung:<\/strong><\/p>\n<p>\ud83d\udcc5 <strong>17.01.2025 - Freitag Workshop<\/strong><br \/>\n<em>Zustand der Weizenvielfalt, Verf\u00fcgbarkeit von Saatgut, Neudefinition der Vielfalt - eine gemeinschaftliche Fallstudie<\/em><\/p>\n<p>\ud83d\udcc5 <strong>18.01.2025 - Samstag Workshop<\/strong><br \/>\n<em>Entwicklung von Auswahlkriterien und Auswahlmethoden, um die gew\u00fcnschten Ergebnisse zu erzielen<\/em><\/p>\n<table style=\"border-collapse: collapse; width: 100%;\" border=\"1\">\n<tbody>\n<tr>\n<td style=\"width: 100%;\">\n<p style=\"text-align: center;\">Kaufen Sie das Videomaterial \u00fcber unseren Webshop.<br \/>\nInnerhalb weniger Tage nach der Zahlung erhalten Sie per E-Mail das Passwort f\u00fcr den Zugang zur Website.<\/p>\n<\/td>\n<\/tr>\n<\/tbody>\n<\/table>\n<p>&nbsp;<\/p>\n<p><strong>Jean-Fran\u00e7ois Berthellot \ud83c\uddeb\ud83c\uddf7<\/strong><\/p>\n<p>Er stammt aus einer Bauernfamilie, und nach dem Studium der Landwirtschaft begannen er und seine Frau 1983 mit der bio\/biodynamischen Landwirtschaft. Sie begannen mit dem Anbau von Gem\u00fcse, stellten dann auf Ackerbau um und verarbeiteten bald ihr eigenes Getreide, zun\u00e4chst zu Brot und dann zu frischem Teig in der hofeigenen B\u00e4ckerei.<\/p>\n<p>Seit der Gr\u00fcndung im Jahr 2003 ist er aktiv an der Entwicklung der nationalen Organisation R\u00e9seaux Semences-Paysannes (Netzwerk f\u00fcr b\u00e4uerliches Saatgut) beteiligt, deren Vorstand er seit mehr als 15 Jahren angeh\u00f6rt. In diesen Jahren war er mit dem Team des Nationalen Instituts f\u00fcr Agrar- und Umweltforschung (INRAE) aktiv an mehreren europ\u00e4ischen partizipativen Z\u00fcchtungsprogrammen beteiligt. Ziel dieser Programme war die Auswahl dynamischer, evolution\u00e4rer Populationen, die heute beispielsweise die Grundlage f\u00fcr die von ihm ausges\u00e4ten Getreidemischungen bilden.<\/p>\n<p>Das Brot hat einen hohen N\u00e4hrwert, ist gesund und wird aus einer Saatgutmischung hergestellt, die sowohl an die eigene als auch an die \u00f6rtliche Umwelt und Anbaupraxis angepasst ist.<\/p>","protected":false},"excerpt":{"rendered":"<p>Einer der beeindruckendsten Workshops der 8. TMG REAG Soil Life Conference ist jetzt als Video verf\u00fcgbar! An zwei Tagen vermittelte der franz\u00f6sische Landwirt Jean-Fran\u00e7ois Berthellot fundiertes, praktisches Wissen, das bei den Teilnehmern vor Ort auf au\u00dferordentliches Interesse stie\u00df.<\/p>","protected":false},"featured_media":10303,"template":"","meta":[],"product_brand":[],"product_cat":[70],"product_tag":[],"class_list":{"0":"post-10302","1":"product","2":"type-product","3":"status-publish","4":"has-post-thumbnail","6":"product_cat-videok","8":"first","9":"instock","10":"virtual","11":"taxable","12":"purchasable","13":"product-type-simple"},"bundled_by":[],"bundle_stock_status":"instock","bundle_stock_quantity":null,"bundle_virtual":false,"bundle_layout":"","bundle_add_to_cart_form_location":"","bundle_editable_in_cart":false,"bundle_sold_individually_context":"","bundle_item_grouping":"","bundle_min_size":"","bundle_max_size":"","bundle_price":[],"bundled_items":[],"bundle_sell_ids":[],"yoast_head":"<!-- This site is optimized with the Yoast SEO plugin v26.6 - https:\/\/yoast.com\/wordpress\/plugins\/seo\/ -->\n<title>Jean-Fran\u00e7ois Berthellot k\u00e9t m\u0171helynapja \u2013 REAG 8. Talaj\u00e9let Konferencia - Talajmeg\u00faj\u00edt\u00f3 Gazd\u00e1k Egyes\u00fclete<\/title>\n<meta name=\"robots\" content=\"index, follow, max-snippet:-1, max-image-preview:large, max-video-preview:-1\" \/>\n<link rel=\"canonical\" href=\"http:\/\/tmg.hu\/de\/zimmer\/jean-francois-berthellot-zwei-tage-der-reaktion-8-groundelet-konferenz\/\" \/>\n<meta property=\"og:locale\" content=\"de_DE\" \/>\n<meta property=\"og:type\" content=\"article\" \/>\n<meta property=\"og:title\" content=\"Jean-Fran\u00e7ois Berthellot k\u00e9t m\u0171helynapja \u2013 REAG 8. Talaj\u00e9let Konferencia - Talajmeg\u00faj\u00edt\u00f3 Gazd\u00e1k Egyes\u00fclete\" \/>\n<meta property=\"og:description\" content=\"A TMG REAG 8. Talaj\u00e9let Konferencia egyik legnagyobb hat\u00e1s\u00fa m\u0171helye most el\u00e9rhet\u0151 vide\u00f3n! Jean-Fran\u00e7ois Berthellot francia gazda k\u00e9t napon \u00e1t tartott m\u00e9lyrehat\u00f3, gyakorlati tud\u00e1st ad\u00f3 foglalkoz\u00e1st, amelyet a helysz\u00edni r\u00e9sztvev\u0151k rendk\u00edv\u00fcli \u00e9rdekl\u0151d\u00e9se \u00f6vezett.\" \/>\n<meta property=\"og:url\" content=\"http:\/\/tmg.hu\/de\/zimmer\/jean-francois-berthellot-zwei-tage-der-reaktion-8-groundelet-konferenz\/\" \/>\n<meta property=\"og:site_name\" content=\"Talajmeg\u00faj\u00edt\u00f3 Gazd\u00e1k Egyes\u00fclete\" \/>\n<meta property=\"article:publisher\" content=\"https:\/\/www.facebook.com\/tmg.egyesulet\/\" \/>\n<meta property=\"article:modified_time\" content=\"2025-07-11T11:51:25+00:00\" \/>\n<meta property=\"og:image\" content=\"https:\/\/tmg.hu\/wp-content\/uploads\/2025\/07\/fokep-Jean-Francois.png\" \/>\n\t<meta property=\"og:image:width\" content=\"768\" \/>\n\t<meta property=\"og:image:height\" content=\"511\" \/>\n\t<meta property=\"og:image:type\" content=\"image\/png\" \/>\n<meta name=\"twitter:card\" content=\"summary_large_image\" \/>\n<meta name=\"twitter:label1\" content=\"Gesch\u00e4tzte Lesezeit\" \/>\n\t<meta name=\"twitter:data1\" content=\"2\u00a0Minuten\" \/>\n<script type=\"application\/ld+json\" class=\"yoast-schema-graph\">{\"@context\":\"https:\/\/schema.org\",\"@graph\":[{\"@type\":\"WebPage\",\"@id\":\"http:\/\/tmg.hu\/uk\/%d0%ba%d1%96%d0%bc%d0%bd%d0%b0%d1%82%d0%b8\/%d0%b6%d0%b0%d0%bd-%d1%84%d1%80%d0%b0%d0%bd%d1%81%d1%83%d0%b0-%d0%b1%d0%b5%d1%80%d1%82%d0%b5%d0%bb%d0%be-%d0%b4%d0%b2%d0%b0-%d0%b4%d0%bd%d1%96-%d0%ba%d0%be%d0%bd%d1%84%d0%b5%d1%80%d0%b5%d0%bd%d1%86\/\",\"url\":\"http:\/\/tmg.hu\/uk\/%d0%ba%d1%96%d0%bc%d0%bd%d0%b0%d1%82%d0%b8\/%d0%b6%d0%b0%d0%bd-%d1%84%d1%80%d0%b0%d0%bd%d1%81%d1%83%d0%b0-%d0%b1%d0%b5%d1%80%d1%82%d0%b5%d0%bb%d0%be-%d0%b4%d0%b2%d0%b0-%d0%b4%d0%bd%d1%96-%d0%ba%d0%be%d0%bd%d1%84%d0%b5%d1%80%d0%b5%d0%bd%d1%86\/\",\"name\":\"Jean-Fran\u00e7ois Berthellot k\u00e9t m\u0171helynapja \u2013 REAG 8. Talaj\u00e9let Konferencia - Talajmeg\u00faj\u00edt\u00f3 Gazd\u00e1k Egyes\u00fclete\",\"isPartOf\":{\"@id\":\"https:\/\/tmg.hu\/#website\"},\"primaryImageOfPage\":{\"@id\":\"http:\/\/tmg.hu\/uk\/%d0%ba%d1%96%d0%bc%d0%bd%d0%b0%d1%82%d0%b8\/%d0%b6%d0%b0%d0%bd-%d1%84%d1%80%d0%b0%d0%bd%d1%81%d1%83%d0%b0-%d0%b1%d0%b5%d1%80%d1%82%d0%b5%d0%bb%d0%be-%d0%b4%d0%b2%d0%b0-%d0%b4%d0%bd%d1%96-%d0%ba%d0%be%d0%bd%d1%84%d0%b5%d1%80%d0%b5%d0%bd%d1%86\/#primaryimage\"},\"image\":{\"@id\":\"http:\/\/tmg.hu\/uk\/%d0%ba%d1%96%d0%bc%d0%bd%d0%b0%d1%82%d0%b8\/%d0%b6%d0%b0%d0%bd-%d1%84%d1%80%d0%b0%d0%bd%d1%81%d1%83%d0%b0-%d0%b1%d0%b5%d1%80%d1%82%d0%b5%d0%bb%d0%be-%d0%b4%d0%b2%d0%b0-%d0%b4%d0%bd%d1%96-%d0%ba%d0%be%d0%bd%d1%84%d0%b5%d1%80%d0%b5%d0%bd%d1%86\/#primaryimage\"},\"thumbnailUrl\":\"https:\/\/tmg.hu\/wp-content\/uploads\/2025\/07\/fokep-Jean-Francois.png\",\"datePublished\":\"2025-07-10T00:46:10+00:00\",\"dateModified\":\"2025-07-11T11:51:25+00:00\",\"breadcrumb\":{\"@id\":\"http:\/\/tmg.hu\/uk\/%d0%ba%d1%96%d0%bc%d0%bd%d0%b0%d1%82%d0%b8\/%d0%b6%d0%b0%d0%bd-%d1%84%d1%80%d0%b0%d0%bd%d1%81%d1%83%d0%b0-%d0%b1%d0%b5%d1%80%d1%82%d0%b5%d0%bb%d0%be-%d0%b4%d0%b2%d0%b0-%d0%b4%d0%bd%d1%96-%d0%ba%d0%be%d0%bd%d1%84%d0%b5%d1%80%d0%b5%d0%bd%d1%86\/#breadcrumb\"},\"inLanguage\":\"de\",\"potentialAction\":[{\"@type\":\"ReadAction\",\"target\":[\"http:\/\/tmg.hu\/uk\/%d0%ba%d1%96%d0%bc%d0%bd%d0%b0%d1%82%d0%b8\/%d0%b6%d0%b0%d0%bd-%d1%84%d1%80%d0%b0%d0%bd%d1%81%d1%83%d0%b0-%d0%b1%d0%b5%d1%80%d1%82%d0%b5%d0%bb%d0%be-%d0%b4%d0%b2%d0%b0-%d0%b4%d0%bd%d1%96-%d0%ba%d0%be%d0%bd%d1%84%d0%b5%d1%80%d0%b5%d0%bd%d1%86\/\"]}]},{\"@type\":\"ImageObject\",\"inLanguage\":\"de\",\"@id\":\"http:\/\/tmg.hu\/uk\/%d0%ba%d1%96%d0%bc%d0%bd%d0%b0%d1%82%d0%b8\/%d0%b6%d0%b0%d0%bd-%d1%84%d1%80%d0%b0%d0%bd%d1%81%d1%83%d0%b0-%d0%b1%d0%b5%d1%80%d1%82%d0%b5%d0%bb%d0%be-%d0%b4%d0%b2%d0%b0-%d0%b4%d0%bd%d1%96-%d0%ba%d0%be%d0%bd%d1%84%d0%b5%d1%80%d0%b5%d0%bd%d1%86\/#primaryimage\",\"url\":\"https:\/\/tmg.hu\/wp-content\/uploads\/2025\/07\/fokep-Jean-Francois.png\",\"contentUrl\":\"https:\/\/tmg.hu\/wp-content\/uploads\/2025\/07\/fokep-Jean-Francois.png\",\"width\":768,\"height\":511},{\"@type\":\"BreadcrumbList\",\"@id\":\"http:\/\/tmg.hu\/uk\/%d0%ba%d1%96%d0%bc%d0%bd%d0%b0%d1%82%d0%b8\/%d0%b6%d0%b0%d0%bd-%d1%84%d1%80%d0%b0%d0%bd%d1%81%d1%83%d0%b0-%d0%b1%d0%b5%d1%80%d1%82%d0%b5%d0%bb%d0%be-%d0%b4%d0%b2%d0%b0-%d0%b4%d0%bd%d1%96-%d0%ba%d0%be%d0%bd%d1%84%d0%b5%d1%80%d0%b5%d0%bd%d1%86\/#breadcrumb\",\"itemListElement\":[{\"@type\":\"ListItem\",\"position\":1,\"name\":\"Home\",\"item\":\"https:\/\/tmg.hu\/\"},{\"@type\":\"ListItem\",\"position\":2,\"name\":\"Webshop\",\"item\":\"https:\/\/tmg.hu\/webshop\/\"},{\"@type\":\"ListItem\",\"position\":3,\"name\":\"Jean-Fran\u00e7ois Berthellot k\u00e9t m\u0171helynapja \u2013 REAG 8. Talaj\u00e9let Konferencia\"}]},{\"@type\":\"WebSite\",\"@id\":\"https:\/\/tmg.hu\/#website\",\"url\":\"https:\/\/tmg.hu\/\",\"name\":\"TMG - Talajmeg\u00faj\u00edt\u00f3 Gazd\u00e1k Egyes\u00fclete\",\"description\":\"Talajmeg\u00faj\u00edt\u00f3 Gazd\u00e1k Egyes\u00fclete\",\"publisher\":{\"@id\":\"https:\/\/tmg.hu\/#organization\"},\"potentialAction\":[{\"@type\":\"SearchAction\",\"target\":{\"@type\":\"EntryPoint\",\"urlTemplate\":\"https:\/\/tmg.hu\/?s={search_term_string}\"},\"query-input\":{\"@type\":\"PropertyValueSpecification\",\"valueRequired\":true,\"valueName\":\"search_term_string\"}}],\"inLanguage\":\"de\"},{\"@type\":\"Organization\",\"@id\":\"https:\/\/tmg.hu\/#organization\",\"name\":\"Talajmeg\u00faj\u00edt\u00f3 Gazd\u00e1k Egyes\u00fclete\",\"url\":\"https:\/\/tmg.hu\/\",\"logo\":{\"@type\":\"ImageObject\",\"inLanguage\":\"de\",\"@id\":\"https:\/\/tmg.hu\/#\/schema\/logo\/image\/\",\"url\":\"https:\/\/tmg.hu\/wp-content\/uploads\/2024\/10\/tmg_og_logo.png\",\"contentUrl\":\"https:\/\/tmg.hu\/wp-content\/uploads\/2024\/10\/tmg_og_logo.png\",\"width\":1200,\"height\":630,\"caption\":\"Talajmeg\u00faj\u00edt\u00f3 Gazd\u00e1k Egyes\u00fclete\"},\"image\":{\"@id\":\"https:\/\/tmg.hu\/#\/schema\/logo\/image\/\"},\"sameAs\":[\"https:\/\/www.facebook.com\/tmg.egyesulet\/\",\"https:\/\/www.instagram.com\/tmg.hu\/\",\"https:\/\/www.youtube.com\/@tmg_egyesulet\"]}]}<\/script>\n<!-- \/ Yoast SEO plugin. -->","yoast_head_json":{"title":"Zwei Workshops von Jean-Fran\u00e7ois Berthellot - 8. REAG-Konferenz \"Bodenleben\" - Vereinigung der Landwirte zur Erneuerung des Bodens","robots":{"index":"index","follow":"follow","max-snippet":"max-snippet:-1","max-image-preview":"max-image-preview:large","max-video-preview":"max-video-preview:-1"},"canonical":"http:\/\/tmg.hu\/de\/zimmer\/jean-francois-berthellot-zwei-tage-der-reaktion-8-groundelet-konferenz\/","og_locale":"de_DE","og_type":"article","og_title":"Jean-Fran\u00e7ois Berthellot k\u00e9t m\u0171helynapja \u2013 REAG 8. Talaj\u00e9let Konferencia - Talajmeg\u00faj\u00edt\u00f3 Gazd\u00e1k Egyes\u00fclete","og_description":"A TMG REAG 8. Talaj\u00e9let Konferencia egyik legnagyobb hat\u00e1s\u00fa m\u0171helye most el\u00e9rhet\u0151 vide\u00f3n! Jean-Fran\u00e7ois Berthellot francia gazda k\u00e9t napon \u00e1t tartott m\u00e9lyrehat\u00f3, gyakorlati tud\u00e1st ad\u00f3 foglalkoz\u00e1st, amelyet a helysz\u00edni r\u00e9sztvev\u0151k rendk\u00edv\u00fcli \u00e9rdekl\u0151d\u00e9se \u00f6vezett.","og_url":"http:\/\/tmg.hu\/de\/zimmer\/jean-francois-berthellot-zwei-tage-der-reaktion-8-groundelet-konferenz\/","og_site_name":"Talajmeg\u00faj\u00edt\u00f3 Gazd\u00e1k Egyes\u00fclete","article_publisher":"https:\/\/www.facebook.com\/tmg.egyesulet\/","article_modified_time":"2025-07-11T11:51:25+00:00","og_image":[{"width":768,"height":511,"url":"https:\/\/tmg.hu\/wp-content\/uploads\/2025\/07\/fokep-Jean-Francois.png","type":"image\/png"}],"twitter_card":"summary_large_image","twitter_misc":{"Gesch\u00e4tzte Lesezeit":"2\u00a0Minuten"},"schema":{"@context":"https:\/\/schema.org","@graph":[{"@type":"WebPage","@id":"http:\/\/tmg.hu\/uk\/%d0%ba%d1%96%d0%bc%d0%bd%d0%b0%d1%82%d0%b8\/%d0%b6%d0%b0%d0%bd-%d1%84%d1%80%d0%b0%d0%bd%d1%81%d1%83%d0%b0-%d0%b1%d0%b5%d1%80%d1%82%d0%b5%d0%bb%d0%be-%d0%b4%d0%b2%d0%b0-%d0%b4%d0%bd%d1%96-%d0%ba%d0%be%d0%bd%d1%84%d0%b5%d1%80%d0%b5%d0%bd%d1%86\/","url":"http:\/\/tmg.hu\/uk\/%d0%ba%d1%96%d0%bc%d0%bd%d0%b0%d1%82%d0%b8\/%d0%b6%d0%b0%d0%bd-%d1%84%d1%80%d0%b0%d0%bd%d1%81%d1%83%d0%b0-%d0%b1%d0%b5%d1%80%d1%82%d0%b5%d0%bb%d0%be-%d0%b4%d0%b2%d0%b0-%d0%b4%d0%bd%d1%96-%d0%ba%d0%be%d0%bd%d1%84%d0%b5%d1%80%d0%b5%d0%bd%d1%86\/","name":"Zwei Workshops von Jean-Fran\u00e7ois Berthellot - 8. REAG-Konferenz \"Bodenleben\" - Vereinigung der Landwirte zur Erneuerung des Bodens","isPartOf":{"@id":"https:\/\/tmg.hu\/#website"},"primaryImageOfPage":{"@id":"http:\/\/tmg.hu\/uk\/%d0%ba%d1%96%d0%bc%d0%bd%d0%b0%d1%82%d0%b8\/%d0%b6%d0%b0%d0%bd-%d1%84%d1%80%d0%b0%d0%bd%d1%81%d1%83%d0%b0-%d0%b1%d0%b5%d1%80%d1%82%d0%b5%d0%bb%d0%be-%d0%b4%d0%b2%d0%b0-%d0%b4%d0%bd%d1%96-%d0%ba%d0%be%d0%bd%d1%84%d0%b5%d1%80%d0%b5%d0%bd%d1%86\/#primaryimage"},"image":{"@id":"http:\/\/tmg.hu\/uk\/%d0%ba%d1%96%d0%bc%d0%bd%d0%b0%d1%82%d0%b8\/%d0%b6%d0%b0%d0%bd-%d1%84%d1%80%d0%b0%d0%bd%d1%81%d1%83%d0%b0-%d0%b1%d0%b5%d1%80%d1%82%d0%b5%d0%bb%d0%be-%d0%b4%d0%b2%d0%b0-%d0%b4%d0%bd%d1%96-%d0%ba%d0%be%d0%bd%d1%84%d0%b5%d1%80%d0%b5%d0%bd%d1%86\/#primaryimage"},"thumbnailUrl":"https:\/\/tmg.hu\/wp-content\/uploads\/2025\/07\/fokep-Jean-Francois.png","datePublished":"2025-07-10T00:46:10+00:00","dateModified":"2025-07-11T11:51:25+00:00","breadcrumb":{"@id":"http:\/\/tmg.hu\/uk\/%d0%ba%d1%96%d0%bc%d0%bd%d0%b0%d1%82%d0%b8\/%d0%b6%d0%b0%d0%bd-%d1%84%d1%80%d0%b0%d0%bd%d1%81%d1%83%d0%b0-%d0%b1%d0%b5%d1%80%d1%82%d0%b5%d0%bb%d0%be-%d0%b4%d0%b2%d0%b0-%d0%b4%d0%bd%d1%96-%d0%ba%d0%be%d0%bd%d1%84%d0%b5%d1%80%d0%b5%d0%bd%d1%86\/#breadcrumb"},"inLanguage":"de","potentialAction":[{"@type":"ReadAction","target":["http:\/\/tmg.hu\/uk\/%d0%ba%d1%96%d0%bc%d0%bd%d0%b0%d1%82%d0%b8\/%d0%b6%d0%b0%d0%bd-%d1%84%d1%80%d0%b0%d0%bd%d1%81%d1%83%d0%b0-%d0%b1%d0%b5%d1%80%d1%82%d0%b5%d0%bb%d0%be-%d0%b4%d0%b2%d0%b0-%d0%b4%d0%bd%d1%96-%d0%ba%d0%be%d0%bd%d1%84%d0%b5%d1%80%d0%b5%d0%bd%d1%86\/"]}]},{"@type":"ImageObject","inLanguage":"de","@id":"http:\/\/tmg.hu\/uk\/%d0%ba%d1%96%d0%bc%d0%bd%d0%b0%d1%82%d0%b8\/%d0%b6%d0%b0%d0%bd-%d1%84%d1%80%d0%b0%d0%bd%d1%81%d1%83%d0%b0-%d0%b1%d0%b5%d1%80%d1%82%d0%b5%d0%bb%d0%be-%d0%b4%d0%b2%d0%b0-%d0%b4%d0%bd%d1%96-%d0%ba%d0%be%d0%bd%d1%84%d0%b5%d1%80%d0%b5%d0%bd%d1%86\/#primaryimage","url":"https:\/\/tmg.hu\/wp-content\/uploads\/2025\/07\/fokep-Jean-Francois.png","contentUrl":"https:\/\/tmg.hu\/wp-content\/uploads\/2025\/07\/fokep-Jean-Francois.png","width":768,"height":511},{"@type":"BreadcrumbList","@id":"http:\/\/tmg.hu\/uk\/%d0%ba%d1%96%d0%bc%d0%bd%d0%b0%d1%82%d0%b8\/%d0%b6%d0%b0%d0%bd-%d1%84%d1%80%d0%b0%d0%bd%d1%81%d1%83%d0%b0-%d0%b1%d0%b5%d1%80%d1%82%d0%b5%d0%bb%d0%be-%d0%b4%d0%b2%d0%b0-%d0%b4%d0%bd%d1%96-%d0%ba%d0%be%d0%bd%d1%84%d0%b5%d1%80%d0%b5%d0%bd%d1%86\/#breadcrumb","itemListElement":[{"@type":"ListItem","position":1,"name":"Home","item":"https:\/\/tmg.hu\/"},{"@type":"ListItem","position":2,"name":"Webshop","item":"https:\/\/tmg.hu\/webshop\/"},{"@type":"ListItem","position":3,"name":"Jean-Fran\u00e7ois Berthellot k\u00e9t m\u0171helynapja \u2013 REAG 8. Talaj\u00e9let Konferencia"}]},{"@type":"WebSite","@id":"https:\/\/tmg.hu\/#website","url":"https:\/\/tmg.hu\/","name":"TMG - Verband der Bodenerneuerungslandwirte","description":"Verband der Landwirte f\u00fcr Bodensanierung","publisher":{"@id":"https:\/\/tmg.hu\/#organization"},"potentialAction":[{"@type":"SearchAction","target":{"@type":"EntryPoint","urlTemplate":"https:\/\/tmg.hu\/?s={search_term_string}"},"query-input":{"@type":"PropertyValueSpecification","valueRequired":true,"valueName":"search_term_string"}}],"inLanguage":"de"},{"@type":"Organization","@id":"https:\/\/tmg.hu\/#organization","name":"Verband der Landwirte f\u00fcr Bodensanierung","url":"https:\/\/tmg.hu\/","logo":{"@type":"ImageObject","inLanguage":"de","@id":"https:\/\/tmg.hu\/#\/schema\/logo\/image\/","url":"https:\/\/tmg.hu\/wp-content\/uploads\/2024\/10\/tmg_og_logo.png","contentUrl":"https:\/\/tmg.hu\/wp-content\/uploads\/2024\/10\/tmg_og_logo.png","width":1200,"height":630,"caption":"Talajmeg\u00faj\u00edt\u00f3 Gazd\u00e1k Egyes\u00fclete"},"image":{"@id":"https:\/\/tmg.hu\/#\/schema\/logo\/image\/"},"sameAs":["https:\/\/www.facebook.com\/tmg.egyesulet\/","https:\/\/www.instagram.com\/tmg.hu\/","https:\/\/www.youtube.com\/@tmg_egyesulet"]}]}},"_links":{"self":[{"href":"https:\/\/tmg.hu\/de\/wp-json\/wp\/v2\/product\/10302","targetHints":{"allow":["GET"]}}],"collection":[{"href":"https:\/\/tmg.hu\/de\/wp-json\/wp\/v2\/product"}],"about":[{"href":"https:\/\/tmg.hu\/de\/wp-json\/wp\/v2\/types\/product"}],"wp:featuredmedia":[{"embeddable":true,"href":"https:\/\/tmg.hu\/de\/wp-json\/wp\/v2\/media\/10303"}],"wp:attachment":[{"href":"https:\/\/tmg.hu\/de\/wp-json\/wp\/v2\/media?parent=10302"}],"wp:term":[{"taxonomy":"product_brand","embeddable":true,"href":"https:\/\/tmg.hu\/de\/wp-json\/wp\/v2\/product_brand?post=10302"},{"taxonomy":"product_cat","embeddable":true,"href":"https:\/\/tmg.hu\/de\/wp-json\/wp\/v2\/product_cat?post=10302"},{"taxonomy":"product_tag","embeddable":true,"href":"https:\/\/tmg.hu\/de\/wp-json\/wp\/v2\/product_tag?post=10302"}],"curies":[{"name":"wp","href":"https:\/\/api.w.org\/{rel}","templated":true}]}}