{"id":7969,"date":"2024-09-28T03:50:27","date_gmt":"2024-09-28T01:50:27","guid":{"rendered":"https:\/\/tmg.hu\/?page_id=7969"},"modified":"2025-04-10T16:08:27","modified_gmt":"2025-04-10T14:08:27","slug":"bezeugt","status":"publish","type":"page","link":"https:\/\/tmg.hu\/de\/bezeugt\/","title":{"rendered":"Zertifizierung"},"content":{"rendered":"<div data-elementor-type=\"wp-page\" data-elementor-id=\"7969\" class=\"elementor elementor-7969\" data-elementor-post-type=\"page\">\n\t\t\t\t\t\t<section class=\"elementor-section elementor-top-section elementor-element elementor-element-42f815a elementor-section-stretched elementor-section-boxed elementor-section-height-default elementor-section-height-default\" data-id=\"42f815a\" data-element_type=\"section\" data-settings=\"{&quot;background_background&quot;:&quot;classic&quot;,&quot;stretch_section&quot;:&quot;section-stretched&quot;}\">\n\t\t\t\t\t\t<div class=\"elementor-container elementor-column-gap-default\">\n\t\t\t\t\t<div class=\"elementor-column elementor-col-100 elementor-top-column elementor-element elementor-element-f7e04c5\" data-id=\"f7e04c5\" data-element_type=\"column\">\n\t\t\t<div class=\"elementor-widget-wrap elementor-element-populated\">\n\t\t\t\t\t\t<div class=\"elementor-element elementor-element-66fe23e elementor-widget elementor-widget-image\" data-id=\"66fe23e\" data-element_type=\"widget\" data-widget_type=\"image.default\">\n\t\t\t\t<div class=\"elementor-widget-container\">\n\t\t\t\t\t\t\t\t\t\t\t\t\t\t\t<img fetchpriority=\"high\" decoding=\"async\" width=\"343\" height=\"339\" src=\"https:\/\/tmg.hu\/wp-content\/uploads\/2024\/09\/cereg-logo-kerek.png\" class=\"attachment-large size-large wp-image-7947\" alt=\"\" srcset=\"https:\/\/tmg.hu\/wp-content\/uploads\/2024\/09\/cereg-logo-kerek.png 343w, https:\/\/tmg.hu\/wp-content\/uploads\/2024\/09\/cereg-logo-kerek-100x100.png 100w, https:\/\/tmg.hu\/wp-content\/uploads\/2024\/09\/cereg-logo-kerek-300x297.png 300w, https:\/\/tmg.hu\/wp-content\/uploads\/2024\/09\/cereg-logo-kerek-12x12.png 12w\" sizes=\"(max-width: 343px) 100vw, 343px\" \/>\t\t\t\t\t\t\t\t\t\t\t\t\t\t\t<\/div>\n\t\t\t\t<\/div>\n\t\t\t\t<div class=\"elementor-element elementor-element-f4a0ffe elementor-widget elementor-widget-heading\" data-id=\"f4a0ffe\" data-element_type=\"widget\" data-widget_type=\"heading.default\">\n\t\t\t\t<div class=\"elementor-widget-container\">\n\t\t\t\t\t<h2 class=\"elementor-heading-title elementor-size-default\">Zertifizierung<\/h2>\t\t\t\t<\/div>\n\t\t\t\t<\/div>\n\t\t\t\t<div class=\"elementor-element elementor-element-e2bc2e2 elementor-widget elementor-widget-text-editor\" data-id=\"e2bc2e2\" data-element_type=\"widget\" data-widget_type=\"text-editor.default\">\n\t\t\t\t<div class=\"elementor-widget-container\">\n\t\t\t\t\t\t\t\t\t<p style=\"text-align: center;\">CEREG ist ein internationales regeneratives Zertifizierungssystem, das allen offen steht.<\/p>\t\t\t\t\t\t\t\t<\/div>\n\t\t\t\t<\/div>\n\t\t\t\t\t<\/div>\n\t\t<\/div>\n\t\t\t\t\t<\/div>\n\t\t<\/section>\n\t\t\t\t<section class=\"elementor-section elementor-top-section elementor-element elementor-element-cae8821 elementor-section-boxed elementor-section-height-default elementor-section-height-default\" data-id=\"cae8821\" data-element_type=\"section\">\n\t\t\t\t\t\t<div class=\"elementor-container elementor-column-gap-default\">\n\t\t\t\t\t<div class=\"elementor-column elementor-col-50 elementor-top-column elementor-element elementor-element-2b6950a\" data-id=\"2b6950a\" data-element_type=\"column\">\n\t\t\t<div class=\"elementor-widget-wrap elementor-element-populated\">\n\t\t\t\t\t\t<div class=\"elementor-element elementor-element-2f17879 elementor-widget elementor-widget-image\" data-id=\"2f17879\" data-element_type=\"widget\" data-widget_type=\"image.default\">\n\t\t\t\t<div class=\"elementor-widget-container\">\n\t\t\t\t\t\t\t\t\t\t\t\t\t\t\t<img decoding=\"async\" width=\"960\" height=\"539\" src=\"https:\/\/tmg.hu\/wp-content\/uploads\/2024\/09\/james-baltz-nXVUNj2F8G8-unsplash-1024x575.jpg\" class=\"attachment-large size-large wp-image-7980\" alt=\"\" srcset=\"https:\/\/tmg.hu\/wp-content\/uploads\/2024\/09\/james-baltz-nXVUNj2F8G8-unsplash-1024x575.jpg 1024w, https:\/\/tmg.hu\/wp-content\/uploads\/2024\/09\/james-baltz-nXVUNj2F8G8-unsplash-scaled-356x200.jpg 356w, https:\/\/tmg.hu\/wp-content\/uploads\/2024\/09\/james-baltz-nXVUNj2F8G8-unsplash-scaled-416x234.jpg 416w, https:\/\/tmg.hu\/wp-content\/uploads\/2024\/09\/james-baltz-nXVUNj2F8G8-unsplash-300x169.jpg 300w, https:\/\/tmg.hu\/wp-content\/uploads\/2024\/09\/james-baltz-nXVUNj2F8G8-unsplash-768x432.jpg 768w, https:\/\/tmg.hu\/wp-content\/uploads\/2024\/09\/james-baltz-nXVUNj2F8G8-unsplash-1536x863.jpg 1536w, https:\/\/tmg.hu\/wp-content\/uploads\/2024\/09\/james-baltz-nXVUNj2F8G8-unsplash-2048x1151.jpg 2048w, https:\/\/tmg.hu\/wp-content\/uploads\/2024\/09\/james-baltz-nXVUNj2F8G8-unsplash-18x10.jpg 18w\" sizes=\"(max-width: 960px) 100vw, 960px\" \/>\t\t\t\t\t\t\t\t\t\t\t\t\t\t\t<\/div>\n\t\t\t\t<\/div>\n\t\t\t\t\t<\/div>\n\t\t<\/div>\n\t\t\t\t<div class=\"elementor-column elementor-col-50 elementor-top-column elementor-element elementor-element-5947f0b\" data-id=\"5947f0b\" data-element_type=\"column\">\n\t\t\t<div class=\"elementor-widget-wrap elementor-element-populated\">\n\t\t\t\t\t\t<div class=\"elementor-element elementor-element-7f895cb elementor-widget__width-initial elementor-widget elementor-widget-text-editor\" data-id=\"7f895cb\" data-element_type=\"widget\" data-widget_type=\"text-editor.default\">\n\t\t\t\t<div class=\"elementor-widget-container\">\n\t\t\t\t\t\t\t\t\t<p>Der Bauernverband Soil Renewal (TMG, tmg.hu) ist ein glaubw\u00fcrdiger Berufsverband praktizierender Landwirte mit langj\u00e4hriger Erfahrung in der regenerativen Landwirtschaft, dem es wichtig war, eine bauernfreundliche, praxisnahe regenerative Zertifizierung mit minimalem Verwaltungsaufwand zu schaffen.<\/p><p>Es ist wichtig, dass das regenerative System von einem genau definierten Rahmen begleitet wird, um festzustellen, ob der Betrieb ein Niveau erreicht hat, das die Regeneration des Bodens und des \u00d6kosystems wirklich unterst\u00fctzt.<\/p>\t\t\t\t\t\t\t\t<\/div>\n\t\t\t\t<\/div>\n\t\t\t\t\t<\/div>\n\t\t<\/div>\n\t\t\t\t\t<\/div>\n\t\t<\/section>\n\t\t\t\t<section class=\"elementor-section elementor-top-section elementor-element elementor-element-9143386 elementor-reverse-mobile elementor-section-boxed elementor-section-height-default elementor-section-height-default\" data-id=\"9143386\" data-element_type=\"section\">\n\t\t\t\t\t\t<div class=\"elementor-container elementor-column-gap-default\">\n\t\t\t\t\t<div class=\"elementor-column elementor-col-50 elementor-top-column elementor-element elementor-element-126e0f4\" data-id=\"126e0f4\" data-element_type=\"column\">\n\t\t\t<div class=\"elementor-widget-wrap elementor-element-populated\">\n\t\t\t\t\t\t<div class=\"elementor-element elementor-element-029c824 elementor-widget elementor-widget-text-editor\" data-id=\"029c824\" data-element_type=\"widget\" data-widget_type=\"text-editor.default\">\n\t\t\t\t<div class=\"elementor-widget-container\">\n\t\t\t\t\t\t\t\t\t<p>Das System ist einfach aufgebaut und basiert auf einem umfassenden Punktesystem, das den \u00f6kologischen Status eines bestimmten Betriebs unter Ber\u00fccksichtigung der Parameter des gesamten Betriebs ermittelt. Dies vermittelt ein genaues Bild davon, ob der Betrieb die Zertifizierungsanforderungen erf\u00fcllt.<\/p>\t\t\t\t\t\t\t\t<\/div>\n\t\t\t\t<\/div>\n\t\t\t\t\t<\/div>\n\t\t<\/div>\n\t\t\t\t<div class=\"elementor-column elementor-col-50 elementor-top-column elementor-element elementor-element-821bf38\" data-id=\"821bf38\" data-element_type=\"column\">\n\t\t\t<div class=\"elementor-widget-wrap elementor-element-populated\">\n\t\t\t\t\t\t<div class=\"elementor-element elementor-element-e9a2ec5 elementor-widget elementor-widget-image\" data-id=\"e9a2ec5\" data-element_type=\"widget\" data-widget_type=\"image.default\">\n\t\t\t\t<div class=\"elementor-widget-container\">\n\t\t\t\t\t\t\t\t\t\t\t\t\t\t\t<img decoding=\"async\" width=\"960\" height=\"539\" src=\"https:\/\/tmg.hu\/wp-content\/uploads\/2024\/09\/maddy-weiss-syyXII1iH7c-unsplash-1024x575.jpg\" class=\"attachment-large size-large wp-image-7981\" alt=\"\" srcset=\"https:\/\/tmg.hu\/wp-content\/uploads\/2024\/09\/maddy-weiss-syyXII1iH7c-unsplash-1024x575.jpg 1024w, https:\/\/tmg.hu\/wp-content\/uploads\/2024\/09\/maddy-weiss-syyXII1iH7c-unsplash-scaled-356x200.jpg 356w, https:\/\/tmg.hu\/wp-content\/uploads\/2024\/09\/maddy-weiss-syyXII1iH7c-unsplash-scaled-416x234.jpg 416w, https:\/\/tmg.hu\/wp-content\/uploads\/2024\/09\/maddy-weiss-syyXII1iH7c-unsplash-300x169.jpg 300w, https:\/\/tmg.hu\/wp-content\/uploads\/2024\/09\/maddy-weiss-syyXII1iH7c-unsplash-768x432.jpg 768w, https:\/\/tmg.hu\/wp-content\/uploads\/2024\/09\/maddy-weiss-syyXII1iH7c-unsplash-1536x863.jpg 1536w, https:\/\/tmg.hu\/wp-content\/uploads\/2024\/09\/maddy-weiss-syyXII1iH7c-unsplash-2048x1151.jpg 2048w, https:\/\/tmg.hu\/wp-content\/uploads\/2024\/09\/maddy-weiss-syyXII1iH7c-unsplash-18x10.jpg 18w\" sizes=\"(max-width: 960px) 100vw, 960px\" \/>\t\t\t\t\t\t\t\t\t\t\t\t\t\t\t<\/div>\n\t\t\t\t<\/div>\n\t\t\t\t\t<\/div>\n\t\t<\/div>\n\t\t\t\t\t<\/div>\n\t\t<\/section>\n\t\t\t\t<section class=\"elementor-section elementor-top-section elementor-element elementor-element-a1a598b elementor-section-stretched elementor-section-boxed elementor-section-height-default elementor-section-height-default\" data-id=\"a1a598b\" data-element_type=\"section\" data-settings=\"{&quot;stretch_section&quot;:&quot;section-stretched&quot;,&quot;background_background&quot;:&quot;classic&quot;}\">\n\t\t\t\t\t\t<div class=\"elementor-container elementor-column-gap-default\">\n\t\t\t\t\t<div class=\"elementor-column elementor-col-100 elementor-top-column elementor-element elementor-element-a7dd42a\" data-id=\"a7dd42a\" data-element_type=\"column\">\n\t\t\t<div class=\"elementor-widget-wrap elementor-element-populated\">\n\t\t\t\t\t\t<div class=\"elementor-element elementor-element-bf081b6 elementor-widget elementor-widget-heading\" data-id=\"bf081b6\" data-element_type=\"widget\" data-widget_type=\"heading.default\">\n\t\t\t\t<div class=\"elementor-widget-container\">\n\t\t\t\t\t<h2 class=\"elementor-heading-title elementor-size-default\">Feld - Nat\u00fcrlich - Tier<\/h2>\t\t\t\t<\/div>\n\t\t\t\t<\/div>\n\t\t\t\t<div class=\"elementor-element elementor-element-8ccf819 elementor-widget elementor-widget-text-editor\" data-id=\"8ccf819\" data-element_type=\"widget\" data-widget_type=\"text-editor.default\">\n\t\t\t\t<div class=\"elementor-widget-container\">\n\t\t\t\t\t\t\t\t\t<p>Das Zertifizierungssystem wurde in drei Hauptteile unterteilt, die alle den gleichen Wert haben, aber einen Mehrwert bieten.<\/p>\t\t\t\t\t\t\t\t<\/div>\n\t\t\t\t<\/div>\n\t\t\t\t\t<\/div>\n\t\t<\/div>\n\t\t\t\t\t<\/div>\n\t\t<\/section>\n\t\t\t\t<section class=\"elementor-section elementor-top-section elementor-element elementor-element-b99252a elementor-section-stretched elementor-section-boxed elementor-section-height-default elementor-section-height-default\" data-id=\"b99252a\" data-element_type=\"section\" data-settings=\"{&quot;stretch_section&quot;:&quot;section-stretched&quot;,&quot;background_background&quot;:&quot;classic&quot;}\">\n\t\t\t\t\t\t<div class=\"elementor-container elementor-column-gap-default\">\n\t\t\t\t\t<div class=\"elementor-column elementor-col-33 elementor-top-column elementor-element elementor-element-b0a2b27\" data-id=\"b0a2b27\" data-element_type=\"column\">\n\t\t\t<div class=\"elementor-widget-wrap elementor-element-populated\">\n\t\t\t\t\t\t<div class=\"elementor-element elementor-element-f5f4fd7 elementor-widget elementor-widget-image\" data-id=\"f5f4fd7\" data-element_type=\"widget\" data-widget_type=\"image.default\">\n\t\t\t\t<div class=\"elementor-widget-container\">\n\t\t\t\t\t\t\t\t\t\t\t\t\t\t\t<img loading=\"lazy\" decoding=\"async\" width=\"502\" height=\"479\" src=\"https:\/\/tmg.hu\/wp-content\/uploads\/2024\/12\/cereg-regenerativ-vedjegy-vegleges_cereg-logo-kerek-zold.png\" class=\"attachment-large size-large wp-image-9331\" alt=\"\" srcset=\"https:\/\/tmg.hu\/wp-content\/uploads\/2024\/12\/cereg-regenerativ-vedjegy-vegleges_cereg-logo-kerek-zold.png 502w, https:\/\/tmg.hu\/wp-content\/uploads\/2024\/12\/cereg-regenerativ-vedjegy-vegleges_cereg-logo-kerek-zold-300x286.png 300w, https:\/\/tmg.hu\/wp-content\/uploads\/2024\/12\/cereg-regenerativ-vedjegy-vegleges_cereg-logo-kerek-zold-13x12.png 13w\" sizes=\"(max-width: 502px) 100vw, 502px\" \/>\t\t\t\t\t\t\t\t\t\t\t\t\t\t\t<\/div>\n\t\t\t\t<\/div>\n\t\t\t\t<div class=\"elementor-element elementor-element-fff15be elementor-widget elementor-widget-text-editor\" data-id=\"fff15be\" data-element_type=\"widget\" data-widget_type=\"text-editor.default\">\n\t\t\t\t<div class=\"elementor-widget-container\">\n\t\t\t\t\t\t\t\t\t<p style=\"text-align: center;\"><strong>Feld<\/strong><br \/>Die grundlegende Kategorie, die ein regenerativer Betrieb erf\u00fcllen muss.<\/p>\t\t\t\t\t\t\t\t<\/div>\n\t\t\t\t<\/div>\n\t\t\t\t\t<\/div>\n\t\t<\/div>\n\t\t\t\t<div class=\"elementor-column elementor-col-33 elementor-top-column elementor-element elementor-element-affcafa\" data-id=\"affcafa\" data-element_type=\"column\">\n\t\t\t<div class=\"elementor-widget-wrap elementor-element-populated\">\n\t\t\t\t\t\t<div class=\"elementor-element elementor-element-7e298ab elementor-widget elementor-widget-image\" data-id=\"7e298ab\" data-element_type=\"widget\" data-widget_type=\"image.default\">\n\t\t\t\t<div class=\"elementor-widget-container\">\n\t\t\t\t\t\t\t\t\t\t\t\t\t\t\t<img loading=\"lazy\" decoding=\"async\" width=\"502\" height=\"479\" src=\"https:\/\/tmg.hu\/wp-content\/uploads\/2024\/12\/cereg-regenerativ-vedjegy-vegleges_cereg-logo-kerek-kek.png\" class=\"attachment-large size-large wp-image-9332\" alt=\"\" srcset=\"https:\/\/tmg.hu\/wp-content\/uploads\/2024\/12\/cereg-regenerativ-vedjegy-vegleges_cereg-logo-kerek-kek.png 502w, https:\/\/tmg.hu\/wp-content\/uploads\/2024\/12\/cereg-regenerativ-vedjegy-vegleges_cereg-logo-kerek-kek-300x286.png 300w, https:\/\/tmg.hu\/wp-content\/uploads\/2024\/12\/cereg-regenerativ-vedjegy-vegleges_cereg-logo-kerek-kek-13x12.png 13w\" sizes=\"(max-width: 502px) 100vw, 502px\" \/>\t\t\t\t\t\t\t\t\t\t\t\t\t\t\t<\/div>\n\t\t\t\t<\/div>\n\t\t\t\t<div class=\"elementor-element elementor-element-bd999ed elementor-widget elementor-widget-text-editor\" data-id=\"bd999ed\" data-element_type=\"widget\" data-widget_type=\"text-editor.default\">\n\t\t\t\t<div class=\"elementor-widget-container\">\n\t\t\t\t\t\t\t\t\t<p style=\"text-align: center;\"><strong>Nat\u00fcrlich<\/strong><br \/>Zus\u00e4tzlich zur Kategorie \"Feld\" gibt sie an, dass die Kultur w\u00e4hrend des Wirtschaftsjahres pestizidfrei angebaut wurde.<\/p>\t\t\t\t\t\t\t\t<\/div>\n\t\t\t\t<\/div>\n\t\t\t\t\t<\/div>\n\t\t<\/div>\n\t\t\t\t<div class=\"elementor-column elementor-col-33 elementor-top-column elementor-element elementor-element-5cbec53\" data-id=\"5cbec53\" data-element_type=\"column\">\n\t\t\t<div class=\"elementor-widget-wrap elementor-element-populated\">\n\t\t\t\t\t\t<div class=\"elementor-element elementor-element-8cf008d elementor-widget elementor-widget-image\" data-id=\"8cf008d\" data-element_type=\"widget\" data-widget_type=\"image.default\">\n\t\t\t\t<div class=\"elementor-widget-container\">\n\t\t\t\t\t\t\t\t\t\t\t\t\t\t\t<img loading=\"lazy\" decoding=\"async\" width=\"502\" height=\"479\" src=\"https:\/\/tmg.hu\/wp-content\/uploads\/2024\/12\/cereg-regenerativ-vedjegy-vegleges_cereg-logo-kerek-barna.png\" class=\"attachment-large size-large wp-image-9333\" alt=\"\" srcset=\"https:\/\/tmg.hu\/wp-content\/uploads\/2024\/12\/cereg-regenerativ-vedjegy-vegleges_cereg-logo-kerek-barna.png 502w, https:\/\/tmg.hu\/wp-content\/uploads\/2024\/12\/cereg-regenerativ-vedjegy-vegleges_cereg-logo-kerek-barna-300x286.png 300w, https:\/\/tmg.hu\/wp-content\/uploads\/2024\/12\/cereg-regenerativ-vedjegy-vegleges_cereg-logo-kerek-barna-13x12.png 13w\" sizes=\"(max-width: 502px) 100vw, 502px\" \/>\t\t\t\t\t\t\t\t\t\t\t\t\t\t\t<\/div>\n\t\t\t\t<\/div>\n\t\t\t\t<div class=\"elementor-element elementor-element-1f9ecf9 elementor-widget elementor-widget-text-editor\" data-id=\"1f9ecf9\" data-element_type=\"widget\" data-widget_type=\"text-editor.default\">\n\t\t\t\t<div class=\"elementor-widget-container\">\n\t\t\t\t\t\t\t\t\t<p style=\"text-align: center;\"><strong>Tier<\/strong><br \/>Die Tiere werden unter den Anforderungen eines regenerativen Systems, in intermittierender, ganzheitlicher Weidehaltung, unter extensiven Stallbedingungen gehalten.<\/p>\t\t\t\t\t\t\t\t<\/div>\n\t\t\t\t<\/div>\n\t\t\t\t\t<\/div>\n\t\t<\/div>\n\t\t\t\t\t<\/div>\n\t\t<\/section>\n\t\t\t\t<\/div>","protected":false},"excerpt":{"rendered":"<p>Zertifizierung CEREG ist ein internationales regeneratives Zertifizierungssystem, das allen offen steht. Der Verband der Landwirte f\u00fcr Bodenregeneration (TMG, tmg.hu) ist eine glaubw\u00fcrdige Berufsorganisation von praktizierenden Landwirten mit langj\u00e4hriger Erfahrung in der regenerativen Landwirtschaft. Der Verband hat es f\u00fcr wichtig befunden, eine bauernfreundliche, praxisnahe regenerative Zertifizierung mit minimalem Verwaltungsaufwand zu schaffen. Wir hielten es f\u00fcr wichtig, dass das regenerative System [...]<\/p>","protected":false},"author":141,"featured_media":0,"parent":0,"menu_order":0,"comment_status":"closed","ping_status":"closed","template":"elementor_header_footer","meta":{"footnotes":""},"class_list":["post-7969","page","type-page","status-publish","hentry"],"yoast_head":"<!-- This site is optimized with the Yoast SEO plugin v26.6 - https:\/\/yoast.com\/wordpress\/plugins\/seo\/ -->\n<title>Tan\u00fas\u00edt\u00e1s - Talajmeg\u00faj\u00edt\u00f3 Gazd\u00e1k Egyes\u00fclete<\/title>\n<meta name=\"description\" content=\"Ismerd meg a Talajmeg\u00faj\u00edt\u00f3 Gazd\u00e1k Egyes\u00fclete \u00e1ltal kifejlesztett CEREG nemzetk\u00f6zi regenerat\u00edv tan\u00fas\u00edt\u00e1si rendszert.\" \/>\n<meta name=\"robots\" content=\"index, follow, max-snippet:-1, max-image-preview:large, max-video-preview:-1\" \/>\n<link rel=\"canonical\" href=\"https:\/\/tmg.hu\/de\/bezeugt\/\" \/>\n<meta property=\"og:locale\" content=\"de_DE\" \/>\n<meta property=\"og:type\" content=\"article\" \/>\n<meta property=\"og:title\" content=\"Tan\u00fas\u00edt\u00e1s - Talajmeg\u00faj\u00edt\u00f3 Gazd\u00e1k Egyes\u00fclete\" \/>\n<meta property=\"og:description\" content=\"Ismerd meg a Talajmeg\u00faj\u00edt\u00f3 Gazd\u00e1k Egyes\u00fclete \u00e1ltal kifejlesztett CEREG nemzetk\u00f6zi regenerat\u00edv tan\u00fas\u00edt\u00e1si rendszert.\" \/>\n<meta property=\"og:url\" content=\"https:\/\/tmg.hu\/de\/bezeugt\/\" \/>\n<meta property=\"og:site_name\" content=\"Talajmeg\u00faj\u00edt\u00f3 Gazd\u00e1k Egyes\u00fclete\" \/>\n<meta property=\"article:publisher\" content=\"https:\/\/www.facebook.com\/tmg.egyesulet\/\" \/>\n<meta property=\"article:modified_time\" content=\"2025-04-10T14:08:27+00:00\" \/>\n<meta property=\"og:image\" content=\"https:\/\/tmg.hu\/wp-content\/uploads\/2024\/09\/cereg-logo-kerek.png\" \/>\n<meta name=\"twitter:card\" content=\"summary_large_image\" \/>\n<meta name=\"twitter:label1\" content=\"Gesch\u00e4tzte Lesezeit\" \/>\n\t<meta name=\"twitter:data1\" content=\"3\u00a0Minuten\" \/>\n<script type=\"application\/ld+json\" class=\"yoast-schema-graph\">{\"@context\":\"https:\/\/schema.org\",\"@graph\":[{\"@type\":\"WebPage\",\"@id\":\"https:\/\/tmg.hu\/tanusitas\/\",\"url\":\"https:\/\/tmg.hu\/tanusitas\/\",\"name\":\"Tan\u00fas\u00edt\u00e1s - Talajmeg\u00faj\u00edt\u00f3 Gazd\u00e1k Egyes\u00fclete\",\"isPartOf\":{\"@id\":\"https:\/\/tmg.hu\/#website\"},\"primaryImageOfPage\":{\"@id\":\"https:\/\/tmg.hu\/tanusitas\/#primaryimage\"},\"image\":{\"@id\":\"https:\/\/tmg.hu\/tanusitas\/#primaryimage\"},\"thumbnailUrl\":\"https:\/\/tmg.hu\/wp-content\/uploads\/2024\/09\/cereg-logo-kerek.png\",\"datePublished\":\"2024-09-28T01:50:27+00:00\",\"dateModified\":\"2025-04-10T14:08:27+00:00\",\"description\":\"Ismerd meg a Talajmeg\u00faj\u00edt\u00f3 Gazd\u00e1k Egyes\u00fclete \u00e1ltal kifejlesztett CEREG nemzetk\u00f6zi regenerat\u00edv tan\u00fas\u00edt\u00e1si rendszert.\",\"breadcrumb\":{\"@id\":\"https:\/\/tmg.hu\/tanusitas\/#breadcrumb\"},\"inLanguage\":\"de\",\"potentialAction\":[{\"@type\":\"ReadAction\",\"target\":[\"https:\/\/tmg.hu\/tanusitas\/\"]}]},{\"@type\":\"ImageObject\",\"inLanguage\":\"de\",\"@id\":\"https:\/\/tmg.hu\/tanusitas\/#primaryimage\",\"url\":\"https:\/\/tmg.hu\/wp-content\/uploads\/2024\/09\/cereg-logo-kerek.png\",\"contentUrl\":\"https:\/\/tmg.hu\/wp-content\/uploads\/2024\/09\/cereg-logo-kerek.png\"},{\"@type\":\"BreadcrumbList\",\"@id\":\"https:\/\/tmg.hu\/tanusitas\/#breadcrumb\",\"itemListElement\":[{\"@type\":\"ListItem\",\"position\":1,\"name\":\"Home\",\"item\":\"https:\/\/tmg.hu\/\"},{\"@type\":\"ListItem\",\"position\":2,\"name\":\"Tan\u00fas\u00edt\u00e1s\"}]},{\"@type\":\"WebSite\",\"@id\":\"https:\/\/tmg.hu\/#website\",\"url\":\"https:\/\/tmg.hu\/\",\"name\":\"TMG - Talajmeg\u00faj\u00edt\u00f3 Gazd\u00e1k Egyes\u00fclete\",\"description\":\"Talajmeg\u00faj\u00edt\u00f3 Gazd\u00e1k Egyes\u00fclete\",\"publisher\":{\"@id\":\"https:\/\/tmg.hu\/#organization\"},\"potentialAction\":[{\"@type\":\"SearchAction\",\"target\":{\"@type\":\"EntryPoint\",\"urlTemplate\":\"https:\/\/tmg.hu\/?s={search_term_string}\"},\"query-input\":{\"@type\":\"PropertyValueSpecification\",\"valueRequired\":true,\"valueName\":\"search_term_string\"}}],\"inLanguage\":\"de\"},{\"@type\":\"Organization\",\"@id\":\"https:\/\/tmg.hu\/#organization\",\"name\":\"Talajmeg\u00faj\u00edt\u00f3 Gazd\u00e1k Egyes\u00fclete\",\"url\":\"https:\/\/tmg.hu\/\",\"logo\":{\"@type\":\"ImageObject\",\"inLanguage\":\"de\",\"@id\":\"https:\/\/tmg.hu\/#\/schema\/logo\/image\/\",\"url\":\"https:\/\/tmg.hu\/wp-content\/uploads\/2024\/10\/tmg_og_logo.png\",\"contentUrl\":\"https:\/\/tmg.hu\/wp-content\/uploads\/2024\/10\/tmg_og_logo.png\",\"width\":1200,\"height\":630,\"caption\":\"Talajmeg\u00faj\u00edt\u00f3 Gazd\u00e1k Egyes\u00fclete\"},\"image\":{\"@id\":\"https:\/\/tmg.hu\/#\/schema\/logo\/image\/\"},\"sameAs\":[\"https:\/\/www.facebook.com\/tmg.egyesulet\/\",\"https:\/\/www.instagram.com\/tmg.hu\/\",\"https:\/\/www.youtube.com\/@tmg_egyesulet\"]}]}<\/script>\n<!-- \/ Yoast SEO plugin. -->","yoast_head_json":{"title":"Zertifizierung - Soil Renewal Farmers Association","description":"Erfahren Sie mehr \u00fcber das internationale regenerative Zertifizierungssystem CEREG, das von der Soil Renewal Farmers' Association entwickelt wurde.","robots":{"index":"index","follow":"follow","max-snippet":"max-snippet:-1","max-image-preview":"max-image-preview:large","max-video-preview":"max-video-preview:-1"},"canonical":"https:\/\/tmg.hu\/de\/bezeugt\/","og_locale":"de_DE","og_type":"article","og_title":"Tan\u00fas\u00edt\u00e1s - Talajmeg\u00faj\u00edt\u00f3 Gazd\u00e1k Egyes\u00fclete","og_description":"Ismerd meg a Talajmeg\u00faj\u00edt\u00f3 Gazd\u00e1k Egyes\u00fclete \u00e1ltal kifejlesztett CEREG nemzetk\u00f6zi regenerat\u00edv tan\u00fas\u00edt\u00e1si rendszert.","og_url":"https:\/\/tmg.hu\/de\/bezeugt\/","og_site_name":"Talajmeg\u00faj\u00edt\u00f3 Gazd\u00e1k Egyes\u00fclete","article_publisher":"https:\/\/www.facebook.com\/tmg.egyesulet\/","article_modified_time":"2025-04-10T14:08:27+00:00","og_image":[{"url":"https:\/\/tmg.hu\/wp-content\/uploads\/2024\/09\/cereg-logo-kerek.png","type":"","width":"","height":""}],"twitter_card":"summary_large_image","twitter_misc":{"Gesch\u00e4tzte Lesezeit":"3\u00a0Minuten"},"schema":{"@context":"https:\/\/schema.org","@graph":[{"@type":"WebPage","@id":"https:\/\/tmg.hu\/tanusitas\/","url":"https:\/\/tmg.hu\/tanusitas\/","name":"Zertifizierung - Soil Renewal Farmers Association","isPartOf":{"@id":"https:\/\/tmg.hu\/#website"},"primaryImageOfPage":{"@id":"https:\/\/tmg.hu\/tanusitas\/#primaryimage"},"image":{"@id":"https:\/\/tmg.hu\/tanusitas\/#primaryimage"},"thumbnailUrl":"https:\/\/tmg.hu\/wp-content\/uploads\/2024\/09\/cereg-logo-kerek.png","datePublished":"2024-09-28T01:50:27+00:00","dateModified":"2025-04-10T14:08:27+00:00","description":"Erfahren Sie mehr \u00fcber das internationale regenerative Zertifizierungssystem CEREG, das von der Soil Renewal Farmers' Association entwickelt wurde.","breadcrumb":{"@id":"https:\/\/tmg.hu\/tanusitas\/#breadcrumb"},"inLanguage":"de","potentialAction":[{"@type":"ReadAction","target":["https:\/\/tmg.hu\/tanusitas\/"]}]},{"@type":"ImageObject","inLanguage":"de","@id":"https:\/\/tmg.hu\/tanusitas\/#primaryimage","url":"https:\/\/tmg.hu\/wp-content\/uploads\/2024\/09\/cereg-logo-kerek.png","contentUrl":"https:\/\/tmg.hu\/wp-content\/uploads\/2024\/09\/cereg-logo-kerek.png"},{"@type":"BreadcrumbList","@id":"https:\/\/tmg.hu\/tanusitas\/#breadcrumb","itemListElement":[{"@type":"ListItem","position":1,"name":"Home","item":"https:\/\/tmg.hu\/"},{"@type":"ListItem","position":2,"name":"Tan\u00fas\u00edt\u00e1s"}]},{"@type":"WebSite","@id":"https:\/\/tmg.hu\/#website","url":"https:\/\/tmg.hu\/","name":"TMG - Verband der Bodenerneuerungslandwirte","description":"Verband der Landwirte f\u00fcr Bodensanierung","publisher":{"@id":"https:\/\/tmg.hu\/#organization"},"potentialAction":[{"@type":"SearchAction","target":{"@type":"EntryPoint","urlTemplate":"https:\/\/tmg.hu\/?s={search_term_string}"},"query-input":{"@type":"PropertyValueSpecification","valueRequired":true,"valueName":"search_term_string"}}],"inLanguage":"de"},{"@type":"Organization","@id":"https:\/\/tmg.hu\/#organization","name":"Verband der Landwirte f\u00fcr Bodensanierung","url":"https:\/\/tmg.hu\/","logo":{"@type":"ImageObject","inLanguage":"de","@id":"https:\/\/tmg.hu\/#\/schema\/logo\/image\/","url":"https:\/\/tmg.hu\/wp-content\/uploads\/2024\/10\/tmg_og_logo.png","contentUrl":"https:\/\/tmg.hu\/wp-content\/uploads\/2024\/10\/tmg_og_logo.png","width":1200,"height":630,"caption":"Talajmeg\u00faj\u00edt\u00f3 Gazd\u00e1k Egyes\u00fclete"},"image":{"@id":"https:\/\/tmg.hu\/#\/schema\/logo\/image\/"},"sameAs":["https:\/\/www.facebook.com\/tmg.egyesulet\/","https:\/\/www.instagram.com\/tmg.hu\/","https:\/\/www.youtube.com\/@tmg_egyesulet"]}]}},"_links":{"self":[{"href":"https:\/\/tmg.hu\/de\/wp-json\/wp\/v2\/pages\/7969","targetHints":{"allow":["GET"]}}],"collection":[{"href":"https:\/\/tmg.hu\/de\/wp-json\/wp\/v2\/pages"}],"about":[{"href":"https:\/\/tmg.hu\/de\/wp-json\/wp\/v2\/types\/page"}],"author":[{"embeddable":true,"href":"https:\/\/tmg.hu\/de\/wp-json\/wp\/v2\/users\/141"}],"replies":[{"embeddable":true,"href":"https:\/\/tmg.hu\/de\/wp-json\/wp\/v2\/comments?post=7969"}],"version-history":[{"count":46,"href":"https:\/\/tmg.hu\/de\/wp-json\/wp\/v2\/pages\/7969\/revisions"}],"predecessor-version":[{"id":9391,"href":"https:\/\/tmg.hu\/de\/wp-json\/wp\/v2\/pages\/7969\/revisions\/9391"}],"wp:attachment":[{"href":"https:\/\/tmg.hu\/de\/wp-json\/wp\/v2\/media?parent=7969"}],"curies":[{"name":"wp","href":"https:\/\/api.w.org\/{rel}","templated":true}]}}