{"id":6212,"date":"2024-05-23T23:25:53","date_gmt":"2024-05-23T21:25:53","guid":{"rendered":"https:\/\/tmg.hu\/?page_id=6212"},"modified":"2024-05-28T22:30:18","modified_gmt":"2024-05-28T20:30:18","slug":"erfolgreiches-gazdaforum-rendezveny-registracio-2024-06-06","status":"publish","type":"page","link":"https:\/\/tmg.hu\/de\/erfolgreiches-gazdaforum-rendezveny-registracio-2024-06-06\/","title":{"rendered":"Erfolgreiche Anmeldung zur Veranstaltung des Farmers Forum!"},"content":{"rendered":"<div data-elementor-type=\"wp-page\" data-elementor-id=\"6212\" class=\"elementor elementor-6212\" data-elementor-post-type=\"page\">\n\t\t\t\t\t\t<section class=\"elementor-section elementor-top-section elementor-element elementor-element-e81bf86 elementor-section-stretched elementor-section-boxed elementor-section-height-default elementor-section-height-default\" data-id=\"e81bf86\" data-element_type=\"section\" data-settings=\"{&quot;stretch_section&quot;:&quot;section-stretched&quot;,&quot;background_background&quot;:&quot;classic&quot;}\">\n\t\t\t\t\t\t\t<div class=\"elementor-background-overlay\"><\/div>\n\t\t\t\t\t\t\t<div class=\"elementor-container elementor-column-gap-default\">\n\t\t\t\t\t<div class=\"elementor-column elementor-col-100 elementor-top-column elementor-element elementor-element-db4e9ca\" data-id=\"db4e9ca\" data-element_type=\"column\">\n\t\t\t<div class=\"elementor-widget-wrap elementor-element-populated\">\n\t\t\t\t\t\t<div class=\"elementor-element elementor-element-3bdbd61 elementor-widget elementor-widget-heading\" data-id=\"3bdbd61\" data-element_type=\"widget\" data-widget_type=\"heading.default\">\n\t\t\t\t<div class=\"elementor-widget-container\">\n\t\t\t\t\t<h2 class=\"elementor-heading-title elementor-size-default\">Sie haben sich erfolgreich im Bauernforum registriert!<\/h2>\t\t\t\t<\/div>\n\t\t\t\t<\/div>\n\t\t\t\t<div class=\"elementor-element elementor-element-31cecb77 elementor-widget elementor-widget-text-editor\" data-id=\"31cecb77\" data-element_type=\"widget\" data-widget_type=\"text-editor.default\">\n\t\t\t\t<div class=\"elementor-widget-container\">\n\t\t\t\t\t\t\t\t\t<p><strong>Wir freuen uns darauf, Sie bei der Veranstaltung begr\u00fc\u00dfen zu d\u00fcrfen, bei der wir wertvolle Erfahrungen und Kenntnisse \u00fcber Direktsaat und regenerative Anbaumethoden weitergeben werden. Am Beispiel des Landwirts Csaba Keszegh werden Sie einen Einblick in die erfolgreiche Umstellung eines Kleinbetriebs in den Highlands und die Vorteile der Direktsaat erhalten.<\/strong><\/p><p>Wenn Sie Fragen haben, k\u00f6nnen Sie sich an uns wenden unter <em><a href=\"mailto:rendezveny@tmg.hu\">rendezveny@tmg.hu<\/a><\/em> am.<br \/>In der Zwischenzeit k\u00f6nnen Sie unseren Webshop besuchen: <em><a href=\"https:\/\/tmg.hu\/de\/webshop\/\">https:\/\/tmg.hu\/webshop\/<\/a><\/em><\/p><p>Mit freundlichen Gr\u00fc\u00dfen, TMG Association<\/p>\t\t\t\t\t\t\t\t<\/div>\n\t\t\t\t<\/div>\n\t\t\t\t\t<\/div>\n\t\t<\/div>\n\t\t\t\t\t<\/div>\n\t\t<\/section>\n\t\t\t\t<\/div>","protected":false},"excerpt":{"rendered":"<p>Sikeresen regisztr\u00e1lt\u00e1l a gazdaf\u00f3rumra! \u00d6r\u00f6mmel v\u00e1runk az esem\u00e9nyen, ahol \u00e9rt\u00e9kes tapasztalatokat \u00e9s tud\u00e1st osztunk meg egym\u00e1ssal a no-till m\u0171vel\u00e9sr\u0151l \u00e9s a regenerat\u00edv gazd\u00e1lkod\u00e1si gyakorlatokr\u00f3l. Keszegh Csaba gazdat\u00e1rsunk p\u00e9ld\u00e1j\u00e1n kereszt\u00fcl betekint\u00e9st nyerhetsz egy felvid\u00e9ki kisgazdas\u00e1g sikeres \u00e1t\u00e1ll\u00e1s\u00e1ba \u00e9s a no-till m\u00f3dszer el\u0151nyeibe. K\u00e9rd\u00e9seiddel b\u00e1tran fordulj hozz\u00e1nk a rendezveny@tmg.hu c\u00edmen.Addig is n\u00e9zz k\u00f6r\u00fcl webshopunkban: https:\/\/tmg.hu\/webshop\/ \u00dcdv\u00f6zlettel, TMG [&hellip;]<\/p>","protected":false},"author":141,"featured_media":0,"parent":0,"menu_order":0,"comment_status":"closed","ping_status":"closed","template":"","meta":{"footnotes":""},"class_list":["post-6212","page","type-page","status-publish","hentry"],"yoast_head":"<!-- This site is optimized with the Yoast SEO plugin v26.6 - https:\/\/yoast.com\/wordpress\/plugins\/seo\/ -->\n<title>Sikeres Gazdaf\u00f3rum rendezv\u00e9ny regisztr\u00e1ci\u00f3! - Talajmeg\u00faj\u00edt\u00f3 Gazd\u00e1k Egyes\u00fclete<\/title>\n<meta name=\"robots\" content=\"index, follow, max-snippet:-1, max-image-preview:large, max-video-preview:-1\" \/>\n<link rel=\"canonical\" href=\"https:\/\/tmg.hu\/de\/erfolgreiches-gazdaforum-rendezveny-registracio-2024-06-06\/\" \/>\n<meta property=\"og:locale\" content=\"de_DE\" \/>\n<meta property=\"og:type\" content=\"article\" \/>\n<meta property=\"og:title\" content=\"Sikeres Gazdaf\u00f3rum rendezv\u00e9ny regisztr\u00e1ci\u00f3! - Talajmeg\u00faj\u00edt\u00f3 Gazd\u00e1k Egyes\u00fclete\" \/>\n<meta property=\"og:description\" content=\"Sikeresen regisztr\u00e1lt\u00e1l a gazdaf\u00f3rumra! \u00d6r\u00f6mmel v\u00e1runk az esem\u00e9nyen, ahol \u00e9rt\u00e9kes tapasztalatokat \u00e9s tud\u00e1st osztunk meg egym\u00e1ssal a no-till m\u0171vel\u00e9sr\u0151l \u00e9s a regenerat\u00edv gazd\u00e1lkod\u00e1si gyakorlatokr\u00f3l. Keszegh Csaba gazdat\u00e1rsunk p\u00e9ld\u00e1j\u00e1n kereszt\u00fcl betekint\u00e9st nyerhetsz egy felvid\u00e9ki kisgazdas\u00e1g sikeres \u00e1t\u00e1ll\u00e1s\u00e1ba \u00e9s a no-till m\u00f3dszer el\u0151nyeibe. K\u00e9rd\u00e9seiddel b\u00e1tran fordulj hozz\u00e1nk a rendezveny@tmg.hu c\u00edmen.Addig is n\u00e9zz k\u00f6r\u00fcl webshopunkban: https:\/\/tmg.hu\/webshop\/ \u00dcdv\u00f6zlettel, TMG [&hellip;]\" \/>\n<meta property=\"og:url\" content=\"https:\/\/tmg.hu\/de\/erfolgreiches-gazdaforum-rendezveny-registracio-2024-06-06\/\" \/>\n<meta property=\"og:site_name\" content=\"Talajmeg\u00faj\u00edt\u00f3 Gazd\u00e1k Egyes\u00fclete\" \/>\n<meta property=\"article:publisher\" content=\"https:\/\/www.facebook.com\/tmg.egyesulet\/\" \/>\n<meta property=\"article:modified_time\" content=\"2024-05-28T20:30:18+00:00\" \/>\n<meta property=\"og:image\" content=\"https:\/\/tmg.hu\/wp-content\/uploads\/2024\/10\/tmg_og_logo.png\" \/>\n\t<meta property=\"og:image:width\" content=\"1200\" \/>\n\t<meta property=\"og:image:height\" content=\"630\" \/>\n\t<meta property=\"og:image:type\" content=\"image\/png\" \/>\n<meta name=\"twitter:card\" content=\"summary_large_image\" \/>\n<meta name=\"twitter:label1\" content=\"Gesch\u00e4tzte Lesezeit\" \/>\n\t<meta name=\"twitter:data1\" content=\"1\u00a0Minute\" \/>\n<script type=\"application\/ld+json\" class=\"yoast-schema-graph\">{\"@context\":\"https:\/\/schema.org\",\"@graph\":[{\"@type\":\"WebPage\",\"@id\":\"https:\/\/tmg.hu\/sikeres-gazdaforum-rendezveny-regisztracio-2024-06-06\/\",\"url\":\"https:\/\/tmg.hu\/sikeres-gazdaforum-rendezveny-regisztracio-2024-06-06\/\",\"name\":\"Sikeres Gazdaf\u00f3rum rendezv\u00e9ny regisztr\u00e1ci\u00f3! - Talajmeg\u00faj\u00edt\u00f3 Gazd\u00e1k Egyes\u00fclete\",\"isPartOf\":{\"@id\":\"https:\/\/tmg.hu\/#website\"},\"datePublished\":\"2024-05-23T21:25:53+00:00\",\"dateModified\":\"2024-05-28T20:30:18+00:00\",\"breadcrumb\":{\"@id\":\"https:\/\/tmg.hu\/sikeres-gazdaforum-rendezveny-regisztracio-2024-06-06\/#breadcrumb\"},\"inLanguage\":\"de\",\"potentialAction\":[{\"@type\":\"ReadAction\",\"target\":[\"https:\/\/tmg.hu\/sikeres-gazdaforum-rendezveny-regisztracio-2024-06-06\/\"]}]},{\"@type\":\"BreadcrumbList\",\"@id\":\"https:\/\/tmg.hu\/sikeres-gazdaforum-rendezveny-regisztracio-2024-06-06\/#breadcrumb\",\"itemListElement\":[{\"@type\":\"ListItem\",\"position\":1,\"name\":\"Home\",\"item\":\"https:\/\/tmg.hu\/\"},{\"@type\":\"ListItem\",\"position\":2,\"name\":\"Sikeres Gazdaf\u00f3rum rendezv\u00e9ny regisztr\u00e1ci\u00f3!\"}]},{\"@type\":\"WebSite\",\"@id\":\"https:\/\/tmg.hu\/#website\",\"url\":\"https:\/\/tmg.hu\/\",\"name\":\"TMG - Talajmeg\u00faj\u00edt\u00f3 Gazd\u00e1k Egyes\u00fclete\",\"description\":\"Talajmeg\u00faj\u00edt\u00f3 Gazd\u00e1k Egyes\u00fclete\",\"publisher\":{\"@id\":\"https:\/\/tmg.hu\/#organization\"},\"potentialAction\":[{\"@type\":\"SearchAction\",\"target\":{\"@type\":\"EntryPoint\",\"urlTemplate\":\"https:\/\/tmg.hu\/?s={search_term_string}\"},\"query-input\":{\"@type\":\"PropertyValueSpecification\",\"valueRequired\":true,\"valueName\":\"search_term_string\"}}],\"inLanguage\":\"de\"},{\"@type\":\"Organization\",\"@id\":\"https:\/\/tmg.hu\/#organization\",\"name\":\"Talajmeg\u00faj\u00edt\u00f3 Gazd\u00e1k Egyes\u00fclete\",\"url\":\"https:\/\/tmg.hu\/\",\"logo\":{\"@type\":\"ImageObject\",\"inLanguage\":\"de\",\"@id\":\"https:\/\/tmg.hu\/#\/schema\/logo\/image\/\",\"url\":\"https:\/\/tmg.hu\/wp-content\/uploads\/2024\/10\/tmg_og_logo.png\",\"contentUrl\":\"https:\/\/tmg.hu\/wp-content\/uploads\/2024\/10\/tmg_og_logo.png\",\"width\":1200,\"height\":630,\"caption\":\"Talajmeg\u00faj\u00edt\u00f3 Gazd\u00e1k Egyes\u00fclete\"},\"image\":{\"@id\":\"https:\/\/tmg.hu\/#\/schema\/logo\/image\/\"},\"sameAs\":[\"https:\/\/www.facebook.com\/tmg.egyesulet\/\",\"https:\/\/www.instagram.com\/tmg.hu\/\",\"https:\/\/www.youtube.com\/@tmg_egyesulet\"]}]}<\/script>\n<!-- \/ Yoast SEO plugin. -->","yoast_head_json":{"title":"Erfolgreiche Anmeldung zur Veranstaltung des Farmers Forum - Soil Renewal Farmers Association","robots":{"index":"index","follow":"follow","max-snippet":"max-snippet:-1","max-image-preview":"max-image-preview:large","max-video-preview":"max-video-preview:-1"},"canonical":"https:\/\/tmg.hu\/de\/erfolgreiches-gazdaforum-rendezveny-registracio-2024-06-06\/","og_locale":"de_DE","og_type":"article","og_title":"Sikeres Gazdaf\u00f3rum rendezv\u00e9ny regisztr\u00e1ci\u00f3! - Talajmeg\u00faj\u00edt\u00f3 Gazd\u00e1k Egyes\u00fclete","og_description":"Sikeresen regisztr\u00e1lt\u00e1l a gazdaf\u00f3rumra! \u00d6r\u00f6mmel v\u00e1runk az esem\u00e9nyen, ahol \u00e9rt\u00e9kes tapasztalatokat \u00e9s tud\u00e1st osztunk meg egym\u00e1ssal a no-till m\u0171vel\u00e9sr\u0151l \u00e9s a regenerat\u00edv gazd\u00e1lkod\u00e1si gyakorlatokr\u00f3l. Keszegh Csaba gazdat\u00e1rsunk p\u00e9ld\u00e1j\u00e1n kereszt\u00fcl betekint\u00e9st nyerhetsz egy felvid\u00e9ki kisgazdas\u00e1g sikeres \u00e1t\u00e1ll\u00e1s\u00e1ba \u00e9s a no-till m\u00f3dszer el\u0151nyeibe. K\u00e9rd\u00e9seiddel b\u00e1tran fordulj hozz\u00e1nk a rendezveny@tmg.hu c\u00edmen.Addig is n\u00e9zz k\u00f6r\u00fcl webshopunkban: https:\/\/tmg.hu\/webshop\/ \u00dcdv\u00f6zlettel, TMG [&hellip;]","og_url":"https:\/\/tmg.hu\/de\/erfolgreiches-gazdaforum-rendezveny-registracio-2024-06-06\/","og_site_name":"Talajmeg\u00faj\u00edt\u00f3 Gazd\u00e1k Egyes\u00fclete","article_publisher":"https:\/\/www.facebook.com\/tmg.egyesulet\/","article_modified_time":"2024-05-28T20:30:18+00:00","og_image":[{"width":1200,"height":630,"url":"https:\/\/tmg.hu\/wp-content\/uploads\/2024\/10\/tmg_og_logo.png","type":"image\/png"}],"twitter_card":"summary_large_image","twitter_misc":{"Gesch\u00e4tzte Lesezeit":"1\u00a0Minute"},"schema":{"@context":"https:\/\/schema.org","@graph":[{"@type":"WebPage","@id":"https:\/\/tmg.hu\/sikeres-gazdaforum-rendezveny-regisztracio-2024-06-06\/","url":"https:\/\/tmg.hu\/sikeres-gazdaforum-rendezveny-regisztracio-2024-06-06\/","name":"Erfolgreiche Anmeldung zur Veranstaltung des Farmers Forum - Soil Renewal Farmers Association","isPartOf":{"@id":"https:\/\/tmg.hu\/#website"},"datePublished":"2024-05-23T21:25:53+00:00","dateModified":"2024-05-28T20:30:18+00:00","breadcrumb":{"@id":"https:\/\/tmg.hu\/sikeres-gazdaforum-rendezveny-regisztracio-2024-06-06\/#breadcrumb"},"inLanguage":"de","potentialAction":[{"@type":"ReadAction","target":["https:\/\/tmg.hu\/sikeres-gazdaforum-rendezveny-regisztracio-2024-06-06\/"]}]},{"@type":"BreadcrumbList","@id":"https:\/\/tmg.hu\/sikeres-gazdaforum-rendezveny-regisztracio-2024-06-06\/#breadcrumb","itemListElement":[{"@type":"ListItem","position":1,"name":"Home","item":"https:\/\/tmg.hu\/"},{"@type":"ListItem","position":2,"name":"Sikeres Gazdaf\u00f3rum rendezv\u00e9ny regisztr\u00e1ci\u00f3!"}]},{"@type":"WebSite","@id":"https:\/\/tmg.hu\/#website","url":"https:\/\/tmg.hu\/","name":"TMG - Verband der Bodenerneuerungslandwirte","description":"Verband der Landwirte f\u00fcr Bodensanierung","publisher":{"@id":"https:\/\/tmg.hu\/#organization"},"potentialAction":[{"@type":"SearchAction","target":{"@type":"EntryPoint","urlTemplate":"https:\/\/tmg.hu\/?s={search_term_string}"},"query-input":{"@type":"PropertyValueSpecification","valueRequired":true,"valueName":"search_term_string"}}],"inLanguage":"de"},{"@type":"Organization","@id":"https:\/\/tmg.hu\/#organization","name":"Verband der Landwirte f\u00fcr Bodensanierung","url":"https:\/\/tmg.hu\/","logo":{"@type":"ImageObject","inLanguage":"de","@id":"https:\/\/tmg.hu\/#\/schema\/logo\/image\/","url":"https:\/\/tmg.hu\/wp-content\/uploads\/2024\/10\/tmg_og_logo.png","contentUrl":"https:\/\/tmg.hu\/wp-content\/uploads\/2024\/10\/tmg_og_logo.png","width":1200,"height":630,"caption":"Talajmeg\u00faj\u00edt\u00f3 Gazd\u00e1k Egyes\u00fclete"},"image":{"@id":"https:\/\/tmg.hu\/#\/schema\/logo\/image\/"},"sameAs":["https:\/\/www.facebook.com\/tmg.egyesulet\/","https:\/\/www.instagram.com\/tmg.hu\/","https:\/\/www.youtube.com\/@tmg_egyesulet"]}]}},"_links":{"self":[{"href":"https:\/\/tmg.hu\/de\/wp-json\/wp\/v2\/pages\/6212","targetHints":{"allow":["GET"]}}],"collection":[{"href":"https:\/\/tmg.hu\/de\/wp-json\/wp\/v2\/pages"}],"about":[{"href":"https:\/\/tmg.hu\/de\/wp-json\/wp\/v2\/types\/page"}],"author":[{"embeddable":true,"href":"https:\/\/tmg.hu\/de\/wp-json\/wp\/v2\/users\/141"}],"replies":[{"embeddable":true,"href":"https:\/\/tmg.hu\/de\/wp-json\/wp\/v2\/comments?post=6212"}],"version-history":[{"count":27,"href":"https:\/\/tmg.hu\/de\/wp-json\/wp\/v2\/pages\/6212\/revisions"}],"predecessor-version":[{"id":6274,"href":"https:\/\/tmg.hu\/de\/wp-json\/wp\/v2\/pages\/6212\/revisions\/6274"}],"wp:attachment":[{"href":"https:\/\/tmg.hu\/de\/wp-json\/wp\/v2\/media?parent=6212"}],"curies":[{"name":"wp","href":"https:\/\/api.w.org\/{rel}","templated":true}]}}